{"id":67198,"date":"2018-02-08T15:19:22","date_gmt":"2018-02-08T18:19:22","guid":{"rendered":"http:\/\/ww3.ceara.gov.br\/?page_id=67198"},"modified":"2026-05-14T08:52:37","modified_gmt":"2026-05-14T11:52:37","slug":"perguntas-frequentes","status":"publish","type":"page","link":"https:\/\/ww16.ce.gov.br\/pefoce\/acesso-a-informacao\/perguntas-frequentes\/","title":{"rendered":"Perguntas Frequentes"},"content":{"rendered":"<h3 class=\"destacado\">Emiss\u00e3o da identidade Civil (RG)<\/h3>\n<p><span style=\"color: #000000;\"><span style=\"font-family: OpenSans-Semibold, Helvetica, Arial, sans-serif;\"><strong>Endere\u00e7os para atendimento:<\/strong><\/span><\/span><\/p>\n<p><span style=\"font-family: inherit;\"><span style=\"color: #000000;\">Coordenadoria de Identifica\u00e7\u00e3o Humana e Per\u00edcias Biom\u00e9tricas (CIHPB)<\/span><\/span><\/p>\n<p><span style=\"font-family: inherit;\"><span style=\"color: #000000;\">Rua Dem\u00e9trio de Menezes, 3750, Ant\u00f4nio Bezerra (ao lado do Terminal de \u00d4nibus do Ant\u00f4nio Bezerra)<\/span><\/span><\/p>\n<p><span style=\"font-family: inherit;\"><span style=\"color: #000000;\">Cep 60356-550 \/ Fortaleza-CE<\/span><\/span><\/p>\n<p><span style=\"color: #000000;\">\u00a0<\/span><span style=\"color: #000000;\"><span style=\"font-family: OpenSans-Semibold, Helvetica, Arial, sans-serif;\"><strong>Telefones:<\/strong><\/span><\/span><\/p>\n<p><span style=\"color: #000000;\"><span style=\"font-family: OpenSans-Light, Helvetica, Arial, sans-serif;\">(85) 3101.2244 \/ 3101.2246<\/span><\/span><\/p>\n<p><span style=\"color: #000000;\">\u00a0<\/span><span style=\"color: #000000;\"><span style=\"font-family: OpenSans-Semibold, Helvetica, Arial, sans-serif;\"><strong>Hor\u00e1rio para atendimento:<\/strong><\/span><\/span><\/p>\n<p><span style=\"color: #000000;\"><span style=\"font-family: OpenSans-Semibold, Helvetica, Arial, sans-serif;\">Segunda a Sexta:<\/span><\/span><\/p>\n<p><span style=\"font-family: inherit;\"><span style=\"color: #000000;\">08h00 as 17h00 para Atendimento e Entrega de Carteira<\/span><\/span><\/p>\n<p><span style=\"font-family: inherit;\"><span style=\"color: #000000;\">08h00 as 17h00 para distribui\u00e7\u00e3o de senha;<\/span><\/span><\/p>\n<p><span style=\"color: #000000;\">\u00a0<\/span><\/p>\n<p><span style=\"color: #000000;\"><span style=\"font-family: inherit;\"><strong>Outros endere\u00e7os de emiss\u00e3o da carteira de identidade:<\/strong><\/span><\/span><\/p>\n<p align=\"justify\"><span style=\"font-family: inherit;\"><span style=\"color: #000000;\">Vapt Vupt Messejana:<\/span><\/span><\/p>\n<p align=\"justify\"><span style=\"color: #000000;\"><span style=\"font-family: OpenSans-Light, Helvetica, Arial, sans-serif;\">Avenida Jornalista Tomaz Coelho, 408.<\/span><\/span><\/p>\n<p align=\"justify\"><span style=\"color: #000000;\"><span style=\"font-family: OpenSans-Light, Helvetica, Arial, sans-serif;\">Telefone: (85) 3218.5200<\/span><\/span><\/p>\n<p align=\"justify\"><span style=\"font-family: OpenSans-Light, Helvetica, Arial, sans-serif;\"><span style=\"font-family: inherit;\"><span style=\"color: #000000;\">Casa do Cidad\u00e3o<\/span><\/span><\/span><span style=\"font-family: OpenSans-Light, Helvetica, Arial, sans-serif;\"><span style=\"font-family: inherit;\">\u00a0\u2013 Shopping Benfica:<\/span><\/span><\/p>\n<p align=\"justify\"><span style=\"color: #000000;\"><span style=\"font-family: OpenSans-Light, Helvetica, Arial, sans-serif;\">Avenida Carapinima, 2200.<\/span><\/span><\/p>\n<p align=\"justify\"><span style=\"color: #000000;\"><span style=\"font-family: OpenSans-Light, Helvetica, Arial, sans-serif;\">Telefone: (85) 3101.2248<\/span><\/span><\/p>\n<p align=\"justify\"><span style=\"font-family: OpenSans-Light, Helvetica, Arial, sans-serif;\"><span style=\"font-family: inherit;\"><span style=\"color: #000000;\">Posto de Identifica\u00e7\u00e3o Conjunto S\u00e3o Francisco<\/span><\/span><\/span><span style=\"font-family: OpenSans-Light, Helvetica, Arial, sans-serif;\"><span style=\"font-family: inherit;\">:<\/span><\/span><\/p>\n<p align=\"justify\"><span style=\"color: #000000;\"><span style=\"font-family: OpenSans-Light, Helvetica, Arial, sans-serif;\">Rua Ilha do Bote, 377.<\/span><\/span><\/p>\n<p align=\"justify\"><span style=\"color: #000000;\"><span style=\"font-family: OpenSans-Light, Helvetica, Arial, sans-serif;\">Telefone: (85) 3101.2729<\/span><\/span><\/p>\n<p align=\"justify\"><span style=\"font-family: OpenSans-Light, Helvetica, Arial, sans-serif;\"><span style=\"font-family: inherit;\"><span style=\"color: #000000;\">Posto de Identifica\u00e7\u00e3o Assembleia Legislativa<\/span><\/span><\/span><span style=\"font-family: OpenSans-Light, Helvetica, Arial, sans-serif;\"><span style=\"font-family: inherit;\">:<\/span><\/span><\/p>\n<p align=\"justify\"><span style=\"color: #000000;\"><span style=\"font-family: OpenSans-Light, Helvetica, Arial, sans-serif;\">Avenida Pontes Vieira, 2119, esquina com Rua Barbosa de Freitas.<\/span><\/span><\/p>\n<p align=\"justify\"><span style=\"color: #000000;\"><span style=\"font-family: OpenSans-Light, Helvetica, Arial, sans-serif;\">Telefone: (85) 3277.2782 ou (85) 3277.2786<\/span><\/span><\/p>\n<h3 class=\"destacado\">Solicita\u00e7\u00e3o da 2\u00aa via do RG<\/h3>\n<p><span style=\"color: #000000;\"><span style=\"font-family: OpenSans-Light, Helvetica, Arial, sans-serif;\">A Per\u00edcia Forense comunica que, desde de 01 de janeiro de 2016, atendendo a lei n\u00ba 15.838 de 27 de julho, a segunda via da identidade\u00a0civil passou a ser cobrada.<\/span><\/span><\/p>\n<p><span style=\"color: #000000;\"><span style=\"font-family: OpenSans-Light, Helvetica, Arial, sans-serif;\">O valor da segunda via \u00e9 de 12 ufirce, que para o ano de 2017 est\u00e1 fixada em r$ 3,94424, perfazendo o valor de R$ 47,33 para solicita\u00e7\u00e3o.<\/span><\/span><\/p>\n<p><span style=\"color: #000000;\"><span style=\"font-family: OpenSans-Semibold, Helvetica, Arial, sans-serif;\"><strong>Documenta\u00e7\u00e3o necess\u00e1ria<\/strong><\/span><\/span><\/p>\n<p><span style=\"color: #000000;\"><span style=\"font-family: OpenSans-Light, Helvetica, Arial, sans-serif;\">Original leg\u00edvel e C\u00f3pia da Certid\u00e3o de Nascimento ou Casamento, se caso for casado;<\/span><\/span><\/p>\n<h3 class=\"destacado\">Valor cobrado para emiss\u00e3o da 2\u00aa via do RG<\/h3>\n<p style=\"text-align: justify;\"><span style=\"color: #000000;\"><span style=\"font-family: OpenSans-Regular, Helvetica, Arial, sans-serif;\"><span style=\"font-size: small;\">O valor cobrado \u00e9 de<strong> R$ 47,33<\/strong> para a solicita\u00e7\u00e3o. Conforme estabelecido em Lei, tem gratuidade na emiss\u00e3o da 2\u00aa via do \u00a0RG os reconhecidamente pobres, desde que inseridos no cadastro \u00fanico do Fundo Nacional da Secretaria Estadual do Trabalho e Desenvolvimento Social (STDS); os cidad\u00e3os v\u00edtimas de roubo comprovado com Boletim de Ocorr\u00eancia (BO) policial; e segurados pelo benef\u00edcio seguro desemprego, com base na Lei\u00a0<span style=\"font-family: Arial, sans-serif;\"><span style=\"font-size: medium;\"><span style=\"color: #000000;\">15.838 de 27 de julho de 2015<\/span><\/span><\/span><\/span><\/span><\/span><\/p>\n","protected":false},"excerpt":{"rendered":"<p>Emiss\u00e3o da identidade Civil (RG) Endere\u00e7os para atendimento: Coordenadoria de Identifica\u00e7\u00e3o Humana e Per\u00edcias Biom\u00e9tricas (CIHPB) Rua Dem\u00e9trio de Menezes, 3750, Ant\u00f4nio Bezerra (ao lado do Terminal de \u00d4nibus do Ant\u00f4nio Bezerra) Cep 60356-550 \/ Fortaleza-CE \u00a0Telefones: (85) 3101.2244 \/ 3101.2246 \u00a0Hor\u00e1rio para atendimento: Segunda a Sexta: 08h00 as 17h00 para Atendimento e Entrega de [&hellip;]<\/p>\n","protected":false},"author":12,"featured_media":0,"parent":67183,"menu_order":1,"comment_status":"closed","ping_status":"closed","template":"page-perguntas-frequentes.php","meta":{"_acf_changed":false,"inline_featured_image":false,"footnotes":""},"class_list":["post-67198","page","type-page","status-publish","hentry"],"acf":[],"yoast_head":"<!-- This site is optimized with the Yoast SEO plugin v26.9 - https:\/\/yoast.com\/product\/yoast-seo-wordpress\/ -->\n<title>Perguntas Frequentes - PEFOCE<\/title>\n<meta name=\"robots\" content=\"index, follow, max-snippet:-1, max-image-preview:large, max-video-preview:-1\" \/>\n<link rel=\"canonical\" href=\"https:\/\/ww16.ce.gov.br\/pefoce\/acesso-a-informacao\/perguntas-frequentes\/\" \/>\n<meta property=\"og:locale\" content=\"pt_BR\" \/>\n<meta property=\"og:type\" content=\"article\" \/>\n<meta property=\"og:title\" content=\"Perguntas Frequentes - PEFOCE\" \/>\n<meta property=\"og:description\" content=\"Emiss\u00e3o da identidade Civil (RG) Endere\u00e7os para atendimento: Coordenadoria de Identifica\u00e7\u00e3o Humana e Per\u00edcias Biom\u00e9tricas (CIHPB) Rua Dem\u00e9trio de Menezes, 3750, Ant\u00f4nio Bezerra (ao lado do Terminal de \u00d4nibus do Ant\u00f4nio Bezerra) Cep 60356-550 \/ Fortaleza-CE \u00a0Telefones: (85) 3101.2244 \/ 3101.2246 \u00a0Hor\u00e1rio para atendimento: Segunda a Sexta: 08h00 as 17h00 para Atendimento e Entrega de [&hellip;]\" \/>\n<meta property=\"og:url\" content=\"https:\/\/ww16.ce.gov.br\/pefoce\/acesso-a-informacao\/perguntas-frequentes\/\" \/>\n<meta property=\"og:site_name\" content=\"PEFOCE\" \/>\n<meta property=\"article:modified_time\" content=\"2026-05-14T11:52:37+00:00\" \/>\n<meta name=\"twitter:card\" content=\"summary_large_image\" \/>\n<meta name=\"twitter:label1\" content=\"Est. reading time\" \/>\n\t<meta name=\"twitter:data1\" content=\"2 minutos\" \/>\n<script type=\"application\/ld+json\" class=\"yoast-schema-graph\">{\"@context\":\"https:\/\/schema.org\",\"@graph\":[{\"@type\":\"WebPage\",\"@id\":\"https:\/\/ww16.ce.gov.br\/pefoce\/acesso-a-informacao\/perguntas-frequentes\/\",\"url\":\"https:\/\/ww16.ce.gov.br\/pefoce\/acesso-a-informacao\/perguntas-frequentes\/\",\"name\":\"Perguntas Frequentes - PEFOCE\",\"isPartOf\":{\"@id\":\"https:\/\/ww16.ce.gov.br\/pefoce\/#website\"},\"datePublished\":\"2018-02-08T18:19:22+00:00\",\"dateModified\":\"2026-05-14T11:52:37+00:00\",\"breadcrumb\":{\"@id\":\"https:\/\/ww16.ce.gov.br\/pefoce\/acesso-a-informacao\/perguntas-frequentes\/#breadcrumb\"},\"inLanguage\":\"pt-BR\",\"potentialAction\":[{\"@type\":\"ReadAction\",\"target\":[\"https:\/\/ww16.ce.gov.br\/pefoce\/acesso-a-informacao\/perguntas-frequentes\/\"]}]},{\"@type\":\"BreadcrumbList\",\"@id\":\"https:\/\/ww16.ce.gov.br\/pefoce\/acesso-a-informacao\/perguntas-frequentes\/#breadcrumb\",\"itemListElement\":[{\"@type\":\"ListItem\",\"position\":1,\"name\":\"In\u00edcio\",\"item\":\"https:\/\/ww16.ce.gov.br\/pefoce\/\"},{\"@type\":\"ListItem\",\"position\":2,\"name\":\"Acesso \u00e0 Informa\u00e7\u00e3o\",\"item\":\"https:\/\/ww16.ce.gov.br\/pefoce\/acesso-a-informacao\/\"},{\"@type\":\"ListItem\",\"position\":3,\"name\":\"Perguntas Frequentes\"}]},{\"@type\":\"WebSite\",\"@id\":\"https:\/\/ww16.ce.gov.br\/pefoce\/#website\",\"url\":\"https:\/\/ww16.ce.gov.br\/pefoce\/\",\"name\":\"Per\u00edcia Forense\",\"description\":\"Portal PEFOCE\",\"publisher\":{\"@id\":\"https:\/\/ww16.ce.gov.br\/pefoce\/#organization\"},\"potentialAction\":[{\"@type\":\"SearchAction\",\"target\":{\"@type\":\"EntryPoint\",\"urlTemplate\":\"https:\/\/ww16.ce.gov.br\/pefoce\/?s={search_term_string}\"},\"query-input\":{\"@type\":\"PropertyValueSpecification\",\"valueRequired\":true,\"valueName\":\"search_term_string\"}}],\"inLanguage\":\"pt-BR\"},{\"@type\":\"Organization\",\"@id\":\"https:\/\/ww16.ce.gov.br\/pefoce\/#organization\",\"name\":\"Per\u00edcia Forense\",\"url\":\"https:\/\/ww16.ce.gov.br\/pefoce\/\",\"logo\":{\"@type\":\"ImageObject\",\"inLanguage\":\"pt-BR\",\"@id\":\"https:\/\/ww16.ce.gov.br\/pefoce\/#\/schema\/logo\/image\/\",\"url\":\"http:\/\/ww16.ce.gov.br\/pefoce\/wp-content\/uploads\/sites\/28\/2018\/04\/pefoce-clara.png\",\"contentUrl\":\"http:\/\/ww16.ce.gov.br\/pefoce\/wp-content\/uploads\/sites\/28\/2018\/04\/pefoce-clara.png\",\"width\":559,\"height\":106,\"caption\":\"Per\u00edcia Forense\"},\"image\":{\"@id\":\"https:\/\/ww16.ce.gov.br\/pefoce\/#\/schema\/logo\/image\/\"}}]}<\/script>\n<!-- \/ Yoast SEO plugin. -->","yoast_head_json":{"title":"Perguntas Frequentes - PEFOCE","robots":{"index":"index","follow":"follow","max-snippet":"max-snippet:-1","max-image-preview":"max-image-preview:large","max-video-preview":"max-video-preview:-1"},"canonical":"https:\/\/ww16.ce.gov.br\/pefoce\/acesso-a-informacao\/perguntas-frequentes\/","og_locale":"pt_BR","og_type":"article","og_title":"Perguntas Frequentes - PEFOCE","og_description":"Emiss\u00e3o da identidade Civil (RG) Endere\u00e7os para atendimento: Coordenadoria de Identifica\u00e7\u00e3o Humana e Per\u00edcias Biom\u00e9tricas (CIHPB) Rua Dem\u00e9trio de Menezes, 3750, Ant\u00f4nio Bezerra (ao lado do Terminal de \u00d4nibus do Ant\u00f4nio Bezerra) Cep 60356-550 \/ Fortaleza-CE \u00a0Telefones: (85) 3101.2244 \/ 3101.2246 \u00a0Hor\u00e1rio para atendimento: Segunda a Sexta: 08h00 as 17h00 para Atendimento e Entrega de [&hellip;]","og_url":"https:\/\/ww16.ce.gov.br\/pefoce\/acesso-a-informacao\/perguntas-frequentes\/","og_site_name":"PEFOCE","article_modified_time":"2026-05-14T11:52:37+00:00","twitter_card":"summary_large_image","twitter_misc":{"Est. reading time":"2 minutos"},"schema":{"@context":"https:\/\/schema.org","@graph":[{"@type":"WebPage","@id":"https:\/\/ww16.ce.gov.br\/pefoce\/acesso-a-informacao\/perguntas-frequentes\/","url":"https:\/\/ww16.ce.gov.br\/pefoce\/acesso-a-informacao\/perguntas-frequentes\/","name":"Perguntas Frequentes - PEFOCE","isPartOf":{"@id":"https:\/\/ww16.ce.gov.br\/pefoce\/#website"},"datePublished":"2018-02-08T18:19:22+00:00","dateModified":"2026-05-14T11:52:37+00:00","breadcrumb":{"@id":"https:\/\/ww16.ce.gov.br\/pefoce\/acesso-a-informacao\/perguntas-frequentes\/#breadcrumb"},"inLanguage":"pt-BR","potentialAction":[{"@type":"ReadAction","target":["https:\/\/ww16.ce.gov.br\/pefoce\/acesso-a-informacao\/perguntas-frequentes\/"]}]},{"@type":"BreadcrumbList","@id":"https:\/\/ww16.ce.gov.br\/pefoce\/acesso-a-informacao\/perguntas-frequentes\/#breadcrumb","itemListElement":[{"@type":"ListItem","position":1,"name":"In\u00edcio","item":"https:\/\/ww16.ce.gov.br\/pefoce\/"},{"@type":"ListItem","position":2,"name":"Acesso \u00e0 Informa\u00e7\u00e3o","item":"https:\/\/ww16.ce.gov.br\/pefoce\/acesso-a-informacao\/"},{"@type":"ListItem","position":3,"name":"Perguntas Frequentes"}]},{"@type":"WebSite","@id":"https:\/\/ww16.ce.gov.br\/pefoce\/#website","url":"https:\/\/ww16.ce.gov.br\/pefoce\/","name":"Per\u00edcia Forense","description":"Portal PEFOCE","publisher":{"@id":"https:\/\/ww16.ce.gov.br\/pefoce\/#organization"},"potentialAction":[{"@type":"SearchAction","target":{"@type":"EntryPoint","urlTemplate":"https:\/\/ww16.ce.gov.br\/pefoce\/?s={search_term_string}"},"query-input":{"@type":"PropertyValueSpecification","valueRequired":true,"valueName":"search_term_string"}}],"inLanguage":"pt-BR"},{"@type":"Organization","@id":"https:\/\/ww16.ce.gov.br\/pefoce\/#organization","name":"Per\u00edcia Forense","url":"https:\/\/ww16.ce.gov.br\/pefoce\/","logo":{"@type":"ImageObject","inLanguage":"pt-BR","@id":"https:\/\/ww16.ce.gov.br\/pefoce\/#\/schema\/logo\/image\/","url":"http:\/\/ww16.ce.gov.br\/pefoce\/wp-content\/uploads\/sites\/28\/2018\/04\/pefoce-clara.png","contentUrl":"http:\/\/ww16.ce.gov.br\/pefoce\/wp-content\/uploads\/sites\/28\/2018\/04\/pefoce-clara.png","width":559,"height":106,"caption":"Per\u00edcia Forense"},"image":{"@id":"https:\/\/ww16.ce.gov.br\/pefoce\/#\/schema\/logo\/image\/"}}]}},"_links":{"self":[{"href":"https:\/\/ww16.ce.gov.br\/pefoce\/wp-json\/wp\/v2\/pages\/67198","targetHints":{"allow":["GET"]}}],"collection":[{"href":"https:\/\/ww16.ce.gov.br\/pefoce\/wp-json\/wp\/v2\/pages"}],"about":[{"href":"https:\/\/ww16.ce.gov.br\/pefoce\/wp-json\/wp\/v2\/types\/page"}],"author":[{"embeddable":true,"href":"https:\/\/ww16.ce.gov.br\/pefoce\/wp-json\/wp\/v2\/users\/12"}],"replies":[{"embeddable":true,"href":"https:\/\/ww16.ce.gov.br\/pefoce\/wp-json\/wp\/v2\/comments?post=67198"}],"version-history":[{"count":15,"href":"https:\/\/ww16.ce.gov.br\/pefoce\/wp-json\/wp\/v2\/pages\/67198\/revisions"}],"predecessor-version":[{"id":75882,"href":"https:\/\/ww16.ce.gov.br\/pefoce\/wp-json\/wp\/v2\/pages\/67198\/revisions\/75882"}],"up":[{"embeddable":true,"href":"https:\/\/ww16.ce.gov.br\/pefoce\/wp-json\/wp\/v2\/pages\/67183"}],"wp:attachment":[{"href":"https:\/\/ww16.ce.gov.br\/pefoce\/wp-json\/wp\/v2\/media?parent=67198"}],"curies":[{"name":"wp","href":"https:\/\/api.w.org\/{rel}","templated":true}]}}