{"id":39,"date":"2017-11-20T15:35:51","date_gmt":"2017-11-20T18:35:51","guid":{"rendered":"http:\/\/www.ceara.gov.br\/pefoce\/?page_id=39"},"modified":"2026-01-28T15:14:28","modified_gmt":"2026-01-28T18:14:28","slug":"destaques","status":"publish","type":"page","link":"https:\/\/ww16.ce.gov.br\/pefoce\/imprensa\/destaques\/destaques\/","title":{"rendered":"Destaques"},"content":{"rendered":"\n\n<div class=\"CardsDestaque  NoticiasDestaque\">\n    <h2 class=\"-SmallTitle  -bold\">Not\u00edcias em destaque<\/h2>\n                        <a class=\"CardNoticia\" href=\"https:\/\/ww16.ce.gov.br\/pefoce\/2026\/01\/26\/pefoce-fortaleza-ocupou-1-lugar-nacional-de-insercoes-no-banco-nacional-balistico-em-2025\/\">\n                <figure>\n                    <div class=\"borda\">\n                        <img decoding=\"async\" src=\"https:\/\/ww16.ce.gov.br\/pefoce\/wp-content\/uploads\/sites\/57\/2026\/01\/pefoce-fortaleza-1-lugar-170x230.jpg\" class=\"attachment-destaque size-destaque\" alt=\"Pefoce Fortaleza ocupou 1\u00b0 lugar nacional de inser\u00e7\u00f5es no Banco Nacional Bal\u00edstico em 2025\" \/>                    <\/div>\n                    <figcaption>\n                                                    <h3>26 de janeiro de 2026 - 10:01<\/h3>\n                                                                            <p>Pefoce Fortaleza ocupou 1\u00b0 lugar nacional de inser\u00e7\u00f5es no Banco Nacional Bal\u00edstico em 2025<\/p>\n                                            <\/figcaption>\n                <\/figure>\n            <\/a>\n                    <a class=\"CardNoticia\" href=\"https:\/\/ww16.ce.gov.br\/pefoce\/2026\/01\/20\/serie-profissoes-da-pefoce-destaca-atuacao-do-perito-legista-com-formacao-em-farmacia-no-dia-do-farmaceutico\/\">\n                <figure>\n                    <div class=\"borda\">\n                        <img decoding=\"async\" src=\"https:\/\/ww16.ce.gov.br\/pefoce\/wp-content\/uploads\/sites\/57\/2026\/01\/Calf-DNA-170x230.jpg\" class=\"attachment-destaque size-destaque\" alt=\"2\u00aa Edi\u00e7\u00e3o S\u00e9rie Profiss\u00f5es da Pefoce: perito legista farmac\u00eautico\" \/>                    <\/div>\n                    <figcaption>\n                                                    <h3>20 de janeiro de 2026 - 03:01<\/h3>\n                                                                            <p>2\u00aa Edi\u00e7\u00e3o S\u00e9rie Profiss\u00f5es da Pefoce: perito legista farmac\u00eautico<\/p>\n                                            <\/figcaption>\n                <\/figure>\n            <\/a>\n                    <a class=\"CardNoticia\" href=\"https:\/\/ww16.ce.gov.br\/pefoce\/2026\/01\/14\/namca-pefoce-recebe-brinquedocreche-e-fortalece-o-atendimento-humanizado-a-criancas-e-adolescentes\/\">\n                <figure>\n                    <div class=\"borda\">\n                        <img decoding=\"async\" src=\"https:\/\/ww16.ce.gov.br\/pefoce\/wp-content\/uploads\/sites\/57\/2026\/01\/IMG_7378-170x230.jpg\" class=\"attachment-destaque size-destaque\" alt=\"Namca\/Pefoce recebe brinquedocreche e fortalece o atendimento humanizado a crian\u00e7as e adolescentes\" \/>                    <\/div>\n                    <figcaption>\n                                                    <h3>14 de janeiro de 2026 - 02:01<\/h3>\n                                                                            <p>Namca\/Pefoce recebe brinquedocreche e fortalece o atendimento humanizado a crian\u00e7as e adolescentes<\/p>\n                                            <\/figcaption>\n                <\/figure>\n            <\/a>\n                    <a class=\"CardNoticia\" href=\"https:\/\/ww16.ce.gov.br\/pefoce\/2026\/01\/11\/pefoce-apresenta-a-1a-edicao-do-projeto-leituras-que-nos-atravessam\/\">\n                <figure>\n                    <div class=\"borda\">\n                        <img decoding=\"async\" src=\"https:\/\/ww16.ce.gov.br\/pefoce\/wp-content\/uploads\/sites\/57\/2026\/01\/WhatsApp-Image-2026-01-08-at-09.02.50-1-170x230.jpeg\" class=\"attachment-destaque size-destaque\" alt=\"Pefoce apresenta a 1\u00aa edi\u00e7\u00e3o do projeto \u201cLeituras que Nos Atravessam\u201d\" \/>                    <\/div>\n                    <figcaption>\n                                                    <h3>11 de janeiro de 2026 - 10:01<\/h3>\n                                                                            <p>Pefoce apresenta a 1\u00aa edi\u00e7\u00e3o do projeto \u201cLeituras que Nos Atravessam\u201d<\/p>\n                                            <\/figcaption>\n                <\/figure>\n            <\/a>\n                    <a class=\"CardNoticia\" href=\"https:\/\/ww16.ce.gov.br\/pefoce\/2026\/01\/08\/pefoce-registra-crescimento-na-producao-de-laudos-e-na-emissao-da-cin-em-2025\/\">\n                <figure>\n                    <div class=\"borda\">\n                        <img decoding=\"async\" src=\"https:\/\/ww16.ce.gov.br\/pefoce\/wp-content\/uploads\/sites\/57\/2026\/01\/5-170x230.jpeg\" class=\"attachment-destaque size-destaque\" alt=\"Pefoce registra crescimento na produ\u00e7\u00e3o de laudos e na emiss\u00e3o da CIN em 2025\" \/>                    <\/div>\n                    <figcaption>\n                                                    <h3>08 de janeiro de 2026 - 03:01<\/h3>\n                                                                            <p>Pefoce registra crescimento na produ\u00e7\u00e3o de laudos e na emiss\u00e3o da CIN em 2025<\/p>\n                                            <\/figcaption>\n                <\/figure>\n            <\/a>\n                    <a class=\"CardNoticia\" href=\"https:\/\/ww16.ce.gov.br\/pefoce\/2026\/01\/07\/7-de-janeiro-pefoce-celebra-18-anos-de-existencia\/\">\n                <figure>\n                    <div class=\"borda\">\n                        <img decoding=\"async\" src=\"https:\/\/ww16.ce.gov.br\/pefoce\/wp-content\/uploads\/sites\/57\/2026\/01\/fachada-scaled-e1767793923275-170x230.jpg\" class=\"attachment-destaque size-destaque\" alt=\"7 de Janeiro: Pefoce celebra 18 anos de exist\u00eancia\" \/>                    <\/div>\n                    <figcaption>\n                                                    <h3>07 de janeiro de 2026 - 11:01<\/h3>\n                                                                            <p>7 de Janeiro: Pefoce celebra 18 anos de exist\u00eancia<\/p>\n                                            <\/figcaption>\n                <\/figure>\n            <\/a>\n            <\/div>\n","protected":false},"excerpt":{"rendered":"","protected":false},"author":38,"featured_media":0,"parent":136,"menu_order":0,"comment_status":"closed","ping_status":"closed","template":"","meta":{"_acf_changed":false,"inline_featured_image":false,"footnotes":""},"class_list":["post-39","page","type-page","status-publish","hentry"],"acf":[],"yoast_head":"<!-- This site is optimized with the Yoast SEO plugin v26.9 - https:\/\/yoast.com\/product\/yoast-seo-wordpress\/ -->\n<title>Destaques - PEFOCE<\/title>\n<meta name=\"robots\" content=\"index, follow, max-snippet:-1, max-image-preview:large, max-video-preview:-1\" \/>\n<link rel=\"canonical\" href=\"https:\/\/ww16.ce.gov.br\/pefoce\/imprensa\/destaques\/destaques\/\" \/>\n<meta property=\"og:locale\" content=\"pt_BR\" \/>\n<meta property=\"og:type\" content=\"article\" \/>\n<meta property=\"og:title\" content=\"Destaques - PEFOCE\" \/>\n<meta property=\"og:url\" content=\"https:\/\/ww16.ce.gov.br\/pefoce\/imprensa\/destaques\/destaques\/\" \/>\n<meta property=\"og:site_name\" content=\"PEFOCE\" \/>\n<meta property=\"article:modified_time\" content=\"2026-01-28T18:14:28+00:00\" \/>\n<meta name=\"twitter:card\" content=\"summary_large_image\" \/>\n<meta name=\"twitter:label1\" content=\"Est. reading time\" \/>\n\t<meta name=\"twitter:data1\" content=\"1 minuto\" \/>\n<script type=\"application\/ld+json\" class=\"yoast-schema-graph\">{\"@context\":\"https:\/\/schema.org\",\"@graph\":[{\"@type\":\"WebPage\",\"@id\":\"https:\/\/ww16.ce.gov.br\/pefoce\/imprensa\/destaques\/destaques\/\",\"url\":\"https:\/\/ww16.ce.gov.br\/pefoce\/imprensa\/destaques\/destaques\/\",\"name\":\"Destaques - PEFOCE\",\"isPartOf\":{\"@id\":\"https:\/\/ww16.ce.gov.br\/pefoce\/#website\"},\"datePublished\":\"2017-11-20T18:35:51+00:00\",\"dateModified\":\"2026-01-28T18:14:28+00:00\",\"breadcrumb\":{\"@id\":\"https:\/\/ww16.ce.gov.br\/pefoce\/imprensa\/destaques\/destaques\/#breadcrumb\"},\"inLanguage\":\"pt-BR\",\"potentialAction\":[{\"@type\":\"ReadAction\",\"target\":[\"https:\/\/ww16.ce.gov.br\/pefoce\/imprensa\/destaques\/destaques\/\"]}]},{\"@type\":\"BreadcrumbList\",\"@id\":\"https:\/\/ww16.ce.gov.br\/pefoce\/imprensa\/destaques\/destaques\/#breadcrumb\",\"itemListElement\":[{\"@type\":\"ListItem\",\"position\":1,\"name\":\"In\u00edcio\",\"item\":\"https:\/\/ww16.ce.gov.br\/pefoce\/\"},{\"@type\":\"ListItem\",\"position\":2,\"name\":\"Pagina inicial\",\"item\":\"https:\/\/ww16.ce.gov.br\/pefoce\/\"},{\"@type\":\"ListItem\",\"position\":3,\"name\":\"Destaques\"}]},{\"@type\":\"WebSite\",\"@id\":\"https:\/\/ww16.ce.gov.br\/pefoce\/#website\",\"url\":\"https:\/\/ww16.ce.gov.br\/pefoce\/\",\"name\":\"Per\u00edcia Forense\",\"description\":\"Portal PEFOCE\",\"publisher\":{\"@id\":\"https:\/\/ww16.ce.gov.br\/pefoce\/#organization\"},\"potentialAction\":[{\"@type\":\"SearchAction\",\"target\":{\"@type\":\"EntryPoint\",\"urlTemplate\":\"https:\/\/ww16.ce.gov.br\/pefoce\/?s={search_term_string}\"},\"query-input\":{\"@type\":\"PropertyValueSpecification\",\"valueRequired\":true,\"valueName\":\"search_term_string\"}}],\"inLanguage\":\"pt-BR\"},{\"@type\":\"Organization\",\"@id\":\"https:\/\/ww16.ce.gov.br\/pefoce\/#organization\",\"name\":\"Per\u00edcia Forense\",\"url\":\"https:\/\/ww16.ce.gov.br\/pefoce\/\",\"logo\":{\"@type\":\"ImageObject\",\"inLanguage\":\"pt-BR\",\"@id\":\"https:\/\/ww16.ce.gov.br\/pefoce\/#\/schema\/logo\/image\/\",\"url\":\"http:\/\/ww16.ce.gov.br\/pefoce\/wp-content\/uploads\/sites\/28\/2018\/04\/pefoce-clara.png\",\"contentUrl\":\"http:\/\/ww16.ce.gov.br\/pefoce\/wp-content\/uploads\/sites\/28\/2018\/04\/pefoce-clara.png\",\"width\":559,\"height\":106,\"caption\":\"Per\u00edcia Forense\"},\"image\":{\"@id\":\"https:\/\/ww16.ce.gov.br\/pefoce\/#\/schema\/logo\/image\/\"}}]}<\/script>\n<!-- \/ Yoast SEO plugin. -->","yoast_head_json":{"title":"Destaques - PEFOCE","robots":{"index":"index","follow":"follow","max-snippet":"max-snippet:-1","max-image-preview":"max-image-preview:large","max-video-preview":"max-video-preview:-1"},"canonical":"https:\/\/ww16.ce.gov.br\/pefoce\/imprensa\/destaques\/destaques\/","og_locale":"pt_BR","og_type":"article","og_title":"Destaques - PEFOCE","og_url":"https:\/\/ww16.ce.gov.br\/pefoce\/imprensa\/destaques\/destaques\/","og_site_name":"PEFOCE","article_modified_time":"2026-01-28T18:14:28+00:00","twitter_card":"summary_large_image","twitter_misc":{"Est. reading time":"1 minuto"},"schema":{"@context":"https:\/\/schema.org","@graph":[{"@type":"WebPage","@id":"https:\/\/ww16.ce.gov.br\/pefoce\/imprensa\/destaques\/destaques\/","url":"https:\/\/ww16.ce.gov.br\/pefoce\/imprensa\/destaques\/destaques\/","name":"Destaques - PEFOCE","isPartOf":{"@id":"https:\/\/ww16.ce.gov.br\/pefoce\/#website"},"datePublished":"2017-11-20T18:35:51+00:00","dateModified":"2026-01-28T18:14:28+00:00","breadcrumb":{"@id":"https:\/\/ww16.ce.gov.br\/pefoce\/imprensa\/destaques\/destaques\/#breadcrumb"},"inLanguage":"pt-BR","potentialAction":[{"@type":"ReadAction","target":["https:\/\/ww16.ce.gov.br\/pefoce\/imprensa\/destaques\/destaques\/"]}]},{"@type":"BreadcrumbList","@id":"https:\/\/ww16.ce.gov.br\/pefoce\/imprensa\/destaques\/destaques\/#breadcrumb","itemListElement":[{"@type":"ListItem","position":1,"name":"In\u00edcio","item":"https:\/\/ww16.ce.gov.br\/pefoce\/"},{"@type":"ListItem","position":2,"name":"Pagina inicial","item":"https:\/\/ww16.ce.gov.br\/pefoce\/"},{"@type":"ListItem","position":3,"name":"Destaques"}]},{"@type":"WebSite","@id":"https:\/\/ww16.ce.gov.br\/pefoce\/#website","url":"https:\/\/ww16.ce.gov.br\/pefoce\/","name":"Per\u00edcia Forense","description":"Portal PEFOCE","publisher":{"@id":"https:\/\/ww16.ce.gov.br\/pefoce\/#organization"},"potentialAction":[{"@type":"SearchAction","target":{"@type":"EntryPoint","urlTemplate":"https:\/\/ww16.ce.gov.br\/pefoce\/?s={search_term_string}"},"query-input":{"@type":"PropertyValueSpecification","valueRequired":true,"valueName":"search_term_string"}}],"inLanguage":"pt-BR"},{"@type":"Organization","@id":"https:\/\/ww16.ce.gov.br\/pefoce\/#organization","name":"Per\u00edcia Forense","url":"https:\/\/ww16.ce.gov.br\/pefoce\/","logo":{"@type":"ImageObject","inLanguage":"pt-BR","@id":"https:\/\/ww16.ce.gov.br\/pefoce\/#\/schema\/logo\/image\/","url":"http:\/\/ww16.ce.gov.br\/pefoce\/wp-content\/uploads\/sites\/28\/2018\/04\/pefoce-clara.png","contentUrl":"http:\/\/ww16.ce.gov.br\/pefoce\/wp-content\/uploads\/sites\/28\/2018\/04\/pefoce-clara.png","width":559,"height":106,"caption":"Per\u00edcia Forense"},"image":{"@id":"https:\/\/ww16.ce.gov.br\/pefoce\/#\/schema\/logo\/image\/"}}]}},"_links":{"self":[{"href":"https:\/\/ww16.ce.gov.br\/pefoce\/wp-json\/wp\/v2\/pages\/39","targetHints":{"allow":["GET"]}}],"collection":[{"href":"https:\/\/ww16.ce.gov.br\/pefoce\/wp-json\/wp\/v2\/pages"}],"about":[{"href":"https:\/\/ww16.ce.gov.br\/pefoce\/wp-json\/wp\/v2\/types\/page"}],"author":[{"embeddable":true,"href":"https:\/\/ww16.ce.gov.br\/pefoce\/wp-json\/wp\/v2\/users\/38"}],"replies":[{"embeddable":true,"href":"https:\/\/ww16.ce.gov.br\/pefoce\/wp-json\/wp\/v2\/comments?post=39"}],"version-history":[{"count":19,"href":"https:\/\/ww16.ce.gov.br\/pefoce\/wp-json\/wp\/v2\/pages\/39\/revisions"}],"predecessor-version":[{"id":75326,"href":"https:\/\/ww16.ce.gov.br\/pefoce\/wp-json\/wp\/v2\/pages\/39\/revisions\/75326"}],"up":[{"embeddable":true,"href":"https:\/\/ww16.ce.gov.br\/pefoce\/wp-json\/wp\/v2\/pages\/136"}],"wp:attachment":[{"href":"https:\/\/ww16.ce.gov.br\/pefoce\/wp-json\/wp\/v2\/media?parent=39"}],"curies":[{"name":"wp","href":"https:\/\/api.w.org\/{rel}","templated":true}]}}