{"id":136,"date":"2017-11-21T16:36:42","date_gmt":"2017-11-21T19:36:42","guid":{"rendered":"http:\/\/www.ceara.gov.br\/pefoce\/?page_id=136"},"modified":"2026-01-15T14:39:20","modified_gmt":"2026-01-15T17:39:20","slug":"destaques","status":"publish","type":"page","link":"https:\/\/ww16.ce.gov.br\/pefoce\/imprensa\/destaques\/","title":{"rendered":""},"content":{"rendered":"\n\n<div class=\"CardsDestaque  NoticiasDestaque\">\n    <h2 class=\"-SmallTitle  -bold\">Not\u00edcias em destaque<\/h2>\n                        <a class=\"CardNoticia\" href=\"https:\/\/ww16.ce.gov.br\/pefoce\/2026\/01\/05\/janeiro-branco-pefoce-reforca-a-importancia-da-saude-mental-no-trabalho-pericial\/\">\n                <figure>\n                    <div class=\"borda\">\n                        <img decoding=\"async\" src=\"https:\/\/ww16.ce.gov.br\/pefoce\/wp-content\/uploads\/sites\/57\/2026\/01\/IMG_0748-170x230.jpg\" class=\"attachment-destaque size-destaque\" alt=\"Janeiro Branco: Pefoce refor\u00e7a a import\u00e2ncia da sa\u00fade mental no trabalho pericial\" \/>                    <\/div>\n                    <figcaption>\n                                                                            <p>Janeiro Branco: Pefoce refor\u00e7a a import\u00e2ncia da sa\u00fade mental no trabalho pericial<\/p>\n                                            <\/figcaption>\n                <\/figure>\n            <\/a>\n                    <a class=\"CardNoticia\" href=\"https:\/\/ww16.ce.gov.br\/pefoce\/2026\/01\/05\/ceara-1-lugar-identificacao-de-pessoas-desaparecidas-no-brasil\/\">\n                <figure>\n                    <div class=\"borda\">\n                        <img decoding=\"async\" src=\"https:\/\/ww16.ce.gov.br\/pefoce\/wp-content\/uploads\/sites\/57\/2026\/01\/podium-3-170x230.png\" class=\"attachment-destaque size-destaque\" alt=\"Cear\u00e1 1\u00b0 Lugar: identifica\u00e7\u00e3o de pessoas desaparecidas no Brasil\" \/>                    <\/div>\n                    <figcaption>\n                                                                            <p>Cear\u00e1 1\u00b0 Lugar: identifica\u00e7\u00e3o de pessoas desaparecidas no Brasil<\/p>\n                                            <\/figcaption>\n                <\/figure>\n            <\/a>\n                    <a class=\"CardNoticia\" href=\"https:\/\/ww16.ce.gov.br\/pefoce\/2025\/12\/23\/pefoce-conquista-ouro-no-carimba-masculino-e-fica-entre-as-cinco-melhores-vinculadas-nos-ii-jogos-da-integracao-da-sspds\/\">\n                <figure>\n                    <div class=\"borda\">\n                        <img decoding=\"async\" src=\"https:\/\/ww16.ce.gov.br\/pefoce\/wp-content\/uploads\/sites\/57\/2025\/12\/Imagem-do-WhatsApp-de-2025-12-23-as-09.04.29_f6793096-170x230.jpg\" class=\"attachment-destaque size-destaque\" alt=\"Pefoce conquista ouro no Carimba masculino e fica entre as cinco melhores vinculadas nos II Jogos da Integra\u00e7\u00e3o da SSPDS\" \/>                    <\/div>\n                    <figcaption>\n                                                                            <p>Pefoce conquista ouro no Carimba masculino e fica entre as cinco melhores vinculadas nos II Jogos da Integra\u00e7\u00e3o da SSPDS<\/p>\n                                            <\/figcaption>\n                <\/figure>\n            <\/a>\n                    <a class=\"CardNoticia\" href=\"https:\/\/ww16.ce.gov.br\/pefoce\/2025\/12\/18\/ceara-inicia-emissao-da-carteira-de-identidade-nacional-para-o-publico-neonatal-e-infantil\/\">\n                <figure>\n                    <div class=\"borda\">\n                        <img decoding=\"async\" src=\"https:\/\/ww16.ce.gov.br\/pefoce\/wp-content\/uploads\/sites\/57\/2025\/12\/IMG_3146-170x230.jpeg\" class=\"attachment-destaque size-destaque\" alt=\"Cear\u00e1 inicia emiss\u00e3o da Carteira de Identidade Nacional para o p\u00fablico neonatal e infantil\" \/>                    <\/div>\n                    <figcaption>\n                                                                            <p>Cear\u00e1 inicia emiss\u00e3o da Carteira de Identidade Nacional para o p\u00fablico neonatal e infantil<\/p>\n                                            <\/figcaption>\n                <\/figure>\n            <\/a>\n                    <a class=\"CardNoticia\" href=\"https:\/\/ww16.ce.gov.br\/pefoce\/2025\/12\/10\/pefoce-realiza-mais-de-8-mil-insercoes-no-ranking-nacional-de-analises-balisticas\/\">\n                <figure>\n                    <div class=\"borda\">\n                        <img decoding=\"async\" src=\"https:\/\/ww16.ce.gov.br\/pefoce\/wp-content\/uploads\/sites\/57\/2025\/12\/8k-insercoes_01-170x230.png\" class=\"attachment-destaque size-destaque\" alt=\"Pefoce realiza mais de 8 mil inser\u00e7\u00f5es no ranking nacional de an\u00e1lises bal\u00edsticas\" \/>                    <\/div>\n                    <figcaption>\n                                                                            <p>Pefoce realiza mais de 8 mil inser\u00e7\u00f5es no ranking nacional de an\u00e1lises bal\u00edsticas<\/p>\n                                            <\/figcaption>\n                <\/figure>\n            <\/a>\n            <\/div>\n","protected":false},"excerpt":{"rendered":"","protected":false},"author":38,"featured_media":0,"parent":121,"menu_order":10,"comment_status":"closed","ping_status":"closed","template":"pagina-lista-filhas.php","meta":{"_acf_changed":false,"inline_featured_image":false,"footnotes":""},"class_list":["post-136","page","type-page","status-publish","hentry"],"acf":[],"yoast_head":"<!-- This site is optimized with the Yoast SEO plugin v26.9 - https:\/\/yoast.com\/product\/yoast-seo-wordpress\/ -->\n<title>- PEFOCE<\/title>\n<meta name=\"robots\" content=\"index, follow, max-snippet:-1, max-image-preview:large, max-video-preview:-1\" \/>\n<link rel=\"canonical\" href=\"https:\/\/ww16.ce.gov.br\/pefoce\/imprensa\/destaques\/\" \/>\n<meta property=\"og:locale\" content=\"pt_BR\" \/>\n<meta property=\"og:type\" content=\"article\" \/>\n<meta property=\"og:title\" content=\"- PEFOCE\" \/>\n<meta property=\"og:url\" content=\"https:\/\/ww16.ce.gov.br\/pefoce\/imprensa\/destaques\/\" \/>\n<meta property=\"og:site_name\" content=\"PEFOCE\" \/>\n<meta property=\"article:modified_time\" content=\"2026-01-15T17:39:20+00:00\" \/>\n<meta name=\"twitter:card\" content=\"summary_large_image\" \/>\n<meta name=\"twitter:label1\" content=\"Est. reading time\" \/>\n\t<meta name=\"twitter:data1\" content=\"1 minuto\" \/>\n<script type=\"application\/ld+json\" class=\"yoast-schema-graph\">{\"@context\":\"https:\/\/schema.org\",\"@graph\":[{\"@type\":\"WebPage\",\"@id\":\"https:\/\/ww16.ce.gov.br\/pefoce\/imprensa\/destaques\/\",\"url\":\"https:\/\/ww16.ce.gov.br\/pefoce\/imprensa\/destaques\/\",\"name\":\"- PEFOCE\",\"isPartOf\":{\"@id\":\"https:\/\/ww16.ce.gov.br\/pefoce\/#website\"},\"datePublished\":\"2017-11-21T19:36:42+00:00\",\"dateModified\":\"2026-01-15T17:39:20+00:00\",\"breadcrumb\":{\"@id\":\"https:\/\/ww16.ce.gov.br\/pefoce\/imprensa\/destaques\/#breadcrumb\"},\"inLanguage\":\"pt-BR\",\"potentialAction\":[{\"@type\":\"ReadAction\",\"target\":[\"https:\/\/ww16.ce.gov.br\/pefoce\/imprensa\/destaques\/\"]}]},{\"@type\":\"BreadcrumbList\",\"@id\":\"https:\/\/ww16.ce.gov.br\/pefoce\/imprensa\/destaques\/#breadcrumb\",\"itemListElement\":[{\"@type\":\"ListItem\",\"position\":1,\"name\":\"In\u00edcio\",\"item\":\"https:\/\/ww16.ce.gov.br\/pefoce\/\"},{\"@type\":\"ListItem\",\"position\":2,\"name\":\"Pagina inicial\",\"item\":\"https:\/\/ww16.ce.gov.br\/pefoce\/\"}]},{\"@type\":\"WebSite\",\"@id\":\"https:\/\/ww16.ce.gov.br\/pefoce\/#website\",\"url\":\"https:\/\/ww16.ce.gov.br\/pefoce\/\",\"name\":\"Per\u00edcia Forense\",\"description\":\"Portal PEFOCE\",\"publisher\":{\"@id\":\"https:\/\/ww16.ce.gov.br\/pefoce\/#organization\"},\"potentialAction\":[{\"@type\":\"SearchAction\",\"target\":{\"@type\":\"EntryPoint\",\"urlTemplate\":\"https:\/\/ww16.ce.gov.br\/pefoce\/?s={search_term_string}\"},\"query-input\":{\"@type\":\"PropertyValueSpecification\",\"valueRequired\":true,\"valueName\":\"search_term_string\"}}],\"inLanguage\":\"pt-BR\"},{\"@type\":\"Organization\",\"@id\":\"https:\/\/ww16.ce.gov.br\/pefoce\/#organization\",\"name\":\"Per\u00edcia Forense\",\"url\":\"https:\/\/ww16.ce.gov.br\/pefoce\/\",\"logo\":{\"@type\":\"ImageObject\",\"inLanguage\":\"pt-BR\",\"@id\":\"https:\/\/ww16.ce.gov.br\/pefoce\/#\/schema\/logo\/image\/\",\"url\":\"http:\/\/ww16.ce.gov.br\/pefoce\/wp-content\/uploads\/sites\/28\/2018\/04\/pefoce-clara.png\",\"contentUrl\":\"http:\/\/ww16.ce.gov.br\/pefoce\/wp-content\/uploads\/sites\/28\/2018\/04\/pefoce-clara.png\",\"width\":559,\"height\":106,\"caption\":\"Per\u00edcia Forense\"},\"image\":{\"@id\":\"https:\/\/ww16.ce.gov.br\/pefoce\/#\/schema\/logo\/image\/\"}}]}<\/script>\n<!-- \/ Yoast SEO plugin. -->","yoast_head_json":{"title":"- PEFOCE","robots":{"index":"index","follow":"follow","max-snippet":"max-snippet:-1","max-image-preview":"max-image-preview:large","max-video-preview":"max-video-preview:-1"},"canonical":"https:\/\/ww16.ce.gov.br\/pefoce\/imprensa\/destaques\/","og_locale":"pt_BR","og_type":"article","og_title":"- PEFOCE","og_url":"https:\/\/ww16.ce.gov.br\/pefoce\/imprensa\/destaques\/","og_site_name":"PEFOCE","article_modified_time":"2026-01-15T17:39:20+00:00","twitter_card":"summary_large_image","twitter_misc":{"Est. reading time":"1 minuto"},"schema":{"@context":"https:\/\/schema.org","@graph":[{"@type":"WebPage","@id":"https:\/\/ww16.ce.gov.br\/pefoce\/imprensa\/destaques\/","url":"https:\/\/ww16.ce.gov.br\/pefoce\/imprensa\/destaques\/","name":"- PEFOCE","isPartOf":{"@id":"https:\/\/ww16.ce.gov.br\/pefoce\/#website"},"datePublished":"2017-11-21T19:36:42+00:00","dateModified":"2026-01-15T17:39:20+00:00","breadcrumb":{"@id":"https:\/\/ww16.ce.gov.br\/pefoce\/imprensa\/destaques\/#breadcrumb"},"inLanguage":"pt-BR","potentialAction":[{"@type":"ReadAction","target":["https:\/\/ww16.ce.gov.br\/pefoce\/imprensa\/destaques\/"]}]},{"@type":"BreadcrumbList","@id":"https:\/\/ww16.ce.gov.br\/pefoce\/imprensa\/destaques\/#breadcrumb","itemListElement":[{"@type":"ListItem","position":1,"name":"In\u00edcio","item":"https:\/\/ww16.ce.gov.br\/pefoce\/"},{"@type":"ListItem","position":2,"name":"Pagina inicial","item":"https:\/\/ww16.ce.gov.br\/pefoce\/"}]},{"@type":"WebSite","@id":"https:\/\/ww16.ce.gov.br\/pefoce\/#website","url":"https:\/\/ww16.ce.gov.br\/pefoce\/","name":"Per\u00edcia Forense","description":"Portal PEFOCE","publisher":{"@id":"https:\/\/ww16.ce.gov.br\/pefoce\/#organization"},"potentialAction":[{"@type":"SearchAction","target":{"@type":"EntryPoint","urlTemplate":"https:\/\/ww16.ce.gov.br\/pefoce\/?s={search_term_string}"},"query-input":{"@type":"PropertyValueSpecification","valueRequired":true,"valueName":"search_term_string"}}],"inLanguage":"pt-BR"},{"@type":"Organization","@id":"https:\/\/ww16.ce.gov.br\/pefoce\/#organization","name":"Per\u00edcia Forense","url":"https:\/\/ww16.ce.gov.br\/pefoce\/","logo":{"@type":"ImageObject","inLanguage":"pt-BR","@id":"https:\/\/ww16.ce.gov.br\/pefoce\/#\/schema\/logo\/image\/","url":"http:\/\/ww16.ce.gov.br\/pefoce\/wp-content\/uploads\/sites\/28\/2018\/04\/pefoce-clara.png","contentUrl":"http:\/\/ww16.ce.gov.br\/pefoce\/wp-content\/uploads\/sites\/28\/2018\/04\/pefoce-clara.png","width":559,"height":106,"caption":"Per\u00edcia Forense"},"image":{"@id":"https:\/\/ww16.ce.gov.br\/pefoce\/#\/schema\/logo\/image\/"}}]}},"_links":{"self":[{"href":"https:\/\/ww16.ce.gov.br\/pefoce\/wp-json\/wp\/v2\/pages\/136","targetHints":{"allow":["GET"]}}],"collection":[{"href":"https:\/\/ww16.ce.gov.br\/pefoce\/wp-json\/wp\/v2\/pages"}],"about":[{"href":"https:\/\/ww16.ce.gov.br\/pefoce\/wp-json\/wp\/v2\/types\/page"}],"author":[{"embeddable":true,"href":"https:\/\/ww16.ce.gov.br\/pefoce\/wp-json\/wp\/v2\/users\/38"}],"replies":[{"embeddable":true,"href":"https:\/\/ww16.ce.gov.br\/pefoce\/wp-json\/wp\/v2\/comments?post=136"}],"version-history":[{"count":33,"href":"https:\/\/ww16.ce.gov.br\/pefoce\/wp-json\/wp\/v2\/pages\/136\/revisions"}],"predecessor-version":[{"id":75199,"href":"https:\/\/ww16.ce.gov.br\/pefoce\/wp-json\/wp\/v2\/pages\/136\/revisions\/75199"}],"up":[{"embeddable":true,"href":"https:\/\/ww16.ce.gov.br\/pefoce\/wp-json\/wp\/v2\/pages\/121"}],"wp:attachment":[{"href":"https:\/\/ww16.ce.gov.br\/pefoce\/wp-json\/wp\/v2\/media?parent=136"}],"curies":[{"name":"wp","href":"https:\/\/api.w.org\/{rel}","templated":true}]}}