{"id":75519,"date":"2026-05-08T09:34:11","date_gmt":"2026-05-08T12:34:11","guid":{"rendered":"https:\/\/ww16.ce.gov.br\/metrofor\/?page_id=75519"},"modified":"2026-05-08T09:35:27","modified_gmt":"2026-05-08T12:35:27","slug":"ata-registro-preco","status":"publish","type":"page","link":"https:\/\/ww16.ce.gov.br\/metrofor\/acesso-a-informacao\/ata-registro-preco\/","title":{"rendered":"Atas de Registro de Pre\u00e7os"},"content":{"rendered":"\n&nbsp;\n<ul class=\"ListaEst -Verde col2\" style=\"font-weight: bold\">\n \t<li><a href=\"https:\/\/www.metrofor.ce.gov.br\/wp-content\/uploads\/sites\/32\/2025\/06\/ata-registro-preco-2025-11839.pdf\" target=\"_blank\" rel=\"noopener noreferrer\">Ata de Registro de Pre\u00e7os N\u00ba 2025\/11839<\/a><\/li>\n \t<li><a href=\"https:\/\/www.metrofor.ce.gov.br\/wp-content\/uploads\/sites\/32\/2026\/04\/ata-registro-preco-2025-06627.pdf\" target=\"_blank\" rel=\"noopener noreferrer\">Ata de Registro de Pre\u00e7os N\u00ba 2025\/06627<\/a><\/li>\n<\/ul>\n&nbsp;\n<ul class=\"ListaEst -Verde col2\" style=\"font-weight: bold\">\n \t<li><a href=\"https:\/\/www.metrofor.ce.gov.br\/wp-content\/uploads\/sites\/32\/2026\/04\/ata-registro-preco-2025-02784.pdf\" target=\"_blank\" rel=\"noopener noreferrer\">Ata de Registro de Pre\u00e7os N\u00ba 2025\/02784<\/a><\/li>\n \t<li><a href=\"https:\/\/www.metrofor.ce.gov.br\/wp-content\/uploads\/sites\/32\/2026\/04\/ata-registro-preco-2025-02539.pdf\" target=\"_blank\" rel=\"noopener noreferrer\">Ata de Registro de Pre\u00e7os N\u00ba 2025\/02539<\/a><\/li>\n<\/ul>\n&nbsp;\n<ul class=\"ListaEst -Verde col2\" style=\"font-weight: bold\">\n \t<li><a href=\"https:\/\/www.metrofor.ce.gov.br\/wp-content\/uploads\/sites\/32\/2026\/04\/ata-registro-preco-2025-02198.pdf\" target=\"_blank\" rel=\"noopener noreferrer\">Ata de Registro de Pre\u00e7os N\u00ba 2025\/02198<\/a><\/li>\n \t<li><a href=\"https:\/\/www.metrofor.ce.gov.br\/wp-content\/uploads\/sites\/32\/2026\/04\/ata-registro-preco-2025-02004.pdf\" target=\"_blank\" rel=\"noopener noreferrer\">Ata de Registro de Pre\u00e7os N\u00ba 2025\/02004<\/a><\/li>\n<\/ul>\n&nbsp;\n<ul class=\"ListaEst -Verde col2\" style=\"font-weight: bold\">\n \t<li><a href=\"https:\/\/www.metrofor.ce.gov.br\/wp-content\/uploads\/sites\/32\/2026\/04\/ata-registro-preco-2025-01983.pdf\" target=\"_blank\" rel=\"noopener noreferrer\">Ata de Registro de Pre\u00e7os N\u00ba 2025\/01983<\/a><\/li>\n \t<li><a href=\"https:\/\/www.metrofor.ce.gov.br\/wp-content\/uploads\/sites\/32\/2026\/04\/ata-registro-preco-2025-00228.pdf\" target=\"_blank\" rel=\"noopener noreferrer\">Ata de Registro de Pre\u00e7os N\u00ba 2025\/00228<\/a><\/li>\n<\/ul>\n&nbsp;\n<ul class=\"ListaEst -Verde col2\" style=\"font-weight: bold\">\n \t<li><a href=\"https:\/\/www.metrofor.ce.gov.br\/wp-content\/uploads\/sites\/32\/2024\/10\/ATA-DE-REGISTRO-PRECOS-2024-2468.pdf\" target=\"_blank\" rel=\"noopener noreferrer\">Ata de Registro de Pre\u00e7os N\u00ba 2024\/12468<\/a><\/li>\n<li><a href=\"https:\/\/www.metrofor.ce.gov.br\/wp-content\/uploads\/sites\/32\/2025\/12\/ata_registro_precos_202514888.pdf\" target=\"_blank\" rel=\"noopener noreferrer\">Ata de Registro de Pre\u00e7os N\u00ba 2025\/14888<\/a><\/li>\n<\/ul>\n&nbsp;\n","protected":false},"excerpt":{"rendered":"<p>&nbsp; Ata de Registro de Pre\u00e7os N\u00ba 2025\/11839 Ata de Registro de Pre\u00e7os N\u00ba 2025\/06627 &nbsp; Ata de Registro de Pre\u00e7os N\u00ba 2025\/02784 Ata de Registro de Pre\u00e7os N\u00ba 2025\/02539 &nbsp; Ata de Registro de Pre\u00e7os N\u00ba 2025\/02198 Ata de Registro de Pre\u00e7os N\u00ba 2025\/02004 &nbsp; Ata de Registro de Pre\u00e7os N\u00ba 2025\/01983 Ata de [&hellip;]<\/p>\n","protected":false},"author":115,"featured_media":0,"parent":75409,"menu_order":0,"comment_status":"closed","ping_status":"closed","template":"","meta":{"_acf_changed":false,"inline_featured_image":false,"footnotes":""},"class_list":["post-75519","page","type-page","status-publish","hentry"],"acf":[],"yoast_head":"<!-- This site is optimized with the Yoast SEO plugin v26.9 - https:\/\/yoast.com\/product\/yoast-seo-wordpress\/ -->\n<title>Atas de Registro de Pre\u00e7os - METROFOR<\/title>\n<meta name=\"robots\" content=\"index, follow, max-snippet:-1, max-image-preview:large, max-video-preview:-1\" \/>\n<link rel=\"canonical\" href=\"https:\/\/ww16.ce.gov.br\/metrofor\/acesso-a-informacao\/ata-registro-preco\/\" \/>\n<meta property=\"og:locale\" content=\"pt_BR\" \/>\n<meta property=\"og:type\" content=\"article\" \/>\n<meta property=\"og:title\" content=\"Atas de Registro de Pre\u00e7os - METROFOR\" \/>\n<meta property=\"og:description\" content=\"&nbsp; Ata de Registro de Pre\u00e7os N\u00ba 2025\/11839 Ata de Registro de Pre\u00e7os N\u00ba 2025\/06627 &nbsp; Ata de Registro de Pre\u00e7os N\u00ba 2025\/02784 Ata de Registro de Pre\u00e7os N\u00ba 2025\/02539 &nbsp; Ata de Registro de Pre\u00e7os N\u00ba 2025\/02198 Ata de Registro de Pre\u00e7os N\u00ba 2025\/02004 &nbsp; Ata de Registro de Pre\u00e7os N\u00ba 2025\/01983 Ata de [&hellip;]\" \/>\n<meta property=\"og:url\" content=\"https:\/\/ww16.ce.gov.br\/metrofor\/acesso-a-informacao\/ata-registro-preco\/\" \/>\n<meta property=\"og:site_name\" content=\"METROFOR\" \/>\n<meta property=\"article:modified_time\" content=\"2026-05-08T12:35:27+00:00\" \/>\n<meta name=\"twitter:card\" content=\"summary_large_image\" \/>\n<meta name=\"twitter:label1\" content=\"Est. reading time\" \/>\n\t<meta name=\"twitter:data1\" content=\"1 minuto\" \/>\n<script type=\"application\/ld+json\" class=\"yoast-schema-graph\">{\"@context\":\"https:\/\/schema.org\",\"@graph\":[{\"@type\":\"WebPage\",\"@id\":\"https:\/\/ww16.ce.gov.br\/metrofor\/acesso-a-informacao\/ata-registro-preco\/\",\"url\":\"https:\/\/ww16.ce.gov.br\/metrofor\/acesso-a-informacao\/ata-registro-preco\/\",\"name\":\"Atas de Registro de Pre\u00e7os - METROFOR\",\"isPartOf\":{\"@id\":\"https:\/\/ww16.ce.gov.br\/metrofor\/#website\"},\"datePublished\":\"2026-05-08T12:34:11+00:00\",\"dateModified\":\"2026-05-08T12:35:27+00:00\",\"breadcrumb\":{\"@id\":\"https:\/\/ww16.ce.gov.br\/metrofor\/acesso-a-informacao\/ata-registro-preco\/#breadcrumb\"},\"inLanguage\":\"pt-BR\",\"potentialAction\":[{\"@type\":\"ReadAction\",\"target\":[\"https:\/\/ww16.ce.gov.br\/metrofor\/acesso-a-informacao\/ata-registro-preco\/\"]}]},{\"@type\":\"BreadcrumbList\",\"@id\":\"https:\/\/ww16.ce.gov.br\/metrofor\/acesso-a-informacao\/ata-registro-preco\/#breadcrumb\",\"itemListElement\":[{\"@type\":\"ListItem\",\"position\":1,\"name\":\"In\u00edcio\",\"item\":\"https:\/\/ww16.ce.gov.br\/metrofor\/\"},{\"@type\":\"ListItem\",\"position\":2,\"name\":\"Acesso \u00e0 Informa\u00e7\u00e3o\",\"item\":\"https:\/\/ww16.ce.gov.br\/metrofor\/acesso-a-informacao\/\"},{\"@type\":\"ListItem\",\"position\":3,\"name\":\"Atas de Registro de Pre\u00e7os\"}]},{\"@type\":\"WebSite\",\"@id\":\"https:\/\/ww16.ce.gov.br\/metrofor\/#website\",\"url\":\"https:\/\/ww16.ce.gov.br\/metrofor\/\",\"name\":\"Metr\u00f4 de Fortaleza\",\"description\":\"Portal METROFOR\",\"publisher\":{\"@id\":\"https:\/\/ww16.ce.gov.br\/metrofor\/#organization\"},\"potentialAction\":[{\"@type\":\"SearchAction\",\"target\":{\"@type\":\"EntryPoint\",\"urlTemplate\":\"https:\/\/ww16.ce.gov.br\/metrofor\/?s={search_term_string}\"},\"query-input\":{\"@type\":\"PropertyValueSpecification\",\"valueRequired\":true,\"valueName\":\"search_term_string\"}}],\"inLanguage\":\"pt-BR\"},{\"@type\":\"Organization\",\"@id\":\"https:\/\/ww16.ce.gov.br\/metrofor\/#organization\",\"name\":\"Metr\u00f4 de Fortaleza\",\"url\":\"https:\/\/ww16.ce.gov.br\/metrofor\/\",\"logo\":{\"@type\":\"ImageObject\",\"inLanguage\":\"pt-BR\",\"@id\":\"https:\/\/ww16.ce.gov.br\/metrofor\/#\/schema\/logo\/image\/\",\"url\":\"http:\/\/ww16.ce.gov.br\/metrofor\/wp-content\/uploads\/sites\/32\/2018\/01\/METROFOR-SEINFRAclara.png\",\"contentUrl\":\"http:\/\/ww16.ce.gov.br\/metrofor\/wp-content\/uploads\/sites\/32\/2018\/01\/METROFOR-SEINFRAclara.png\",\"width\":559,\"height\":106,\"caption\":\"Metr\u00f4 de Fortaleza\"},\"image\":{\"@id\":\"https:\/\/ww16.ce.gov.br\/metrofor\/#\/schema\/logo\/image\/\"}}]}<\/script>\n<!-- \/ Yoast SEO plugin. -->","yoast_head_json":{"title":"Atas de Registro de Pre\u00e7os - METROFOR","robots":{"index":"index","follow":"follow","max-snippet":"max-snippet:-1","max-image-preview":"max-image-preview:large","max-video-preview":"max-video-preview:-1"},"canonical":"https:\/\/ww16.ce.gov.br\/metrofor\/acesso-a-informacao\/ata-registro-preco\/","og_locale":"pt_BR","og_type":"article","og_title":"Atas de Registro de Pre\u00e7os - METROFOR","og_description":"&nbsp; Ata de Registro de Pre\u00e7os N\u00ba 2025\/11839 Ata de Registro de Pre\u00e7os N\u00ba 2025\/06627 &nbsp; Ata de Registro de Pre\u00e7os N\u00ba 2025\/02784 Ata de Registro de Pre\u00e7os N\u00ba 2025\/02539 &nbsp; Ata de Registro de Pre\u00e7os N\u00ba 2025\/02198 Ata de Registro de Pre\u00e7os N\u00ba 2025\/02004 &nbsp; Ata de Registro de Pre\u00e7os N\u00ba 2025\/01983 Ata de [&hellip;]","og_url":"https:\/\/ww16.ce.gov.br\/metrofor\/acesso-a-informacao\/ata-registro-preco\/","og_site_name":"METROFOR","article_modified_time":"2026-05-08T12:35:27+00:00","twitter_card":"summary_large_image","twitter_misc":{"Est. reading time":"1 minuto"},"schema":{"@context":"https:\/\/schema.org","@graph":[{"@type":"WebPage","@id":"https:\/\/ww16.ce.gov.br\/metrofor\/acesso-a-informacao\/ata-registro-preco\/","url":"https:\/\/ww16.ce.gov.br\/metrofor\/acesso-a-informacao\/ata-registro-preco\/","name":"Atas de Registro de Pre\u00e7os - METROFOR","isPartOf":{"@id":"https:\/\/ww16.ce.gov.br\/metrofor\/#website"},"datePublished":"2026-05-08T12:34:11+00:00","dateModified":"2026-05-08T12:35:27+00:00","breadcrumb":{"@id":"https:\/\/ww16.ce.gov.br\/metrofor\/acesso-a-informacao\/ata-registro-preco\/#breadcrumb"},"inLanguage":"pt-BR","potentialAction":[{"@type":"ReadAction","target":["https:\/\/ww16.ce.gov.br\/metrofor\/acesso-a-informacao\/ata-registro-preco\/"]}]},{"@type":"BreadcrumbList","@id":"https:\/\/ww16.ce.gov.br\/metrofor\/acesso-a-informacao\/ata-registro-preco\/#breadcrumb","itemListElement":[{"@type":"ListItem","position":1,"name":"In\u00edcio","item":"https:\/\/ww16.ce.gov.br\/metrofor\/"},{"@type":"ListItem","position":2,"name":"Acesso \u00e0 Informa\u00e7\u00e3o","item":"https:\/\/ww16.ce.gov.br\/metrofor\/acesso-a-informacao\/"},{"@type":"ListItem","position":3,"name":"Atas de Registro de Pre\u00e7os"}]},{"@type":"WebSite","@id":"https:\/\/ww16.ce.gov.br\/metrofor\/#website","url":"https:\/\/ww16.ce.gov.br\/metrofor\/","name":"Metr\u00f4 de Fortaleza","description":"Portal METROFOR","publisher":{"@id":"https:\/\/ww16.ce.gov.br\/metrofor\/#organization"},"potentialAction":[{"@type":"SearchAction","target":{"@type":"EntryPoint","urlTemplate":"https:\/\/ww16.ce.gov.br\/metrofor\/?s={search_term_string}"},"query-input":{"@type":"PropertyValueSpecification","valueRequired":true,"valueName":"search_term_string"}}],"inLanguage":"pt-BR"},{"@type":"Organization","@id":"https:\/\/ww16.ce.gov.br\/metrofor\/#organization","name":"Metr\u00f4 de Fortaleza","url":"https:\/\/ww16.ce.gov.br\/metrofor\/","logo":{"@type":"ImageObject","inLanguage":"pt-BR","@id":"https:\/\/ww16.ce.gov.br\/metrofor\/#\/schema\/logo\/image\/","url":"http:\/\/ww16.ce.gov.br\/metrofor\/wp-content\/uploads\/sites\/32\/2018\/01\/METROFOR-SEINFRAclara.png","contentUrl":"http:\/\/ww16.ce.gov.br\/metrofor\/wp-content\/uploads\/sites\/32\/2018\/01\/METROFOR-SEINFRAclara.png","width":559,"height":106,"caption":"Metr\u00f4 de Fortaleza"},"image":{"@id":"https:\/\/ww16.ce.gov.br\/metrofor\/#\/schema\/logo\/image\/"}}]}},"_links":{"self":[{"href":"https:\/\/ww16.ce.gov.br\/metrofor\/wp-json\/wp\/v2\/pages\/75519","targetHints":{"allow":["GET"]}}],"collection":[{"href":"https:\/\/ww16.ce.gov.br\/metrofor\/wp-json\/wp\/v2\/pages"}],"about":[{"href":"https:\/\/ww16.ce.gov.br\/metrofor\/wp-json\/wp\/v2\/types\/page"}],"author":[{"embeddable":true,"href":"https:\/\/ww16.ce.gov.br\/metrofor\/wp-json\/wp\/v2\/users\/115"}],"replies":[{"embeddable":true,"href":"https:\/\/ww16.ce.gov.br\/metrofor\/wp-json\/wp\/v2\/comments?post=75519"}],"version-history":[{"count":2,"href":"https:\/\/ww16.ce.gov.br\/metrofor\/wp-json\/wp\/v2\/pages\/75519\/revisions"}],"predecessor-version":[{"id":75522,"href":"https:\/\/ww16.ce.gov.br\/metrofor\/wp-json\/wp\/v2\/pages\/75519\/revisions\/75522"}],"up":[{"embeddable":true,"href":"https:\/\/ww16.ce.gov.br\/metrofor\/wp-json\/wp\/v2\/pages\/75409"}],"wp:attachment":[{"href":"https:\/\/ww16.ce.gov.br\/metrofor\/wp-json\/wp\/v2\/media?parent=75519"}],"curies":[{"name":"wp","href":"https:\/\/api.w.org\/{rel}","templated":true}]}}