{"id":75502,"date":"2026-05-07T16:01:17","date_gmt":"2026-05-07T19:01:17","guid":{"rendered":"https:\/\/ww16.ce.gov.br\/metrofor\/?page_id=75502"},"modified":"2026-05-07T16:09:28","modified_gmt":"2026-05-07T19:09:28","slug":"sic","status":"publish","type":"page","link":"https:\/\/ww16.ce.gov.br\/metrofor\/acesso-a-informacao\/sic\/","title":{"rendered":"SIC"},"content":{"rendered":"\n<p>Relat\u00f3rios do Servi\u00e7o de Informa\u00e7\u00e3o ao Cidad\u00e3o<\/p>\n<ul class=\"ListaEst -Verde col2\" style=\"font-weight: bold\">\n        <li><a href=\"\/metrofor\/wp-content\/uploads\/sites\/75\/2026\/05\/relatorio-sic-2025.pdf\" target=\"_blank\" rel=\"noopener noreferrer\">SIC Relat\u00f3rio Metrofor 2025<\/a><\/li>\n        <li><a href=\"\/metrofor\/wp-content\/uploads\/sites\/75\/2025\/04\/relatorio-sic-2024.pdf\" target=\"_blank\" rel=\"noopener noreferrer\">SIC Relat\u00f3rio Metrofor 2024<\/a><\/li>\n \t<li><a href=\"\/metrofor\/wp-content\/uploads\/sites\/75\/2024\/03\/Relatorio-SIC-2023.pdf\" target=\"_blank\" rel=\"noopener noreferrer\">SIC Relat\u00f3rio Metrofor 2023<\/a><\/li>\n \t<li><a href=\"\/metrofor\/wp-content\/uploads\/sites\/75\/2024\/03\/Relatorio-SIC-2022.pdf\" target=\"_blank\" rel=\"noopener noreferrer\">SIC Relat\u00f3rio Metrofor 2022<\/a><\/li>\n \t<li><a href=\"\/metrofor\/wp-content\/uploads\/sites\/75\/2022\/04\/Relatorio-SIC-2021.pdf\" target=\"_blank\" rel=\"noopener noreferrer\">SIC Relat\u00f3rio Metrofor 2021<\/a><\/li>\n \t<li><a href=\"\/metrofor\/wp-content\/uploads\/sites\/75\/2026\/05\/relatorio-sic-2020.pdf\" target=\"_blank\" rel=\"noopener noreferrer\">SIC Relat\u00f3rio Metrofor 2020<\/a><\/li>\n \t<li><a href=\"\/metrofor\/wp-content\/uploads\/sites\/75\/2020\/02\/relatorio-sic-2019.pdf\" target=\"_blank\" rel=\"noopener noreferrer\">SIC Relat\u00f3rio Metrofor 2019<\/a><\/li>\n \t<li><a href=\"\/metrofor\/wp-content\/uploads\/sites\/75\/2020\/02\/relatorio-sic-2018.pdf\" target=\"_blank\" rel=\"noopener noreferrer\">SIC Relat\u00f3rio Metrofor 2018<\/a><\/li>\n \t<li><a href=\"\/metrofor\/wp-content\/uploads\/sites\/75\/2020\/02\/relatorio-sic-2017.pdf\" target=\"_blank\" rel=\"noopener noreferrer\">SIC Relat\u00f3rio Metrofor 2017<\/a><\/li>\n \t<li><a href=\"\/metrofor\/wp-content\/uploads\/sites\/75\/2017\/12\/relatorio-sic-2016.pdf\" target=\"_blank\" rel=\"noopener noreferrer\">SIC Relat\u00f3rio Metrofor 2016<\/a><\/li>\n \t<li><a href=\"\/metrofor\/wp-content\/uploads\/sites\/75\/2017\/12\/relatorio-sic-2015.pdf\" target=\"_blank\" rel=\"noopener noreferrer\">SIC Relat\u00f3rio Metrofor 2015<\/a><\/li>\n<li><a href=\"\/metrofor\/wp-content\/uploads\/sites\/75\/2017\/12\/relatorio-sic-2014.pdf\" target=\"_blank\" rel=\"noopener noreferrer\">SIC Relat\u00f3rio Metrofor 2014<\/a><\/li>\n<\/ul>\n","protected":false},"excerpt":{"rendered":"<p>Relat\u00f3rios do Servi\u00e7o de Informa\u00e7\u00e3o ao Cidad\u00e3o SIC Relat\u00f3rio Metrofor 2025 SIC Relat\u00f3rio Metrofor 2024 SIC Relat\u00f3rio Metrofor 2023 SIC Relat\u00f3rio Metrofor 2022 SIC Relat\u00f3rio Metrofor 2021 SIC Relat\u00f3rio Metrofor 2020 SIC Relat\u00f3rio Metrofor 2019 SIC Relat\u00f3rio Metrofor 2018 SIC Relat\u00f3rio Metrofor 2017 SIC Relat\u00f3rio Metrofor 2016 SIC Relat\u00f3rio Metrofor 2015 SIC Relat\u00f3rio Metrofor 2014<\/p>\n","protected":false},"author":115,"featured_media":0,"parent":75409,"menu_order":0,"comment_status":"closed","ping_status":"closed","template":"","meta":{"_acf_changed":false,"inline_featured_image":false,"footnotes":""},"class_list":["post-75502","page","type-page","status-publish","hentry"],"acf":[],"yoast_head":"<!-- This site is optimized with the Yoast SEO plugin v26.9 - https:\/\/yoast.com\/product\/yoast-seo-wordpress\/ -->\n<title>SIC - METROFOR<\/title>\n<meta name=\"robots\" content=\"index, follow, max-snippet:-1, max-image-preview:large, max-video-preview:-1\" \/>\n<link rel=\"canonical\" href=\"https:\/\/ww16.ce.gov.br\/metrofor\/acesso-a-informacao\/sic\/\" \/>\n<meta property=\"og:locale\" content=\"pt_BR\" \/>\n<meta property=\"og:type\" content=\"article\" \/>\n<meta property=\"og:title\" content=\"SIC - METROFOR\" \/>\n<meta property=\"og:description\" content=\"Relat\u00f3rios do Servi\u00e7o de Informa\u00e7\u00e3o ao Cidad\u00e3o SIC Relat\u00f3rio Metrofor 2025 SIC Relat\u00f3rio Metrofor 2024 SIC Relat\u00f3rio Metrofor 2023 SIC Relat\u00f3rio Metrofor 2022 SIC Relat\u00f3rio Metrofor 2021 SIC Relat\u00f3rio Metrofor 2020 SIC Relat\u00f3rio Metrofor 2019 SIC Relat\u00f3rio Metrofor 2018 SIC Relat\u00f3rio Metrofor 2017 SIC Relat\u00f3rio Metrofor 2016 SIC Relat\u00f3rio Metrofor 2015 SIC Relat\u00f3rio Metrofor 2014\" \/>\n<meta property=\"og:url\" content=\"https:\/\/ww16.ce.gov.br\/metrofor\/acesso-a-informacao\/sic\/\" \/>\n<meta property=\"og:site_name\" content=\"METROFOR\" \/>\n<meta property=\"article:modified_time\" content=\"2026-05-07T19:09:28+00:00\" \/>\n<meta name=\"twitter:card\" content=\"summary_large_image\" \/>\n<meta name=\"twitter:label1\" content=\"Est. reading time\" \/>\n\t<meta name=\"twitter:data1\" content=\"1 minuto\" \/>\n<script type=\"application\/ld+json\" class=\"yoast-schema-graph\">{\"@context\":\"https:\/\/schema.org\",\"@graph\":[{\"@type\":\"WebPage\",\"@id\":\"https:\/\/ww16.ce.gov.br\/metrofor\/acesso-a-informacao\/sic\/\",\"url\":\"https:\/\/ww16.ce.gov.br\/metrofor\/acesso-a-informacao\/sic\/\",\"name\":\"SIC - METROFOR\",\"isPartOf\":{\"@id\":\"https:\/\/ww16.ce.gov.br\/metrofor\/#website\"},\"datePublished\":\"2026-05-07T19:01:17+00:00\",\"dateModified\":\"2026-05-07T19:09:28+00:00\",\"breadcrumb\":{\"@id\":\"https:\/\/ww16.ce.gov.br\/metrofor\/acesso-a-informacao\/sic\/#breadcrumb\"},\"inLanguage\":\"pt-BR\",\"potentialAction\":[{\"@type\":\"ReadAction\",\"target\":[\"https:\/\/ww16.ce.gov.br\/metrofor\/acesso-a-informacao\/sic\/\"]}]},{\"@type\":\"BreadcrumbList\",\"@id\":\"https:\/\/ww16.ce.gov.br\/metrofor\/acesso-a-informacao\/sic\/#breadcrumb\",\"itemListElement\":[{\"@type\":\"ListItem\",\"position\":1,\"name\":\"In\u00edcio\",\"item\":\"https:\/\/ww16.ce.gov.br\/metrofor\/\"},{\"@type\":\"ListItem\",\"position\":2,\"name\":\"Acesso \u00e0 Informa\u00e7\u00e3o\",\"item\":\"https:\/\/ww16.ce.gov.br\/metrofor\/acesso-a-informacao\/\"},{\"@type\":\"ListItem\",\"position\":3,\"name\":\"SIC\"}]},{\"@type\":\"WebSite\",\"@id\":\"https:\/\/ww16.ce.gov.br\/metrofor\/#website\",\"url\":\"https:\/\/ww16.ce.gov.br\/metrofor\/\",\"name\":\"Metr\u00f4 de Fortaleza\",\"description\":\"Portal METROFOR\",\"publisher\":{\"@id\":\"https:\/\/ww16.ce.gov.br\/metrofor\/#organization\"},\"potentialAction\":[{\"@type\":\"SearchAction\",\"target\":{\"@type\":\"EntryPoint\",\"urlTemplate\":\"https:\/\/ww16.ce.gov.br\/metrofor\/?s={search_term_string}\"},\"query-input\":{\"@type\":\"PropertyValueSpecification\",\"valueRequired\":true,\"valueName\":\"search_term_string\"}}],\"inLanguage\":\"pt-BR\"},{\"@type\":\"Organization\",\"@id\":\"https:\/\/ww16.ce.gov.br\/metrofor\/#organization\",\"name\":\"Metr\u00f4 de Fortaleza\",\"url\":\"https:\/\/ww16.ce.gov.br\/metrofor\/\",\"logo\":{\"@type\":\"ImageObject\",\"inLanguage\":\"pt-BR\",\"@id\":\"https:\/\/ww16.ce.gov.br\/metrofor\/#\/schema\/logo\/image\/\",\"url\":\"http:\/\/ww16.ce.gov.br\/metrofor\/wp-content\/uploads\/sites\/32\/2018\/01\/METROFOR-SEINFRAclara.png\",\"contentUrl\":\"http:\/\/ww16.ce.gov.br\/metrofor\/wp-content\/uploads\/sites\/32\/2018\/01\/METROFOR-SEINFRAclara.png\",\"width\":559,\"height\":106,\"caption\":\"Metr\u00f4 de Fortaleza\"},\"image\":{\"@id\":\"https:\/\/ww16.ce.gov.br\/metrofor\/#\/schema\/logo\/image\/\"}}]}<\/script>\n<!-- \/ Yoast SEO plugin. -->","yoast_head_json":{"title":"SIC - METROFOR","robots":{"index":"index","follow":"follow","max-snippet":"max-snippet:-1","max-image-preview":"max-image-preview:large","max-video-preview":"max-video-preview:-1"},"canonical":"https:\/\/ww16.ce.gov.br\/metrofor\/acesso-a-informacao\/sic\/","og_locale":"pt_BR","og_type":"article","og_title":"SIC - METROFOR","og_description":"Relat\u00f3rios do Servi\u00e7o de Informa\u00e7\u00e3o ao Cidad\u00e3o SIC Relat\u00f3rio Metrofor 2025 SIC Relat\u00f3rio Metrofor 2024 SIC Relat\u00f3rio Metrofor 2023 SIC Relat\u00f3rio Metrofor 2022 SIC Relat\u00f3rio Metrofor 2021 SIC Relat\u00f3rio Metrofor 2020 SIC Relat\u00f3rio Metrofor 2019 SIC Relat\u00f3rio Metrofor 2018 SIC Relat\u00f3rio Metrofor 2017 SIC Relat\u00f3rio Metrofor 2016 SIC Relat\u00f3rio Metrofor 2015 SIC Relat\u00f3rio Metrofor 2014","og_url":"https:\/\/ww16.ce.gov.br\/metrofor\/acesso-a-informacao\/sic\/","og_site_name":"METROFOR","article_modified_time":"2026-05-07T19:09:28+00:00","twitter_card":"summary_large_image","twitter_misc":{"Est. reading time":"1 minuto"},"schema":{"@context":"https:\/\/schema.org","@graph":[{"@type":"WebPage","@id":"https:\/\/ww16.ce.gov.br\/metrofor\/acesso-a-informacao\/sic\/","url":"https:\/\/ww16.ce.gov.br\/metrofor\/acesso-a-informacao\/sic\/","name":"SIC - METROFOR","isPartOf":{"@id":"https:\/\/ww16.ce.gov.br\/metrofor\/#website"},"datePublished":"2026-05-07T19:01:17+00:00","dateModified":"2026-05-07T19:09:28+00:00","breadcrumb":{"@id":"https:\/\/ww16.ce.gov.br\/metrofor\/acesso-a-informacao\/sic\/#breadcrumb"},"inLanguage":"pt-BR","potentialAction":[{"@type":"ReadAction","target":["https:\/\/ww16.ce.gov.br\/metrofor\/acesso-a-informacao\/sic\/"]}]},{"@type":"BreadcrumbList","@id":"https:\/\/ww16.ce.gov.br\/metrofor\/acesso-a-informacao\/sic\/#breadcrumb","itemListElement":[{"@type":"ListItem","position":1,"name":"In\u00edcio","item":"https:\/\/ww16.ce.gov.br\/metrofor\/"},{"@type":"ListItem","position":2,"name":"Acesso \u00e0 Informa\u00e7\u00e3o","item":"https:\/\/ww16.ce.gov.br\/metrofor\/acesso-a-informacao\/"},{"@type":"ListItem","position":3,"name":"SIC"}]},{"@type":"WebSite","@id":"https:\/\/ww16.ce.gov.br\/metrofor\/#website","url":"https:\/\/ww16.ce.gov.br\/metrofor\/","name":"Metr\u00f4 de Fortaleza","description":"Portal METROFOR","publisher":{"@id":"https:\/\/ww16.ce.gov.br\/metrofor\/#organization"},"potentialAction":[{"@type":"SearchAction","target":{"@type":"EntryPoint","urlTemplate":"https:\/\/ww16.ce.gov.br\/metrofor\/?s={search_term_string}"},"query-input":{"@type":"PropertyValueSpecification","valueRequired":true,"valueName":"search_term_string"}}],"inLanguage":"pt-BR"},{"@type":"Organization","@id":"https:\/\/ww16.ce.gov.br\/metrofor\/#organization","name":"Metr\u00f4 de Fortaleza","url":"https:\/\/ww16.ce.gov.br\/metrofor\/","logo":{"@type":"ImageObject","inLanguage":"pt-BR","@id":"https:\/\/ww16.ce.gov.br\/metrofor\/#\/schema\/logo\/image\/","url":"http:\/\/ww16.ce.gov.br\/metrofor\/wp-content\/uploads\/sites\/32\/2018\/01\/METROFOR-SEINFRAclara.png","contentUrl":"http:\/\/ww16.ce.gov.br\/metrofor\/wp-content\/uploads\/sites\/32\/2018\/01\/METROFOR-SEINFRAclara.png","width":559,"height":106,"caption":"Metr\u00f4 de Fortaleza"},"image":{"@id":"https:\/\/ww16.ce.gov.br\/metrofor\/#\/schema\/logo\/image\/"}}]}},"_links":{"self":[{"href":"https:\/\/ww16.ce.gov.br\/metrofor\/wp-json\/wp\/v2\/pages\/75502","targetHints":{"allow":["GET"]}}],"collection":[{"href":"https:\/\/ww16.ce.gov.br\/metrofor\/wp-json\/wp\/v2\/pages"}],"about":[{"href":"https:\/\/ww16.ce.gov.br\/metrofor\/wp-json\/wp\/v2\/types\/page"}],"author":[{"embeddable":true,"href":"https:\/\/ww16.ce.gov.br\/metrofor\/wp-json\/wp\/v2\/users\/115"}],"replies":[{"embeddable":true,"href":"https:\/\/ww16.ce.gov.br\/metrofor\/wp-json\/wp\/v2\/comments?post=75502"}],"version-history":[{"count":3,"href":"https:\/\/ww16.ce.gov.br\/metrofor\/wp-json\/wp\/v2\/pages\/75502\/revisions"}],"predecessor-version":[{"id":75509,"href":"https:\/\/ww16.ce.gov.br\/metrofor\/wp-json\/wp\/v2\/pages\/75502\/revisions\/75509"}],"up":[{"embeddable":true,"href":"https:\/\/ww16.ce.gov.br\/metrofor\/wp-json\/wp\/v2\/pages\/75409"}],"wp:attachment":[{"href":"https:\/\/ww16.ce.gov.br\/metrofor\/wp-json\/wp\/v2\/media?parent=75502"}],"curies":[{"name":"wp","href":"https:\/\/api.w.org\/{rel}","templated":true}]}}