{"id":75494,"date":"2026-05-07T14:58:59","date_gmt":"2026-05-07T17:58:59","guid":{"rendered":"https:\/\/ww16.ce.gov.br\/metrofor\/?page_id=75494"},"modified":"2026-05-07T15:03:59","modified_gmt":"2026-05-07T18:03:59","slug":"perguntasfrequentes","status":"publish","type":"page","link":"https:\/\/ww16.ce.gov.br\/metrofor\/acesso-a-informacao\/perguntasfrequentes\/","title":{"rendered":"Perguntas Frequentes"},"content":{"rendered":"\n<p><strong>O que \u00e9 o Metrofor?<\/strong><br><span>O Metrofor \u00e9 um sistema de transporte de passageiros sobre trilhos, constitu\u00eddo por diversas linhas, atendendo diferentes bairros de Fortaleza e Regi\u00e3o Metropolitana. O projeto come\u00e7ou a ser viabilizado na d\u00e9cada de 1990, diante do crescimento populacional de Fortaleza e da consequente demanda por solu\u00e7\u00f5es de transporte p\u00fablico. Parte do projeto Metrofor encontra-se em pleno funcionamento, e outra parte encontra-se em fase de implanta\u00e7\u00e3o. Atualmente, comp\u00f5em o Metrofor as seguintes linhas e projetos: Linha Sul, Linha Oeste, Linha Leste e Ramal Parangaba-Mucuripe. Al\u00e9m dessas linhas, \u00e9 prevista a moderniza\u00e7\u00e3o da Linha Oeste, que dever\u00e1 passar por reforma e adquirir os mesmos padr\u00f5es da Linha Sul, deixando de ser uma linha de VLT e passando a ser uma linha de metr\u00f4. O projeto Metrofor \u00e9 executado pelo Governo do Cear\u00e1, com recursos oriundos do Governo Federal, tesouro estadual e financiamentos.<\/span><\/p>\n<p><strong>Quais linhas j\u00e1 est\u00e3o em funcionamento?<\/strong><br><span>As linhas de transporte de passageiros sobre trilhos em funcionamento s\u00e3o: Linha Sul, Linha Oeste e Ramal Parangaba-Mucuripe. Esta \u00faltima linha encontra-se, ainda, em fase de implanta\u00e7\u00e3o, por isso, seu funcionamento est\u00e1 em fase de Opera\u00e7\u00e3o Assistida \u2013 momento em que a popula\u00e7\u00e3o utiliza o sistema de forma gratuita, em trechos e hor\u00e1rios reduzidos, e que funciona como teste para verifica\u00e7\u00e3o da opera\u00e7\u00e3o e da obra. \u00c0 medida em que as obras avancem, a Opera\u00e7\u00e3o Assistida ser\u00e1 ampliada e, posteriormente, se chegar\u00e1 \u00e0 fase de Opera\u00e7\u00e3o Comercial.<\/span><\/p>\n<p><strong>Quais linhas est\u00e3o em fase de implanta\u00e7\u00e3o?<\/strong><br><span>Encontram-se em implanta\u00e7\u00e3o a Linha Leste e o Ramal Parangaba-Mucuripe.<\/span><\/p>\n<p><strong>Quais linhas est\u00e3o em funcionamento no Interior do estado?<\/strong><br>Al\u00e9m do Metrofor, o Governo do Cear\u00e1, nos \u00faltimos anos, implantou dois sistemas de transporte de passageiros sobre trilhos no Interior. Os sistemas atendem Sobral e Cariri, que s\u00e3o as regi\u00f5es com maior atividade econ\u00f4mica fora da Regi\u00e3o Metropolitana de Fortaleza. Tanto o VLT de Sobral como o VLT do Cariri encontram-se em opera\u00e7\u00e3o regular, de segunda \u00e0 s\u00e1bado.. No momento, n\u00e3o h\u00e1 novas linhas planejadas para o Interior do Estado.<\/p>\n<p><strong>Existem diferen\u00e7as t\u00e9cnicas entre as linhas?<\/strong><br><span>As linhas Sul e Leste s\u00e3o linhas de metr\u00f4, e as demais linhas (Oeste, VLT Parangaba-Mucuripe, VLT de Sobral e VLT do Cariri) s\u00e3o linhas de Ve\u00edculo Leve sobre Trilhos. Existem diferen\u00e7as entre esses tipos de sistemas. Metr\u00f4s funcionam com equipamentos e tecnologia espec\u00edficos que resultam em maior rapidez nas viagens. Al\u00e9m disso, metr\u00f4s s\u00e3o sistemas segregados \u2013 ou seja, sua via f\u00e9rrea n\u00e3o \u00e9 cortada por rua ou avenida durante o percurso. Por isso, metr\u00f4s alcan\u00e7am maior velocidade, em rela\u00e7\u00e3o aos VLTs. J\u00e1 os VLTs s\u00e3o segregados: sua via f\u00e9rrea \u00e9 cortada por ruas e avenidas e, nesses pontos, existem as Passagens de N\u00edvel \u2013 locais em que o trem precisa reduzir sua velocidade para prevenir acidentes com carros e motos que cruzam o mesmo trecho. Apesar da velocidade mais baixa em rela\u00e7\u00e3o ao metr\u00f4, o VLT \u00e9 a solu\u00e7\u00e3o vi\u00e1vel de ser implantada em \u00e1reas de grande adensamento habitacional, com menor impacto social e menor custo de implanta\u00e7\u00e3o. Os trens utilizados no metr\u00f4 s\u00e3o trens el\u00e9tricos \u2013 chamados de TUE: Trens de Unidade El\u00e9trica. J\u00e1 os trens utilizados nas linha de VLT s\u00e3o os Ve\u00edculo Leve sobre Trilhos (VLT), que funcionam \u00e0 diesel. Devido \u00e0 maior rapidez nas viagens e, por sequ\u00eancia, maior quantidade de viagens durante o hor\u00e1rio de opera\u00e7\u00e3o, o metr\u00f4 possui maior capacidade de transporte de passageiros.<\/span><br><\/p>\n","protected":false},"excerpt":{"rendered":"<p>O que \u00e9 o Metrofor?O Metrofor \u00e9 um sistema de transporte de passageiros sobre trilhos, constitu\u00eddo por diversas linhas, atendendo diferentes bairros de Fortaleza e Regi\u00e3o Metropolitana. O projeto come\u00e7ou a ser viabilizado na d\u00e9cada de 1990, diante do crescimento populacional de Fortaleza e da consequente demanda por solu\u00e7\u00f5es de transporte p\u00fablico. Parte do projeto [&hellip;]<\/p>\n","protected":false},"author":115,"featured_media":0,"parent":75409,"menu_order":0,"comment_status":"closed","ping_status":"closed","template":"","meta":{"_acf_changed":false,"inline_featured_image":false,"footnotes":""},"class_list":["post-75494","page","type-page","status-publish","hentry"],"acf":[],"yoast_head":"<!-- This site is optimized with the Yoast SEO plugin v26.9 - https:\/\/yoast.com\/product\/yoast-seo-wordpress\/ -->\n<title>Perguntas Frequentes - METROFOR<\/title>\n<meta name=\"robots\" content=\"index, follow, max-snippet:-1, max-image-preview:large, max-video-preview:-1\" \/>\n<link rel=\"canonical\" href=\"https:\/\/ww16.ce.gov.br\/metrofor\/acesso-a-informacao\/perguntasfrequentes\/\" \/>\n<meta property=\"og:locale\" content=\"pt_BR\" \/>\n<meta property=\"og:type\" content=\"article\" \/>\n<meta property=\"og:title\" content=\"Perguntas Frequentes - METROFOR\" \/>\n<meta property=\"og:description\" content=\"O que \u00e9 o Metrofor?O Metrofor \u00e9 um sistema de transporte de passageiros sobre trilhos, constitu\u00eddo por diversas linhas, atendendo diferentes bairros de Fortaleza e Regi\u00e3o Metropolitana. O projeto come\u00e7ou a ser viabilizado na d\u00e9cada de 1990, diante do crescimento populacional de Fortaleza e da consequente demanda por solu\u00e7\u00f5es de transporte p\u00fablico. Parte do projeto [&hellip;]\" \/>\n<meta property=\"og:url\" content=\"https:\/\/ww16.ce.gov.br\/metrofor\/acesso-a-informacao\/perguntasfrequentes\/\" \/>\n<meta property=\"og:site_name\" content=\"METROFOR\" \/>\n<meta property=\"article:modified_time\" content=\"2026-05-07T18:03:59+00:00\" \/>\n<meta name=\"twitter:card\" content=\"summary_large_image\" \/>\n<meta name=\"twitter:label1\" content=\"Est. reading time\" \/>\n\t<meta name=\"twitter:data1\" content=\"4 minutos\" \/>\n<script type=\"application\/ld+json\" class=\"yoast-schema-graph\">{\"@context\":\"https:\/\/schema.org\",\"@graph\":[{\"@type\":\"WebPage\",\"@id\":\"https:\/\/ww16.ce.gov.br\/metrofor\/acesso-a-informacao\/perguntasfrequentes\/\",\"url\":\"https:\/\/ww16.ce.gov.br\/metrofor\/acesso-a-informacao\/perguntasfrequentes\/\",\"name\":\"Perguntas Frequentes - METROFOR\",\"isPartOf\":{\"@id\":\"https:\/\/ww16.ce.gov.br\/metrofor\/#website\"},\"datePublished\":\"2026-05-07T17:58:59+00:00\",\"dateModified\":\"2026-05-07T18:03:59+00:00\",\"breadcrumb\":{\"@id\":\"https:\/\/ww16.ce.gov.br\/metrofor\/acesso-a-informacao\/perguntasfrequentes\/#breadcrumb\"},\"inLanguage\":\"pt-BR\",\"potentialAction\":[{\"@type\":\"ReadAction\",\"target\":[\"https:\/\/ww16.ce.gov.br\/metrofor\/acesso-a-informacao\/perguntasfrequentes\/\"]}]},{\"@type\":\"BreadcrumbList\",\"@id\":\"https:\/\/ww16.ce.gov.br\/metrofor\/acesso-a-informacao\/perguntasfrequentes\/#breadcrumb\",\"itemListElement\":[{\"@type\":\"ListItem\",\"position\":1,\"name\":\"In\u00edcio\",\"item\":\"https:\/\/ww16.ce.gov.br\/metrofor\/\"},{\"@type\":\"ListItem\",\"position\":2,\"name\":\"Acesso \u00e0 Informa\u00e7\u00e3o\",\"item\":\"https:\/\/ww16.ce.gov.br\/metrofor\/acesso-a-informacao\/\"},{\"@type\":\"ListItem\",\"position\":3,\"name\":\"Perguntas Frequentes\"}]},{\"@type\":\"WebSite\",\"@id\":\"https:\/\/ww16.ce.gov.br\/metrofor\/#website\",\"url\":\"https:\/\/ww16.ce.gov.br\/metrofor\/\",\"name\":\"Metr\u00f4 de Fortaleza\",\"description\":\"Portal METROFOR\",\"publisher\":{\"@id\":\"https:\/\/ww16.ce.gov.br\/metrofor\/#organization\"},\"potentialAction\":[{\"@type\":\"SearchAction\",\"target\":{\"@type\":\"EntryPoint\",\"urlTemplate\":\"https:\/\/ww16.ce.gov.br\/metrofor\/?s={search_term_string}\"},\"query-input\":{\"@type\":\"PropertyValueSpecification\",\"valueRequired\":true,\"valueName\":\"search_term_string\"}}],\"inLanguage\":\"pt-BR\"},{\"@type\":\"Organization\",\"@id\":\"https:\/\/ww16.ce.gov.br\/metrofor\/#organization\",\"name\":\"Metr\u00f4 de Fortaleza\",\"url\":\"https:\/\/ww16.ce.gov.br\/metrofor\/\",\"logo\":{\"@type\":\"ImageObject\",\"inLanguage\":\"pt-BR\",\"@id\":\"https:\/\/ww16.ce.gov.br\/metrofor\/#\/schema\/logo\/image\/\",\"url\":\"http:\/\/ww16.ce.gov.br\/metrofor\/wp-content\/uploads\/sites\/32\/2018\/01\/METROFOR-SEINFRAclara.png\",\"contentUrl\":\"http:\/\/ww16.ce.gov.br\/metrofor\/wp-content\/uploads\/sites\/32\/2018\/01\/METROFOR-SEINFRAclara.png\",\"width\":559,\"height\":106,\"caption\":\"Metr\u00f4 de Fortaleza\"},\"image\":{\"@id\":\"https:\/\/ww16.ce.gov.br\/metrofor\/#\/schema\/logo\/image\/\"}}]}<\/script>\n<!-- \/ Yoast SEO plugin. -->","yoast_head_json":{"title":"Perguntas Frequentes - METROFOR","robots":{"index":"index","follow":"follow","max-snippet":"max-snippet:-1","max-image-preview":"max-image-preview:large","max-video-preview":"max-video-preview:-1"},"canonical":"https:\/\/ww16.ce.gov.br\/metrofor\/acesso-a-informacao\/perguntasfrequentes\/","og_locale":"pt_BR","og_type":"article","og_title":"Perguntas Frequentes - METROFOR","og_description":"O que \u00e9 o Metrofor?O Metrofor \u00e9 um sistema de transporte de passageiros sobre trilhos, constitu\u00eddo por diversas linhas, atendendo diferentes bairros de Fortaleza e Regi\u00e3o Metropolitana. O projeto come\u00e7ou a ser viabilizado na d\u00e9cada de 1990, diante do crescimento populacional de Fortaleza e da consequente demanda por solu\u00e7\u00f5es de transporte p\u00fablico. Parte do projeto [&hellip;]","og_url":"https:\/\/ww16.ce.gov.br\/metrofor\/acesso-a-informacao\/perguntasfrequentes\/","og_site_name":"METROFOR","article_modified_time":"2026-05-07T18:03:59+00:00","twitter_card":"summary_large_image","twitter_misc":{"Est. reading time":"4 minutos"},"schema":{"@context":"https:\/\/schema.org","@graph":[{"@type":"WebPage","@id":"https:\/\/ww16.ce.gov.br\/metrofor\/acesso-a-informacao\/perguntasfrequentes\/","url":"https:\/\/ww16.ce.gov.br\/metrofor\/acesso-a-informacao\/perguntasfrequentes\/","name":"Perguntas Frequentes - METROFOR","isPartOf":{"@id":"https:\/\/ww16.ce.gov.br\/metrofor\/#website"},"datePublished":"2026-05-07T17:58:59+00:00","dateModified":"2026-05-07T18:03:59+00:00","breadcrumb":{"@id":"https:\/\/ww16.ce.gov.br\/metrofor\/acesso-a-informacao\/perguntasfrequentes\/#breadcrumb"},"inLanguage":"pt-BR","potentialAction":[{"@type":"ReadAction","target":["https:\/\/ww16.ce.gov.br\/metrofor\/acesso-a-informacao\/perguntasfrequentes\/"]}]},{"@type":"BreadcrumbList","@id":"https:\/\/ww16.ce.gov.br\/metrofor\/acesso-a-informacao\/perguntasfrequentes\/#breadcrumb","itemListElement":[{"@type":"ListItem","position":1,"name":"In\u00edcio","item":"https:\/\/ww16.ce.gov.br\/metrofor\/"},{"@type":"ListItem","position":2,"name":"Acesso \u00e0 Informa\u00e7\u00e3o","item":"https:\/\/ww16.ce.gov.br\/metrofor\/acesso-a-informacao\/"},{"@type":"ListItem","position":3,"name":"Perguntas Frequentes"}]},{"@type":"WebSite","@id":"https:\/\/ww16.ce.gov.br\/metrofor\/#website","url":"https:\/\/ww16.ce.gov.br\/metrofor\/","name":"Metr\u00f4 de Fortaleza","description":"Portal METROFOR","publisher":{"@id":"https:\/\/ww16.ce.gov.br\/metrofor\/#organization"},"potentialAction":[{"@type":"SearchAction","target":{"@type":"EntryPoint","urlTemplate":"https:\/\/ww16.ce.gov.br\/metrofor\/?s={search_term_string}"},"query-input":{"@type":"PropertyValueSpecification","valueRequired":true,"valueName":"search_term_string"}}],"inLanguage":"pt-BR"},{"@type":"Organization","@id":"https:\/\/ww16.ce.gov.br\/metrofor\/#organization","name":"Metr\u00f4 de Fortaleza","url":"https:\/\/ww16.ce.gov.br\/metrofor\/","logo":{"@type":"ImageObject","inLanguage":"pt-BR","@id":"https:\/\/ww16.ce.gov.br\/metrofor\/#\/schema\/logo\/image\/","url":"http:\/\/ww16.ce.gov.br\/metrofor\/wp-content\/uploads\/sites\/32\/2018\/01\/METROFOR-SEINFRAclara.png","contentUrl":"http:\/\/ww16.ce.gov.br\/metrofor\/wp-content\/uploads\/sites\/32\/2018\/01\/METROFOR-SEINFRAclara.png","width":559,"height":106,"caption":"Metr\u00f4 de Fortaleza"},"image":{"@id":"https:\/\/ww16.ce.gov.br\/metrofor\/#\/schema\/logo\/image\/"}}]}},"_links":{"self":[{"href":"https:\/\/ww16.ce.gov.br\/metrofor\/wp-json\/wp\/v2\/pages\/75494","targetHints":{"allow":["GET"]}}],"collection":[{"href":"https:\/\/ww16.ce.gov.br\/metrofor\/wp-json\/wp\/v2\/pages"}],"about":[{"href":"https:\/\/ww16.ce.gov.br\/metrofor\/wp-json\/wp\/v2\/types\/page"}],"author":[{"embeddable":true,"href":"https:\/\/ww16.ce.gov.br\/metrofor\/wp-json\/wp\/v2\/users\/115"}],"replies":[{"embeddable":true,"href":"https:\/\/ww16.ce.gov.br\/metrofor\/wp-json\/wp\/v2\/comments?post=75494"}],"version-history":[{"count":2,"href":"https:\/\/ww16.ce.gov.br\/metrofor\/wp-json\/wp\/v2\/pages\/75494\/revisions"}],"predecessor-version":[{"id":75496,"href":"https:\/\/ww16.ce.gov.br\/metrofor\/wp-json\/wp\/v2\/pages\/75494\/revisions\/75496"}],"up":[{"embeddable":true,"href":"https:\/\/ww16.ce.gov.br\/metrofor\/wp-json\/wp\/v2\/pages\/75409"}],"wp:attachment":[{"href":"https:\/\/ww16.ce.gov.br\/metrofor\/wp-json\/wp\/v2\/media?parent=75494"}],"curies":[{"name":"wp","href":"https:\/\/api.w.org\/{rel}","templated":true}]}}