{"id":75423,"date":"2026-05-04T14:10:30","date_gmt":"2026-05-04T17:10:30","guid":{"rendered":"https:\/\/ww16.ce.gov.br\/metrofor\/?page_id=75423"},"modified":"2026-05-04T14:21:27","modified_gmt":"2026-05-04T17:21:27","slug":"editais","status":"publish","type":"page","link":"https:\/\/ww16.ce.gov.br\/metrofor\/governanca-corporativa\/editais\/","title":{"rendered":"Editais"},"content":{"rendered":"\n<div dir=\"ltr\">\n<div>\n<p align=\"center\"><b><u>EXTRATO DO EDITAL DE LEIL\u00c3O P\u00daBLICO N\u00ba 01\/2025<\/u><\/b><\/p>\n<p align=\"center\"><b><u>MODALIDADE ONLINE ELETR\u00d4NICO VIA REDE MUNDIAL DE COMPUTADORES<\/u><\/b><\/p>\n&nbsp;\n\n<a name=\"m_3355695449643141927__Hlk169511482\"><\/a>A COMPANHIA CEARENSE DE TRANSPORTES METROPOLITANOS \u2013 METROFOR, com sede na Rua Senador Jaguaribe, n\u00ba 501, Bairro Moura Brasil, Fortaleza\/CE, CEP 60.010-010, sociedade de capital misto de controle acion\u00e1rio do Estado do Cear\u00e1, inscrita no CNPJ sob n\u00ba 02.003.575\/0001-93, por interm\u00e9dio do Diretor Presidente e do Diretor de Gest\u00e3o Empresarial, comunica aos interessados, que far\u00e1 realizar LEIL\u00c3O P\u00daBLICO ONLINE ELETR\u00d4NICO VIA REDE MUNDIAL DE COMPUTADORES, de bens m\u00f3veis inserv\u00edveis constantes no Anexo I deste Edital (bens inserv\u00edveis em geral), que ser\u00e3o arrematados pelo maior lance oferecido, igual ou acima da avalia\u00e7\u00e3o, atrav\u00e9s do Leiloeiro P\u00fablico Oficial<b>\u00a0Rodrigo Schmitz, matriculado na JUCEC sob n\u00ba. 49, contratado conforme Contrato n\u00ba 55\/METROFOR\/2024, fundamentado no Preg\u00e3o Eletr\u00f4nico n\u00ba 20240007\/METROFOR\/DGE e seus anexos.<\/b>\n\n<b><u>DIA DO ENCERRAMENTO<\/u><\/b><b>:<\/b>\u00a010 de mar\u00e7o de 2025.\n\n<b><u>HORA DO ENCERRAMENTO<\/u><\/b><b>:<\/b>\u00a010 horas o primeiro lote e os demais a cada tr\u00eas minutos (<b>Hora Oficial de Bras\u00edlia UTC-3<\/b>).\n\n<b><u>LOCAL<\/u><\/b><b>:<\/b>\u00a0Rede Mundial de Computadores no s\u00edtio\u00a0<a href=\"https:\/\/www.hammer.lel.br\/\" target=\"_blank\" rel=\"noopener\" data-saferedirecturl=\"https:\/\/www.google.com\/url?q=https:\/\/www.hammer.lel.br&amp;source=gmail&amp;ust=1738951437205000&amp;usg=AOvVaw28BOHNMQ9ewYSgcJPvXeXl\">www.hammer.lel.br<\/a>.\n\n<b><u>OBTEN\u00c7\u00c3O DO EDITAL E INFORMA\u00c7\u00d5ES<\/u><\/b><b>:<\/b>\u00a0<a name=\"m_3355695449643141927__Hlk169511357\"><\/a>O Edital completo, bem como os demais elementos informativos, poder\u00e1 ser obtido junto \u00e0 COMPANHIA CEARENSE DE TRANSPORTES METROPOLITANOS \u2013 METROFOR atrav\u00e9s do site\u00a0<b>https:\/\/www.metrofor.ce.gov.br\/projeto\/editais\/<\/b>, ou ent\u00e3o junto ao Leiloeiro P\u00fablico Oficial atrav\u00e9s do site\u00a0<a href=\"https:\/\/www.hammer.lel.br\/\" target=\"_blank\" rel=\"noopener\" data-saferedirecturl=\"https:\/\/www.google.com\/url?q=https:\/\/www.hammer.lel.br&amp;source=gmail&amp;ust=1738951437205000&amp;usg=AOvVaw28BOHNMQ9ewYSgcJPvXeXl\"><b>www.<\/b><\/a><b><a href=\"https:\/\/hammer.lel.br\/\" target=\"_blank\" rel=\"noopener\" data-saferedirecturl=\"https:\/\/www.google.com\/url?q=https:\/\/hammer.lel.br&amp;source=gmail&amp;ust=1738951437205000&amp;usg=AOvVaw0WgebalSl0OtIsv9rWg-K0\">hammer.lel.br<\/a><\/b>\u00a0ou do telefone\/WhatsApp\u00a0<b>0800 800 0086<\/b>.\n\n<b><u>FUNDAMENTO LEGAL<\/u><\/b>:\u00a0<b>&#8230;&#8230;&#8230;&#8230;&#8230; art. 6\u00ba, XL, da Lei Federal N\u00ba. 14.133\/21.<\/b>\n\n<\/div>\n<\/div>\n<ul class=\"ListaEst -Verde col2\" style=\"font-weight: bold\">\n \t<li><a href=\"https:\/\/www.metrofor.ce.gov.br\/wp-content\/uploads\/sites\/32\/2025\/02\/Edital-Leilao.pdf\" target=\"_blank\" rel=\"noopener noreferrer\">Edital de Leil\u00e3o P\u00fablico N\u00b0 01\/2025 <\/a><\/li>\n<\/ul>\n<\/li>\n<\/ul>\n\n\n\n<p><\/p>\n","protected":false},"excerpt":{"rendered":"<p>EXTRATO DO EDITAL DE LEIL\u00c3O P\u00daBLICO N\u00ba 01\/2025 MODALIDADE ONLINE ELETR\u00d4NICO VIA REDE MUNDIAL DE COMPUTADORES &nbsp; A COMPANHIA CEARENSE DE TRANSPORTES METROPOLITANOS \u2013 METROFOR, com sede na Rua Senador Jaguaribe, n\u00ba 501, Bairro Moura Brasil, Fortaleza\/CE, CEP 60.010-010, sociedade de capital misto de controle acion\u00e1rio do Estado do Cear\u00e1, inscrita no CNPJ sob n\u00ba [&hellip;]<\/p>\n","protected":false},"author":115,"featured_media":0,"parent":69107,"menu_order":0,"comment_status":"closed","ping_status":"closed","template":"","meta":{"_acf_changed":false,"inline_featured_image":false,"footnotes":""},"class_list":["post-75423","page","type-page","status-publish","hentry"],"acf":[],"yoast_head":"<!-- This site is optimized with the Yoast SEO plugin v26.9 - https:\/\/yoast.com\/product\/yoast-seo-wordpress\/ -->\n<title>Editais - METROFOR<\/title>\n<meta name=\"robots\" content=\"index, follow, max-snippet:-1, max-image-preview:large, max-video-preview:-1\" \/>\n<link rel=\"canonical\" href=\"https:\/\/ww16.ce.gov.br\/metrofor\/governanca-corporativa\/editais\/\" \/>\n<meta property=\"og:locale\" content=\"pt_BR\" \/>\n<meta property=\"og:type\" content=\"article\" \/>\n<meta property=\"og:title\" content=\"Editais - METROFOR\" \/>\n<meta property=\"og:description\" content=\"EXTRATO DO EDITAL DE LEIL\u00c3O P\u00daBLICO N\u00ba 01\/2025 MODALIDADE ONLINE ELETR\u00d4NICO VIA REDE MUNDIAL DE COMPUTADORES &nbsp; A COMPANHIA CEARENSE DE TRANSPORTES METROPOLITANOS \u2013 METROFOR, com sede na Rua Senador Jaguaribe, n\u00ba 501, Bairro Moura Brasil, Fortaleza\/CE, CEP 60.010-010, sociedade de capital misto de controle acion\u00e1rio do Estado do Cear\u00e1, inscrita no CNPJ sob n\u00ba [&hellip;]\" \/>\n<meta property=\"og:url\" content=\"https:\/\/ww16.ce.gov.br\/metrofor\/governanca-corporativa\/editais\/\" \/>\n<meta property=\"og:site_name\" content=\"METROFOR\" \/>\n<meta property=\"article:modified_time\" content=\"2026-05-04T17:21:27+00:00\" \/>\n<meta name=\"twitter:card\" content=\"summary_large_image\" \/>\n<meta name=\"twitter:label1\" content=\"Est. reading time\" \/>\n\t<meta name=\"twitter:data1\" content=\"2 minutos\" \/>\n<script type=\"application\/ld+json\" class=\"yoast-schema-graph\">{\"@context\":\"https:\/\/schema.org\",\"@graph\":[{\"@type\":\"WebPage\",\"@id\":\"https:\/\/ww16.ce.gov.br\/metrofor\/governanca-corporativa\/editais\/\",\"url\":\"https:\/\/ww16.ce.gov.br\/metrofor\/governanca-corporativa\/editais\/\",\"name\":\"Editais - METROFOR\",\"isPartOf\":{\"@id\":\"https:\/\/ww16.ce.gov.br\/metrofor\/#website\"},\"datePublished\":\"2026-05-04T17:10:30+00:00\",\"dateModified\":\"2026-05-04T17:21:27+00:00\",\"breadcrumb\":{\"@id\":\"https:\/\/ww16.ce.gov.br\/metrofor\/governanca-corporativa\/editais\/#breadcrumb\"},\"inLanguage\":\"pt-BR\",\"potentialAction\":[{\"@type\":\"ReadAction\",\"target\":[\"https:\/\/ww16.ce.gov.br\/metrofor\/governanca-corporativa\/editais\/\"]}]},{\"@type\":\"BreadcrumbList\",\"@id\":\"https:\/\/ww16.ce.gov.br\/metrofor\/governanca-corporativa\/editais\/#breadcrumb\",\"itemListElement\":[{\"@type\":\"ListItem\",\"position\":1,\"name\":\"In\u00edcio\",\"item\":\"https:\/\/ww16.ce.gov.br\/metrofor\/\"},{\"@type\":\"ListItem\",\"position\":2,\"name\":\"Governan\u00e7a Corporativa\",\"item\":\"https:\/\/ww16.ce.gov.br\/metrofor\/governanca-corporativa\/\"},{\"@type\":\"ListItem\",\"position\":3,\"name\":\"Editais\"}]},{\"@type\":\"WebSite\",\"@id\":\"https:\/\/ww16.ce.gov.br\/metrofor\/#website\",\"url\":\"https:\/\/ww16.ce.gov.br\/metrofor\/\",\"name\":\"Metr\u00f4 de Fortaleza\",\"description\":\"Portal METROFOR\",\"publisher\":{\"@id\":\"https:\/\/ww16.ce.gov.br\/metrofor\/#organization\"},\"potentialAction\":[{\"@type\":\"SearchAction\",\"target\":{\"@type\":\"EntryPoint\",\"urlTemplate\":\"https:\/\/ww16.ce.gov.br\/metrofor\/?s={search_term_string}\"},\"query-input\":{\"@type\":\"PropertyValueSpecification\",\"valueRequired\":true,\"valueName\":\"search_term_string\"}}],\"inLanguage\":\"pt-BR\"},{\"@type\":\"Organization\",\"@id\":\"https:\/\/ww16.ce.gov.br\/metrofor\/#organization\",\"name\":\"Metr\u00f4 de Fortaleza\",\"url\":\"https:\/\/ww16.ce.gov.br\/metrofor\/\",\"logo\":{\"@type\":\"ImageObject\",\"inLanguage\":\"pt-BR\",\"@id\":\"https:\/\/ww16.ce.gov.br\/metrofor\/#\/schema\/logo\/image\/\",\"url\":\"http:\/\/ww16.ce.gov.br\/metrofor\/wp-content\/uploads\/sites\/32\/2018\/01\/METROFOR-SEINFRAclara.png\",\"contentUrl\":\"http:\/\/ww16.ce.gov.br\/metrofor\/wp-content\/uploads\/sites\/32\/2018\/01\/METROFOR-SEINFRAclara.png\",\"width\":559,\"height\":106,\"caption\":\"Metr\u00f4 de Fortaleza\"},\"image\":{\"@id\":\"https:\/\/ww16.ce.gov.br\/metrofor\/#\/schema\/logo\/image\/\"}}]}<\/script>\n<!-- \/ Yoast SEO plugin. -->","yoast_head_json":{"title":"Editais - METROFOR","robots":{"index":"index","follow":"follow","max-snippet":"max-snippet:-1","max-image-preview":"max-image-preview:large","max-video-preview":"max-video-preview:-1"},"canonical":"https:\/\/ww16.ce.gov.br\/metrofor\/governanca-corporativa\/editais\/","og_locale":"pt_BR","og_type":"article","og_title":"Editais - METROFOR","og_description":"EXTRATO DO EDITAL DE LEIL\u00c3O P\u00daBLICO N\u00ba 01\/2025 MODALIDADE ONLINE ELETR\u00d4NICO VIA REDE MUNDIAL DE COMPUTADORES &nbsp; A COMPANHIA CEARENSE DE TRANSPORTES METROPOLITANOS \u2013 METROFOR, com sede na Rua Senador Jaguaribe, n\u00ba 501, Bairro Moura Brasil, Fortaleza\/CE, CEP 60.010-010, sociedade de capital misto de controle acion\u00e1rio do Estado do Cear\u00e1, inscrita no CNPJ sob n\u00ba [&hellip;]","og_url":"https:\/\/ww16.ce.gov.br\/metrofor\/governanca-corporativa\/editais\/","og_site_name":"METROFOR","article_modified_time":"2026-05-04T17:21:27+00:00","twitter_card":"summary_large_image","twitter_misc":{"Est. reading time":"2 minutos"},"schema":{"@context":"https:\/\/schema.org","@graph":[{"@type":"WebPage","@id":"https:\/\/ww16.ce.gov.br\/metrofor\/governanca-corporativa\/editais\/","url":"https:\/\/ww16.ce.gov.br\/metrofor\/governanca-corporativa\/editais\/","name":"Editais - METROFOR","isPartOf":{"@id":"https:\/\/ww16.ce.gov.br\/metrofor\/#website"},"datePublished":"2026-05-04T17:10:30+00:00","dateModified":"2026-05-04T17:21:27+00:00","breadcrumb":{"@id":"https:\/\/ww16.ce.gov.br\/metrofor\/governanca-corporativa\/editais\/#breadcrumb"},"inLanguage":"pt-BR","potentialAction":[{"@type":"ReadAction","target":["https:\/\/ww16.ce.gov.br\/metrofor\/governanca-corporativa\/editais\/"]}]},{"@type":"BreadcrumbList","@id":"https:\/\/ww16.ce.gov.br\/metrofor\/governanca-corporativa\/editais\/#breadcrumb","itemListElement":[{"@type":"ListItem","position":1,"name":"In\u00edcio","item":"https:\/\/ww16.ce.gov.br\/metrofor\/"},{"@type":"ListItem","position":2,"name":"Governan\u00e7a Corporativa","item":"https:\/\/ww16.ce.gov.br\/metrofor\/governanca-corporativa\/"},{"@type":"ListItem","position":3,"name":"Editais"}]},{"@type":"WebSite","@id":"https:\/\/ww16.ce.gov.br\/metrofor\/#website","url":"https:\/\/ww16.ce.gov.br\/metrofor\/","name":"Metr\u00f4 de Fortaleza","description":"Portal METROFOR","publisher":{"@id":"https:\/\/ww16.ce.gov.br\/metrofor\/#organization"},"potentialAction":[{"@type":"SearchAction","target":{"@type":"EntryPoint","urlTemplate":"https:\/\/ww16.ce.gov.br\/metrofor\/?s={search_term_string}"},"query-input":{"@type":"PropertyValueSpecification","valueRequired":true,"valueName":"search_term_string"}}],"inLanguage":"pt-BR"},{"@type":"Organization","@id":"https:\/\/ww16.ce.gov.br\/metrofor\/#organization","name":"Metr\u00f4 de Fortaleza","url":"https:\/\/ww16.ce.gov.br\/metrofor\/","logo":{"@type":"ImageObject","inLanguage":"pt-BR","@id":"https:\/\/ww16.ce.gov.br\/metrofor\/#\/schema\/logo\/image\/","url":"http:\/\/ww16.ce.gov.br\/metrofor\/wp-content\/uploads\/sites\/32\/2018\/01\/METROFOR-SEINFRAclara.png","contentUrl":"http:\/\/ww16.ce.gov.br\/metrofor\/wp-content\/uploads\/sites\/32\/2018\/01\/METROFOR-SEINFRAclara.png","width":559,"height":106,"caption":"Metr\u00f4 de Fortaleza"},"image":{"@id":"https:\/\/ww16.ce.gov.br\/metrofor\/#\/schema\/logo\/image\/"}}]}},"_links":{"self":[{"href":"https:\/\/ww16.ce.gov.br\/metrofor\/wp-json\/wp\/v2\/pages\/75423","targetHints":{"allow":["GET"]}}],"collection":[{"href":"https:\/\/ww16.ce.gov.br\/metrofor\/wp-json\/wp\/v2\/pages"}],"about":[{"href":"https:\/\/ww16.ce.gov.br\/metrofor\/wp-json\/wp\/v2\/types\/page"}],"author":[{"embeddable":true,"href":"https:\/\/ww16.ce.gov.br\/metrofor\/wp-json\/wp\/v2\/users\/115"}],"replies":[{"embeddable":true,"href":"https:\/\/ww16.ce.gov.br\/metrofor\/wp-json\/wp\/v2\/comments?post=75423"}],"version-history":[{"count":1,"href":"https:\/\/ww16.ce.gov.br\/metrofor\/wp-json\/wp\/v2\/pages\/75423\/revisions"}],"predecessor-version":[{"id":75424,"href":"https:\/\/ww16.ce.gov.br\/metrofor\/wp-json\/wp\/v2\/pages\/75423\/revisions\/75424"}],"up":[{"embeddable":true,"href":"https:\/\/ww16.ce.gov.br\/metrofor\/wp-json\/wp\/v2\/pages\/69107"}],"wp:attachment":[{"href":"https:\/\/ww16.ce.gov.br\/metrofor\/wp-json\/wp\/v2\/media?parent=75423"}],"curies":[{"name":"wp","href":"https:\/\/api.w.org\/{rel}","templated":true}]}}