{"id":75409,"date":"2026-05-04T14:01:17","date_gmt":"2026-05-04T17:01:17","guid":{"rendered":"https:\/\/ww16.ce.gov.br\/metrofor\/?page_id=75409"},"modified":"2026-05-06T14:28:59","modified_gmt":"2026-05-06T17:28:59","slug":"acesso-a-informacao","status":"publish","type":"page","link":"https:\/\/ww16.ce.gov.br\/metrofor\/acesso-a-informacao\/","title":{"rendered":"Acesso \u00e0 Informa\u00e7\u00e3o"},"content":{"rendered":"\n&nbsp;\n\n&nbsp;\n\n&nbsp;\n<ul class=\"ListaEst -Verde col2\">\n \t<li><a href=\"\/atas-dos-conselhos-fiscais-e-administracao\/\" target=\"_blank\" rel=\"noopener noreferrer\">Atas dos Conselhos Fiscal e Administra\u00e7\u00e3o<\/a><\/li>\n \t<li><a href=\"https:\/\/www.portalcompras.ce.gov.br\/compras\/menu-licitacoes-licitaweb\/\" target=\"_blank\" rel=\"noopener noreferrer\">Licita\u00e7\u00f5es<\/a><\/li>\n \t<li><a href=\"https:\/\/apigescon.metrofor.ce.gov.br\/contracts\" target=\"_blank\" rel=\"noopener noreferrer\">Contratos<\/a><\/li>\n \t<li><a href=\"https:\/\/acessoinformacao.metrofor.ce.gov.br\/\" target=\"_blank\" rel=\"noopener noreferrer\">Remunera\u00e7\u00e3o dos Servidores do Metrofor<\/a><\/li>\n \t<li><a href=\"https:\/\/www.metrofor.ce.gov.br\/remuneracao-dos-administradores\/\" target=\"_blank\" rel=\"noopener noreferrer\">Remunera\u00e7\u00e3o dos Administradores<\/a><\/li>\n \t<li><a href=\"https:\/\/www.metrofor.ce.gov.br\/wp-content\/uploads\/sites\/32\/2020\/11\/despesas-covid.pdf\" target=\"_blank\" rel=\"noopener noreferrer\">COVID<\/a><\/li>\n \t<li><a href=\"https:\/\/www.metrofor.ce.gov.br\/projeto\/relatorios-de-beneficios-socioambientais\/\" rel=\"noopener noreferrer\">Benef\u00edcios Socioambientais<\/a><\/li>\n \t<li><a href=\"https:\/\/www.metrofor.ce.gov.br\/projeto\/atas-de-registro-de-precos\/\" rel=\"noopener noreferrer\">Atas de Registro de Pre\u00e7os<\/a><\/li>\n \t<li><a href=\"https:\/\/www.metrofor.ce.gov.br\/acesso-informacao\/relatorios\/\" rel=\"noopener noreferrer\">Relat\u00f3rios<\/a><\/li>\n \t<li><a href=\"https:\/\/www.metrofor.ce.gov.br\/acesso-informacao\/relatorios-transparencia-salarial\/\" rel=\"noopener noreferrer\">Relat\u00f3rios de Transpar\u00eancia Salarial<\/a><\/li>\n \t<li><a href=\"https:\/\/www.metrofor.ce.gov.br\/acesso-informacao\/relatorios-auditoria-interna-raint\/\" rel=\"noopener noreferrer\">Relat\u00f3rios Anuais de Atividades de Auditoria Interna \u2013 RAINT<\/a><\/li> \t\n<\/ul>\n&nbsp;\n\n&nbsp;\n\n&nbsp;\n\n&nbsp;\n\n\n\n<p><\/p>\n","protected":false},"excerpt":{"rendered":"<p>&nbsp; &nbsp; &nbsp; Atas dos Conselhos Fiscal e Administra\u00e7\u00e3o Licita\u00e7\u00f5es Contratos Remunera\u00e7\u00e3o dos Servidores do Metrofor Remunera\u00e7\u00e3o dos Administradores COVID Benef\u00edcios Socioambientais Atas de Registro de Pre\u00e7os Relat\u00f3rios Relat\u00f3rios de Transpar\u00eancia Salarial Relat\u00f3rios Anuais de Atividades de Auditoria Interna \u2013 RAINT &nbsp; &nbsp; &nbsp; &nbsp;<\/p>\n","protected":false},"author":115,"featured_media":0,"parent":0,"menu_order":0,"comment_status":"closed","ping_status":"closed","template":"","meta":{"_acf_changed":false,"inline_featured_image":false,"footnotes":""},"class_list":["post-75409","page","type-page","status-publish","hentry"],"acf":[],"yoast_head":"<!-- This site is optimized with the Yoast SEO plugin v26.9 - https:\/\/yoast.com\/product\/yoast-seo-wordpress\/ -->\n<title>Acesso \u00e0 Informa\u00e7\u00e3o - METROFOR<\/title>\n<meta name=\"robots\" content=\"index, follow, max-snippet:-1, max-image-preview:large, max-video-preview:-1\" \/>\n<link rel=\"canonical\" href=\"https:\/\/ww16.ce.gov.br\/metrofor\/acesso-a-informacao\/\" \/>\n<meta property=\"og:locale\" content=\"pt_BR\" \/>\n<meta property=\"og:type\" content=\"article\" \/>\n<meta property=\"og:title\" content=\"Acesso \u00e0 Informa\u00e7\u00e3o - METROFOR\" \/>\n<meta property=\"og:description\" content=\"&nbsp; &nbsp; &nbsp; Atas dos Conselhos Fiscal e Administra\u00e7\u00e3o Licita\u00e7\u00f5es Contratos Remunera\u00e7\u00e3o dos Servidores do Metrofor Remunera\u00e7\u00e3o dos Administradores COVID Benef\u00edcios Socioambientais Atas de Registro de Pre\u00e7os Relat\u00f3rios Relat\u00f3rios de Transpar\u00eancia Salarial Relat\u00f3rios Anuais de Atividades de Auditoria Interna \u2013 RAINT &nbsp; &nbsp; &nbsp; &nbsp;\" \/>\n<meta property=\"og:url\" content=\"https:\/\/ww16.ce.gov.br\/metrofor\/acesso-a-informacao\/\" \/>\n<meta property=\"og:site_name\" content=\"METROFOR\" \/>\n<meta property=\"article:modified_time\" content=\"2026-05-06T17:28:59+00:00\" \/>\n<meta name=\"twitter:card\" content=\"summary_large_image\" \/>\n<meta name=\"twitter:label1\" content=\"Est. reading time\" \/>\n\t<meta name=\"twitter:data1\" content=\"1 minuto\" \/>\n<script type=\"application\/ld+json\" class=\"yoast-schema-graph\">{\"@context\":\"https:\/\/schema.org\",\"@graph\":[{\"@type\":\"WebPage\",\"@id\":\"https:\/\/ww16.ce.gov.br\/metrofor\/acesso-a-informacao\/\",\"url\":\"https:\/\/ww16.ce.gov.br\/metrofor\/acesso-a-informacao\/\",\"name\":\"Acesso \u00e0 Informa\u00e7\u00e3o - METROFOR\",\"isPartOf\":{\"@id\":\"https:\/\/ww16.ce.gov.br\/metrofor\/#website\"},\"datePublished\":\"2026-05-04T17:01:17+00:00\",\"dateModified\":\"2026-05-06T17:28:59+00:00\",\"breadcrumb\":{\"@id\":\"https:\/\/ww16.ce.gov.br\/metrofor\/acesso-a-informacao\/#breadcrumb\"},\"inLanguage\":\"pt-BR\",\"potentialAction\":[{\"@type\":\"ReadAction\",\"target\":[\"https:\/\/ww16.ce.gov.br\/metrofor\/acesso-a-informacao\/\"]}]},{\"@type\":\"BreadcrumbList\",\"@id\":\"https:\/\/ww16.ce.gov.br\/metrofor\/acesso-a-informacao\/#breadcrumb\",\"itemListElement\":[{\"@type\":\"ListItem\",\"position\":1,\"name\":\"In\u00edcio\",\"item\":\"https:\/\/ww16.ce.gov.br\/metrofor\/\"},{\"@type\":\"ListItem\",\"position\":2,\"name\":\"Acesso \u00e0 Informa\u00e7\u00e3o\"}]},{\"@type\":\"WebSite\",\"@id\":\"https:\/\/ww16.ce.gov.br\/metrofor\/#website\",\"url\":\"https:\/\/ww16.ce.gov.br\/metrofor\/\",\"name\":\"Metr\u00f4 de Fortaleza\",\"description\":\"Portal METROFOR\",\"publisher\":{\"@id\":\"https:\/\/ww16.ce.gov.br\/metrofor\/#organization\"},\"potentialAction\":[{\"@type\":\"SearchAction\",\"target\":{\"@type\":\"EntryPoint\",\"urlTemplate\":\"https:\/\/ww16.ce.gov.br\/metrofor\/?s={search_term_string}\"},\"query-input\":{\"@type\":\"PropertyValueSpecification\",\"valueRequired\":true,\"valueName\":\"search_term_string\"}}],\"inLanguage\":\"pt-BR\"},{\"@type\":\"Organization\",\"@id\":\"https:\/\/ww16.ce.gov.br\/metrofor\/#organization\",\"name\":\"Metr\u00f4 de Fortaleza\",\"url\":\"https:\/\/ww16.ce.gov.br\/metrofor\/\",\"logo\":{\"@type\":\"ImageObject\",\"inLanguage\":\"pt-BR\",\"@id\":\"https:\/\/ww16.ce.gov.br\/metrofor\/#\/schema\/logo\/image\/\",\"url\":\"http:\/\/ww16.ce.gov.br\/metrofor\/wp-content\/uploads\/sites\/32\/2018\/01\/METROFOR-SEINFRAclara.png\",\"contentUrl\":\"http:\/\/ww16.ce.gov.br\/metrofor\/wp-content\/uploads\/sites\/32\/2018\/01\/METROFOR-SEINFRAclara.png\",\"width\":559,\"height\":106,\"caption\":\"Metr\u00f4 de Fortaleza\"},\"image\":{\"@id\":\"https:\/\/ww16.ce.gov.br\/metrofor\/#\/schema\/logo\/image\/\"}}]}<\/script>\n<!-- \/ Yoast SEO plugin. -->","yoast_head_json":{"title":"Acesso \u00e0 Informa\u00e7\u00e3o - METROFOR","robots":{"index":"index","follow":"follow","max-snippet":"max-snippet:-1","max-image-preview":"max-image-preview:large","max-video-preview":"max-video-preview:-1"},"canonical":"https:\/\/ww16.ce.gov.br\/metrofor\/acesso-a-informacao\/","og_locale":"pt_BR","og_type":"article","og_title":"Acesso \u00e0 Informa\u00e7\u00e3o - METROFOR","og_description":"&nbsp; &nbsp; &nbsp; Atas dos Conselhos Fiscal e Administra\u00e7\u00e3o Licita\u00e7\u00f5es Contratos Remunera\u00e7\u00e3o dos Servidores do Metrofor Remunera\u00e7\u00e3o dos Administradores COVID Benef\u00edcios Socioambientais Atas de Registro de Pre\u00e7os Relat\u00f3rios Relat\u00f3rios de Transpar\u00eancia Salarial Relat\u00f3rios Anuais de Atividades de Auditoria Interna \u2013 RAINT &nbsp; &nbsp; &nbsp; &nbsp;","og_url":"https:\/\/ww16.ce.gov.br\/metrofor\/acesso-a-informacao\/","og_site_name":"METROFOR","article_modified_time":"2026-05-06T17:28:59+00:00","twitter_card":"summary_large_image","twitter_misc":{"Est. reading time":"1 minuto"},"schema":{"@context":"https:\/\/schema.org","@graph":[{"@type":"WebPage","@id":"https:\/\/ww16.ce.gov.br\/metrofor\/acesso-a-informacao\/","url":"https:\/\/ww16.ce.gov.br\/metrofor\/acesso-a-informacao\/","name":"Acesso \u00e0 Informa\u00e7\u00e3o - METROFOR","isPartOf":{"@id":"https:\/\/ww16.ce.gov.br\/metrofor\/#website"},"datePublished":"2026-05-04T17:01:17+00:00","dateModified":"2026-05-06T17:28:59+00:00","breadcrumb":{"@id":"https:\/\/ww16.ce.gov.br\/metrofor\/acesso-a-informacao\/#breadcrumb"},"inLanguage":"pt-BR","potentialAction":[{"@type":"ReadAction","target":["https:\/\/ww16.ce.gov.br\/metrofor\/acesso-a-informacao\/"]}]},{"@type":"BreadcrumbList","@id":"https:\/\/ww16.ce.gov.br\/metrofor\/acesso-a-informacao\/#breadcrumb","itemListElement":[{"@type":"ListItem","position":1,"name":"In\u00edcio","item":"https:\/\/ww16.ce.gov.br\/metrofor\/"},{"@type":"ListItem","position":2,"name":"Acesso \u00e0 Informa\u00e7\u00e3o"}]},{"@type":"WebSite","@id":"https:\/\/ww16.ce.gov.br\/metrofor\/#website","url":"https:\/\/ww16.ce.gov.br\/metrofor\/","name":"Metr\u00f4 de Fortaleza","description":"Portal METROFOR","publisher":{"@id":"https:\/\/ww16.ce.gov.br\/metrofor\/#organization"},"potentialAction":[{"@type":"SearchAction","target":{"@type":"EntryPoint","urlTemplate":"https:\/\/ww16.ce.gov.br\/metrofor\/?s={search_term_string}"},"query-input":{"@type":"PropertyValueSpecification","valueRequired":true,"valueName":"search_term_string"}}],"inLanguage":"pt-BR"},{"@type":"Organization","@id":"https:\/\/ww16.ce.gov.br\/metrofor\/#organization","name":"Metr\u00f4 de Fortaleza","url":"https:\/\/ww16.ce.gov.br\/metrofor\/","logo":{"@type":"ImageObject","inLanguage":"pt-BR","@id":"https:\/\/ww16.ce.gov.br\/metrofor\/#\/schema\/logo\/image\/","url":"http:\/\/ww16.ce.gov.br\/metrofor\/wp-content\/uploads\/sites\/32\/2018\/01\/METROFOR-SEINFRAclara.png","contentUrl":"http:\/\/ww16.ce.gov.br\/metrofor\/wp-content\/uploads\/sites\/32\/2018\/01\/METROFOR-SEINFRAclara.png","width":559,"height":106,"caption":"Metr\u00f4 de Fortaleza"},"image":{"@id":"https:\/\/ww16.ce.gov.br\/metrofor\/#\/schema\/logo\/image\/"}}]}},"_links":{"self":[{"href":"https:\/\/ww16.ce.gov.br\/metrofor\/wp-json\/wp\/v2\/pages\/75409","targetHints":{"allow":["GET"]}}],"collection":[{"href":"https:\/\/ww16.ce.gov.br\/metrofor\/wp-json\/wp\/v2\/pages"}],"about":[{"href":"https:\/\/ww16.ce.gov.br\/metrofor\/wp-json\/wp\/v2\/types\/page"}],"author":[{"embeddable":true,"href":"https:\/\/ww16.ce.gov.br\/metrofor\/wp-json\/wp\/v2\/users\/115"}],"replies":[{"embeddable":true,"href":"https:\/\/ww16.ce.gov.br\/metrofor\/wp-json\/wp\/v2\/comments?post=75409"}],"version-history":[{"count":1,"href":"https:\/\/ww16.ce.gov.br\/metrofor\/wp-json\/wp\/v2\/pages\/75409\/revisions"}],"predecessor-version":[{"id":75411,"href":"https:\/\/ww16.ce.gov.br\/metrofor\/wp-json\/wp\/v2\/pages\/75409\/revisions\/75411"}],"wp:attachment":[{"href":"https:\/\/ww16.ce.gov.br\/metrofor\/wp-json\/wp\/v2\/media?parent=75409"}],"curies":[{"name":"wp","href":"https:\/\/api.w.org\/{rel}","templated":true}]}}