{"id":75405,"date":"2026-05-04T13:55:33","date_gmt":"2026-05-04T16:55:33","guid":{"rendered":"https:\/\/ww16.ce.gov.br\/metrofor\/?page_id=75405"},"modified":"2026-05-04T14:19:03","modified_gmt":"2026-05-04T17:19:03","slug":"politicas","status":"publish","type":"page","link":"https:\/\/ww16.ce.gov.br\/metrofor\/governanca-corporativa\/politicas\/","title":{"rendered":"Pol\u00edticas"},"content":{"rendered":"\n&nbsp;\n<ul class=\"ListaEst -Verde col2\" style=\"font-weight: bold\">\n \t<li><a href=\"https:\/\/www.metrofor.ce.gov.br\/wp-content\/uploads\/sites\/32\/2024\/06\/politica-apoio-acoes-sociais-ambientais.pdf\" target=\"_blank\" rel=\"noopener noreferrer\">Pol\u00edtica de Apoio a A\u00e7\u00f5es Sociais e Ambientais<\/a><\/li>\n \t<li><a href=\"https:\/\/www.metrofor.ce.gov.br\/projeto\/politica-de-transacao-entre-partes-relacionadas\" target=\"_blank\" rel=\"noopener noreferrer\">Pol\u00edtica de Transa\u00e7\u00e3o Entre Partes Relacionadas<\/a><\/li>\n \t<li><a href=\"https:\/\/www.metrofor.ce.gov.br\/projeto\/politica-porta-vozes\" target=\"_blank\" rel=\"noopener noreferrer\">Pol\u00edtica de Porta Vozes<\/a><\/li>\n \t<li><a href=\"https:\/\/www.metrofor.ce.gov.br\/projeto\/politica-gestao-da-informacao\/\" target=\"_blank\" rel=\"noopener noreferrer\">Pol\u00edtica de Gest\u00e3o da Informa\u00e7\u00e3o<\/a><\/li>\n \t<li><a href=\"https:\/\/www.metrofor.ce.gov.br\/codigo-conduta-integridade\/\" target=\"_blank\" rel=\"noopener noreferrer\">C\u00f3digo de Conduta e Integridade<\/a><\/li>\n \t<li><a href=\"https:\/\/www.metrofor.ce.gov.br\/wp-content\/uploads\/sites\/32\/2025\/10\/regulamento-de-etica.pdf\" target=\"_blank\" rel=\"noopener noreferrer\">Regulamento Interno do Comit\u00ea de \u00c9tica<\/a><\/li>\n<\/ul>\n&nbsp;\n\n\n\n<p><\/p>\n","protected":false},"excerpt":{"rendered":"<p>&nbsp; Pol\u00edtica de Apoio a A\u00e7\u00f5es Sociais e Ambientais Pol\u00edtica de Transa\u00e7\u00e3o Entre Partes Relacionadas Pol\u00edtica de Porta Vozes Pol\u00edtica de Gest\u00e3o da Informa\u00e7\u00e3o C\u00f3digo de Conduta e Integridade Regulamento Interno do Comit\u00ea de \u00c9tica &nbsp;<\/p>\n","protected":false},"author":115,"featured_media":0,"parent":69107,"menu_order":0,"comment_status":"closed","ping_status":"closed","template":"","meta":{"_acf_changed":false,"inline_featured_image":false,"footnotes":""},"class_list":["post-75405","page","type-page","status-publish","hentry"],"acf":[],"yoast_head":"<!-- This site is optimized with the Yoast SEO plugin v26.9 - https:\/\/yoast.com\/product\/yoast-seo-wordpress\/ -->\n<title>Pol\u00edticas - METROFOR<\/title>\n<meta name=\"robots\" content=\"index, follow, max-snippet:-1, max-image-preview:large, max-video-preview:-1\" \/>\n<link rel=\"canonical\" href=\"https:\/\/ww16.ce.gov.br\/metrofor\/governanca-corporativa\/politicas\/\" \/>\n<meta property=\"og:locale\" content=\"pt_BR\" \/>\n<meta property=\"og:type\" content=\"article\" \/>\n<meta property=\"og:title\" content=\"Pol\u00edticas - METROFOR\" \/>\n<meta property=\"og:description\" content=\"&nbsp; Pol\u00edtica de Apoio a A\u00e7\u00f5es Sociais e Ambientais Pol\u00edtica de Transa\u00e7\u00e3o Entre Partes Relacionadas Pol\u00edtica de Porta Vozes Pol\u00edtica de Gest\u00e3o da Informa\u00e7\u00e3o C\u00f3digo de Conduta e Integridade Regulamento Interno do Comit\u00ea de \u00c9tica &nbsp;\" \/>\n<meta property=\"og:url\" content=\"https:\/\/ww16.ce.gov.br\/metrofor\/governanca-corporativa\/politicas\/\" \/>\n<meta property=\"og:site_name\" content=\"METROFOR\" \/>\n<meta property=\"article:modified_time\" content=\"2026-05-04T17:19:03+00:00\" \/>\n<meta name=\"twitter:card\" content=\"summary_large_image\" \/>\n<meta name=\"twitter:label1\" content=\"Est. reading time\" \/>\n\t<meta name=\"twitter:data1\" content=\"1 minuto\" \/>\n<script type=\"application\/ld+json\" class=\"yoast-schema-graph\">{\"@context\":\"https:\/\/schema.org\",\"@graph\":[{\"@type\":\"WebPage\",\"@id\":\"https:\/\/ww16.ce.gov.br\/metrofor\/governanca-corporativa\/politicas\/\",\"url\":\"https:\/\/ww16.ce.gov.br\/metrofor\/governanca-corporativa\/politicas\/\",\"name\":\"Pol\u00edticas - METROFOR\",\"isPartOf\":{\"@id\":\"https:\/\/ww16.ce.gov.br\/metrofor\/#website\"},\"datePublished\":\"2026-05-04T16:55:33+00:00\",\"dateModified\":\"2026-05-04T17:19:03+00:00\",\"breadcrumb\":{\"@id\":\"https:\/\/ww16.ce.gov.br\/metrofor\/governanca-corporativa\/politicas\/#breadcrumb\"},\"inLanguage\":\"pt-BR\",\"potentialAction\":[{\"@type\":\"ReadAction\",\"target\":[\"https:\/\/ww16.ce.gov.br\/metrofor\/governanca-corporativa\/politicas\/\"]}]},{\"@type\":\"BreadcrumbList\",\"@id\":\"https:\/\/ww16.ce.gov.br\/metrofor\/governanca-corporativa\/politicas\/#breadcrumb\",\"itemListElement\":[{\"@type\":\"ListItem\",\"position\":1,\"name\":\"In\u00edcio\",\"item\":\"https:\/\/ww16.ce.gov.br\/metrofor\/\"},{\"@type\":\"ListItem\",\"position\":2,\"name\":\"Governan\u00e7a Corporativa\",\"item\":\"https:\/\/ww16.ce.gov.br\/metrofor\/governanca-corporativa\/\"},{\"@type\":\"ListItem\",\"position\":3,\"name\":\"Pol\u00edticas\"}]},{\"@type\":\"WebSite\",\"@id\":\"https:\/\/ww16.ce.gov.br\/metrofor\/#website\",\"url\":\"https:\/\/ww16.ce.gov.br\/metrofor\/\",\"name\":\"Metr\u00f4 de Fortaleza\",\"description\":\"Portal METROFOR\",\"publisher\":{\"@id\":\"https:\/\/ww16.ce.gov.br\/metrofor\/#organization\"},\"potentialAction\":[{\"@type\":\"SearchAction\",\"target\":{\"@type\":\"EntryPoint\",\"urlTemplate\":\"https:\/\/ww16.ce.gov.br\/metrofor\/?s={search_term_string}\"},\"query-input\":{\"@type\":\"PropertyValueSpecification\",\"valueRequired\":true,\"valueName\":\"search_term_string\"}}],\"inLanguage\":\"pt-BR\"},{\"@type\":\"Organization\",\"@id\":\"https:\/\/ww16.ce.gov.br\/metrofor\/#organization\",\"name\":\"Metr\u00f4 de Fortaleza\",\"url\":\"https:\/\/ww16.ce.gov.br\/metrofor\/\",\"logo\":{\"@type\":\"ImageObject\",\"inLanguage\":\"pt-BR\",\"@id\":\"https:\/\/ww16.ce.gov.br\/metrofor\/#\/schema\/logo\/image\/\",\"url\":\"http:\/\/ww16.ce.gov.br\/metrofor\/wp-content\/uploads\/sites\/32\/2018\/01\/METROFOR-SEINFRAclara.png\",\"contentUrl\":\"http:\/\/ww16.ce.gov.br\/metrofor\/wp-content\/uploads\/sites\/32\/2018\/01\/METROFOR-SEINFRAclara.png\",\"width\":559,\"height\":106,\"caption\":\"Metr\u00f4 de Fortaleza\"},\"image\":{\"@id\":\"https:\/\/ww16.ce.gov.br\/metrofor\/#\/schema\/logo\/image\/\"}}]}<\/script>\n<!-- \/ Yoast SEO plugin. -->","yoast_head_json":{"title":"Pol\u00edticas - METROFOR","robots":{"index":"index","follow":"follow","max-snippet":"max-snippet:-1","max-image-preview":"max-image-preview:large","max-video-preview":"max-video-preview:-1"},"canonical":"https:\/\/ww16.ce.gov.br\/metrofor\/governanca-corporativa\/politicas\/","og_locale":"pt_BR","og_type":"article","og_title":"Pol\u00edticas - METROFOR","og_description":"&nbsp; Pol\u00edtica de Apoio a A\u00e7\u00f5es Sociais e Ambientais Pol\u00edtica de Transa\u00e7\u00e3o Entre Partes Relacionadas Pol\u00edtica de Porta Vozes Pol\u00edtica de Gest\u00e3o da Informa\u00e7\u00e3o C\u00f3digo de Conduta e Integridade Regulamento Interno do Comit\u00ea de \u00c9tica &nbsp;","og_url":"https:\/\/ww16.ce.gov.br\/metrofor\/governanca-corporativa\/politicas\/","og_site_name":"METROFOR","article_modified_time":"2026-05-04T17:19:03+00:00","twitter_card":"summary_large_image","twitter_misc":{"Est. reading time":"1 minuto"},"schema":{"@context":"https:\/\/schema.org","@graph":[{"@type":"WebPage","@id":"https:\/\/ww16.ce.gov.br\/metrofor\/governanca-corporativa\/politicas\/","url":"https:\/\/ww16.ce.gov.br\/metrofor\/governanca-corporativa\/politicas\/","name":"Pol\u00edticas - METROFOR","isPartOf":{"@id":"https:\/\/ww16.ce.gov.br\/metrofor\/#website"},"datePublished":"2026-05-04T16:55:33+00:00","dateModified":"2026-05-04T17:19:03+00:00","breadcrumb":{"@id":"https:\/\/ww16.ce.gov.br\/metrofor\/governanca-corporativa\/politicas\/#breadcrumb"},"inLanguage":"pt-BR","potentialAction":[{"@type":"ReadAction","target":["https:\/\/ww16.ce.gov.br\/metrofor\/governanca-corporativa\/politicas\/"]}]},{"@type":"BreadcrumbList","@id":"https:\/\/ww16.ce.gov.br\/metrofor\/governanca-corporativa\/politicas\/#breadcrumb","itemListElement":[{"@type":"ListItem","position":1,"name":"In\u00edcio","item":"https:\/\/ww16.ce.gov.br\/metrofor\/"},{"@type":"ListItem","position":2,"name":"Governan\u00e7a Corporativa","item":"https:\/\/ww16.ce.gov.br\/metrofor\/governanca-corporativa\/"},{"@type":"ListItem","position":3,"name":"Pol\u00edticas"}]},{"@type":"WebSite","@id":"https:\/\/ww16.ce.gov.br\/metrofor\/#website","url":"https:\/\/ww16.ce.gov.br\/metrofor\/","name":"Metr\u00f4 de Fortaleza","description":"Portal METROFOR","publisher":{"@id":"https:\/\/ww16.ce.gov.br\/metrofor\/#organization"},"potentialAction":[{"@type":"SearchAction","target":{"@type":"EntryPoint","urlTemplate":"https:\/\/ww16.ce.gov.br\/metrofor\/?s={search_term_string}"},"query-input":{"@type":"PropertyValueSpecification","valueRequired":true,"valueName":"search_term_string"}}],"inLanguage":"pt-BR"},{"@type":"Organization","@id":"https:\/\/ww16.ce.gov.br\/metrofor\/#organization","name":"Metr\u00f4 de Fortaleza","url":"https:\/\/ww16.ce.gov.br\/metrofor\/","logo":{"@type":"ImageObject","inLanguage":"pt-BR","@id":"https:\/\/ww16.ce.gov.br\/metrofor\/#\/schema\/logo\/image\/","url":"http:\/\/ww16.ce.gov.br\/metrofor\/wp-content\/uploads\/sites\/32\/2018\/01\/METROFOR-SEINFRAclara.png","contentUrl":"http:\/\/ww16.ce.gov.br\/metrofor\/wp-content\/uploads\/sites\/32\/2018\/01\/METROFOR-SEINFRAclara.png","width":559,"height":106,"caption":"Metr\u00f4 de Fortaleza"},"image":{"@id":"https:\/\/ww16.ce.gov.br\/metrofor\/#\/schema\/logo\/image\/"}}]}},"_links":{"self":[{"href":"https:\/\/ww16.ce.gov.br\/metrofor\/wp-json\/wp\/v2\/pages\/75405","targetHints":{"allow":["GET"]}}],"collection":[{"href":"https:\/\/ww16.ce.gov.br\/metrofor\/wp-json\/wp\/v2\/pages"}],"about":[{"href":"https:\/\/ww16.ce.gov.br\/metrofor\/wp-json\/wp\/v2\/types\/page"}],"author":[{"embeddable":true,"href":"https:\/\/ww16.ce.gov.br\/metrofor\/wp-json\/wp\/v2\/users\/115"}],"replies":[{"embeddable":true,"href":"https:\/\/ww16.ce.gov.br\/metrofor\/wp-json\/wp\/v2\/comments?post=75405"}],"version-history":[{"count":1,"href":"https:\/\/ww16.ce.gov.br\/metrofor\/wp-json\/wp\/v2\/pages\/75405\/revisions"}],"predecessor-version":[{"id":75406,"href":"https:\/\/ww16.ce.gov.br\/metrofor\/wp-json\/wp\/v2\/pages\/75405\/revisions\/75406"}],"up":[{"embeddable":true,"href":"https:\/\/ww16.ce.gov.br\/metrofor\/wp-json\/wp\/v2\/pages\/69107"}],"wp:attachment":[{"href":"https:\/\/ww16.ce.gov.br\/metrofor\/wp-json\/wp\/v2\/media?parent=75405"}],"curies":[{"name":"wp","href":"https:\/\/api.w.org\/{rel}","templated":true}]}}