{"id":75297,"date":"2026-05-04T13:37:43","date_gmt":"2026-05-04T16:37:43","guid":{"rendered":"https:\/\/ww16.ce.gov.br\/metrofor\/?page_id=75297"},"modified":"2026-05-07T16:26:15","modified_gmt":"2026-05-07T19:26:15","slug":"consulta-publica","status":"publish","type":"page","link":"https:\/\/ww16.ce.gov.br\/metrofor\/governanca-corporativa\/consulta-publica\/","title":{"rendered":"Consulta P\u00fablica"},"content":{"rendered":"\n&nbsp;\n<p>Em conformidade com o Regulamento interno de Licita\u00e7\u00f5es e Contratos do METROFOR (Art. 139 a Art. 142). A Consulta P\u00fablica caracteriza uma ferramenta para obten\u00e7\u00e3o de amplo conhecimento sobre objetos de contrata\u00e7\u00e3o ou mercados espec\u00edficos, atrav\u00e9s da manifesta\u00e7\u00e3o de terceiros sobre um tema especifico.<\/p>\n&nbsp;\n<p>Durante o processo s\u00e3o acolhidos questionamentos, sugest\u00f5es e informa\u00e7\u00f5es sobre o objeto de potencial contrata\u00e7\u00e3o para avalia\u00e7\u00e3o da equipe de planejamento de eventual processo licitat\u00f3rio, n\u00e3o gerando, entretanto qualquer compromisso de contrata\u00e7\u00e3o do objeto em estudo.<\/p>\n&nbsp;\n<p>Como mecanismo de transpar\u00eancia o METROFOR realizar\u00e1 os procedimentos de consultas p\u00fablicas atrav\u00e9s de recursos tecnol\u00f3gicos dando publicidade dos atos em seu site.<\/p>\n&nbsp;\n<p>O processo se utilizar\u00e1 de intercambio documental e apresenta\u00e7\u00f5es expositivas, sejam por meio de v\u00eddeo conferencia e\/ou Reuni\u00f5es presenciais, conforme agendamento a ser realizado durante o per\u00edodo da consulta atrav\u00e9s de formul\u00e1rio especifico.<\/p>\n&nbsp;\n<p>Todas as sess\u00f5es ser\u00e3o gravadas e disponibilizadas no site durante e ap\u00f3s finalizado o processo, quando ser\u00e1 publicado tamb\u00e9m o termo de encerramento do processo.<\/p>\n&nbsp;\n<p>Nesta sess\u00e3o a sociedade tem acesso aos processos de consulta p\u00fablica encerrados e em andamento, conforme segue:<\/p>\n&nbsp;\n&nbsp;\n<h3>CONSULTAS P\u00daBLICAS EM ANDAMENTO<\/h3>\n&nbsp;\n<div>\n<a href=\"\/metrofor\/governanca-corporativa\/consulta-publica\/2021-06\/\">\n\t\t<div style='margin:0px 0px 0px 0px;float:left'><img loading=\"lazy\" decoding=\"async\" style='margin:0px 0px 0px 0px' src=\"\/metrofor\/wp-content\/uploads\/sites\/75\/2026\/05\/folder-icon.png\" alt=\"\" width=\"32\" height=\"32\" \/><\/div>\t\n\t<div style='padding-top: 9px;margin-left:10px'><h4 style='padding-left:10px;margin-left:20px'>2021-06 \u2013 Sobre a Moderniza\u00e7\u00e3o e Amplia\u00e7\u00e3o da Bilhetagem Eletr\u00f4nica<\/h4><\/div>\n<\/a>\n<\/div>\n<div style=\"clear: both\"><\/div>\n&nbsp;\n&nbsp;\n<h3>CONSULTAS P\u00daBLICAS ENCERRADAS<\/h3>\n&nbsp;\n<div>\n<a href=\"\/metrofor\/governanca-corporativa\/consulta-publica\/2021-05\/\">\n\t\t<div style='margin:0px 0px 0px 0px;float:left'><img loading=\"lazy\" decoding=\"async\" style='margin:0px 0px 0px 0px' src=\"\/metrofor\/wp-content\/uploads\/sites\/75\/2026\/05\/folder-icon.png\" alt=\"\" width=\"32\" height=\"32\" \/><\/div>\t\n\t<div style='padding-top: 9px;margin-left:10px'><h4 style='padding-left:10px;margin-left:20px'>2021-05 \u2013 Sobre o Fornecimento de Pe\u00e7as de Reposi\u00e7\u00e3o, Acess\u00f3rios Originais e Servi\u00e7os nos Equipamentos da Marca KNORR BREMSE<\/h4><\/div>\n<\/a>\n<\/div>\n<div style=\"clear: both\"><\/div>\n<div>\n<a href=\"\/metrofor\/governanca-corporativa\/consulta-publica\/2021-04\/\">\n\t\t<div style='margin:0px 0px 0px 0px;float:left'><img loading=\"lazy\" decoding=\"async\" style='margin:0px 0px 0px 0px' src=\"\/metrofor\/wp-content\/uploads\/sites\/75\/2026\/05\/folder-icon.png\" alt=\"\" width=\"32\" height=\"32\" \/><\/div>\t\n\t<div style='padding-top: 9px;margin-left:10px'><h4 style='padding-left:10px;margin-left:20px'>2021-04 \u2013 Sobre o Fornecimento de Pe\u00e7as de Reposi\u00e7\u00e3o, Acess\u00f3rios Originais e Servi\u00e7os nos Equipamentos da Marca VOITH S.A M\u00c1QUINAS E EQUIPAMENTOS<\/h4><\/div>\n<\/a>\n<\/div>\n<div style=\"clear: both\"><\/div>\n<div>\n<a href=\"\/metrofor\/governanca-corporativa\/consulta-publica\/2021-03\/\">\n\t\t<div style='margin:0px 0px 0px 0px;float:left'><img loading=\"lazy\" decoding=\"async\" style='margin:0px 0px 0px 0px' src=\"\/metrofor\/wp-content\/uploads\/sites\/75\/2026\/05\/folder-icon.png\" alt=\"\" width=\"32\" height=\"32\" \/><\/div>\t\n\t<div style='padding-top: 9px;margin-left:10px'><h4 style='padding-left:10px;margin-left:20px'>2021-03 \u2013 Sobre o Fornecimento de Pe\u00e7as de Reposi\u00e7\u00e3o, Acess\u00f3rios Originais e Servi\u00e7os nos Equipamentos da Marca CUMMINS<\/h4><\/div>\n<\/a>\n<\/div>\n<div style=\"clear: both\"><\/div>\n<div>\n<a href=\"\/metrofor\/governanca-corporativa\/consulta-publica\/2021-02\/\">\n\t\t<div style='margin:0px 0px 0px 0px;float:left'><img loading=\"lazy\" decoding=\"async\" style='margin:0px 0px 0px 0px' src=\"\/metrofor\/wp-content\/uploads\/sites\/75\/2026\/05\/folder-icon.png\" alt=\"\" width=\"32\" height=\"32\" \/><\/div>\t\n\t<div style='padding-top: 9px;margin-left:10px'><h4 style='padding-left:10px;margin-left:20px'>2021-02 \u2013 Sobre o Fornecimento de Pe\u00e7as de Reposi\u00e7\u00e3o e Acess\u00f3rios Originais de Fabrica\u00e7\u00e3o DELLNER COUPLERS AB<\/h4><\/div>\n<\/a>\n<\/div>\n<div style=\"clear: both\"><\/div>\n<div>\n<a href=\"\/metrofor\/governanca-corporativa\/consulta-publica\/2021-01\/\">\n\t\t<div style='margin:0px 0px 0px 0px;float:left'><img loading=\"lazy\" decoding=\"async\" style='margin:0px 0px 0px 0px' src=\"\/metrofor\/wp-content\/uploads\/sites\/75\/2026\/05\/folder-icon.png\" alt=\"\" width=\"32\" height=\"32\" \/><\/div>\t\n\t<div style='padding-top: 9px;margin-left:10px'><h4 style='padding-left:10px;margin-left:20px'>2021-01 \u2013 Sobre Futura Concess\u00e3o das Faixas de Dom\u00ednio para Implanta\u00e7\u00e3o de Fibra \u00d3tica<\/h4><\/div>\n<\/a>\n<\/div>\n<div style=\"clear: both\"><\/div>\n&nbsp;\n","protected":false},"excerpt":{"rendered":"<p>&nbsp; Em conformidade com o Regulamento interno de Licita\u00e7\u00f5es e Contratos do METROFOR (Art. 139 a Art. 142). A Consulta P\u00fablica caracteriza uma ferramenta para obten\u00e7\u00e3o de amplo conhecimento sobre objetos de contrata\u00e7\u00e3o ou mercados espec\u00edficos, atrav\u00e9s da manifesta\u00e7\u00e3o de terceiros sobre um tema especifico. &nbsp; Durante o processo s\u00e3o acolhidos questionamentos, sugest\u00f5es e informa\u00e7\u00f5es [&hellip;]<\/p>\n","protected":false},"author":115,"featured_media":0,"parent":69107,"menu_order":0,"comment_status":"closed","ping_status":"closed","template":"","meta":{"_acf_changed":false,"inline_featured_image":false,"footnotes":""},"class_list":["post-75297","page","type-page","status-publish","hentry"],"acf":[],"yoast_head":"<!-- This site is optimized with the Yoast SEO plugin v26.9 - https:\/\/yoast.com\/product\/yoast-seo-wordpress\/ -->\n<title>Consulta P\u00fablica - METROFOR<\/title>\n<meta name=\"robots\" content=\"index, follow, max-snippet:-1, max-image-preview:large, max-video-preview:-1\" \/>\n<link rel=\"canonical\" href=\"https:\/\/ww16.ce.gov.br\/metrofor\/governanca-corporativa\/consulta-publica\/\" \/>\n<meta property=\"og:locale\" content=\"pt_BR\" \/>\n<meta property=\"og:type\" content=\"article\" \/>\n<meta property=\"og:title\" content=\"Consulta P\u00fablica - METROFOR\" \/>\n<meta property=\"og:description\" content=\"&nbsp; Em conformidade com o Regulamento interno de Licita\u00e7\u00f5es e Contratos do METROFOR (Art. 139 a Art. 142). A Consulta P\u00fablica caracteriza uma ferramenta para obten\u00e7\u00e3o de amplo conhecimento sobre objetos de contrata\u00e7\u00e3o ou mercados espec\u00edficos, atrav\u00e9s da manifesta\u00e7\u00e3o de terceiros sobre um tema especifico. &nbsp; Durante o processo s\u00e3o acolhidos questionamentos, sugest\u00f5es e informa\u00e7\u00f5es [&hellip;]\" \/>\n<meta property=\"og:url\" content=\"https:\/\/ww16.ce.gov.br\/metrofor\/governanca-corporativa\/consulta-publica\/\" \/>\n<meta property=\"og:site_name\" content=\"METROFOR\" \/>\n<meta property=\"article:modified_time\" content=\"2026-05-07T19:26:15+00:00\" \/>\n<meta name=\"twitter:card\" content=\"summary_large_image\" \/>\n<meta name=\"twitter:label1\" content=\"Est. reading time\" \/>\n\t<meta name=\"twitter:data1\" content=\"3 minutos\" \/>\n<script type=\"application\/ld+json\" class=\"yoast-schema-graph\">{\"@context\":\"https:\/\/schema.org\",\"@graph\":[{\"@type\":\"WebPage\",\"@id\":\"https:\/\/ww16.ce.gov.br\/metrofor\/governanca-corporativa\/consulta-publica\/\",\"url\":\"https:\/\/ww16.ce.gov.br\/metrofor\/governanca-corporativa\/consulta-publica\/\",\"name\":\"Consulta P\u00fablica - METROFOR\",\"isPartOf\":{\"@id\":\"https:\/\/ww16.ce.gov.br\/metrofor\/#website\"},\"datePublished\":\"2026-05-04T16:37:43+00:00\",\"dateModified\":\"2026-05-07T19:26:15+00:00\",\"breadcrumb\":{\"@id\":\"https:\/\/ww16.ce.gov.br\/metrofor\/governanca-corporativa\/consulta-publica\/#breadcrumb\"},\"inLanguage\":\"pt-BR\",\"potentialAction\":[{\"@type\":\"ReadAction\",\"target\":[\"https:\/\/ww16.ce.gov.br\/metrofor\/governanca-corporativa\/consulta-publica\/\"]}]},{\"@type\":\"BreadcrumbList\",\"@id\":\"https:\/\/ww16.ce.gov.br\/metrofor\/governanca-corporativa\/consulta-publica\/#breadcrumb\",\"itemListElement\":[{\"@type\":\"ListItem\",\"position\":1,\"name\":\"In\u00edcio\",\"item\":\"https:\/\/ww16.ce.gov.br\/metrofor\/\"},{\"@type\":\"ListItem\",\"position\":2,\"name\":\"Governan\u00e7a Corporativa\",\"item\":\"https:\/\/ww16.ce.gov.br\/metrofor\/governanca-corporativa\/\"},{\"@type\":\"ListItem\",\"position\":3,\"name\":\"Consulta P\u00fablica\"}]},{\"@type\":\"WebSite\",\"@id\":\"https:\/\/ww16.ce.gov.br\/metrofor\/#website\",\"url\":\"https:\/\/ww16.ce.gov.br\/metrofor\/\",\"name\":\"Metr\u00f4 de Fortaleza\",\"description\":\"Portal METROFOR\",\"publisher\":{\"@id\":\"https:\/\/ww16.ce.gov.br\/metrofor\/#organization\"},\"potentialAction\":[{\"@type\":\"SearchAction\",\"target\":{\"@type\":\"EntryPoint\",\"urlTemplate\":\"https:\/\/ww16.ce.gov.br\/metrofor\/?s={search_term_string}\"},\"query-input\":{\"@type\":\"PropertyValueSpecification\",\"valueRequired\":true,\"valueName\":\"search_term_string\"}}],\"inLanguage\":\"pt-BR\"},{\"@type\":\"Organization\",\"@id\":\"https:\/\/ww16.ce.gov.br\/metrofor\/#organization\",\"name\":\"Metr\u00f4 de Fortaleza\",\"url\":\"https:\/\/ww16.ce.gov.br\/metrofor\/\",\"logo\":{\"@type\":\"ImageObject\",\"inLanguage\":\"pt-BR\",\"@id\":\"https:\/\/ww16.ce.gov.br\/metrofor\/#\/schema\/logo\/image\/\",\"url\":\"http:\/\/ww16.ce.gov.br\/metrofor\/wp-content\/uploads\/sites\/32\/2018\/01\/METROFOR-SEINFRAclara.png\",\"contentUrl\":\"http:\/\/ww16.ce.gov.br\/metrofor\/wp-content\/uploads\/sites\/32\/2018\/01\/METROFOR-SEINFRAclara.png\",\"width\":559,\"height\":106,\"caption\":\"Metr\u00f4 de Fortaleza\"},\"image\":{\"@id\":\"https:\/\/ww16.ce.gov.br\/metrofor\/#\/schema\/logo\/image\/\"}}]}<\/script>\n<!-- \/ Yoast SEO plugin. -->","yoast_head_json":{"title":"Consulta P\u00fablica - METROFOR","robots":{"index":"index","follow":"follow","max-snippet":"max-snippet:-1","max-image-preview":"max-image-preview:large","max-video-preview":"max-video-preview:-1"},"canonical":"https:\/\/ww16.ce.gov.br\/metrofor\/governanca-corporativa\/consulta-publica\/","og_locale":"pt_BR","og_type":"article","og_title":"Consulta P\u00fablica - METROFOR","og_description":"&nbsp; Em conformidade com o Regulamento interno de Licita\u00e7\u00f5es e Contratos do METROFOR (Art. 139 a Art. 142). A Consulta P\u00fablica caracteriza uma ferramenta para obten\u00e7\u00e3o de amplo conhecimento sobre objetos de contrata\u00e7\u00e3o ou mercados espec\u00edficos, atrav\u00e9s da manifesta\u00e7\u00e3o de terceiros sobre um tema especifico. &nbsp; Durante o processo s\u00e3o acolhidos questionamentos, sugest\u00f5es e informa\u00e7\u00f5es [&hellip;]","og_url":"https:\/\/ww16.ce.gov.br\/metrofor\/governanca-corporativa\/consulta-publica\/","og_site_name":"METROFOR","article_modified_time":"2026-05-07T19:26:15+00:00","twitter_card":"summary_large_image","twitter_misc":{"Est. reading time":"3 minutos"},"schema":{"@context":"https:\/\/schema.org","@graph":[{"@type":"WebPage","@id":"https:\/\/ww16.ce.gov.br\/metrofor\/governanca-corporativa\/consulta-publica\/","url":"https:\/\/ww16.ce.gov.br\/metrofor\/governanca-corporativa\/consulta-publica\/","name":"Consulta P\u00fablica - METROFOR","isPartOf":{"@id":"https:\/\/ww16.ce.gov.br\/metrofor\/#website"},"datePublished":"2026-05-04T16:37:43+00:00","dateModified":"2026-05-07T19:26:15+00:00","breadcrumb":{"@id":"https:\/\/ww16.ce.gov.br\/metrofor\/governanca-corporativa\/consulta-publica\/#breadcrumb"},"inLanguage":"pt-BR","potentialAction":[{"@type":"ReadAction","target":["https:\/\/ww16.ce.gov.br\/metrofor\/governanca-corporativa\/consulta-publica\/"]}]},{"@type":"BreadcrumbList","@id":"https:\/\/ww16.ce.gov.br\/metrofor\/governanca-corporativa\/consulta-publica\/#breadcrumb","itemListElement":[{"@type":"ListItem","position":1,"name":"In\u00edcio","item":"https:\/\/ww16.ce.gov.br\/metrofor\/"},{"@type":"ListItem","position":2,"name":"Governan\u00e7a Corporativa","item":"https:\/\/ww16.ce.gov.br\/metrofor\/governanca-corporativa\/"},{"@type":"ListItem","position":3,"name":"Consulta P\u00fablica"}]},{"@type":"WebSite","@id":"https:\/\/ww16.ce.gov.br\/metrofor\/#website","url":"https:\/\/ww16.ce.gov.br\/metrofor\/","name":"Metr\u00f4 de Fortaleza","description":"Portal METROFOR","publisher":{"@id":"https:\/\/ww16.ce.gov.br\/metrofor\/#organization"},"potentialAction":[{"@type":"SearchAction","target":{"@type":"EntryPoint","urlTemplate":"https:\/\/ww16.ce.gov.br\/metrofor\/?s={search_term_string}"},"query-input":{"@type":"PropertyValueSpecification","valueRequired":true,"valueName":"search_term_string"}}],"inLanguage":"pt-BR"},{"@type":"Organization","@id":"https:\/\/ww16.ce.gov.br\/metrofor\/#organization","name":"Metr\u00f4 de Fortaleza","url":"https:\/\/ww16.ce.gov.br\/metrofor\/","logo":{"@type":"ImageObject","inLanguage":"pt-BR","@id":"https:\/\/ww16.ce.gov.br\/metrofor\/#\/schema\/logo\/image\/","url":"http:\/\/ww16.ce.gov.br\/metrofor\/wp-content\/uploads\/sites\/32\/2018\/01\/METROFOR-SEINFRAclara.png","contentUrl":"http:\/\/ww16.ce.gov.br\/metrofor\/wp-content\/uploads\/sites\/32\/2018\/01\/METROFOR-SEINFRAclara.png","width":559,"height":106,"caption":"Metr\u00f4 de Fortaleza"},"image":{"@id":"https:\/\/ww16.ce.gov.br\/metrofor\/#\/schema\/logo\/image\/"}}]}},"_links":{"self":[{"href":"https:\/\/ww16.ce.gov.br\/metrofor\/wp-json\/wp\/v2\/pages\/75297","targetHints":{"allow":["GET"]}}],"collection":[{"href":"https:\/\/ww16.ce.gov.br\/metrofor\/wp-json\/wp\/v2\/pages"}],"about":[{"href":"https:\/\/ww16.ce.gov.br\/metrofor\/wp-json\/wp\/v2\/types\/page"}],"author":[{"embeddable":true,"href":"https:\/\/ww16.ce.gov.br\/metrofor\/wp-json\/wp\/v2\/users\/115"}],"replies":[{"embeddable":true,"href":"https:\/\/ww16.ce.gov.br\/metrofor\/wp-json\/wp\/v2\/comments?post=75297"}],"version-history":[{"count":4,"href":"https:\/\/ww16.ce.gov.br\/metrofor\/wp-json\/wp\/v2\/pages\/75297\/revisions"}],"predecessor-version":[{"id":75515,"href":"https:\/\/ww16.ce.gov.br\/metrofor\/wp-json\/wp\/v2\/pages\/75297\/revisions\/75515"}],"up":[{"embeddable":true,"href":"https:\/\/ww16.ce.gov.br\/metrofor\/wp-json\/wp\/v2\/pages\/69107"}],"wp:attachment":[{"href":"https:\/\/ww16.ce.gov.br\/metrofor\/wp-json\/wp\/v2\/media?parent=75297"}],"curies":[{"name":"wp","href":"https:\/\/api.w.org\/{rel}","templated":true}]}}