{"id":74202,"date":"2025-03-11T14:47:22","date_gmt":"2025-03-11T17:47:22","guid":{"rendered":"http:\/\/ww16.ce.gov.br\/metrofor\/?page_id=74202"},"modified":"2026-02-27T14:41:36","modified_gmt":"2026-02-27T17:41:36","slug":"concessaomidias-antigo","status":"publish","type":"page","link":"https:\/\/ww16.ce.gov.br\/metrofor\/concessaomidias-antigo\/","title":{"rendered":"Concess\u00e3o de M\u00eddias"},"content":{"rendered":"\n<p class=\"has-small-font-size\">O Cear\u00e1 est\u00e1 avan\u00e7ando na moderniza\u00e7\u00e3o e aproveitamento estrat\u00e9gico de seus espa\u00e7os urbanos com a concess\u00e3o exclusiva de m\u00eddia nas esta\u00e7\u00f5es, t\u00faneis e trens das linhas Nordeste, Sul, Oeste, Cariri e Sobral. Esta iniciativa inovadora permitir\u00e1 que um parceiro privado explore, por 15 anos, a veicula\u00e7\u00e3o de publicidade nesses ambientes, seguindo as melhores pr\u00e1ticas globais de gest\u00e3o e opera\u00e7\u00e3o de m\u00eddia em transporte p\u00fablico.<\/p>\n\n\n\n<p class=\"has-small-font-size\">A moderniza\u00e7\u00e3o do transporte p\u00fablico do Cear\u00e1 passa pela valoriza\u00e7\u00e3o de seus espa\u00e7os e pela gera\u00e7\u00e3o de novas receitas para a melhoria do sistema. Como parte desse processo, estamos abrindo a&nbsp;<strong>Consulta P\u00fablica<\/strong>&nbsp;para que a sociedade, empresas e demais interessados possam contribuir com sugest\u00f5es e questionamentos sobre o projeto de concess\u00e3o dos espa\u00e7os publicit\u00e1rios no METROFOR.<\/p>\n\n\n\n<p class=\"has-small-font-size\"><strong>Per\u00edodo da Consulta P\u00fablica: 10 de mar\u00e7o a 9 de abril<\/strong><br>Durante esse per\u00edodo, os documentos do projeto estar\u00e3o dispon\u00edveis para an\u00e1lise e recebimento de contribui\u00e7\u00f5es. Esse \u00e9 um momento essencial para garantir que o modelo adotado seja transparente, sustent\u00e1vel e vantajoso para todos os envolvidos.<\/p>\n\n\n\n<p class=\"has-small-font-size\"><strong>Como participar?<\/strong><br>\u2013 Acesse os documentos dispon\u00edveis no site oficial.<br>\u2013 Envie suas sugest\u00f5es e d\u00favidas para o e-mail:&nbsp;<strong>concessaomidias@metrofor.ce.gov.br<\/strong>..<\/p>\n\n\n\n<div class=\"wp-block-cegovbr-titulo-personalizado cegovbr-titulo-personalizado\"><div class=\"cegovbr-titulo-header\"><span class=\"material-symbols-outlined cegovbr-titulo-icon\">check_circle<\/span><h6 class=\"cegovbr-titulo-text\">A concess\u00e3o<\/h6><\/div><\/div>\n\n\n\n<p class=\"has-small-font-size\">O projeto de concess\u00e3o de m\u00eddia no METROFOR tem como objetivo transformar a gest\u00e3o da publicidade nas esta\u00e7\u00f5es de trem do estado, com um crescimento expressivo da receita. A previs\u00e3o \u00e9 que a receita com publicidade cres\u00e7a 1.569% at\u00e9 2038, saltando de uma m\u00e9dia anual de R$ 102 mil para R$ 1,6 milh\u00f5es. Esse aumento ser\u00e1 poss\u00edvel gra\u00e7as ao investimento e \u00e0 inova\u00e7\u00e3o tecnol\u00f3gica no sistema publicit\u00e1rio, que incluir\u00e1 a instala\u00e7\u00e3o de telas digitais nas esta\u00e7\u00f5es.<\/p>\n\n\n\n<div class=\"wp-block-cegovbr-titulo-personalizado cegovbr-titulo-personalizado\"><div class=\"cegovbr-titulo-header\"><span class=\"material-symbols-outlined cegovbr-titulo-icon\">check_circle<\/span><h6 class=\"cegovbr-titulo-text\">Valores da concess\u00e3o<\/h6><\/div><\/div>\n\n\n\n<p class=\"has-small-font-size\">\u2013 Valor m\u00ednimo de outorga: R$ 24,1 milh\u00f5es ao longo dos 15 anos (ou R$ 16,8 milh\u00f5es a valor presente, descontado pela infla\u00e7\u00e3o).<br>\u2013 Outorga vari\u00e1vel: 17,19% sobre a receita gerada.<br>\u2013 Pagamento inicial: R$ 1 milh\u00e3o.<br>\u2013 Car\u00eancia: 12 meses.<\/p>\n\n\n\n<div class=\"wp-block-cegovbr-titulo-personalizado cegovbr-titulo-personalizado\"><div class=\"cegovbr-titulo-header\"><span class=\"material-symbols-outlined cegovbr-titulo-icon\">check_circle<\/span><h6 class=\"cegovbr-titulo-text\">Consulta p\u00fablica<\/h6><\/div><\/div>\n\n\n\n<p class=\"has-small-font-size\">A moderniza\u00e7\u00e3o do transporte p\u00fablico do Cear\u00e1 passa pela valoriza\u00e7\u00e3o de seus espa\u00e7os e pela gera\u00e7\u00e3o de novas receitas para a melhoria do sistema. Como parte desse processo, estamos abrindo a&nbsp;<strong>Consulta P\u00fablica<\/strong>&nbsp;para que a sociedade, empresas e demais interessados possam contribuir com sugest\u00f5es e questionamentos sobre o projeto de concess\u00e3o dos espa\u00e7os publicit\u00e1rios no METROFOR.<\/p>\n\n\n\n<p class=\"has-small-font-size\"><strong>Per\u00edodo da Consulta P\u00fablica: 10 de mar\u00e7o a 9 de abril<\/strong><br>Durante esse per\u00edodo, os documentos do projeto estar\u00e3o dispon\u00edveis para an\u00e1lise e recebimento de contribui\u00e7\u00f5es. Esse \u00e9 um momento essencial para garantir que o modelo adotado seja transparente, sustent\u00e1vel e vantajoso para todos os envolvidos.<\/p>\n\n\n\n<p class=\"has-small-font-size\"><strong>Como participar?<\/strong><br>\u2013 Acesse os documentos dispon\u00edveis no site oficial.<br>\u2013 Envie suas sugest\u00f5es e d\u00favidas para o e-mail:&nbsp;<strong>concessaomidias@metrofor.ce.gov.br<\/strong>.<\/p>\n\n\n\n<div class=\"wp-block-cegovbr-titulo-personalizado cegovbr-titulo-personalizado\"><div class=\"cegovbr-titulo-header\"><span class=\"material-symbols-outlined cegovbr-titulo-icon\">check_circle<\/span><h6 class=\"cegovbr-titulo-text\">Audi\u00eancia p\u00fablica<\/h6><\/div><\/div>\n\n\n\n<p class=\"has-small-font-size\">Como parte do processo de transpar\u00eancia e participa\u00e7\u00e3o social, ser\u00e1 realizada uma&nbsp;<strong>Audi\u00eancia P\u00fablica<\/strong>&nbsp;para apresentar os detalhes do projeto de concess\u00e3o dos espa\u00e7os publicit\u00e1rios no METROFOR.<\/p>\n\n\n\n<p class=\"has-small-font-size\"><strong>Data:<\/strong>&nbsp;20 de mar\u00e7o<\/p>\n\n\n\n<p class=\"has-small-font-size\"><strong>Hor\u00e1rio:<\/strong>&nbsp;14h<\/p>\n\n\n\n<p class=\"has-small-font-size\"><strong>Local:<\/strong>&nbsp;A audi\u00eancia p\u00fablica ser\u00e1 em formato virtual. Para assistir favor clicar no endere\u00e7o:&nbsp;<a href=\"https:\/\/www.youtube.com\/@oficialmetrofor\">https:\/\/www.youtube.com\/@oficialmetrofor&nbsp;<\/a>ou pelo&nbsp;<a href=\"https:\/\/teams.microsoft.com\/l\/meetup-join\/19%3ameeting_NDM3YjA4ZmEtOTNmNS00YTkzLTg3YjgtMGQxOWM4ODNmYjlm%40thread.v2\/0?context=%7b%22Tid%22%3a%226c0c439e-16c1-40d6-b247-3981efe72f1b%22%2c%22Oid%22%3a%222e6f207b-7c55-46b9-8aa5-1cbf7f1e5506%22%7d\">Microsoft Teams<\/a><\/p>\n\n\n\n<p class=\"has-small-font-size\">As contribui\u00e7\u00f5es, sugest\u00f5es e d\u00favidas durante a audi\u00eancia p\u00fablica dever\u00e3o ser encaminhadas ao Metrofor atrav\u00e9s do e-mail&nbsp;<a href=\"mailto:concessaomidias@metrofor.ce.gov.br\"><strong>concessaomidias@metrofor.ce.gov.br<\/strong><\/a><strong>.<\/strong><\/p>\n\n\n\n<p class=\"has-small-font-size\">A&nbsp;<strong>Consulta P\u00fablica<\/strong>&nbsp;do projeto permanecer\u00e1 aberta de&nbsp;<strong>10 de mar\u00e7o a 9 de abril<\/strong>, permitindo o envio de sugest\u00f5es por meio dos canais digitais. A Audi\u00eancia P\u00fablica ser\u00e1 um momento chave para ampliar esse debate e garantir que a concess\u00e3o aconte\u00e7a de forma transparente e ben\u00e9fica para todos.<\/p>\n\n\n\n<p class=\"has-small-font-size\">Ap\u00f3s o t\u00e9rmino da Consulta P\u00fablica, as contribui\u00e7\u00f5es, sugest\u00f5es e d\u00favidas ser\u00e3o respondidas em at\u00e9 30 dias e ser\u00e3o divulgadas no endere\u00e7o https:\/\/www.metrofor.ce.gov.br\/concessaomidias\/.&nbsp;<\/p>\n\n\n\n<p>&nbsp;<\/p>\n\n\n\n<ul class=\"wp-block-list ListaEst -Verde col2\">\n<li><a href=\"https:\/\/ww16.ce.gov.br\/metrofor\/wp-content\/uploads\/sites\/75\/2025\/03\/Apresentacao-Audiencia-Publica.pdf\">Apresenta\u00e7\u00e3o<\/a><\/li>\n\n\n\n<li><a href=\"https:\/\/ww16.ce.gov.br\/metrofor\/wp-content\/uploads\/sites\/75\/2025\/03\/Estudo-Tecnico-Operacional.pdf\">Estudo T\u00e9cnico<\/a><\/li>\n\n\n\n<li><a href=\"https:\/\/ww16.ce.gov.br\/metrofor\/wp-content\/uploads\/sites\/75\/2025\/03\/Plano-de-Negocios-e-Avaliacao-Economico-Financeira.pdf\">Plano de Neg\u00f3cios<\/a><\/li>\n\n\n\n<li><a href=\"https:\/\/ww16.ce.gov.br\/metrofor\/wp-content\/uploads\/sites\/75\/2025\/03\/04.-Documentos-Juridicos-20250310T200023Z-001.zip\">Documentos Jur\u00eddicos<\/a><\/li>\n<\/ul>\n\n\n\n<p>&nbsp;<\/p>\n\n\n","protected":false},"excerpt":{"rendered":"<p>O Cear\u00e1 est\u00e1 avan\u00e7ando na moderniza\u00e7\u00e3o e aproveitamento estrat\u00e9gico de seus espa\u00e7os urbanos com a concess\u00e3o exclusiva de m\u00eddia nas esta\u00e7\u00f5es, t\u00faneis e trens das linhas Nordeste, Sul, Oeste, Cariri e Sobral. Esta iniciativa inovadora permitir\u00e1 que um parceiro privado explore, por 15 anos, a veicula\u00e7\u00e3o de publicidade nesses ambientes, seguindo as melhores pr\u00e1ticas globais [&hellip;]<\/p>\n","protected":false},"author":118,"featured_media":0,"parent":0,"menu_order":0,"comment_status":"closed","ping_status":"closed","template":"","meta":{"_acf_changed":false,"inline_featured_image":false,"footnotes":""},"class_list":["post-74202","page","type-page","status-publish","hentry"],"acf":[],"yoast_head":"<!-- This site is optimized with the Yoast SEO plugin v26.9 - https:\/\/yoast.com\/product\/yoast-seo-wordpress\/ -->\n<title>Concess\u00e3o de M\u00eddias - METROFOR<\/title>\n<meta name=\"robots\" content=\"index, follow, max-snippet:-1, max-image-preview:large, max-video-preview:-1\" \/>\n<link rel=\"canonical\" href=\"https:\/\/ww16.ce.gov.br\/metrofor\/concessaomidias-antigo\/\" \/>\n<meta property=\"og:locale\" content=\"pt_BR\" \/>\n<meta property=\"og:type\" content=\"article\" \/>\n<meta property=\"og:title\" content=\"Concess\u00e3o de M\u00eddias - METROFOR\" \/>\n<meta property=\"og:description\" content=\"O Cear\u00e1 est\u00e1 avan\u00e7ando na moderniza\u00e7\u00e3o e aproveitamento estrat\u00e9gico de seus espa\u00e7os urbanos com a concess\u00e3o exclusiva de m\u00eddia nas esta\u00e7\u00f5es, t\u00faneis e trens das linhas Nordeste, Sul, Oeste, Cariri e Sobral. Esta iniciativa inovadora permitir\u00e1 que um parceiro privado explore, por 15 anos, a veicula\u00e7\u00e3o de publicidade nesses ambientes, seguindo as melhores pr\u00e1ticas globais [&hellip;]\" \/>\n<meta property=\"og:url\" content=\"https:\/\/ww16.ce.gov.br\/metrofor\/concessaomidias-antigo\/\" \/>\n<meta property=\"og:site_name\" content=\"METROFOR\" \/>\n<meta property=\"article:modified_time\" content=\"2026-02-27T17:41:36+00:00\" \/>\n<meta name=\"twitter:card\" content=\"summary_large_image\" \/>\n<meta name=\"twitter:label1\" content=\"Est. reading time\" \/>\n\t<meta name=\"twitter:data1\" content=\"4 minutos\" \/>\n<script type=\"application\/ld+json\" class=\"yoast-schema-graph\">{\"@context\":\"https:\/\/schema.org\",\"@graph\":[{\"@type\":\"WebPage\",\"@id\":\"https:\/\/ww16.ce.gov.br\/metrofor\/concessaomidias-antigo\/\",\"url\":\"https:\/\/ww16.ce.gov.br\/metrofor\/concessaomidias-antigo\/\",\"name\":\"Concess\u00e3o de M\u00eddias - METROFOR\",\"isPartOf\":{\"@id\":\"https:\/\/ww16.ce.gov.br\/metrofor\/#website\"},\"datePublished\":\"2025-03-11T17:47:22+00:00\",\"dateModified\":\"2026-02-27T17:41:36+00:00\",\"breadcrumb\":{\"@id\":\"https:\/\/ww16.ce.gov.br\/metrofor\/concessaomidias-antigo\/#breadcrumb\"},\"inLanguage\":\"pt-BR\",\"potentialAction\":[{\"@type\":\"ReadAction\",\"target\":[\"https:\/\/ww16.ce.gov.br\/metrofor\/concessaomidias-antigo\/\"]}]},{\"@type\":\"BreadcrumbList\",\"@id\":\"https:\/\/ww16.ce.gov.br\/metrofor\/concessaomidias-antigo\/#breadcrumb\",\"itemListElement\":[{\"@type\":\"ListItem\",\"position\":1,\"name\":\"In\u00edcio\",\"item\":\"https:\/\/ww16.ce.gov.br\/metrofor\/\"},{\"@type\":\"ListItem\",\"position\":2,\"name\":\"Concess\u00e3o de M\u00eddias\"}]},{\"@type\":\"WebSite\",\"@id\":\"https:\/\/ww16.ce.gov.br\/metrofor\/#website\",\"url\":\"https:\/\/ww16.ce.gov.br\/metrofor\/\",\"name\":\"Metr\u00f4 de Fortaleza\",\"description\":\"Portal METROFOR\",\"publisher\":{\"@id\":\"https:\/\/ww16.ce.gov.br\/metrofor\/#organization\"},\"potentialAction\":[{\"@type\":\"SearchAction\",\"target\":{\"@type\":\"EntryPoint\",\"urlTemplate\":\"https:\/\/ww16.ce.gov.br\/metrofor\/?s={search_term_string}\"},\"query-input\":{\"@type\":\"PropertyValueSpecification\",\"valueRequired\":true,\"valueName\":\"search_term_string\"}}],\"inLanguage\":\"pt-BR\"},{\"@type\":\"Organization\",\"@id\":\"https:\/\/ww16.ce.gov.br\/metrofor\/#organization\",\"name\":\"Metr\u00f4 de Fortaleza\",\"url\":\"https:\/\/ww16.ce.gov.br\/metrofor\/\",\"logo\":{\"@type\":\"ImageObject\",\"inLanguage\":\"pt-BR\",\"@id\":\"https:\/\/ww16.ce.gov.br\/metrofor\/#\/schema\/logo\/image\/\",\"url\":\"http:\/\/ww16.ce.gov.br\/metrofor\/wp-content\/uploads\/sites\/32\/2018\/01\/METROFOR-SEINFRAclara.png\",\"contentUrl\":\"http:\/\/ww16.ce.gov.br\/metrofor\/wp-content\/uploads\/sites\/32\/2018\/01\/METROFOR-SEINFRAclara.png\",\"width\":559,\"height\":106,\"caption\":\"Metr\u00f4 de Fortaleza\"},\"image\":{\"@id\":\"https:\/\/ww16.ce.gov.br\/metrofor\/#\/schema\/logo\/image\/\"}}]}<\/script>\n<!-- \/ Yoast SEO plugin. -->","yoast_head_json":{"title":"Concess\u00e3o de M\u00eddias - METROFOR","robots":{"index":"index","follow":"follow","max-snippet":"max-snippet:-1","max-image-preview":"max-image-preview:large","max-video-preview":"max-video-preview:-1"},"canonical":"https:\/\/ww16.ce.gov.br\/metrofor\/concessaomidias-antigo\/","og_locale":"pt_BR","og_type":"article","og_title":"Concess\u00e3o de M\u00eddias - METROFOR","og_description":"O Cear\u00e1 est\u00e1 avan\u00e7ando na moderniza\u00e7\u00e3o e aproveitamento estrat\u00e9gico de seus espa\u00e7os urbanos com a concess\u00e3o exclusiva de m\u00eddia nas esta\u00e7\u00f5es, t\u00faneis e trens das linhas Nordeste, Sul, Oeste, Cariri e Sobral. Esta iniciativa inovadora permitir\u00e1 que um parceiro privado explore, por 15 anos, a veicula\u00e7\u00e3o de publicidade nesses ambientes, seguindo as melhores pr\u00e1ticas globais [&hellip;]","og_url":"https:\/\/ww16.ce.gov.br\/metrofor\/concessaomidias-antigo\/","og_site_name":"METROFOR","article_modified_time":"2026-02-27T17:41:36+00:00","twitter_card":"summary_large_image","twitter_misc":{"Est. reading time":"4 minutos"},"schema":{"@context":"https:\/\/schema.org","@graph":[{"@type":"WebPage","@id":"https:\/\/ww16.ce.gov.br\/metrofor\/concessaomidias-antigo\/","url":"https:\/\/ww16.ce.gov.br\/metrofor\/concessaomidias-antigo\/","name":"Concess\u00e3o de M\u00eddias - METROFOR","isPartOf":{"@id":"https:\/\/ww16.ce.gov.br\/metrofor\/#website"},"datePublished":"2025-03-11T17:47:22+00:00","dateModified":"2026-02-27T17:41:36+00:00","breadcrumb":{"@id":"https:\/\/ww16.ce.gov.br\/metrofor\/concessaomidias-antigo\/#breadcrumb"},"inLanguage":"pt-BR","potentialAction":[{"@type":"ReadAction","target":["https:\/\/ww16.ce.gov.br\/metrofor\/concessaomidias-antigo\/"]}]},{"@type":"BreadcrumbList","@id":"https:\/\/ww16.ce.gov.br\/metrofor\/concessaomidias-antigo\/#breadcrumb","itemListElement":[{"@type":"ListItem","position":1,"name":"In\u00edcio","item":"https:\/\/ww16.ce.gov.br\/metrofor\/"},{"@type":"ListItem","position":2,"name":"Concess\u00e3o de M\u00eddias"}]},{"@type":"WebSite","@id":"https:\/\/ww16.ce.gov.br\/metrofor\/#website","url":"https:\/\/ww16.ce.gov.br\/metrofor\/","name":"Metr\u00f4 de Fortaleza","description":"Portal METROFOR","publisher":{"@id":"https:\/\/ww16.ce.gov.br\/metrofor\/#organization"},"potentialAction":[{"@type":"SearchAction","target":{"@type":"EntryPoint","urlTemplate":"https:\/\/ww16.ce.gov.br\/metrofor\/?s={search_term_string}"},"query-input":{"@type":"PropertyValueSpecification","valueRequired":true,"valueName":"search_term_string"}}],"inLanguage":"pt-BR"},{"@type":"Organization","@id":"https:\/\/ww16.ce.gov.br\/metrofor\/#organization","name":"Metr\u00f4 de Fortaleza","url":"https:\/\/ww16.ce.gov.br\/metrofor\/","logo":{"@type":"ImageObject","inLanguage":"pt-BR","@id":"https:\/\/ww16.ce.gov.br\/metrofor\/#\/schema\/logo\/image\/","url":"http:\/\/ww16.ce.gov.br\/metrofor\/wp-content\/uploads\/sites\/32\/2018\/01\/METROFOR-SEINFRAclara.png","contentUrl":"http:\/\/ww16.ce.gov.br\/metrofor\/wp-content\/uploads\/sites\/32\/2018\/01\/METROFOR-SEINFRAclara.png","width":559,"height":106,"caption":"Metr\u00f4 de Fortaleza"},"image":{"@id":"https:\/\/ww16.ce.gov.br\/metrofor\/#\/schema\/logo\/image\/"}}]}},"_links":{"self":[{"href":"https:\/\/ww16.ce.gov.br\/metrofor\/wp-json\/wp\/v2\/pages\/74202","targetHints":{"allow":["GET"]}}],"collection":[{"href":"https:\/\/ww16.ce.gov.br\/metrofor\/wp-json\/wp\/v2\/pages"}],"about":[{"href":"https:\/\/ww16.ce.gov.br\/metrofor\/wp-json\/wp\/v2\/types\/page"}],"author":[{"embeddable":true,"href":"https:\/\/ww16.ce.gov.br\/metrofor\/wp-json\/wp\/v2\/users\/118"}],"replies":[{"embeddable":true,"href":"https:\/\/ww16.ce.gov.br\/metrofor\/wp-json\/wp\/v2\/comments?post=74202"}],"version-history":[{"count":4,"href":"https:\/\/ww16.ce.gov.br\/metrofor\/wp-json\/wp\/v2\/pages\/74202\/revisions"}],"predecessor-version":[{"id":75176,"href":"https:\/\/ww16.ce.gov.br\/metrofor\/wp-json\/wp\/v2\/pages\/74202\/revisions\/75176"}],"wp:attachment":[{"href":"https:\/\/ww16.ce.gov.br\/metrofor\/wp-json\/wp\/v2\/media?parent=74202"}],"curies":[{"name":"wp","href":"https:\/\/api.w.org\/{rel}","templated":true}]}}