{"id":74126,"date":"2025-02-24T14:49:13","date_gmt":"2025-02-24T17:49:13","guid":{"rendered":"http:\/\/ww16.ce.gov.br\/metrofor\/?page_id=74126"},"modified":"2025-05-09T10:50:05","modified_gmt":"2025-05-09T13:50:05","slug":"concessaomidias","status":"publish","type":"page","link":"https:\/\/ww16.ce.gov.br\/metrofor\/concessaomidias\/","title":{"rendered":"Concess\u00e3o de M\u00eddias"},"content":{"rendered":"<p>&nbsp;<\/p>\n<p><strong>Concess\u00e3o exclusiva de m\u00eddias no sistema metrovi\u00e1rio do Cear\u00e1<br \/>\n<\/strong>O Cear\u00e1 est\u00e1 avan\u00e7ando na moderniza\u00e7\u00e3o e aproveitamento estrat\u00e9gico de seus espa\u00e7os urbanos com a concess\u00e3o exclusiva de m\u00eddia nas esta\u00e7\u00f5es, t\u00faneis e trens das linhas Nordeste, Sul, Oeste, Cariri e Sobral. Esta iniciativa inovadora permitir\u00e1 que um parceiro privado explore, por 15 anos, a veicula\u00e7\u00e3o de publicidade nesses ambientes, seguindo as melhores pr\u00e1ticas globais de gest\u00e3o e opera\u00e7\u00e3o de m\u00eddia em transporte p\u00fablico.<\/p>\n<p>&nbsp;<\/p>\n<p><strong>A CONCESS\u00c3O<\/strong><br \/>\nO projeto de concess\u00e3o de m\u00eddia no METROFOR tem como objetivo transformar a gest\u00e3o da publicidade nas esta\u00e7\u00f5es de trem do estado, com um crescimento expressivo da receita. A previs\u00e3o \u00e9 que a receita com publicidade cres\u00e7a 1.569% at\u00e9 2038, saltando de uma m\u00e9dia anual de R$ 102 mil para R$ 1,6 milh\u00f5es. Esse aumento ser\u00e1 poss\u00edvel gra\u00e7as ao investimento e \u00e0 inova\u00e7\u00e3o tecnol\u00f3gica no sistema publicit\u00e1rio, que incluir\u00e1 a instala\u00e7\u00e3o de telas digitais nas esta\u00e7\u00f5es.<\/p>\n<p>&nbsp;<\/p>\n<p><strong>Valores da Concess\u00e3o:<\/strong><br \/>\n\u2013 Valor m\u00ednimo de outorga: R$ 24,1 milh\u00f5es ao longo dos 15 anos (ou R$ 16,8 milh\u00f5es a valor presente, descontado pela infla\u00e7\u00e3o).<br \/>\n\u2013 Outorga vari\u00e1vel: 17,19% sobre a receita gerada.<br \/>\n\u2013 Pagamento inicial: R$ 1 milh\u00e3o.<br \/>\n\u2013 Car\u00eancia: 12 meses.<\/p>\n<p>&nbsp;<\/p>\n<p><strong>CONSULTA P\u00daBLICA<\/strong><br \/>\nA moderniza\u00e7\u00e3o do transporte p\u00fablico do Cear\u00e1 passa pela valoriza\u00e7\u00e3o de seus espa\u00e7os e pela gera\u00e7\u00e3o de novas receitas para a melhoria do sistema. Como parte desse processo, estamos abrindo a\u00a0<strong>Consulta P\u00fablica<\/strong>\u00a0para que a sociedade, empresas e demais interessados possam contribuir com sugest\u00f5es e questionamentos sobre o projeto de concess\u00e3o dos espa\u00e7os publicit\u00e1rios no METROFOR.<\/p>\n<p>&nbsp;<\/p>\n<p><strong>\u2013 Per\u00edodo da Consulta P\u00fablica: 10 de mar\u00e7o a 9 de abril<\/strong><br \/>\n\u2013 Durante esse per\u00edodo, os documentos do projeto estar\u00e3o dispon\u00edveis para an\u00e1lise e recebimento de contribui\u00e7\u00f5es. Esse \u00e9 um momento essencial para garantir que o modelo adotado seja transparente, sustent\u00e1vel e vantajoso para todos os envolvidos.<\/p>\n<p>&nbsp;<\/p>\n<p><strong>Como participar?<\/strong><br \/>\n\u2013 Acesse os documentos dispon\u00edveis no site oficial.<br \/>\n\u2013 Envie suas sugest\u00f5es e d\u00favidas para o e-mail:\u00a0<strong>concessaomidias@metrofor.ce.gov.br<\/strong>.<\/p>\n<p>&nbsp;<\/p>\n<p><strong>AUDI\u00caNCIA P\u00daBLICA<\/strong><br \/>\nComo parte do processo de transpar\u00eancia e participa\u00e7\u00e3o social, ser\u00e1 realizada uma\u00a0<strong>Audi\u00eancia P\u00fablica<\/strong>\u00a0para apresentar os detalhes do projeto de concess\u00e3o dos espa\u00e7os publicit\u00e1rios no METROFOR.<\/p>\n<p>&nbsp;<\/p>\n<p><strong>Data:<\/strong>\u00a020 de mar\u00e7o<\/p>\n<p>&nbsp;<\/p>\n<p><strong>Hor\u00e1rio:<\/strong> 14h<\/p>\n<p>&nbsp;<\/p>\n<p><strong>Local:<\/strong>\u00a0A audi\u00eancia p\u00fablica ser\u00e1 em formato virtual. Para assistir favor clicar no endere\u00e7o:\u00a0<a href=\"https:\/\/www.youtube.com\/@oficialmetrofor\">https:\/\/www.youtube.com\/@oficialmetrofor <\/a>ou pelo <a href=\"https:\/\/teams.microsoft.com\/l\/meetup-join\/19%3ameeting_NDM3YjA4ZmEtOTNmNS00YTkzLTg3YjgtMGQxOWM4ODNmYjlm%40thread.v2\/0?context=%7b%22Tid%22%3a%226c0c439e-16c1-40d6-b247-3981efe72f1b%22%2c%22Oid%22%3a%222e6f207b-7c55-46b9-8aa5-1cbf7f1e5506%22%7d\">Microsoft Teams<\/a><\/p>\n<p>&nbsp;<\/p>\n<p>As contribui\u00e7\u00f5es, sugest\u00f5es e d\u00favidas durante a audi\u00eancia p\u00fablica dever\u00e3o ser encaminhadas ao Metrofor atrav\u00e9s do e-mail <a href=\"mailto:concessaomidias@metrofor.ce.gov.br\"><strong>concessaomidias@metrofor.ce.gov.br<\/strong><\/a><strong>.<\/strong><\/p>\n<p>&nbsp;<\/p>\n<p>A\u00a0<strong>Consulta P\u00fablica<\/strong>\u00a0do projeto permanecer\u00e1 aberta de\u00a0<strong>10 de mar\u00e7o a 9 de abril<\/strong>, permitindo o envio de sugest\u00f5es por meio dos canais digitais. A Audi\u00eancia P\u00fablica ser\u00e1 um momento chave para ampliar esse debate e garantir que a concess\u00e3o aconte\u00e7a de forma transparente e ben\u00e9fica para todos.<\/p>\n<p>&nbsp;<\/p>\n<p>Ap\u00f3s o t\u00e9rmino da Consulta P\u00fablica, as contribui\u00e7\u00f5es, sugest\u00f5es e d\u00favidas ser\u00e3o respondidas em at\u00e9 30 dias e ser\u00e3o divulgadas no endere\u00e7o https:\/\/ww16.ce.gov.br\/metrofor\/concessaomidias\/.<\/p>\n<p>&nbsp;<\/p>\n<p style=\"text-align: center\"><strong>FA\u00c7A PARTE DESSA TRANSFORMA\u00c7\u00c3O E EXPLORE O FUTURO DA PUBLICIDADE NO TRANSPORTE P\u00daBLICO DO CEAR\u00c1!<\/strong><\/p>\n<p>&nbsp;<\/p>\n<ul class=\"ListaEst -Verde col2\" style=\"font-weight: bold\">\n<li><a href=\"https:\/\/ww16.ce.gov.br\/metrofor\/wp-content\/uploads\/sites\/75\/2025\/03\/Apresentacao-Audiencia-Publica-1.pdf\" target=\"_blank\" rel=\"noopener noreferrer\">Apresenta\u00e7\u00e3o<\/a><\/li>\n<li><a href=\"https:\/\/ww16.ce.gov.br\/metrofor\/wp-content\/uploads\/sites\/75\/2025\/03\/Plano-de-Negocios-e-Avaliacao-Economico-Financeira.pdf\" target=\"_blank\" rel=\"noopener noreferrer\">Plano de Neg\u00f3cios<\/a><\/li>\n<li><a href=\"https:\/\/ww16.ce.gov.br\/metrofor\/wp-content\/uploads\/sites\/75\/2025\/03\/Estudo-Tecnico-Operacional.pdf\">Estudo T\u00e9cnico<\/a><\/li>\n<li><a href=\"https:\/\/ww16.ce.gov.br\/metrofor\/projeto\/documentos-juridicos-concessao-de-midia\/\">Documenta\u00e7\u00e3o jur\u00eddica<\/a><\/li>\n<li><a href=\"https:\/\/ww16.ce.gov.br\/metrofor\/projeto\/leia-mais-concessao-de-midia\/\">Leia mais<\/a><\/li>\n<li><a href=\"https:\/\/ww16.ce.gov.br\/metrofor\/wp-content\/uploads\/sites\/75\/2025\/05\/RespostasCompiladas.pdf\">Respostas da Consulta P\u00fablica<\/a><\/li>\n<li><a href=\"https:\/\/www.youtube.com\/live\/p8yDMrMqId4?si=lK6FvP8TQEsP7ieC\">V\u00eddeo da Audi\u00eancia P\u00fablica<\/a><\/li>\n<\/ul>\n","protected":false},"excerpt":{"rendered":"<p>&nbsp; Concess\u00e3o exclusiva de m\u00eddias no sistema metrovi\u00e1rio do Cear\u00e1 O Cear\u00e1 est\u00e1 avan\u00e7ando na moderniza\u00e7\u00e3o e aproveitamento estrat\u00e9gico de seus espa\u00e7os urbanos com a concess\u00e3o exclusiva de m\u00eddia nas esta\u00e7\u00f5es, t\u00faneis e trens das linhas Nordeste, Sul, Oeste, Cariri e Sobral. Esta iniciativa inovadora permitir\u00e1 que um parceiro privado explore, por 15 anos, a [&hellip;]<\/p>\n","protected":false},"author":719,"featured_media":0,"parent":0,"menu_order":0,"comment_status":"closed","ping_status":"closed","template":"","meta":{"_acf_changed":false,"inline_featured_image":false,"footnotes":""},"class_list":["post-74126","page","type-page","status-publish","hentry"],"acf":[],"yoast_head":"<!-- This site is optimized with the Yoast SEO plugin v26.9 - https:\/\/yoast.com\/product\/yoast-seo-wordpress\/ -->\n<title>Concess\u00e3o de M\u00eddias - METROFOR<\/title>\n<meta name=\"robots\" content=\"index, follow, max-snippet:-1, max-image-preview:large, max-video-preview:-1\" \/>\n<link rel=\"canonical\" href=\"https:\/\/ww16.ce.gov.br\/metrofor\/concessaomidias\/\" \/>\n<meta property=\"og:locale\" content=\"pt_BR\" \/>\n<meta property=\"og:type\" content=\"article\" \/>\n<meta property=\"og:title\" content=\"Concess\u00e3o de M\u00eddias - METROFOR\" \/>\n<meta property=\"og:description\" content=\"&nbsp; Concess\u00e3o exclusiva de m\u00eddias no sistema metrovi\u00e1rio do Cear\u00e1 O Cear\u00e1 est\u00e1 avan\u00e7ando na moderniza\u00e7\u00e3o e aproveitamento estrat\u00e9gico de seus espa\u00e7os urbanos com a concess\u00e3o exclusiva de m\u00eddia nas esta\u00e7\u00f5es, t\u00faneis e trens das linhas Nordeste, Sul, Oeste, Cariri e Sobral. Esta iniciativa inovadora permitir\u00e1 que um parceiro privado explore, por 15 anos, a [&hellip;]\" \/>\n<meta property=\"og:url\" content=\"https:\/\/ww16.ce.gov.br\/metrofor\/concessaomidias\/\" \/>\n<meta property=\"og:site_name\" content=\"METROFOR\" \/>\n<meta property=\"article:modified_time\" content=\"2025-05-09T13:50:05+00:00\" \/>\n<meta name=\"twitter:card\" content=\"summary_large_image\" \/>\n<meta name=\"twitter:label1\" content=\"Est. reading time\" \/>\n\t<meta name=\"twitter:data1\" content=\"3 minutos\" \/>\n<script type=\"application\/ld+json\" class=\"yoast-schema-graph\">{\"@context\":\"https:\/\/schema.org\",\"@graph\":[{\"@type\":\"WebPage\",\"@id\":\"https:\/\/ww16.ce.gov.br\/metrofor\/concessaomidias\/\",\"url\":\"https:\/\/ww16.ce.gov.br\/metrofor\/concessaomidias\/\",\"name\":\"Concess\u00e3o de M\u00eddias - METROFOR\",\"isPartOf\":{\"@id\":\"https:\/\/ww16.ce.gov.br\/metrofor\/#website\"},\"datePublished\":\"2025-02-24T17:49:13+00:00\",\"dateModified\":\"2025-05-09T13:50:05+00:00\",\"breadcrumb\":{\"@id\":\"https:\/\/ww16.ce.gov.br\/metrofor\/concessaomidias\/#breadcrumb\"},\"inLanguage\":\"pt-BR\",\"potentialAction\":[{\"@type\":\"ReadAction\",\"target\":[\"https:\/\/ww16.ce.gov.br\/metrofor\/concessaomidias\/\"]}]},{\"@type\":\"BreadcrumbList\",\"@id\":\"https:\/\/ww16.ce.gov.br\/metrofor\/concessaomidias\/#breadcrumb\",\"itemListElement\":[{\"@type\":\"ListItem\",\"position\":1,\"name\":\"In\u00edcio\",\"item\":\"https:\/\/ww16.ce.gov.br\/metrofor\/\"},{\"@type\":\"ListItem\",\"position\":2,\"name\":\"Concess\u00e3o de M\u00eddias\"}]},{\"@type\":\"WebSite\",\"@id\":\"https:\/\/ww16.ce.gov.br\/metrofor\/#website\",\"url\":\"https:\/\/ww16.ce.gov.br\/metrofor\/\",\"name\":\"Metr\u00f4 de Fortaleza\",\"description\":\"Portal METROFOR\",\"publisher\":{\"@id\":\"https:\/\/ww16.ce.gov.br\/metrofor\/#organization\"},\"potentialAction\":[{\"@type\":\"SearchAction\",\"target\":{\"@type\":\"EntryPoint\",\"urlTemplate\":\"https:\/\/ww16.ce.gov.br\/metrofor\/?s={search_term_string}\"},\"query-input\":{\"@type\":\"PropertyValueSpecification\",\"valueRequired\":true,\"valueName\":\"search_term_string\"}}],\"inLanguage\":\"pt-BR\"},{\"@type\":\"Organization\",\"@id\":\"https:\/\/ww16.ce.gov.br\/metrofor\/#organization\",\"name\":\"Metr\u00f4 de Fortaleza\",\"url\":\"https:\/\/ww16.ce.gov.br\/metrofor\/\",\"logo\":{\"@type\":\"ImageObject\",\"inLanguage\":\"pt-BR\",\"@id\":\"https:\/\/ww16.ce.gov.br\/metrofor\/#\/schema\/logo\/image\/\",\"url\":\"http:\/\/ww16.ce.gov.br\/metrofor\/wp-content\/uploads\/sites\/32\/2018\/01\/METROFOR-SEINFRAclara.png\",\"contentUrl\":\"http:\/\/ww16.ce.gov.br\/metrofor\/wp-content\/uploads\/sites\/32\/2018\/01\/METROFOR-SEINFRAclara.png\",\"width\":559,\"height\":106,\"caption\":\"Metr\u00f4 de Fortaleza\"},\"image\":{\"@id\":\"https:\/\/ww16.ce.gov.br\/metrofor\/#\/schema\/logo\/image\/\"}}]}<\/script>\n<!-- \/ Yoast SEO plugin. -->","yoast_head_json":{"title":"Concess\u00e3o de M\u00eddias - METROFOR","robots":{"index":"index","follow":"follow","max-snippet":"max-snippet:-1","max-image-preview":"max-image-preview:large","max-video-preview":"max-video-preview:-1"},"canonical":"https:\/\/ww16.ce.gov.br\/metrofor\/concessaomidias\/","og_locale":"pt_BR","og_type":"article","og_title":"Concess\u00e3o de M\u00eddias - METROFOR","og_description":"&nbsp; Concess\u00e3o exclusiva de m\u00eddias no sistema metrovi\u00e1rio do Cear\u00e1 O Cear\u00e1 est\u00e1 avan\u00e7ando na moderniza\u00e7\u00e3o e aproveitamento estrat\u00e9gico de seus espa\u00e7os urbanos com a concess\u00e3o exclusiva de m\u00eddia nas esta\u00e7\u00f5es, t\u00faneis e trens das linhas Nordeste, Sul, Oeste, Cariri e Sobral. Esta iniciativa inovadora permitir\u00e1 que um parceiro privado explore, por 15 anos, a [&hellip;]","og_url":"https:\/\/ww16.ce.gov.br\/metrofor\/concessaomidias\/","og_site_name":"METROFOR","article_modified_time":"2025-05-09T13:50:05+00:00","twitter_card":"summary_large_image","twitter_misc":{"Est. reading time":"3 minutos"},"schema":{"@context":"https:\/\/schema.org","@graph":[{"@type":"WebPage","@id":"https:\/\/ww16.ce.gov.br\/metrofor\/concessaomidias\/","url":"https:\/\/ww16.ce.gov.br\/metrofor\/concessaomidias\/","name":"Concess\u00e3o de M\u00eddias - METROFOR","isPartOf":{"@id":"https:\/\/ww16.ce.gov.br\/metrofor\/#website"},"datePublished":"2025-02-24T17:49:13+00:00","dateModified":"2025-05-09T13:50:05+00:00","breadcrumb":{"@id":"https:\/\/ww16.ce.gov.br\/metrofor\/concessaomidias\/#breadcrumb"},"inLanguage":"pt-BR","potentialAction":[{"@type":"ReadAction","target":["https:\/\/ww16.ce.gov.br\/metrofor\/concessaomidias\/"]}]},{"@type":"BreadcrumbList","@id":"https:\/\/ww16.ce.gov.br\/metrofor\/concessaomidias\/#breadcrumb","itemListElement":[{"@type":"ListItem","position":1,"name":"In\u00edcio","item":"https:\/\/ww16.ce.gov.br\/metrofor\/"},{"@type":"ListItem","position":2,"name":"Concess\u00e3o de M\u00eddias"}]},{"@type":"WebSite","@id":"https:\/\/ww16.ce.gov.br\/metrofor\/#website","url":"https:\/\/ww16.ce.gov.br\/metrofor\/","name":"Metr\u00f4 de Fortaleza","description":"Portal METROFOR","publisher":{"@id":"https:\/\/ww16.ce.gov.br\/metrofor\/#organization"},"potentialAction":[{"@type":"SearchAction","target":{"@type":"EntryPoint","urlTemplate":"https:\/\/ww16.ce.gov.br\/metrofor\/?s={search_term_string}"},"query-input":{"@type":"PropertyValueSpecification","valueRequired":true,"valueName":"search_term_string"}}],"inLanguage":"pt-BR"},{"@type":"Organization","@id":"https:\/\/ww16.ce.gov.br\/metrofor\/#organization","name":"Metr\u00f4 de Fortaleza","url":"https:\/\/ww16.ce.gov.br\/metrofor\/","logo":{"@type":"ImageObject","inLanguage":"pt-BR","@id":"https:\/\/ww16.ce.gov.br\/metrofor\/#\/schema\/logo\/image\/","url":"http:\/\/ww16.ce.gov.br\/metrofor\/wp-content\/uploads\/sites\/32\/2018\/01\/METROFOR-SEINFRAclara.png","contentUrl":"http:\/\/ww16.ce.gov.br\/metrofor\/wp-content\/uploads\/sites\/32\/2018\/01\/METROFOR-SEINFRAclara.png","width":559,"height":106,"caption":"Metr\u00f4 de Fortaleza"},"image":{"@id":"https:\/\/ww16.ce.gov.br\/metrofor\/#\/schema\/logo\/image\/"}}]}},"_links":{"self":[{"href":"https:\/\/ww16.ce.gov.br\/metrofor\/wp-json\/wp\/v2\/pages\/74126","targetHints":{"allow":["GET"]}}],"collection":[{"href":"https:\/\/ww16.ce.gov.br\/metrofor\/wp-json\/wp\/v2\/pages"}],"about":[{"href":"https:\/\/ww16.ce.gov.br\/metrofor\/wp-json\/wp\/v2\/types\/page"}],"author":[{"embeddable":true,"href":"https:\/\/ww16.ce.gov.br\/metrofor\/wp-json\/wp\/v2\/users\/719"}],"replies":[{"embeddable":true,"href":"https:\/\/ww16.ce.gov.br\/metrofor\/wp-json\/wp\/v2\/comments?post=74126"}],"version-history":[{"count":61,"href":"https:\/\/ww16.ce.gov.br\/metrofor\/wp-json\/wp\/v2\/pages\/74126\/revisions"}],"predecessor-version":[{"id":74465,"href":"https:\/\/ww16.ce.gov.br\/metrofor\/wp-json\/wp\/v2\/pages\/74126\/revisions\/74465"}],"wp:attachment":[{"href":"https:\/\/ww16.ce.gov.br\/metrofor\/wp-json\/wp\/v2\/media?parent=74126"}],"curies":[{"name":"wp","href":"https:\/\/api.w.org\/{rel}","templated":true}]}}