{"id":72163,"date":"2023-02-08T16:12:27","date_gmt":"2023-02-08T19:12:27","guid":{"rendered":"http:\/\/ww16.ce.gov.br\/metrofor\/?page_id=72163"},"modified":"2023-04-27T16:32:00","modified_gmt":"2023-04-27T19:32:00","slug":"estatisticas","status":"publish","type":"page","link":"https:\/\/ww16.ce.gov.br\/metrofor\/estatisticas\/","title":{"rendered":"Estat\u00edsticas"},"content":{"rendered":"\n\n<div class=\"row\" style=\"text-align: center !important\">\r\n\r\n  <div class=\"mp-6 ml-6 tp-4 tl-2 dt-2\">\r\n    \r\n      <a href=\"https:\/\/ww16.ce.gov.br\/metrofor\/statisticspanel\/\">\r\n        <img decoding=\"async\" style=\"border-bottom: 7px solid #fc6836\" src=\"https:\/\/ww16.ce.gov.br\/metrofor\/wp-content\/uploads\/sites\/75\/2023\/03\/CENTRAL-DE-ESTATISTICAS.png\">\r\n      <\/a>\r\n      <h4>Principais informa\u00e7\u00f5es sobre passageiros transportados<\/h4>\r\n    \r\n  <\/div>\r\n\r\n  <div class=\"mp-6 ml-6 tp-4 tl-2 dt-2\">\r\n    \r\n    <a href=\"https:\/\/ww16.ce.gov.br\/metrofor\/projeto\/relatorios-de-demanda\/\">\r\n      <img decoding=\"async\" style=\"border-bottom: 7px solid #fc6836\" src=\"https:\/\/ww16.ce.gov.br\/metrofor\/wp-content\/uploads\/sites\/75\/2023\/03\/RELATORIOS-MOVIMENTACAO.png\">\r\n    <\/a>\r\n      <h4>Informa\u00e7\u00f5es trimestrais sobre a movimenta\u00e7\u00e3o de passageiros.<\/h4>\r\n    \r\n  <\/div>\r\n\r\n \r\n  <div class=\"mp-6 ml-6 tp-4 tl-2 dt-2\">\r\n    \r\n    <a href=\"https:\/\/ww16.ce.gov.br\/metrofor\/projeto\/pesquisa-origem-destino\/\">\r\n      <img decoding=\"async\" style=\"border-bottom: 7px solid #fc6836\" src=\"https:\/\/ww16.ce.gov.br\/metrofor\/wp-content\/uploads\/sites\/75\/2023\/02\/x_PESQUISA-OD.png\">\r\n    <\/a>\r\n      <h4>Relat\u00f3rio da Pesquisa Origem Destino<\/h4>\r\n    \r\n  <\/div>\r\n\r\n  <div class=\"mp-6 ml-6 tp-4 tl-2 dt-2\">\r\n    \r\n    <a href=\"https:\/\/ww16.ce.gov.br\/metrofor\/wp-content\/uploads\/sites\/75\/2025\/10\/Recordes-Metrofor.pdf\">\r\n      <img decoding=\"async\" style=\"border-bottom: 7px solid #fc6836\" src=\"https:\/\/ww16.ce.gov.br\/metrofor\/wp-content\/uploads\/sites\/75\/2023\/02\/x_RECORDES.png\">\r\n    <\/a>\r\n      <h4>Infogr\u00e1fico dos recordes por linha<\/h4>\r\n    \r\n  <\/div>\r\n\r\n<div class=\"mp-6 ml-6 tp-4 tl-2 dt-2\">\r\n    \r\n    <a href=\"https:\/\/ww16.ce.gov.br\/metrofor\/projeto\/artigos-e-publicacoes\/\">\r\n      <img decoding=\"async\" style=\"border-bottom: 7px solid #fc6836\" src=\"https:\/\/ww16.ce.gov.br\/metrofor\/wp-content\/uploads\/sites\/75\/2023\/02\/Vale_ARTIGOS-E-PUBLICS.png\">\r\n    <\/a>\r\n      <h4>Publica\u00e7\u00f5es t\u00e9cnicas e artigos cient\u00edficos<\/h4>    \r\n  <\/div>\r\n\r\n \r\n\r\n<\/div>\n","protected":false},"excerpt":{"rendered":"","protected":false},"author":119,"featured_media":0,"parent":0,"menu_order":0,"comment_status":"closed","ping_status":"closed","template":"","meta":{"_acf_changed":false,"inline_featured_image":false,"footnotes":""},"class_list":["post-72163","page","type-page","status-publish","hentry"],"acf":[],"yoast_head":"<!-- This site is optimized with the Yoast SEO plugin v26.9 - https:\/\/yoast.com\/product\/yoast-seo-wordpress\/ -->\n<title>Estat\u00edsticas - METROFOR<\/title>\n<meta name=\"robots\" content=\"index, follow, max-snippet:-1, max-image-preview:large, max-video-preview:-1\" \/>\n<link rel=\"canonical\" href=\"https:\/\/ww16.ce.gov.br\/metrofor\/estatisticas\/\" \/>\n<meta property=\"og:locale\" content=\"pt_BR\" \/>\n<meta property=\"og:type\" content=\"article\" \/>\n<meta property=\"og:title\" content=\"Estat\u00edsticas - METROFOR\" \/>\n<meta property=\"og:url\" content=\"https:\/\/ww16.ce.gov.br\/metrofor\/estatisticas\/\" \/>\n<meta property=\"og:site_name\" content=\"METROFOR\" \/>\n<meta property=\"article:modified_time\" content=\"2023-04-27T19:32:00+00:00\" \/>\n<meta name=\"twitter:card\" content=\"summary_large_image\" \/>\n<meta name=\"twitter:label1\" content=\"Est. reading time\" \/>\n\t<meta name=\"twitter:data1\" content=\"1 minuto\" \/>\n<script type=\"application\/ld+json\" class=\"yoast-schema-graph\">{\"@context\":\"https:\/\/schema.org\",\"@graph\":[{\"@type\":\"WebPage\",\"@id\":\"https:\/\/ww16.ce.gov.br\/metrofor\/estatisticas\/\",\"url\":\"https:\/\/ww16.ce.gov.br\/metrofor\/estatisticas\/\",\"name\":\"Estat\u00edsticas - METROFOR\",\"isPartOf\":{\"@id\":\"https:\/\/ww16.ce.gov.br\/metrofor\/#website\"},\"datePublished\":\"2023-02-08T19:12:27+00:00\",\"dateModified\":\"2023-04-27T19:32:00+00:00\",\"breadcrumb\":{\"@id\":\"https:\/\/ww16.ce.gov.br\/metrofor\/estatisticas\/#breadcrumb\"},\"inLanguage\":\"pt-BR\",\"potentialAction\":[{\"@type\":\"ReadAction\",\"target\":[\"https:\/\/ww16.ce.gov.br\/metrofor\/estatisticas\/\"]}]},{\"@type\":\"BreadcrumbList\",\"@id\":\"https:\/\/ww16.ce.gov.br\/metrofor\/estatisticas\/#breadcrumb\",\"itemListElement\":[{\"@type\":\"ListItem\",\"position\":1,\"name\":\"In\u00edcio\",\"item\":\"https:\/\/ww16.ce.gov.br\/metrofor\/\"},{\"@type\":\"ListItem\",\"position\":2,\"name\":\"Estat\u00edsticas\"}]},{\"@type\":\"WebSite\",\"@id\":\"https:\/\/ww16.ce.gov.br\/metrofor\/#website\",\"url\":\"https:\/\/ww16.ce.gov.br\/metrofor\/\",\"name\":\"Metr\u00f4 de Fortaleza\",\"description\":\"Portal METROFOR\",\"publisher\":{\"@id\":\"https:\/\/ww16.ce.gov.br\/metrofor\/#organization\"},\"potentialAction\":[{\"@type\":\"SearchAction\",\"target\":{\"@type\":\"EntryPoint\",\"urlTemplate\":\"https:\/\/ww16.ce.gov.br\/metrofor\/?s={search_term_string}\"},\"query-input\":{\"@type\":\"PropertyValueSpecification\",\"valueRequired\":true,\"valueName\":\"search_term_string\"}}],\"inLanguage\":\"pt-BR\"},{\"@type\":\"Organization\",\"@id\":\"https:\/\/ww16.ce.gov.br\/metrofor\/#organization\",\"name\":\"Metr\u00f4 de Fortaleza\",\"url\":\"https:\/\/ww16.ce.gov.br\/metrofor\/\",\"logo\":{\"@type\":\"ImageObject\",\"inLanguage\":\"pt-BR\",\"@id\":\"https:\/\/ww16.ce.gov.br\/metrofor\/#\/schema\/logo\/image\/\",\"url\":\"http:\/\/ww16.ce.gov.br\/metrofor\/wp-content\/uploads\/sites\/32\/2018\/01\/METROFOR-SEINFRAclara.png\",\"contentUrl\":\"http:\/\/ww16.ce.gov.br\/metrofor\/wp-content\/uploads\/sites\/32\/2018\/01\/METROFOR-SEINFRAclara.png\",\"width\":559,\"height\":106,\"caption\":\"Metr\u00f4 de Fortaleza\"},\"image\":{\"@id\":\"https:\/\/ww16.ce.gov.br\/metrofor\/#\/schema\/logo\/image\/\"}}]}<\/script>\n<!-- \/ Yoast SEO plugin. -->","yoast_head_json":{"title":"Estat\u00edsticas - METROFOR","robots":{"index":"index","follow":"follow","max-snippet":"max-snippet:-1","max-image-preview":"max-image-preview:large","max-video-preview":"max-video-preview:-1"},"canonical":"https:\/\/ww16.ce.gov.br\/metrofor\/estatisticas\/","og_locale":"pt_BR","og_type":"article","og_title":"Estat\u00edsticas - METROFOR","og_url":"https:\/\/ww16.ce.gov.br\/metrofor\/estatisticas\/","og_site_name":"METROFOR","article_modified_time":"2023-04-27T19:32:00+00:00","twitter_card":"summary_large_image","twitter_misc":{"Est. reading time":"1 minuto"},"schema":{"@context":"https:\/\/schema.org","@graph":[{"@type":"WebPage","@id":"https:\/\/ww16.ce.gov.br\/metrofor\/estatisticas\/","url":"https:\/\/ww16.ce.gov.br\/metrofor\/estatisticas\/","name":"Estat\u00edsticas - METROFOR","isPartOf":{"@id":"https:\/\/ww16.ce.gov.br\/metrofor\/#website"},"datePublished":"2023-02-08T19:12:27+00:00","dateModified":"2023-04-27T19:32:00+00:00","breadcrumb":{"@id":"https:\/\/ww16.ce.gov.br\/metrofor\/estatisticas\/#breadcrumb"},"inLanguage":"pt-BR","potentialAction":[{"@type":"ReadAction","target":["https:\/\/ww16.ce.gov.br\/metrofor\/estatisticas\/"]}]},{"@type":"BreadcrumbList","@id":"https:\/\/ww16.ce.gov.br\/metrofor\/estatisticas\/#breadcrumb","itemListElement":[{"@type":"ListItem","position":1,"name":"In\u00edcio","item":"https:\/\/ww16.ce.gov.br\/metrofor\/"},{"@type":"ListItem","position":2,"name":"Estat\u00edsticas"}]},{"@type":"WebSite","@id":"https:\/\/ww16.ce.gov.br\/metrofor\/#website","url":"https:\/\/ww16.ce.gov.br\/metrofor\/","name":"Metr\u00f4 de Fortaleza","description":"Portal METROFOR","publisher":{"@id":"https:\/\/ww16.ce.gov.br\/metrofor\/#organization"},"potentialAction":[{"@type":"SearchAction","target":{"@type":"EntryPoint","urlTemplate":"https:\/\/ww16.ce.gov.br\/metrofor\/?s={search_term_string}"},"query-input":{"@type":"PropertyValueSpecification","valueRequired":true,"valueName":"search_term_string"}}],"inLanguage":"pt-BR"},{"@type":"Organization","@id":"https:\/\/ww16.ce.gov.br\/metrofor\/#organization","name":"Metr\u00f4 de Fortaleza","url":"https:\/\/ww16.ce.gov.br\/metrofor\/","logo":{"@type":"ImageObject","inLanguage":"pt-BR","@id":"https:\/\/ww16.ce.gov.br\/metrofor\/#\/schema\/logo\/image\/","url":"http:\/\/ww16.ce.gov.br\/metrofor\/wp-content\/uploads\/sites\/32\/2018\/01\/METROFOR-SEINFRAclara.png","contentUrl":"http:\/\/ww16.ce.gov.br\/metrofor\/wp-content\/uploads\/sites\/32\/2018\/01\/METROFOR-SEINFRAclara.png","width":559,"height":106,"caption":"Metr\u00f4 de Fortaleza"},"image":{"@id":"https:\/\/ww16.ce.gov.br\/metrofor\/#\/schema\/logo\/image\/"}}]}},"_links":{"self":[{"href":"https:\/\/ww16.ce.gov.br\/metrofor\/wp-json\/wp\/v2\/pages\/72163","targetHints":{"allow":["GET"]}}],"collection":[{"href":"https:\/\/ww16.ce.gov.br\/metrofor\/wp-json\/wp\/v2\/pages"}],"about":[{"href":"https:\/\/ww16.ce.gov.br\/metrofor\/wp-json\/wp\/v2\/types\/page"}],"author":[{"embeddable":true,"href":"https:\/\/ww16.ce.gov.br\/metrofor\/wp-json\/wp\/v2\/users\/119"}],"replies":[{"embeddable":true,"href":"https:\/\/ww16.ce.gov.br\/metrofor\/wp-json\/wp\/v2\/comments?post=72163"}],"version-history":[{"count":5,"href":"https:\/\/ww16.ce.gov.br\/metrofor\/wp-json\/wp\/v2\/pages\/72163\/revisions"}],"predecessor-version":[{"id":72383,"href":"https:\/\/ww16.ce.gov.br\/metrofor\/wp-json\/wp\/v2\/pages\/72163\/revisions\/72383"}],"wp:attachment":[{"href":"https:\/\/ww16.ce.gov.br\/metrofor\/wp-json\/wp\/v2\/media?parent=72163"}],"curies":[{"name":"wp","href":"https:\/\/api.w.org\/{rel}","templated":true}]}}