{"id":71848,"date":"2023-02-24T14:32:33","date_gmt":"2023-02-24T17:32:33","guid":{"rendered":"http:\/\/ww16.ce.gov.br\/metrofor\/?page_id=71848"},"modified":"2025-04-01T11:41:10","modified_gmt":"2025-04-01T14:41:10","slug":"ouvidoria","status":"publish","type":"page","link":"https:\/\/ww16.ce.gov.br\/metrofor\/ouvidoria\/","title":{"rendered":"Ouvidoria"},"content":{"rendered":"<p>&nbsp;<\/p>\n<h3>O que \u00e9 a Ouvidoria?<\/h3>\n<p>&nbsp;<\/p>\n<p style=\"text-align: justify\">A Ouvidoria da Companhia Cearense de Transporte Metropolitanos \u00e9 uma das setoriais da Rede de Ouvidorias do Governo do Estado do Cear\u00e1. Nesta setorial, todas as manifesta\u00e7\u00f5es relativas \u00e0 estrutura e funcionamento das linhas Sul, Oeste, Nordeste\/VLT Parangaba-Mucuripe e dos VLTs do Cariri e de Sobral s\u00e3o recebidas, avaliadas e encaminhadas aos gestores para apura\u00e7\u00e3o. <a href=\"https:\/\/ww16.ce.gov.br\/metrofor\/?page_id=70847&amp;preview=true\" target=\"_blank\" rel=\"noopener noreferrer\">(leia mais\u2026)<\/a><\/p>\n<p>&nbsp;<\/p>\n<h3>O Metrofor escuta voc\u00ea!<\/h3>\n<p>&nbsp;<\/p>\n<p>Registre solicita\u00e7\u00f5es, reclama\u00e7\u00f5es, sugest\u00f5es ou elogios. \u00c9 poss\u00edvel tamb\u00e9m fazer den\u00fancia relativa ao poder p\u00fablico sem precisar se identificar. Ao clicar no bot\u00e3o abaixo voc\u00ea ser\u00e1 direcionado(a) para o Portal Cear\u00e1 Transparente, do Governo do Cear\u00e1, e poder\u00e1 fazer sua manifesta\u00e7\u00e3o.<\/p>\n<p><a href=\"https:\/\/cearatransparente.ce.gov.br\/sign_in?locale=pt-BR&amp;ticket_type=sou\" target=\"_blank\" rel=\"noopener noreferrer\"><img loading=\"lazy\" decoding=\"async\" class=\"alignnone size-full wp-image-70851\" src=\"https:\/\/ww16.ce.gov.br\/metrofor\/wp-content\/uploads\/sites\/75\/2021\/08\/botao-Ouvidoria-FazerManifestacao.jpg\" alt=\"\" width=\"145\" height=\"51\" \/><\/a><\/p>\n<p style=\"text-align: justify\">Ap\u00f3s feita a sua manifesta\u00e7\u00e3o, voc\u00ea receber\u00e1 um n\u00famero de protocolo e poder\u00e1 acompanhar o processo atrav\u00e9s do seu perfil no Cear\u00e1 Transparente ou por meio dos demais canais de atendimento.<\/p>\n<p>&nbsp;<\/p>\n<p>Sua resposta ser\u00e1 atendida em um prazo de at\u00e9 20 dias corridos, podendo haver prorroga\u00e7\u00e3o por mais 10 dias corridos.<\/p>\n<p>&nbsp;<\/p>\n<p>&nbsp;<\/p>\n<h3>Central de Atendimento 155<\/h3>\n<p>Veja todos os canais de atendimento:<\/p>\n<p>&nbsp;<\/p>\n<table style=\"margin-left: auto;margin-right: auto\">\n<tbody>\n<tr style=\"text-align: center\">\n<td><\/td>\n<td rowspan=\"3\"><img loading=\"lazy\" decoding=\"async\" class=\"wp-image-70895\" style=\"vertical-align: top;margin-top: 30px\" src=\"https:\/\/ww16.ce.gov.br\/metrofor\/wp-content\/uploads\/sites\/75\/2021\/08\/botaoOuvidoria-Espaco.png\" alt=\"\" width=\"3\" height=\"80\" \/><\/td>\n<td style=\"font-family: OpenSans-Light, Helvetica, Arial, sans-serif;font-size: 1.4em\" colspan=\"3\">Redes Sociais<\/td>\n<td rowspan=\"3\"><img loading=\"lazy\" decoding=\"async\" class=\"wp-image-70895\" style=\"vertical-align: top;margin-top: 30px\" src=\"https:\/\/ww16.ce.gov.br\/metrofor\/wp-content\/uploads\/sites\/75\/2021\/08\/botaoOuvidoria-Espaco.png\" alt=\"\" width=\"3\" height=\"80\" \/><\/td>\n<td style=\"font-family: OpenSans-Light, Helvetica, Arial, sans-serif;font-size: 1.4em\" colspan=\"4\">Outros Atendimentos<\/td>\n<\/tr>\n<tr style=\"text-align: center\">\n<td>&nbsp;<\/p>\n<p><a href=\"https:\/\/cearatransparente.ce.gov.br\/?locale=pt-BR\" target=\"_blank\" rel=\"noopener noreferrer\"><img loading=\"lazy\" decoding=\"async\" class=\"wp-image-70876\" style=\"padding-right: 0px;padding-left: 0px;margin: 0px 30px 0px 30px\" src=\"https:\/\/ww16.ce.gov.br\/metrofor\/wp-content\/uploads\/sites\/75\/2021\/09\/botaoOuvidoria-Ceara-Transparente.png\" alt=\"\" width=\"52\" height=\"53\" \/><br \/>\n<\/a><\/td>\n<td><a href=\"https:\/\/www.instagram.com\/cgeceara\/\" target=\"_blank\" rel=\"noopener noreferrer\"><br \/>\n<img loading=\"lazy\" decoding=\"async\" class=\"alignnone size-full wp-image-70880\" style=\"padding-right: 0px;padding-left: 0px;margin: 0px 30px 0px 30px\" src=\"https:\/\/ww16.ce.gov.br\/metrofor\/wp-content\/uploads\/sites\/75\/2021\/09\/botaoOuvidoria-Instagram.png\" alt=\"\" width=\"52\" height=\"53\" \/><\/a><\/td>\n<td><a href=\"https:\/\/www.facebook.com\/cgeceara\" target=\"_blank\" rel=\"noopener noreferrer\"><br \/>\n<img loading=\"lazy\" decoding=\"async\" class=\"alignnone size-full wp-image-70879\" style=\"padding-right: 0px;padding-left: 0px;margin: 0px 30px 0px 30px\" src=\"https:\/\/ww16.ce.gov.br\/metrofor\/wp-content\/uploads\/sites\/75\/2021\/09\/botaoOuvidoria-Facebook.png\" alt=\"\" width=\"52\" height=\"53\" \/><\/a><\/td>\n<td><a href=\"https:\/\/twitter.com\/cgeceara\" target=\"_blank\" rel=\"noopener noreferrer\"><br \/>\n<img loading=\"lazy\" decoding=\"async\" class=\"alignnone size-full wp-image-70881\" style=\"padding-right: 0px;padding-left: 0px;margin: 0px 30px 0px 30px\" src=\"https:\/\/ww16.ce.gov.br\/metrofor\/wp-content\/uploads\/sites\/75\/2021\/09\/botaoOuvidoria-Twitter.png\" alt=\"\" width=\"52\" height=\"53\" \/><\/a><\/td>\n<td><a href=\"https:\/\/cearatransparente.ce.gov.br\/portal-da-transparencia\/canais-atendimento?locale=pt-BR#!\" target=\"_blank\" rel=\"noopener noreferrer\"><br \/>\n<img loading=\"lazy\" decoding=\"async\" class=\"alignnone size-full wp-image-70877\" style=\"padding-right: 0px;padding-left: 0px;margin: 0px 30px 0px 30px\" src=\"https:\/\/ww16.ce.gov.br\/metrofor\/wp-content\/uploads\/sites\/75\/2021\/09\/botaoOuvidoria-Central-Atendimento.png\" alt=\"\" width=\"52\" height=\"53\" \/><\/a><\/td>\n<td><a href=\"mailto:ouvidoria.geral@cge.ce.gov.br\" target=\"_blank\" rel=\"noopener noreferrer\"><br \/>\n<img loading=\"lazy\" decoding=\"async\" class=\"alignnone size-full wp-image-70878\" style=\"padding-right: 0px;padding-left: 0px;margin: 0px 30px 0px 30px\" src=\"https:\/\/ww16.ce.gov.br\/metrofor\/wp-content\/uploads\/sites\/75\/2021\/09\/botaoOuvidoria-EMail.png\" alt=\"\" width=\"52\" height=\"53\" \/><\/a><\/td>\n<td><a href=\"https:\/\/ww16.ce.gov.br\/metrofor\/atendimento-presencial\/\" target=\"_blank\" rel=\"noopener noreferrer\"><br \/>\n<img loading=\"lazy\" decoding=\"async\" class=\"alignnone size-full wp-image-70874\" style=\"padding-right: 0px;padding-left: 0px;margin: 0px 30px 0px 30px\" src=\"https:\/\/ww16.ce.gov.br\/metrofor\/wp-content\/uploads\/sites\/75\/2021\/09\/botaoOuvidoria-Atendimento-Presencial.png\" alt=\"\" width=\"52\" height=\"53\" \/><\/a><\/td>\n<td><a href=\"https:\/\/play.google.com\/store\/apps\/details?id=br.gov.ce.cearaapp\" target=\"_blank\" rel=\"noopener noreferrer\"><br \/>\n<img loading=\"lazy\" decoding=\"async\" class=\"alignnone size-full wp-image-70875\" style=\"padding-right: 0px;padding-left: 0px;margin: 0px 30px 0px 30px\" src=\"https:\/\/ww16.ce.gov.br\/metrofor\/wp-content\/uploads\/sites\/75\/2021\/09\/botaoOuvidoria-Ceara-App.png\" alt=\"\" width=\"52\" height=\"53\" \/><\/a><\/td>\n<\/tr>\n<tr style=\"text-align: center;font-family: OpenSans-Light, Helvetica, Arial, sans-serif;font-size: 1.4em\">\n<td>Cear\u00e1<\/td>\n<td>Instagram<\/td>\n<td>Facebook<\/td>\n<td>Twitter<\/td>\n<td>Central de<\/td>\n<td>E-Mail<\/td>\n<td>Atendimento<\/td>\n<td>Cear\u00e1<\/td>\n<\/tr>\n<tr style=\"text-align: center;font-family: OpenSans-Light, Helvetica, Arial, sans-serif;font-size: 1.4em\">\n<td>Transparente<\/td>\n<td><\/td>\n<td><\/td>\n<td><\/td>\n<td><\/td>\n<td><\/td>\n<td>Atendimento 155<\/td>\n<td><\/td>\n<td>Presencial<\/td>\n<td>App<\/td>\n<\/tr>\n<\/tbody>\n<\/table>\n<p>&nbsp;<\/p>\n<h3>Acesso \u00e0 Informa\u00e7\u00e3o<\/h3>\n<p>&nbsp;<\/p>\n<p>Solicite uma informa\u00e7\u00e3o que voc\u00ea n\u00e3o encontrou no <a href=\"https:\/\/cearatransparente.ce.gov.br\/portal-da-transparencia?locale=pt-BR\" target=\"_blank\" rel=\"noopener noreferrer\">Portal da Transpar\u00eancia<\/a>.<\/p>\n<p>&nbsp;<\/p>\n<p>Acesso r\u00e1pido<\/p>\n<ul>\n<li style=\"font-family: OpenSans-Light, Helvetica, Arial, sans-serif\"><a href=\"https:\/\/cearatransparente.ce.gov.br\/portal-da-transparencia\/acesso-a-informacao?locale=pt-BR\" target=\"_blank\" rel=\"noopener noreferrer\">Acessar p\u00e1gina de Acesso \u00e0 Informa\u00e7\u00e3o<\/a><\/li>\n<li style=\"font-family: OpenSans-Light, Helvetica, Arial, sans-serif\"><a href=\"https:\/\/cearatransparente.ce.gov.br\/portal-da-transparencia\/paginas\/legislacao-sobre-acesso-a-informacao?__=__\" target=\"_blank\" rel=\"noopener noreferrer\">Lei de Acesso \u00e0 Informa\u00e7\u00e3o<\/a><\/li>\n<li style=\"font-family: OpenSans-Light, Helvetica, Arial, sans-serif\"><a href=\"https:\/\/cearatransparente.ce.gov.br\/portal-da-transparencia\/acesso-a-informacao?locale=pt-BR#o-que-e\" target=\"_blank\" rel=\"noopener noreferrer\">O que \u00e9 o Acesso \u00e0 Informa\u00e7\u00e3o?<\/a><\/li>\n<li style=\"font-family: OpenSans-Light, Helvetica, Arial, sans-serif\"><a href=\"https:\/\/cearatransparente.ce.gov.br\/portal-da-transparencia\/manifestacoes-e-solicitacoes-publicas?locale=pt-BR&amp;ticket_type=sic\" target=\"_blank\" rel=\"noopener noreferrer\">Solicita\u00e7\u00f5es p\u00fablicas<\/a><\/li>\n<\/ul>\n<p>&nbsp;<\/p>\n<h3>Hor\u00e1rio de atendimento<\/h3>\n<p>&nbsp;<\/p>\n<h4>Central de Atendimento 155<\/h4>\n<p>A Central de Atendimento 155 funciona das 7h \u00e0s 20h, de segunda a sexta-feira (liga\u00e7\u00e3o gratuita).<\/p>\n<p>&nbsp;<\/p>\n<h4>Atendimento Presencial<\/h4>\n<p>O atendimento presencial pode ser buscado na sede do Metrofor:<br \/>\nRua Senador Jaguaribe, 501 &#8211; Sala da Ouvidoria &#8211; 3\u00ba andar.<br \/>\nCEP 60.010-010 &#8211; bairro Moura Brasil, Fortaleza-CE.<br \/>\nHor\u00e1rio: de 8h \u00e0s 12h e de 13h \u00e0s 17h, de segunda a sexta-feira.<\/p>\n<p>Ouvidora Respons\u00e1vel: Maria Isomar da Silva Xenofonte<br \/>\nOuvidor Substituto: Raimundo Rodrigues de Oliveira J\u00fanior<\/p>\n<p>Conforme Lei Federal no. 13.460\/2017<br \/>\nArt. 10. A manifesta\u00e7\u00e3o ser\u00e1 dirigida \u00e0 ouvidoria do \u00f3rg\u00e3o ou entidade respons\u00e1vel e conter\u00e1 a identifica\u00e7\u00e3o do requerente.<br \/>\n\u00a7 1o A identifica\u00e7\u00e3o do requerente n\u00e3o conter\u00e1 exig\u00eancias que inviabilizam sua manifesta\u00e7\u00e3o.<\/p>\n<h3>Relat\u00f3rios de Ouvidoria<\/h3>\n<p>2024: <a href=\"https:\/\/ww16.ce.gov.br\/metrofor\/wp-content\/uploads\/sites\/75\/2025\/03\/RELATORIO-DE-GESTAO-DE-OUVIDORIA-2024-13.03.2025.pdf\">Ouvidoria Relat\u00f3rio Metrofor 2024<\/a><\/p>\n<p>2023: <a href=\"https:\/\/ww16.ce.gov.br\/metrofor\/wp-content\/uploads\/sites\/75\/2024\/02\/Relatorio-Ouvidoria-Metrofor-2023-2024.02.08-revisado.pdf\">Ouvidoria Relat\u00f3rio Metrofor 2023<\/a><\/p>\n<p>2022: <a href=\"https:\/\/ww16.ce.gov.br\/metrofor\/wp-content\/uploads\/sites\/75\/2023\/02\/Ouvidoria-Relatorio-Metrofor-2022.pdf\">Ouvidoria Relat\u00f3rio Metrofor 2022<\/a><\/p>\n<p>2021: <a href=\"https:\/\/ww16.ce.gov.br\/metrofor\/wp-content\/uploads\/sites\/75\/2022\/02\/relatorio-gestao-ouvidoria-2021.pdf\">Ouvidoria Relat\u00f3rio Metrofor 2021<\/a><\/p>\n<p>2020: <a href=\"https:\/\/ww16.ce.gov.br\/metrofor\/wp-content\/uploads\/sites\/75\/2021\/02\/Relatorio-de-Gestao-de-Ouvidoria-2020.pdf\">Ouvidoria Relat\u00f3rio Metrofor 2020<\/a><\/p>\n<p>2019: <a href=\"https:\/\/ww16.ce.gov.br\/metrofor\/wp-content\/uploads\/sites\/75\/2020\/02\/Ouvidoria_Relatorio_Metrofor_2019.pdf\">Ouvidoria Relat\u00f3rio Metrofor 2019<\/a><\/p>\n<p>2018:\u00a0<a href=\"https:\/\/ww16.ce.gov.br\/metrofor\/wp-content\/uploads\/sites\/75\/2019\/04\/Ouvidoria_Relatorio_Metrofor_2018.pdf\">Ouvidoria Relat\u00f3rio Metrofor 2018<\/a><\/p>\n<p>2017: <a href=\"https:\/\/ww16.ce.gov.br\/metrofor\/wp-content\/uploads\/sites\/75\/2020\/01\/Ouvidoria_Relatorio_Metrofor_2017.pdf\">Ouvidoria Relat\u00f3rio Metrofor 2017<\/a><\/p>\n<p>2016: <a href=\"https:\/\/ww16.ce.gov.br\/metrofor\/wp-content\/uploads\/sites\/75\/2020\/01\/Ouvidoria_Relatorio_Metrofor_2016.pdf\">Ouvidoria Relat\u00f3rio Metrofor 2016<\/a><\/p>\n<p>2015: <a href=\"https:\/\/ww16.ce.gov.br\/metrofor\/wp-content\/uploads\/sites\/75\/2020\/01\/Ouvidoria_Relatorio_Metrofor_2015.pdf\">Ouvidoria Relat\u00f3rio Metrofor 2015<\/a><\/p>\n<p>&nbsp;<\/p>\n<h3>Relat\u00f3rios do Servi\u00e7o de Informa\u00e7\u00e3o ao Cidad\u00e3o (SIC)<\/h3>\n<p>2024: <a href=\"https:\/\/ww16.ce.gov.br\/metrofor\/wp-content\/uploads\/sites\/75\/2025\/04\/relatorio-sic-2024.pdf\">SIC Relat\u00f3rio Metrofor 2024<\/a><br \/>\n2023: <a href=\"https:\/\/ww16.ce.gov.br\/metrofor\/wp-content\/uploads\/sites\/75\/2024\/03\/Relatorio-SIC-2023.pdf\">SIC Relat\u00f3rio Metrofor 2023<\/a><br \/>\n2022: <a href=\"https:\/\/ww16.ce.gov.br\/metrofor\/wp-content\/uploads\/sites\/75\/2024\/03\/Relatorio-SIC-2022.pdf\">SIC Relat\u00f3rio Metrofor 2022<\/a><\/p>\n<p>2021: <a href=\"https:\/\/ww16.ce.gov.br\/metrofor\/wp-content\/uploads\/sites\/75\/2022\/04\/Relatorio-SIC-2021.pdf\">SIC Relat\u00f3rio Metrofor 2021<\/a><\/p>\n<p>2020: <a href=\"https:\/\/ww16.ce.gov.br\/metrofor\/wp-content\/uploads\/sites\/75\/2021\/02\/Relatorio-de-Monitoramento-e-Implementacao-e-Cumprimento-da-Lei-Estadual-15.174-2012-2020.pdf\">SIC Relat\u00f3rio Metrofor 2020<\/a><\/p>\n<p>2019: <a href=\"https:\/\/ww16.ce.gov.br\/metrofor\/wp-content\/uploads\/sites\/75\/2020\/02\/relatorio-sic-2019.pdf\">SIC Relat\u00f3rio Metrofor 2019<\/a><\/p>\n<p>2018: <a href=\"https:\/\/ww16.ce.gov.br\/metrofor\/wp-content\/uploads\/sites\/75\/2020\/02\/relatorio-sic-2018.pdf\">SIC Relat\u00f3rio Metrofor 2018<\/a><\/p>\n<p>2017: <a href=\"https:\/\/ww16.ce.gov.br\/metrofor\/wp-content\/uploads\/sites\/75\/2020\/02\/relatorio-sic-2017.pdf\">SIC Relat\u00f3rio Metrofor 2017<\/a><\/p>\n<p>2016: <a href=\"https:\/\/ww16.ce.gov.br\/metrofor\/wp-content\/uploads\/sites\/75\/2017\/12\/relatorio-sic-2016.pdf\">SIC Relat\u00f3rio Metrofor 2016<\/a><\/p>\n<p>2015: <a href=\"https:\/\/ww16.ce.gov.br\/metrofor\/wp-content\/uploads\/sites\/75\/2017\/12\/relatorio-sic-2015.pdf\">SIC Relat\u00f3rio Metrofor 2015<\/a><\/p>\n<p>&nbsp;<\/p>\n<p>&nbsp;<\/p>\n","protected":false},"excerpt":{"rendered":"<p>&nbsp; O que \u00e9 a Ouvidoria? &nbsp; A Ouvidoria da Companhia Cearense de Transporte Metropolitanos \u00e9 uma das setoriais da Rede de Ouvidorias do Governo do Estado do Cear\u00e1. Nesta setorial, todas as manifesta\u00e7\u00f5es relativas \u00e0 estrutura e funcionamento das linhas Sul, Oeste, Nordeste\/VLT Parangaba-Mucuripe e dos VLTs do Cariri e de Sobral s\u00e3o recebidas, [&hellip;]<\/p>\n","protected":false},"author":119,"featured_media":0,"parent":0,"menu_order":0,"comment_status":"closed","ping_status":"closed","template":"","meta":{"_acf_changed":false,"inline_featured_image":false,"footnotes":""},"class_list":["post-71848","page","type-page","status-publish","hentry"],"acf":[],"yoast_head":"<!-- This site is optimized with the Yoast SEO plugin v26.9 - https:\/\/yoast.com\/product\/yoast-seo-wordpress\/ -->\n<title>Ouvidoria - METROFOR<\/title>\n<meta name=\"robots\" content=\"index, follow, max-snippet:-1, max-image-preview:large, max-video-preview:-1\" \/>\n<link rel=\"canonical\" href=\"https:\/\/ww16.ce.gov.br\/metrofor\/ouvidoria\/\" \/>\n<meta property=\"og:locale\" content=\"pt_BR\" \/>\n<meta property=\"og:type\" content=\"article\" \/>\n<meta property=\"og:title\" content=\"Ouvidoria - METROFOR\" \/>\n<meta property=\"og:description\" content=\"&nbsp; O que \u00e9 a Ouvidoria? &nbsp; A Ouvidoria da Companhia Cearense de Transporte Metropolitanos \u00e9 uma das setoriais da Rede de Ouvidorias do Governo do Estado do Cear\u00e1. Nesta setorial, todas as manifesta\u00e7\u00f5es relativas \u00e0 estrutura e funcionamento das linhas Sul, Oeste, Nordeste\/VLT Parangaba-Mucuripe e dos VLTs do Cariri e de Sobral s\u00e3o recebidas, [&hellip;]\" \/>\n<meta property=\"og:url\" content=\"https:\/\/ww16.ce.gov.br\/metrofor\/ouvidoria\/\" \/>\n<meta property=\"og:site_name\" content=\"METROFOR\" \/>\n<meta property=\"article:modified_time\" content=\"2025-04-01T14:41:10+00:00\" \/>\n<meta property=\"og:image\" content=\"http:\/\/ww16.ce.gov.br\/metrofor\/wp-content\/uploads\/sites\/75\/2021\/08\/botao-Ouvidoria-FazerManifestacao.jpg\" \/>\n<meta name=\"twitter:card\" content=\"summary_large_image\" \/>\n<meta name=\"twitter:label1\" content=\"Est. reading time\" \/>\n\t<meta name=\"twitter:data1\" content=\"5 minutos\" \/>\n<script type=\"application\/ld+json\" class=\"yoast-schema-graph\">{\"@context\":\"https:\/\/schema.org\",\"@graph\":[{\"@type\":\"WebPage\",\"@id\":\"https:\/\/ww16.ce.gov.br\/metrofor\/ouvidoria\/\",\"url\":\"https:\/\/ww16.ce.gov.br\/metrofor\/ouvidoria\/\",\"name\":\"Ouvidoria - METROFOR\",\"isPartOf\":{\"@id\":\"https:\/\/ww16.ce.gov.br\/metrofor\/#website\"},\"primaryImageOfPage\":{\"@id\":\"https:\/\/ww16.ce.gov.br\/metrofor\/ouvidoria\/#primaryimage\"},\"image\":{\"@id\":\"https:\/\/ww16.ce.gov.br\/metrofor\/ouvidoria\/#primaryimage\"},\"thumbnailUrl\":\"http:\/\/ww16.ce.gov.br\/metrofor\/wp-content\/uploads\/sites\/75\/2021\/08\/botao-Ouvidoria-FazerManifestacao.jpg\",\"datePublished\":\"2023-02-24T17:32:33+00:00\",\"dateModified\":\"2025-04-01T14:41:10+00:00\",\"breadcrumb\":{\"@id\":\"https:\/\/ww16.ce.gov.br\/metrofor\/ouvidoria\/#breadcrumb\"},\"inLanguage\":\"pt-BR\",\"potentialAction\":[{\"@type\":\"ReadAction\",\"target\":[\"https:\/\/ww16.ce.gov.br\/metrofor\/ouvidoria\/\"]}]},{\"@type\":\"ImageObject\",\"inLanguage\":\"pt-BR\",\"@id\":\"https:\/\/ww16.ce.gov.br\/metrofor\/ouvidoria\/#primaryimage\",\"url\":\"https:\/\/ww16.ce.gov.br\/metrofor\/wp-content\/uploads\/sites\/75\/2021\/08\/botao-Ouvidoria-FazerManifestacao.jpg\",\"contentUrl\":\"https:\/\/ww16.ce.gov.br\/metrofor\/wp-content\/uploads\/sites\/75\/2021\/08\/botao-Ouvidoria-FazerManifestacao.jpg\",\"width\":245,\"height\":87},{\"@type\":\"BreadcrumbList\",\"@id\":\"https:\/\/ww16.ce.gov.br\/metrofor\/ouvidoria\/#breadcrumb\",\"itemListElement\":[{\"@type\":\"ListItem\",\"position\":1,\"name\":\"In\u00edcio\",\"item\":\"https:\/\/ww16.ce.gov.br\/metrofor\/\"},{\"@type\":\"ListItem\",\"position\":2,\"name\":\"Ouvidoria\"}]},{\"@type\":\"WebSite\",\"@id\":\"https:\/\/ww16.ce.gov.br\/metrofor\/#website\",\"url\":\"https:\/\/ww16.ce.gov.br\/metrofor\/\",\"name\":\"Metr\u00f4 de Fortaleza\",\"description\":\"Portal METROFOR\",\"publisher\":{\"@id\":\"https:\/\/ww16.ce.gov.br\/metrofor\/#organization\"},\"potentialAction\":[{\"@type\":\"SearchAction\",\"target\":{\"@type\":\"EntryPoint\",\"urlTemplate\":\"https:\/\/ww16.ce.gov.br\/metrofor\/?s={search_term_string}\"},\"query-input\":{\"@type\":\"PropertyValueSpecification\",\"valueRequired\":true,\"valueName\":\"search_term_string\"}}],\"inLanguage\":\"pt-BR\"},{\"@type\":\"Organization\",\"@id\":\"https:\/\/ww16.ce.gov.br\/metrofor\/#organization\",\"name\":\"Metr\u00f4 de Fortaleza\",\"url\":\"https:\/\/ww16.ce.gov.br\/metrofor\/\",\"logo\":{\"@type\":\"ImageObject\",\"inLanguage\":\"pt-BR\",\"@id\":\"https:\/\/ww16.ce.gov.br\/metrofor\/#\/schema\/logo\/image\/\",\"url\":\"http:\/\/ww16.ce.gov.br\/metrofor\/wp-content\/uploads\/sites\/32\/2018\/01\/METROFOR-SEINFRAclara.png\",\"contentUrl\":\"http:\/\/ww16.ce.gov.br\/metrofor\/wp-content\/uploads\/sites\/32\/2018\/01\/METROFOR-SEINFRAclara.png\",\"width\":559,\"height\":106,\"caption\":\"Metr\u00f4 de Fortaleza\"},\"image\":{\"@id\":\"https:\/\/ww16.ce.gov.br\/metrofor\/#\/schema\/logo\/image\/\"}}]}<\/script>\n<!-- \/ Yoast SEO plugin. -->","yoast_head_json":{"title":"Ouvidoria - METROFOR","robots":{"index":"index","follow":"follow","max-snippet":"max-snippet:-1","max-image-preview":"max-image-preview:large","max-video-preview":"max-video-preview:-1"},"canonical":"https:\/\/ww16.ce.gov.br\/metrofor\/ouvidoria\/","og_locale":"pt_BR","og_type":"article","og_title":"Ouvidoria - METROFOR","og_description":"&nbsp; O que \u00e9 a Ouvidoria? &nbsp; A Ouvidoria da Companhia Cearense de Transporte Metropolitanos \u00e9 uma das setoriais da Rede de Ouvidorias do Governo do Estado do Cear\u00e1. Nesta setorial, todas as manifesta\u00e7\u00f5es relativas \u00e0 estrutura e funcionamento das linhas Sul, Oeste, Nordeste\/VLT Parangaba-Mucuripe e dos VLTs do Cariri e de Sobral s\u00e3o recebidas, [&hellip;]","og_url":"https:\/\/ww16.ce.gov.br\/metrofor\/ouvidoria\/","og_site_name":"METROFOR","article_modified_time":"2025-04-01T14:41:10+00:00","og_image":[{"url":"http:\/\/ww16.ce.gov.br\/metrofor\/wp-content\/uploads\/sites\/75\/2021\/08\/botao-Ouvidoria-FazerManifestacao.jpg","type":"","width":"","height":""}],"twitter_card":"summary_large_image","twitter_misc":{"Est. reading time":"5 minutos"},"schema":{"@context":"https:\/\/schema.org","@graph":[{"@type":"WebPage","@id":"https:\/\/ww16.ce.gov.br\/metrofor\/ouvidoria\/","url":"https:\/\/ww16.ce.gov.br\/metrofor\/ouvidoria\/","name":"Ouvidoria - METROFOR","isPartOf":{"@id":"https:\/\/ww16.ce.gov.br\/metrofor\/#website"},"primaryImageOfPage":{"@id":"https:\/\/ww16.ce.gov.br\/metrofor\/ouvidoria\/#primaryimage"},"image":{"@id":"https:\/\/ww16.ce.gov.br\/metrofor\/ouvidoria\/#primaryimage"},"thumbnailUrl":"http:\/\/ww16.ce.gov.br\/metrofor\/wp-content\/uploads\/sites\/75\/2021\/08\/botao-Ouvidoria-FazerManifestacao.jpg","datePublished":"2023-02-24T17:32:33+00:00","dateModified":"2025-04-01T14:41:10+00:00","breadcrumb":{"@id":"https:\/\/ww16.ce.gov.br\/metrofor\/ouvidoria\/#breadcrumb"},"inLanguage":"pt-BR","potentialAction":[{"@type":"ReadAction","target":["https:\/\/ww16.ce.gov.br\/metrofor\/ouvidoria\/"]}]},{"@type":"ImageObject","inLanguage":"pt-BR","@id":"https:\/\/ww16.ce.gov.br\/metrofor\/ouvidoria\/#primaryimage","url":"https:\/\/ww16.ce.gov.br\/metrofor\/wp-content\/uploads\/sites\/75\/2021\/08\/botao-Ouvidoria-FazerManifestacao.jpg","contentUrl":"https:\/\/ww16.ce.gov.br\/metrofor\/wp-content\/uploads\/sites\/75\/2021\/08\/botao-Ouvidoria-FazerManifestacao.jpg","width":245,"height":87},{"@type":"BreadcrumbList","@id":"https:\/\/ww16.ce.gov.br\/metrofor\/ouvidoria\/#breadcrumb","itemListElement":[{"@type":"ListItem","position":1,"name":"In\u00edcio","item":"https:\/\/ww16.ce.gov.br\/metrofor\/"},{"@type":"ListItem","position":2,"name":"Ouvidoria"}]},{"@type":"WebSite","@id":"https:\/\/ww16.ce.gov.br\/metrofor\/#website","url":"https:\/\/ww16.ce.gov.br\/metrofor\/","name":"Metr\u00f4 de Fortaleza","description":"Portal METROFOR","publisher":{"@id":"https:\/\/ww16.ce.gov.br\/metrofor\/#organization"},"potentialAction":[{"@type":"SearchAction","target":{"@type":"EntryPoint","urlTemplate":"https:\/\/ww16.ce.gov.br\/metrofor\/?s={search_term_string}"},"query-input":{"@type":"PropertyValueSpecification","valueRequired":true,"valueName":"search_term_string"}}],"inLanguage":"pt-BR"},{"@type":"Organization","@id":"https:\/\/ww16.ce.gov.br\/metrofor\/#organization","name":"Metr\u00f4 de Fortaleza","url":"https:\/\/ww16.ce.gov.br\/metrofor\/","logo":{"@type":"ImageObject","inLanguage":"pt-BR","@id":"https:\/\/ww16.ce.gov.br\/metrofor\/#\/schema\/logo\/image\/","url":"http:\/\/ww16.ce.gov.br\/metrofor\/wp-content\/uploads\/sites\/32\/2018\/01\/METROFOR-SEINFRAclara.png","contentUrl":"http:\/\/ww16.ce.gov.br\/metrofor\/wp-content\/uploads\/sites\/32\/2018\/01\/METROFOR-SEINFRAclara.png","width":559,"height":106,"caption":"Metr\u00f4 de Fortaleza"},"image":{"@id":"https:\/\/ww16.ce.gov.br\/metrofor\/#\/schema\/logo\/image\/"}}]}},"_links":{"self":[{"href":"https:\/\/ww16.ce.gov.br\/metrofor\/wp-json\/wp\/v2\/pages\/71848","targetHints":{"allow":["GET"]}}],"collection":[{"href":"https:\/\/ww16.ce.gov.br\/metrofor\/wp-json\/wp\/v2\/pages"}],"about":[{"href":"https:\/\/ww16.ce.gov.br\/metrofor\/wp-json\/wp\/v2\/types\/page"}],"author":[{"embeddable":true,"href":"https:\/\/ww16.ce.gov.br\/metrofor\/wp-json\/wp\/v2\/users\/119"}],"replies":[{"embeddable":true,"href":"https:\/\/ww16.ce.gov.br\/metrofor\/wp-json\/wp\/v2\/comments?post=71848"}],"version-history":[{"count":8,"href":"https:\/\/ww16.ce.gov.br\/metrofor\/wp-json\/wp\/v2\/pages\/71848\/revisions"}],"predecessor-version":[{"id":74332,"href":"https:\/\/ww16.ce.gov.br\/metrofor\/wp-json\/wp\/v2\/pages\/71848\/revisions\/74332"}],"wp:attachment":[{"href":"https:\/\/ww16.ce.gov.br\/metrofor\/wp-json\/wp\/v2\/media?parent=71848"}],"curies":[{"name":"wp","href":"https:\/\/api.w.org\/{rel}","templated":true}]}}