{"id":71360,"date":"2021-11-24T16:27:34","date_gmt":"2021-11-24T19:27:34","guid":{"rendered":"http:\/\/ww16.ce.gov.br\/metrofor\/?page_id=71360"},"modified":"2023-03-16T16:27:59","modified_gmt":"2023-03-16T19:27:59","slug":"24-11-2021-publicidae","status":"publish","type":"page","link":"https:\/\/ww16.ce.gov.br\/metrofor\/24-11-2021-publicidae\/","title":{"rendered":"24-11-2021 Publicidade"},"content":{"rendered":"<p>A Cia Cearense de Transportes Metropolitanos anuncia a libera\u00e7\u00e3o de espa\u00e7os para m\u00eddias publicit\u00e1rias nas esta\u00e7\u00f5es do VLT de Sobral (listadas abaixo),conforme procedimentos e documentos abaixo. Empresas credenciadas que tenham interesse na explora\u00e7\u00e3o dos espa\u00e7os devem ler os documentos abaixo, que cont\u00e9m todas as especifica\u00e7\u00f5es t\u00e9cnicas e procedimentos necess\u00e1rios para a explora\u00e7\u00e3o dos espa\u00e7os.<\/p>\n<p>&nbsp;<\/p>\n\n<table id=\"tablepress-41\" class=\"tablepress tablepress-id-41\">\n<thead>\n<tr class=\"row-1\">\n\t<th class=\"column-1\">DOCUMENTO<\/th><th class=\"column-2\">DOWNLOAD<\/th>\n<\/tr>\n<\/thead>\n<tbody class=\"row-striping row-hover\">\n<tr class=\"row-2\">\n\t<td class=\"column-1\">Procedimento para explora\u00e7\u00e3o de \u00e1reas de m\u00eddia no VLT de Sobral<\/td><td class=\"column-2\"><a href=\"https:\/\/ww16.ce.gov.br\/metrofor\/wp-content\/uploads\/sites\/75\/2021\/11\/OPORTUNIDADE-DE-NEGOCIO-VLT-SOBRAL.pdf\" target=\"_blank\"><img loading=\"lazy\" decoding=\"async\" src=\"https:\/\/ww16.ce.gov.br\/metrofor\/wp-content\/uploads\/sites\/75\/2020\/11\/EXTRANET-Download.png\" width=\"24\" height=\"24\"><\/a><\/td>\n<\/tr>\n<tr class=\"row-3\">\n\t<td class=\"column-1\">Novo Recanto\t\t<br \/>\n<\/td><td class=\"column-2\"><a href=\"https:\/\/ww16.ce.gov.br\/metrofor\/wp-content\/uploads\/sites\/75\/2023\/03\/07_NOVO-RECANTO_17_03.pdf\" target=\"_blank\"><img loading=\"lazy\" decoding=\"async\" src=\"https:\/\/ww16.ce.gov.br\/metrofor\/wp-content\/uploads\/sites\/75\/2020\/11\/EXTRANET-Download.png\" width=\"24\" height=\"24\"><\/a><\/td>\n<\/tr>\n<tr class=\"row-4\">\n\t<td class=\"column-1\">Grendene\t<br \/>\n<\/td><td class=\"column-2\"><a href=\"https:\/\/ww16.ce.gov.br\/metrofor\/wp-content\/uploads\/sites\/75\/2023\/03\/06_GRANDENE-MIDIA_14_03.pdf\" target=\"_blank\"><img loading=\"lazy\" decoding=\"async\" src=\"https:\/\/ww16.ce.gov.br\/metrofor\/wp-content\/uploads\/sites\/75\/2020\/11\/EXTRANET-Download.png\" width=\"24\" height=\"24\"><\/a><\/td>\n<\/tr>\n<tr class=\"row-5\">\n\t<td class=\"column-1\">Alto da Bras\u00edlia\t\t<br \/>\n<\/td><td class=\"column-2\"><a href=\"https:\/\/ww16.ce.gov.br\/metrofor\/wp-content\/uploads\/sites\/75\/2023\/03\/05_ALTO-DA-BRASILIA_14_03.pdf\" target=\"_blank\"><img loading=\"lazy\" decoding=\"async\" src=\"https:\/\/ww16.ce.gov.br\/metrofor\/wp-content\/uploads\/sites\/75\/2020\/11\/EXTRANET-Download.png\" width=\"24\" height=\"24\"><\/a><\/td>\n<\/tr>\n<tr class=\"row-6\">\n\t<td class=\"column-1\">Sumar\u00e9<br \/>\n<\/td><td class=\"column-2\"><a href=\"https:\/\/ww16.ce.gov.br\/metrofor\/wp-content\/uploads\/sites\/75\/2023\/03\/01_SUMARE_14_03.pdf\" target=\"_blank\"><img loading=\"lazy\" decoding=\"async\" src=\"https:\/\/ww16.ce.gov.br\/metrofor\/wp-content\/uploads\/sites\/75\/2020\/11\/EXTRANET-Download.png\" width=\"24\" height=\"24\"><\/a><\/td>\n<\/tr>\n<tr class=\"row-7\">\n\t<td class=\"column-1\">Junco<br \/>\n<\/td><td class=\"column-2\"><a href=\"https:\/\/ww16.ce.gov.br\/metrofor\/wp-content\/uploads\/sites\/75\/2023\/03\/03_JUNCO_14_03.pdf\" target=\"_blank\"><img loading=\"lazy\" decoding=\"async\" src=\"https:\/\/ww16.ce.gov.br\/metrofor\/wp-content\/uploads\/sites\/75\/2020\/11\/EXTRANET-Download.png\" width=\"24\" height=\"24\"><\/a><\/td>\n<\/tr>\n<tr class=\"row-8\">\n\t<td class=\"column-1\">Jos\u00e9 Euclides<br \/>\n<\/td><td class=\"column-2\"><a href=\"https:\/\/ww16.ce.gov.br\/metrofor\/wp-content\/uploads\/sites\/75\/2023\/03\/02_JOSE-ECLIDES_14_03.pdf\" target=\"_blank\"><img loading=\"lazy\" decoding=\"async\" src=\"https:\/\/ww16.ce.gov.br\/metrofor\/wp-content\/uploads\/sites\/75\/2020\/11\/EXTRANET-Download.png\" width=\"24\" height=\"24\"><\/a><\/td>\n<\/tr>\n<tr class=\"row-9\">\n\t<td class=\"column-1\">Cohab 3\t\t<br \/>\n<\/td><td class=\"column-2\"><a href=\"https:\/\/ww16.ce.gov.br\/metrofor\/wp-content\/uploads\/sites\/75\/2023\/03\/01_COHAB-III_14-03.pdf\" target=\"_blank\"><img loading=\"lazy\" decoding=\"async\" src=\"https:\/\/ww16.ce.gov.br\/metrofor\/wp-content\/uploads\/sites\/75\/2020\/11\/EXTRANET-Download.png\" width=\"24\" height=\"24\"><\/a><\/td>\n<\/tr>\n<tr class=\"row-10\">\n\t<td class=\"column-1\">Cohab 2\t\t<br \/>\n<\/td><td class=\"column-2\"><a href=\"https:\/\/ww16.ce.gov.br\/metrofor\/wp-content\/uploads\/sites\/75\/2023\/03\/05_COHAB-I_14_03.pdf\" target=\"_blank\"><img loading=\"lazy\" decoding=\"async\" src=\"https:\/\/ww16.ce.gov.br\/metrofor\/wp-content\/uploads\/sites\/75\/2020\/11\/EXTRANET-Download.png\" width=\"24\" height=\"24\"><\/a><\/td>\n<\/tr>\n<tr class=\"row-11\">\n\t<td class=\"column-1\">Dom Expedito\t<br \/>\n<\/td><td class=\"column-2\"><a href=\"https:\/\/ww16.ce.gov.br\/metrofor\/wp-content\/uploads\/sites\/75\/2023\/03\/04_DOM-EXPEDITO_14_03.pdf\" target=\"_blank\"><img loading=\"lazy\" decoding=\"async\" src=\"https:\/\/ww16.ce.gov.br\/metrofor\/wp-content\/uploads\/sites\/75\/2020\/11\/EXTRANET-Download.png\" width=\"24\" height=\"24\"><\/a><\/td>\n<\/tr>\n<tr class=\"row-12\">\n\t<td class=\"column-1\">Boulevard do Arco\t<br \/>\n<\/td><td class=\"column-2\"><a href=\"https:\/\/ww16.ce.gov.br\/metrofor\/wp-content\/uploads\/sites\/75\/2023\/03\/03_BOULEVARD-DE-ARCO_14_03.pdf\" target=\"_blank\"><img loading=\"lazy\" decoding=\"async\" src=\"https:\/\/ww16.ce.gov.br\/metrofor\/wp-content\/uploads\/sites\/75\/2020\/11\/EXTRANET-Download.png\" width=\"24\" height=\"24\"><\/a><\/td>\n<\/tr>\n<tr class=\"row-13\">\n\t<td class=\"column-1\">Dom Jos\u00e9\t<\/td><td class=\"column-2\"><a href=\"https:\/\/ww16.ce.gov.br\/metrofor\/wp-content\/uploads\/sites\/75\/2023\/03\/02_DOM-JOSE_17_03.pdf\" target=\"_blank\"><img loading=\"lazy\" decoding=\"async\" src=\"https:\/\/ww16.ce.gov.br\/metrofor\/wp-content\/uploads\/sites\/75\/2020\/11\/EXTRANET-Download.png\" width=\"24\" height=\"24\"><\/a><\/td>\n<\/tr>\n<\/tbody>\n<\/table>\n<!-- #tablepress-41 from cache -->\n","protected":false},"excerpt":{"rendered":"<p>A Cia Cearense de Transportes Metropolitanos anuncia a libera\u00e7\u00e3o de espa\u00e7os para m\u00eddias publicit\u00e1rias nas esta\u00e7\u00f5es do VLT de Sobral (listadas abaixo),conforme procedimentos e documentos abaixo. Empresas credenciadas que tenham interesse na explora\u00e7\u00e3o dos espa\u00e7os devem ler os documentos abaixo, que cont\u00e9m todas as especifica\u00e7\u00f5es t\u00e9cnicas e procedimentos necess\u00e1rios para a explora\u00e7\u00e3o dos espa\u00e7os. &nbsp;<\/p>\n","protected":false},"author":119,"featured_media":0,"parent":0,"menu_order":0,"comment_status":"closed","ping_status":"closed","template":"","meta":{"_acf_changed":false,"inline_featured_image":false,"footnotes":""},"class_list":["post-71360","page","type-page","status-publish","hentry"],"acf":[],"yoast_head":"<!-- This site is optimized with the Yoast SEO plugin v26.9 - https:\/\/yoast.com\/product\/yoast-seo-wordpress\/ -->\n<title>24-11-2021 Publicidade - METROFOR<\/title>\n<meta name=\"robots\" content=\"index, follow, max-snippet:-1, max-image-preview:large, max-video-preview:-1\" \/>\n<link rel=\"canonical\" href=\"https:\/\/ww16.ce.gov.br\/metrofor\/24-11-2021-publicidae\/\" \/>\n<meta property=\"og:locale\" content=\"pt_BR\" \/>\n<meta property=\"og:type\" content=\"article\" \/>\n<meta property=\"og:title\" content=\"24-11-2021 Publicidade - METROFOR\" \/>\n<meta property=\"og:description\" content=\"A Cia Cearense de Transportes Metropolitanos anuncia a libera\u00e7\u00e3o de espa\u00e7os para m\u00eddias publicit\u00e1rias nas esta\u00e7\u00f5es do VLT de Sobral (listadas abaixo),conforme procedimentos e documentos abaixo. Empresas credenciadas que tenham interesse na explora\u00e7\u00e3o dos espa\u00e7os devem ler os documentos abaixo, que cont\u00e9m todas as especifica\u00e7\u00f5es t\u00e9cnicas e procedimentos necess\u00e1rios para a explora\u00e7\u00e3o dos espa\u00e7os. &nbsp;\" \/>\n<meta property=\"og:url\" content=\"https:\/\/ww16.ce.gov.br\/metrofor\/24-11-2021-publicidae\/\" \/>\n<meta property=\"og:site_name\" content=\"METROFOR\" \/>\n<meta property=\"article:modified_time\" content=\"2023-03-16T19:27:59+00:00\" \/>\n<meta name=\"twitter:card\" content=\"summary_large_image\" \/>\n<meta name=\"twitter:label1\" content=\"Est. reading time\" \/>\n\t<meta name=\"twitter:data1\" content=\"1 minuto\" \/>\n<script type=\"application\/ld+json\" class=\"yoast-schema-graph\">{\"@context\":\"https:\/\/schema.org\",\"@graph\":[{\"@type\":\"WebPage\",\"@id\":\"https:\/\/ww16.ce.gov.br\/metrofor\/24-11-2021-publicidae\/\",\"url\":\"https:\/\/ww16.ce.gov.br\/metrofor\/24-11-2021-publicidae\/\",\"name\":\"24-11-2021 Publicidade - METROFOR\",\"isPartOf\":{\"@id\":\"https:\/\/ww16.ce.gov.br\/metrofor\/#website\"},\"datePublished\":\"2021-11-24T19:27:34+00:00\",\"dateModified\":\"2023-03-16T19:27:59+00:00\",\"breadcrumb\":{\"@id\":\"https:\/\/ww16.ce.gov.br\/metrofor\/24-11-2021-publicidae\/#breadcrumb\"},\"inLanguage\":\"pt-BR\",\"potentialAction\":[{\"@type\":\"ReadAction\",\"target\":[\"https:\/\/ww16.ce.gov.br\/metrofor\/24-11-2021-publicidae\/\"]}]},{\"@type\":\"BreadcrumbList\",\"@id\":\"https:\/\/ww16.ce.gov.br\/metrofor\/24-11-2021-publicidae\/#breadcrumb\",\"itemListElement\":[{\"@type\":\"ListItem\",\"position\":1,\"name\":\"In\u00edcio\",\"item\":\"https:\/\/ww16.ce.gov.br\/metrofor\/\"},{\"@type\":\"ListItem\",\"position\":2,\"name\":\"24-11-2021 Publicidade\"}]},{\"@type\":\"WebSite\",\"@id\":\"https:\/\/ww16.ce.gov.br\/metrofor\/#website\",\"url\":\"https:\/\/ww16.ce.gov.br\/metrofor\/\",\"name\":\"Metr\u00f4 de Fortaleza\",\"description\":\"Portal METROFOR\",\"publisher\":{\"@id\":\"https:\/\/ww16.ce.gov.br\/metrofor\/#organization\"},\"potentialAction\":[{\"@type\":\"SearchAction\",\"target\":{\"@type\":\"EntryPoint\",\"urlTemplate\":\"https:\/\/ww16.ce.gov.br\/metrofor\/?s={search_term_string}\"},\"query-input\":{\"@type\":\"PropertyValueSpecification\",\"valueRequired\":true,\"valueName\":\"search_term_string\"}}],\"inLanguage\":\"pt-BR\"},{\"@type\":\"Organization\",\"@id\":\"https:\/\/ww16.ce.gov.br\/metrofor\/#organization\",\"name\":\"Metr\u00f4 de Fortaleza\",\"url\":\"https:\/\/ww16.ce.gov.br\/metrofor\/\",\"logo\":{\"@type\":\"ImageObject\",\"inLanguage\":\"pt-BR\",\"@id\":\"https:\/\/ww16.ce.gov.br\/metrofor\/#\/schema\/logo\/image\/\",\"url\":\"http:\/\/ww16.ce.gov.br\/metrofor\/wp-content\/uploads\/sites\/32\/2018\/01\/METROFOR-SEINFRAclara.png\",\"contentUrl\":\"http:\/\/ww16.ce.gov.br\/metrofor\/wp-content\/uploads\/sites\/32\/2018\/01\/METROFOR-SEINFRAclara.png\",\"width\":559,\"height\":106,\"caption\":\"Metr\u00f4 de Fortaleza\"},\"image\":{\"@id\":\"https:\/\/ww16.ce.gov.br\/metrofor\/#\/schema\/logo\/image\/\"}}]}<\/script>\n<!-- \/ Yoast SEO plugin. -->","yoast_head_json":{"title":"24-11-2021 Publicidade - METROFOR","robots":{"index":"index","follow":"follow","max-snippet":"max-snippet:-1","max-image-preview":"max-image-preview:large","max-video-preview":"max-video-preview:-1"},"canonical":"https:\/\/ww16.ce.gov.br\/metrofor\/24-11-2021-publicidae\/","og_locale":"pt_BR","og_type":"article","og_title":"24-11-2021 Publicidade - METROFOR","og_description":"A Cia Cearense de Transportes Metropolitanos anuncia a libera\u00e7\u00e3o de espa\u00e7os para m\u00eddias publicit\u00e1rias nas esta\u00e7\u00f5es do VLT de Sobral (listadas abaixo),conforme procedimentos e documentos abaixo. Empresas credenciadas que tenham interesse na explora\u00e7\u00e3o dos espa\u00e7os devem ler os documentos abaixo, que cont\u00e9m todas as especifica\u00e7\u00f5es t\u00e9cnicas e procedimentos necess\u00e1rios para a explora\u00e7\u00e3o dos espa\u00e7os. &nbsp;","og_url":"https:\/\/ww16.ce.gov.br\/metrofor\/24-11-2021-publicidae\/","og_site_name":"METROFOR","article_modified_time":"2023-03-16T19:27:59+00:00","twitter_card":"summary_large_image","twitter_misc":{"Est. reading time":"1 minuto"},"schema":{"@context":"https:\/\/schema.org","@graph":[{"@type":"WebPage","@id":"https:\/\/ww16.ce.gov.br\/metrofor\/24-11-2021-publicidae\/","url":"https:\/\/ww16.ce.gov.br\/metrofor\/24-11-2021-publicidae\/","name":"24-11-2021 Publicidade - METROFOR","isPartOf":{"@id":"https:\/\/ww16.ce.gov.br\/metrofor\/#website"},"datePublished":"2021-11-24T19:27:34+00:00","dateModified":"2023-03-16T19:27:59+00:00","breadcrumb":{"@id":"https:\/\/ww16.ce.gov.br\/metrofor\/24-11-2021-publicidae\/#breadcrumb"},"inLanguage":"pt-BR","potentialAction":[{"@type":"ReadAction","target":["https:\/\/ww16.ce.gov.br\/metrofor\/24-11-2021-publicidae\/"]}]},{"@type":"BreadcrumbList","@id":"https:\/\/ww16.ce.gov.br\/metrofor\/24-11-2021-publicidae\/#breadcrumb","itemListElement":[{"@type":"ListItem","position":1,"name":"In\u00edcio","item":"https:\/\/ww16.ce.gov.br\/metrofor\/"},{"@type":"ListItem","position":2,"name":"24-11-2021 Publicidade"}]},{"@type":"WebSite","@id":"https:\/\/ww16.ce.gov.br\/metrofor\/#website","url":"https:\/\/ww16.ce.gov.br\/metrofor\/","name":"Metr\u00f4 de Fortaleza","description":"Portal METROFOR","publisher":{"@id":"https:\/\/ww16.ce.gov.br\/metrofor\/#organization"},"potentialAction":[{"@type":"SearchAction","target":{"@type":"EntryPoint","urlTemplate":"https:\/\/ww16.ce.gov.br\/metrofor\/?s={search_term_string}"},"query-input":{"@type":"PropertyValueSpecification","valueRequired":true,"valueName":"search_term_string"}}],"inLanguage":"pt-BR"},{"@type":"Organization","@id":"https:\/\/ww16.ce.gov.br\/metrofor\/#organization","name":"Metr\u00f4 de Fortaleza","url":"https:\/\/ww16.ce.gov.br\/metrofor\/","logo":{"@type":"ImageObject","inLanguage":"pt-BR","@id":"https:\/\/ww16.ce.gov.br\/metrofor\/#\/schema\/logo\/image\/","url":"http:\/\/ww16.ce.gov.br\/metrofor\/wp-content\/uploads\/sites\/32\/2018\/01\/METROFOR-SEINFRAclara.png","contentUrl":"http:\/\/ww16.ce.gov.br\/metrofor\/wp-content\/uploads\/sites\/32\/2018\/01\/METROFOR-SEINFRAclara.png","width":559,"height":106,"caption":"Metr\u00f4 de Fortaleza"},"image":{"@id":"https:\/\/ww16.ce.gov.br\/metrofor\/#\/schema\/logo\/image\/"}}]}},"_links":{"self":[{"href":"https:\/\/ww16.ce.gov.br\/metrofor\/wp-json\/wp\/v2\/pages\/71360","targetHints":{"allow":["GET"]}}],"collection":[{"href":"https:\/\/ww16.ce.gov.br\/metrofor\/wp-json\/wp\/v2\/pages"}],"about":[{"href":"https:\/\/ww16.ce.gov.br\/metrofor\/wp-json\/wp\/v2\/types\/page"}],"author":[{"embeddable":true,"href":"https:\/\/ww16.ce.gov.br\/metrofor\/wp-json\/wp\/v2\/users\/119"}],"replies":[{"embeddable":true,"href":"https:\/\/ww16.ce.gov.br\/metrofor\/wp-json\/wp\/v2\/comments?post=71360"}],"version-history":[{"count":5,"href":"https:\/\/ww16.ce.gov.br\/metrofor\/wp-json\/wp\/v2\/pages\/71360\/revisions"}],"predecessor-version":[{"id":72347,"href":"https:\/\/ww16.ce.gov.br\/metrofor\/wp-json\/wp\/v2\/pages\/71360\/revisions\/72347"}],"wp:attachment":[{"href":"https:\/\/ww16.ce.gov.br\/metrofor\/wp-json\/wp\/v2\/media?parent=71360"}],"curies":[{"name":"wp","href":"https:\/\/api.w.org\/{rel}","templated":true}]}}