{"id":71208,"date":"2021-10-28T10:46:48","date_gmt":"2021-10-28T13:46:48","guid":{"rendered":"http:\/\/ww16.ce.gov.br\/metrofor\/?page_id=71208"},"modified":"2026-05-07T16:20:32","modified_gmt":"2026-05-07T19:20:32","slug":"2021-01","status":"publish","type":"page","link":"https:\/\/ww16.ce.gov.br\/metrofor\/governanca-corporativa\/consulta-publica\/2021-01\/","title":{"rendered":"CP-2021-01 &#8211; Sobre Futura Concess\u00e3o das Faixas de Dom\u00ednio para Implanta\u00e7\u00e3o de Fibra \u00d3tica"},"content":{"rendered":"<p>&nbsp;<br \/>\n&nbsp;<\/p>\n<h3>Sobre: <\/h3>\n<p>&nbsp;<\/p>\n<p style=\"text-align: justify\">A Companhia Cearense de Transportes Metropolitanos abre consulta p\u00fabica sobre a futura concess\u00e3o de parte das faixas de dom\u00ednio das linhas metrovi\u00e1rias em Fortaleza, para implanta\u00e7\u00e3o de fibra \u00f3tica por empresas interessadas.<\/p>\n<p>&nbsp;<\/p>\n<p style=\"text-align: justify\">A consulta p\u00fablica ter\u00e1 dura\u00e7\u00e3o de 60 dias, dentro dos quais poder\u00e3o ser feitas sugest\u00f5es e contribui\u00e7\u00f5es, e nossa equipe estar\u00e1 \u00e0 disposi\u00e7\u00e3o para esclarecer d\u00favidas.<\/p>\n<p>&nbsp;<br \/>\n&nbsp;<\/p>\n<h3>Per\u00edodo: <\/h3>\n<p>&nbsp;<\/p>\n<p style=\"text-align: justify\">A consulta p\u00fablica estar\u00e1 aberta pelo per\u00edodo de 02 (dois) meses contados a partir da data de publica\u00e7\u00e3o do Aviso de Consulta P\u00fablica em no Di\u00e1rio Oficial do Estado.<\/p>\n<p>&nbsp;<br \/>\n&nbsp;<\/p>\n<h3>Inscri\u00e7\u00e3o: <\/h3>\n<p>&nbsp;<\/p>\n<div>\n<p style=\"text-align: justify\">Os contatos devem ser feitos atrav\u00e9s do e-mail <a href=\"mailto:negocios.gerea@metrofor.ce.gov.br\" target=\"_blank\" rel=\"noopener noreferrer\">negocios.gerea@metrofor.ce.gov.br<\/a>.<\/p>\n<\/div>\n<p>&nbsp;<br \/>\n&nbsp;<\/p>\n<h3>Arquivos: <\/h3>\n<p>&nbsp;<\/p>\n<div>\n<a href=\"https:\/\/ww16.ce.gov.br\/metrofor\/wp-content\/uploads\/sites\/75\/2021\/10\/CP-2021-01-Termo-de-Referencia.pdf\" rel=\"noopener noreferrer\" target=\"_blank\"><\/p>\n<div style='margin:0px 0px 0px 0px;float:left'><img loading=\"lazy\" decoding=\"async\" style='margin:0px 0px 0px 0px' src=\"https:\/\/ww16.ce.gov.br\/metrofor\/wp-content\/uploads\/sites\/75\/2021\/10\/download-filer-icon.png\" alt=\"\" width=\"32\" height=\"32\" \/><\/div>\n<div style='padding-top: 9px;margin-left:10px'>\n<h4 style='padding-left:10px;margin-left:20px'>Termo de Refer\u00eancia<\/h4>\n<\/div>\n<p><\/a>\n<\/div>\n<p>&nbsp;<\/p>\n<div>\n<a href=\"https:\/\/ww16.ce.gov.br\/metrofor\/wp-content\/uploads\/sites\/75\/2021\/10\/CP-2021-01-Apresentacao-Faixa-Dominio-PTBR.pdf\" rel=\"noopener noreferrer\" target=\"_blank\"><\/p>\n<div style='margin:0px 0px 0px 0px;float:left'><img loading=\"lazy\" decoding=\"async\" style='margin:0px 0px 0px 0px' src=\"https:\/\/ww16.ce.gov.br\/metrofor\/wp-content\/uploads\/sites\/75\/2021\/10\/download-filer-icon.png\" alt=\"\" width=\"32\" height=\"32\" \/><\/div>\n<div style='padding-top: 9px;margin-left:10px'>\n<h4 style='padding-left:10px;margin-left:20px'>Apresenta\u00e7\u00e3o &#8211; Portugu\u00eas<\/h4>\n<\/div>\n<p><\/a>\n<\/div>\n<p>&nbsp;<\/p>\n<div>\n<a href=\"https:\/\/ww16.ce.gov.br\/metrofor\/wp-content\/uploads\/sites\/75\/2021\/10\/CP-2021-01-Apresentacao-Faixa-Dominio-EN.pdf\" rel=\"noopener noreferrer\" target=\"_blank\"><\/p>\n<div style='margin:0px 0px 0px 0px;float:left'><img loading=\"lazy\" decoding=\"async\" style='margin:0px 0px 0px 0px' src=\"https:\/\/ww16.ce.gov.br\/metrofor\/wp-content\/uploads\/sites\/75\/2021\/10\/download-filer-icon.png\" alt=\"\" width=\"32\" height=\"32\" \/><\/div>\n<div style='padding-top: 9px;margin-left:10px'>\n<h4 style='padding-left:10px;margin-left:20px'>Apresenta\u00e7\u00e3o &#8211; Ingl\u00eas<\/h4>\n<\/div>\n<p><\/a>\n<\/div>\n<p>&nbsp;<\/p>\n","protected":false},"excerpt":{"rendered":"<p>&nbsp; &nbsp; Sobre: &nbsp; A Companhia Cearense de Transportes Metropolitanos abre consulta p\u00fabica sobre a futura concess\u00e3o de parte das faixas de dom\u00ednio das linhas metrovi\u00e1rias em Fortaleza, para implanta\u00e7\u00e3o de fibra \u00f3tica por empresas interessadas. &nbsp; A consulta p\u00fablica ter\u00e1 dura\u00e7\u00e3o de 60 dias, dentro dos quais poder\u00e3o ser feitas sugest\u00f5es e contribui\u00e7\u00f5es, e [&hellip;]<\/p>\n","protected":false},"author":118,"featured_media":0,"parent":75297,"menu_order":0,"comment_status":"closed","ping_status":"closed","template":"","meta":{"_acf_changed":false,"inline_featured_image":false,"footnotes":""},"class_list":["post-71208","page","type-page","status-publish","hentry"],"acf":[],"yoast_head":"<!-- This site is optimized with the Yoast SEO plugin v26.9 - https:\/\/yoast.com\/product\/yoast-seo-wordpress\/ -->\n<title>CP-2021-01 - Sobre Futura Concess\u00e3o das Faixas de Dom\u00ednio para Implanta\u00e7\u00e3o de Fibra \u00d3tica - METROFOR<\/title>\n<meta name=\"robots\" content=\"index, follow, max-snippet:-1, max-image-preview:large, max-video-preview:-1\" \/>\n<link rel=\"canonical\" href=\"https:\/\/ww16.ce.gov.br\/metrofor\/governanca-corporativa\/consulta-publica\/2021-01\/\" \/>\n<meta property=\"og:locale\" content=\"pt_BR\" \/>\n<meta property=\"og:type\" content=\"article\" \/>\n<meta property=\"og:title\" content=\"CP-2021-01 - Sobre Futura Concess\u00e3o das Faixas de Dom\u00ednio para Implanta\u00e7\u00e3o de Fibra \u00d3tica - METROFOR\" \/>\n<meta property=\"og:description\" content=\"&nbsp; &nbsp; Sobre: &nbsp; A Companhia Cearense de Transportes Metropolitanos abre consulta p\u00fabica sobre a futura concess\u00e3o de parte das faixas de dom\u00ednio das linhas metrovi\u00e1rias em Fortaleza, para implanta\u00e7\u00e3o de fibra \u00f3tica por empresas interessadas. &nbsp; A consulta p\u00fablica ter\u00e1 dura\u00e7\u00e3o de 60 dias, dentro dos quais poder\u00e3o ser feitas sugest\u00f5es e contribui\u00e7\u00f5es, e [&hellip;]\" \/>\n<meta property=\"og:url\" content=\"https:\/\/ww16.ce.gov.br\/metrofor\/governanca-corporativa\/consulta-publica\/2021-01\/\" \/>\n<meta property=\"og:site_name\" content=\"METROFOR\" \/>\n<meta property=\"article:modified_time\" content=\"2026-05-07T19:20:32+00:00\" \/>\n<meta property=\"og:image\" content=\"http:\/\/ww16.ce.gov.br\/metrofor\/wp-content\/uploads\/sites\/75\/2021\/10\/download-filer-icon.png\" \/>\n<meta name=\"twitter:card\" content=\"summary_large_image\" \/>\n<meta name=\"twitter:label1\" content=\"Est. reading time\" \/>\n\t<meta name=\"twitter:data1\" content=\"2 minutos\" \/>\n<script type=\"application\/ld+json\" class=\"yoast-schema-graph\">{\"@context\":\"https:\/\/schema.org\",\"@graph\":[{\"@type\":\"WebPage\",\"@id\":\"https:\/\/ww16.ce.gov.br\/metrofor\/governanca-corporativa\/consulta-publica\/2021-01\/\",\"url\":\"https:\/\/ww16.ce.gov.br\/metrofor\/governanca-corporativa\/consulta-publica\/2021-01\/\",\"name\":\"CP-2021-01 - Sobre Futura Concess\u00e3o das Faixas de Dom\u00ednio para Implanta\u00e7\u00e3o de Fibra \u00d3tica - METROFOR\",\"isPartOf\":{\"@id\":\"https:\/\/ww16.ce.gov.br\/metrofor\/#website\"},\"primaryImageOfPage\":{\"@id\":\"https:\/\/ww16.ce.gov.br\/metrofor\/governanca-corporativa\/consulta-publica\/2021-01\/#primaryimage\"},\"image\":{\"@id\":\"https:\/\/ww16.ce.gov.br\/metrofor\/governanca-corporativa\/consulta-publica\/2021-01\/#primaryimage\"},\"thumbnailUrl\":\"http:\/\/ww16.ce.gov.br\/metrofor\/wp-content\/uploads\/sites\/75\/2021\/10\/download-filer-icon.png\",\"datePublished\":\"2021-10-28T13:46:48+00:00\",\"dateModified\":\"2026-05-07T19:20:32+00:00\",\"breadcrumb\":{\"@id\":\"https:\/\/ww16.ce.gov.br\/metrofor\/governanca-corporativa\/consulta-publica\/2021-01\/#breadcrumb\"},\"inLanguage\":\"pt-BR\",\"potentialAction\":[{\"@type\":\"ReadAction\",\"target\":[\"https:\/\/ww16.ce.gov.br\/metrofor\/governanca-corporativa\/consulta-publica\/2021-01\/\"]}]},{\"@type\":\"ImageObject\",\"inLanguage\":\"pt-BR\",\"@id\":\"https:\/\/ww16.ce.gov.br\/metrofor\/governanca-corporativa\/consulta-publica\/2021-01\/#primaryimage\",\"url\":\"http:\/\/ww16.ce.gov.br\/metrofor\/wp-content\/uploads\/sites\/75\/2021\/10\/download-filer-icon.png\",\"contentUrl\":\"http:\/\/ww16.ce.gov.br\/metrofor\/wp-content\/uploads\/sites\/75\/2021\/10\/download-filer-icon.png\"},{\"@type\":\"BreadcrumbList\",\"@id\":\"https:\/\/ww16.ce.gov.br\/metrofor\/governanca-corporativa\/consulta-publica\/2021-01\/#breadcrumb\",\"itemListElement\":[{\"@type\":\"ListItem\",\"position\":1,\"name\":\"In\u00edcio\",\"item\":\"https:\/\/ww16.ce.gov.br\/metrofor\/\"},{\"@type\":\"ListItem\",\"position\":2,\"name\":\"Governan\u00e7a Corporativa\",\"item\":\"https:\/\/ww16.ce.gov.br\/metrofor\/governanca-corporativa\/\"},{\"@type\":\"ListItem\",\"position\":3,\"name\":\"Consulta P\u00fablica\",\"item\":\"https:\/\/ww16.ce.gov.br\/metrofor\/governanca-corporativa\/consulta-publica\/\"},{\"@type\":\"ListItem\",\"position\":4,\"name\":\"CP-2021-01 &#8211; Sobre Futura Concess\u00e3o das Faixas de Dom\u00ednio para Implanta\u00e7\u00e3o de Fibra \u00d3tica\"}]},{\"@type\":\"WebSite\",\"@id\":\"https:\/\/ww16.ce.gov.br\/metrofor\/#website\",\"url\":\"https:\/\/ww16.ce.gov.br\/metrofor\/\",\"name\":\"Metr\u00f4 de Fortaleza\",\"description\":\"Portal METROFOR\",\"publisher\":{\"@id\":\"https:\/\/ww16.ce.gov.br\/metrofor\/#organization\"},\"potentialAction\":[{\"@type\":\"SearchAction\",\"target\":{\"@type\":\"EntryPoint\",\"urlTemplate\":\"https:\/\/ww16.ce.gov.br\/metrofor\/?s={search_term_string}\"},\"query-input\":{\"@type\":\"PropertyValueSpecification\",\"valueRequired\":true,\"valueName\":\"search_term_string\"}}],\"inLanguage\":\"pt-BR\"},{\"@type\":\"Organization\",\"@id\":\"https:\/\/ww16.ce.gov.br\/metrofor\/#organization\",\"name\":\"Metr\u00f4 de Fortaleza\",\"url\":\"https:\/\/ww16.ce.gov.br\/metrofor\/\",\"logo\":{\"@type\":\"ImageObject\",\"inLanguage\":\"pt-BR\",\"@id\":\"https:\/\/ww16.ce.gov.br\/metrofor\/#\/schema\/logo\/image\/\",\"url\":\"http:\/\/ww16.ce.gov.br\/metrofor\/wp-content\/uploads\/sites\/32\/2018\/01\/METROFOR-SEINFRAclara.png\",\"contentUrl\":\"http:\/\/ww16.ce.gov.br\/metrofor\/wp-content\/uploads\/sites\/32\/2018\/01\/METROFOR-SEINFRAclara.png\",\"width\":559,\"height\":106,\"caption\":\"Metr\u00f4 de Fortaleza\"},\"image\":{\"@id\":\"https:\/\/ww16.ce.gov.br\/metrofor\/#\/schema\/logo\/image\/\"}}]}<\/script>\n<!-- \/ Yoast SEO plugin. -->","yoast_head_json":{"title":"CP-2021-01 - Sobre Futura Concess\u00e3o das Faixas de Dom\u00ednio para Implanta\u00e7\u00e3o de Fibra \u00d3tica - METROFOR","robots":{"index":"index","follow":"follow","max-snippet":"max-snippet:-1","max-image-preview":"max-image-preview:large","max-video-preview":"max-video-preview:-1"},"canonical":"https:\/\/ww16.ce.gov.br\/metrofor\/governanca-corporativa\/consulta-publica\/2021-01\/","og_locale":"pt_BR","og_type":"article","og_title":"CP-2021-01 - Sobre Futura Concess\u00e3o das Faixas de Dom\u00ednio para Implanta\u00e7\u00e3o de Fibra \u00d3tica - METROFOR","og_description":"&nbsp; &nbsp; Sobre: &nbsp; A Companhia Cearense de Transportes Metropolitanos abre consulta p\u00fabica sobre a futura concess\u00e3o de parte das faixas de dom\u00ednio das linhas metrovi\u00e1rias em Fortaleza, para implanta\u00e7\u00e3o de fibra \u00f3tica por empresas interessadas. &nbsp; A consulta p\u00fablica ter\u00e1 dura\u00e7\u00e3o de 60 dias, dentro dos quais poder\u00e3o ser feitas sugest\u00f5es e contribui\u00e7\u00f5es, e [&hellip;]","og_url":"https:\/\/ww16.ce.gov.br\/metrofor\/governanca-corporativa\/consulta-publica\/2021-01\/","og_site_name":"METROFOR","article_modified_time":"2026-05-07T19:20:32+00:00","og_image":[{"url":"http:\/\/ww16.ce.gov.br\/metrofor\/wp-content\/uploads\/sites\/75\/2021\/10\/download-filer-icon.png","type":"","width":"","height":""}],"twitter_card":"summary_large_image","twitter_misc":{"Est. reading time":"2 minutos"},"schema":{"@context":"https:\/\/schema.org","@graph":[{"@type":"WebPage","@id":"https:\/\/ww16.ce.gov.br\/metrofor\/governanca-corporativa\/consulta-publica\/2021-01\/","url":"https:\/\/ww16.ce.gov.br\/metrofor\/governanca-corporativa\/consulta-publica\/2021-01\/","name":"CP-2021-01 - Sobre Futura Concess\u00e3o das Faixas de Dom\u00ednio para Implanta\u00e7\u00e3o de Fibra \u00d3tica - METROFOR","isPartOf":{"@id":"https:\/\/ww16.ce.gov.br\/metrofor\/#website"},"primaryImageOfPage":{"@id":"https:\/\/ww16.ce.gov.br\/metrofor\/governanca-corporativa\/consulta-publica\/2021-01\/#primaryimage"},"image":{"@id":"https:\/\/ww16.ce.gov.br\/metrofor\/governanca-corporativa\/consulta-publica\/2021-01\/#primaryimage"},"thumbnailUrl":"http:\/\/ww16.ce.gov.br\/metrofor\/wp-content\/uploads\/sites\/75\/2021\/10\/download-filer-icon.png","datePublished":"2021-10-28T13:46:48+00:00","dateModified":"2026-05-07T19:20:32+00:00","breadcrumb":{"@id":"https:\/\/ww16.ce.gov.br\/metrofor\/governanca-corporativa\/consulta-publica\/2021-01\/#breadcrumb"},"inLanguage":"pt-BR","potentialAction":[{"@type":"ReadAction","target":["https:\/\/ww16.ce.gov.br\/metrofor\/governanca-corporativa\/consulta-publica\/2021-01\/"]}]},{"@type":"ImageObject","inLanguage":"pt-BR","@id":"https:\/\/ww16.ce.gov.br\/metrofor\/governanca-corporativa\/consulta-publica\/2021-01\/#primaryimage","url":"http:\/\/ww16.ce.gov.br\/metrofor\/wp-content\/uploads\/sites\/75\/2021\/10\/download-filer-icon.png","contentUrl":"http:\/\/ww16.ce.gov.br\/metrofor\/wp-content\/uploads\/sites\/75\/2021\/10\/download-filer-icon.png"},{"@type":"BreadcrumbList","@id":"https:\/\/ww16.ce.gov.br\/metrofor\/governanca-corporativa\/consulta-publica\/2021-01\/#breadcrumb","itemListElement":[{"@type":"ListItem","position":1,"name":"In\u00edcio","item":"https:\/\/ww16.ce.gov.br\/metrofor\/"},{"@type":"ListItem","position":2,"name":"Governan\u00e7a Corporativa","item":"https:\/\/ww16.ce.gov.br\/metrofor\/governanca-corporativa\/"},{"@type":"ListItem","position":3,"name":"Consulta P\u00fablica","item":"https:\/\/ww16.ce.gov.br\/metrofor\/governanca-corporativa\/consulta-publica\/"},{"@type":"ListItem","position":4,"name":"CP-2021-01 &#8211; Sobre Futura Concess\u00e3o das Faixas de Dom\u00ednio para Implanta\u00e7\u00e3o de Fibra \u00d3tica"}]},{"@type":"WebSite","@id":"https:\/\/ww16.ce.gov.br\/metrofor\/#website","url":"https:\/\/ww16.ce.gov.br\/metrofor\/","name":"Metr\u00f4 de Fortaleza","description":"Portal METROFOR","publisher":{"@id":"https:\/\/ww16.ce.gov.br\/metrofor\/#organization"},"potentialAction":[{"@type":"SearchAction","target":{"@type":"EntryPoint","urlTemplate":"https:\/\/ww16.ce.gov.br\/metrofor\/?s={search_term_string}"},"query-input":{"@type":"PropertyValueSpecification","valueRequired":true,"valueName":"search_term_string"}}],"inLanguage":"pt-BR"},{"@type":"Organization","@id":"https:\/\/ww16.ce.gov.br\/metrofor\/#organization","name":"Metr\u00f4 de Fortaleza","url":"https:\/\/ww16.ce.gov.br\/metrofor\/","logo":{"@type":"ImageObject","inLanguage":"pt-BR","@id":"https:\/\/ww16.ce.gov.br\/metrofor\/#\/schema\/logo\/image\/","url":"http:\/\/ww16.ce.gov.br\/metrofor\/wp-content\/uploads\/sites\/32\/2018\/01\/METROFOR-SEINFRAclara.png","contentUrl":"http:\/\/ww16.ce.gov.br\/metrofor\/wp-content\/uploads\/sites\/32\/2018\/01\/METROFOR-SEINFRAclara.png","width":559,"height":106,"caption":"Metr\u00f4 de Fortaleza"},"image":{"@id":"https:\/\/ww16.ce.gov.br\/metrofor\/#\/schema\/logo\/image\/"}}]}},"_links":{"self":[{"href":"https:\/\/ww16.ce.gov.br\/metrofor\/wp-json\/wp\/v2\/pages\/71208","targetHints":{"allow":["GET"]}}],"collection":[{"href":"https:\/\/ww16.ce.gov.br\/metrofor\/wp-json\/wp\/v2\/pages"}],"about":[{"href":"https:\/\/ww16.ce.gov.br\/metrofor\/wp-json\/wp\/v2\/types\/page"}],"author":[{"embeddable":true,"href":"https:\/\/ww16.ce.gov.br\/metrofor\/wp-json\/wp\/v2\/users\/118"}],"replies":[{"embeddable":true,"href":"https:\/\/ww16.ce.gov.br\/metrofor\/wp-json\/wp\/v2\/comments?post=71208"}],"version-history":[{"count":18,"href":"https:\/\/ww16.ce.gov.br\/metrofor\/wp-json\/wp\/v2\/pages\/71208\/revisions"}],"predecessor-version":[{"id":71240,"href":"https:\/\/ww16.ce.gov.br\/metrofor\/wp-json\/wp\/v2\/pages\/71208\/revisions\/71240"}],"up":[{"embeddable":true,"href":"https:\/\/ww16.ce.gov.br\/metrofor\/wp-json\/wp\/v2\/pages\/75297"}],"wp:attachment":[{"href":"https:\/\/ww16.ce.gov.br\/metrofor\/wp-json\/wp\/v2\/media?parent=71208"}],"curies":[{"name":"wp","href":"https:\/\/api.w.org\/{rel}","templated":true}]}}