{"id":70811,"date":"2021-08-09T15:53:04","date_gmt":"2021-08-09T18:53:04","guid":{"rendered":"http:\/\/ww16.ce.gov.br\/metrofor\/?page_id=70811"},"modified":"2021-08-09T15:53:04","modified_gmt":"2021-08-09T18:53:04","slug":"09-08-2021-publicidade","status":"publish","type":"page","link":"https:\/\/ww16.ce.gov.br\/metrofor\/09-08-2021-publicidade\/","title":{"rendered":"09.08.2021 &#8211; Publicidade"},"content":{"rendered":"<p>A Cia Cearense de Transportes Metropolitanos anuncia a libera\u00e7\u00e3o de espa\u00e7os para m\u00eddias publicit\u00e1rias nas esta\u00e7\u00f5es Ant\u00f4nio Sales, Vila Uni\u00e3o, S\u00e3o Jo\u00e3o do Tauape, Pontes Vieira, Mucuripe, Montese, Iate e Borges de Melo, do VLT Parangaba &#8211; Mucuripe do Metr\u00f4 de Fortaleza, conforme procedimentos e documentos abaixo.<\/p>\n<p>Empresas credenciadas que tenham interesse na explora\u00e7\u00e3o dos espa\u00e7os devem ler os documentos abaixo, que cont\u00e9m todas as especifica\u00e7\u00f5es t\u00e9cnicas e procedimentos necess\u00e1rios para a explora\u00e7\u00e3o dos espa\u00e7os.<\/p>\n<p>&nbsp;<\/p>\n<p><a href=\"https:\/\/ww16.ce.gov.br\/metrofor\/wp-content\/uploads\/sites\/75\/2021\/08\/PROCEDIMENTO-VLT-2021.pdf\">01. PROCEDIMENTO DE M\u00cdDIAS VLT 2021<\/a><\/p>\n<p><a href=\"https:\/\/ww16.ce.gov.br\/metrofor\/wp-content\/uploads\/sites\/75\/2021\/08\/ANTONIOSALES.pdf\">02. ESTA\u00c7\u00c3O ANTONIO SALES<\/a><\/p>\n<p><a href=\"https:\/\/ww16.ce.gov.br\/metrofor\/wp-content\/uploads\/sites\/75\/2021\/08\/VILAUNIAO.pdf\">03. ESTA\u00c7\u00c3O VILA UNIAO<\/a><\/p>\n<p><a href=\"https:\/\/ww16.ce.gov.br\/metrofor\/wp-content\/uploads\/sites\/75\/2021\/08\/SAOJOAOTAUAPE.pdf\">04. ESTA\u00c7\u00c3O SAO JOAO TAUAPE<\/a><\/p>\n<p><a href=\"https:\/\/ww16.ce.gov.br\/metrofor\/wp-content\/uploads\/sites\/75\/2021\/08\/PONTESVIEIRA.pdf\">05. ESTA\u00c7\u00c3O PONTES VIEIRA<\/a><\/p>\n<p><a href=\"https:\/\/ww16.ce.gov.br\/metrofor\/wp-content\/uploads\/sites\/75\/2021\/08\/MUCURIPE.pdf\">06. ESTA\u00c7\u00c3O MUCURIPE<\/a><\/p>\n<p><a href=\"https:\/\/ww16.ce.gov.br\/metrofor\/wp-content\/uploads\/sites\/75\/2021\/08\/MONTESE.pdf\">07. ESTA\u00c7\u00c3O MONTESE<\/a><\/p>\n<p><a href=\"https:\/\/ww16.ce.gov.br\/metrofor\/wp-content\/uploads\/sites\/75\/2021\/08\/IATE.pdf\">08. ESTA\u00c7\u00c3O IATE<\/a><\/p>\n<p><a href=\"https:\/\/ww16.ce.gov.br\/metrofor\/wp-content\/uploads\/sites\/75\/2021\/08\/BORGESDEMELO.pdf\">09. ESTA\u00c7\u00c3O BORGES DE MELO<\/a><\/p>\n","protected":false},"excerpt":{"rendered":"<p>A Cia Cearense de Transportes Metropolitanos anuncia a libera\u00e7\u00e3o de espa\u00e7os para m\u00eddias publicit\u00e1rias nas esta\u00e7\u00f5es Ant\u00f4nio Sales, Vila Uni\u00e3o, S\u00e3o Jo\u00e3o do Tauape, Pontes Vieira, Mucuripe, Montese, Iate e Borges de Melo, do VLT Parangaba &#8211; Mucuripe do Metr\u00f4 de Fortaleza, conforme procedimentos e documentos abaixo. Empresas credenciadas que tenham interesse na explora\u00e7\u00e3o dos [&hellip;]<\/p>\n","protected":false},"author":119,"featured_media":0,"parent":0,"menu_order":0,"comment_status":"closed","ping_status":"closed","template":"","meta":{"_acf_changed":false,"inline_featured_image":false,"footnotes":""},"class_list":["post-70811","page","type-page","status-publish","hentry"],"acf":[],"yoast_head":"<!-- This site is optimized with the Yoast SEO plugin v26.9 - https:\/\/yoast.com\/product\/yoast-seo-wordpress\/ -->\n<title>09.08.2021 - Publicidade - METROFOR<\/title>\n<meta name=\"robots\" content=\"index, follow, max-snippet:-1, max-image-preview:large, max-video-preview:-1\" \/>\n<link rel=\"canonical\" href=\"https:\/\/ww16.ce.gov.br\/metrofor\/09-08-2021-publicidade\/\" \/>\n<meta property=\"og:locale\" content=\"pt_BR\" \/>\n<meta property=\"og:type\" content=\"article\" \/>\n<meta property=\"og:title\" content=\"09.08.2021 - Publicidade - METROFOR\" \/>\n<meta property=\"og:description\" content=\"A Cia Cearense de Transportes Metropolitanos anuncia a libera\u00e7\u00e3o de espa\u00e7os para m\u00eddias publicit\u00e1rias nas esta\u00e7\u00f5es Ant\u00f4nio Sales, Vila Uni\u00e3o, S\u00e3o Jo\u00e3o do Tauape, Pontes Vieira, Mucuripe, Montese, Iate e Borges de Melo, do VLT Parangaba &#8211; Mucuripe do Metr\u00f4 de Fortaleza, conforme procedimentos e documentos abaixo. Empresas credenciadas que tenham interesse na explora\u00e7\u00e3o dos [&hellip;]\" \/>\n<meta property=\"og:url\" content=\"https:\/\/ww16.ce.gov.br\/metrofor\/09-08-2021-publicidade\/\" \/>\n<meta property=\"og:site_name\" content=\"METROFOR\" \/>\n<meta name=\"twitter:card\" content=\"summary_large_image\" \/>\n<meta name=\"twitter:label1\" content=\"Est. reading time\" \/>\n\t<meta name=\"twitter:data1\" content=\"1 minuto\" \/>\n<script type=\"application\/ld+json\" class=\"yoast-schema-graph\">{\"@context\":\"https:\/\/schema.org\",\"@graph\":[{\"@type\":\"WebPage\",\"@id\":\"https:\/\/ww16.ce.gov.br\/metrofor\/09-08-2021-publicidade\/\",\"url\":\"https:\/\/ww16.ce.gov.br\/metrofor\/09-08-2021-publicidade\/\",\"name\":\"09.08.2021 - Publicidade - METROFOR\",\"isPartOf\":{\"@id\":\"https:\/\/ww16.ce.gov.br\/metrofor\/#website\"},\"datePublished\":\"2021-08-09T18:53:04+00:00\",\"breadcrumb\":{\"@id\":\"https:\/\/ww16.ce.gov.br\/metrofor\/09-08-2021-publicidade\/#breadcrumb\"},\"inLanguage\":\"pt-BR\",\"potentialAction\":[{\"@type\":\"ReadAction\",\"target\":[\"https:\/\/ww16.ce.gov.br\/metrofor\/09-08-2021-publicidade\/\"]}]},{\"@type\":\"BreadcrumbList\",\"@id\":\"https:\/\/ww16.ce.gov.br\/metrofor\/09-08-2021-publicidade\/#breadcrumb\",\"itemListElement\":[{\"@type\":\"ListItem\",\"position\":1,\"name\":\"In\u00edcio\",\"item\":\"https:\/\/ww16.ce.gov.br\/metrofor\/\"},{\"@type\":\"ListItem\",\"position\":2,\"name\":\"09.08.2021 &#8211; Publicidade\"}]},{\"@type\":\"WebSite\",\"@id\":\"https:\/\/ww16.ce.gov.br\/metrofor\/#website\",\"url\":\"https:\/\/ww16.ce.gov.br\/metrofor\/\",\"name\":\"Metr\u00f4 de Fortaleza\",\"description\":\"Portal METROFOR\",\"publisher\":{\"@id\":\"https:\/\/ww16.ce.gov.br\/metrofor\/#organization\"},\"potentialAction\":[{\"@type\":\"SearchAction\",\"target\":{\"@type\":\"EntryPoint\",\"urlTemplate\":\"https:\/\/ww16.ce.gov.br\/metrofor\/?s={search_term_string}\"},\"query-input\":{\"@type\":\"PropertyValueSpecification\",\"valueRequired\":true,\"valueName\":\"search_term_string\"}}],\"inLanguage\":\"pt-BR\"},{\"@type\":\"Organization\",\"@id\":\"https:\/\/ww16.ce.gov.br\/metrofor\/#organization\",\"name\":\"Metr\u00f4 de Fortaleza\",\"url\":\"https:\/\/ww16.ce.gov.br\/metrofor\/\",\"logo\":{\"@type\":\"ImageObject\",\"inLanguage\":\"pt-BR\",\"@id\":\"https:\/\/ww16.ce.gov.br\/metrofor\/#\/schema\/logo\/image\/\",\"url\":\"http:\/\/ww16.ce.gov.br\/metrofor\/wp-content\/uploads\/sites\/32\/2018\/01\/METROFOR-SEINFRAclara.png\",\"contentUrl\":\"http:\/\/ww16.ce.gov.br\/metrofor\/wp-content\/uploads\/sites\/32\/2018\/01\/METROFOR-SEINFRAclara.png\",\"width\":559,\"height\":106,\"caption\":\"Metr\u00f4 de Fortaleza\"},\"image\":{\"@id\":\"https:\/\/ww16.ce.gov.br\/metrofor\/#\/schema\/logo\/image\/\"}}]}<\/script>\n<!-- \/ Yoast SEO plugin. -->","yoast_head_json":{"title":"09.08.2021 - Publicidade - METROFOR","robots":{"index":"index","follow":"follow","max-snippet":"max-snippet:-1","max-image-preview":"max-image-preview:large","max-video-preview":"max-video-preview:-1"},"canonical":"https:\/\/ww16.ce.gov.br\/metrofor\/09-08-2021-publicidade\/","og_locale":"pt_BR","og_type":"article","og_title":"09.08.2021 - Publicidade - METROFOR","og_description":"A Cia Cearense de Transportes Metropolitanos anuncia a libera\u00e7\u00e3o de espa\u00e7os para m\u00eddias publicit\u00e1rias nas esta\u00e7\u00f5es Ant\u00f4nio Sales, Vila Uni\u00e3o, S\u00e3o Jo\u00e3o do Tauape, Pontes Vieira, Mucuripe, Montese, Iate e Borges de Melo, do VLT Parangaba &#8211; Mucuripe do Metr\u00f4 de Fortaleza, conforme procedimentos e documentos abaixo. Empresas credenciadas que tenham interesse na explora\u00e7\u00e3o dos [&hellip;]","og_url":"https:\/\/ww16.ce.gov.br\/metrofor\/09-08-2021-publicidade\/","og_site_name":"METROFOR","twitter_card":"summary_large_image","twitter_misc":{"Est. reading time":"1 minuto"},"schema":{"@context":"https:\/\/schema.org","@graph":[{"@type":"WebPage","@id":"https:\/\/ww16.ce.gov.br\/metrofor\/09-08-2021-publicidade\/","url":"https:\/\/ww16.ce.gov.br\/metrofor\/09-08-2021-publicidade\/","name":"09.08.2021 - Publicidade - METROFOR","isPartOf":{"@id":"https:\/\/ww16.ce.gov.br\/metrofor\/#website"},"datePublished":"2021-08-09T18:53:04+00:00","breadcrumb":{"@id":"https:\/\/ww16.ce.gov.br\/metrofor\/09-08-2021-publicidade\/#breadcrumb"},"inLanguage":"pt-BR","potentialAction":[{"@type":"ReadAction","target":["https:\/\/ww16.ce.gov.br\/metrofor\/09-08-2021-publicidade\/"]}]},{"@type":"BreadcrumbList","@id":"https:\/\/ww16.ce.gov.br\/metrofor\/09-08-2021-publicidade\/#breadcrumb","itemListElement":[{"@type":"ListItem","position":1,"name":"In\u00edcio","item":"https:\/\/ww16.ce.gov.br\/metrofor\/"},{"@type":"ListItem","position":2,"name":"09.08.2021 &#8211; Publicidade"}]},{"@type":"WebSite","@id":"https:\/\/ww16.ce.gov.br\/metrofor\/#website","url":"https:\/\/ww16.ce.gov.br\/metrofor\/","name":"Metr\u00f4 de Fortaleza","description":"Portal METROFOR","publisher":{"@id":"https:\/\/ww16.ce.gov.br\/metrofor\/#organization"},"potentialAction":[{"@type":"SearchAction","target":{"@type":"EntryPoint","urlTemplate":"https:\/\/ww16.ce.gov.br\/metrofor\/?s={search_term_string}"},"query-input":{"@type":"PropertyValueSpecification","valueRequired":true,"valueName":"search_term_string"}}],"inLanguage":"pt-BR"},{"@type":"Organization","@id":"https:\/\/ww16.ce.gov.br\/metrofor\/#organization","name":"Metr\u00f4 de Fortaleza","url":"https:\/\/ww16.ce.gov.br\/metrofor\/","logo":{"@type":"ImageObject","inLanguage":"pt-BR","@id":"https:\/\/ww16.ce.gov.br\/metrofor\/#\/schema\/logo\/image\/","url":"http:\/\/ww16.ce.gov.br\/metrofor\/wp-content\/uploads\/sites\/32\/2018\/01\/METROFOR-SEINFRAclara.png","contentUrl":"http:\/\/ww16.ce.gov.br\/metrofor\/wp-content\/uploads\/sites\/32\/2018\/01\/METROFOR-SEINFRAclara.png","width":559,"height":106,"caption":"Metr\u00f4 de Fortaleza"},"image":{"@id":"https:\/\/ww16.ce.gov.br\/metrofor\/#\/schema\/logo\/image\/"}}]}},"_links":{"self":[{"href":"https:\/\/ww16.ce.gov.br\/metrofor\/wp-json\/wp\/v2\/pages\/70811","targetHints":{"allow":["GET"]}}],"collection":[{"href":"https:\/\/ww16.ce.gov.br\/metrofor\/wp-json\/wp\/v2\/pages"}],"about":[{"href":"https:\/\/ww16.ce.gov.br\/metrofor\/wp-json\/wp\/v2\/types\/page"}],"author":[{"embeddable":true,"href":"https:\/\/ww16.ce.gov.br\/metrofor\/wp-json\/wp\/v2\/users\/119"}],"replies":[{"embeddable":true,"href":"https:\/\/ww16.ce.gov.br\/metrofor\/wp-json\/wp\/v2\/comments?post=70811"}],"version-history":[{"count":1,"href":"https:\/\/ww16.ce.gov.br\/metrofor\/wp-json\/wp\/v2\/pages\/70811\/revisions"}],"predecessor-version":[{"id":70821,"href":"https:\/\/ww16.ce.gov.br\/metrofor\/wp-json\/wp\/v2\/pages\/70811\/revisions\/70821"}],"wp:attachment":[{"href":"https:\/\/ww16.ce.gov.br\/metrofor\/wp-json\/wp\/v2\/media?parent=70811"}],"curies":[{"name":"wp","href":"https:\/\/api.w.org\/{rel}","templated":true}]}}