{"id":70104,"date":"2020-09-23T16:09:56","date_gmt":"2020-09-23T19:09:56","guid":{"rendered":"http:\/\/ww16.ce.gov.br\/metrofor\/?page_id=70104"},"modified":"2025-06-12T16:08:14","modified_gmt":"2025-06-12T19:08:14","slug":"gtfs","status":"publish","type":"page","link":"https:\/\/ww16.ce.gov.br\/metrofor\/gtfs\/","title":{"rendered":"GTFS"},"content":{"rendered":"<p>Conjunto completo de informa\u00e7\u00f5es sobre o modal metrovi\u00e1rio da companhia cearense de transportes metropolitanos das cidades de Fortaleza,<br \/>\nSobral e Cariri no formato <a href=\"https:\/\/developers.google.com\/transit\/gtfs\/?hl=pt-br\"> General Transit Feed Specification (GTFS) <\/a> .<\/p>\n<p>&nbsp;<\/p>\n<p><a href=\"https:\/\/info.metrofor.ce.gov.br\/gtfs_file\" target=\"_blank\"><img loading=\"lazy\" decoding=\"async\" class=\"alignnone wp-image-69847\" src=\"https:\/\/ww16.ce.gov.br\/metrofor\/wp-content\/uploads\/sites\/75\/2020\/09\/dowmload-gtfs.png\" alt=\"\" width=\"180\" height=\"60\" \/><\/a><\/p>\n<p>&nbsp;<\/p>\n<h2>Informa\u00e7\u00f5es Adicionais<\/h2>\n<p>&nbsp;<\/p>\n<p><strong>Criado:<\/strong> 23 de Setembro de 2020, 16:09 (UTC-03:00)<\/p>\n<p><strong>Licen\u00e7a:<\/strong> <a href=\"https:\/\/opendefinition.org\/licenses\/cc-by\/\">Creative Commons Attribution<\/a><\/p>\n<p>&nbsp;<\/p>\n","protected":false},"excerpt":{"rendered":"<p>Conjunto completo de informa\u00e7\u00f5es sobre o modal metrovi\u00e1rio da companhia cearense de transportes metropolitanos das cidades de Fortaleza, Sobral e Cariri no formato General Transit Feed Specification (GTFS) . &nbsp; &nbsp; Informa\u00e7\u00f5es Adicionais &nbsp; Criado: 23 de Setembro de 2020, 16:09 (UTC-03:00) Licen\u00e7a: Creative Commons Attribution &nbsp;<\/p>\n","protected":false},"author":118,"featured_media":0,"parent":0,"menu_order":0,"comment_status":"closed","ping_status":"closed","template":"","meta":{"_acf_changed":false,"inline_featured_image":false,"footnotes":""},"class_list":["post-70104","page","type-page","status-publish","hentry"],"acf":[],"yoast_head":"<!-- This site is optimized with the Yoast SEO plugin v26.9 - https:\/\/yoast.com\/product\/yoast-seo-wordpress\/ -->\n<title>GTFS - METROFOR<\/title>\n<meta name=\"robots\" content=\"index, follow, max-snippet:-1, max-image-preview:large, max-video-preview:-1\" \/>\n<link rel=\"canonical\" href=\"https:\/\/ww16.ce.gov.br\/metrofor\/gtfs\/\" \/>\n<meta property=\"og:locale\" content=\"pt_BR\" \/>\n<meta property=\"og:type\" content=\"article\" \/>\n<meta property=\"og:title\" content=\"GTFS - METROFOR\" \/>\n<meta property=\"og:description\" content=\"Conjunto completo de informa\u00e7\u00f5es sobre o modal metrovi\u00e1rio da companhia cearense de transportes metropolitanos das cidades de Fortaleza, Sobral e Cariri no formato General Transit Feed Specification (GTFS) . &nbsp; &nbsp; Informa\u00e7\u00f5es Adicionais &nbsp; Criado: 23 de Setembro de 2020, 16:09 (UTC-03:00) Licen\u00e7a: Creative Commons Attribution &nbsp;\" \/>\n<meta property=\"og:url\" content=\"https:\/\/ww16.ce.gov.br\/metrofor\/gtfs\/\" \/>\n<meta property=\"og:site_name\" content=\"METROFOR\" \/>\n<meta property=\"article:modified_time\" content=\"2025-06-12T19:08:14+00:00\" \/>\n<meta property=\"og:image\" content=\"http:\/\/ww16.ce.gov.br\/metrofor\/wp-content\/uploads\/sites\/75\/2020\/09\/dowmload-gtfs.png\" \/>\n<meta name=\"twitter:card\" content=\"summary_large_image\" \/>\n<meta name=\"twitter:label1\" content=\"Est. reading time\" \/>\n\t<meta name=\"twitter:data1\" content=\"1 minuto\" \/>\n<script type=\"application\/ld+json\" class=\"yoast-schema-graph\">{\"@context\":\"https:\/\/schema.org\",\"@graph\":[{\"@type\":\"WebPage\",\"@id\":\"https:\/\/ww16.ce.gov.br\/metrofor\/gtfs\/\",\"url\":\"https:\/\/ww16.ce.gov.br\/metrofor\/gtfs\/\",\"name\":\"GTFS - METROFOR\",\"isPartOf\":{\"@id\":\"https:\/\/ww16.ce.gov.br\/metrofor\/#website\"},\"primaryImageOfPage\":{\"@id\":\"https:\/\/ww16.ce.gov.br\/metrofor\/gtfs\/#primaryimage\"},\"image\":{\"@id\":\"https:\/\/ww16.ce.gov.br\/metrofor\/gtfs\/#primaryimage\"},\"thumbnailUrl\":\"http:\/\/ww16.ce.gov.br\/metrofor\/wp-content\/uploads\/sites\/75\/2020\/09\/dowmload-gtfs.png\",\"datePublished\":\"2020-09-23T19:09:56+00:00\",\"dateModified\":\"2025-06-12T19:08:14+00:00\",\"breadcrumb\":{\"@id\":\"https:\/\/ww16.ce.gov.br\/metrofor\/gtfs\/#breadcrumb\"},\"inLanguage\":\"pt-BR\",\"potentialAction\":[{\"@type\":\"ReadAction\",\"target\":[\"https:\/\/ww16.ce.gov.br\/metrofor\/gtfs\/\"]}]},{\"@type\":\"ImageObject\",\"inLanguage\":\"pt-BR\",\"@id\":\"https:\/\/ww16.ce.gov.br\/metrofor\/gtfs\/#primaryimage\",\"url\":\"http:\/\/ww16.ce.gov.br\/metrofor\/wp-content\/uploads\/sites\/75\/2020\/09\/dowmload-gtfs.png\",\"contentUrl\":\"http:\/\/ww16.ce.gov.br\/metrofor\/wp-content\/uploads\/sites\/75\/2020\/09\/dowmload-gtfs.png\"},{\"@type\":\"BreadcrumbList\",\"@id\":\"https:\/\/ww16.ce.gov.br\/metrofor\/gtfs\/#breadcrumb\",\"itemListElement\":[{\"@type\":\"ListItem\",\"position\":1,\"name\":\"In\u00edcio\",\"item\":\"https:\/\/ww16.ce.gov.br\/metrofor\/\"},{\"@type\":\"ListItem\",\"position\":2,\"name\":\"GTFS\"}]},{\"@type\":\"WebSite\",\"@id\":\"https:\/\/ww16.ce.gov.br\/metrofor\/#website\",\"url\":\"https:\/\/ww16.ce.gov.br\/metrofor\/\",\"name\":\"Metr\u00f4 de Fortaleza\",\"description\":\"Portal METROFOR\",\"publisher\":{\"@id\":\"https:\/\/ww16.ce.gov.br\/metrofor\/#organization\"},\"potentialAction\":[{\"@type\":\"SearchAction\",\"target\":{\"@type\":\"EntryPoint\",\"urlTemplate\":\"https:\/\/ww16.ce.gov.br\/metrofor\/?s={search_term_string}\"},\"query-input\":{\"@type\":\"PropertyValueSpecification\",\"valueRequired\":true,\"valueName\":\"search_term_string\"}}],\"inLanguage\":\"pt-BR\"},{\"@type\":\"Organization\",\"@id\":\"https:\/\/ww16.ce.gov.br\/metrofor\/#organization\",\"name\":\"Metr\u00f4 de Fortaleza\",\"url\":\"https:\/\/ww16.ce.gov.br\/metrofor\/\",\"logo\":{\"@type\":\"ImageObject\",\"inLanguage\":\"pt-BR\",\"@id\":\"https:\/\/ww16.ce.gov.br\/metrofor\/#\/schema\/logo\/image\/\",\"url\":\"http:\/\/ww16.ce.gov.br\/metrofor\/wp-content\/uploads\/sites\/32\/2018\/01\/METROFOR-SEINFRAclara.png\",\"contentUrl\":\"http:\/\/ww16.ce.gov.br\/metrofor\/wp-content\/uploads\/sites\/32\/2018\/01\/METROFOR-SEINFRAclara.png\",\"width\":559,\"height\":106,\"caption\":\"Metr\u00f4 de Fortaleza\"},\"image\":{\"@id\":\"https:\/\/ww16.ce.gov.br\/metrofor\/#\/schema\/logo\/image\/\"}}]}<\/script>\n<!-- \/ Yoast SEO plugin. -->","yoast_head_json":{"title":"GTFS - METROFOR","robots":{"index":"index","follow":"follow","max-snippet":"max-snippet:-1","max-image-preview":"max-image-preview:large","max-video-preview":"max-video-preview:-1"},"canonical":"https:\/\/ww16.ce.gov.br\/metrofor\/gtfs\/","og_locale":"pt_BR","og_type":"article","og_title":"GTFS - METROFOR","og_description":"Conjunto completo de informa\u00e7\u00f5es sobre o modal metrovi\u00e1rio da companhia cearense de transportes metropolitanos das cidades de Fortaleza, Sobral e Cariri no formato General Transit Feed Specification (GTFS) . &nbsp; &nbsp; Informa\u00e7\u00f5es Adicionais &nbsp; Criado: 23 de Setembro de 2020, 16:09 (UTC-03:00) Licen\u00e7a: Creative Commons Attribution &nbsp;","og_url":"https:\/\/ww16.ce.gov.br\/metrofor\/gtfs\/","og_site_name":"METROFOR","article_modified_time":"2025-06-12T19:08:14+00:00","og_image":[{"url":"http:\/\/ww16.ce.gov.br\/metrofor\/wp-content\/uploads\/sites\/75\/2020\/09\/dowmload-gtfs.png","type":"","width":"","height":""}],"twitter_card":"summary_large_image","twitter_misc":{"Est. reading time":"1 minuto"},"schema":{"@context":"https:\/\/schema.org","@graph":[{"@type":"WebPage","@id":"https:\/\/ww16.ce.gov.br\/metrofor\/gtfs\/","url":"https:\/\/ww16.ce.gov.br\/metrofor\/gtfs\/","name":"GTFS - METROFOR","isPartOf":{"@id":"https:\/\/ww16.ce.gov.br\/metrofor\/#website"},"primaryImageOfPage":{"@id":"https:\/\/ww16.ce.gov.br\/metrofor\/gtfs\/#primaryimage"},"image":{"@id":"https:\/\/ww16.ce.gov.br\/metrofor\/gtfs\/#primaryimage"},"thumbnailUrl":"http:\/\/ww16.ce.gov.br\/metrofor\/wp-content\/uploads\/sites\/75\/2020\/09\/dowmload-gtfs.png","datePublished":"2020-09-23T19:09:56+00:00","dateModified":"2025-06-12T19:08:14+00:00","breadcrumb":{"@id":"https:\/\/ww16.ce.gov.br\/metrofor\/gtfs\/#breadcrumb"},"inLanguage":"pt-BR","potentialAction":[{"@type":"ReadAction","target":["https:\/\/ww16.ce.gov.br\/metrofor\/gtfs\/"]}]},{"@type":"ImageObject","inLanguage":"pt-BR","@id":"https:\/\/ww16.ce.gov.br\/metrofor\/gtfs\/#primaryimage","url":"http:\/\/ww16.ce.gov.br\/metrofor\/wp-content\/uploads\/sites\/75\/2020\/09\/dowmload-gtfs.png","contentUrl":"http:\/\/ww16.ce.gov.br\/metrofor\/wp-content\/uploads\/sites\/75\/2020\/09\/dowmload-gtfs.png"},{"@type":"BreadcrumbList","@id":"https:\/\/ww16.ce.gov.br\/metrofor\/gtfs\/#breadcrumb","itemListElement":[{"@type":"ListItem","position":1,"name":"In\u00edcio","item":"https:\/\/ww16.ce.gov.br\/metrofor\/"},{"@type":"ListItem","position":2,"name":"GTFS"}]},{"@type":"WebSite","@id":"https:\/\/ww16.ce.gov.br\/metrofor\/#website","url":"https:\/\/ww16.ce.gov.br\/metrofor\/","name":"Metr\u00f4 de Fortaleza","description":"Portal METROFOR","publisher":{"@id":"https:\/\/ww16.ce.gov.br\/metrofor\/#organization"},"potentialAction":[{"@type":"SearchAction","target":{"@type":"EntryPoint","urlTemplate":"https:\/\/ww16.ce.gov.br\/metrofor\/?s={search_term_string}"},"query-input":{"@type":"PropertyValueSpecification","valueRequired":true,"valueName":"search_term_string"}}],"inLanguage":"pt-BR"},{"@type":"Organization","@id":"https:\/\/ww16.ce.gov.br\/metrofor\/#organization","name":"Metr\u00f4 de Fortaleza","url":"https:\/\/ww16.ce.gov.br\/metrofor\/","logo":{"@type":"ImageObject","inLanguage":"pt-BR","@id":"https:\/\/ww16.ce.gov.br\/metrofor\/#\/schema\/logo\/image\/","url":"http:\/\/ww16.ce.gov.br\/metrofor\/wp-content\/uploads\/sites\/32\/2018\/01\/METROFOR-SEINFRAclara.png","contentUrl":"http:\/\/ww16.ce.gov.br\/metrofor\/wp-content\/uploads\/sites\/32\/2018\/01\/METROFOR-SEINFRAclara.png","width":559,"height":106,"caption":"Metr\u00f4 de Fortaleza"},"image":{"@id":"https:\/\/ww16.ce.gov.br\/metrofor\/#\/schema\/logo\/image\/"}}]}},"_links":{"self":[{"href":"https:\/\/ww16.ce.gov.br\/metrofor\/wp-json\/wp\/v2\/pages\/70104","targetHints":{"allow":["GET"]}}],"collection":[{"href":"https:\/\/ww16.ce.gov.br\/metrofor\/wp-json\/wp\/v2\/pages"}],"about":[{"href":"https:\/\/ww16.ce.gov.br\/metrofor\/wp-json\/wp\/v2\/types\/page"}],"author":[{"embeddable":true,"href":"https:\/\/ww16.ce.gov.br\/metrofor\/wp-json\/wp\/v2\/users\/118"}],"replies":[{"embeddable":true,"href":"https:\/\/ww16.ce.gov.br\/metrofor\/wp-json\/wp\/v2\/comments?post=70104"}],"version-history":[{"count":32,"href":"https:\/\/ww16.ce.gov.br\/metrofor\/wp-json\/wp\/v2\/pages\/70104\/revisions"}],"predecessor-version":[{"id":74513,"href":"https:\/\/ww16.ce.gov.br\/metrofor\/wp-json\/wp\/v2\/pages\/70104\/revisions\/74513"}],"wp:attachment":[{"href":"https:\/\/ww16.ce.gov.br\/metrofor\/wp-json\/wp\/v2\/media?parent=70104"}],"curies":[{"name":"wp","href":"https:\/\/api.w.org\/{rel}","templated":true}]}}