{"id":69107,"date":"2020-01-10T15:26:03","date_gmt":"2020-01-10T18:26:03","guid":{"rendered":"http:\/\/ww16.ce.gov.br\/metrofor\/?page_id=69107"},"modified":"2025-01-23T10:04:22","modified_gmt":"2025-01-23T13:04:22","slug":"governanca-corporativa","status":"publish","type":"page","link":"https:\/\/ww16.ce.gov.br\/metrofor\/governanca-corporativa\/","title":{"rendered":"Governan\u00e7a Corporativa"},"content":{"rendered":"\n<div class=\"row ListagemProjetos\">\n    <div class=\"dt-4\">\n        <div class=\"TituloListagemProjetos\">\n            <h1 class=\"-verde\">Governan\u00e7a Corporativa<\/h1>\n                    <\/div>\n    <\/div>\n    <div class=\"dt-8\">\n        <ul class=\"ListaEst col2\">\n                            <li>\n                    <a href=\"https:\/\/ww16.ce.gov.br\/metrofor\/projeto\/acesso-a-informacao\/\">\n                        Acesso \u00e0 Informa\u00e7\u00e3o                        <small><\/small>\n                    <\/a>\n                <\/li>\n                            <li>\n                    <a href=\"https:\/\/ww16.ce.gov.br\/metrofor\/projeto\/consulta-publica\/\">\n                        Consulta P\u00fablica                        <small><\/small>\n                    <\/a>\n                <\/li>\n                            <li>\n                    <a href=\"https:\/\/ww16.ce.gov.br\/metrofor\/projeto\/estatuto-social\/\">\n                        Estatuto Social                        <small><\/small>\n                    <\/a>\n                <\/li>\n                            <li>\n                    <a href=\"https:\/\/ww16.ce.gov.br\/metrofor\/projeto\/leis\/\">\n                        Leis                        <small><\/small>\n                    <\/a>\n                <\/li>\n                            <li>\n                    <a href=\"https:\/\/ww16.ce.gov.br\/metrofor\/projeto\/organograma\/\">\n                        Organograma                        <small><\/small>\n                    <\/a>\n                <\/li>\n                            <li>\n                    <a href=\"https:\/\/ww16.ce.gov.br\/metrofor\/projeto\/politicas\/\">\n                        Pol\u00edticas                        <small><\/small>\n                    <\/a>\n                <\/li>\n                            <li>\n                    <a href=\"https:\/\/ww16.ce.gov.br\/metrofor\/projeto\/69140\/\">\n                        Regimentos                        <small><\/small>\n                    <\/a>\n                <\/li>\n                            <li>\n                    <a href=\"https:\/\/ww16.ce.gov.br\/metrofor\/projeto\/resolucoes\/\">\n                        Resolu\u00e7\u00f5es                        <small><\/small>\n                    <\/a>\n                <\/li>\n                            <li>\n                    <a href=\"https:\/\/ww16.ce.gov.br\/metrofor\/projeto\/concurso-publico-2022\/\">\n                        Concurso P\u00fablico 2022                        <small><\/small>\n                    <\/a>\n                <\/li>\n                            <li>\n                    <a href=\"https:\/\/ww16.ce.gov.br\/metrofor\/projeto\/demonstracoes-contabeis\/\">\n                        Demonstra\u00e7\u00f5es cont\u00e1beis                        <small><\/small>\n                    <\/a>\n                <\/li>\n                            <li>\n                    <a href=\"https:\/\/ww16.ce.gov.br\/metrofor\/projeto\/plano-de-negocio\/\">\n                        Plano de Neg\u00f3cio                        <small><\/small>\n                    <\/a>\n                <\/li>\n                            <li>\n                    <a href=\"https:\/\/ww16.ce.gov.br\/metrofor\/projeto\/editais\/\">\n                        Editais                        <small><\/small>\n                    <\/a>\n                <\/li>\n                    <\/ul>\n    <\/div>\n<\/div>\n\n<p>&nbsp;<\/p>\n","protected":false},"excerpt":{"rendered":"<p>&nbsp;<\/p>\n","protected":false},"author":119,"featured_media":0,"parent":0,"menu_order":0,"comment_status":"closed","ping_status":"closed","template":"","meta":{"_acf_changed":false,"inline_featured_image":false,"footnotes":""},"class_list":["post-69107","page","type-page","status-publish","hentry"],"acf":[],"yoast_head":"<!-- This site is optimized with the Yoast SEO plugin v26.9 - https:\/\/yoast.com\/product\/yoast-seo-wordpress\/ -->\n<title>Governan\u00e7a Corporativa - METROFOR<\/title>\n<meta name=\"robots\" content=\"index, follow, max-snippet:-1, max-image-preview:large, max-video-preview:-1\" \/>\n<link rel=\"canonical\" href=\"https:\/\/ww16.ce.gov.br\/metrofor\/governanca-corporativa\/\" \/>\n<meta property=\"og:locale\" content=\"pt_BR\" \/>\n<meta property=\"og:type\" content=\"article\" \/>\n<meta property=\"og:title\" content=\"Governan\u00e7a Corporativa - METROFOR\" \/>\n<meta property=\"og:description\" content=\"&nbsp;\" \/>\n<meta property=\"og:url\" content=\"https:\/\/ww16.ce.gov.br\/metrofor\/governanca-corporativa\/\" \/>\n<meta property=\"og:site_name\" content=\"METROFOR\" \/>\n<meta property=\"article:modified_time\" content=\"2025-01-23T13:04:22+00:00\" \/>\n<meta name=\"twitter:card\" content=\"summary_large_image\" \/>\n<meta name=\"twitter:label1\" content=\"Est. reading time\" \/>\n\t<meta name=\"twitter:data1\" content=\"1 minuto\" \/>\n<script type=\"application\/ld+json\" class=\"yoast-schema-graph\">{\"@context\":\"https:\/\/schema.org\",\"@graph\":[{\"@type\":\"WebPage\",\"@id\":\"https:\/\/ww16.ce.gov.br\/metrofor\/governanca-corporativa\/\",\"url\":\"https:\/\/ww16.ce.gov.br\/metrofor\/governanca-corporativa\/\",\"name\":\"Governan\u00e7a Corporativa - METROFOR\",\"isPartOf\":{\"@id\":\"https:\/\/ww16.ce.gov.br\/metrofor\/#website\"},\"datePublished\":\"2020-01-10T18:26:03+00:00\",\"dateModified\":\"2025-01-23T13:04:22+00:00\",\"breadcrumb\":{\"@id\":\"https:\/\/ww16.ce.gov.br\/metrofor\/governanca-corporativa\/#breadcrumb\"},\"inLanguage\":\"pt-BR\",\"potentialAction\":[{\"@type\":\"ReadAction\",\"target\":[\"https:\/\/ww16.ce.gov.br\/metrofor\/governanca-corporativa\/\"]}]},{\"@type\":\"BreadcrumbList\",\"@id\":\"https:\/\/ww16.ce.gov.br\/metrofor\/governanca-corporativa\/#breadcrumb\",\"itemListElement\":[{\"@type\":\"ListItem\",\"position\":1,\"name\":\"In\u00edcio\",\"item\":\"https:\/\/ww16.ce.gov.br\/metrofor\/\"},{\"@type\":\"ListItem\",\"position\":2,\"name\":\"Governan\u00e7a Corporativa\"}]},{\"@type\":\"WebSite\",\"@id\":\"https:\/\/ww16.ce.gov.br\/metrofor\/#website\",\"url\":\"https:\/\/ww16.ce.gov.br\/metrofor\/\",\"name\":\"Metr\u00f4 de Fortaleza\",\"description\":\"Portal METROFOR\",\"publisher\":{\"@id\":\"https:\/\/ww16.ce.gov.br\/metrofor\/#organization\"},\"potentialAction\":[{\"@type\":\"SearchAction\",\"target\":{\"@type\":\"EntryPoint\",\"urlTemplate\":\"https:\/\/ww16.ce.gov.br\/metrofor\/?s={search_term_string}\"},\"query-input\":{\"@type\":\"PropertyValueSpecification\",\"valueRequired\":true,\"valueName\":\"search_term_string\"}}],\"inLanguage\":\"pt-BR\"},{\"@type\":\"Organization\",\"@id\":\"https:\/\/ww16.ce.gov.br\/metrofor\/#organization\",\"name\":\"Metr\u00f4 de Fortaleza\",\"url\":\"https:\/\/ww16.ce.gov.br\/metrofor\/\",\"logo\":{\"@type\":\"ImageObject\",\"inLanguage\":\"pt-BR\",\"@id\":\"https:\/\/ww16.ce.gov.br\/metrofor\/#\/schema\/logo\/image\/\",\"url\":\"http:\/\/ww16.ce.gov.br\/metrofor\/wp-content\/uploads\/sites\/32\/2018\/01\/METROFOR-SEINFRAclara.png\",\"contentUrl\":\"http:\/\/ww16.ce.gov.br\/metrofor\/wp-content\/uploads\/sites\/32\/2018\/01\/METROFOR-SEINFRAclara.png\",\"width\":559,\"height\":106,\"caption\":\"Metr\u00f4 de Fortaleza\"},\"image\":{\"@id\":\"https:\/\/ww16.ce.gov.br\/metrofor\/#\/schema\/logo\/image\/\"}}]}<\/script>\n<!-- \/ Yoast SEO plugin. -->","yoast_head_json":{"title":"Governan\u00e7a Corporativa - METROFOR","robots":{"index":"index","follow":"follow","max-snippet":"max-snippet:-1","max-image-preview":"max-image-preview:large","max-video-preview":"max-video-preview:-1"},"canonical":"https:\/\/ww16.ce.gov.br\/metrofor\/governanca-corporativa\/","og_locale":"pt_BR","og_type":"article","og_title":"Governan\u00e7a Corporativa - METROFOR","og_description":"&nbsp;","og_url":"https:\/\/ww16.ce.gov.br\/metrofor\/governanca-corporativa\/","og_site_name":"METROFOR","article_modified_time":"2025-01-23T13:04:22+00:00","twitter_card":"summary_large_image","twitter_misc":{"Est. reading time":"1 minuto"},"schema":{"@context":"https:\/\/schema.org","@graph":[{"@type":"WebPage","@id":"https:\/\/ww16.ce.gov.br\/metrofor\/governanca-corporativa\/","url":"https:\/\/ww16.ce.gov.br\/metrofor\/governanca-corporativa\/","name":"Governan\u00e7a Corporativa - METROFOR","isPartOf":{"@id":"https:\/\/ww16.ce.gov.br\/metrofor\/#website"},"datePublished":"2020-01-10T18:26:03+00:00","dateModified":"2025-01-23T13:04:22+00:00","breadcrumb":{"@id":"https:\/\/ww16.ce.gov.br\/metrofor\/governanca-corporativa\/#breadcrumb"},"inLanguage":"pt-BR","potentialAction":[{"@type":"ReadAction","target":["https:\/\/ww16.ce.gov.br\/metrofor\/governanca-corporativa\/"]}]},{"@type":"BreadcrumbList","@id":"https:\/\/ww16.ce.gov.br\/metrofor\/governanca-corporativa\/#breadcrumb","itemListElement":[{"@type":"ListItem","position":1,"name":"In\u00edcio","item":"https:\/\/ww16.ce.gov.br\/metrofor\/"},{"@type":"ListItem","position":2,"name":"Governan\u00e7a Corporativa"}]},{"@type":"WebSite","@id":"https:\/\/ww16.ce.gov.br\/metrofor\/#website","url":"https:\/\/ww16.ce.gov.br\/metrofor\/","name":"Metr\u00f4 de Fortaleza","description":"Portal METROFOR","publisher":{"@id":"https:\/\/ww16.ce.gov.br\/metrofor\/#organization"},"potentialAction":[{"@type":"SearchAction","target":{"@type":"EntryPoint","urlTemplate":"https:\/\/ww16.ce.gov.br\/metrofor\/?s={search_term_string}"},"query-input":{"@type":"PropertyValueSpecification","valueRequired":true,"valueName":"search_term_string"}}],"inLanguage":"pt-BR"},{"@type":"Organization","@id":"https:\/\/ww16.ce.gov.br\/metrofor\/#organization","name":"Metr\u00f4 de Fortaleza","url":"https:\/\/ww16.ce.gov.br\/metrofor\/","logo":{"@type":"ImageObject","inLanguage":"pt-BR","@id":"https:\/\/ww16.ce.gov.br\/metrofor\/#\/schema\/logo\/image\/","url":"http:\/\/ww16.ce.gov.br\/metrofor\/wp-content\/uploads\/sites\/32\/2018\/01\/METROFOR-SEINFRAclara.png","contentUrl":"http:\/\/ww16.ce.gov.br\/metrofor\/wp-content\/uploads\/sites\/32\/2018\/01\/METROFOR-SEINFRAclara.png","width":559,"height":106,"caption":"Metr\u00f4 de Fortaleza"},"image":{"@id":"https:\/\/ww16.ce.gov.br\/metrofor\/#\/schema\/logo\/image\/"}}]}},"_links":{"self":[{"href":"https:\/\/ww16.ce.gov.br\/metrofor\/wp-json\/wp\/v2\/pages\/69107","targetHints":{"allow":["GET"]}}],"collection":[{"href":"https:\/\/ww16.ce.gov.br\/metrofor\/wp-json\/wp\/v2\/pages"}],"about":[{"href":"https:\/\/ww16.ce.gov.br\/metrofor\/wp-json\/wp\/v2\/types\/page"}],"author":[{"embeddable":true,"href":"https:\/\/ww16.ce.gov.br\/metrofor\/wp-json\/wp\/v2\/users\/119"}],"replies":[{"embeddable":true,"href":"https:\/\/ww16.ce.gov.br\/metrofor\/wp-json\/wp\/v2\/comments?post=69107"}],"version-history":[{"count":30,"href":"https:\/\/ww16.ce.gov.br\/metrofor\/wp-json\/wp\/v2\/pages\/69107\/revisions"}],"predecessor-version":[{"id":75314,"href":"https:\/\/ww16.ce.gov.br\/metrofor\/wp-json\/wp\/v2\/pages\/69107\/revisions\/75314"}],"wp:attachment":[{"href":"https:\/\/ww16.ce.gov.br\/metrofor\/wp-json\/wp\/v2\/media?parent=69107"}],"curies":[{"name":"wp","href":"https:\/\/api.w.org\/{rel}","templated":true}]}}