{"id":68993,"date":"2019-10-07T10:50:37","date_gmt":"2019-10-07T13:50:37","guid":{"rendered":"http:\/\/ww16.ce.gov.br\/metrofor\/?page_id=68993"},"modified":"2019-10-07T10:56:13","modified_gmt":"2019-10-07T13:56:13","slug":"sobral-2019","status":"publish","type":"page","link":"https:\/\/ww16.ce.gov.br\/metrofor\/selecoes-publicas-temporarias\/sobral-2019\/","title":{"rendered":"Sobral 2019"},"content":{"rendered":"<p>&nbsp;<\/p>\n<h2><strong>Sele\u00e7\u00e3o P\u00fablica Tempor\u00e1ria para o VLT de Sobral<\/strong><\/h2>\n<p>&nbsp;<\/p>\n<p>Est\u00e3o abertas de 14 a 25 de outubro as inscri\u00e7\u00f5es para sele\u00e7\u00e3o p\u00fablica tempor\u00e1ria do VLT de Sobral, que contratar\u00e1 22 pessoas em vagas de condutores, agentes de esta\u00e7\u00e3o, manobradores de trem e assistentes controladores de movimento. Os interessados devem ler atentamente o edital e o calend\u00e1rio detalhado da Sele\u00e7\u00e3o P\u00fablica Tempor\u00e1ria.<\/p>\n<p>&nbsp;<\/p>\n<p><a href=\"https:\/\/ww16.ce.gov.br\/metrofor\/wp-content\/uploads\/sites\/75\/2019\/10\/Calend\u00e1rio-de-Execu\u00e7\u00e3o-de-Sele\u00e7\u00e3o-P\u00fablica-Tempor\u00e1ria-METROFOR-refeito-em-30092019-2.pdf\">Download: Calend\u00e1rio de Execu\u00e7\u00e3o de Sele\u00e7\u00e3o P\u00fablica Tempor\u00e1ria METROFOR<\/a><\/p>\n<p><a href=\"https:\/\/ww16.ce.gov.br\/metrofor\/wp-content\/uploads\/sites\/75\/2019\/10\/Edital-03.2019-Metr\u00f4-de-Sobral.pdf\">Download: Edital 03.2019 Metr\u00f4 de Sobral<\/a><\/p>\n<p>&nbsp;<\/p>\n","protected":false},"excerpt":{"rendered":"<p>&nbsp; Sele\u00e7\u00e3o P\u00fablica Tempor\u00e1ria para o VLT de Sobral &nbsp; Est\u00e3o abertas de 14 a 25 de outubro as inscri\u00e7\u00f5es para sele\u00e7\u00e3o p\u00fablica tempor\u00e1ria do VLT de Sobral, que contratar\u00e1 22 pessoas em vagas de condutores, agentes de esta\u00e7\u00e3o, manobradores de trem e assistentes controladores de movimento. Os interessados devem ler atentamente o edital e [&hellip;]<\/p>\n","protected":false},"author":119,"featured_media":0,"parent":68991,"menu_order":0,"comment_status":"closed","ping_status":"closed","template":"pagina-lista-filhas.php","meta":{"_acf_changed":false,"inline_featured_image":false,"footnotes":""},"class_list":["post-68993","page","type-page","status-publish","hentry"],"acf":[],"yoast_head":"<!-- This site is optimized with the Yoast SEO plugin v26.9 - https:\/\/yoast.com\/product\/yoast-seo-wordpress\/ -->\n<title>Sobral 2019 - METROFOR<\/title>\n<meta name=\"robots\" content=\"index, follow, max-snippet:-1, max-image-preview:large, max-video-preview:-1\" \/>\n<link rel=\"canonical\" href=\"https:\/\/ww16.ce.gov.br\/metrofor\/selecoes-publicas-temporarias\/sobral-2019\/\" \/>\n<meta property=\"og:locale\" content=\"pt_BR\" \/>\n<meta property=\"og:type\" content=\"article\" \/>\n<meta property=\"og:title\" content=\"Sobral 2019 - METROFOR\" \/>\n<meta property=\"og:description\" content=\"&nbsp; Sele\u00e7\u00e3o P\u00fablica Tempor\u00e1ria para o VLT de Sobral &nbsp; Est\u00e3o abertas de 14 a 25 de outubro as inscri\u00e7\u00f5es para sele\u00e7\u00e3o p\u00fablica tempor\u00e1ria do VLT de Sobral, que contratar\u00e1 22 pessoas em vagas de condutores, agentes de esta\u00e7\u00e3o, manobradores de trem e assistentes controladores de movimento. Os interessados devem ler atentamente o edital e [&hellip;]\" \/>\n<meta property=\"og:url\" content=\"https:\/\/ww16.ce.gov.br\/metrofor\/selecoes-publicas-temporarias\/sobral-2019\/\" \/>\n<meta property=\"og:site_name\" content=\"METROFOR\" \/>\n<meta property=\"article:modified_time\" content=\"2019-10-07T13:56:13+00:00\" \/>\n<meta name=\"twitter:card\" content=\"summary_large_image\" \/>\n<script type=\"application\/ld+json\" class=\"yoast-schema-graph\">{\"@context\":\"https:\/\/schema.org\",\"@graph\":[{\"@type\":\"WebPage\",\"@id\":\"https:\/\/ww16.ce.gov.br\/metrofor\/selecoes-publicas-temporarias\/sobral-2019\/\",\"url\":\"https:\/\/ww16.ce.gov.br\/metrofor\/selecoes-publicas-temporarias\/sobral-2019\/\",\"name\":\"Sobral 2019 - METROFOR\",\"isPartOf\":{\"@id\":\"https:\/\/ww16.ce.gov.br\/metrofor\/#website\"},\"datePublished\":\"2019-10-07T13:50:37+00:00\",\"dateModified\":\"2019-10-07T13:56:13+00:00\",\"breadcrumb\":{\"@id\":\"https:\/\/ww16.ce.gov.br\/metrofor\/selecoes-publicas-temporarias\/sobral-2019\/#breadcrumb\"},\"inLanguage\":\"pt-BR\",\"potentialAction\":[{\"@type\":\"ReadAction\",\"target\":[\"https:\/\/ww16.ce.gov.br\/metrofor\/selecoes-publicas-temporarias\/sobral-2019\/\"]}]},{\"@type\":\"BreadcrumbList\",\"@id\":\"https:\/\/ww16.ce.gov.br\/metrofor\/selecoes-publicas-temporarias\/sobral-2019\/#breadcrumb\",\"itemListElement\":[{\"@type\":\"ListItem\",\"position\":1,\"name\":\"In\u00edcio\",\"item\":\"https:\/\/ww16.ce.gov.br\/metrofor\/\"},{\"@type\":\"ListItem\",\"position\":2,\"name\":\"Sele\u00e7\u00f5es P\u00fablicas Tempor\u00e1rias\",\"item\":\"https:\/\/ww16.ce.gov.br\/metrofor\/selecoes-publicas-temporarias\/\"},{\"@type\":\"ListItem\",\"position\":3,\"name\":\"Sobral 2019\"}]},{\"@type\":\"WebSite\",\"@id\":\"https:\/\/ww16.ce.gov.br\/metrofor\/#website\",\"url\":\"https:\/\/ww16.ce.gov.br\/metrofor\/\",\"name\":\"Metr\u00f4 de Fortaleza\",\"description\":\"Portal METROFOR\",\"publisher\":{\"@id\":\"https:\/\/ww16.ce.gov.br\/metrofor\/#organization\"},\"potentialAction\":[{\"@type\":\"SearchAction\",\"target\":{\"@type\":\"EntryPoint\",\"urlTemplate\":\"https:\/\/ww16.ce.gov.br\/metrofor\/?s={search_term_string}\"},\"query-input\":{\"@type\":\"PropertyValueSpecification\",\"valueRequired\":true,\"valueName\":\"search_term_string\"}}],\"inLanguage\":\"pt-BR\"},{\"@type\":\"Organization\",\"@id\":\"https:\/\/ww16.ce.gov.br\/metrofor\/#organization\",\"name\":\"Metr\u00f4 de Fortaleza\",\"url\":\"https:\/\/ww16.ce.gov.br\/metrofor\/\",\"logo\":{\"@type\":\"ImageObject\",\"inLanguage\":\"pt-BR\",\"@id\":\"https:\/\/ww16.ce.gov.br\/metrofor\/#\/schema\/logo\/image\/\",\"url\":\"http:\/\/ww16.ce.gov.br\/metrofor\/wp-content\/uploads\/sites\/32\/2018\/01\/METROFOR-SEINFRAclara.png\",\"contentUrl\":\"http:\/\/ww16.ce.gov.br\/metrofor\/wp-content\/uploads\/sites\/32\/2018\/01\/METROFOR-SEINFRAclara.png\",\"width\":559,\"height\":106,\"caption\":\"Metr\u00f4 de Fortaleza\"},\"image\":{\"@id\":\"https:\/\/ww16.ce.gov.br\/metrofor\/#\/schema\/logo\/image\/\"}}]}<\/script>\n<!-- \/ Yoast SEO plugin. -->","yoast_head_json":{"title":"Sobral 2019 - METROFOR","robots":{"index":"index","follow":"follow","max-snippet":"max-snippet:-1","max-image-preview":"max-image-preview:large","max-video-preview":"max-video-preview:-1"},"canonical":"https:\/\/ww16.ce.gov.br\/metrofor\/selecoes-publicas-temporarias\/sobral-2019\/","og_locale":"pt_BR","og_type":"article","og_title":"Sobral 2019 - METROFOR","og_description":"&nbsp; Sele\u00e7\u00e3o P\u00fablica Tempor\u00e1ria para o VLT de Sobral &nbsp; Est\u00e3o abertas de 14 a 25 de outubro as inscri\u00e7\u00f5es para sele\u00e7\u00e3o p\u00fablica tempor\u00e1ria do VLT de Sobral, que contratar\u00e1 22 pessoas em vagas de condutores, agentes de esta\u00e7\u00e3o, manobradores de trem e assistentes controladores de movimento. Os interessados devem ler atentamente o edital e [&hellip;]","og_url":"https:\/\/ww16.ce.gov.br\/metrofor\/selecoes-publicas-temporarias\/sobral-2019\/","og_site_name":"METROFOR","article_modified_time":"2019-10-07T13:56:13+00:00","twitter_card":"summary_large_image","schema":{"@context":"https:\/\/schema.org","@graph":[{"@type":"WebPage","@id":"https:\/\/ww16.ce.gov.br\/metrofor\/selecoes-publicas-temporarias\/sobral-2019\/","url":"https:\/\/ww16.ce.gov.br\/metrofor\/selecoes-publicas-temporarias\/sobral-2019\/","name":"Sobral 2019 - METROFOR","isPartOf":{"@id":"https:\/\/ww16.ce.gov.br\/metrofor\/#website"},"datePublished":"2019-10-07T13:50:37+00:00","dateModified":"2019-10-07T13:56:13+00:00","breadcrumb":{"@id":"https:\/\/ww16.ce.gov.br\/metrofor\/selecoes-publicas-temporarias\/sobral-2019\/#breadcrumb"},"inLanguage":"pt-BR","potentialAction":[{"@type":"ReadAction","target":["https:\/\/ww16.ce.gov.br\/metrofor\/selecoes-publicas-temporarias\/sobral-2019\/"]}]},{"@type":"BreadcrumbList","@id":"https:\/\/ww16.ce.gov.br\/metrofor\/selecoes-publicas-temporarias\/sobral-2019\/#breadcrumb","itemListElement":[{"@type":"ListItem","position":1,"name":"In\u00edcio","item":"https:\/\/ww16.ce.gov.br\/metrofor\/"},{"@type":"ListItem","position":2,"name":"Sele\u00e7\u00f5es P\u00fablicas Tempor\u00e1rias","item":"https:\/\/ww16.ce.gov.br\/metrofor\/selecoes-publicas-temporarias\/"},{"@type":"ListItem","position":3,"name":"Sobral 2019"}]},{"@type":"WebSite","@id":"https:\/\/ww16.ce.gov.br\/metrofor\/#website","url":"https:\/\/ww16.ce.gov.br\/metrofor\/","name":"Metr\u00f4 de Fortaleza","description":"Portal METROFOR","publisher":{"@id":"https:\/\/ww16.ce.gov.br\/metrofor\/#organization"},"potentialAction":[{"@type":"SearchAction","target":{"@type":"EntryPoint","urlTemplate":"https:\/\/ww16.ce.gov.br\/metrofor\/?s={search_term_string}"},"query-input":{"@type":"PropertyValueSpecification","valueRequired":true,"valueName":"search_term_string"}}],"inLanguage":"pt-BR"},{"@type":"Organization","@id":"https:\/\/ww16.ce.gov.br\/metrofor\/#organization","name":"Metr\u00f4 de Fortaleza","url":"https:\/\/ww16.ce.gov.br\/metrofor\/","logo":{"@type":"ImageObject","inLanguage":"pt-BR","@id":"https:\/\/ww16.ce.gov.br\/metrofor\/#\/schema\/logo\/image\/","url":"http:\/\/ww16.ce.gov.br\/metrofor\/wp-content\/uploads\/sites\/32\/2018\/01\/METROFOR-SEINFRAclara.png","contentUrl":"http:\/\/ww16.ce.gov.br\/metrofor\/wp-content\/uploads\/sites\/32\/2018\/01\/METROFOR-SEINFRAclara.png","width":559,"height":106,"caption":"Metr\u00f4 de Fortaleza"},"image":{"@id":"https:\/\/ww16.ce.gov.br\/metrofor\/#\/schema\/logo\/image\/"}}]}},"_links":{"self":[{"href":"https:\/\/ww16.ce.gov.br\/metrofor\/wp-json\/wp\/v2\/pages\/68993","targetHints":{"allow":["GET"]}}],"collection":[{"href":"https:\/\/ww16.ce.gov.br\/metrofor\/wp-json\/wp\/v2\/pages"}],"about":[{"href":"https:\/\/ww16.ce.gov.br\/metrofor\/wp-json\/wp\/v2\/types\/page"}],"author":[{"embeddable":true,"href":"https:\/\/ww16.ce.gov.br\/metrofor\/wp-json\/wp\/v2\/users\/119"}],"replies":[{"embeddable":true,"href":"https:\/\/ww16.ce.gov.br\/metrofor\/wp-json\/wp\/v2\/comments?post=68993"}],"version-history":[{"count":7,"href":"https:\/\/ww16.ce.gov.br\/metrofor\/wp-json\/wp\/v2\/pages\/68993\/revisions"}],"predecessor-version":[{"id":69000,"href":"https:\/\/ww16.ce.gov.br\/metrofor\/wp-json\/wp\/v2\/pages\/68993\/revisions\/69000"}],"up":[{"embeddable":true,"href":"https:\/\/ww16.ce.gov.br\/metrofor\/wp-json\/wp\/v2\/pages\/68991"}],"wp:attachment":[{"href":"https:\/\/ww16.ce.gov.br\/metrofor\/wp-json\/wp\/v2\/media?parent=68993"}],"curies":[{"name":"wp","href":"https:\/\/api.w.org\/{rel}","templated":true}]}}