{"id":68603,"date":"2019-05-17T17:45:24","date_gmt":"2019-05-17T20:45:24","guid":{"rendered":"http:\/\/ww16.ce.gov.br\/metrofor\/?page_id=68603"},"modified":"2026-02-27T11:30:58","modified_gmt":"2026-02-27T14:30:58","slug":"apresentacao-midia-kit-e-tabela-de-precos","status":"publish","type":"page","link":"https:\/\/ww16.ce.gov.br\/metrofor\/apresentacao-midia-kit-e-tabela-de-precos\/","title":{"rendered":"Apresenta\u00e7\u00e3o, M\u00eddia Kit e Tabela de Pre\u00e7os"},"content":{"rendered":"<div class=\"ckc-card-mer-front\">\n    <div class=\"ckc-card-mer-container\">\n                \n        \n                    <div class=\"ckc-card-mer-folders\">\n                                    <div class=\"ckc-mer-folder-item\" data-folder-id=\"1772201803044\">\n                        <button class=\"ckc-mer-folder-toggle\" type=\"button\" aria-expanded=\"false\">\n                            <span class=\"ckc-mer-toggle-icon material-symbols-outlined\">chevron_right<\/span>\n                            <span class=\"ckc-mer-folder-icon material-symbols-outlined\">folder_open<\/span>\n                            <span class=\"ckc-mer-folder-name\">\n                                M\u00eddia Kit                            <\/span>\n                        <\/button>\n\n                        <div class=\"ckc-mer-folder-content\">\n                                                                <div class=\"ckc-mer-subfolder-item\" data-subfolder-id=\"1772201857436\">\n                                        <button class=\"ckc-mer-subfolder-toggle\" type=\"button\" aria-expanded=\"false\">\n                                            <span class=\"ckc-mer-toggle-icon material-symbols-outlined\">chevron_right<\/span>\n                                            <span class=\"ckc-mer-folder-icon material-symbols-outlined\">folder_open<\/span>\n                                            <span class=\"ckc-mer-subfolder-name\">\n                                                M\u00eddia Kit Fortaleza                                            <\/span>\n                                        <\/button>\n\n                                        <div class=\"ckc-mer-subfolder-content\">\n                                                                                                <div class=\"ckc-mer-file-item\">\n                                                        <a href=\"https:\/\/ww16.ce.gov.br\/metrofor\/wp-content\/uploads\/sites\/75\/2026\/01\/midiakit-1.pdf\" target=\"_blank\" rel=\"noopener noreferrer\" title=\"midiakit-- (1)\">\n                                                            <span class=\"ckc-mer-file-icon material-symbols-outlined\">article<\/span>\n                                                            <span class=\"ckc-mer-file-name\">midiakit&#8211; (1)<\/span>\n                                                        <\/a>\n                                                    <\/div>\n                                                                                            <\/div>\n                                    <\/div>\n                                                                        <div class=\"ckc-mer-subfolder-item\" data-subfolder-id=\"1772201875004\">\n                                        <button class=\"ckc-mer-subfolder-toggle\" type=\"button\" aria-expanded=\"false\">\n                                            <span class=\"ckc-mer-toggle-icon material-symbols-outlined\">chevron_right<\/span>\n                                            <span class=\"ckc-mer-folder-icon material-symbols-outlined\">folder_open<\/span>\n                                            <span class=\"ckc-mer-subfolder-name\">\n                                                M\u00eddia Kit Sobral                                            <\/span>\n                                        <\/button>\n\n                                        <div class=\"ckc-mer-subfolder-content\">\n                                                                                                <div class=\"ckc-mer-file-item\">\n                                                        <a href=\"https:\/\/ww16.ce.gov.br\/metrofor\/wp-content\/uploads\/sites\/75\/2019\/09\/MIDIAKIT_2022_SOBRAL.pdf\" target=\"_blank\" rel=\"noopener noreferrer\" title=\"MIDIAKIT_2022_SOBRAL\">\n                                                            <span class=\"ckc-mer-file-icon material-symbols-outlined\">article<\/span>\n                                                            <span class=\"ckc-mer-file-name\">MIDIAKIT_2022_SOBRAL<\/span>\n                                                        <\/a>\n                                                    <\/div>\n                                                                                            <\/div>\n                                    <\/div>\n                                                            <\/div>\n                    <\/div>\n                                    <div class=\"ckc-mer-folder-item\" data-folder-id=\"1772202104912\">\n                        <button class=\"ckc-mer-folder-toggle\" type=\"button\" aria-expanded=\"false\">\n                            <span class=\"ckc-mer-toggle-icon material-symbols-outlined\">chevron_right<\/span>\n                            <span class=\"ckc-mer-folder-icon material-symbols-outlined\">folder_open<\/span>\n                            <span class=\"ckc-mer-folder-name\">\n                                Empresas credenciadas                            <\/span>\n                        <\/button>\n\n                        <div class=\"ckc-mer-folder-content\">\n                                                                <div class=\"ckc-mer-file-item\">\n                                        <a href=\"https:\/\/ww16.ce.gov.br\/metrofor\/wp-content\/uploads\/sites\/75\/2021\/08\/opnCredenciado.pdf\" target=\"_blank\" rel=\"noopener noreferrer\" title=\"opnCredenciado\">\n                                            <span class=\"ckc-mer-file-icon material-symbols-outlined\">article<\/span>\n                                            <span class=\"ckc-mer-file-name\">opnCredenciado<\/span>\n                                        <\/a>\n                                    <\/div>\n                                                            <\/div>\n                    <\/div>\n                                    <div class=\"ckc-mer-folder-item\" data-folder-id=\"1772202214436\">\n                        <button class=\"ckc-mer-folder-toggle\" type=\"button\" aria-expanded=\"false\">\n                            <span class=\"ckc-mer-toggle-icon material-symbols-outlined\">chevron_right<\/span>\n                            <span class=\"ckc-mer-folder-icon material-symbols-outlined\">folder_open<\/span>\n                            <span class=\"ckc-mer-folder-name\">\n                                Portf\u00f3lio de Neg\u00f3cios                            <\/span>\n                        <\/button>\n\n                        <div class=\"ckc-mer-folder-content\">\n                                                                <div class=\"ckc-mer-file-item\">\n                                        <a href=\"https:\/\/ww16.ce.gov.br\/metrofor\/wp-content\/uploads\/sites\/75\/2025\/10\/PORTFOLIO-DE-NEGOCIOS_2025.pdf\" target=\"_blank\" rel=\"noopener noreferrer\" title=\"PORTF\u00d3LIO DE NEG\u00d3CIOS_2025\">\n                                            <span class=\"ckc-mer-file-icon material-symbols-outlined\">article<\/span>\n                                            <span class=\"ckc-mer-file-name\">PORTF\u00d3LIO DE NEG\u00d3CIOS_2025<\/span>\n                                        <\/a>\n                                    <\/div>\n                                                            <\/div>\n                    <\/div>\n                                    <div class=\"ckc-mer-folder-item\" data-folder-id=\"1772202245348\">\n                        <button class=\"ckc-mer-folder-toggle\" type=\"button\" aria-expanded=\"false\">\n                            <span class=\"ckc-mer-toggle-icon material-symbols-outlined\">chevron_right<\/span>\n                            <span class=\"ckc-mer-folder-icon material-symbols-outlined\">folder_open<\/span>\n                            <span class=\"ckc-mer-folder-name\">\n                                Tabela de Pre\u00e7os                            <\/span>\n                        <\/button>\n\n                        <div class=\"ckc-mer-folder-content\">\n                                                                <div class=\"ckc-mer-subfolder-item\" data-subfolder-id=\"1772202284508\">\n                                        <button class=\"ckc-mer-subfolder-toggle\" type=\"button\" aria-expanded=\"false\">\n                                            <span class=\"ckc-mer-toggle-icon material-symbols-outlined\">chevron_right<\/span>\n                                            <span class=\"ckc-mer-folder-icon material-symbols-outlined\">folder_open<\/span>\n                                            <span class=\"ckc-mer-subfolder-name\">\n                                                Linha Oeste e Nordeste                                            <\/span>\n                                        <\/button>\n\n                                        <div class=\"ckc-mer-subfolder-content\">\n                                                                                                <div class=\"ckc-mer-file-item\">\n                                                        <a href=\"https:\/\/ww16.ce.gov.br\/metrofor\/wp-content\/uploads\/sites\/75\/2025\/07\/2025_TABELA_NORDESTE-OESTE_NEGOCIOS_atualizada.pdf\" target=\"_blank\" rel=\"noopener noreferrer\" title=\"2025_TABELA_NORDESTE-OESTE_NEGOCIOS_atualizada\">\n                                                            <span class=\"ckc-mer-file-icon material-symbols-outlined\">article<\/span>\n                                                            <span class=\"ckc-mer-file-name\">2025_TABELA_NORDESTE-OESTE_NEGOCIOS_atualizada<\/span>\n                                                        <\/a>\n                                                    <\/div>\n                                                                                            <\/div>\n                                    <\/div>\n                                                                        <div class=\"ckc-mer-subfolder-item\" data-subfolder-id=\"1772202335605\">\n                                        <button class=\"ckc-mer-subfolder-toggle\" type=\"button\" aria-expanded=\"false\">\n                                            <span class=\"ckc-mer-toggle-icon material-symbols-outlined\">chevron_right<\/span>\n                                            <span class=\"ckc-mer-folder-icon material-symbols-outlined\">folder_open<\/span>\n                                            <span class=\"ckc-mer-subfolder-name\">\n                                                Linha Sul                                            <\/span>\n                                        <\/button>\n\n                                        <div class=\"ckc-mer-subfolder-content\">\n                                                                                                <div class=\"ckc-mer-file-item\">\n                                                        <a href=\"https:\/\/ww16.ce.gov.br\/metrofor\/wp-content\/uploads\/sites\/75\/2025\/07\/2025_TABELA_SUL_NEGOCIOS.pdf\" target=\"_blank\" rel=\"noopener noreferrer\" title=\"2025_TABELA_SUL_NEGOCIOS\">\n                                                            <span class=\"ckc-mer-file-icon material-symbols-outlined\">article<\/span>\n                                                            <span class=\"ckc-mer-file-name\">2025_TABELA_SUL_NEGOCIOS<\/span>\n                                                        <\/a>\n                                                    <\/div>\n                                                                                            <\/div>\n                                    <\/div>\n                                                                        <div class=\"ckc-mer-subfolder-item\" data-subfolder-id=\"1772202369172\">\n                                        <button class=\"ckc-mer-subfolder-toggle\" type=\"button\" aria-expanded=\"false\">\n                                            <span class=\"ckc-mer-toggle-icon material-symbols-outlined\">chevron_right<\/span>\n                                            <span class=\"ckc-mer-folder-icon material-symbols-outlined\">folder_open<\/span>\n                                            <span class=\"ckc-mer-subfolder-name\">\n                                                VLT de Sobral e VLT do Cariri                                            <\/span>\n                                        <\/button>\n\n                                        <div class=\"ckc-mer-subfolder-content\">\n                                                                                                <div class=\"ckc-mer-file-item\">\n                                                        <a href=\"https:\/\/ww16.ce.gov.br\/metrofor\/wp-content\/uploads\/sites\/75\/2025\/07\/2025_TABELA_SOBRAL-CARIRI_NEGOCIOS.pdf\" target=\"_blank\" rel=\"noopener noreferrer\" title=\"2025_TABELA_SOBRAL-CARIRI_NEGOCIOS\">\n                                                            <span class=\"ckc-mer-file-icon material-symbols-outlined\">article<\/span>\n                                                            <span class=\"ckc-mer-file-name\">2025_TABELA_SOBRAL-CARIRI_NEGOCIOS<\/span>\n                                                        <\/a>\n                                                    <\/div>\n                                                                                            <\/div>\n                                    <\/div>\n                                                            <\/div>\n                    <\/div>\n                            <\/div>\n            <\/div>\n<\/div>\n","protected":false},"excerpt":{"rendered":"","protected":false},"author":119,"featured_media":0,"parent":0,"menu_order":0,"comment_status":"closed","ping_status":"closed","template":"page-download.php","meta":{"_acf_changed":false,"inline_featured_image":false,"footnotes":""},"class_list":["post-68603","page","type-page","status-publish","hentry"],"acf":[],"yoast_head":"<!-- This site is optimized with the Yoast SEO plugin v26.9 - https:\/\/yoast.com\/product\/yoast-seo-wordpress\/ -->\n<title>Apresenta\u00e7\u00e3o, M\u00eddia Kit e Tabela de Pre\u00e7os - METROFOR<\/title>\n<meta name=\"robots\" content=\"index, follow, max-snippet:-1, max-image-preview:large, max-video-preview:-1\" \/>\n<link rel=\"canonical\" href=\"https:\/\/ww16.ce.gov.br\/metrofor\/apresentacao-midia-kit-e-tabela-de-precos\/\" \/>\n<meta property=\"og:locale\" content=\"pt_BR\" \/>\n<meta property=\"og:type\" content=\"article\" \/>\n<meta property=\"og:title\" content=\"Apresenta\u00e7\u00e3o, M\u00eddia Kit e Tabela de Pre\u00e7os - METROFOR\" \/>\n<meta property=\"og:url\" content=\"https:\/\/ww16.ce.gov.br\/metrofor\/apresentacao-midia-kit-e-tabela-de-precos\/\" \/>\n<meta property=\"og:site_name\" content=\"METROFOR\" \/>\n<meta property=\"article:modified_time\" content=\"2026-02-27T14:30:58+00:00\" \/>\n<meta name=\"twitter:card\" content=\"summary_large_image\" \/>\n<script type=\"application\/ld+json\" class=\"yoast-schema-graph\">{\"@context\":\"https:\/\/schema.org\",\"@graph\":[{\"@type\":\"WebPage\",\"@id\":\"https:\/\/ww16.ce.gov.br\/metrofor\/apresentacao-midia-kit-e-tabela-de-precos\/\",\"url\":\"https:\/\/ww16.ce.gov.br\/metrofor\/apresentacao-midia-kit-e-tabela-de-precos\/\",\"name\":\"Apresenta\u00e7\u00e3o, M\u00eddia Kit e Tabela de Pre\u00e7os - METROFOR\",\"isPartOf\":{\"@id\":\"https:\/\/ww16.ce.gov.br\/metrofor\/#website\"},\"datePublished\":\"2019-05-17T20:45:24+00:00\",\"dateModified\":\"2026-02-27T14:30:58+00:00\",\"breadcrumb\":{\"@id\":\"https:\/\/ww16.ce.gov.br\/metrofor\/apresentacao-midia-kit-e-tabela-de-precos\/#breadcrumb\"},\"inLanguage\":\"pt-BR\",\"potentialAction\":[{\"@type\":\"ReadAction\",\"target\":[\"https:\/\/ww16.ce.gov.br\/metrofor\/apresentacao-midia-kit-e-tabela-de-precos\/\"]}]},{\"@type\":\"BreadcrumbList\",\"@id\":\"https:\/\/ww16.ce.gov.br\/metrofor\/apresentacao-midia-kit-e-tabela-de-precos\/#breadcrumb\",\"itemListElement\":[{\"@type\":\"ListItem\",\"position\":1,\"name\":\"In\u00edcio\",\"item\":\"https:\/\/ww16.ce.gov.br\/metrofor\/\"},{\"@type\":\"ListItem\",\"position\":2,\"name\":\"Apresenta\u00e7\u00e3o, M\u00eddia Kit e Tabela de Pre\u00e7os\"}]},{\"@type\":\"WebSite\",\"@id\":\"https:\/\/ww16.ce.gov.br\/metrofor\/#website\",\"url\":\"https:\/\/ww16.ce.gov.br\/metrofor\/\",\"name\":\"Metr\u00f4 de Fortaleza\",\"description\":\"Portal METROFOR\",\"publisher\":{\"@id\":\"https:\/\/ww16.ce.gov.br\/metrofor\/#organization\"},\"potentialAction\":[{\"@type\":\"SearchAction\",\"target\":{\"@type\":\"EntryPoint\",\"urlTemplate\":\"https:\/\/ww16.ce.gov.br\/metrofor\/?s={search_term_string}\"},\"query-input\":{\"@type\":\"PropertyValueSpecification\",\"valueRequired\":true,\"valueName\":\"search_term_string\"}}],\"inLanguage\":\"pt-BR\"},{\"@type\":\"Organization\",\"@id\":\"https:\/\/ww16.ce.gov.br\/metrofor\/#organization\",\"name\":\"Metr\u00f4 de Fortaleza\",\"url\":\"https:\/\/ww16.ce.gov.br\/metrofor\/\",\"logo\":{\"@type\":\"ImageObject\",\"inLanguage\":\"pt-BR\",\"@id\":\"https:\/\/ww16.ce.gov.br\/metrofor\/#\/schema\/logo\/image\/\",\"url\":\"http:\/\/ww16.ce.gov.br\/metrofor\/wp-content\/uploads\/sites\/32\/2018\/01\/METROFOR-SEINFRAclara.png\",\"contentUrl\":\"http:\/\/ww16.ce.gov.br\/metrofor\/wp-content\/uploads\/sites\/32\/2018\/01\/METROFOR-SEINFRAclara.png\",\"width\":559,\"height\":106,\"caption\":\"Metr\u00f4 de Fortaleza\"},\"image\":{\"@id\":\"https:\/\/ww16.ce.gov.br\/metrofor\/#\/schema\/logo\/image\/\"}}]}<\/script>\n<!-- \/ Yoast SEO plugin. -->","yoast_head_json":{"title":"Apresenta\u00e7\u00e3o, M\u00eddia Kit e Tabela de Pre\u00e7os - METROFOR","robots":{"index":"index","follow":"follow","max-snippet":"max-snippet:-1","max-image-preview":"max-image-preview:large","max-video-preview":"max-video-preview:-1"},"canonical":"https:\/\/ww16.ce.gov.br\/metrofor\/apresentacao-midia-kit-e-tabela-de-precos\/","og_locale":"pt_BR","og_type":"article","og_title":"Apresenta\u00e7\u00e3o, M\u00eddia Kit e Tabela de Pre\u00e7os - METROFOR","og_url":"https:\/\/ww16.ce.gov.br\/metrofor\/apresentacao-midia-kit-e-tabela-de-precos\/","og_site_name":"METROFOR","article_modified_time":"2026-02-27T14:30:58+00:00","twitter_card":"summary_large_image","schema":{"@context":"https:\/\/schema.org","@graph":[{"@type":"WebPage","@id":"https:\/\/ww16.ce.gov.br\/metrofor\/apresentacao-midia-kit-e-tabela-de-precos\/","url":"https:\/\/ww16.ce.gov.br\/metrofor\/apresentacao-midia-kit-e-tabela-de-precos\/","name":"Apresenta\u00e7\u00e3o, M\u00eddia Kit e Tabela de Pre\u00e7os - METROFOR","isPartOf":{"@id":"https:\/\/ww16.ce.gov.br\/metrofor\/#website"},"datePublished":"2019-05-17T20:45:24+00:00","dateModified":"2026-02-27T14:30:58+00:00","breadcrumb":{"@id":"https:\/\/ww16.ce.gov.br\/metrofor\/apresentacao-midia-kit-e-tabela-de-precos\/#breadcrumb"},"inLanguage":"pt-BR","potentialAction":[{"@type":"ReadAction","target":["https:\/\/ww16.ce.gov.br\/metrofor\/apresentacao-midia-kit-e-tabela-de-precos\/"]}]},{"@type":"BreadcrumbList","@id":"https:\/\/ww16.ce.gov.br\/metrofor\/apresentacao-midia-kit-e-tabela-de-precos\/#breadcrumb","itemListElement":[{"@type":"ListItem","position":1,"name":"In\u00edcio","item":"https:\/\/ww16.ce.gov.br\/metrofor\/"},{"@type":"ListItem","position":2,"name":"Apresenta\u00e7\u00e3o, M\u00eddia Kit e Tabela de Pre\u00e7os"}]},{"@type":"WebSite","@id":"https:\/\/ww16.ce.gov.br\/metrofor\/#website","url":"https:\/\/ww16.ce.gov.br\/metrofor\/","name":"Metr\u00f4 de Fortaleza","description":"Portal METROFOR","publisher":{"@id":"https:\/\/ww16.ce.gov.br\/metrofor\/#organization"},"potentialAction":[{"@type":"SearchAction","target":{"@type":"EntryPoint","urlTemplate":"https:\/\/ww16.ce.gov.br\/metrofor\/?s={search_term_string}"},"query-input":{"@type":"PropertyValueSpecification","valueRequired":true,"valueName":"search_term_string"}}],"inLanguage":"pt-BR"},{"@type":"Organization","@id":"https:\/\/ww16.ce.gov.br\/metrofor\/#organization","name":"Metr\u00f4 de Fortaleza","url":"https:\/\/ww16.ce.gov.br\/metrofor\/","logo":{"@type":"ImageObject","inLanguage":"pt-BR","@id":"https:\/\/ww16.ce.gov.br\/metrofor\/#\/schema\/logo\/image\/","url":"http:\/\/ww16.ce.gov.br\/metrofor\/wp-content\/uploads\/sites\/32\/2018\/01\/METROFOR-SEINFRAclara.png","contentUrl":"http:\/\/ww16.ce.gov.br\/metrofor\/wp-content\/uploads\/sites\/32\/2018\/01\/METROFOR-SEINFRAclara.png","width":559,"height":106,"caption":"Metr\u00f4 de Fortaleza"},"image":{"@id":"https:\/\/ww16.ce.gov.br\/metrofor\/#\/schema\/logo\/image\/"}}]}},"_links":{"self":[{"href":"https:\/\/ww16.ce.gov.br\/metrofor\/wp-json\/wp\/v2\/pages\/68603","targetHints":{"allow":["GET"]}}],"collection":[{"href":"https:\/\/ww16.ce.gov.br\/metrofor\/wp-json\/wp\/v2\/pages"}],"about":[{"href":"https:\/\/ww16.ce.gov.br\/metrofor\/wp-json\/wp\/v2\/types\/page"}],"author":[{"embeddable":true,"href":"https:\/\/ww16.ce.gov.br\/metrofor\/wp-json\/wp\/v2\/users\/119"}],"replies":[{"embeddable":true,"href":"https:\/\/ww16.ce.gov.br\/metrofor\/wp-json\/wp\/v2\/comments?post=68603"}],"version-history":[{"count":21,"href":"https:\/\/ww16.ce.gov.br\/metrofor\/wp-json\/wp\/v2\/pages\/68603\/revisions"}],"predecessor-version":[{"id":75144,"href":"https:\/\/ww16.ce.gov.br\/metrofor\/wp-json\/wp\/v2\/pages\/68603\/revisions\/75144"}],"wp:attachment":[{"href":"https:\/\/ww16.ce.gov.br\/metrofor\/wp-json\/wp\/v2\/media?parent=68603"}],"curies":[{"name":"wp","href":"https:\/\/api.w.org\/{rel}","templated":true}]}}