{"id":68540,"date":"2019-05-17T15:27:23","date_gmt":"2019-05-17T18:27:23","guid":{"rendered":"http:\/\/ww16.ce.gov.br\/metrofor\/?page_id=68540"},"modified":"2020-05-06T11:23:17","modified_gmt":"2020-05-06T14:23:17","slug":"09-04-2019-publicidade","status":"publish","type":"page","link":"https:\/\/ww16.ce.gov.br\/metrofor\/09-04-2019-publicidade\/","title":{"rendered":"09.04.2019 &#8211; Publicidade"},"content":{"rendered":"<p>&nbsp;<\/p>\n<p>A Cia Cearense de Transportes Metropolitanos anuncia a libera\u00e7\u00e3o de espa\u00e7os para m\u00eddias publicit\u00e1rias nas esta\u00e7\u00f5es Manoel S\u00e1tiro, Porangabussu e Vila Pery, na Linha Sul do Metr\u00f4 de Fortaleza, conforme procedimentos e documentos abaixo.<\/p>\n<p>&nbsp;<\/p>\n<p>Empresas credenciadas que tenham interesse nas explora\u00e7\u00e3o dos espa\u00e7os devem ler os documentos abaixo, que cont\u00e9m todas as especifica\u00e7\u00f5es t\u00e9cnicas e procedimentos necess\u00e1rios para a explora\u00e7\u00e3o dos espa\u00e7os.<\/p>\n<p>&nbsp;<\/p>\n<p><a href=\"https:\/\/ww16.ce.gov.br\/metrofor\/wp-content\/uploads\/sites\/75\/2020\/03\/Procedimento-M\u00eddias-MANOEL-SATIRO-VILA-PERY-PORANGABUSSU.pdf\">01. Procedimento-M\u00eddias &#8211; MANOEL SATIRO &#8211; VILA PERY &#8211; PORANGABUSSU<\/a><\/p>\n<p><a href=\"https:\/\/ww16.ce.gov.br\/metrofor\/wp-content\/uploads\/sites\/75\/2020\/05\/11_MANOEL-S\u00c1TIRO_M\u00cdDIAS_GALERIA_TERREO.pdf\">02. Manoel Satiro _Planta baixa _ Galeria e T\u00e9rreo<\/a><\/p>\n<p><a href=\"https:\/\/ww16.ce.gov.br\/metrofor\/wp-content\/uploads\/sites\/75\/2020\/05\/11_MANOEL-S\u00c1TIRO_-M\u00cdDIAS-_T\u00c9RREO_PLATAFORMA-1.pdf\">03. Manoel Satiro _Planta baixa _ T\u00e9rreo e Plataforma<\/a><\/p>\n<p><a href=\"https:\/\/ww16.ce.gov.br\/metrofor\/wp-content\/uploads\/sites\/75\/2020\/05\/10_VILA-PERY_MIDIAS_GALERIA_TERREO.pdf\">04. Vila Pery _ Planta baixa _ Galeria<\/a><\/p>\n<p><a href=\"https:\/\/ww16.ce.gov.br\/metrofor\/wp-content\/uploads\/sites\/75\/2020\/05\/10_VILA-PERY_MIDIAS_GALERIA_PLATAFORMA.pdf\">05. Vila Pery _ Planta baixa _ Plataforma<\/a><\/p>\n<p><a href=\"https:\/\/ww16.ce.gov.br\/metrofor\/wp-content\/uploads\/sites\/75\/2020\/05\/06_PORANGABUSSU_MIDIAS.pdf\">06. Porangabussu _ Planta baixa _ Terreo<\/a><\/p>\n<p>&nbsp;<\/p>\n<p>Mais informa\u00e7\u00f5es: (85) 3101 7138<\/p>\n","protected":false},"excerpt":{"rendered":"<p>&nbsp; A Cia Cearense de Transportes Metropolitanos anuncia a libera\u00e7\u00e3o de espa\u00e7os para m\u00eddias publicit\u00e1rias nas esta\u00e7\u00f5es Manoel S\u00e1tiro, Porangabussu e Vila Pery, na Linha Sul do Metr\u00f4 de Fortaleza, conforme procedimentos e documentos abaixo. &nbsp; Empresas credenciadas que tenham interesse nas explora\u00e7\u00e3o dos espa\u00e7os devem ler os documentos abaixo, que cont\u00e9m todas as especifica\u00e7\u00f5es [&hellip;]<\/p>\n","protected":false},"author":119,"featured_media":0,"parent":0,"menu_order":0,"comment_status":"closed","ping_status":"closed","template":"","meta":{"_acf_changed":false,"inline_featured_image":false,"footnotes":""},"class_list":["post-68540","page","type-page","status-publish","hentry"],"acf":[],"yoast_head":"<!-- This site is optimized with the Yoast SEO plugin v26.9 - https:\/\/yoast.com\/product\/yoast-seo-wordpress\/ -->\n<title>09.04.2019 - Publicidade - METROFOR<\/title>\n<meta name=\"robots\" content=\"index, follow, max-snippet:-1, max-image-preview:large, max-video-preview:-1\" \/>\n<link rel=\"canonical\" href=\"https:\/\/ww16.ce.gov.br\/metrofor\/09-04-2019-publicidade\/\" \/>\n<meta property=\"og:locale\" content=\"pt_BR\" \/>\n<meta property=\"og:type\" content=\"article\" \/>\n<meta property=\"og:title\" content=\"09.04.2019 - Publicidade - METROFOR\" \/>\n<meta property=\"og:description\" content=\"&nbsp; A Cia Cearense de Transportes Metropolitanos anuncia a libera\u00e7\u00e3o de espa\u00e7os para m\u00eddias publicit\u00e1rias nas esta\u00e7\u00f5es Manoel S\u00e1tiro, Porangabussu e Vila Pery, na Linha Sul do Metr\u00f4 de Fortaleza, conforme procedimentos e documentos abaixo. &nbsp; Empresas credenciadas que tenham interesse nas explora\u00e7\u00e3o dos espa\u00e7os devem ler os documentos abaixo, que cont\u00e9m todas as especifica\u00e7\u00f5es [&hellip;]\" \/>\n<meta property=\"og:url\" content=\"https:\/\/ww16.ce.gov.br\/metrofor\/09-04-2019-publicidade\/\" \/>\n<meta property=\"og:site_name\" content=\"METROFOR\" \/>\n<meta property=\"article:modified_time\" content=\"2020-05-06T14:23:17+00:00\" \/>\n<meta name=\"twitter:card\" content=\"summary_large_image\" \/>\n<meta name=\"twitter:label1\" content=\"Est. reading time\" \/>\n\t<meta name=\"twitter:data1\" content=\"1 minuto\" \/>\n<script type=\"application\/ld+json\" class=\"yoast-schema-graph\">{\"@context\":\"https:\/\/schema.org\",\"@graph\":[{\"@type\":\"WebPage\",\"@id\":\"https:\/\/ww16.ce.gov.br\/metrofor\/09-04-2019-publicidade\/\",\"url\":\"https:\/\/ww16.ce.gov.br\/metrofor\/09-04-2019-publicidade\/\",\"name\":\"09.04.2019 - Publicidade - METROFOR\",\"isPartOf\":{\"@id\":\"https:\/\/ww16.ce.gov.br\/metrofor\/#website\"},\"datePublished\":\"2019-05-17T18:27:23+00:00\",\"dateModified\":\"2020-05-06T14:23:17+00:00\",\"breadcrumb\":{\"@id\":\"https:\/\/ww16.ce.gov.br\/metrofor\/09-04-2019-publicidade\/#breadcrumb\"},\"inLanguage\":\"pt-BR\",\"potentialAction\":[{\"@type\":\"ReadAction\",\"target\":[\"https:\/\/ww16.ce.gov.br\/metrofor\/09-04-2019-publicidade\/\"]}]},{\"@type\":\"BreadcrumbList\",\"@id\":\"https:\/\/ww16.ce.gov.br\/metrofor\/09-04-2019-publicidade\/#breadcrumb\",\"itemListElement\":[{\"@type\":\"ListItem\",\"position\":1,\"name\":\"In\u00edcio\",\"item\":\"https:\/\/ww16.ce.gov.br\/metrofor\/\"},{\"@type\":\"ListItem\",\"position\":2,\"name\":\"09.04.2019 &#8211; Publicidade\"}]},{\"@type\":\"WebSite\",\"@id\":\"https:\/\/ww16.ce.gov.br\/metrofor\/#website\",\"url\":\"https:\/\/ww16.ce.gov.br\/metrofor\/\",\"name\":\"Metr\u00f4 de Fortaleza\",\"description\":\"Portal METROFOR\",\"publisher\":{\"@id\":\"https:\/\/ww16.ce.gov.br\/metrofor\/#organization\"},\"potentialAction\":[{\"@type\":\"SearchAction\",\"target\":{\"@type\":\"EntryPoint\",\"urlTemplate\":\"https:\/\/ww16.ce.gov.br\/metrofor\/?s={search_term_string}\"},\"query-input\":{\"@type\":\"PropertyValueSpecification\",\"valueRequired\":true,\"valueName\":\"search_term_string\"}}],\"inLanguage\":\"pt-BR\"},{\"@type\":\"Organization\",\"@id\":\"https:\/\/ww16.ce.gov.br\/metrofor\/#organization\",\"name\":\"Metr\u00f4 de Fortaleza\",\"url\":\"https:\/\/ww16.ce.gov.br\/metrofor\/\",\"logo\":{\"@type\":\"ImageObject\",\"inLanguage\":\"pt-BR\",\"@id\":\"https:\/\/ww16.ce.gov.br\/metrofor\/#\/schema\/logo\/image\/\",\"url\":\"http:\/\/ww16.ce.gov.br\/metrofor\/wp-content\/uploads\/sites\/32\/2018\/01\/METROFOR-SEINFRAclara.png\",\"contentUrl\":\"http:\/\/ww16.ce.gov.br\/metrofor\/wp-content\/uploads\/sites\/32\/2018\/01\/METROFOR-SEINFRAclara.png\",\"width\":559,\"height\":106,\"caption\":\"Metr\u00f4 de Fortaleza\"},\"image\":{\"@id\":\"https:\/\/ww16.ce.gov.br\/metrofor\/#\/schema\/logo\/image\/\"}}]}<\/script>\n<!-- \/ Yoast SEO plugin. -->","yoast_head_json":{"title":"09.04.2019 - Publicidade - METROFOR","robots":{"index":"index","follow":"follow","max-snippet":"max-snippet:-1","max-image-preview":"max-image-preview:large","max-video-preview":"max-video-preview:-1"},"canonical":"https:\/\/ww16.ce.gov.br\/metrofor\/09-04-2019-publicidade\/","og_locale":"pt_BR","og_type":"article","og_title":"09.04.2019 - Publicidade - METROFOR","og_description":"&nbsp; A Cia Cearense de Transportes Metropolitanos anuncia a libera\u00e7\u00e3o de espa\u00e7os para m\u00eddias publicit\u00e1rias nas esta\u00e7\u00f5es Manoel S\u00e1tiro, Porangabussu e Vila Pery, na Linha Sul do Metr\u00f4 de Fortaleza, conforme procedimentos e documentos abaixo. &nbsp; Empresas credenciadas que tenham interesse nas explora\u00e7\u00e3o dos espa\u00e7os devem ler os documentos abaixo, que cont\u00e9m todas as especifica\u00e7\u00f5es [&hellip;]","og_url":"https:\/\/ww16.ce.gov.br\/metrofor\/09-04-2019-publicidade\/","og_site_name":"METROFOR","article_modified_time":"2020-05-06T14:23:17+00:00","twitter_card":"summary_large_image","twitter_misc":{"Est. reading time":"1 minuto"},"schema":{"@context":"https:\/\/schema.org","@graph":[{"@type":"WebPage","@id":"https:\/\/ww16.ce.gov.br\/metrofor\/09-04-2019-publicidade\/","url":"https:\/\/ww16.ce.gov.br\/metrofor\/09-04-2019-publicidade\/","name":"09.04.2019 - Publicidade - METROFOR","isPartOf":{"@id":"https:\/\/ww16.ce.gov.br\/metrofor\/#website"},"datePublished":"2019-05-17T18:27:23+00:00","dateModified":"2020-05-06T14:23:17+00:00","breadcrumb":{"@id":"https:\/\/ww16.ce.gov.br\/metrofor\/09-04-2019-publicidade\/#breadcrumb"},"inLanguage":"pt-BR","potentialAction":[{"@type":"ReadAction","target":["https:\/\/ww16.ce.gov.br\/metrofor\/09-04-2019-publicidade\/"]}]},{"@type":"BreadcrumbList","@id":"https:\/\/ww16.ce.gov.br\/metrofor\/09-04-2019-publicidade\/#breadcrumb","itemListElement":[{"@type":"ListItem","position":1,"name":"In\u00edcio","item":"https:\/\/ww16.ce.gov.br\/metrofor\/"},{"@type":"ListItem","position":2,"name":"09.04.2019 &#8211; Publicidade"}]},{"@type":"WebSite","@id":"https:\/\/ww16.ce.gov.br\/metrofor\/#website","url":"https:\/\/ww16.ce.gov.br\/metrofor\/","name":"Metr\u00f4 de Fortaleza","description":"Portal METROFOR","publisher":{"@id":"https:\/\/ww16.ce.gov.br\/metrofor\/#organization"},"potentialAction":[{"@type":"SearchAction","target":{"@type":"EntryPoint","urlTemplate":"https:\/\/ww16.ce.gov.br\/metrofor\/?s={search_term_string}"},"query-input":{"@type":"PropertyValueSpecification","valueRequired":true,"valueName":"search_term_string"}}],"inLanguage":"pt-BR"},{"@type":"Organization","@id":"https:\/\/ww16.ce.gov.br\/metrofor\/#organization","name":"Metr\u00f4 de Fortaleza","url":"https:\/\/ww16.ce.gov.br\/metrofor\/","logo":{"@type":"ImageObject","inLanguage":"pt-BR","@id":"https:\/\/ww16.ce.gov.br\/metrofor\/#\/schema\/logo\/image\/","url":"http:\/\/ww16.ce.gov.br\/metrofor\/wp-content\/uploads\/sites\/32\/2018\/01\/METROFOR-SEINFRAclara.png","contentUrl":"http:\/\/ww16.ce.gov.br\/metrofor\/wp-content\/uploads\/sites\/32\/2018\/01\/METROFOR-SEINFRAclara.png","width":559,"height":106,"caption":"Metr\u00f4 de Fortaleza"},"image":{"@id":"https:\/\/ww16.ce.gov.br\/metrofor\/#\/schema\/logo\/image\/"}}]}},"_links":{"self":[{"href":"https:\/\/ww16.ce.gov.br\/metrofor\/wp-json\/wp\/v2\/pages\/68540","targetHints":{"allow":["GET"]}}],"collection":[{"href":"https:\/\/ww16.ce.gov.br\/metrofor\/wp-json\/wp\/v2\/pages"}],"about":[{"href":"https:\/\/ww16.ce.gov.br\/metrofor\/wp-json\/wp\/v2\/types\/page"}],"author":[{"embeddable":true,"href":"https:\/\/ww16.ce.gov.br\/metrofor\/wp-json\/wp\/v2\/users\/119"}],"replies":[{"embeddable":true,"href":"https:\/\/ww16.ce.gov.br\/metrofor\/wp-json\/wp\/v2\/comments?post=68540"}],"version-history":[{"count":10,"href":"https:\/\/ww16.ce.gov.br\/metrofor\/wp-json\/wp\/v2\/pages\/68540\/revisions"}],"predecessor-version":[{"id":69585,"href":"https:\/\/ww16.ce.gov.br\/metrofor\/wp-json\/wp\/v2\/pages\/68540\/revisions\/69585"}],"wp:attachment":[{"href":"https:\/\/ww16.ce.gov.br\/metrofor\/wp-json\/wp\/v2\/media?parent=68540"}],"curies":[{"name":"wp","href":"https:\/\/api.w.org\/{rel}","templated":true}]}}