{"id":68533,"date":"2019-05-17T15:18:10","date_gmt":"2019-05-17T18:18:10","guid":{"rendered":"http:\/\/ww16.ce.gov.br\/metrofor\/?page_id=68533"},"modified":"2021-05-25T14:45:47","modified_gmt":"2021-05-25T17:45:47","slug":"26032019-publicidade","status":"publish","type":"page","link":"https:\/\/ww16.ce.gov.br\/metrofor\/26032019-publicidade\/","title":{"rendered":"26.03.2019 &#8211; Publicidade"},"content":{"rendered":"<p>&nbsp;<\/p>\n<p>A Cia Cearense de Transportes Metropolitanos anuncia a libera\u00e7\u00e3o em 26\/3\/2019 de espa\u00e7os para explora\u00e7\u00e3o de m\u00eddias nas esta\u00e7\u00f5es S\u00e3o Benedito e Maracana\u00fa, na Linha Sul, e nas esta\u00e7\u00f5es Parangaba e Papicu, na linha VLT Parangaba-Mucuripe, conforme procedimentos e documentos abaixo.<\/p>\n<p>&nbsp;<\/p>\n<p><strong>Esta\u00e7\u00f5es S\u00e3o Benedito e Maracana\u00fa (Linha Sul)<\/strong><\/p>\n<p><a href=\"https:\/\/ww16.ce.gov.br\/metrofor\/wp-content\/uploads\/sites\/75\/2020\/03\/Procedimentos-para-explora\u00e7\u00e3o-de-m\u00eddias-nas-esta\u00e7\u00f5es-S\u00e3o-Benedito-e-Maracana\u00fa.pdf\">Procedimentos para explora\u00e7\u00e3o de m\u00eddias nas esta\u00e7\u00f5es S\u00e3o Benedito e Maracana\u00fa<\/a><\/p>\n<p><a href=\"https:\/\/ww16.ce.gov.br\/metrofor\/wp-content\/uploads\/sites\/75\/2021\/05\/18_MARACANAU_MEZANINO_2021.pdf\">Planta baixa mezanino &#8211; Esta\u00e7\u00e3o Maracana\u00fa<\/a><\/p>\n<p><a href=\"https:\/\/ww16.ce.gov.br\/metrofor\/wp-content\/uploads\/sites\/75\/2020\/03\/18_MARACANAU_PLATAFORMA.pdf\">Planta baixa plataforma\u00a0 &#8211; Esta\u00e7\u00e3o Maracana\u00fa<\/a><\/p>\n<p><a href=\"https:\/\/ww16.ce.gov.br\/metrofor\/wp-content\/uploads\/sites\/75\/2020\/03\/03_S\u00c3O-BENEDITO_MIDIA_PLATAFORMA.pdf\">Planta baixa plataforma &#8211; Esta\u00e7\u00e3o S\u00e3o Benedito<\/a><\/p>\n<p><a href=\"https:\/\/ww16.ce.gov.br\/metrofor\/wp-content\/uploads\/sites\/75\/2020\/03\/03_S\u00c3O-BENEDITO_MIDIA_MEZANINO.pdf\">Planta baixa Mezanino &#8211; Esta\u00e7\u00e3o S\u00e3o Benedito<\/a><\/p>\n<p>&nbsp;<\/p>\n<p><strong>Esta\u00e7\u00f5es Papicu e Parangaba (VLT Parangaba-Mucuripe)<\/strong><\/p>\n<p><a href=\"https:\/\/ww16.ce.gov.br\/metrofor\/wp-content\/uploads\/sites\/75\/2019\/03\/Procedimentos-para-explora\u00e7\u00e3o-de-m\u00eddias-nas-esta\u00e7\u00f5es-Papicu-e-Parangaba.pdf\">Procedimentos para explora\u00e7\u00e3o de m\u00eddias nas esta\u00e7\u00f5es Papicu e Parangaba<\/a><\/p>\n<p><a href=\"https:\/\/ww16.ce.gov.br\/metrofor\/wp-content\/uploads\/sites\/75\/2019\/03\/Planta-baixa-mezanino-Esta\u00e7\u00e3o-Papicu.pdf\">Planta baixa mezanino &#8211; Esta\u00e7\u00e3o Papicu<\/a><\/p>\n<p><a href=\"https:\/\/ww16.ce.gov.br\/metrofor\/wp-content\/uploads\/sites\/75\/2019\/03\/Planta-baixa-plataforma-Esta\u00e7\u00e3o-Papicu.pdf\">Planta baixa plataforma\u00a0 &#8211;\u00a0Esta\u00e7\u00e3o Papicu<\/a><\/p>\n<p><a href=\"https:\/\/ww16.ce.gov.br\/metrofor\/wp-content\/uploads\/sites\/75\/2019\/03\/Plantas-baixas-Acesso-e-Plataforma-Esta\u00e7\u00e3o-Parangaba.pdf\">Plantas baixas Acesso e Plataforma &#8211; Esta\u00e7\u00e3o Parangaba<\/a><\/p>\n<p>&nbsp;<\/p>\n","protected":false},"excerpt":{"rendered":"<p>&nbsp; A Cia Cearense de Transportes Metropolitanos anuncia a libera\u00e7\u00e3o em 26\/3\/2019 de espa\u00e7os para explora\u00e7\u00e3o de m\u00eddias nas esta\u00e7\u00f5es S\u00e3o Benedito e Maracana\u00fa, na Linha Sul, e nas esta\u00e7\u00f5es Parangaba e Papicu, na linha VLT Parangaba-Mucuripe, conforme procedimentos e documentos abaixo. &nbsp; Esta\u00e7\u00f5es S\u00e3o Benedito e Maracana\u00fa (Linha Sul) Procedimentos para explora\u00e7\u00e3o de m\u00eddias [&hellip;]<\/p>\n","protected":false},"author":119,"featured_media":0,"parent":0,"menu_order":0,"comment_status":"closed","ping_status":"closed","template":"","meta":{"_acf_changed":false,"inline_featured_image":false,"footnotes":""},"class_list":["post-68533","page","type-page","status-publish","hentry"],"acf":[],"yoast_head":"<!-- This site is optimized with the Yoast SEO plugin v26.9 - https:\/\/yoast.com\/product\/yoast-seo-wordpress\/ -->\n<title>26.03.2019 - Publicidade - METROFOR<\/title>\n<meta name=\"robots\" content=\"index, follow, max-snippet:-1, max-image-preview:large, max-video-preview:-1\" \/>\n<link rel=\"canonical\" href=\"https:\/\/ww16.ce.gov.br\/metrofor\/26032019-publicidade\/\" \/>\n<meta property=\"og:locale\" content=\"pt_BR\" \/>\n<meta property=\"og:type\" content=\"article\" \/>\n<meta property=\"og:title\" content=\"26.03.2019 - Publicidade - METROFOR\" \/>\n<meta property=\"og:description\" content=\"&nbsp; A Cia Cearense de Transportes Metropolitanos anuncia a libera\u00e7\u00e3o em 26\/3\/2019 de espa\u00e7os para explora\u00e7\u00e3o de m\u00eddias nas esta\u00e7\u00f5es S\u00e3o Benedito e Maracana\u00fa, na Linha Sul, e nas esta\u00e7\u00f5es Parangaba e Papicu, na linha VLT Parangaba-Mucuripe, conforme procedimentos e documentos abaixo. &nbsp; Esta\u00e7\u00f5es S\u00e3o Benedito e Maracana\u00fa (Linha Sul) Procedimentos para explora\u00e7\u00e3o de m\u00eddias [&hellip;]\" \/>\n<meta property=\"og:url\" content=\"https:\/\/ww16.ce.gov.br\/metrofor\/26032019-publicidade\/\" \/>\n<meta property=\"og:site_name\" content=\"METROFOR\" \/>\n<meta property=\"article:modified_time\" content=\"2021-05-25T17:45:47+00:00\" \/>\n<meta name=\"twitter:card\" content=\"summary_large_image\" \/>\n<meta name=\"twitter:label1\" content=\"Est. reading time\" \/>\n\t<meta name=\"twitter:data1\" content=\"1 minuto\" \/>\n<script type=\"application\/ld+json\" class=\"yoast-schema-graph\">{\"@context\":\"https:\/\/schema.org\",\"@graph\":[{\"@type\":\"WebPage\",\"@id\":\"https:\/\/ww16.ce.gov.br\/metrofor\/26032019-publicidade\/\",\"url\":\"https:\/\/ww16.ce.gov.br\/metrofor\/26032019-publicidade\/\",\"name\":\"26.03.2019 - Publicidade - METROFOR\",\"isPartOf\":{\"@id\":\"https:\/\/ww16.ce.gov.br\/metrofor\/#website\"},\"datePublished\":\"2019-05-17T18:18:10+00:00\",\"dateModified\":\"2021-05-25T17:45:47+00:00\",\"breadcrumb\":{\"@id\":\"https:\/\/ww16.ce.gov.br\/metrofor\/26032019-publicidade\/#breadcrumb\"},\"inLanguage\":\"pt-BR\",\"potentialAction\":[{\"@type\":\"ReadAction\",\"target\":[\"https:\/\/ww16.ce.gov.br\/metrofor\/26032019-publicidade\/\"]}]},{\"@type\":\"BreadcrumbList\",\"@id\":\"https:\/\/ww16.ce.gov.br\/metrofor\/26032019-publicidade\/#breadcrumb\",\"itemListElement\":[{\"@type\":\"ListItem\",\"position\":1,\"name\":\"In\u00edcio\",\"item\":\"https:\/\/ww16.ce.gov.br\/metrofor\/\"},{\"@type\":\"ListItem\",\"position\":2,\"name\":\"26.03.2019 &#8211; Publicidade\"}]},{\"@type\":\"WebSite\",\"@id\":\"https:\/\/ww16.ce.gov.br\/metrofor\/#website\",\"url\":\"https:\/\/ww16.ce.gov.br\/metrofor\/\",\"name\":\"Metr\u00f4 de Fortaleza\",\"description\":\"Portal METROFOR\",\"publisher\":{\"@id\":\"https:\/\/ww16.ce.gov.br\/metrofor\/#organization\"},\"potentialAction\":[{\"@type\":\"SearchAction\",\"target\":{\"@type\":\"EntryPoint\",\"urlTemplate\":\"https:\/\/ww16.ce.gov.br\/metrofor\/?s={search_term_string}\"},\"query-input\":{\"@type\":\"PropertyValueSpecification\",\"valueRequired\":true,\"valueName\":\"search_term_string\"}}],\"inLanguage\":\"pt-BR\"},{\"@type\":\"Organization\",\"@id\":\"https:\/\/ww16.ce.gov.br\/metrofor\/#organization\",\"name\":\"Metr\u00f4 de Fortaleza\",\"url\":\"https:\/\/ww16.ce.gov.br\/metrofor\/\",\"logo\":{\"@type\":\"ImageObject\",\"inLanguage\":\"pt-BR\",\"@id\":\"https:\/\/ww16.ce.gov.br\/metrofor\/#\/schema\/logo\/image\/\",\"url\":\"http:\/\/ww16.ce.gov.br\/metrofor\/wp-content\/uploads\/sites\/32\/2018\/01\/METROFOR-SEINFRAclara.png\",\"contentUrl\":\"http:\/\/ww16.ce.gov.br\/metrofor\/wp-content\/uploads\/sites\/32\/2018\/01\/METROFOR-SEINFRAclara.png\",\"width\":559,\"height\":106,\"caption\":\"Metr\u00f4 de Fortaleza\"},\"image\":{\"@id\":\"https:\/\/ww16.ce.gov.br\/metrofor\/#\/schema\/logo\/image\/\"}}]}<\/script>\n<!-- \/ Yoast SEO plugin. -->","yoast_head_json":{"title":"26.03.2019 - Publicidade - METROFOR","robots":{"index":"index","follow":"follow","max-snippet":"max-snippet:-1","max-image-preview":"max-image-preview:large","max-video-preview":"max-video-preview:-1"},"canonical":"https:\/\/ww16.ce.gov.br\/metrofor\/26032019-publicidade\/","og_locale":"pt_BR","og_type":"article","og_title":"26.03.2019 - Publicidade - METROFOR","og_description":"&nbsp; A Cia Cearense de Transportes Metropolitanos anuncia a libera\u00e7\u00e3o em 26\/3\/2019 de espa\u00e7os para explora\u00e7\u00e3o de m\u00eddias nas esta\u00e7\u00f5es S\u00e3o Benedito e Maracana\u00fa, na Linha Sul, e nas esta\u00e7\u00f5es Parangaba e Papicu, na linha VLT Parangaba-Mucuripe, conforme procedimentos e documentos abaixo. &nbsp; Esta\u00e7\u00f5es S\u00e3o Benedito e Maracana\u00fa (Linha Sul) Procedimentos para explora\u00e7\u00e3o de m\u00eddias [&hellip;]","og_url":"https:\/\/ww16.ce.gov.br\/metrofor\/26032019-publicidade\/","og_site_name":"METROFOR","article_modified_time":"2021-05-25T17:45:47+00:00","twitter_card":"summary_large_image","twitter_misc":{"Est. reading time":"1 minuto"},"schema":{"@context":"https:\/\/schema.org","@graph":[{"@type":"WebPage","@id":"https:\/\/ww16.ce.gov.br\/metrofor\/26032019-publicidade\/","url":"https:\/\/ww16.ce.gov.br\/metrofor\/26032019-publicidade\/","name":"26.03.2019 - Publicidade - METROFOR","isPartOf":{"@id":"https:\/\/ww16.ce.gov.br\/metrofor\/#website"},"datePublished":"2019-05-17T18:18:10+00:00","dateModified":"2021-05-25T17:45:47+00:00","breadcrumb":{"@id":"https:\/\/ww16.ce.gov.br\/metrofor\/26032019-publicidade\/#breadcrumb"},"inLanguage":"pt-BR","potentialAction":[{"@type":"ReadAction","target":["https:\/\/ww16.ce.gov.br\/metrofor\/26032019-publicidade\/"]}]},{"@type":"BreadcrumbList","@id":"https:\/\/ww16.ce.gov.br\/metrofor\/26032019-publicidade\/#breadcrumb","itemListElement":[{"@type":"ListItem","position":1,"name":"In\u00edcio","item":"https:\/\/ww16.ce.gov.br\/metrofor\/"},{"@type":"ListItem","position":2,"name":"26.03.2019 &#8211; Publicidade"}]},{"@type":"WebSite","@id":"https:\/\/ww16.ce.gov.br\/metrofor\/#website","url":"https:\/\/ww16.ce.gov.br\/metrofor\/","name":"Metr\u00f4 de Fortaleza","description":"Portal METROFOR","publisher":{"@id":"https:\/\/ww16.ce.gov.br\/metrofor\/#organization"},"potentialAction":[{"@type":"SearchAction","target":{"@type":"EntryPoint","urlTemplate":"https:\/\/ww16.ce.gov.br\/metrofor\/?s={search_term_string}"},"query-input":{"@type":"PropertyValueSpecification","valueRequired":true,"valueName":"search_term_string"}}],"inLanguage":"pt-BR"},{"@type":"Organization","@id":"https:\/\/ww16.ce.gov.br\/metrofor\/#organization","name":"Metr\u00f4 de Fortaleza","url":"https:\/\/ww16.ce.gov.br\/metrofor\/","logo":{"@type":"ImageObject","inLanguage":"pt-BR","@id":"https:\/\/ww16.ce.gov.br\/metrofor\/#\/schema\/logo\/image\/","url":"http:\/\/ww16.ce.gov.br\/metrofor\/wp-content\/uploads\/sites\/32\/2018\/01\/METROFOR-SEINFRAclara.png","contentUrl":"http:\/\/ww16.ce.gov.br\/metrofor\/wp-content\/uploads\/sites\/32\/2018\/01\/METROFOR-SEINFRAclara.png","width":559,"height":106,"caption":"Metr\u00f4 de Fortaleza"},"image":{"@id":"https:\/\/ww16.ce.gov.br\/metrofor\/#\/schema\/logo\/image\/"}}]}},"_links":{"self":[{"href":"https:\/\/ww16.ce.gov.br\/metrofor\/wp-json\/wp\/v2\/pages\/68533","targetHints":{"allow":["GET"]}}],"collection":[{"href":"https:\/\/ww16.ce.gov.br\/metrofor\/wp-json\/wp\/v2\/pages"}],"about":[{"href":"https:\/\/ww16.ce.gov.br\/metrofor\/wp-json\/wp\/v2\/types\/page"}],"author":[{"embeddable":true,"href":"https:\/\/ww16.ce.gov.br\/metrofor\/wp-json\/wp\/v2\/users\/119"}],"replies":[{"embeddable":true,"href":"https:\/\/ww16.ce.gov.br\/metrofor\/wp-json\/wp\/v2\/comments?post=68533"}],"version-history":[{"count":8,"href":"https:\/\/ww16.ce.gov.br\/metrofor\/wp-json\/wp\/v2\/pages\/68533\/revisions"}],"predecessor-version":[{"id":70700,"href":"https:\/\/ww16.ce.gov.br\/metrofor\/wp-json\/wp\/v2\/pages\/68533\/revisions\/70700"}],"wp:attachment":[{"href":"https:\/\/ww16.ce.gov.br\/metrofor\/wp-json\/wp\/v2\/media?parent=68533"}],"curies":[{"name":"wp","href":"https:\/\/api.w.org\/{rel}","templated":true}]}}