{"id":67960,"date":"2018-10-10T15:02:48","date_gmt":"2018-10-10T18:02:48","guid":{"rendered":"http:\/\/www.metrofor.ce.gov.br\/?page_id=67960"},"modified":"2025-04-07T14:37:25","modified_gmt":"2025-04-07T17:37:25","slug":"sistema-metroviario","status":"publish","type":"page","link":"https:\/\/ww16.ce.gov.br\/metrofor\/sistema-metroviario\/","title":{"rendered":"Sistema Metrovi\u00e1rio do Cear\u00e1"},"content":{"rendered":"<p><img loading=\"lazy\" decoding=\"async\" class=\"alignright wp-image-72638\" style=\"letter-spacing: 0.02px\" src=\"https:\/\/ww16.ce.gov.br\/metrofor\/wp-content\/uploads\/sites\/75\/2023\/06\/image00075-copiar-600x429.jpg\" alt=\"Foto a\u00e9rea da esta\u00e7\u00e3o Parangaba.\" width=\"485\" height=\"347\" srcset=\"https:\/\/ww16.ce.gov.br\/metrofor\/wp-content\/uploads\/sites\/75\/2023\/06\/image00075-copiar-600x429.jpg 600w, https:\/\/ww16.ce.gov.br\/metrofor\/wp-content\/uploads\/sites\/75\/2023\/06\/image00075-copiar-1200x857.jpg 1200w, https:\/\/ww16.ce.gov.br\/metrofor\/wp-content\/uploads\/sites\/75\/2023\/06\/image00075-copiar-768x549.jpg 768w, https:\/\/ww16.ce.gov.br\/metrofor\/wp-content\/uploads\/sites\/75\/2023\/06\/image00075-copiar-1536x1097.jpg 1536w, https:\/\/ww16.ce.gov.br\/metrofor\/wp-content\/uploads\/sites\/75\/2023\/06\/image00075-copiar-2048x1463.jpg 2048w\" sizes=\"auto, (max-width: 485px) 100vw, 485px\" \/><\/p>\n<p>&nbsp;<\/p>\n<p>O Metrofor \u00e9 a operadora dos transportes de passageiros sobre trilhos no Cear\u00e1, administrando cinco linhas de transporte p\u00fablico nas tr\u00eas regi\u00f5es de maior atividade econ\u00f4mica do estado, incluindo a regi\u00e3o metropolitana da capital, Fortaleza. S\u00e3o 62 duas esta\u00e7\u00f5es, distribu\u00eddas em 84,3 quil\u00f4metros de vias f\u00e9rreas, constituindo a maior infraestrutura metrovi\u00e1ria do Nordeste, atendendo mais de 56 mil pessoas todos os dias, nas cidades de Fortaleza, Caucaia, Maracana\u00fa, Pacatuba, Sobral, Juazeiro do Norte e Crato.<\/p>\n<p>&nbsp;<\/p>\n<h3 style=\"text-align: left\"><strong>Linhas em Fortaleza e Regi\u00e3o Metropolitana<\/strong><\/h3>\n<p style=\"text-align: left\">O sistema metrovi\u00e1rio de Fortaleza e Regi\u00e3o Metropolitana \u00e9 composto pelas linhas Sul, Oeste e VLT Parangaba-Mucuripe. Al\u00e9m destes, est\u00e1 em fase de implanta\u00e7\u00e3o a Linha Leste. Esta rede de linhas metrovi\u00e1rias foi projetada para desempenhar papel fundamental na mobilidade, no desenvolvimento econ\u00f4mico e no bem-estar da Regi\u00e3o Metropolitana de Fortaleza.<\/p>\n<p>&nbsp;<\/p>\n<p style=\"text-align: left\">A Linha Sul do Metr\u00f4 de Fortaleza \u00e9 atualmente a maior via de transporte de passageiros sobre trilhos em opera\u00e7\u00e3o no Cear\u00e1, tanto em extens\u00e3o (24,1 km), como em n\u00famero de esta\u00e7\u00f5es (20) e de passageiros transportados (32 mil\/dia). A Linha Sul funciona de 5h30 at\u00e9 23h14h, de segunda-feira a s\u00e1bado.<\/p>\n<p>&nbsp;<\/p>\n<p style=\"text-align: left\">Cada composi\u00e7\u00e3o de trens em opera\u00e7\u00e3o nesta linha tem capacidade de transporte de 890 pessoas. Por dia, s\u00e3o feitas 126 viagens, interligando Fortaleza, Maracana\u00fa e Pacatuba. Nas esta\u00e7\u00f5es, o tempo de parada do metr\u00f4 \u00e9 apenas o suficiente para desembarque e embarque de passageiros, sendo de 1 minuto ou menos. A velocidade m\u00e9dia dos trens \u00e9 de aproximadamente 40 Km\/h, chegando a 70 Km\/h entre as esta\u00e7\u00f5es (velocidade m\u00e1xima). A frota operacional da Linha Sul atualmente \u00e9 de 10 trens el\u00e9tricos, que circulam agrupados em dois, formando 5 composi\u00e7\u00f5es de 2 trens.<\/p>\n<p>J\u00e1 a Linha Oeste tem extens\u00e3o de 19,5 km de extens\u00e3o, 10 esta\u00e7\u00f5es e transporta em m\u00e9dia 8 mil passageiros por dia, funcionando de segunda a s\u00e1bado, de 5h30 \u00e0s 20h40h. Entre 2007 e 2010, esta linha passou por uma remodela\u00e7\u00e3o, ganhando novos trens e esta\u00e7\u00f5es reformadas. A via interliga Fortaleza e Caucaia, com esta\u00e7\u00f5es no Centro das duas cidades. Os trens circulam numa velocidade m\u00e9dia de 30 Km\/h, chegando at\u00e9 a 50 Km\/h, e tem capacidade de transporte de 756 pessoas. Nas esta\u00e7\u00f5es, o tempo de parada \u00e9 de aproximadamente 1 minuto. Os trens da Linha Oeste s\u00e3o Ve\u00edculos Leve sobre Trilhos (VLTs), movidos a \u00f3leo diesel.<\/p>\n<p>&nbsp;<\/p>\n<ul class=\"ListaEst -Verde col2\" style=\"font-weight: bold\">\n<li><a href=\"https:\/\/ww16.ce.gov.br\/metrofor\/wp-content\/uploads\/sites\/75\/2025\/04\/FORTALEZA-MAPA-PDF_page-0001-scaled.jpg\" target=\"_blank\" rel=\"noopener noreferrer\">Mapa &#8211; Sistema Metroferrovi\u00e1rio da Regi\u00e3o Metropolitana de Fortaleza<\/a><\/li>\n<\/ul>\n<p>&nbsp;<\/p>\n<p>O VLT Parangaba-Mucuripe possui 13,2 quil\u00f4metros de extens\u00e3o (sendo 1,4 km em elevado), com 11 esta\u00e7\u00f5es, 12 pontes e 3 passarelas.A implanta\u00e7\u00e3o do VLT incluiu, al\u00e9m de toda infraestrutura de via e esta\u00e7\u00f5es, a urbaniza\u00e7\u00e3o de in\u00fameras \u00e1reas de 22 bairros da capital cearense. A linha se integra ao sistema de \u00f4nibus da Prefeitura de Fortaleza e \u00e0 Linha Sul do Metr\u00f4 de Fortaleza. Tamb\u00e9m ser\u00e1 integrada \u00e0 futura Leste do Metr\u00f4 de Fortaleza.<\/p>\n<p>&nbsp;<\/p>\n<p>O VLT est\u00e1 operando de forma assistida, com transporte de passageiros e sem cobran\u00e7a de tarifa, da Esta\u00e7\u00e3o Parangaba \u00e0 Esta\u00e7\u00e3o Iate. Nesse trecho, o VLT passa pelas seguintes esta\u00e7\u00f5es: Parangaba, Montese, Expedicion\u00e1rios, Vila Uni\u00e3o, Borges de Melo, S\u00e3o Jo\u00e3o do Tauape, Pontes Vieira, Ant\u00f4nio Sales, Papicu, Mucuripe e Iate. A previs\u00e3o de demanda potencial do modal \u00e9 de 90 mil passageiros por dia.<\/p>\n<p><img loading=\"lazy\" decoding=\"async\" class=\"alignleft wp-image-72639\" src=\"https:\/\/ww16.ce.gov.br\/metrofor\/wp-content\/uploads\/sites\/75\/2023\/06\/TUE-passando-na-Estacao-Jose-de-Alencar--600x400.jpg\" alt=\"\" width=\"529\" height=\"352\" srcset=\"https:\/\/ww16.ce.gov.br\/metrofor\/wp-content\/uploads\/sites\/75\/2023\/06\/TUE-passando-na-Estacao-Jose-de-Alencar--600x400.jpg 600w, https:\/\/ww16.ce.gov.br\/metrofor\/wp-content\/uploads\/sites\/75\/2023\/06\/TUE-passando-na-Estacao-Jose-de-Alencar--1200x800.jpg 1200w, https:\/\/ww16.ce.gov.br\/metrofor\/wp-content\/uploads\/sites\/75\/2023\/06\/TUE-passando-na-Estacao-Jose-de-Alencar--768x512.jpg 768w, https:\/\/ww16.ce.gov.br\/metrofor\/wp-content\/uploads\/sites\/75\/2023\/06\/TUE-passando-na-Estacao-Jose-de-Alencar--1536x1024.jpg 1536w, https:\/\/ww16.ce.gov.br\/metrofor\/wp-content\/uploads\/sites\/75\/2023\/06\/TUE-passando-na-Estacao-Jose-de-Alencar-.jpg 1772w\" sizes=\"auto, (max-width: 529px) 100vw, 529px\" \/><\/p>\n<p>&nbsp;<\/p>\n<h3 style=\"text-align: left\"><strong>Linha Leste<\/strong><\/h3>\n<p style=\"text-align: left\">A ordem de servi\u00e7o para as obras da Linha Leste do Metr\u00f4 de Fortaleza foi assinada no in\u00edcio de novembro de 2018.<\/p>\n<p>&nbsp;<\/p>\n<p style=\"text-align: left\">O trecho que ser\u00e1 executado ter\u00e1 7,3 km de extens\u00e3o e ir\u00e1 ligar o Centro de Fortaleza ao Papicu, com uma esta\u00e7\u00e3o de superf\u00edcie (Tirol-Moura Brasil) e outras quatro subterr\u00e2neas (Chico da Silva, Col\u00e9gio Militar, Nunes Valente e Papicu). O empreendimento, ap\u00f3s conclu\u00eddo, ter\u00e1 capacidade para transportar at\u00e9 150 mil passageiros por dia. O tempo de viagem entre o Centro e o Papicu ser\u00e1 de 15 minutos.<\/p>\n<p>&nbsp;<\/p>\n<p style=\"text-align: left\">A ideia \u00e9 garantir a integra\u00e7\u00e3o da Linha Leste com as Linha Sul e Oeste, no Centro, e com o VLT Parangaba-Mucuripe e o terminal de \u00f4nibus, no Papicu. Para concluir este trecho, est\u00e3o dispon\u00edveis R$ 1 bilh\u00e3o do BNDES, R$ 660 milh\u00f5es do Governo Federal, al\u00e9m de R$ 186 milh\u00f5es do Tesouro Estadual. A previs\u00e3o \u00e9 de que o trecho seja conclu\u00eddo em quatro anos.<\/p>\n<p>&nbsp;<\/p>\n<h3 style=\"text-align: left\"><strong>VLTs no Interior<\/strong><\/h3>\n<p style=\"text-align: left\">Al\u00e9m dos sistemas em opera\u00e7\u00e3o e implanta\u00e7\u00e3o na Regi\u00e3o Metropolitana, a Cia Cearense de Transportes Metropolitanos opera ainda dois sistemas no interior do Cear\u00e1: o VLT do Cariri e o VLT de Sobral.\u00a0<span class=\"il\">A<\/span>\u00a0<span class=\"il\">linha<\/span>\u00a0do Cariri corta as cidades de Juazeiro do Norte e Crato, sendo\u00a0<span class=\"il\">a<\/span> op\u00e7\u00e3o mais barata de deslocamento entre essas duas cidades. O VLT do Cariri possui 9 esta\u00e7\u00f5es em 13,6 km de extens\u00e3o e transporta cerca de 35,7 mil pessoas por m\u00eas. J\u00e1 em Sobral, o sistema \u00e9 composto por duas <span class=\"il\">linhas<\/span>\u00a0\u2013 Norte e\u00a0<span class=\"il\">Sul<\/span>. Juntas, elas totalizam 12 esta\u00e7\u00f5es, 13,9 km de via f\u00e9rrea e transportam cerca de 72,8 mil pessoas por m\u00eas.<\/p>\n<p>&nbsp;<\/p>\n<ul class=\"ListaEst -Verde col2\" style=\"font-weight: bold\">\n<li><a href=\"https:\/\/ww16.ce.gov.br\/metrofor\/wp-content\/uploads\/sites\/75\/2025\/04\/SOBRAL-MAPA-PDF_page-0001-scaled.jpg\">Mapa &#8211; VLT de Sobral<\/a><\/li>\n<li><a href=\"https:\/\/ww16.ce.gov.br\/metrofor\/wp-content\/uploads\/sites\/75\/2025\/04\/CARIRI-MAPA-PDF_page-0001-scaled.jpg\">Mapa &#8211; VLT do Cariri<\/a><\/li>\n<\/ul>\n<p><em>Fotos: Rom\u00e1rio Pinheiro<\/em><\/p>\n","protected":false},"excerpt":{"rendered":"<p>&nbsp; O Metrofor \u00e9 a operadora dos transportes de passageiros sobre trilhos no Cear\u00e1, administrando cinco linhas de transporte p\u00fablico nas tr\u00eas regi\u00f5es de maior atividade econ\u00f4mica do estado, incluindo a regi\u00e3o metropolitana da capital, Fortaleza. S\u00e3o 62 duas esta\u00e7\u00f5es, distribu\u00eddas em 84,3 quil\u00f4metros de vias f\u00e9rreas, constituindo a maior infraestrutura metrovi\u00e1ria do Nordeste, atendendo [&hellip;]<\/p>\n","protected":false},"author":12,"featured_media":0,"parent":0,"menu_order":0,"comment_status":"closed","ping_status":"closed","template":"","meta":{"_acf_changed":false,"inline_featured_image":false,"footnotes":""},"class_list":["post-67960","page","type-page","status-publish","hentry"],"acf":[],"yoast_head":"<!-- This site is optimized with the Yoast SEO plugin v26.9 - https:\/\/yoast.com\/product\/yoast-seo-wordpress\/ -->\n<title>Sistema Metrovi\u00e1rio do Cear\u00e1 - METROFOR<\/title>\n<meta name=\"description\" content=\"O Metrofor \u00e9 a operadora dos transportes de passageiros sobre trilhos no Cear\u00e1, administrando cinco linhas de transporte metrovi\u00e1rio.\" \/>\n<meta name=\"robots\" content=\"index, follow, max-snippet:-1, max-image-preview:large, max-video-preview:-1\" \/>\n<link rel=\"canonical\" href=\"https:\/\/ww16.ce.gov.br\/metrofor\/sistema-metroviario\/\" \/>\n<meta property=\"og:locale\" content=\"pt_BR\" \/>\n<meta property=\"og:type\" content=\"article\" \/>\n<meta property=\"og:title\" content=\"Sistema Metrovi\u00e1rio do Cear\u00e1 - METROFOR\" \/>\n<meta property=\"og:description\" content=\"O Metrofor \u00e9 a operadora dos transportes de passageiros sobre trilhos no Cear\u00e1, administrando cinco linhas de transporte metrovi\u00e1rio.\" \/>\n<meta property=\"og:url\" content=\"https:\/\/ww16.ce.gov.br\/metrofor\/sistema-metroviario\/\" \/>\n<meta property=\"og:site_name\" content=\"METROFOR\" \/>\n<meta property=\"article:modified_time\" content=\"2025-04-07T17:37:25+00:00\" \/>\n<meta property=\"og:image\" content=\"http:\/\/ww16.ce.gov.br\/metrofor\/wp-content\/uploads\/sites\/75\/2023\/06\/image00075-copiar-600x429.jpg\" \/>\n<meta name=\"twitter:card\" content=\"summary_large_image\" \/>\n<meta name=\"twitter:label1\" content=\"Est. reading time\" \/>\n\t<meta name=\"twitter:data1\" content=\"5 minutos\" \/>\n<script type=\"application\/ld+json\" class=\"yoast-schema-graph\">{\"@context\":\"https:\/\/schema.org\",\"@graph\":[{\"@type\":\"WebPage\",\"@id\":\"https:\/\/ww16.ce.gov.br\/metrofor\/sistema-metroviario\/\",\"url\":\"https:\/\/ww16.ce.gov.br\/metrofor\/sistema-metroviario\/\",\"name\":\"Sistema Metrovi\u00e1rio do Cear\u00e1 - METROFOR\",\"isPartOf\":{\"@id\":\"https:\/\/ww16.ce.gov.br\/metrofor\/#website\"},\"primaryImageOfPage\":{\"@id\":\"https:\/\/ww16.ce.gov.br\/metrofor\/sistema-metroviario\/#primaryimage\"},\"image\":{\"@id\":\"https:\/\/ww16.ce.gov.br\/metrofor\/sistema-metroviario\/#primaryimage\"},\"thumbnailUrl\":\"http:\/\/ww16.ce.gov.br\/metrofor\/wp-content\/uploads\/sites\/75\/2023\/06\/image00075-copiar-600x429.jpg\",\"datePublished\":\"2018-10-10T18:02:48+00:00\",\"dateModified\":\"2025-04-07T17:37:25+00:00\",\"description\":\"O Metrofor \u00e9 a operadora dos transportes de passageiros sobre trilhos no Cear\u00e1, administrando cinco linhas de transporte metrovi\u00e1rio.\",\"breadcrumb\":{\"@id\":\"https:\/\/ww16.ce.gov.br\/metrofor\/sistema-metroviario\/#breadcrumb\"},\"inLanguage\":\"pt-BR\",\"potentialAction\":[{\"@type\":\"ReadAction\",\"target\":[\"https:\/\/ww16.ce.gov.br\/metrofor\/sistema-metroviario\/\"]}]},{\"@type\":\"ImageObject\",\"inLanguage\":\"pt-BR\",\"@id\":\"https:\/\/ww16.ce.gov.br\/metrofor\/sistema-metroviario\/#primaryimage\",\"url\":\"http:\/\/ww16.ce.gov.br\/metrofor\/wp-content\/uploads\/sites\/75\/2023\/06\/image00075-copiar-600x429.jpg\",\"contentUrl\":\"http:\/\/ww16.ce.gov.br\/metrofor\/wp-content\/uploads\/sites\/75\/2023\/06\/image00075-copiar-600x429.jpg\"},{\"@type\":\"BreadcrumbList\",\"@id\":\"https:\/\/ww16.ce.gov.br\/metrofor\/sistema-metroviario\/#breadcrumb\",\"itemListElement\":[{\"@type\":\"ListItem\",\"position\":1,\"name\":\"In\u00edcio\",\"item\":\"https:\/\/ww16.ce.gov.br\/metrofor\/\"},{\"@type\":\"ListItem\",\"position\":2,\"name\":\"Sistema Metrovi\u00e1rio do Cear\u00e1\"}]},{\"@type\":\"WebSite\",\"@id\":\"https:\/\/ww16.ce.gov.br\/metrofor\/#website\",\"url\":\"https:\/\/ww16.ce.gov.br\/metrofor\/\",\"name\":\"Metr\u00f4 de Fortaleza\",\"description\":\"Portal METROFOR\",\"publisher\":{\"@id\":\"https:\/\/ww16.ce.gov.br\/metrofor\/#organization\"},\"potentialAction\":[{\"@type\":\"SearchAction\",\"target\":{\"@type\":\"EntryPoint\",\"urlTemplate\":\"https:\/\/ww16.ce.gov.br\/metrofor\/?s={search_term_string}\"},\"query-input\":{\"@type\":\"PropertyValueSpecification\",\"valueRequired\":true,\"valueName\":\"search_term_string\"}}],\"inLanguage\":\"pt-BR\"},{\"@type\":\"Organization\",\"@id\":\"https:\/\/ww16.ce.gov.br\/metrofor\/#organization\",\"name\":\"Metr\u00f4 de Fortaleza\",\"url\":\"https:\/\/ww16.ce.gov.br\/metrofor\/\",\"logo\":{\"@type\":\"ImageObject\",\"inLanguage\":\"pt-BR\",\"@id\":\"https:\/\/ww16.ce.gov.br\/metrofor\/#\/schema\/logo\/image\/\",\"url\":\"http:\/\/ww16.ce.gov.br\/metrofor\/wp-content\/uploads\/sites\/32\/2018\/01\/METROFOR-SEINFRAclara.png\",\"contentUrl\":\"http:\/\/ww16.ce.gov.br\/metrofor\/wp-content\/uploads\/sites\/32\/2018\/01\/METROFOR-SEINFRAclara.png\",\"width\":559,\"height\":106,\"caption\":\"Metr\u00f4 de Fortaleza\"},\"image\":{\"@id\":\"https:\/\/ww16.ce.gov.br\/metrofor\/#\/schema\/logo\/image\/\"}}]}<\/script>\n<!-- \/ Yoast SEO plugin. -->","yoast_head_json":{"title":"Sistema Metrovi\u00e1rio do Cear\u00e1 - METROFOR","description":"O Metrofor \u00e9 a operadora dos transportes de passageiros sobre trilhos no Cear\u00e1, administrando cinco linhas de transporte metrovi\u00e1rio.","robots":{"index":"index","follow":"follow","max-snippet":"max-snippet:-1","max-image-preview":"max-image-preview:large","max-video-preview":"max-video-preview:-1"},"canonical":"https:\/\/ww16.ce.gov.br\/metrofor\/sistema-metroviario\/","og_locale":"pt_BR","og_type":"article","og_title":"Sistema Metrovi\u00e1rio do Cear\u00e1 - METROFOR","og_description":"O Metrofor \u00e9 a operadora dos transportes de passageiros sobre trilhos no Cear\u00e1, administrando cinco linhas de transporte metrovi\u00e1rio.","og_url":"https:\/\/ww16.ce.gov.br\/metrofor\/sistema-metroviario\/","og_site_name":"METROFOR","article_modified_time":"2025-04-07T17:37:25+00:00","og_image":[{"url":"http:\/\/ww16.ce.gov.br\/metrofor\/wp-content\/uploads\/sites\/75\/2023\/06\/image00075-copiar-600x429.jpg","type":"","width":"","height":""}],"twitter_card":"summary_large_image","twitter_misc":{"Est. reading time":"5 minutos"},"schema":{"@context":"https:\/\/schema.org","@graph":[{"@type":"WebPage","@id":"https:\/\/ww16.ce.gov.br\/metrofor\/sistema-metroviario\/","url":"https:\/\/ww16.ce.gov.br\/metrofor\/sistema-metroviario\/","name":"Sistema Metrovi\u00e1rio do Cear\u00e1 - METROFOR","isPartOf":{"@id":"https:\/\/ww16.ce.gov.br\/metrofor\/#website"},"primaryImageOfPage":{"@id":"https:\/\/ww16.ce.gov.br\/metrofor\/sistema-metroviario\/#primaryimage"},"image":{"@id":"https:\/\/ww16.ce.gov.br\/metrofor\/sistema-metroviario\/#primaryimage"},"thumbnailUrl":"http:\/\/ww16.ce.gov.br\/metrofor\/wp-content\/uploads\/sites\/75\/2023\/06\/image00075-copiar-600x429.jpg","datePublished":"2018-10-10T18:02:48+00:00","dateModified":"2025-04-07T17:37:25+00:00","description":"O Metrofor \u00e9 a operadora dos transportes de passageiros sobre trilhos no Cear\u00e1, administrando cinco linhas de transporte metrovi\u00e1rio.","breadcrumb":{"@id":"https:\/\/ww16.ce.gov.br\/metrofor\/sistema-metroviario\/#breadcrumb"},"inLanguage":"pt-BR","potentialAction":[{"@type":"ReadAction","target":["https:\/\/ww16.ce.gov.br\/metrofor\/sistema-metroviario\/"]}]},{"@type":"ImageObject","inLanguage":"pt-BR","@id":"https:\/\/ww16.ce.gov.br\/metrofor\/sistema-metroviario\/#primaryimage","url":"http:\/\/ww16.ce.gov.br\/metrofor\/wp-content\/uploads\/sites\/75\/2023\/06\/image00075-copiar-600x429.jpg","contentUrl":"http:\/\/ww16.ce.gov.br\/metrofor\/wp-content\/uploads\/sites\/75\/2023\/06\/image00075-copiar-600x429.jpg"},{"@type":"BreadcrumbList","@id":"https:\/\/ww16.ce.gov.br\/metrofor\/sistema-metroviario\/#breadcrumb","itemListElement":[{"@type":"ListItem","position":1,"name":"In\u00edcio","item":"https:\/\/ww16.ce.gov.br\/metrofor\/"},{"@type":"ListItem","position":2,"name":"Sistema Metrovi\u00e1rio do Cear\u00e1"}]},{"@type":"WebSite","@id":"https:\/\/ww16.ce.gov.br\/metrofor\/#website","url":"https:\/\/ww16.ce.gov.br\/metrofor\/","name":"Metr\u00f4 de Fortaleza","description":"Portal METROFOR","publisher":{"@id":"https:\/\/ww16.ce.gov.br\/metrofor\/#organization"},"potentialAction":[{"@type":"SearchAction","target":{"@type":"EntryPoint","urlTemplate":"https:\/\/ww16.ce.gov.br\/metrofor\/?s={search_term_string}"},"query-input":{"@type":"PropertyValueSpecification","valueRequired":true,"valueName":"search_term_string"}}],"inLanguage":"pt-BR"},{"@type":"Organization","@id":"https:\/\/ww16.ce.gov.br\/metrofor\/#organization","name":"Metr\u00f4 de Fortaleza","url":"https:\/\/ww16.ce.gov.br\/metrofor\/","logo":{"@type":"ImageObject","inLanguage":"pt-BR","@id":"https:\/\/ww16.ce.gov.br\/metrofor\/#\/schema\/logo\/image\/","url":"http:\/\/ww16.ce.gov.br\/metrofor\/wp-content\/uploads\/sites\/32\/2018\/01\/METROFOR-SEINFRAclara.png","contentUrl":"http:\/\/ww16.ce.gov.br\/metrofor\/wp-content\/uploads\/sites\/32\/2018\/01\/METROFOR-SEINFRAclara.png","width":559,"height":106,"caption":"Metr\u00f4 de Fortaleza"},"image":{"@id":"https:\/\/ww16.ce.gov.br\/metrofor\/#\/schema\/logo\/image\/"}}]}},"_links":{"self":[{"href":"https:\/\/ww16.ce.gov.br\/metrofor\/wp-json\/wp\/v2\/pages\/67960","targetHints":{"allow":["GET"]}}],"collection":[{"href":"https:\/\/ww16.ce.gov.br\/metrofor\/wp-json\/wp\/v2\/pages"}],"about":[{"href":"https:\/\/ww16.ce.gov.br\/metrofor\/wp-json\/wp\/v2\/types\/page"}],"author":[{"embeddable":true,"href":"https:\/\/ww16.ce.gov.br\/metrofor\/wp-json\/wp\/v2\/users\/12"}],"replies":[{"embeddable":true,"href":"https:\/\/ww16.ce.gov.br\/metrofor\/wp-json\/wp\/v2\/comments?post=67960"}],"version-history":[{"count":69,"href":"https:\/\/ww16.ce.gov.br\/metrofor\/wp-json\/wp\/v2\/pages\/67960\/revisions"}],"predecessor-version":[{"id":75183,"href":"https:\/\/ww16.ce.gov.br\/metrofor\/wp-json\/wp\/v2\/pages\/67960\/revisions\/75183"}],"wp:attachment":[{"href":"https:\/\/ww16.ce.gov.br\/metrofor\/wp-json\/wp\/v2\/media?parent=67960"}],"curies":[{"name":"wp","href":"https:\/\/api.w.org\/{rel}","templated":true}]}}