{"id":67542,"date":"2018-04-06T14:53:46","date_gmt":"2018-04-06T17:53:46","guid":{"rendered":"http:\/\/www.metrofor.ce.gov.br\/?page_id=67542"},"modified":"2026-04-29T09:14:24","modified_gmt":"2026-04-29T12:14:24","slug":"cartoes","status":"publish","type":"page","link":"https:\/\/ww16.ce.gov.br\/metrofor\/cartoes\/","title":{"rendered":"Cart\u00f5es"},"content":{"rendered":"\n<p>&nbsp;<\/p>\n\n\n\n<p>Na <strong>Linha Sul<\/strong>, que liga as cidades de Fortaleza, Maracana\u00fa e Pacatuba e no<strong>VLT de Sobral,<\/strong> dois dos sistemas operados pela Metrofor, o pagamento da tarifa \u00e9 feito atrav\u00e9s de cart\u00f5es eletr\u00f4nicos.<\/p>\n\n\n\n<p>&nbsp;<\/p>\n\n\n\n<p>Conhe\u00e7a os tipos de Cart\u00f5es:<\/p>\n\n\n\n<p>&nbsp;<\/p>\n\n\n\n<p><strong>Cart\u00e3o M\u00daLTIPLO:<\/strong> Utilizado para pagamento de passagem inteira e habilitado para ac\u00famulo de cr\u00e9ditos. Este cart\u00e3o pode ser adquirido e recarregado em qualquer bilheteria. No dia-a-dia, o cart\u00e3o fica em posse do usu\u00e1rio, que o utilizar\u00e1 na catraca eletr\u00f4nica a cada embarque.<\/p>\n\n\n\n<p><\/p>\n\n\n\n<p><strong>Cart\u00e3o M\u00daLTIPLO<\/strong> <strong>PERSONALIZADO<\/strong>: Cont\u00e9m os dados do passageiro, ele facilita a recupera\u00e7\u00e3o de cr\u00e9ditos em caso de perda ou roubo. Pode ser solicitado nas esta\u00e7\u00f5es ou atrav\u00e9s do <a href=\"https:\/\/servicos.metrofor.ce.gov.br\/servicos\/cartao-multiplo\/cadastrar\">https:\/\/servicos.metrofor.ce.gov.br\/servicos\/cartao-multiplo\/cadastrar<\/a>  <\/p>\n\n\n\n<p>&nbsp;<\/p>\n\n\n\n<p><strong>Cart\u00e3o UNIT\u00c1RIO: <\/strong>Utilizado para embarque imediato de passageiros que compram apenas uma passagem. O cart\u00e3o \u00e9 recolhido pela catraca eletr\u00f4nica no momento do embarque, o cart\u00e3o unit\u00e1rio tem validade at\u00e9 o fim do dia, na data da compra, sem direito a reembolso.<strong><br><\/strong><\/p>\n\n\n\n<p>&nbsp;<\/p>\n\n\n\n<p><strong>Cart\u00e3o do ESTUDANTE:<\/strong> Utilizado para pagamento da meia-passagem estudantil e habilitado para ac\u00famulo de cr\u00e9ditos. Emitido ap\u00f3s cadastro na Companhia Cearense de Transportes Metropolitanos, este cart\u00e3o pode ser recarregado em qualquer bilheteria e fica em posse do usu\u00e1rio. O cart\u00e3o \u00e9 identificado, de uso pessoal e intransfer\u00edvel. Se voc\u00ea \u00e9 estudante, veja <a href=\"https:\/\/ww16.ce.gov.br\/metrofor\/projeto\/meia-passagem-estudantil\/\">Aqui <\/a>como se cadastrar para emitir seu cart\u00e3o. O cart\u00e3o \u00e9 liberado para utiliza\u00e7\u00e3o de uma passagem na categoria meia estudantil a cada 30 minutos.<\/p>\n\n\n\n<p>&nbsp;<\/p>\n\n\n\n<p><strong>IMPORTANTE \u2013 Validade dos Cr\u00e9ditos:<\/strong> Os cr\u00e9ditos efetuados nos Cart\u00f5es M\u00faltiplo e Estudante n\u00e3o possuem validade e podem ser utilizados por tempo indeterminado.<\/p>\n\n\n\n<p>&nbsp;<\/p>\n\n\n\n<p><strong>Demais Linhas:<\/strong>\u00a0Nas linhas Oeste, que liga Fortaleza a Caucaia e no VLT do Cariri, que liga as cidades de Crato e Juazeiro do Norte, na regi\u00e3o sul do Cear\u00e1, n\u00e3o s\u00e3o utilizados cart\u00f5es eletr\u00f4nicos. O embarque \u00e9 feito com pagamento imediato nas bilheterias. J\u00e1 na Linha Nordeste (Ramal Parangaba-Mucuripe), que cruza 22 bairros de Fortaleza, e atualmente funciona em opera\u00e7\u00e3o assistida, o embarque \u00e9 gratuito.<\/p>\n","protected":false},"excerpt":{"rendered":"<p>&nbsp; Na Linha Sul, que liga as cidades de Fortaleza, Maracana\u00fa e Pacatuba e noVLT de Sobral, dois dos sistemas operados pela Metrofor, o pagamento da tarifa \u00e9 feito atrav\u00e9s de cart\u00f5es eletr\u00f4nicos. &nbsp; Conhe\u00e7a os tipos de Cart\u00f5es: &nbsp; Cart\u00e3o M\u00daLTIPLO: Utilizado para pagamento de passagem inteira e habilitado para ac\u00famulo de cr\u00e9ditos. Este [&hellip;]<\/p>\n","protected":false},"author":12,"featured_media":0,"parent":0,"menu_order":0,"comment_status":"closed","ping_status":"closed","template":"","meta":{"_acf_changed":false,"inline_featured_image":false,"footnotes":""},"class_list":["post-67542","page","type-page","status-publish","hentry"],"acf":[],"yoast_head":"<!-- This site is optimized with the Yoast SEO plugin v26.9 - https:\/\/yoast.com\/product\/yoast-seo-wordpress\/ -->\n<title>Cart\u00f5es - METROFOR<\/title>\n<meta name=\"description\" content=\"Conhe\u00e7as as formas de compra de passagens para embarque nas linhas de metr\u00f4 e VLT operadas pelo Metrofor.\" \/>\n<meta name=\"robots\" content=\"index, follow, max-snippet:-1, max-image-preview:large, max-video-preview:-1\" \/>\n<link rel=\"canonical\" href=\"https:\/\/ww16.ce.gov.br\/metrofor\/cartoes\/\" \/>\n<meta property=\"og:locale\" content=\"pt_BR\" \/>\n<meta property=\"og:type\" content=\"article\" \/>\n<meta property=\"og:title\" content=\"Cart\u00f5es - METROFOR\" \/>\n<meta property=\"og:description\" content=\"Conhe\u00e7as as formas de compra de passagens para embarque nas linhas de metr\u00f4 e VLT operadas pelo Metrofor.\" \/>\n<meta property=\"og:url\" content=\"https:\/\/ww16.ce.gov.br\/metrofor\/cartoes\/\" \/>\n<meta property=\"og:site_name\" content=\"METROFOR\" \/>\n<meta property=\"article:modified_time\" content=\"2026-04-29T12:14:24+00:00\" \/>\n<meta name=\"twitter:card\" content=\"summary_large_image\" \/>\n<meta name=\"twitter:label1\" content=\"Est. reading time\" \/>\n\t<meta name=\"twitter:data1\" content=\"2 minutos\" \/>\n<script type=\"application\/ld+json\" class=\"yoast-schema-graph\">{\"@context\":\"https:\/\/schema.org\",\"@graph\":[{\"@type\":\"WebPage\",\"@id\":\"https:\/\/ww16.ce.gov.br\/metrofor\/cartoes\/\",\"url\":\"https:\/\/ww16.ce.gov.br\/metrofor\/cartoes\/\",\"name\":\"Cart\u00f5es - METROFOR\",\"isPartOf\":{\"@id\":\"https:\/\/ww16.ce.gov.br\/metrofor\/#website\"},\"datePublished\":\"2018-04-06T17:53:46+00:00\",\"dateModified\":\"2026-04-29T12:14:24+00:00\",\"description\":\"Conhe\u00e7as as formas de compra de passagens para embarque nas linhas de metr\u00f4 e VLT operadas pelo Metrofor.\",\"breadcrumb\":{\"@id\":\"https:\/\/ww16.ce.gov.br\/metrofor\/cartoes\/#breadcrumb\"},\"inLanguage\":\"pt-BR\",\"potentialAction\":[{\"@type\":\"ReadAction\",\"target\":[\"https:\/\/ww16.ce.gov.br\/metrofor\/cartoes\/\"]}]},{\"@type\":\"BreadcrumbList\",\"@id\":\"https:\/\/ww16.ce.gov.br\/metrofor\/cartoes\/#breadcrumb\",\"itemListElement\":[{\"@type\":\"ListItem\",\"position\":1,\"name\":\"In\u00edcio\",\"item\":\"https:\/\/ww16.ce.gov.br\/metrofor\/\"},{\"@type\":\"ListItem\",\"position\":2,\"name\":\"Cart\u00f5es\"}]},{\"@type\":\"WebSite\",\"@id\":\"https:\/\/ww16.ce.gov.br\/metrofor\/#website\",\"url\":\"https:\/\/ww16.ce.gov.br\/metrofor\/\",\"name\":\"Metr\u00f4 de Fortaleza\",\"description\":\"Portal METROFOR\",\"publisher\":{\"@id\":\"https:\/\/ww16.ce.gov.br\/metrofor\/#organization\"},\"potentialAction\":[{\"@type\":\"SearchAction\",\"target\":{\"@type\":\"EntryPoint\",\"urlTemplate\":\"https:\/\/ww16.ce.gov.br\/metrofor\/?s={search_term_string}\"},\"query-input\":{\"@type\":\"PropertyValueSpecification\",\"valueRequired\":true,\"valueName\":\"search_term_string\"}}],\"inLanguage\":\"pt-BR\"},{\"@type\":\"Organization\",\"@id\":\"https:\/\/ww16.ce.gov.br\/metrofor\/#organization\",\"name\":\"Metr\u00f4 de Fortaleza\",\"url\":\"https:\/\/ww16.ce.gov.br\/metrofor\/\",\"logo\":{\"@type\":\"ImageObject\",\"inLanguage\":\"pt-BR\",\"@id\":\"https:\/\/ww16.ce.gov.br\/metrofor\/#\/schema\/logo\/image\/\",\"url\":\"http:\/\/ww16.ce.gov.br\/metrofor\/wp-content\/uploads\/sites\/32\/2018\/01\/METROFOR-SEINFRAclara.png\",\"contentUrl\":\"http:\/\/ww16.ce.gov.br\/metrofor\/wp-content\/uploads\/sites\/32\/2018\/01\/METROFOR-SEINFRAclara.png\",\"width\":559,\"height\":106,\"caption\":\"Metr\u00f4 de Fortaleza\"},\"image\":{\"@id\":\"https:\/\/ww16.ce.gov.br\/metrofor\/#\/schema\/logo\/image\/\"}}]}<\/script>\n<!-- \/ Yoast SEO plugin. -->","yoast_head_json":{"title":"Cart\u00f5es - METROFOR","description":"Conhe\u00e7as as formas de compra de passagens para embarque nas linhas de metr\u00f4 e VLT operadas pelo Metrofor.","robots":{"index":"index","follow":"follow","max-snippet":"max-snippet:-1","max-image-preview":"max-image-preview:large","max-video-preview":"max-video-preview:-1"},"canonical":"https:\/\/ww16.ce.gov.br\/metrofor\/cartoes\/","og_locale":"pt_BR","og_type":"article","og_title":"Cart\u00f5es - METROFOR","og_description":"Conhe\u00e7as as formas de compra de passagens para embarque nas linhas de metr\u00f4 e VLT operadas pelo Metrofor.","og_url":"https:\/\/ww16.ce.gov.br\/metrofor\/cartoes\/","og_site_name":"METROFOR","article_modified_time":"2026-04-29T12:14:24+00:00","twitter_card":"summary_large_image","twitter_misc":{"Est. reading time":"2 minutos"},"schema":{"@context":"https:\/\/schema.org","@graph":[{"@type":"WebPage","@id":"https:\/\/ww16.ce.gov.br\/metrofor\/cartoes\/","url":"https:\/\/ww16.ce.gov.br\/metrofor\/cartoes\/","name":"Cart\u00f5es - METROFOR","isPartOf":{"@id":"https:\/\/ww16.ce.gov.br\/metrofor\/#website"},"datePublished":"2018-04-06T17:53:46+00:00","dateModified":"2026-04-29T12:14:24+00:00","description":"Conhe\u00e7as as formas de compra de passagens para embarque nas linhas de metr\u00f4 e VLT operadas pelo Metrofor.","breadcrumb":{"@id":"https:\/\/ww16.ce.gov.br\/metrofor\/cartoes\/#breadcrumb"},"inLanguage":"pt-BR","potentialAction":[{"@type":"ReadAction","target":["https:\/\/ww16.ce.gov.br\/metrofor\/cartoes\/"]}]},{"@type":"BreadcrumbList","@id":"https:\/\/ww16.ce.gov.br\/metrofor\/cartoes\/#breadcrumb","itemListElement":[{"@type":"ListItem","position":1,"name":"In\u00edcio","item":"https:\/\/ww16.ce.gov.br\/metrofor\/"},{"@type":"ListItem","position":2,"name":"Cart\u00f5es"}]},{"@type":"WebSite","@id":"https:\/\/ww16.ce.gov.br\/metrofor\/#website","url":"https:\/\/ww16.ce.gov.br\/metrofor\/","name":"Metr\u00f4 de Fortaleza","description":"Portal METROFOR","publisher":{"@id":"https:\/\/ww16.ce.gov.br\/metrofor\/#organization"},"potentialAction":[{"@type":"SearchAction","target":{"@type":"EntryPoint","urlTemplate":"https:\/\/ww16.ce.gov.br\/metrofor\/?s={search_term_string}"},"query-input":{"@type":"PropertyValueSpecification","valueRequired":true,"valueName":"search_term_string"}}],"inLanguage":"pt-BR"},{"@type":"Organization","@id":"https:\/\/ww16.ce.gov.br\/metrofor\/#organization","name":"Metr\u00f4 de Fortaleza","url":"https:\/\/ww16.ce.gov.br\/metrofor\/","logo":{"@type":"ImageObject","inLanguage":"pt-BR","@id":"https:\/\/ww16.ce.gov.br\/metrofor\/#\/schema\/logo\/image\/","url":"http:\/\/ww16.ce.gov.br\/metrofor\/wp-content\/uploads\/sites\/32\/2018\/01\/METROFOR-SEINFRAclara.png","contentUrl":"http:\/\/ww16.ce.gov.br\/metrofor\/wp-content\/uploads\/sites\/32\/2018\/01\/METROFOR-SEINFRAclara.png","width":559,"height":106,"caption":"Metr\u00f4 de Fortaleza"},"image":{"@id":"https:\/\/ww16.ce.gov.br\/metrofor\/#\/schema\/logo\/image\/"}}]}},"_links":{"self":[{"href":"https:\/\/ww16.ce.gov.br\/metrofor\/wp-json\/wp\/v2\/pages\/67542","targetHints":{"allow":["GET"]}}],"collection":[{"href":"https:\/\/ww16.ce.gov.br\/metrofor\/wp-json\/wp\/v2\/pages"}],"about":[{"href":"https:\/\/ww16.ce.gov.br\/metrofor\/wp-json\/wp\/v2\/types\/page"}],"author":[{"embeddable":true,"href":"https:\/\/ww16.ce.gov.br\/metrofor\/wp-json\/wp\/v2\/users\/12"}],"replies":[{"embeddable":true,"href":"https:\/\/ww16.ce.gov.br\/metrofor\/wp-json\/wp\/v2\/comments?post=67542"}],"version-history":[{"count":39,"href":"https:\/\/ww16.ce.gov.br\/metrofor\/wp-json\/wp\/v2\/pages\/67542\/revisions"}],"predecessor-version":[{"id":75366,"href":"https:\/\/ww16.ce.gov.br\/metrofor\/wp-json\/wp\/v2\/pages\/67542\/revisions\/75366"}],"wp:attachment":[{"href":"https:\/\/ww16.ce.gov.br\/metrofor\/wp-json\/wp\/v2\/media?parent=67542"}],"curies":[{"name":"wp","href":"https:\/\/api.w.org\/{rel}","templated":true}]}}