{"id":67313,"date":"2018-03-26T16:16:53","date_gmt":"2018-03-26T19:16:53","guid":{"rendered":"http:\/\/www.metrofor.ce.gov.br\/?page_id=67313"},"modified":"2026-05-04T13:55:51","modified_gmt":"2026-05-04T16:55:51","slug":"linha-sul","status":"publish","type":"page","link":"https:\/\/ww16.ce.gov.br\/metrofor\/linha-sul\/","title":{"rendered":"Linha Sul"},"content":{"rendered":"\n<p>A Linha Sul da Metrofor \u00e9 a maior via de transporte de passageiros sobre trilhos no Cear\u00e1, em extens\u00e3o, quantidade de esta\u00e7\u00f5es e demanda de transporte. Com 24,1 km e 20 esta\u00e7\u00f5es, interliga os munic\u00edpios de Fortaleza, Maracana\u00fa e Pacatuba, atendendo parte significativa da Regi\u00e3o Metropolitana da Capital.<\/p>\n\n\n\n<div class=\"wp-block-cegovbr-titulo-personalizado cegovbr-titulo-personalizado\"><div class=\"cegovbr-titulo-header\"><span class=\"material-symbols-outlined cegovbr-titulo-icon\">schedule<\/span><h6 class=\"cegovbr-titulo-text\">Dias e hor\u00e1rios<\/h6><\/div><\/div>\n\n\n\n<p>Segunda a s\u00e1bado, de 5h30 \u00e0s 23h<\/p>\n\n\n\n<div class=\"wp-block-buttons is-layout-flex wp-block-buttons-is-layout-flex\">\n<div class=\"wp-block-button\"><a class=\"wp-block-button__link has-text-align-center wp-element-button\" href=\"https:\/\/info.metrofor.ce.gov.br\/horarios\">Pesquisa de hor\u00e1rios por esta\u00e7\u00e3o<\/a><\/div>\n<\/div>\n\n\n\n<div class=\"wp-block-cegovbr-titulo-personalizado cegovbr-titulo-personalizado\"><div class=\"cegovbr-titulo-header\"><span class=\"material-symbols-outlined cegovbr-titulo-icon\">attach_money<\/span><h6 class=\"cegovbr-titulo-text\">Tarifas<\/h6><\/div><\/div>\n\n\n\n<p>R$ 3,60 (inteira) e R$ 1,80 (meia)<\/p>\n\n\n\n<div class=\"wp-block-cegovbr-titulo-personalizado cegovbr-titulo-personalizado\"><div class=\"cegovbr-titulo-header\"><span class=\"material-symbols-outlined cegovbr-titulo-icon\">attach_money<\/span><h6 class=\"cegovbr-titulo-text\">Formas de pagamento:<\/h6><\/div><\/div>\n\n\n\n<p>Dinheiro e Pix<\/p>\n\n\n\n<p>Troco m\u00e1ximo: R$ 50<\/p>\n\n\n\n<div class=\"wp-block-cegovbr-titulo-personalizado cegovbr-titulo-personalizado\"><div class=\"cegovbr-titulo-header\"><span class=\"material-symbols-outlined cegovbr-titulo-icon\">timeline<\/span><h6 class=\"cegovbr-titulo-text\">Percurso<\/h6><\/div><\/div>\n\n\n\n<p>Utilize o mapa do Google para iniciar rotas a partir da sua localiza\u00e7\u00e3o atual at\u00e9 a esta\u00e7\u00e3o de sua prefer\u00eancia<\/p>\n\n\n\n<div class=\"wp-block-cegovbr-titulo-personalizado cegovbr-titulo-personalizado\"><div class=\"cegovbr-titulo-header\"><span class=\"material-symbols-outlined cegovbr-titulo-icon\">account_balance<\/span><h6 class=\"cegovbr-titulo-text\">Esta\u00e7\u00f5es<\/h6><\/div><\/div>\n\n\n\n<div class=\"wp-block-group has-border-color has-neutral-200-border-color has-base-0-background-color has-background is-layout-flow wp-block-group-is-layout-flow\" style=\"border-width:0.0625rem;border-radius:0.75rem;padding-top:1.5rem;padding-right:1.5rem;padding-bottom:1.5rem;padding-left:1.5rem\">\n<p><\/p>\n\n\n\n<table id=\"tablepress-36\" class=\"tablepress tablepress-id-36\">\n<thead>\n<tr class=\"row-1\">\n\t<th class=\"column-1\">ESTA\u00c7\u00c3O<\/th><th class=\"column-2\">ENDERE\u00c7O<\/th><th class=\"column-3\">VER NO MAPA<\/th>\n<\/tr>\n<\/thead>\n<tbody>\n<tr class=\"row-2\">\n\t<td class=\"column-1\">Chico da Silva<\/td><td class=\"column-2\">Rua Padre Moror\u00f3, n\u00ba 405 &#8211; Moura Brasil<\/td><td class=\"column-3\"><a href=\"https:\/\/www.google.com\/maps\/d\/edit?mid=1QkVypH5-FAr7kHSh3GRvtuBw63GhgoIF&amp;usp=sharing\"><img loading=\"lazy\" decoding=\"async\" src=\"https:\/\/ww16.ce.gov.br\/metrofor\/wp-content\/uploads\/sites\/75\/2023\/03\/xxx2642502-picsay.png\" width=\"24\" height=\"24\"><\/a><\/td>\n<\/tr>\n<tr class=\"row-3\">\n\t<td class=\"column-1\">Jos\u00e9 de Alencar<\/td><td class=\"column-2\">Avenida Trist\u00e3o Gon\u00e7alves n\u00ba 511 &#8211; Centro<\/td><td class=\"column-3\"><a href=\"https:\/\/www.google.com\/maps\/d\/edit?mid=1O18Xeh5R3L6mgHaR8Bmz0y7HvSZe0f8G&amp;usp=sharing\"><img loading=\"lazy\" decoding=\"async\" src=\"https:\/\/ww16.ce.gov.br\/metrofor\/wp-content\/uploads\/sites\/75\/2023\/03\/xxx2642502-picsay.png\" width=\"24\" height=\"24\"><\/a><\/td>\n<\/tr>\n<tr class=\"row-4\">\n\t<td class=\"column-1\">S\u00e3o Benedito<\/td><td class=\"column-2\">Avenida Trist\u00e3o Gon\u00e7alves, 1174<\/td><td class=\"column-3\"><a href=\"https:\/\/www.google.com\/maps\/d\/edit?mid=1a2xmbagn5s9fXGLrpSPu5z_ZEv7uD1ny&amp;usp=sharing\"><img loading=\"lazy\" decoding=\"async\" src=\"https:\/\/ww16.ce.gov.br\/metrofor\/wp-content\/uploads\/sites\/75\/2023\/03\/xxx2642502-picsay.png\" width=\"24\" height=\"24\"><\/a><\/td>\n<\/tr>\n<tr class=\"row-5\">\n\t<td class=\"column-1\">Benfica<\/td><td class=\"column-2\">Avenida Carapinima, n\u00ba 2087 &#8211; Benfica<\/td><td class=\"column-3\"><a href=\"https:\/\/www.google.com\/maps\/d\/edit?mid=1p3lAFAv-xPbMbE9uU3tX9fafTHI0DnnS&amp;usp=sharing\"><img loading=\"lazy\" decoding=\"async\" src=\"https:\/\/ww16.ce.gov.br\/metrofor\/wp-content\/uploads\/sites\/75\/2023\/03\/xxx2642502-picsay.png\" width=\"24\" height=\"24\"><\/a><\/td>\n<\/tr>\n<tr class=\"row-6\">\n\t<td class=\"column-1\">Padre C\u00edcero<\/td><td class=\"column-2\">Av. Jos\u00e9 Bastos, em frente ao Campo do Cear\u00e1<\/td><td class=\"column-3\"><a href=\"https:\/\/www.google.com\/maps\/d\/edit?mid=1p3lAFAv-xPbMbE9uU3tX9fafTHI0DnnS&amp;usp=sharing\"><img loading=\"lazy\" decoding=\"async\" src=\"https:\/\/ww16.ce.gov.br\/metrofor\/wp-content\/uploads\/sites\/75\/2023\/03\/xxx2642502-picsay.png\" width=\"24\" height=\"24\"><\/a><\/td>\n<\/tr>\n<tr class=\"row-7\">\n\t<td class=\"column-1\">Porangabussu<\/td><td class=\"column-2\">Rua Professor Costa Mendes, n\u00ba 1455 &#8211; Damas<\/td><td class=\"column-3\"><a href=\"https:\/\/www.google.com\/maps\/d\/edit?mid=1lT4mo1UmOE-lQFf-4KeNXjlT6eul9151&amp;usp=sharing\"><img loading=\"lazy\" decoding=\"async\" src=\"https:\/\/ww16.ce.gov.br\/metrofor\/wp-content\/uploads\/sites\/75\/2023\/03\/xxx2642502-picsay.png\" width=\"24\" height=\"24\"><\/a><\/td>\n<\/tr>\n<tr class=\"row-8\">\n\t<td class=\"column-1\">Couto Fernandes<\/td><td class=\"column-2\">Avenida Jos\u00e9 Bastos, n\u00ba 4655 &#8211; Dem\u00f3crito Rocha\t<\/td><td class=\"column-3\"><a href=\"https:\/\/www.google.com\/maps\/d\/edit?mid=1jhKKu0Tm_zaiebQ59koFaxhp2kKDVYxF&amp;usp=sharing\"><img loading=\"lazy\" decoding=\"async\" src=\"https:\/\/ww16.ce.gov.br\/metrofor\/wp-content\/uploads\/sites\/75\/2023\/03\/xxx2642502-picsay.png\" width=\"24\" height=\"24\"><\/a><\/td>\n<\/tr>\n<tr class=\"row-9\">\n\t<td class=\"column-1\">Juscelino Kubistsheck<\/td><td class=\"column-2\">Avenida Jo\u00e3o Pessoa, n\u00ba 6460 &#8211; Parangaba\t<\/td><td class=\"column-3\"><a href=\"https:\/\/www.google.com\/maps\/d\/edit?mid=1Xh3fZsoFiAIDO7PMrPwg0j09o0tNQIXi&amp;usp=sharing\"><img loading=\"lazy\" decoding=\"async\" src=\"https:\/\/ww16.ce.gov.br\/metrofor\/wp-content\/uploads\/sites\/75\/2023\/03\/xxx2642502-picsay.png\" width=\"24\" height=\"24\"><\/a><\/td>\n<\/tr>\n<tr class=\"row-10\">\n\t<td class=\"column-1\">Parangaba<\/td><td class=\"column-2\">Avenida Carlos Amora, n\u00ba 190 &#8211; Parangaba<\/td><td class=\"column-3\"><a href=\"https:\/\/www.google.com\/maps\/d\/edit?mid=14S8_jt6B0vVxvaP450gDIb1EmilbzGod&amp;usp=sharing\"><img loading=\"lazy\" decoding=\"async\" src=\"https:\/\/ww16.ce.gov.br\/metrofor\/wp-content\/uploads\/sites\/75\/2023\/03\/xxx2642502-picsay.png\" width=\"24\" height=\"24\"><\/a><\/td>\n<\/tr>\n<tr class=\"row-11\">\n\t<td class=\"column-1\">Vila Pery<\/td><td class=\"column-2\">Rua C\u00f4nego de Castro, n\u00ba 1399 &#8211; Vila Pery<\/td><td class=\"column-3\"><a href=\"https:\/\/www.google.com\/maps\/d\/edit?mid=1YuWrbGQPfnlHftVbg5I2nsqR5DwDuSU8&amp;usp=sharing\"><img loading=\"lazy\" decoding=\"async\" src=\"https:\/\/ww16.ce.gov.br\/metrofor\/wp-content\/uploads\/sites\/75\/2023\/03\/xxx2642502-picsay.png\" width=\"24\" height=\"24\"><\/a><\/td>\n<\/tr>\n<tr class=\"row-12\">\n\t<td class=\"column-1\">Manoel S\u00e1tiro<\/td><td class=\"column-2\">Rua Manoel S\u00e1tiro, n\u00ba 599 &#8211; Vila Manoel S\u00e1tiro<\/td><td class=\"column-3\"><a href=\"https:\/\/www.google.com\/maps\/d\/edit?mid=1ydzBz8zL4tQK6Y2SqEdS3KHpksq36asV&amp;usp=sharing\"><img loading=\"lazy\" decoding=\"async\" src=\"https:\/\/ww16.ce.gov.br\/metrofor\/wp-content\/uploads\/sites\/75\/2023\/03\/xxx2642502-picsay.png\" width=\"24\" height=\"24\"><\/a><\/td>\n<\/tr>\n<tr class=\"row-13\">\n\t<td class=\"column-1\">Mondubim<\/td><td class=\"column-2\">Rua Manoel S\u00e1tiro, n\u00ba 1155 &#8211; Mondubim<\/td><td class=\"column-3\"><a href=\"https:\/\/www.google.com\/maps\/d\/edit?mid=1TBZjMF1SUXHDGLV-4bYtkGiVJiG2Q2n2&amp;usp=sharing\"><img loading=\"lazy\" decoding=\"async\" src=\"https:\/\/ww16.ce.gov.br\/metrofor\/wp-content\/uploads\/sites\/75\/2023\/03\/xxx2642502-picsay.png\" width=\"24\" height=\"24\"><\/a><\/td>\n<\/tr>\n<tr class=\"row-14\">\n\t<td class=\"column-1\">Esperan\u00e7a<\/td><td class=\"column-2\">Avenida Penetra\u00e7\u00e3o Leste, n\u00ba 104 &#8211; Conjunto Esperan\u00e7a<\/td><td class=\"column-3\"><a href=\"https:\/\/www.google.com\/maps\/d\/edit?mid=1YTXQV8_qmsKQ6sXLU8x06ZPuzeWH5zgz&amp;usp=sharing\"><img loading=\"lazy\" decoding=\"async\" src=\"https:\/\/ww16.ce.gov.br\/metrofor\/wp-content\/uploads\/sites\/75\/2023\/03\/xxx2642502-picsay.png\" width=\"24\" height=\"24\"><\/a><\/td>\n<\/tr>\n<tr class=\"row-15\">\n\t<td class=\"column-1\">Aracap\u00e9<\/td><td class=\"column-2\">Rua Manoel S\u00e1tiro, s\/n &#8211; Parque Santa Rosa\t<\/td><td class=\"column-3\"><a href=\"https:\/\/www.google.com\/maps\/d\/edit?mid=1VxUqG7gdNBlZ6Yg3b9YJv0GQRSQMl2SV&amp;usp=sharing\"><img loading=\"lazy\" decoding=\"async\" src=\"https:\/\/ww16.ce.gov.br\/metrofor\/wp-content\/uploads\/sites\/75\/2023\/03\/xxx2642502-picsay.png\" width=\"24\" height=\"24\"><\/a><\/td>\n<\/tr>\n<tr class=\"row-16\">\n\t<td class=\"column-1\">Alto Alegre<\/td><td class=\"column-2\">Avenida do Anel Vi\u00e1rio, s\/n &#8211; Alto Alegre\t<\/td><td class=\"column-3\"><a href=\"https:\/\/www.google.com\/maps\/d\/edit?mid=1bk2RSSOjQKi98xs3Dria84VrtA486apC&amp;usp=sharing\"><img loading=\"lazy\" decoding=\"async\" src=\"https:\/\/ww16.ce.gov.br\/metrofor\/wp-content\/uploads\/sites\/75\/2023\/03\/xxx2642502-picsay.png\" width=\"24\" height=\"24\"><\/a><\/td>\n<\/tr>\n<tr class=\"row-17\">\n\t<td class=\"column-1\">Rachel de Queiroz<\/td><td class=\"column-2\">Avenida Central Sul, s\/n &#8211; Acaracuzinho<\/td><td class=\"column-3\"><a href=\"https:\/\/www.google.com\/maps\/d\/edit?mid=1lKhKarPuGqKyhMcIJWtWOBN4MAObFIYe&amp;usp=sharing\"><img loading=\"lazy\" decoding=\"async\" src=\"https:\/\/ww16.ce.gov.br\/metrofor\/wp-content\/uploads\/sites\/75\/2023\/03\/xxx2642502-picsay.png\" width=\"24\" height=\"24\"><\/a><\/td>\n<\/tr>\n<tr class=\"row-18\">\n\t<td class=\"column-1\">Virg\u00edlio T\u00e1vora<\/td><td class=\"column-2\">Avenida Parque Sul, s\/n &#8211; Conjunto Novo Maracana\u00fa<\/td><td class=\"column-3\"><a href=\"https:\/\/www.google.com\/maps\/d\/edit?mid=1BYQibSNOnK_OqeeTyKIB5sGV6kMYZsyA&amp;usp=sharing\"><img loading=\"lazy\" decoding=\"async\" src=\"https:\/\/ww16.ce.gov.br\/metrofor\/wp-content\/uploads\/sites\/75\/2023\/03\/xxx2642502-picsay.png\" width=\"24\" height=\"24\"><\/a><\/td>\n<\/tr>\n<tr class=\"row-19\">\n\t<td class=\"column-1\">Maracana\u00fa<\/td><td class=\"column-2\">Pra\u00e7a Henrique Mendes, s\/n &#8211; Centro &#8211; Maracana\u00fa\t<\/td><td class=\"column-3\"><a href=\"https:\/\/www.google.com\/maps\/d\/edit?mid=1HpsOFCf5adq19JYg7_Ef6OpaNJZxmjS8&amp;usp=sharing\"><img loading=\"lazy\" decoding=\"async\" src=\"https:\/\/ww16.ce.gov.br\/metrofor\/wp-content\/uploads\/sites\/75\/2023\/03\/xxx2642502-picsay.png\" width=\"24\" height=\"24\"><\/a><\/td>\n<\/tr>\n<tr class=\"row-20\">\n\t<td class=\"column-1\">Jereissati<\/td><td class=\"column-2\">Rua Manoel Pereira, em frente ao n\u00famero 389, s\/n &#8211; Boa Vista\t<\/td><td class=\"column-3\"><a href=\"https:\/\/www.google.com\/maps\/d\/edit?mid=1_6UQPYFuOQIHnj5KHn7sECH66v8mS00t&amp;usp=sharing\"><img loading=\"lazy\" decoding=\"async\" src=\"https:\/\/ww16.ce.gov.br\/metrofor\/wp-content\/uploads\/sites\/75\/2023\/03\/xxx2642502-picsay.png\" width=\"24\" height=\"24\"><\/a><\/td>\n<\/tr>\n<tr class=\"row-21\">\n\t<td class=\"column-1\">Carlito Benevides<\/td><td class=\"column-2\">Rua 17, n\u00ba 01 &#8211; Bom Futuro\/Vila das Flores<\/td><td class=\"column-3\"><a href=\"https:\/\/www.google.com\/maps\/d\/edit?mid=1B71UgyRXwYJ3iH8doDCG4MeaGlDoPxOx&amp;usp=sharing\"><img loading=\"lazy\" decoding=\"async\" src=\"https:\/\/ww16.ce.gov.br\/metrofor\/wp-content\/uploads\/sites\/75\/2023\/03\/xxx2642502-picsay.png\" width=\"24\" height=\"24\"><\/a><\/td>\n<\/tr>\n<\/tbody>\n<\/table>\n<!-- #tablepress-36 from cache --><\/div>\n\n\n\n<div class=\"wp-block-cegovbr-titulo-personalizado cegovbr-titulo-personalizado\"><div class=\"cegovbr-titulo-header\"><span class=\"material-symbols-outlined cegovbr-titulo-icon\">info<\/span><h6 class=\"cegovbr-titulo-text\">Cart\u00f5es<\/h6><\/div><\/div>\n\n\n\n<p><strong>M\u00faltiplo: &nbsp;<\/strong>Utilizado para pagamento de passagem inteira e habilitado para ac\u00famulo de cr\u00e9ditos. Este cart\u00e3o pode ser adquirido e recarregado em qualquer bilheteria. No dia-a-dia, o cart\u00e3o fica em posse do usu\u00e1rio, que o utilizar\u00e1 na catraca eletr\u00f4nica a cada embarque. Cr\u00e9ditos inseridos n\u00e3o exipiram.<\/p>\n\n\n\n<p><strong>Unit\u00e1rio:<\/strong> Utilizado para embarque imediato de passageiros que compram apenas uma passagem. O cart\u00e3o \u00e9 recolhido pela catraca eletr\u00f4nica no momento do embarque, o cart\u00e3o unit\u00e1rio tem validade at\u00e9 o fim do dia, na data da compra, sem direito a reembolso.<\/p>\n\n\n\n<p><strong>Estudante:<\/strong> Utilizado para pagamento da meia-passagem estudantil e habilitado para ac\u00famulo de cr\u00e9ditos. Emitido ap\u00f3s cadastro na Companhia Cearense de Transportes Metropolitanos, este cart\u00e3o pode ser recarregado em qualquer bilheteria e fica em posse do usu\u00e1rio. O cart\u00e3o \u00e9 identificado, de uso pessoal e intransfer\u00edvel.&nbsp;<\/p>\n\n\n\n<p><strong>Gratuidade:<\/strong> \u00c9 emitido para facilitar o embarque de pessoas com autismo, HIV e defici\u00eancias, mediante cadastro na Metrofor. O Cart\u00e3o Gratuidade \u00e9 de uso permanente, e dispensa a apresenta\u00e7\u00e3o de documentos comprobat\u00f3rios no ato do embarque.<\/p>\n\n\n\n<p><strong>VaiVem: <\/strong>Concedido pelo Governo do Cear\u00e1 para pessoas que est\u00e3o em busca de emprego formal e estudantes, garantindo acesso gratuito ao sistema de transporte (\u00f4nibus, metr\u00f4s e vans) na Regi\u00e3o Metropolitana de Fortaleza.<\/p>\n\n\n\n<p>Para mais informa\u00e7\u00f5es e detalhes sobre os Cart\u00f5es da Metrofor, consulte a p\u00e1gina:<\/p>\n\n\n\n<div class=\"wp-block-buttons is-layout-flex wp-block-buttons-is-layout-flex\">\n<div class=\"wp-block-button\"><a class=\"wp-block-button__link wp-element-button\" href=\"https:\/\/ww16.ce.gov.br\/metrofor\/cartoes\/\">Tudo sobre bilhetagem<\/a><\/div>\n<\/div>\n\n\n\n<p><\/p>\n\n\n\n<div class=\"wp-block-cegovbr-titulo-personalizado cegovbr-titulo-personalizado\"><div class=\"cegovbr-titulo-header\"><span class=\"material-symbols-outlined cegovbr-titulo-icon\">person<\/span><h6 class=\"cegovbr-titulo-text\">Capacidade<\/h6><\/div><\/div>\n\n\n\n<p>890 pessoas, por viagem.<\/p>\n\n\n\n<div class=\"wp-block-cegovbr-titulo-personalizado cegovbr-titulo-personalizado\"><div class=\"cegovbr-titulo-header\"><span class=\"material-symbols-outlined cegovbr-titulo-icon\">person<\/span><h6 class=\"cegovbr-titulo-text\">Demanda<\/h6><\/div><\/div>\n\n\n\n<p>738,8 mil embarques mensais<\/p>\n\n\n\n<div class=\"wp-block-cegovbr-titulo-personalizado cegovbr-titulo-personalizado\"><div class=\"cegovbr-titulo-header\"><span class=\"material-symbols-outlined cegovbr-titulo-icon\">account_balance<\/span><h6 class=\"cegovbr-titulo-text\">Esta\u00e7\u00f5es mais movimentadas<\/h6><\/div><\/div>\n\n\n\n<figure class=\"wp-block-table\"><table class=\"has-fixed-layout\"><tbody><tr><td>Jos\u00e9 de Alencar<\/td><td>134 mil embarques\/m\u00eas<\/td><\/tr><tr><td>Parangaba<\/td><td>87 mil embarques\/m\u00eas<\/td><\/tr><tr><td>Maracana\u00fa<\/td><td>65 mil embarques\/m\u00eas<\/td><\/tr><\/tbody><\/table><\/figure>\n\n\n\n<div class=\"wp-block-cegovbr-titulo-personalizado cegovbr-titulo-personalizado\"><div class=\"cegovbr-titulo-header\"><span class=\"material-symbols-outlined cegovbr-titulo-icon\">settings<\/span><h6 class=\"cegovbr-titulo-text\">Sistema: metr\u00f4<\/h6><\/div><\/div>\n\n\n\n<p>Linha Sul opera com Trens de Unidade El\u00e9trica (TUEs), em velocidades que chegam a 60 km\/h ou 70 km\/h, com tra\u00e7\u00e3o por via el\u00e9trica a\u00e9rea, cuja tens\u00e3o \u00e9 de 3 mil volts. A via \u00e9 segregada em toda sua extens\u00e3o, n\u00e3o havendo cruzamento com ruas e avenidas.<\/p>\n","protected":false},"excerpt":{"rendered":"<p>A Linha Sul da Metrofor \u00e9 a maior via de transporte de passageiros sobre trilhos no Cear\u00e1, em extens\u00e3o, quantidade de esta\u00e7\u00f5es e demanda de transporte. Com 24,1 km e 20 esta\u00e7\u00f5es, interliga os munic\u00edpios de Fortaleza, Maracana\u00fa e Pacatuba, atendendo parte significativa da Regi\u00e3o Metropolitana da Capital. Segunda a s\u00e1bado, de 5h30 \u00e0s 23h [&hellip;]<\/p>\n","protected":false},"author":12,"featured_media":0,"parent":0,"menu_order":1,"comment_status":"closed","ping_status":"closed","template":"","meta":{"_acf_changed":false,"inline_featured_image":false,"footnotes":""},"class_list":["post-67313","page","type-page","status-publish","hentry"],"acf":[],"yoast_head":"<!-- This site is optimized with the Yoast SEO plugin v26.9 - https:\/\/yoast.com\/product\/yoast-seo-wordpress\/ -->\n<title>Linha Sul - METROFOR<\/title>\n<meta name=\"robots\" content=\"index, follow, max-snippet:-1, max-image-preview:large, max-video-preview:-1\" \/>\n<link rel=\"canonical\" href=\"https:\/\/ww16.ce.gov.br\/metrofor\/linha-sul\/\" \/>\n<meta property=\"og:locale\" content=\"pt_BR\" \/>\n<meta property=\"og:type\" content=\"article\" \/>\n<meta property=\"og:title\" content=\"Linha Sul - METROFOR\" \/>\n<meta property=\"og:description\" content=\"A Linha Sul da Metrofor \u00e9 a maior via de transporte de passageiros sobre trilhos no Cear\u00e1, em extens\u00e3o, quantidade de esta\u00e7\u00f5es e demanda de transporte. Com 24,1 km e 20 esta\u00e7\u00f5es, interliga os munic\u00edpios de Fortaleza, Maracana\u00fa e Pacatuba, atendendo parte significativa da Regi\u00e3o Metropolitana da Capital. Segunda a s\u00e1bado, de 5h30 \u00e0s 23h [&hellip;]\" \/>\n<meta property=\"og:url\" content=\"https:\/\/ww16.ce.gov.br\/metrofor\/linha-sul\/\" \/>\n<meta property=\"og:site_name\" content=\"METROFOR\" \/>\n<meta property=\"article:modified_time\" content=\"2026-05-04T16:55:51+00:00\" \/>\n<meta name=\"twitter:card\" content=\"summary_large_image\" \/>\n<meta name=\"twitter:label1\" content=\"Est. reading time\" \/>\n\t<meta name=\"twitter:data1\" content=\"3 minutos\" \/>\n<script type=\"application\/ld+json\" class=\"yoast-schema-graph\">{\"@context\":\"https:\/\/schema.org\",\"@graph\":[{\"@type\":\"WebPage\",\"@id\":\"https:\/\/ww16.ce.gov.br\/metrofor\/linha-sul\/\",\"url\":\"https:\/\/ww16.ce.gov.br\/metrofor\/linha-sul\/\",\"name\":\"Linha Sul - METROFOR\",\"isPartOf\":{\"@id\":\"https:\/\/ww16.ce.gov.br\/metrofor\/#website\"},\"datePublished\":\"2018-03-26T19:16:53+00:00\",\"dateModified\":\"2026-05-04T16:55:51+00:00\",\"breadcrumb\":{\"@id\":\"https:\/\/ww16.ce.gov.br\/metrofor\/linha-sul\/#breadcrumb\"},\"inLanguage\":\"pt-BR\",\"potentialAction\":[{\"@type\":\"ReadAction\",\"target\":[\"https:\/\/ww16.ce.gov.br\/metrofor\/linha-sul\/\"]}]},{\"@type\":\"BreadcrumbList\",\"@id\":\"https:\/\/ww16.ce.gov.br\/metrofor\/linha-sul\/#breadcrumb\",\"itemListElement\":[{\"@type\":\"ListItem\",\"position\":1,\"name\":\"In\u00edcio\",\"item\":\"https:\/\/ww16.ce.gov.br\/metrofor\/\"},{\"@type\":\"ListItem\",\"position\":2,\"name\":\"Linha Sul\"}]},{\"@type\":\"WebSite\",\"@id\":\"https:\/\/ww16.ce.gov.br\/metrofor\/#website\",\"url\":\"https:\/\/ww16.ce.gov.br\/metrofor\/\",\"name\":\"Metr\u00f4 de Fortaleza\",\"description\":\"Portal METROFOR\",\"publisher\":{\"@id\":\"https:\/\/ww16.ce.gov.br\/metrofor\/#organization\"},\"potentialAction\":[{\"@type\":\"SearchAction\",\"target\":{\"@type\":\"EntryPoint\",\"urlTemplate\":\"https:\/\/ww16.ce.gov.br\/metrofor\/?s={search_term_string}\"},\"query-input\":{\"@type\":\"PropertyValueSpecification\",\"valueRequired\":true,\"valueName\":\"search_term_string\"}}],\"inLanguage\":\"pt-BR\"},{\"@type\":\"Organization\",\"@id\":\"https:\/\/ww16.ce.gov.br\/metrofor\/#organization\",\"name\":\"Metr\u00f4 de Fortaleza\",\"url\":\"https:\/\/ww16.ce.gov.br\/metrofor\/\",\"logo\":{\"@type\":\"ImageObject\",\"inLanguage\":\"pt-BR\",\"@id\":\"https:\/\/ww16.ce.gov.br\/metrofor\/#\/schema\/logo\/image\/\",\"url\":\"http:\/\/ww16.ce.gov.br\/metrofor\/wp-content\/uploads\/sites\/32\/2018\/01\/METROFOR-SEINFRAclara.png\",\"contentUrl\":\"http:\/\/ww16.ce.gov.br\/metrofor\/wp-content\/uploads\/sites\/32\/2018\/01\/METROFOR-SEINFRAclara.png\",\"width\":559,\"height\":106,\"caption\":\"Metr\u00f4 de Fortaleza\"},\"image\":{\"@id\":\"https:\/\/ww16.ce.gov.br\/metrofor\/#\/schema\/logo\/image\/\"}}]}<\/script>\n<!-- \/ Yoast SEO plugin. -->","yoast_head_json":{"title":"Linha Sul - METROFOR","robots":{"index":"index","follow":"follow","max-snippet":"max-snippet:-1","max-image-preview":"max-image-preview:large","max-video-preview":"max-video-preview:-1"},"canonical":"https:\/\/ww16.ce.gov.br\/metrofor\/linha-sul\/","og_locale":"pt_BR","og_type":"article","og_title":"Linha Sul - METROFOR","og_description":"A Linha Sul da Metrofor \u00e9 a maior via de transporte de passageiros sobre trilhos no Cear\u00e1, em extens\u00e3o, quantidade de esta\u00e7\u00f5es e demanda de transporte. Com 24,1 km e 20 esta\u00e7\u00f5es, interliga os munic\u00edpios de Fortaleza, Maracana\u00fa e Pacatuba, atendendo parte significativa da Regi\u00e3o Metropolitana da Capital. Segunda a s\u00e1bado, de 5h30 \u00e0s 23h [&hellip;]","og_url":"https:\/\/ww16.ce.gov.br\/metrofor\/linha-sul\/","og_site_name":"METROFOR","article_modified_time":"2026-05-04T16:55:51+00:00","twitter_card":"summary_large_image","twitter_misc":{"Est. reading time":"3 minutos"},"schema":{"@context":"https:\/\/schema.org","@graph":[{"@type":"WebPage","@id":"https:\/\/ww16.ce.gov.br\/metrofor\/linha-sul\/","url":"https:\/\/ww16.ce.gov.br\/metrofor\/linha-sul\/","name":"Linha Sul - METROFOR","isPartOf":{"@id":"https:\/\/ww16.ce.gov.br\/metrofor\/#website"},"datePublished":"2018-03-26T19:16:53+00:00","dateModified":"2026-05-04T16:55:51+00:00","breadcrumb":{"@id":"https:\/\/ww16.ce.gov.br\/metrofor\/linha-sul\/#breadcrumb"},"inLanguage":"pt-BR","potentialAction":[{"@type":"ReadAction","target":["https:\/\/ww16.ce.gov.br\/metrofor\/linha-sul\/"]}]},{"@type":"BreadcrumbList","@id":"https:\/\/ww16.ce.gov.br\/metrofor\/linha-sul\/#breadcrumb","itemListElement":[{"@type":"ListItem","position":1,"name":"In\u00edcio","item":"https:\/\/ww16.ce.gov.br\/metrofor\/"},{"@type":"ListItem","position":2,"name":"Linha Sul"}]},{"@type":"WebSite","@id":"https:\/\/ww16.ce.gov.br\/metrofor\/#website","url":"https:\/\/ww16.ce.gov.br\/metrofor\/","name":"Metr\u00f4 de Fortaleza","description":"Portal METROFOR","publisher":{"@id":"https:\/\/ww16.ce.gov.br\/metrofor\/#organization"},"potentialAction":[{"@type":"SearchAction","target":{"@type":"EntryPoint","urlTemplate":"https:\/\/ww16.ce.gov.br\/metrofor\/?s={search_term_string}"},"query-input":{"@type":"PropertyValueSpecification","valueRequired":true,"valueName":"search_term_string"}}],"inLanguage":"pt-BR"},{"@type":"Organization","@id":"https:\/\/ww16.ce.gov.br\/metrofor\/#organization","name":"Metr\u00f4 de Fortaleza","url":"https:\/\/ww16.ce.gov.br\/metrofor\/","logo":{"@type":"ImageObject","inLanguage":"pt-BR","@id":"https:\/\/ww16.ce.gov.br\/metrofor\/#\/schema\/logo\/image\/","url":"http:\/\/ww16.ce.gov.br\/metrofor\/wp-content\/uploads\/sites\/32\/2018\/01\/METROFOR-SEINFRAclara.png","contentUrl":"http:\/\/ww16.ce.gov.br\/metrofor\/wp-content\/uploads\/sites\/32\/2018\/01\/METROFOR-SEINFRAclara.png","width":559,"height":106,"caption":"Metr\u00f4 de Fortaleza"},"image":{"@id":"https:\/\/ww16.ce.gov.br\/metrofor\/#\/schema\/logo\/image\/"}}]}},"_links":{"self":[{"href":"https:\/\/ww16.ce.gov.br\/metrofor\/wp-json\/wp\/v2\/pages\/67313","targetHints":{"allow":["GET"]}}],"collection":[{"href":"https:\/\/ww16.ce.gov.br\/metrofor\/wp-json\/wp\/v2\/pages"}],"about":[{"href":"https:\/\/ww16.ce.gov.br\/metrofor\/wp-json\/wp\/v2\/types\/page"}],"author":[{"embeddable":true,"href":"https:\/\/ww16.ce.gov.br\/metrofor\/wp-json\/wp\/v2\/users\/12"}],"replies":[{"embeddable":true,"href":"https:\/\/ww16.ce.gov.br\/metrofor\/wp-json\/wp\/v2\/comments?post=67313"}],"version-history":[{"count":24,"href":"https:\/\/ww16.ce.gov.br\/metrofor\/wp-json\/wp\/v2\/pages\/67313\/revisions"}],"predecessor-version":[{"id":75430,"href":"https:\/\/ww16.ce.gov.br\/metrofor\/wp-json\/wp\/v2\/pages\/67313\/revisions\/75430"}],"wp:attachment":[{"href":"https:\/\/ww16.ce.gov.br\/metrofor\/wp-json\/wp\/v2\/media?parent=67313"}],"curies":[{"name":"wp","href":"https:\/\/api.w.org\/{rel}","templated":true}]}}