{"id":52,"date":"2017-11-20T17:43:28","date_gmt":"2017-11-20T19:43:28","guid":{"rendered":"http:\/\/www.ceara.gov.br\/metrofor\/?page_id=52"},"modified":"2017-11-21T12:16:06","modified_gmt":"2017-11-21T14:16:06","slug":"institucional","status":"publish","type":"page","link":"https:\/\/ww16.ce.gov.br\/metrofor\/institucional\/","title":{"rendered":"Institucional"},"content":{"rendered":"<div class=\"row\">\n<div class=\"dt-6\">\n<h2 class=\"titulo\">Institucional<\/h2>\n<p style=\"text-align: justify;\">Lorem Ipsum\u00a0\u00e9 simplesmente uma simula\u00e7\u00e3o de texto da ind\u00fastria tipogr\u00e1fica e de impressos, e vem sendo utilizado desde o s\u00e9culo XVI, quando um impressor desconhecido pegou uma bandeja de tipos e os embaralhou para fazer um livro de modelos de tipos. Lorem Ipsum sobreviveu n\u00e3o s\u00f3 a cinco s\u00e9culos, como tamb\u00e9m ao salto para a editora\u00e7\u00e3o eletr\u00f4nica, permanecendo essencialmente inalterado. Se popularizou na d\u00e9cada de 60, quando a Letraset lan\u00e7ou decalques contendo passagens de Lorem Ipsum, e mais recentemente quando passou a ser integrado a softwares de editora\u00e7\u00e3o eletr\u00f4nica como Aldus PageMaker.<\/p>\n<p>&nbsp;<\/p>\n<h4>Porque n\u00f3s o usamos?<\/h4>\n<p style=\"text-align: justify;\">\u00c9 um fato conhecido de todos que um leitor se distrair\u00e1 com o conte\u00fado de texto leg\u00edvel de uma p\u00e1gina quando estiver examinando sua diagrama\u00e7\u00e3o. A vantagem de usar Lorem Ipsum \u00e9 que ele tem uma distribui\u00e7\u00e3o normal de letras, ao contr\u00e1rio de &#8220;Conte\u00fado aqui, conte\u00fado aqui&#8221;, fazendo com que ele tenha uma apar\u00eancia similar a de um texto leg\u00edvel. Muitos softwares de publica\u00e7\u00e3o e editores de p\u00e1ginas na internet agora usam Lorem Ipsum como texto-modelo padr\u00e3o, e uma r\u00e1pida busca por &#8216;lorem ipsum&#8217; mostra v\u00e1rios websites ainda em sua fase de constru\u00e7\u00e3o. V\u00e1rias vers\u00f5es novas surgiram ao longo dos anos, eventualmente por acidente, e \u00e0s vezes de prop\u00f3sito (injetando humor, e coisas do g\u00eanero).<\/p>\n<\/div>\n<div class=\"dt-6\">\n\n<!-- iframe plugin v.6.0 wordpress.org\/plugins\/iframe\/ -->\n<iframe src=\"https:\/\/www.youtube.com\/embed\/0XKvx5bz35w?rel=0&#038;controls=0&#038;showinfo=0\" width height scrolling=\"auto\" class=\"iframe-class\" frameborder=\"0\"><\/iframe>\n\n<\/div>\n<\/div>\n","protected":false},"excerpt":{"rendered":"<p>Institucional Lorem Ipsum\u00a0\u00e9 simplesmente uma simula\u00e7\u00e3o de texto da ind\u00fastria tipogr\u00e1fica e de impressos, e vem sendo utilizado desde o s\u00e9culo XVI, quando um impressor desconhecido pegou uma bandeja de tipos e os embaralhou para fazer um livro de modelos de tipos. Lorem Ipsum sobreviveu n\u00e3o s\u00f3 a cinco s\u00e9culos, como tamb\u00e9m ao salto para [&hellip;]<\/p>\n","protected":false},"author":38,"featured_media":0,"parent":0,"menu_order":0,"comment_status":"closed","ping_status":"closed","template":"pagina-lista-filhas.php","meta":{"_acf_changed":false,"inline_featured_image":false,"footnotes":""},"class_list":["post-52","page","type-page","status-publish","hentry"],"acf":[],"yoast_head":"<!-- This site is optimized with the Yoast SEO plugin v26.9 - https:\/\/yoast.com\/product\/yoast-seo-wordpress\/ -->\n<title>Institucional - METROFOR<\/title>\n<meta name=\"robots\" content=\"index, follow, max-snippet:-1, max-image-preview:large, max-video-preview:-1\" \/>\n<link rel=\"canonical\" href=\"https:\/\/ww16.ce.gov.br\/metrofor\/institucional\/\" \/>\n<meta property=\"og:locale\" content=\"pt_BR\" \/>\n<meta property=\"og:type\" content=\"article\" \/>\n<meta property=\"og:title\" content=\"Institucional - METROFOR\" \/>\n<meta property=\"og:description\" content=\"Institucional Lorem Ipsum\u00a0\u00e9 simplesmente uma simula\u00e7\u00e3o de texto da ind\u00fastria tipogr\u00e1fica e de impressos, e vem sendo utilizado desde o s\u00e9culo XVI, quando um impressor desconhecido pegou uma bandeja de tipos e os embaralhou para fazer um livro de modelos de tipos. Lorem Ipsum sobreviveu n\u00e3o s\u00f3 a cinco s\u00e9culos, como tamb\u00e9m ao salto para [&hellip;]\" \/>\n<meta property=\"og:url\" content=\"https:\/\/ww16.ce.gov.br\/metrofor\/institucional\/\" \/>\n<meta property=\"og:site_name\" content=\"METROFOR\" \/>\n<meta property=\"article:modified_time\" content=\"2017-11-21T14:16:06+00:00\" \/>\n<meta name=\"twitter:card\" content=\"summary_large_image\" \/>\n<meta name=\"twitter:label1\" content=\"Est. reading time\" \/>\n\t<meta name=\"twitter:data1\" content=\"1 minuto\" \/>\n<script type=\"application\/ld+json\" class=\"yoast-schema-graph\">{\"@context\":\"https:\/\/schema.org\",\"@graph\":[{\"@type\":\"WebPage\",\"@id\":\"https:\/\/ww16.ce.gov.br\/metrofor\/institucional\/\",\"url\":\"https:\/\/ww16.ce.gov.br\/metrofor\/institucional\/\",\"name\":\"Institucional - METROFOR\",\"isPartOf\":{\"@id\":\"https:\/\/ww16.ce.gov.br\/metrofor\/#website\"},\"datePublished\":\"2017-11-20T19:43:28+00:00\",\"dateModified\":\"2017-11-21T14:16:06+00:00\",\"breadcrumb\":{\"@id\":\"https:\/\/ww16.ce.gov.br\/metrofor\/institucional\/#breadcrumb\"},\"inLanguage\":\"pt-BR\",\"potentialAction\":[{\"@type\":\"ReadAction\",\"target\":[\"https:\/\/ww16.ce.gov.br\/metrofor\/institucional\/\"]}]},{\"@type\":\"BreadcrumbList\",\"@id\":\"https:\/\/ww16.ce.gov.br\/metrofor\/institucional\/#breadcrumb\",\"itemListElement\":[{\"@type\":\"ListItem\",\"position\":1,\"name\":\"In\u00edcio\",\"item\":\"https:\/\/ww16.ce.gov.br\/metrofor\/\"},{\"@type\":\"ListItem\",\"position\":2,\"name\":\"Institucional\"}]},{\"@type\":\"WebSite\",\"@id\":\"https:\/\/ww16.ce.gov.br\/metrofor\/#website\",\"url\":\"https:\/\/ww16.ce.gov.br\/metrofor\/\",\"name\":\"Metr\u00f4 de Fortaleza\",\"description\":\"Portal METROFOR\",\"publisher\":{\"@id\":\"https:\/\/ww16.ce.gov.br\/metrofor\/#organization\"},\"potentialAction\":[{\"@type\":\"SearchAction\",\"target\":{\"@type\":\"EntryPoint\",\"urlTemplate\":\"https:\/\/ww16.ce.gov.br\/metrofor\/?s={search_term_string}\"},\"query-input\":{\"@type\":\"PropertyValueSpecification\",\"valueRequired\":true,\"valueName\":\"search_term_string\"}}],\"inLanguage\":\"pt-BR\"},{\"@type\":\"Organization\",\"@id\":\"https:\/\/ww16.ce.gov.br\/metrofor\/#organization\",\"name\":\"Metr\u00f4 de Fortaleza\",\"url\":\"https:\/\/ww16.ce.gov.br\/metrofor\/\",\"logo\":{\"@type\":\"ImageObject\",\"inLanguage\":\"pt-BR\",\"@id\":\"https:\/\/ww16.ce.gov.br\/metrofor\/#\/schema\/logo\/image\/\",\"url\":\"http:\/\/ww16.ce.gov.br\/metrofor\/wp-content\/uploads\/sites\/32\/2018\/01\/METROFOR-SEINFRAclara.png\",\"contentUrl\":\"http:\/\/ww16.ce.gov.br\/metrofor\/wp-content\/uploads\/sites\/32\/2018\/01\/METROFOR-SEINFRAclara.png\",\"width\":559,\"height\":106,\"caption\":\"Metr\u00f4 de Fortaleza\"},\"image\":{\"@id\":\"https:\/\/ww16.ce.gov.br\/metrofor\/#\/schema\/logo\/image\/\"}}]}<\/script>\n<!-- \/ Yoast SEO plugin. -->","yoast_head_json":{"title":"Institucional - METROFOR","robots":{"index":"index","follow":"follow","max-snippet":"max-snippet:-1","max-image-preview":"max-image-preview:large","max-video-preview":"max-video-preview:-1"},"canonical":"https:\/\/ww16.ce.gov.br\/metrofor\/institucional\/","og_locale":"pt_BR","og_type":"article","og_title":"Institucional - METROFOR","og_description":"Institucional Lorem Ipsum\u00a0\u00e9 simplesmente uma simula\u00e7\u00e3o de texto da ind\u00fastria tipogr\u00e1fica e de impressos, e vem sendo utilizado desde o s\u00e9culo XVI, quando um impressor desconhecido pegou uma bandeja de tipos e os embaralhou para fazer um livro de modelos de tipos. Lorem Ipsum sobreviveu n\u00e3o s\u00f3 a cinco s\u00e9culos, como tamb\u00e9m ao salto para [&hellip;]","og_url":"https:\/\/ww16.ce.gov.br\/metrofor\/institucional\/","og_site_name":"METROFOR","article_modified_time":"2017-11-21T14:16:06+00:00","twitter_card":"summary_large_image","twitter_misc":{"Est. reading time":"1 minuto"},"schema":{"@context":"https:\/\/schema.org","@graph":[{"@type":"WebPage","@id":"https:\/\/ww16.ce.gov.br\/metrofor\/institucional\/","url":"https:\/\/ww16.ce.gov.br\/metrofor\/institucional\/","name":"Institucional - METROFOR","isPartOf":{"@id":"https:\/\/ww16.ce.gov.br\/metrofor\/#website"},"datePublished":"2017-11-20T19:43:28+00:00","dateModified":"2017-11-21T14:16:06+00:00","breadcrumb":{"@id":"https:\/\/ww16.ce.gov.br\/metrofor\/institucional\/#breadcrumb"},"inLanguage":"pt-BR","potentialAction":[{"@type":"ReadAction","target":["https:\/\/ww16.ce.gov.br\/metrofor\/institucional\/"]}]},{"@type":"BreadcrumbList","@id":"https:\/\/ww16.ce.gov.br\/metrofor\/institucional\/#breadcrumb","itemListElement":[{"@type":"ListItem","position":1,"name":"In\u00edcio","item":"https:\/\/ww16.ce.gov.br\/metrofor\/"},{"@type":"ListItem","position":2,"name":"Institucional"}]},{"@type":"WebSite","@id":"https:\/\/ww16.ce.gov.br\/metrofor\/#website","url":"https:\/\/ww16.ce.gov.br\/metrofor\/","name":"Metr\u00f4 de Fortaleza","description":"Portal METROFOR","publisher":{"@id":"https:\/\/ww16.ce.gov.br\/metrofor\/#organization"},"potentialAction":[{"@type":"SearchAction","target":{"@type":"EntryPoint","urlTemplate":"https:\/\/ww16.ce.gov.br\/metrofor\/?s={search_term_string}"},"query-input":{"@type":"PropertyValueSpecification","valueRequired":true,"valueName":"search_term_string"}}],"inLanguage":"pt-BR"},{"@type":"Organization","@id":"https:\/\/ww16.ce.gov.br\/metrofor\/#organization","name":"Metr\u00f4 de Fortaleza","url":"https:\/\/ww16.ce.gov.br\/metrofor\/","logo":{"@type":"ImageObject","inLanguage":"pt-BR","@id":"https:\/\/ww16.ce.gov.br\/metrofor\/#\/schema\/logo\/image\/","url":"http:\/\/ww16.ce.gov.br\/metrofor\/wp-content\/uploads\/sites\/32\/2018\/01\/METROFOR-SEINFRAclara.png","contentUrl":"http:\/\/ww16.ce.gov.br\/metrofor\/wp-content\/uploads\/sites\/32\/2018\/01\/METROFOR-SEINFRAclara.png","width":559,"height":106,"caption":"Metr\u00f4 de Fortaleza"},"image":{"@id":"https:\/\/ww16.ce.gov.br\/metrofor\/#\/schema\/logo\/image\/"}}]}},"_links":{"self":[{"href":"https:\/\/ww16.ce.gov.br\/metrofor\/wp-json\/wp\/v2\/pages\/52","targetHints":{"allow":["GET"]}}],"collection":[{"href":"https:\/\/ww16.ce.gov.br\/metrofor\/wp-json\/wp\/v2\/pages"}],"about":[{"href":"https:\/\/ww16.ce.gov.br\/metrofor\/wp-json\/wp\/v2\/types\/page"}],"author":[{"embeddable":true,"href":"https:\/\/ww16.ce.gov.br\/metrofor\/wp-json\/wp\/v2\/users\/38"}],"replies":[{"embeddable":true,"href":"https:\/\/ww16.ce.gov.br\/metrofor\/wp-json\/wp\/v2\/comments?post=52"}],"version-history":[{"count":23,"href":"https:\/\/ww16.ce.gov.br\/metrofor\/wp-json\/wp\/v2\/pages\/52\/revisions"}],"predecessor-version":[{"id":68043,"href":"https:\/\/ww16.ce.gov.br\/metrofor\/wp-json\/wp\/v2\/pages\/52\/revisions\/68043"}],"wp:attachment":[{"href":"https:\/\/ww16.ce.gov.br\/metrofor\/wp-json\/wp\/v2\/media?parent=52"}],"curies":[{"name":"wp","href":"https:\/\/api.w.org\/{rel}","templated":true}]}}