{"id":1554,"date":"2018-01-25T15:19:36","date_gmt":"2018-01-25T18:19:36","guid":{"rendered":"http:\/\/www.metrofor.ce.gov.br\/?page_id=1554"},"modified":"2025-10-04T18:39:03","modified_gmt":"2025-10-04T21:39:03","slug":"vlt-sobral","status":"publish","type":"page","link":"https:\/\/ww16.ce.gov.br\/metrofor\/vlt-sobral\/","title":{"rendered":"VLT de Sobral"},"content":{"rendered":"<p>&nbsp;<\/p>\n<p>O VLT de Sobral oferece transporte \u00e1gil e seguro, conectando a cidade por duas linhas que totalizam 12,5 km de extens\u00e3o e 12 esta\u00e7\u00f5es. A Linha Sul, com 6,1km, liga os bairros Sumar\u00e9 e Cohab II, enquanto a Linha Norte, com 6,4km, conecta os bairros Junco e Novo Recanto. Cerca de 4,8 mil pessoas utilizam o sistema diariamente, com integra\u00e7\u00e3o na Esta\u00e7\u00e3o Campo dos Velhos. O VLT \u00e9 estrat\u00e9gico para o com\u00e9rcio, turismo, ind\u00fastria e cultura do munic\u00edpio, destacando-se pela seguran\u00e7a, conforto, rapidez e regularidade.<\/p>\n<p>&nbsp;<\/p>\n<h3>DIAS E HOR\u00c1RIOS<\/h3>\n<p>&nbsp;<\/p>\n<h4>LINHA SUL<\/h4>\n<p>De segunda-feira a s\u00e1bado.<\/p>\n<p><strong>Sentido Cohab 2: 5h30 \u00e0s 22:15<\/strong><\/p>\n<p><strong>Sentido Sumar\u00e9: 5h52 \u00e0s 22h37<\/strong><\/p>\n<p>&nbsp;<\/p>\n<h4>LINHA NORTE<\/h4>\n<p>De segunda-feira a s\u00e1bado.<\/p>\n<p><strong>Sentido Novo Recanto:\u00a0 5h27 \u00e0s 23h00<\/strong><\/p>\n<p><strong>Sentido Cohab 3: 5h51 \u00e0s 22h36<\/strong><\/p>\n<p>&nbsp;<\/p>\n<p>Nos feriados, h\u00e1 funcionamento em hor\u00e1rios excepcionais, divulgados a cada data, antecipadamente.<\/p>\n<p>&nbsp;<\/p>\n<ul class=\"ListaEst -Verde col2\" style=\"font-weight: bold\">\n<li><a href=\"https:\/\/info.metrofor.ce.gov.br\/\" target=\"_blank\" rel=\"noopener noreferrer\">Consulte os hor\u00e1rios por esta\u00e7\u00e3o<\/a><\/li>\n<\/ul>\n","protected":false},"excerpt":{"rendered":"<p>&nbsp; O VLT de Sobral oferece transporte \u00e1gil e seguro, conectando a cidade por duas linhas que totalizam 12,5 km de extens\u00e3o e 12 esta\u00e7\u00f5es. A Linha Sul, com 6,1km, liga os bairros Sumar\u00e9 e Cohab II, enquanto a Linha Norte, com 6,4km, conecta os bairros Junco e Novo Recanto. Cerca de 4,8 mil pessoas [&hellip;]<\/p>\n","protected":false},"author":12,"featured_media":0,"parent":0,"menu_order":0,"comment_status":"closed","ping_status":"closed","template":"pagina-lista-filhas.php","meta":{"_acf_changed":false,"inline_featured_image":false,"footnotes":""},"class_list":["post-1554","page","type-page","status-publish","hentry"],"acf":[],"yoast_head":"<!-- This site is optimized with the Yoast SEO plugin v26.9 - https:\/\/yoast.com\/product\/yoast-seo-wordpress\/ -->\n<title>VLT de Sobral - METROFOR<\/title>\n<meta name=\"robots\" content=\"index, follow, max-snippet:-1, max-image-preview:large, max-video-preview:-1\" \/>\n<link rel=\"canonical\" href=\"https:\/\/ww16.ce.gov.br\/metrofor\/vlt-sobral\/\" \/>\n<meta property=\"og:locale\" content=\"pt_BR\" \/>\n<meta property=\"og:type\" content=\"article\" \/>\n<meta property=\"og:title\" content=\"VLT de Sobral - METROFOR\" \/>\n<meta property=\"og:description\" content=\"&nbsp; O VLT de Sobral oferece transporte \u00e1gil e seguro, conectando a cidade por duas linhas que totalizam 12,5 km de extens\u00e3o e 12 esta\u00e7\u00f5es. A Linha Sul, com 6,1km, liga os bairros Sumar\u00e9 e Cohab II, enquanto a Linha Norte, com 6,4km, conecta os bairros Junco e Novo Recanto. Cerca de 4,8 mil pessoas [&hellip;]\" \/>\n<meta property=\"og:url\" content=\"https:\/\/ww16.ce.gov.br\/metrofor\/vlt-sobral\/\" \/>\n<meta property=\"og:site_name\" content=\"METROFOR\" \/>\n<meta property=\"article:modified_time\" content=\"2025-10-04T21:39:03+00:00\" \/>\n<meta name=\"twitter:card\" content=\"summary_large_image\" \/>\n<meta name=\"twitter:label1\" content=\"Est. reading time\" \/>\n\t<meta name=\"twitter:data1\" content=\"1 minuto\" \/>\n<script type=\"application\/ld+json\" class=\"yoast-schema-graph\">{\"@context\":\"https:\/\/schema.org\",\"@graph\":[{\"@type\":\"WebPage\",\"@id\":\"https:\/\/ww16.ce.gov.br\/metrofor\/vlt-sobral\/\",\"url\":\"https:\/\/ww16.ce.gov.br\/metrofor\/vlt-sobral\/\",\"name\":\"VLT de Sobral - METROFOR\",\"isPartOf\":{\"@id\":\"https:\/\/ww16.ce.gov.br\/metrofor\/#website\"},\"datePublished\":\"2018-01-25T18:19:36+00:00\",\"dateModified\":\"2025-10-04T21:39:03+00:00\",\"breadcrumb\":{\"@id\":\"https:\/\/ww16.ce.gov.br\/metrofor\/vlt-sobral\/#breadcrumb\"},\"inLanguage\":\"pt-BR\",\"potentialAction\":[{\"@type\":\"ReadAction\",\"target\":[\"https:\/\/ww16.ce.gov.br\/metrofor\/vlt-sobral\/\"]}]},{\"@type\":\"BreadcrumbList\",\"@id\":\"https:\/\/ww16.ce.gov.br\/metrofor\/vlt-sobral\/#breadcrumb\",\"itemListElement\":[{\"@type\":\"ListItem\",\"position\":1,\"name\":\"In\u00edcio\",\"item\":\"https:\/\/ww16.ce.gov.br\/metrofor\/\"},{\"@type\":\"ListItem\",\"position\":2,\"name\":\"VLT de Sobral\"}]},{\"@type\":\"WebSite\",\"@id\":\"https:\/\/ww16.ce.gov.br\/metrofor\/#website\",\"url\":\"https:\/\/ww16.ce.gov.br\/metrofor\/\",\"name\":\"Metr\u00f4 de Fortaleza\",\"description\":\"Portal METROFOR\",\"publisher\":{\"@id\":\"https:\/\/ww16.ce.gov.br\/metrofor\/#organization\"},\"potentialAction\":[{\"@type\":\"SearchAction\",\"target\":{\"@type\":\"EntryPoint\",\"urlTemplate\":\"https:\/\/ww16.ce.gov.br\/metrofor\/?s={search_term_string}\"},\"query-input\":{\"@type\":\"PropertyValueSpecification\",\"valueRequired\":true,\"valueName\":\"search_term_string\"}}],\"inLanguage\":\"pt-BR\"},{\"@type\":\"Organization\",\"@id\":\"https:\/\/ww16.ce.gov.br\/metrofor\/#organization\",\"name\":\"Metr\u00f4 de Fortaleza\",\"url\":\"https:\/\/ww16.ce.gov.br\/metrofor\/\",\"logo\":{\"@type\":\"ImageObject\",\"inLanguage\":\"pt-BR\",\"@id\":\"https:\/\/ww16.ce.gov.br\/metrofor\/#\/schema\/logo\/image\/\",\"url\":\"http:\/\/ww16.ce.gov.br\/metrofor\/wp-content\/uploads\/sites\/32\/2018\/01\/METROFOR-SEINFRAclara.png\",\"contentUrl\":\"http:\/\/ww16.ce.gov.br\/metrofor\/wp-content\/uploads\/sites\/32\/2018\/01\/METROFOR-SEINFRAclara.png\",\"width\":559,\"height\":106,\"caption\":\"Metr\u00f4 de Fortaleza\"},\"image\":{\"@id\":\"https:\/\/ww16.ce.gov.br\/metrofor\/#\/schema\/logo\/image\/\"}}]}<\/script>\n<!-- \/ Yoast SEO plugin. -->","yoast_head_json":{"title":"VLT de Sobral - METROFOR","robots":{"index":"index","follow":"follow","max-snippet":"max-snippet:-1","max-image-preview":"max-image-preview:large","max-video-preview":"max-video-preview:-1"},"canonical":"https:\/\/ww16.ce.gov.br\/metrofor\/vlt-sobral\/","og_locale":"pt_BR","og_type":"article","og_title":"VLT de Sobral - METROFOR","og_description":"&nbsp; O VLT de Sobral oferece transporte \u00e1gil e seguro, conectando a cidade por duas linhas que totalizam 12,5 km de extens\u00e3o e 12 esta\u00e7\u00f5es. A Linha Sul, com 6,1km, liga os bairros Sumar\u00e9 e Cohab II, enquanto a Linha Norte, com 6,4km, conecta os bairros Junco e Novo Recanto. Cerca de 4,8 mil pessoas [&hellip;]","og_url":"https:\/\/ww16.ce.gov.br\/metrofor\/vlt-sobral\/","og_site_name":"METROFOR","article_modified_time":"2025-10-04T21:39:03+00:00","twitter_card":"summary_large_image","twitter_misc":{"Est. reading time":"1 minuto"},"schema":{"@context":"https:\/\/schema.org","@graph":[{"@type":"WebPage","@id":"https:\/\/ww16.ce.gov.br\/metrofor\/vlt-sobral\/","url":"https:\/\/ww16.ce.gov.br\/metrofor\/vlt-sobral\/","name":"VLT de Sobral - METROFOR","isPartOf":{"@id":"https:\/\/ww16.ce.gov.br\/metrofor\/#website"},"datePublished":"2018-01-25T18:19:36+00:00","dateModified":"2025-10-04T21:39:03+00:00","breadcrumb":{"@id":"https:\/\/ww16.ce.gov.br\/metrofor\/vlt-sobral\/#breadcrumb"},"inLanguage":"pt-BR","potentialAction":[{"@type":"ReadAction","target":["https:\/\/ww16.ce.gov.br\/metrofor\/vlt-sobral\/"]}]},{"@type":"BreadcrumbList","@id":"https:\/\/ww16.ce.gov.br\/metrofor\/vlt-sobral\/#breadcrumb","itemListElement":[{"@type":"ListItem","position":1,"name":"In\u00edcio","item":"https:\/\/ww16.ce.gov.br\/metrofor\/"},{"@type":"ListItem","position":2,"name":"VLT de Sobral"}]},{"@type":"WebSite","@id":"https:\/\/ww16.ce.gov.br\/metrofor\/#website","url":"https:\/\/ww16.ce.gov.br\/metrofor\/","name":"Metr\u00f4 de Fortaleza","description":"Portal METROFOR","publisher":{"@id":"https:\/\/ww16.ce.gov.br\/metrofor\/#organization"},"potentialAction":[{"@type":"SearchAction","target":{"@type":"EntryPoint","urlTemplate":"https:\/\/ww16.ce.gov.br\/metrofor\/?s={search_term_string}"},"query-input":{"@type":"PropertyValueSpecification","valueRequired":true,"valueName":"search_term_string"}}],"inLanguage":"pt-BR"},{"@type":"Organization","@id":"https:\/\/ww16.ce.gov.br\/metrofor\/#organization","name":"Metr\u00f4 de Fortaleza","url":"https:\/\/ww16.ce.gov.br\/metrofor\/","logo":{"@type":"ImageObject","inLanguage":"pt-BR","@id":"https:\/\/ww16.ce.gov.br\/metrofor\/#\/schema\/logo\/image\/","url":"http:\/\/ww16.ce.gov.br\/metrofor\/wp-content\/uploads\/sites\/32\/2018\/01\/METROFOR-SEINFRAclara.png","contentUrl":"http:\/\/ww16.ce.gov.br\/metrofor\/wp-content\/uploads\/sites\/32\/2018\/01\/METROFOR-SEINFRAclara.png","width":559,"height":106,"caption":"Metr\u00f4 de Fortaleza"},"image":{"@id":"https:\/\/ww16.ce.gov.br\/metrofor\/#\/schema\/logo\/image\/"}}]}},"_links":{"self":[{"href":"https:\/\/ww16.ce.gov.br\/metrofor\/wp-json\/wp\/v2\/pages\/1554","targetHints":{"allow":["GET"]}}],"collection":[{"href":"https:\/\/ww16.ce.gov.br\/metrofor\/wp-json\/wp\/v2\/pages"}],"about":[{"href":"https:\/\/ww16.ce.gov.br\/metrofor\/wp-json\/wp\/v2\/types\/page"}],"author":[{"embeddable":true,"href":"https:\/\/ww16.ce.gov.br\/metrofor\/wp-json\/wp\/v2\/users\/12"}],"replies":[{"embeddable":true,"href":"https:\/\/ww16.ce.gov.br\/metrofor\/wp-json\/wp\/v2\/comments?post=1554"}],"version-history":[{"count":14,"href":"https:\/\/ww16.ce.gov.br\/metrofor\/wp-json\/wp\/v2\/pages\/1554\/revisions"}],"predecessor-version":[{"id":74744,"href":"https:\/\/ww16.ce.gov.br\/metrofor\/wp-json\/wp\/v2\/pages\/1554\/revisions\/74744"}],"wp:attachment":[{"href":"https:\/\/ww16.ce.gov.br\/metrofor\/wp-json\/wp\/v2\/media?parent=1554"}],"curies":[{"name":"wp","href":"https:\/\/api.w.org\/{rel}","templated":true}]}}