{"id":1552,"date":"2018-01-25T15:19:22","date_gmt":"2018-01-25T18:19:22","guid":{"rendered":"http:\/\/www.metrofor.ce.gov.br\/?page_id=1552"},"modified":"2025-10-04T18:39:59","modified_gmt":"2025-10-04T21:39:59","slug":"vlt-cariri","status":"publish","type":"page","link":"https:\/\/ww16.ce.gov.br\/metrofor\/vlt-cariri\/","title":{"rendered":"VLT do Cariri"},"content":{"rendered":"<p>&nbsp;<\/p>\n<p>O Metr\u00f4 do Cariri oferece transporte \u00e1gil e seguro integrando a regi\u00e3o do Cariri, contemplando os munic\u00edpios de Crato e Juazeiro do Norte. S\u00e3o 1,7 mil pessoas transportadas por dia \u2013 em m\u00e9dia. De uma ponta a outra, s\u00e3o 13,6 km de extens\u00e3o, passando por 9 esta\u00e7\u00f5es.<\/p>\n<p>&nbsp;<\/p>\n<h3>HOR\u00c1RIOS<\/h3>\n<p>De segunda a sexta-feira:<br \/>\n<strong>6h \u00e0s 19h<\/strong><br \/>\nAos s\u00e1bados:<br \/>\n<strong>6h \u00e0s 13h30<\/strong><\/p>\n<p>&nbsp;<\/p>\n<p>Nos feriados, h\u00e1 funcionamento em hor\u00e1rios excepcionais, divulgados a cada data, antecipadamente.<\/p>\n<p>&nbsp;<\/p>\n<ul class=\"ListaEst -Verde col2\" style=\"font-weight: bold\">\n<li><a href=\"https:\/\/info.metrofor.ce.gov.br\/\" target=\"_blank\" rel=\"noopener noreferrer\">Consulte os hor\u00e1rios por esta\u00e7\u00e3o<\/a><\/li>\n<\/ul>\n","protected":false},"excerpt":{"rendered":"<p>&nbsp; O Metr\u00f4 do Cariri oferece transporte \u00e1gil e seguro integrando a regi\u00e3o do Cariri, contemplando os munic\u00edpios de Crato e Juazeiro do Norte. S\u00e3o 1,7 mil pessoas transportadas por dia \u2013 em m\u00e9dia. De uma ponta a outra, s\u00e3o 13,6 km de extens\u00e3o, passando por 9 esta\u00e7\u00f5es. &nbsp; HOR\u00c1RIOS De segunda a sexta-feira: 6h [&hellip;]<\/p>\n","protected":false},"author":12,"featured_media":0,"parent":0,"menu_order":0,"comment_status":"closed","ping_status":"closed","template":"pagina-lista-filhas.php","meta":{"_acf_changed":false,"inline_featured_image":false,"footnotes":""},"class_list":["post-1552","page","type-page","status-publish","hentry"],"acf":[],"yoast_head":"<!-- This site is optimized with the Yoast SEO plugin v26.9 - https:\/\/yoast.com\/product\/yoast-seo-wordpress\/ -->\n<title>VLT do Cariri - METROFOR<\/title>\n<meta name=\"robots\" content=\"index, follow, max-snippet:-1, max-image-preview:large, max-video-preview:-1\" \/>\n<link rel=\"canonical\" href=\"https:\/\/ww16.ce.gov.br\/metrofor\/vlt-cariri\/\" \/>\n<meta property=\"og:locale\" content=\"pt_BR\" \/>\n<meta property=\"og:type\" content=\"article\" \/>\n<meta property=\"og:title\" content=\"VLT do Cariri - METROFOR\" \/>\n<meta property=\"og:description\" content=\"&nbsp; O Metr\u00f4 do Cariri oferece transporte \u00e1gil e seguro integrando a regi\u00e3o do Cariri, contemplando os munic\u00edpios de Crato e Juazeiro do Norte. S\u00e3o 1,7 mil pessoas transportadas por dia \u2013 em m\u00e9dia. De uma ponta a outra, s\u00e3o 13,6 km de extens\u00e3o, passando por 9 esta\u00e7\u00f5es. &nbsp; HOR\u00c1RIOS De segunda a sexta-feira: 6h [&hellip;]\" \/>\n<meta property=\"og:url\" content=\"https:\/\/ww16.ce.gov.br\/metrofor\/vlt-cariri\/\" \/>\n<meta property=\"og:site_name\" content=\"METROFOR\" \/>\n<meta property=\"article:modified_time\" content=\"2025-10-04T21:39:59+00:00\" \/>\n<meta name=\"twitter:card\" content=\"summary_large_image\" \/>\n<meta name=\"twitter:label1\" content=\"Est. reading time\" \/>\n\t<meta name=\"twitter:data1\" content=\"1 minuto\" \/>\n<script type=\"application\/ld+json\" class=\"yoast-schema-graph\">{\"@context\":\"https:\/\/schema.org\",\"@graph\":[{\"@type\":\"WebPage\",\"@id\":\"https:\/\/ww16.ce.gov.br\/metrofor\/vlt-cariri\/\",\"url\":\"https:\/\/ww16.ce.gov.br\/metrofor\/vlt-cariri\/\",\"name\":\"VLT do Cariri - METROFOR\",\"isPartOf\":{\"@id\":\"https:\/\/ww16.ce.gov.br\/metrofor\/#website\"},\"datePublished\":\"2018-01-25T18:19:22+00:00\",\"dateModified\":\"2025-10-04T21:39:59+00:00\",\"breadcrumb\":{\"@id\":\"https:\/\/ww16.ce.gov.br\/metrofor\/vlt-cariri\/#breadcrumb\"},\"inLanguage\":\"pt-BR\",\"potentialAction\":[{\"@type\":\"ReadAction\",\"target\":[\"https:\/\/ww16.ce.gov.br\/metrofor\/vlt-cariri\/\"]}]},{\"@type\":\"BreadcrumbList\",\"@id\":\"https:\/\/ww16.ce.gov.br\/metrofor\/vlt-cariri\/#breadcrumb\",\"itemListElement\":[{\"@type\":\"ListItem\",\"position\":1,\"name\":\"In\u00edcio\",\"item\":\"https:\/\/ww16.ce.gov.br\/metrofor\/\"},{\"@type\":\"ListItem\",\"position\":2,\"name\":\"VLT do Cariri\"}]},{\"@type\":\"WebSite\",\"@id\":\"https:\/\/ww16.ce.gov.br\/metrofor\/#website\",\"url\":\"https:\/\/ww16.ce.gov.br\/metrofor\/\",\"name\":\"Metr\u00f4 de Fortaleza\",\"description\":\"Portal METROFOR\",\"publisher\":{\"@id\":\"https:\/\/ww16.ce.gov.br\/metrofor\/#organization\"},\"potentialAction\":[{\"@type\":\"SearchAction\",\"target\":{\"@type\":\"EntryPoint\",\"urlTemplate\":\"https:\/\/ww16.ce.gov.br\/metrofor\/?s={search_term_string}\"},\"query-input\":{\"@type\":\"PropertyValueSpecification\",\"valueRequired\":true,\"valueName\":\"search_term_string\"}}],\"inLanguage\":\"pt-BR\"},{\"@type\":\"Organization\",\"@id\":\"https:\/\/ww16.ce.gov.br\/metrofor\/#organization\",\"name\":\"Metr\u00f4 de Fortaleza\",\"url\":\"https:\/\/ww16.ce.gov.br\/metrofor\/\",\"logo\":{\"@type\":\"ImageObject\",\"inLanguage\":\"pt-BR\",\"@id\":\"https:\/\/ww16.ce.gov.br\/metrofor\/#\/schema\/logo\/image\/\",\"url\":\"http:\/\/ww16.ce.gov.br\/metrofor\/wp-content\/uploads\/sites\/32\/2018\/01\/METROFOR-SEINFRAclara.png\",\"contentUrl\":\"http:\/\/ww16.ce.gov.br\/metrofor\/wp-content\/uploads\/sites\/32\/2018\/01\/METROFOR-SEINFRAclara.png\",\"width\":559,\"height\":106,\"caption\":\"Metr\u00f4 de Fortaleza\"},\"image\":{\"@id\":\"https:\/\/ww16.ce.gov.br\/metrofor\/#\/schema\/logo\/image\/\"}}]}<\/script>\n<!-- \/ Yoast SEO plugin. -->","yoast_head_json":{"title":"VLT do Cariri - METROFOR","robots":{"index":"index","follow":"follow","max-snippet":"max-snippet:-1","max-image-preview":"max-image-preview:large","max-video-preview":"max-video-preview:-1"},"canonical":"https:\/\/ww16.ce.gov.br\/metrofor\/vlt-cariri\/","og_locale":"pt_BR","og_type":"article","og_title":"VLT do Cariri - METROFOR","og_description":"&nbsp; O Metr\u00f4 do Cariri oferece transporte \u00e1gil e seguro integrando a regi\u00e3o do Cariri, contemplando os munic\u00edpios de Crato e Juazeiro do Norte. S\u00e3o 1,7 mil pessoas transportadas por dia \u2013 em m\u00e9dia. De uma ponta a outra, s\u00e3o 13,6 km de extens\u00e3o, passando por 9 esta\u00e7\u00f5es. &nbsp; HOR\u00c1RIOS De segunda a sexta-feira: 6h [&hellip;]","og_url":"https:\/\/ww16.ce.gov.br\/metrofor\/vlt-cariri\/","og_site_name":"METROFOR","article_modified_time":"2025-10-04T21:39:59+00:00","twitter_card":"summary_large_image","twitter_misc":{"Est. reading time":"1 minuto"},"schema":{"@context":"https:\/\/schema.org","@graph":[{"@type":"WebPage","@id":"https:\/\/ww16.ce.gov.br\/metrofor\/vlt-cariri\/","url":"https:\/\/ww16.ce.gov.br\/metrofor\/vlt-cariri\/","name":"VLT do Cariri - METROFOR","isPartOf":{"@id":"https:\/\/ww16.ce.gov.br\/metrofor\/#website"},"datePublished":"2018-01-25T18:19:22+00:00","dateModified":"2025-10-04T21:39:59+00:00","breadcrumb":{"@id":"https:\/\/ww16.ce.gov.br\/metrofor\/vlt-cariri\/#breadcrumb"},"inLanguage":"pt-BR","potentialAction":[{"@type":"ReadAction","target":["https:\/\/ww16.ce.gov.br\/metrofor\/vlt-cariri\/"]}]},{"@type":"BreadcrumbList","@id":"https:\/\/ww16.ce.gov.br\/metrofor\/vlt-cariri\/#breadcrumb","itemListElement":[{"@type":"ListItem","position":1,"name":"In\u00edcio","item":"https:\/\/ww16.ce.gov.br\/metrofor\/"},{"@type":"ListItem","position":2,"name":"VLT do Cariri"}]},{"@type":"WebSite","@id":"https:\/\/ww16.ce.gov.br\/metrofor\/#website","url":"https:\/\/ww16.ce.gov.br\/metrofor\/","name":"Metr\u00f4 de Fortaleza","description":"Portal METROFOR","publisher":{"@id":"https:\/\/ww16.ce.gov.br\/metrofor\/#organization"},"potentialAction":[{"@type":"SearchAction","target":{"@type":"EntryPoint","urlTemplate":"https:\/\/ww16.ce.gov.br\/metrofor\/?s={search_term_string}"},"query-input":{"@type":"PropertyValueSpecification","valueRequired":true,"valueName":"search_term_string"}}],"inLanguage":"pt-BR"},{"@type":"Organization","@id":"https:\/\/ww16.ce.gov.br\/metrofor\/#organization","name":"Metr\u00f4 de Fortaleza","url":"https:\/\/ww16.ce.gov.br\/metrofor\/","logo":{"@type":"ImageObject","inLanguage":"pt-BR","@id":"https:\/\/ww16.ce.gov.br\/metrofor\/#\/schema\/logo\/image\/","url":"http:\/\/ww16.ce.gov.br\/metrofor\/wp-content\/uploads\/sites\/32\/2018\/01\/METROFOR-SEINFRAclara.png","contentUrl":"http:\/\/ww16.ce.gov.br\/metrofor\/wp-content\/uploads\/sites\/32\/2018\/01\/METROFOR-SEINFRAclara.png","width":559,"height":106,"caption":"Metr\u00f4 de Fortaleza"},"image":{"@id":"https:\/\/ww16.ce.gov.br\/metrofor\/#\/schema\/logo\/image\/"}}]}},"_links":{"self":[{"href":"https:\/\/ww16.ce.gov.br\/metrofor\/wp-json\/wp\/v2\/pages\/1552","targetHints":{"allow":["GET"]}}],"collection":[{"href":"https:\/\/ww16.ce.gov.br\/metrofor\/wp-json\/wp\/v2\/pages"}],"about":[{"href":"https:\/\/ww16.ce.gov.br\/metrofor\/wp-json\/wp\/v2\/types\/page"}],"author":[{"embeddable":true,"href":"https:\/\/ww16.ce.gov.br\/metrofor\/wp-json\/wp\/v2\/users\/12"}],"replies":[{"embeddable":true,"href":"https:\/\/ww16.ce.gov.br\/metrofor\/wp-json\/wp\/v2\/comments?post=1552"}],"version-history":[{"count":6,"href":"https:\/\/ww16.ce.gov.br\/metrofor\/wp-json\/wp\/v2\/pages\/1552\/revisions"}],"predecessor-version":[{"id":74745,"href":"https:\/\/ww16.ce.gov.br\/metrofor\/wp-json\/wp\/v2\/pages\/1552\/revisions\/74745"}],"wp:attachment":[{"href":"https:\/\/ww16.ce.gov.br\/metrofor\/wp-json\/wp\/v2\/media?parent=1552"}],"curies":[{"name":"wp","href":"https:\/\/api.w.org\/{rel}","templated":true}]}}