{"id":1550,"date":"2018-01-25T15:19:13","date_gmt":"2018-01-25T18:19:13","guid":{"rendered":"http:\/\/www.metrofor.ce.gov.br\/?page_id=1550"},"modified":"2026-05-04T16:05:01","modified_gmt":"2026-05-04T19:05:01","slug":"linhanordeste","status":"publish","type":"page","link":"https:\/\/ww16.ce.gov.br\/metrofor\/linhanordeste\/","title":{"rendered":"Linha Nordeste"},"content":{"rendered":"\n<p>A Linha Nordeste da Metrofor interliga os bairros Parangaba e Mucuripe, criando um fluxo de deslocamentos que contempla as necessidades de transporte de dezenas de outros bairros cortados pelo trajeto ferrovi\u00e1rio. A Linha Nordeste possui ainda uma extens\u00e3o que conecta a esta\u00e7\u00e3o Expedicion\u00e1rios ao Aeroporto Internacional de Fortaleza. No total, s\u00e3o 15,6 quil\u00f4metros de trilhos e 12 esta\u00e7\u00f5es a servi\u00e7o da popula\u00e7\u00e3o, com um diferencial: o embarque gratuito para toda a popula\u00e7\u00e3o.<\/p>\n\n\n\n<p>&nbsp;<\/p>\n\n\n\n<div class=\"wp-block-cegovbr-titulo-personalizado cegovbr-titulo-personalizado\"><div class=\"cegovbr-titulo-header\"><span class=\"material-symbols-outlined cegovbr-titulo-icon\">schedule<\/span><h6 class=\"cegovbr-titulo-text\">Dias e hor\u00e1rios<\/h6><\/div><\/div>\n\n\n\n<p>De segunda a s\u00e1bado, de 5h30 \u00e0s 23h<\/p>\n\n\n\n<p>Nos feriados, h\u00e1 funcionamento em hor\u00e1rios excepcionais, divulgados a cada data, antecipadamente.<\/p>\n\n\n\n<div class=\"wp-block-buttons is-layout-flex wp-block-buttons-is-layout-flex\">\n<div class=\"wp-block-button\"><a class=\"wp-block-button__link has-text-align-center wp-element-button\" href=\"https:\/\/info.metrofor.ce.gov.br\/horarios\">Pesquisa de hor\u00e1rios por esta\u00e7\u00e3o<\/a><\/div>\n<\/div>\n\n\n\n<div class=\"wp-block-cegovbr-titulo-personalizado cegovbr-titulo-personalizado\"><div class=\"cegovbr-titulo-header\"><span class=\"material-symbols-outlined cegovbr-titulo-icon\">info<\/span><h6 class=\"cegovbr-titulo-text\">Embarque gratuito<\/h6><\/div><\/div>\n\n\n\n<p>Opera\u00e7\u00e3o assistida<\/p>\n\n\n\n<div class=\"wp-block-cegovbr-titulo-personalizado cegovbr-titulo-personalizado\"><div class=\"cegovbr-titulo-header\"><span class=\"material-symbols-outlined cegovbr-titulo-icon\">info<\/span><h6 class=\"cegovbr-titulo-text\">Conhe\u00e7a as esta\u00e7\u00f5es<\/h6><\/div><\/div>\n\n\n\n<p><\/p>\n\n\n\n<table id=\"tablepress-37\" class=\"tablepress tablepress-id-37\">\n<thead>\n<tr class=\"row-1\">\n\t<th class=\"column-1\">ESTA\u00c7\u00c3O<\/th><th class=\"column-2\">ENDERE\u00c7O<\/th><th class=\"column-3\">VER NO MAPA<\/th>\n<\/tr>\n<\/thead>\n<tbody class=\"row-striping row-hover\">\n<tr class=\"row-2\">\n\t<td class=\"column-1\">Iate<\/td><td class=\"column-2\">Av. Vicente de Castro, 80 &#8211; Cais do Porto<\/td><td class=\"column-3\"><a href=\"https:\/\/www.google.com\/maps\/d\/edit?mid=1F4i-9K0pHXZallr9pz6aTpKh-486mIOH&amp;usp=sharing\"><img loading=\"lazy\" decoding=\"async\" src=\"https:\/\/ww16.ce.gov.br\/metrofor\/wp-content\/uploads\/sites\/75\/2023\/03\/xxx2642502-picsay.png\" width=\"24\" height=\"24\"><\/a><\/td>\n<\/tr>\n<tr class=\"row-3\">\n\t<td class=\"column-1\">Mucuripe<\/td><td class=\"column-2\">Av. Almirante Henrique Sab\u00f3ia, S\/N, Mucuripe<\/td><td class=\"column-3\"><a href=\"ccc\"><img loading=\"lazy\" decoding=\"async\" src=\"https:\/\/ww16.ce.gov.br\/metrofor\/wp-content\/uploads\/sites\/75\/2023\/03\/xxx2642502-picsay.png\" width=\"24\" height=\"24\"><\/a><\/td>\n<\/tr>\n<tr class=\"row-4\">\n\t<td class=\"column-1\">Papicu<\/td><td class=\"column-2\">Av. Almirante Henrique Sab\u00f3ia, 3225, Papicu<\/td><td class=\"column-3\"><a href=\"https:\/\/www.google.com\/maps\/d\/edit?mid=1x8gGHbW6KRlre8IQ3z8GVvvaC65VAEo-&amp;usp=sharing\"><img loading=\"lazy\" decoding=\"async\" src=\"https:\/\/ww16.ce.gov.br\/metrofor\/wp-content\/uploads\/sites\/75\/2023\/03\/xxx2642502-picsay.png\" width=\"24\" height=\"24\"><\/a><\/td>\n<\/tr>\n<tr class=\"row-5\">\n\t<td class=\"column-1\">Ant\u00f4nio Sales<\/td><td class=\"column-2\">Av. Ant\u00f4nio Sales, 3412 C\/Alm Henrique Sab\u00f3ia- Dion\u00edsio Torres<\/td><td class=\"column-3\"><a href=\"ccc\"><img loading=\"lazy\" decoding=\"async\" src=\"https:\/\/ww16.ce.gov.br\/metrofor\/wp-content\/uploads\/sites\/75\/2023\/03\/xxx2642502-picsay.png\" width=\"24\" height=\"24\"><\/a><\/td>\n<\/tr>\n<tr class=\"row-6\">\n\t<td class=\"column-1\">Pontes Vieira<\/td><td class=\"column-2\">R. Vicente Leite, 2680, Dion\u00edsio Torres<\/td><td class=\"column-3\"><a href=\"https:\/\/www.google.com\/maps\/d\/edit?mid=1wmq-dzTmDxrx0iZjlHctOk46-lSrXjtX&amp;usp=sharing\"><img loading=\"lazy\" decoding=\"async\" src=\"https:\/\/ww16.ce.gov.br\/metrofor\/wp-content\/uploads\/sites\/75\/2023\/03\/xxx2642502-picsay.png\" width=\"24\" height=\"24\"><\/a><\/td>\n<\/tr>\n<tr class=\"row-7\">\n\t<td class=\"column-1\">S\u00e3o Jo\u00e3o do Tauape<\/td><td class=\"column-2\">R. Capit\u00e3o Melo, 4376 &#8211; S\u00e3o Jo\u00e3o do Tauape<\/td><td class=\"column-3\"><a href=\"https:\/\/www.google.com\/maps\/d\/edit?mid=1LpvLW60iyv73Is8ZEobbuN_YYOT84zBT&amp;usp=sharing\"><img loading=\"lazy\" decoding=\"async\" src=\"https:\/\/ww16.ce.gov.br\/metrofor\/wp-content\/uploads\/sites\/75\/2023\/03\/xxx2642502-picsay.png\" width=\"24\" height=\"24\"><\/a><\/td>\n<\/tr>\n<tr class=\"row-8\">\n\t<td class=\"column-1\">Borges de Melo<\/td><td class=\"column-2\">Av. Borges de Melo ou R. Via L\u00e1ctea<\/td><td class=\"column-3\"><a href=\"https:\/\/www.google.com\/maps\/d\/edit?mid=1F4i-9K0pHXZallr9pz6aTpKh-486mIOH&amp;usp=sharing\"><img loading=\"lazy\" decoding=\"async\" src=\"https:\/\/ww16.ce.gov.br\/metrofor\/wp-content\/uploads\/sites\/75\/2023\/03\/xxx2642502-picsay.png\" width=\"24\" height=\"24\"><\/a><\/td>\n<\/tr>\n<tr class=\"row-9\">\n\t<td class=\"column-1\">Vila Uni\u00e3o<\/td><td class=\"column-2\">Liueiro Gualter, 225, Vila Uni\u00e3o<\/td><td class=\"column-3\"><a href=\"https:\/\/www.google.com\/maps\/d\/edit?mid=1YFw_0iS-wBns9BXIVR6PMJSpZCItELD7&amp;usp=sharing\"><img loading=\"lazy\" decoding=\"async\" src=\"https:\/\/ww16.ce.gov.br\/metrofor\/wp-content\/uploads\/sites\/75\/2023\/03\/xxx2642502-picsay.png\" width=\"24\" height=\"24\"><\/a><\/td>\n<\/tr>\n<tr class=\"row-10\">\n\t<td class=\"column-1\">Expedicion\u00e1rios<\/td><td class=\"column-2\">Av. Lauro Vieira Chaves, Vila Uni\u00e3o<\/td><td class=\"column-3\"><a href=\"ccc\"><img loading=\"lazy\" decoding=\"async\" src=\"https:\/\/ww16.ce.gov.br\/metrofor\/wp-content\/uploads\/sites\/75\/2023\/03\/xxx2642502-picsay.png\" width=\"24\" height=\"24\"><\/a><\/td>\n<\/tr>\n<tr class=\"row-11\">\n\t<td class=\"column-1\">Montese<\/td><td class=\"column-2\">R. Livino de Carvalho, 561 com R. Ant\u00f4nio Fiuza, Itaoca<\/td><td class=\"column-3\"><a href=\"https:\/\/www.google.com\/maps\/d\/edit?mid=1WEwNa9ERg7T5pbF8vB9twILFLtsRQp1r&amp;usp=sharing\"><img loading=\"lazy\" decoding=\"async\" src=\"https:\/\/ww16.ce.gov.br\/metrofor\/wp-content\/uploads\/sites\/75\/2023\/03\/xxx2642502-picsay.png\" width=\"24\" height=\"24\"><\/a><\/td>\n<\/tr>\n<tr class=\"row-12\">\n\t<td class=\"column-1\">Parangaba<\/td><td class=\"column-2\">Avenida Carlos Amora, n\u00ba 190 &#8211; Parangaba<\/td><td class=\"column-3\"><a href=\"https:\/\/www.google.com\/maps\/d\/edit?mid=1UXXPaSBueaVW7M5yMLUhTurKywY1ToVv&amp;usp=sharing\"><img loading=\"lazy\" decoding=\"async\" src=\"https:\/\/ww16.ce.gov.br\/metrofor\/wp-content\/uploads\/sites\/75\/2023\/03\/xxx2642502-picsay.png\" width=\"24\" height=\"24\"><\/a><\/td>\n<\/tr>\n<\/tbody>\n<\/table>\n<!-- #tablepress-37 from cache -->\n\n\n\n\n<div class=\"wp-block-cegovbr-titulo-personalizado cegovbr-titulo-personalizado\"><div class=\"cegovbr-titulo-header\"><span class=\"material-symbols-outlined cegovbr-titulo-icon\">person<\/span><h6 class=\"cegovbr-titulo-text\">Capacidade<\/h6><\/div><\/div>\n\n\n\n<p>756 pessoas, por viagem.<\/p>\n\n\n\n<div class=\"wp-block-cegovbr-titulo-personalizado cegovbr-titulo-personalizado\"><div class=\"cegovbr-titulo-header\"><span class=\"material-symbols-outlined cegovbr-titulo-icon\">person<\/span><h6 class=\"cegovbr-titulo-text\">Demanda<\/h6><\/div><\/div>\n\n\n\n<p>322,3 mil embarques mensais<\/p>\n\n\n\n<div class=\"wp-block-cegovbr-titulo-personalizado cegovbr-titulo-personalizado\"><div class=\"cegovbr-titulo-header\"><span class=\"material-symbols-outlined cegovbr-titulo-icon\">account_balance<\/span><h6 class=\"cegovbr-titulo-text\">Esta\u00e7\u00f5es mais movimentadas<\/h6><\/div><\/div>\n\n\n\n<figure class=\"wp-block-table\"><table class=\"has-fixed-layout\"><tbody><tr><td>Parangaba<\/td><td>90,9 mil embarques\/m\u00eas<\/td><\/tr><tr><td>Papicu<\/td><td>38,3 mil embarques\/m\u00eas<\/td><\/tr><tr><td>Iate<\/td><td>31,7 mil embarques\/m\u00eas<\/td><\/tr><\/tbody><\/table><\/figure>\n\n\n\n<div class=\"wp-block-cegovbr-titulo-personalizado cegovbr-titulo-personalizado\"><div class=\"cegovbr-titulo-header\"><span class=\"material-symbols-outlined cegovbr-titulo-icon\">settings<\/span><h6 class=\"cegovbr-titulo-text\">Sistema: VLT<\/h6><\/div><\/div>\n\n\n\n<p>Linha Nordeste opera com Ve\u00edculo Leve sobre Trilhos (VLTs), em velocidade m\u00e9dia de 30 km\/h, com motores de tra\u00e7\u00e3o a diesel. A via f\u00e9rrea \u00e9 segregada, cruzando ruas e avenidas em pontos sinalizados para travessia segura de pedestres e ve\u00edculos rodovi\u00e1rios.<\/p>\n","protected":false},"excerpt":{"rendered":"<p>A Linha Nordeste da Metrofor interliga os bairros Parangaba e Mucuripe, criando um fluxo de deslocamentos que contempla as necessidades de transporte de dezenas de outros bairros cortados pelo trajeto ferrovi\u00e1rio. A Linha Nordeste possui ainda uma extens\u00e3o que conecta a esta\u00e7\u00e3o Expedicion\u00e1rios ao Aeroporto Internacional de Fortaleza. No total, s\u00e3o 15,6 quil\u00f4metros de trilhos [&hellip;]<\/p>\n","protected":false},"author":12,"featured_media":0,"parent":0,"menu_order":0,"comment_status":"closed","ping_status":"closed","template":"","meta":{"_acf_changed":false,"inline_featured_image":false,"footnotes":""},"class_list":["post-1550","page","type-page","status-publish","hentry"],"acf":[],"yoast_head":"<!-- This site is optimized with the Yoast SEO plugin v26.9 - https:\/\/yoast.com\/product\/yoast-seo-wordpress\/ -->\n<title>Linha Nordeste - METROFOR<\/title>\n<meta name=\"robots\" content=\"index, follow, max-snippet:-1, max-image-preview:large, max-video-preview:-1\" \/>\n<link rel=\"canonical\" href=\"https:\/\/ww16.ce.gov.br\/metrofor\/linhanordeste\/\" \/>\n<meta property=\"og:locale\" content=\"pt_BR\" \/>\n<meta property=\"og:type\" content=\"article\" \/>\n<meta property=\"og:title\" content=\"Linha Nordeste - METROFOR\" \/>\n<meta property=\"og:description\" content=\"A Linha Nordeste da Metrofor interliga os bairros Parangaba e Mucuripe, criando um fluxo de deslocamentos que contempla as necessidades de transporte de dezenas de outros bairros cortados pelo trajeto ferrovi\u00e1rio. A Linha Nordeste possui ainda uma extens\u00e3o que conecta a esta\u00e7\u00e3o Expedicion\u00e1rios ao Aeroporto Internacional de Fortaleza. No total, s\u00e3o 15,6 quil\u00f4metros de trilhos [&hellip;]\" \/>\n<meta property=\"og:url\" content=\"https:\/\/ww16.ce.gov.br\/metrofor\/linhanordeste\/\" \/>\n<meta property=\"og:site_name\" content=\"METROFOR\" \/>\n<meta property=\"article:modified_time\" content=\"2026-05-04T19:05:01+00:00\" \/>\n<meta name=\"twitter:card\" content=\"summary_large_image\" \/>\n<meta name=\"twitter:label1\" content=\"Est. reading time\" \/>\n\t<meta name=\"twitter:data1\" content=\"2 minutos\" \/>\n<script type=\"application\/ld+json\" class=\"yoast-schema-graph\">{\"@context\":\"https:\/\/schema.org\",\"@graph\":[{\"@type\":\"WebPage\",\"@id\":\"https:\/\/ww16.ce.gov.br\/metrofor\/linhanordeste\/\",\"url\":\"https:\/\/ww16.ce.gov.br\/metrofor\/linhanordeste\/\",\"name\":\"Linha Nordeste - METROFOR\",\"isPartOf\":{\"@id\":\"https:\/\/ww16.ce.gov.br\/metrofor\/#website\"},\"datePublished\":\"2018-01-25T18:19:13+00:00\",\"dateModified\":\"2026-05-04T19:05:01+00:00\",\"breadcrumb\":{\"@id\":\"https:\/\/ww16.ce.gov.br\/metrofor\/linhanordeste\/#breadcrumb\"},\"inLanguage\":\"pt-BR\",\"potentialAction\":[{\"@type\":\"ReadAction\",\"target\":[\"https:\/\/ww16.ce.gov.br\/metrofor\/linhanordeste\/\"]}]},{\"@type\":\"BreadcrumbList\",\"@id\":\"https:\/\/ww16.ce.gov.br\/metrofor\/linhanordeste\/#breadcrumb\",\"itemListElement\":[{\"@type\":\"ListItem\",\"position\":1,\"name\":\"In\u00edcio\",\"item\":\"https:\/\/ww16.ce.gov.br\/metrofor\/\"},{\"@type\":\"ListItem\",\"position\":2,\"name\":\"Linha Nordeste\"}]},{\"@type\":\"WebSite\",\"@id\":\"https:\/\/ww16.ce.gov.br\/metrofor\/#website\",\"url\":\"https:\/\/ww16.ce.gov.br\/metrofor\/\",\"name\":\"Metr\u00f4 de Fortaleza\",\"description\":\"Portal METROFOR\",\"publisher\":{\"@id\":\"https:\/\/ww16.ce.gov.br\/metrofor\/#organization\"},\"potentialAction\":[{\"@type\":\"SearchAction\",\"target\":{\"@type\":\"EntryPoint\",\"urlTemplate\":\"https:\/\/ww16.ce.gov.br\/metrofor\/?s={search_term_string}\"},\"query-input\":{\"@type\":\"PropertyValueSpecification\",\"valueRequired\":true,\"valueName\":\"search_term_string\"}}],\"inLanguage\":\"pt-BR\"},{\"@type\":\"Organization\",\"@id\":\"https:\/\/ww16.ce.gov.br\/metrofor\/#organization\",\"name\":\"Metr\u00f4 de Fortaleza\",\"url\":\"https:\/\/ww16.ce.gov.br\/metrofor\/\",\"logo\":{\"@type\":\"ImageObject\",\"inLanguage\":\"pt-BR\",\"@id\":\"https:\/\/ww16.ce.gov.br\/metrofor\/#\/schema\/logo\/image\/\",\"url\":\"http:\/\/ww16.ce.gov.br\/metrofor\/wp-content\/uploads\/sites\/32\/2018\/01\/METROFOR-SEINFRAclara.png\",\"contentUrl\":\"http:\/\/ww16.ce.gov.br\/metrofor\/wp-content\/uploads\/sites\/32\/2018\/01\/METROFOR-SEINFRAclara.png\",\"width\":559,\"height\":106,\"caption\":\"Metr\u00f4 de Fortaleza\"},\"image\":{\"@id\":\"https:\/\/ww16.ce.gov.br\/metrofor\/#\/schema\/logo\/image\/\"}}]}<\/script>\n<!-- \/ Yoast SEO plugin. -->","yoast_head_json":{"title":"Linha Nordeste - METROFOR","robots":{"index":"index","follow":"follow","max-snippet":"max-snippet:-1","max-image-preview":"max-image-preview:large","max-video-preview":"max-video-preview:-1"},"canonical":"https:\/\/ww16.ce.gov.br\/metrofor\/linhanordeste\/","og_locale":"pt_BR","og_type":"article","og_title":"Linha Nordeste - METROFOR","og_description":"A Linha Nordeste da Metrofor interliga os bairros Parangaba e Mucuripe, criando um fluxo de deslocamentos que contempla as necessidades de transporte de dezenas de outros bairros cortados pelo trajeto ferrovi\u00e1rio. A Linha Nordeste possui ainda uma extens\u00e3o que conecta a esta\u00e7\u00e3o Expedicion\u00e1rios ao Aeroporto Internacional de Fortaleza. No total, s\u00e3o 15,6 quil\u00f4metros de trilhos [&hellip;]","og_url":"https:\/\/ww16.ce.gov.br\/metrofor\/linhanordeste\/","og_site_name":"METROFOR","article_modified_time":"2026-05-04T19:05:01+00:00","twitter_card":"summary_large_image","twitter_misc":{"Est. reading time":"2 minutos"},"schema":{"@context":"https:\/\/schema.org","@graph":[{"@type":"WebPage","@id":"https:\/\/ww16.ce.gov.br\/metrofor\/linhanordeste\/","url":"https:\/\/ww16.ce.gov.br\/metrofor\/linhanordeste\/","name":"Linha Nordeste - METROFOR","isPartOf":{"@id":"https:\/\/ww16.ce.gov.br\/metrofor\/#website"},"datePublished":"2018-01-25T18:19:13+00:00","dateModified":"2026-05-04T19:05:01+00:00","breadcrumb":{"@id":"https:\/\/ww16.ce.gov.br\/metrofor\/linhanordeste\/#breadcrumb"},"inLanguage":"pt-BR","potentialAction":[{"@type":"ReadAction","target":["https:\/\/ww16.ce.gov.br\/metrofor\/linhanordeste\/"]}]},{"@type":"BreadcrumbList","@id":"https:\/\/ww16.ce.gov.br\/metrofor\/linhanordeste\/#breadcrumb","itemListElement":[{"@type":"ListItem","position":1,"name":"In\u00edcio","item":"https:\/\/ww16.ce.gov.br\/metrofor\/"},{"@type":"ListItem","position":2,"name":"Linha Nordeste"}]},{"@type":"WebSite","@id":"https:\/\/ww16.ce.gov.br\/metrofor\/#website","url":"https:\/\/ww16.ce.gov.br\/metrofor\/","name":"Metr\u00f4 de Fortaleza","description":"Portal METROFOR","publisher":{"@id":"https:\/\/ww16.ce.gov.br\/metrofor\/#organization"},"potentialAction":[{"@type":"SearchAction","target":{"@type":"EntryPoint","urlTemplate":"https:\/\/ww16.ce.gov.br\/metrofor\/?s={search_term_string}"},"query-input":{"@type":"PropertyValueSpecification","valueRequired":true,"valueName":"search_term_string"}}],"inLanguage":"pt-BR"},{"@type":"Organization","@id":"https:\/\/ww16.ce.gov.br\/metrofor\/#organization","name":"Metr\u00f4 de Fortaleza","url":"https:\/\/ww16.ce.gov.br\/metrofor\/","logo":{"@type":"ImageObject","inLanguage":"pt-BR","@id":"https:\/\/ww16.ce.gov.br\/metrofor\/#\/schema\/logo\/image\/","url":"http:\/\/ww16.ce.gov.br\/metrofor\/wp-content\/uploads\/sites\/32\/2018\/01\/METROFOR-SEINFRAclara.png","contentUrl":"http:\/\/ww16.ce.gov.br\/metrofor\/wp-content\/uploads\/sites\/32\/2018\/01\/METROFOR-SEINFRAclara.png","width":559,"height":106,"caption":"Metr\u00f4 de Fortaleza"},"image":{"@id":"https:\/\/ww16.ce.gov.br\/metrofor\/#\/schema\/logo\/image\/"}}]}},"_links":{"self":[{"href":"https:\/\/ww16.ce.gov.br\/metrofor\/wp-json\/wp\/v2\/pages\/1550","targetHints":{"allow":["GET"]}}],"collection":[{"href":"https:\/\/ww16.ce.gov.br\/metrofor\/wp-json\/wp\/v2\/pages"}],"about":[{"href":"https:\/\/ww16.ce.gov.br\/metrofor\/wp-json\/wp\/v2\/types\/page"}],"author":[{"embeddable":true,"href":"https:\/\/ww16.ce.gov.br\/metrofor\/wp-json\/wp\/v2\/users\/12"}],"replies":[{"embeddable":true,"href":"https:\/\/ww16.ce.gov.br\/metrofor\/wp-json\/wp\/v2\/comments?post=1550"}],"version-history":[{"count":27,"href":"https:\/\/ww16.ce.gov.br\/metrofor\/wp-json\/wp\/v2\/pages\/1550\/revisions"}],"predecessor-version":[{"id":75435,"href":"https:\/\/ww16.ce.gov.br\/metrofor\/wp-json\/wp\/v2\/pages\/1550\/revisions\/75435"}],"wp:attachment":[{"href":"https:\/\/ww16.ce.gov.br\/metrofor\/wp-json\/wp\/v2\/media?parent=1550"}],"curies":[{"name":"wp","href":"https:\/\/api.w.org\/{rel}","templated":true}]}}