{"id":1547,"date":"2018-01-25T15:18:33","date_gmt":"2018-01-25T18:18:33","guid":{"rendered":"http:\/\/www.metrofor.ce.gov.br\/?page_id=1547"},"modified":"2026-04-27T13:51:24","modified_gmt":"2026-04-27T16:51:24","slug":"linha-oeste","status":"publish","type":"page","link":"https:\/\/ww16.ce.gov.br\/metrofor\/linha-oeste\/","title":{"rendered":"Linha Oeste"},"content":{"rendered":"\n<p>&nbsp;A Linha Oeste da Metrofor interliga as cidades de Fortaleza e Caucaia, funcionando como importante eixo de integra\u00e7\u00e3o da Regi\u00e3o Metropolitana de Fortaleza. Com 19,5 km de extens\u00e3o e 10 esta\u00e7\u00f5es, a linha se destaca pelo pre\u00e7o acess\u00edvel, conforto e agilidade no deslocamento, beneficiando milhares de trabalhadores.<\/p>\n\n\n\n<div class=\"wp-block-cegovbr-titulo-personalizado cegovbr-titulo-personalizado\"><div class=\"cegovbr-titulo-header\"><span class=\"material-symbols-outlined cegovbr-titulo-icon\">schedule<\/span><h6 class=\"cegovbr-titulo-text\">Dias e Hor\u00e1rios<\/h6><\/div><\/div>\n\n\n\n<p>De segunda-feira a s\u00e1bado, de 5h30 \u00e0s 20h.<\/p>\n\n\n\n<p>Nos feriados, h\u00e1 funcionamento em hor\u00e1rios excepcionais, divulgados antecipadamente.<\/p>\n\n\n\n<div class=\"wp-block-buttons is-layout-flex wp-block-buttons-is-layout-flex\">\n<div class=\"wp-block-button\"><a class=\"wp-block-button__link wp-element-button\" href=\"https:\/\/info.metrofor.ce.gov.br\/horarios\">Pesquisa de hor\u00e1rios por esta\u00e7\u00e3o<\/a><\/div>\n<\/div>\n\n\n\n<div class=\"wp-block-cegovbr-titulo-personalizado cegovbr-titulo-personalizado\"><div class=\"cegovbr-titulo-header\"><span class=\"material-symbols-outlined cegovbr-titulo-icon\">attach_money<\/span><h6 class=\"cegovbr-titulo-text\">Tarifas<\/h6><\/div><\/div>\n\n\n\n<p>R$ 1,00 (inteira) e R$ 0,50 (meia)<\/p>\n\n\n\n<div class=\"wp-block-cegovbr-titulo-personalizado cegovbr-titulo-personalizado\"><div class=\"cegovbr-titulo-header\"><span class=\"material-symbols-outlined cegovbr-titulo-icon\">attach_money<\/span><h6 class=\"cegovbr-titulo-text\">Formas de pagamento<\/h6><\/div><\/div>\n\n\n\n<p>Dinheiro e Pix<\/p>\n\n\n\n<p>Troco m\u00e1ximo: R$ 20,00<\/p>\n\n\n\n<div class=\"wp-block-cegovbr-titulo-personalizado cegovbr-titulo-personalizado\"><div class=\"cegovbr-titulo-header\"><span class=\"material-symbols-outlined cegovbr-titulo-icon\">timeline<\/span><h6 class=\"cegovbr-titulo-text\">Percurso<\/h6><\/div><\/div>\n\n\n\n<p>Utilize o mapa do Google para iniciar rotas a partir da sua localiza\u00e7\u00e3o atual at\u00e9 a esta\u00e7\u00e3o de sua prefer\u00eancia<br><\/p>\n\n\n\n<div class=\"wp-block-cegovbr-titulo-personalizado cegovbr-titulo-personalizado\"><div class=\"cegovbr-titulo-header\"><span class=\"material-symbols-outlined cegovbr-titulo-icon\">home<\/span><h6 class=\"cegovbr-titulo-text\">Esta\u00e7\u00f5es<\/h6><\/div><\/div>\n\n\n\n<div class=\"wp-block-group has-border-color has-neutral-200-border-color has-base-0-background-color has-background is-layout-constrained wp-container-core-group-is-layout-9aa45e76 wp-block-group-is-layout-constrained\" style=\"border-width:0.0625rem;border-radius:0.75rem;padding-top:1.5rem;padding-right:1.5rem;padding-bottom:1.5rem;padding-left:1.5rem\">\n<p><\/p>\n\n\n\n<table id=\"tablepress-39\" class=\"tablepress tablepress-id-39\">\n<thead>\n<tr class=\"row-1\">\n\t<th class=\"column-1\">NOME DAS ESTA\u00c7\u00d5ES<\/th><th class=\"column-2\">ENDERE\u00c7O<\/th>\n<\/tr>\n<\/thead>\n<tbody class=\"row-striping row-hover\">\n<tr class=\"row-2\">\n\t<td class=\"column-1\">Moura Brasil<\/td><td class=\"column-2\">R. Aprendizes Marinheiros Com R. Padre Moror\u00f3 -Moura Brasil\/Centro-Fortaleza<\/td>\n<\/tr>\n<tr class=\"row-3\">\n\t<td class=\"column-1\">\u00c1lvaro Weyne<\/td><td class=\"column-2\">Av. Tenente Lisboa, 3566, \u00c1lvaro Weyne-Fortaleza<\/td>\n<\/tr>\n<tr class=\"row-4\">\n\t<td class=\"column-1\">Padre Andrade<\/td><td class=\"column-2\">Av. Tenente Lisboa, 878, Padre Andrade &#8211; Fortaleza<\/td>\n<\/tr>\n<tr class=\"row-5\">\n\t<td class=\"column-1\">Ant\u00f4nio Bezerra<\/td><td class=\"column-2\">R. Jos\u00e9 Acioly, 244-A, Antonio Bezerra- Fortaleza<\/td>\n<\/tr>\n<tr class=\"row-6\">\n\t<td class=\"column-1\">S\u00e3o Miguel<\/td><td class=\"column-2\">R. S\u00e3o Mateus, 201, Conjunto S\u00e3o Miguel &#8211; Fortaleza<\/td>\n<\/tr>\n<tr class=\"row-7\">\n\t<td class=\"column-1\">Parque Albano<\/td><td class=\"column-2\">Av. F, 539, 4\u00aa Etapa, Conjunto Cear\u00e1 &#8211; Fortaleza<\/td>\n<\/tr>\n<tr class=\"row-8\">\n\t<td class=\"column-1\">Conjunto Cear\u00e1<\/td><td class=\"column-2\">R. Nova Igua\u00e7u Ou Av. J, Conjunto Cear\u00e1-Fortaleza<\/td>\n<\/tr>\n<tr class=\"row-9\">\n\t<td class=\"column-1\">Jurema<\/td><td class=\"column-2\">Av. Dom Almeida Lustosa, S\/N, Jurema &#8211; Caucaia<\/td>\n<\/tr>\n<tr class=\"row-10\">\n\t<td class=\"column-1\">Araturi<\/td><td class=\"column-2\">Av. De Cont\u00f4rno Oeste-Norte, 1508 &#8211; Araturi &#8211; Caucaia<\/td>\n<\/tr>\n<tr class=\"row-11\">\n\t<td class=\"column-1\">Caucaia<\/td><td class=\"column-2\">R. Coronel Correia, S\/N, Centro &#8211; Caucaia<\/td>\n<\/tr>\n<\/tbody>\n<\/table>\n<!-- #tablepress-39 from cache -->\n\n\n<p><\/p>\n<\/div>\n\n\n\n<div class=\"wp-block-cegovbr-titulo-personalizado cegovbr-titulo-personalizado\"><div class=\"cegovbr-titulo-header\"><span class=\"material-symbols-outlined cegovbr-titulo-icon\">star<\/span><h6 class=\"cegovbr-titulo-text\">Bilhetagem\/Cart\u00f5es<\/h6><\/div><\/div>\n\n\n\n<p><strong>Inteira: <\/strong>embarque imediato na bilheteria, logo ap\u00f3s pagamento de passagem. N\u00e3o utiliza Cart\u00e3o.<br><strong>Meia: <\/strong>embarque imediato na bilheteria, logo ap\u00f3s pagamento de passagem. N\u00e3o utiliza Cart\u00e3o.<br><strong>Estudantes: <\/strong>embarque imediato na bilheteria, logo ap\u00f3s pagamento de passagem. N\u00e3o utiliza Cart\u00e3o.<br><strong>Gratuidade: <\/strong>pessoas com direito \u00e0 gratuidade devem apresentar documenta\u00e7\u00e3o comprobat\u00f3ria na bilheteria, no ato do embarque<br><strong>Cart\u00e3o VaiVem:<\/strong> Concedido pelo Governo do Cear\u00e1 para pessoas que est\u00e3o em busca de emprego formal e estudantes, garantindo acesso gratuito ao sistema de transporte (\u00f4nibus, metr\u00f4s e vans) na Regi\u00e3o Metropolitana de Fortaleza.<\/p>\n\n\n\n<p>Para mais informa\u00e7\u00f5es e detalhes sobre os Cart\u00f5es da Metrofor, consulte a p\u00e1gina:<\/p>\n\n\n\n<div class=\"wp-block-buttons is-layout-flex wp-block-buttons-is-layout-flex\">\n<div class=\"wp-block-button\"><a class=\"wp-block-button__link wp-element-button\" href=\"https:\/\/ww16.ce.gov.br\/metrofor\/cartoes\/\">Tudo sobre bilhetagem<\/a><\/div>\n<\/div>\n\n\n\n<div class=\"wp-block-cegovbr-titulo-personalizado cegovbr-titulo-personalizado\"><div class=\"cegovbr-titulo-header\"><span class=\"material-symbols-outlined cegovbr-titulo-icon\">person<\/span><h6 class=\"cegovbr-titulo-text\">Capacidade<\/h6><\/div><\/div>\n\n\n\n<p>756 pessoas, por viagem.<br><\/p>\n\n\n\n<div class=\"wp-block-cegovbr-titulo-personalizado cegovbr-titulo-personalizado\"><div class=\"cegovbr-titulo-header\"><span class=\"material-symbols-outlined cegovbr-titulo-icon\">person<\/span><h6 class=\"cegovbr-titulo-text\">Demanda<\/h6><\/div><\/div>\n\n\n\n<p>112,2 mil embarques mensais<\/p>\n\n\n\n<div class=\"wp-block-cegovbr-titulo-personalizado cegovbr-titulo-personalizado\"><div class=\"cegovbr-titulo-header\"><span class=\"material-symbols-outlined cegovbr-titulo-icon\">home<\/span><h6 class=\"cegovbr-titulo-text\">Esta\u00e7\u00f5es mais movimentadas<\/h6><\/div><\/div>\n\n\n\n<figure class=\"wp-block-table\"><table class=\"has-fixed-layout\"><tbody><tr><td>Moura Brasil<\/td><td>28,8 mil embarques\/m\u00eas<\/td><\/tr><tr><td>Caucaia<\/td><td>17 mil embarques\/m\u00eas<\/td><\/tr><tr><td>Jurema<\/td><td>13,5 mil embarques\/m\u00eas<\/td><\/tr><\/tbody><\/table><\/figure>\n\n\n\n<div class=\"wp-block-cegovbr-titulo-personalizado cegovbr-titulo-personalizado\"><div class=\"cegovbr-titulo-header\"><span class=\"material-symbols-outlined cegovbr-titulo-icon\">settings<\/span><h6 class=\"cegovbr-titulo-text\">Sistema: VLT<\/h6><\/div><\/div>\n\n\n\n<p>Linha Oeste opera com Ve\u00edculo Leve sobre Trilhos (VLTs), em velocidade m\u00e9dia de 30 km\/h, com motores de tra\u00e7\u00e3o a diesel. A via f\u00e9rrea \u00e9 segregada, cruzando ruas e avenidas em pontos sinalizados para travessia segura de pedestres e ve\u00edculos rodovi\u00e1rios.<\/p>\n","protected":false},"excerpt":{"rendered":"<p>&nbsp;A Linha Oeste da Metrofor interliga as cidades de Fortaleza e Caucaia, funcionando como importante eixo de integra\u00e7\u00e3o da Regi\u00e3o Metropolitana de Fortaleza. Com 19,5 km de extens\u00e3o e 10 esta\u00e7\u00f5es, a linha se destaca pelo pre\u00e7o acess\u00edvel, conforto e agilidade no deslocamento, beneficiando milhares de trabalhadores. De segunda-feira a s\u00e1bado, de 5h30 \u00e0s 20h. [&hellip;]<\/p>\n","protected":false},"author":12,"featured_media":0,"parent":0,"menu_order":0,"comment_status":"closed","ping_status":"closed","template":"","meta":{"_acf_changed":false,"inline_featured_image":false,"footnotes":""},"class_list":["post-1547","page","type-page","status-publish","hentry"],"acf":[],"yoast_head":"<!-- This site is optimized with the Yoast SEO plugin v26.9 - https:\/\/yoast.com\/product\/yoast-seo-wordpress\/ -->\n<title>Linha Oeste - METROFOR<\/title>\n<meta name=\"robots\" content=\"index, follow, max-snippet:-1, max-image-preview:large, max-video-preview:-1\" \/>\n<link rel=\"canonical\" href=\"https:\/\/ww16.ce.gov.br\/metrofor\/linha-oeste\/\" \/>\n<meta property=\"og:locale\" content=\"pt_BR\" \/>\n<meta property=\"og:type\" content=\"article\" \/>\n<meta property=\"og:title\" content=\"Linha Oeste - METROFOR\" \/>\n<meta property=\"og:description\" content=\"&nbsp;A Linha Oeste da Metrofor interliga as cidades de Fortaleza e Caucaia, funcionando como importante eixo de integra\u00e7\u00e3o da Regi\u00e3o Metropolitana de Fortaleza. Com 19,5 km de extens\u00e3o e 10 esta\u00e7\u00f5es, a linha se destaca pelo pre\u00e7o acess\u00edvel, conforto e agilidade no deslocamento, beneficiando milhares de trabalhadores. De segunda-feira a s\u00e1bado, de 5h30 \u00e0s 20h. [&hellip;]\" \/>\n<meta property=\"og:url\" content=\"https:\/\/ww16.ce.gov.br\/metrofor\/linha-oeste\/\" \/>\n<meta property=\"og:site_name\" content=\"METROFOR\" \/>\n<meta property=\"article:modified_time\" content=\"2026-04-27T16:51:24+00:00\" \/>\n<meta name=\"twitter:card\" content=\"summary_large_image\" \/>\n<meta name=\"twitter:label1\" content=\"Est. reading time\" \/>\n\t<meta name=\"twitter:data1\" content=\"2 minutos\" \/>\n<script type=\"application\/ld+json\" class=\"yoast-schema-graph\">{\"@context\":\"https:\/\/schema.org\",\"@graph\":[{\"@type\":\"WebPage\",\"@id\":\"https:\/\/ww16.ce.gov.br\/metrofor\/linha-oeste\/\",\"url\":\"https:\/\/ww16.ce.gov.br\/metrofor\/linha-oeste\/\",\"name\":\"Linha Oeste - METROFOR\",\"isPartOf\":{\"@id\":\"https:\/\/ww16.ce.gov.br\/metrofor\/#website\"},\"datePublished\":\"2018-01-25T18:18:33+00:00\",\"dateModified\":\"2026-04-27T16:51:24+00:00\",\"breadcrumb\":{\"@id\":\"https:\/\/ww16.ce.gov.br\/metrofor\/linha-oeste\/#breadcrumb\"},\"inLanguage\":\"pt-BR\",\"potentialAction\":[{\"@type\":\"ReadAction\",\"target\":[\"https:\/\/ww16.ce.gov.br\/metrofor\/linha-oeste\/\"]}]},{\"@type\":\"BreadcrumbList\",\"@id\":\"https:\/\/ww16.ce.gov.br\/metrofor\/linha-oeste\/#breadcrumb\",\"itemListElement\":[{\"@type\":\"ListItem\",\"position\":1,\"name\":\"In\u00edcio\",\"item\":\"https:\/\/ww16.ce.gov.br\/metrofor\/\"},{\"@type\":\"ListItem\",\"position\":2,\"name\":\"Linha Oeste\"}]},{\"@type\":\"WebSite\",\"@id\":\"https:\/\/ww16.ce.gov.br\/metrofor\/#website\",\"url\":\"https:\/\/ww16.ce.gov.br\/metrofor\/\",\"name\":\"Metr\u00f4 de Fortaleza\",\"description\":\"Portal METROFOR\",\"publisher\":{\"@id\":\"https:\/\/ww16.ce.gov.br\/metrofor\/#organization\"},\"potentialAction\":[{\"@type\":\"SearchAction\",\"target\":{\"@type\":\"EntryPoint\",\"urlTemplate\":\"https:\/\/ww16.ce.gov.br\/metrofor\/?s={search_term_string}\"},\"query-input\":{\"@type\":\"PropertyValueSpecification\",\"valueRequired\":true,\"valueName\":\"search_term_string\"}}],\"inLanguage\":\"pt-BR\"},{\"@type\":\"Organization\",\"@id\":\"https:\/\/ww16.ce.gov.br\/metrofor\/#organization\",\"name\":\"Metr\u00f4 de Fortaleza\",\"url\":\"https:\/\/ww16.ce.gov.br\/metrofor\/\",\"logo\":{\"@type\":\"ImageObject\",\"inLanguage\":\"pt-BR\",\"@id\":\"https:\/\/ww16.ce.gov.br\/metrofor\/#\/schema\/logo\/image\/\",\"url\":\"http:\/\/ww16.ce.gov.br\/metrofor\/wp-content\/uploads\/sites\/32\/2018\/01\/METROFOR-SEINFRAclara.png\",\"contentUrl\":\"http:\/\/ww16.ce.gov.br\/metrofor\/wp-content\/uploads\/sites\/32\/2018\/01\/METROFOR-SEINFRAclara.png\",\"width\":559,\"height\":106,\"caption\":\"Metr\u00f4 de Fortaleza\"},\"image\":{\"@id\":\"https:\/\/ww16.ce.gov.br\/metrofor\/#\/schema\/logo\/image\/\"}}]}<\/script>\n<!-- \/ Yoast SEO plugin. -->","yoast_head_json":{"title":"Linha Oeste - METROFOR","robots":{"index":"index","follow":"follow","max-snippet":"max-snippet:-1","max-image-preview":"max-image-preview:large","max-video-preview":"max-video-preview:-1"},"canonical":"https:\/\/ww16.ce.gov.br\/metrofor\/linha-oeste\/","og_locale":"pt_BR","og_type":"article","og_title":"Linha Oeste - METROFOR","og_description":"&nbsp;A Linha Oeste da Metrofor interliga as cidades de Fortaleza e Caucaia, funcionando como importante eixo de integra\u00e7\u00e3o da Regi\u00e3o Metropolitana de Fortaleza. Com 19,5 km de extens\u00e3o e 10 esta\u00e7\u00f5es, a linha se destaca pelo pre\u00e7o acess\u00edvel, conforto e agilidade no deslocamento, beneficiando milhares de trabalhadores. De segunda-feira a s\u00e1bado, de 5h30 \u00e0s 20h. [&hellip;]","og_url":"https:\/\/ww16.ce.gov.br\/metrofor\/linha-oeste\/","og_site_name":"METROFOR","article_modified_time":"2026-04-27T16:51:24+00:00","twitter_card":"summary_large_image","twitter_misc":{"Est. reading time":"2 minutos"},"schema":{"@context":"https:\/\/schema.org","@graph":[{"@type":"WebPage","@id":"https:\/\/ww16.ce.gov.br\/metrofor\/linha-oeste\/","url":"https:\/\/ww16.ce.gov.br\/metrofor\/linha-oeste\/","name":"Linha Oeste - METROFOR","isPartOf":{"@id":"https:\/\/ww16.ce.gov.br\/metrofor\/#website"},"datePublished":"2018-01-25T18:18:33+00:00","dateModified":"2026-04-27T16:51:24+00:00","breadcrumb":{"@id":"https:\/\/ww16.ce.gov.br\/metrofor\/linha-oeste\/#breadcrumb"},"inLanguage":"pt-BR","potentialAction":[{"@type":"ReadAction","target":["https:\/\/ww16.ce.gov.br\/metrofor\/linha-oeste\/"]}]},{"@type":"BreadcrumbList","@id":"https:\/\/ww16.ce.gov.br\/metrofor\/linha-oeste\/#breadcrumb","itemListElement":[{"@type":"ListItem","position":1,"name":"In\u00edcio","item":"https:\/\/ww16.ce.gov.br\/metrofor\/"},{"@type":"ListItem","position":2,"name":"Linha Oeste"}]},{"@type":"WebSite","@id":"https:\/\/ww16.ce.gov.br\/metrofor\/#website","url":"https:\/\/ww16.ce.gov.br\/metrofor\/","name":"Metr\u00f4 de Fortaleza","description":"Portal METROFOR","publisher":{"@id":"https:\/\/ww16.ce.gov.br\/metrofor\/#organization"},"potentialAction":[{"@type":"SearchAction","target":{"@type":"EntryPoint","urlTemplate":"https:\/\/ww16.ce.gov.br\/metrofor\/?s={search_term_string}"},"query-input":{"@type":"PropertyValueSpecification","valueRequired":true,"valueName":"search_term_string"}}],"inLanguage":"pt-BR"},{"@type":"Organization","@id":"https:\/\/ww16.ce.gov.br\/metrofor\/#organization","name":"Metr\u00f4 de Fortaleza","url":"https:\/\/ww16.ce.gov.br\/metrofor\/","logo":{"@type":"ImageObject","inLanguage":"pt-BR","@id":"https:\/\/ww16.ce.gov.br\/metrofor\/#\/schema\/logo\/image\/","url":"http:\/\/ww16.ce.gov.br\/metrofor\/wp-content\/uploads\/sites\/32\/2018\/01\/METROFOR-SEINFRAclara.png","contentUrl":"http:\/\/ww16.ce.gov.br\/metrofor\/wp-content\/uploads\/sites\/32\/2018\/01\/METROFOR-SEINFRAclara.png","width":559,"height":106,"caption":"Metr\u00f4 de Fortaleza"},"image":{"@id":"https:\/\/ww16.ce.gov.br\/metrofor\/#\/schema\/logo\/image\/"}}]}},"_links":{"self":[{"href":"https:\/\/ww16.ce.gov.br\/metrofor\/wp-json\/wp\/v2\/pages\/1547","targetHints":{"allow":["GET"]}}],"collection":[{"href":"https:\/\/ww16.ce.gov.br\/metrofor\/wp-json\/wp\/v2\/pages"}],"about":[{"href":"https:\/\/ww16.ce.gov.br\/metrofor\/wp-json\/wp\/v2\/types\/page"}],"author":[{"embeddable":true,"href":"https:\/\/ww16.ce.gov.br\/metrofor\/wp-json\/wp\/v2\/users\/12"}],"replies":[{"embeddable":true,"href":"https:\/\/ww16.ce.gov.br\/metrofor\/wp-json\/wp\/v2\/comments?post=1547"}],"version-history":[{"count":30,"href":"https:\/\/ww16.ce.gov.br\/metrofor\/wp-json\/wp\/v2\/pages\/1547\/revisions"}],"predecessor-version":[{"id":75340,"href":"https:\/\/ww16.ce.gov.br\/metrofor\/wp-json\/wp\/v2\/pages\/1547\/revisions\/75340"}],"wp:attachment":[{"href":"https:\/\/ww16.ce.gov.br\/metrofor\/wp-json\/wp\/v2\/media?parent=1547"}],"curies":[{"name":"wp","href":"https:\/\/api.w.org\/{rel}","templated":true}]}}