{"id":71,"date":"2017-11-21T10:11:14","date_gmt":"2017-11-21T12:11:14","guid":{"rendered":"https:\/\/www.ceasa-ce.com.br\/?page_id=71"},"modified":"2026-02-27T14:49:17","modified_gmt":"2026-02-27T17:49:17","slug":"secretarios","status":"publish","type":"page","link":"https:\/\/ww16.ce.gov.br\/internacional\/institucional\/secretarios\/","title":{"rendered":"Secret\u00e1rios"},"content":{"rendered":"<div class=\"secretarios-container\"><div class=\"destaque-governo\" style=\"margin-bottom: 1.25rem;\"><div class=\"perfil-redes-sociais\"><img decoding=\"async\" src=\"https:\/\/ww16.ce.gov.br\/internacional\/wp-content\/uploads\/sites\/87\/2026\/02\/32.png\" alt=\"Roseane Medeiros\" class=\"governo-foto\"><div class=\"governo-redes-sociais\"><div class=\"social-icon-container\"><a href=\"mailto:r&#111;s&#101;a&#110;e.&#109;e&#100;&#101;i&#114;os&#64;in&#116;&#101;rn&#97;&#99;&#105;ona&#108;.&#99;e&#46;&#103;&#111;&#118;&#46;br\" title=\"Enviar email\"><svg class=\"social-email-icon\" xmlns=\"https:\/\/www.w3.org\/2000\/svg\" viewBox=\"0 0 24 24\" fill=\"none\" stroke=\"#1B7727\" stroke-width=\"2\" stroke-linecap=\"round\" stroke-linejoin=\"round\"><rect x=\"2\" y=\"4\" width=\"20\" height=\"16\" rx=\"2\"><\/rect><path d=\"m22 7-8.97 5.7a1.94 1.94 0 0 1-2.06 0L2 7\"><\/path><\/svg><\/a><\/div><\/div><\/div><div class=\"governo-bio\"><div class=\"governo-orgao\">Secret\u00e1ria das Rela\u00e7\u00f5es Internacionai&#8230;<\/div><h3 class=\"governo-nome\">Roseane Medeiros<\/h3><div class=\"governo-bio-texto\"><p data-start=\"155\" data-end=\"624\">Engenheira civil formada pela Universidade Federal do Cear\u00e1, com mestrado em Engenharia Estrutural pela Pontif\u00edcia Universidade Cat\u00f3lica do Rio de Janeiro. Possui s\u00f3lida forma\u00e7\u00e3o executiva internacional, com qualifica\u00e7\u00f5es em Lideran\u00e7a Estrat\u00e9gica e Inovadora na Era Digital pela Cornell SC Johnson College of Business (EUA), Gest\u00e3o Estrat\u00e9gica para Dirigentes Empresariais pela INSEAD (Fran\u00e7a) e Estrat\u00e9gia e Inova\u00e7\u00e3o nos Neg\u00f3cios pela Wharton Educa\u00e7\u00e3o Executiva (EUA).<\/p>\n<p data-start=\"626\" data-end=\"1217\">Atuou como docente no Departamento de Tecnologia da Universidade de Fortaleza (UNIFOR) e construiu trajet\u00f3ria de destaque no setor industrial, tendo presidido o Sindicato das Ind\u00fastrias de Curtimento de Couros e Peles no Estado do Cear\u00e1 e o Centro Industrial do Cear\u00e1 (CIC). Tamb\u00e9m exerceu o cargo de Secret\u00e1ria Executiva da Ind\u00fastria na Secretaria do Desenvolvimento Econ\u00f4mico e Trabalho do Estado do Cear\u00e1 (SEDET), onde coordenou pol\u00edticas p\u00fablicas voltadas \u00e0s energias renov\u00e1veis e ao desenvolvimento sustent\u00e1vel, com \u00eanfase na implanta\u00e7\u00e3o do HUB de Hidrog\u00eanio Verde no Complexo do Pec\u00e9m.<\/p>\n<p data-start=\"1219\" data-end=\"1589\">Atualmente, \u00e9 vice-presidente da Federa\u00e7\u00e3o das Ind\u00fastrias do Estado do Cear\u00e1 (FIEC) \u2013 Gest\u00e3o 2019\/2027 e integra a Secretaria das Rela\u00e7\u00f5es Internacionais do Estado do Cear\u00e1 desde 2023. Possui ampla experi\u00eancia em lideran\u00e7a estrat\u00e9gica, inova\u00e7\u00e3o e desenvolvimento industrial, com atua\u00e7\u00e3o orientada \u00e0 competitividade internacional e \u00e0 sustentabilidade econ\u00f4mica do Estado.<\/p>\n<\/div><\/div><\/div><div class=\"destaque-governo layout-alternating\" style=\"margin-bottom: 1.25rem;\"><div class=\"perfil-redes-sociais\"><img decoding=\"async\" src=\"https:\/\/ww16.ce.gov.br\/internacional\/wp-content\/uploads\/sites\/87\/2026\/02\/0S1A437222-1-scaled.png\" alt=\"Veridiana So\u00e1rez\" class=\"governo-foto\"><div class=\"governo-redes-sociais\"><div class=\"social-icon-container\"><a href=\"mailto:&#118;&#101;ridi&#97;&#110;a&#46;&#115;&#111;&#97;&#114;&#101;&#122;&#64;i&#110;&#116;&#101;rn&#97;c&#105;&#111;n&#97;l.ce.go&#118;.&#98;r\" title=\"Enviar email\"><svg class=\"social-email-icon\" xmlns=\"https:\/\/www.w3.org\/2000\/svg\" viewBox=\"0 0 24 24\" fill=\"none\" stroke=\"#1B7727\" stroke-width=\"2\" stroke-linecap=\"round\" stroke-linejoin=\"round\"><rect x=\"2\" y=\"4\" width=\"20\" height=\"16\" rx=\"2\"><\/rect><path d=\"m22 7-8.97 5.7a1.94 1.94 0 0 1-2.06 0L2 7\"><\/path><\/svg><\/a><\/div><\/div><\/div><div class=\"governo-bio\"><div class=\"governo-orgao\">Secret\u00e1ria Executiva de Assuntos Paradi&#8230;<\/div><h3 class=\"governo-nome\">Veridiana So\u00e1rez<\/h3><div class=\"governo-bio-texto\"><p align=\"justify\"><span style=\"color: #374151\">Profissional com experi\u00eancia em gest\u00e3o de grandes projetos nas \u00e1reas de com\u00e9rcio exterior, sa\u00fade, lazer e educa\u00e7\u00e3o. Tem uma base acad\u00eamica s\u00f3lida, combinando gest\u00e3o estrat\u00e9gica, neg\u00f3cios internacionais e finan\u00e7as pela Harvard University, al\u00e9m de um mergulho profundo em gest\u00e3o da sa\u00fade.<\/span><\/p>\n<p align=\"justify\"><span style=\"color: #374151\">Sua carreira a levou por pap\u00e9is em organiza\u00e7\u00f5es como SESI, IEL e CIN, onde atraiu novos projetos, atraindo recursos externos. Tamb\u00e9m tem experi\u00eancia em liderar miss\u00f5es internacionais, sendo especialista em gest\u00e3o de neg\u00f3cios internacionais.<\/span><\/p>\n<p align=\"justify\"><span style=\"color: #374151\">Com viv\u00eancia internacional, morou em Boston, Cidade do M\u00e9xico e Bogot\u00e1, o que n\u00e3o apenas enriqueceu sua experi\u00eancia de vida, mas tamb\u00e9m a tornou fluente em ingl\u00eas, e com bons conhecimentos da l\u00edngua espanhola. Atualmente, \u00e9 respons\u00e1vel pelo assuntos internacionais no governo do estado do Cear\u00e1, focando em desenvolvimento sustent\u00e1vel e coopera\u00e7\u00e3o internacional.<\/span><\/p>\n<p align=\"justify\"><span style=\"color: #374151\">Possui uma vis\u00e3o sist\u00eamica das rela\u00e7\u00f5es internacionais, com habilidade em gest\u00e3o estrat\u00e9gica e empenhada por fazer a diferen\u00e7a nos assuntos p\u00fablicos e internacionais.<\/span><\/p>\n<\/div><\/div><\/div><div class=\"destaque-governo\" style=\"margin-bottom: 1.25rem;\"><div class=\"perfil-redes-sociais\"><img decoding=\"async\" src=\"https:\/\/ww16.ce.gov.br\/internacional\/wp-content\/uploads\/sites\/87\/2026\/02\/0S1A441522-1-scaled.png\" alt=\"Alberto Antunes\" class=\"governo-foto\"><div class=\"governo-redes-sociais\"><div class=\"social-icon-container\"><a href=\"mailto:a&#108;&#98;&#101;r&#116;o&#46;&#97;&#110;&#116;u&#110;e&#115;&#64;&#105;&#110;&#116;e&#114;n&#97;&#99;&#105;o&#110;al.&#99;&#101;&#46;gov&#46;&#98;r\" title=\"Enviar email\"><svg class=\"social-email-icon\" xmlns=\"https:\/\/www.w3.org\/2000\/svg\" viewBox=\"0 0 24 24\" fill=\"none\" stroke=\"#1B7727\" stroke-width=\"2\" stroke-linecap=\"round\" stroke-linejoin=\"round\"><rect x=\"2\" y=\"4\" width=\"20\" height=\"16\" rx=\"2\"><\/rect><path d=\"m22 7-8.97 5.7a1.94 1.94 0 0 1-2.06 0L2 7\"><\/path><\/svg><\/a><\/div><\/div><\/div><div class=\"governo-bio\"><div class=\"governo-orgao\">Secret\u00e1rio Executivo de Atra\u00e7\u00e3o de In&#8230;<\/div><h3 class=\"governo-nome\">Alberto Antunes<\/h3><div class=\"governo-bio-texto\"><p data-start=\"1718\" data-end=\"2405\">Engenheiro civil formado pelo Centro Universit\u00e1rio Christus (Unichristus), onde recebeu o Pr\u00eamio Cultural Professor Roberto de Carvalho Rocha pela melhor m\u00e9dia da turma. Possui MBA em Gerenciamento de Obras e Tecnologia da Constru\u00e7\u00e3o pelo Instituto Brasileiro de Educa\u00e7\u00e3o Continuada (INBEC), certificado pela Universidade Paulista (UNIP), e \u00e9 especialista em Gest\u00e3o P\u00fablica pela Unichristus. Conta ainda com qualifica\u00e7\u00f5es internacionais em Investment Policy and Promotion pelo Banco Mundial, al\u00e9m de capacita\u00e7\u00f5es em Promo\u00e7\u00e3o de Neg\u00f3cios Internacionais pela Escola Nacional de Administra\u00e7\u00e3o P\u00fablica (ENAP) e em estrat\u00e9gias para atra\u00e7\u00e3o de investimentos internacionais pela ApexBrasil\/IDB.<\/p>\n<p data-start=\"2407\" data-end=\"2892\">Iniciou sua trajet\u00f3ria no setor privado na \u00e1rea de engenharia e apoio a projetos industriais. No setor p\u00fablico, atuou no Departamento Nacional de Obras Contra as Secas (DNOCS), com foco em an\u00e1lises or\u00e7ament\u00e1rias na \u00e1rea de infraestrutura h\u00eddrica. Posteriormente, integrou a Secretaria do Desenvolvimento Econ\u00f4mico e Trabalho do Cear\u00e1 (SEDET) como assessor t\u00e9cnico na Coordenadoria de Atra\u00e7\u00e3o de Empreendimentos Industriais, conduzindo a\u00e7\u00f5es de prospec\u00e7\u00e3o de investidores para o Estado.<\/p>\n<p data-start=\"2894\" data-end=\"3344\" data-is-last-node=\"\" data-is-only-node=\"\">Com experi\u00eancia consolidada na \u00e1rea, foi Coordenador de Atra\u00e7\u00e3o de Investimentos na Secretaria das Rela\u00e7\u00f5es Internacionais do Estado do Cear\u00e1 e atualmente ocupa o cargo de Secret\u00e1rio Executivo de Atra\u00e7\u00e3o de Investimentos, Recursos Externos e Intelig\u00eancia Comercial. Atua na promo\u00e7\u00e3o internacional do Cear\u00e1, na articula\u00e7\u00e3o institucional e na capta\u00e7\u00e3o de investimentos estrat\u00e9gicos voltados ao desenvolvimento sustent\u00e1vel e \u00e0 inser\u00e7\u00e3o global do Estado.<\/p>\n<\/div><\/div><\/div><div class=\"div-listagem-cards-secretarios\"><div class=\"div-lista-cards secretarios-grid\"><\/div><\/div><\/div>\n\n    <div class=\"nucleo-comunicacao-grid\">\n                                <div class=\"nucleo-item\">\n                <div class=\"nucleo-orgao-header\">\n                                            <h3>Assessoria Executiva<\/h3>\n                                                                <h4>Secretaria das Rela\u00e7\u00f5es internacionais<\/h4>\n                                    <\/div>\n                \n                <div class=\"nucleo-pessoa-info\">\n                                            <p>Assessora Executiva<\/p>\n                                        <p><strong>Adriana Martins<\/strong><\/p>\n                <\/div>\n\n                <a href=\"#\" class=\"nucleo-contact-info\" \n                   data-orgao=\"Assessoria Executiva\"\n                   data-orgao-desc=\"Secretaria das Rela\u00e7\u00f5es internacionais\"\n                   data-cargo=\"Assessora Executiva\"\n                   data-nome=\"Adriana Martins\"\n                   data-tel=\"(85) 3466-4920\"\n                   data-email=\"adriana.martins@internacional.ce.gov.br\">\n                   Informa\u00e7\u00f5es de contato\n                <\/a>\n            <\/div>\n                                <div class=\"nucleo-item\">\n                <div class=\"nucleo-orgao-header\">\n                                            <h3>Assessoria Jur\u00eddica<\/h3>\n                                                                <h4>Secretaria das Rela\u00e7\u00f5es internacionais<\/h4>\n                                    <\/div>\n                \n                <div class=\"nucleo-pessoa-info\">\n                                            <p>Assessora Jur\u00eddica<\/p>\n                                        <p><strong>Iara Osterno<\/strong><\/p>\n                <\/div>\n\n                <a href=\"#\" class=\"nucleo-contact-info\" \n                   data-orgao=\"Assessoria Jur\u00eddica\"\n                   data-orgao-desc=\"Secretaria das Rela\u00e7\u00f5es internacionais\"\n                   data-cargo=\"Assessora Jur\u00eddica\"\n                   data-nome=\"Iara Osterno\"\n                   data-tel=\"(85) 3466-4978\"\n                   data-email=\"iara.osterno@internacional.ce.gov.br\">\n                   Informa\u00e7\u00f5es de contato\n                <\/a>\n            <\/div>\n                                <div class=\"nucleo-item\">\n                <div class=\"nucleo-orgao-header\">\n                                            <h3>Assessoria de Comunica\u00e7\u00e3o<\/h3>\n                                                                <h4>Secretaria das Rela\u00e7\u00f5es Internacionais<\/h4>\n                                    <\/div>\n                \n                <div class=\"nucleo-pessoa-info\">\n                                            <p>Assessora de Comunica\u00e7\u00e3o<\/p>\n                                        <p><strong>Victoria S\u00e1<\/strong><\/p>\n                <\/div>\n\n                <a href=\"#\" class=\"nucleo-contact-info\" \n                   data-orgao=\"Assessoria de Comunica\u00e7\u00e3o\"\n                   data-orgao-desc=\"Secretaria das Rela\u00e7\u00f5es Internacionais\"\n                   data-cargo=\"Assessora de Comunica\u00e7\u00e3o\"\n                   data-nome=\"Victoria S\u00e1\"\n                   data-tel=\"(85) 3466-4978\"\n                   data-email=\"victoria.sa@internacional.ce.gov.br\">\n                   Informa\u00e7\u00f5es de contato\n                <\/a>\n            <\/div>\n                                <div class=\"nucleo-item\">\n                <div class=\"nucleo-orgao-header\">\n                                            <h3>Coordenadoria Administrativo-Financeira<\/h3>\n                                                                <h4>Secretaria das Rela\u00e7\u00f5es internacionais<\/h4>\n                                    <\/div>\n                \n                <div class=\"nucleo-pessoa-info\">\n                                            <p>Coordenadora Administrativo-Financeira<\/p>\n                                        <p><strong>Sabrina Lira<\/strong><\/p>\n                <\/div>\n\n                <a href=\"#\" class=\"nucleo-contact-info\" \n                   data-orgao=\"Coordenadoria Administrativo-Financeira\"\n                   data-orgao-desc=\"Secretaria das Rela\u00e7\u00f5es internacionais\"\n                   data-cargo=\"Coordenadora Administrativo-Financeira\"\n                   data-nome=\"Sabrina Lira\"\n                   data-tel=\"(85) 3466-4920\"\n                   data-email=\"sabrina.lira@internacional.ce.gov.br\">\n                   Informa\u00e7\u00f5es de contato\n                <\/a>\n            <\/div>\n                                <div class=\"nucleo-item\">\n                <div class=\"nucleo-orgao-header\">\n                                            <h3>Coordenadoria de Assuntos Paradiplom\u00e1ticos<\/h3>\n                                                                <h4>Secretaria das Rela\u00e7\u00f5es internacionais<\/h4>\n                                    <\/div>\n                \n                <div class=\"nucleo-pessoa-info\">\n                                            <p>Coordenador de Assuntos Paradiplom\u00e1ticos e Articula\u00e7\u00e3o com a Sociedade<\/p>\n                                        <p><strong>Raul Amorim<\/strong><\/p>\n                <\/div>\n\n                <a href=\"#\" class=\"nucleo-contact-info\" \n                   data-orgao=\"Coordenadoria de Assuntos Paradiplom\u00e1ticos\"\n                   data-orgao-desc=\"Secretaria das Rela\u00e7\u00f5es internacionais\"\n                   data-cargo=\"Coordenador de Assuntos Paradiplom\u00e1ticos e Articula\u00e7\u00e3o com a Sociedade\"\n                   data-nome=\"Raul Amorim\"\n                   data-tel=\"(85) 3466-4934\"\n                   data-email=\"raul.amorim@internacional.ce.gov.br\">\n                   Informa\u00e7\u00f5es de contato\n                <\/a>\n            <\/div>\n                                <div class=\"nucleo-item\">\n                <div class=\"nucleo-orgao-header\">\n                                            <h3>Coordenadoria de Atra\u00e7\u00e3o de Investimentos<\/h3>\n                                                                <h4>Secretaria das Rela\u00e7\u00f5es internacionais<\/h4>\n                                    <\/div>\n                \n                <div class=\"nucleo-pessoa-info\">\n                                            <p>Coordenador de Atra\u00e7\u00e3o de Investimentos, Recursos Externos e Intelig\u00eancia Comercial<\/p>\n                                        <p><strong>Filipe Braga<\/strong><\/p>\n                <\/div>\n\n                <a href=\"#\" class=\"nucleo-contact-info\" \n                   data-orgao=\"Coordenadoria de Atra\u00e7\u00e3o de Investimentos\"\n                   data-orgao-desc=\"Secretaria das Rela\u00e7\u00f5es internacionais\"\n                   data-cargo=\"Coordenador de Atra\u00e7\u00e3o de Investimentos, Recursos Externos e Intelig\u00eancia Comercial\"\n                   data-nome=\"Filipe Braga\"\n                   data-tel=\"(85) 3466-4932\"\n                   data-email=\"filipe.braga@internacional.ce.gov.br\">\n                   Informa\u00e7\u00f5es de contato\n                <\/a>\n            <\/div>\n                                <div class=\"nucleo-item\">\n                <div class=\"nucleo-orgao-header\">\n                                            <h3>Articula\u00e7\u00e3o<\/h3>\n                                                                <h4>Secretaria das Rela\u00e7\u00f5es internacionais<\/h4>\n                                    <\/div>\n                \n                <div class=\"nucleo-pessoa-info\">\n                                            <p>Articulador de Atra\u00e7\u00e3o de Investimentos<\/p>\n                                        <p><strong>Jo\u00e3o Guilherme Aracena<\/strong><\/p>\n                <\/div>\n\n                <a href=\"#\" class=\"nucleo-contact-info\" \n                   data-orgao=\"Articula\u00e7\u00e3o\"\n                   data-orgao-desc=\"Secretaria das Rela\u00e7\u00f5es internacionais\"\n                   data-cargo=\"Articulador de Atra\u00e7\u00e3o de Investimentos\"\n                   data-nome=\"Jo\u00e3o Guilherme Aracena\"\n                   data-tel=\"\"\n                   data-email=\"joao.aracena@internacional.ce.gov.br\">\n                   Informa\u00e7\u00f5es de contato\n                <\/a>\n            <\/div>\n            <\/div>\n\n<div id=\"nucleo-modal-overlay\" class=\"nucleo-modal-overlay\"><\/div>\n<div id=\"nucleo-modal\" class=\"nucleo-modal\">\n    <div class=\"nucleo-modal-header\">\n        <div>\n            <h3 id=\"nucleo-modal-title\"><\/h3>\n            <p id=\"nucleo-modal-orgao-desc\" class=\"nucleo-modal-orgao-desc\"><\/p>\n        <\/div>\n        <button id=\"nucleo-modal-close-x\" class=\"nucleo-modal-close-x\">&times;<\/button>\n    <\/div>\n    <div class=\"nucleo-modal-body\">\n        <div class=\"modal-section modal-pessoa-info\">\n            <p id=\"nucleo-modal-cargo\"><\/p>\n            <p id=\"nucleo-modal-nome\"><\/p>\n        <\/div>\n        <div class=\"modal-section modal-contato-info\">\n            <div class=\"contato-item\">\n                <h4>Email<\/h4>\n                <p id=\"nucleo-modal-email\"><\/p>\n            <\/div>\n            <div class=\"contato-item\">\n                <h4>Telefone<\/h4>\n                <p id=\"nucleo-modal-tel\"><\/p>\n            <\/div>\n        <\/div>\n    <\/div>\n\n<\/div>\n","protected":false},"excerpt":{"rendered":"","protected":false},"author":38,"featured_media":0,"parent":52,"menu_order":10,"comment_status":"closed","ping_status":"closed","template":"page-secretarios.php","meta":{"_acf_changed":false,"inline_featured_image":false,"footnotes":""},"class_list":["post-71","page","type-page","status-publish","hentry"],"acf":[],"yoast_head":"<!-- This site is optimized with the Yoast SEO plugin v26.9 - https:\/\/yoast.com\/product\/yoast-seo-wordpress\/ -->\n<title>Secret\u00e1rios - Secretaria de Rela\u00e7\u00f5es Internacional<\/title>\n<meta name=\"robots\" content=\"noindex, follow, max-snippet:-1, max-image-preview:large, max-video-preview:-1\" \/>\n<meta property=\"og:locale\" content=\"pt_BR\" \/>\n<meta property=\"og:type\" content=\"article\" \/>\n<meta property=\"og:title\" content=\"Secret\u00e1rios - Secretaria de Rela\u00e7\u00f5es Internacional\" \/>\n<meta property=\"og:url\" content=\"https:\/\/ww16.ce.gov.br\/internacional\/institucional\/secretarios\/\" \/>\n<meta property=\"og:site_name\" content=\"Secretaria de Rela\u00e7\u00f5es Internacional\" \/>\n<meta property=\"article:modified_time\" content=\"2026-02-27T17:49:17+00:00\" \/>\n<meta name=\"twitter:card\" content=\"summary_large_image\" \/>\n<script type=\"application\/ld+json\" class=\"yoast-schema-graph\">{\"@context\":\"https:\/\/schema.org\",\"@graph\":[{\"@type\":\"WebPage\",\"@id\":\"https:\/\/ww16.ce.gov.br\/internacional\/institucional\/secretarios\/\",\"url\":\"https:\/\/ww16.ce.gov.br\/internacional\/institucional\/secretarios\/\",\"name\":\"Secret\u00e1rios - Secretaria de Rela\u00e7\u00f5es Internacional\",\"isPartOf\":{\"@id\":\"https:\/\/ww16.ce.gov.br\/internacional\/#website\"},\"datePublished\":\"2017-11-21T12:11:14+00:00\",\"dateModified\":\"2026-02-27T17:49:17+00:00\",\"breadcrumb\":{\"@id\":\"https:\/\/ww16.ce.gov.br\/internacional\/institucional\/secretarios\/#breadcrumb\"},\"inLanguage\":\"pt-BR\",\"potentialAction\":[{\"@type\":\"ReadAction\",\"target\":[\"https:\/\/ww16.ce.gov.br\/internacional\/institucional\/secretarios\/\"]}]},{\"@type\":\"BreadcrumbList\",\"@id\":\"https:\/\/ww16.ce.gov.br\/internacional\/institucional\/secretarios\/#breadcrumb\",\"itemListElement\":[{\"@type\":\"ListItem\",\"position\":1,\"name\":\"In\u00edcio\",\"item\":\"https:\/\/ww16.ce.gov.br\/internacional\/\"},{\"@type\":\"ListItem\",\"position\":2,\"name\":\"Institucional\",\"item\":\"https:\/\/ww16.ce.gov.br\/internacional\/institucional\/\"},{\"@type\":\"ListItem\",\"position\":3,\"name\":\"Secret\u00e1rios\"}]},{\"@type\":\"WebSite\",\"@id\":\"https:\/\/ww16.ce.gov.br\/internacional\/#website\",\"url\":\"https:\/\/ww16.ce.gov.br\/internacional\/\",\"name\":\"Secretaria de Rela\u00e7\u00f5es Internacional\",\"description\":\"Modelo Padr\u00e3o do Estado\",\"potentialAction\":[{\"@type\":\"SearchAction\",\"target\":{\"@type\":\"EntryPoint\",\"urlTemplate\":\"https:\/\/ww16.ce.gov.br\/internacional\/?s={search_term_string}\"},\"query-input\":{\"@type\":\"PropertyValueSpecification\",\"valueRequired\":true,\"valueName\":\"search_term_string\"}}],\"inLanguage\":\"pt-BR\"}]}<\/script>\n<!-- \/ Yoast SEO plugin. -->","yoast_head_json":{"title":"Secret\u00e1rios - Secretaria de Rela\u00e7\u00f5es Internacional","robots":{"index":"noindex","follow":"follow","max-snippet":"max-snippet:-1","max-image-preview":"max-image-preview:large","max-video-preview":"max-video-preview:-1"},"og_locale":"pt_BR","og_type":"article","og_title":"Secret\u00e1rios - Secretaria de Rela\u00e7\u00f5es Internacional","og_url":"https:\/\/ww16.ce.gov.br\/internacional\/institucional\/secretarios\/","og_site_name":"Secretaria de Rela\u00e7\u00f5es Internacional","article_modified_time":"2026-02-27T17:49:17+00:00","twitter_card":"summary_large_image","schema":{"@context":"https:\/\/schema.org","@graph":[{"@type":"WebPage","@id":"https:\/\/ww16.ce.gov.br\/internacional\/institucional\/secretarios\/","url":"https:\/\/ww16.ce.gov.br\/internacional\/institucional\/secretarios\/","name":"Secret\u00e1rios - Secretaria de Rela\u00e7\u00f5es Internacional","isPartOf":{"@id":"https:\/\/ww16.ce.gov.br\/internacional\/#website"},"datePublished":"2017-11-21T12:11:14+00:00","dateModified":"2026-02-27T17:49:17+00:00","breadcrumb":{"@id":"https:\/\/ww16.ce.gov.br\/internacional\/institucional\/secretarios\/#breadcrumb"},"inLanguage":"pt-BR","potentialAction":[{"@type":"ReadAction","target":["https:\/\/ww16.ce.gov.br\/internacional\/institucional\/secretarios\/"]}]},{"@type":"BreadcrumbList","@id":"https:\/\/ww16.ce.gov.br\/internacional\/institucional\/secretarios\/#breadcrumb","itemListElement":[{"@type":"ListItem","position":1,"name":"In\u00edcio","item":"https:\/\/ww16.ce.gov.br\/internacional\/"},{"@type":"ListItem","position":2,"name":"Institucional","item":"https:\/\/ww16.ce.gov.br\/internacional\/institucional\/"},{"@type":"ListItem","position":3,"name":"Secret\u00e1rios"}]},{"@type":"WebSite","@id":"https:\/\/ww16.ce.gov.br\/internacional\/#website","url":"https:\/\/ww16.ce.gov.br\/internacional\/","name":"Secretaria de Rela\u00e7\u00f5es Internacional","description":"Modelo Padr\u00e3o do Estado","potentialAction":[{"@type":"SearchAction","target":{"@type":"EntryPoint","urlTemplate":"https:\/\/ww16.ce.gov.br\/internacional\/?s={search_term_string}"},"query-input":{"@type":"PropertyValueSpecification","valueRequired":true,"valueName":"search_term_string"}}],"inLanguage":"pt-BR"}]}},"_links":{"self":[{"href":"https:\/\/ww16.ce.gov.br\/internacional\/wp-json\/wp\/v2\/pages\/71","targetHints":{"allow":["GET"]}}],"collection":[{"href":"https:\/\/ww16.ce.gov.br\/internacional\/wp-json\/wp\/v2\/pages"}],"about":[{"href":"https:\/\/ww16.ce.gov.br\/internacional\/wp-json\/wp\/v2\/types\/page"}],"author":[{"embeddable":true,"href":"https:\/\/ww16.ce.gov.br\/internacional\/wp-json\/wp\/v2\/users\/38"}],"replies":[{"embeddable":true,"href":"https:\/\/ww16.ce.gov.br\/internacional\/wp-json\/wp\/v2\/comments?post=71"}],"version-history":[{"count":14,"href":"https:\/\/ww16.ce.gov.br\/internacional\/wp-json\/wp\/v2\/pages\/71\/revisions"}],"predecessor-version":[{"id":376,"href":"https:\/\/ww16.ce.gov.br\/internacional\/wp-json\/wp\/v2\/pages\/71\/revisions\/376"}],"up":[{"embeddable":true,"href":"https:\/\/ww16.ce.gov.br\/internacional\/wp-json\/wp\/v2\/pages\/52"}],"wp:attachment":[{"href":"https:\/\/ww16.ce.gov.br\/internacional\/wp-json\/wp\/v2\/media?parent=71"}],"curies":[{"name":"wp","href":"https:\/\/api.w.org\/{rel}","templated":true}]}}