{"id":412,"date":"2026-02-27T14:15:03","date_gmt":"2026-02-27T17:15:03","guid":{"rendered":"http:\/\/ww16.ce.gov.br\/internacional\/?page_id=412"},"modified":"2026-02-27T14:15:05","modified_gmt":"2026-02-27T17:15:05","slug":"competencias","status":"publish","type":"page","link":"https:\/\/ww16.ce.gov.br\/internacional\/competencias\/","title":{"rendered":"Compet\u00eancias"},"content":{"rendered":"\n<ul class=\"wp-block-list\">\n<li>Assessorar e coordenar as rela\u00e7\u00f5es internacionais;<\/li>\n\n\n\n<li>Subsidiar o Poder Executivo na celebra\u00e7\u00e3o de parcerias internacionais, visando ao fortalecimento<br>institucional, \u00e0 promo\u00e7\u00e3o de pol\u00edticas p\u00fablicas e ao desenvolvimento socioecon\u00f4mico do Estado;<\/li>\n\n\n\n<li>Prospectar a\u00e7\u00f5es, projetos e investimentos internacionais a serem implementados no Estado em parceria<br>com pa\u00edses e organismos do Exterior;<\/li>\n\n\n\n<li>Manter interc\u00e2mbio e promover a articula\u00e7\u00e3o institucional com \u00f3rg\u00e3os\/entidades internacionais;<\/li>\n\n\n\n<li>Fortalecer a rela\u00e7\u00e3o internacional do Estado com outras na\u00e7\u00f5es e outros povos soberanos;<\/li>\n\n\n\n<li>Exercer outras compet\u00eancias necess\u00e1rias ao cumprimento de suas finalidades, nos termos do regulamento.<\/li>\n<\/ul>\n\n\n\n<p><em>Lei 18.310 \u2013 17 de fevereiro de 2023<\/em><\/p>\n\n\n\n<p><\/p>\n","protected":false},"excerpt":{"rendered":"<p>Lei 18.310 \u2013 17 de fevereiro de 2023<\/p>\n","protected":false},"author":86,"featured_media":0,"parent":0,"menu_order":0,"comment_status":"closed","ping_status":"closed","template":"","meta":{"_acf_changed":false,"inline_featured_image":false,"footnotes":""},"class_list":["post-412","page","type-page","status-publish","hentry"],"acf":[],"yoast_head":"<!-- This site is optimized with the Yoast SEO plugin v26.9 - https:\/\/yoast.com\/product\/yoast-seo-wordpress\/ -->\n<title>Compet\u00eancias - Secretaria de Rela\u00e7\u00f5es Internacional<\/title>\n<meta name=\"robots\" content=\"noindex, follow, max-snippet:-1, max-image-preview:large, max-video-preview:-1\" \/>\n<meta property=\"og:locale\" content=\"pt_BR\" \/>\n<meta property=\"og:type\" content=\"article\" \/>\n<meta property=\"og:title\" content=\"Compet\u00eancias - Secretaria de Rela\u00e7\u00f5es Internacional\" \/>\n<meta property=\"og:description\" content=\"Lei 18.310 \u2013 17 de fevereiro de 2023\" \/>\n<meta property=\"og:url\" content=\"https:\/\/ww16.ce.gov.br\/internacional\/competencias\/\" \/>\n<meta property=\"og:site_name\" content=\"Secretaria de Rela\u00e7\u00f5es Internacional\" \/>\n<meta property=\"article:modified_time\" content=\"2026-02-27T17:15:05+00:00\" \/>\n<meta name=\"twitter:card\" content=\"summary_large_image\" \/>\n<meta name=\"twitter:label1\" content=\"Est. reading time\" \/>\n\t<meta name=\"twitter:data1\" content=\"1 minuto\" \/>\n<script type=\"application\/ld+json\" class=\"yoast-schema-graph\">{\"@context\":\"https:\/\/schema.org\",\"@graph\":[{\"@type\":\"WebPage\",\"@id\":\"https:\/\/ww16.ce.gov.br\/internacional\/competencias\/\",\"url\":\"https:\/\/ww16.ce.gov.br\/internacional\/competencias\/\",\"name\":\"Compet\u00eancias - Secretaria de Rela\u00e7\u00f5es Internacional\",\"isPartOf\":{\"@id\":\"https:\/\/ww16.ce.gov.br\/internacional\/#website\"},\"datePublished\":\"2026-02-27T17:15:03+00:00\",\"dateModified\":\"2026-02-27T17:15:05+00:00\",\"breadcrumb\":{\"@id\":\"https:\/\/ww16.ce.gov.br\/internacional\/competencias\/#breadcrumb\"},\"inLanguage\":\"pt-BR\",\"potentialAction\":[{\"@type\":\"ReadAction\",\"target\":[\"https:\/\/ww16.ce.gov.br\/internacional\/competencias\/\"]}]},{\"@type\":\"BreadcrumbList\",\"@id\":\"https:\/\/ww16.ce.gov.br\/internacional\/competencias\/#breadcrumb\",\"itemListElement\":[{\"@type\":\"ListItem\",\"position\":1,\"name\":\"In\u00edcio\",\"item\":\"https:\/\/ww16.ce.gov.br\/internacional\/\"},{\"@type\":\"ListItem\",\"position\":2,\"name\":\"Compet\u00eancias\"}]},{\"@type\":\"WebSite\",\"@id\":\"https:\/\/ww16.ce.gov.br\/internacional\/#website\",\"url\":\"https:\/\/ww16.ce.gov.br\/internacional\/\",\"name\":\"Secretaria de Rela\u00e7\u00f5es Internacional\",\"description\":\"Modelo Padr\u00e3o do Estado\",\"potentialAction\":[{\"@type\":\"SearchAction\",\"target\":{\"@type\":\"EntryPoint\",\"urlTemplate\":\"https:\/\/ww16.ce.gov.br\/internacional\/?s={search_term_string}\"},\"query-input\":{\"@type\":\"PropertyValueSpecification\",\"valueRequired\":true,\"valueName\":\"search_term_string\"}}],\"inLanguage\":\"pt-BR\"}]}<\/script>\n<!-- \/ Yoast SEO plugin. -->","yoast_head_json":{"title":"Compet\u00eancias - Secretaria de Rela\u00e7\u00f5es Internacional","robots":{"index":"noindex","follow":"follow","max-snippet":"max-snippet:-1","max-image-preview":"max-image-preview:large","max-video-preview":"max-video-preview:-1"},"og_locale":"pt_BR","og_type":"article","og_title":"Compet\u00eancias - Secretaria de Rela\u00e7\u00f5es Internacional","og_description":"Lei 18.310 \u2013 17 de fevereiro de 2023","og_url":"https:\/\/ww16.ce.gov.br\/internacional\/competencias\/","og_site_name":"Secretaria de Rela\u00e7\u00f5es Internacional","article_modified_time":"2026-02-27T17:15:05+00:00","twitter_card":"summary_large_image","twitter_misc":{"Est. reading time":"1 minuto"},"schema":{"@context":"https:\/\/schema.org","@graph":[{"@type":"WebPage","@id":"https:\/\/ww16.ce.gov.br\/internacional\/competencias\/","url":"https:\/\/ww16.ce.gov.br\/internacional\/competencias\/","name":"Compet\u00eancias - Secretaria de Rela\u00e7\u00f5es Internacional","isPartOf":{"@id":"https:\/\/ww16.ce.gov.br\/internacional\/#website"},"datePublished":"2026-02-27T17:15:03+00:00","dateModified":"2026-02-27T17:15:05+00:00","breadcrumb":{"@id":"https:\/\/ww16.ce.gov.br\/internacional\/competencias\/#breadcrumb"},"inLanguage":"pt-BR","potentialAction":[{"@type":"ReadAction","target":["https:\/\/ww16.ce.gov.br\/internacional\/competencias\/"]}]},{"@type":"BreadcrumbList","@id":"https:\/\/ww16.ce.gov.br\/internacional\/competencias\/#breadcrumb","itemListElement":[{"@type":"ListItem","position":1,"name":"In\u00edcio","item":"https:\/\/ww16.ce.gov.br\/internacional\/"},{"@type":"ListItem","position":2,"name":"Compet\u00eancias"}]},{"@type":"WebSite","@id":"https:\/\/ww16.ce.gov.br\/internacional\/#website","url":"https:\/\/ww16.ce.gov.br\/internacional\/","name":"Secretaria de Rela\u00e7\u00f5es Internacional","description":"Modelo Padr\u00e3o do Estado","potentialAction":[{"@type":"SearchAction","target":{"@type":"EntryPoint","urlTemplate":"https:\/\/ww16.ce.gov.br\/internacional\/?s={search_term_string}"},"query-input":{"@type":"PropertyValueSpecification","valueRequired":true,"valueName":"search_term_string"}}],"inLanguage":"pt-BR"}]}},"_links":{"self":[{"href":"https:\/\/ww16.ce.gov.br\/internacional\/wp-json\/wp\/v2\/pages\/412","targetHints":{"allow":["GET"]}}],"collection":[{"href":"https:\/\/ww16.ce.gov.br\/internacional\/wp-json\/wp\/v2\/pages"}],"about":[{"href":"https:\/\/ww16.ce.gov.br\/internacional\/wp-json\/wp\/v2\/types\/page"}],"author":[{"embeddable":true,"href":"https:\/\/ww16.ce.gov.br\/internacional\/wp-json\/wp\/v2\/users\/86"}],"replies":[{"embeddable":true,"href":"https:\/\/ww16.ce.gov.br\/internacional\/wp-json\/wp\/v2\/comments?post=412"}],"version-history":[{"count":1,"href":"https:\/\/ww16.ce.gov.br\/internacional\/wp-json\/wp\/v2\/pages\/412\/revisions"}],"predecessor-version":[{"id":415,"href":"https:\/\/ww16.ce.gov.br\/internacional\/wp-json\/wp\/v2\/pages\/412\/revisions\/415"}],"wp:attachment":[{"href":"https:\/\/ww16.ce.gov.br\/internacional\/wp-json\/wp\/v2\/media?parent=412"}],"curies":[{"name":"wp","href":"https:\/\/api.w.org\/{rel}","templated":true}]}}