{"id":391,"date":"2026-02-27T14:06:28","date_gmt":"2026-02-27T17:06:28","guid":{"rendered":"http:\/\/ww16.ce.gov.br\/internacional\/?page_id=391"},"modified":"2026-02-27T14:11:12","modified_gmt":"2026-02-27T17:11:12","slug":"sobre","status":"publish","type":"page","link":"https:\/\/ww16.ce.gov.br\/internacional\/institucional\/sobre\/","title":{"rendered":"Sobre"},"content":{"rendered":"\n<div data-wp-context=\"{ &quot;autoclose&quot;: false, &quot;accordionItems&quot;: [] }\" data-wp-interactive=\"core\/accordion\" role=\"group\" class=\"wp-block-accordion is-layout-flow wp-block-accordion-is-layout-flow\">\n<div data-wp-class--is-open=\"state.isOpen\" data-wp-context=\"{ &quot;id&quot;: &quot;accordion-item-1&quot;, &quot;openByDefault&quot;: false }\" data-wp-init=\"callbacks.initAccordionItems\" data-wp-on-window--hashchange=\"callbacks.hashChange\" class=\"wp-block-accordion-item is-layout-flow wp-block-accordion-item-is-layout-flow\">\n<h3 class=\"wp-block-accordion-heading has-text-color has-link-color has-large-font-size wp-elements-41011948a5b3a52c4f225a1907d30984\" style=\"color:#26a737\"><button aria-expanded=\"false\" aria-controls=\"accordion-item-1-panel\" data-wp-bind--aria-expanded=\"state.isOpen\" data-wp-on--click=\"actions.toggle\" data-wp-on--keydown=\"actions.handleKeyDown\" id=\"accordion-item-1\" class=\"wp-block-accordion-heading__toggle\"><span class=\"wp-block-accordion-heading__toggle-title\">Miss\u00e3o<\/span><span class=\"wp-block-accordion-heading__toggle-icon\" aria-hidden=\"true\">+<\/span><\/button><\/h3>\n\n\n\n<div inert aria-labelledby=\"accordion-item-1\" data-wp-bind--inert=\"!state.isOpen\" id=\"accordion-item-1-panel\" role=\"region\" class=\"wp-block-accordion-panel is-layout-flow wp-block-accordion-panel-is-layout-flow\">\n<p>Promover a proje\u00e7\u00e3o internacional do estado, fortalecendo os seus la\u00e7os com outras na\u00e7\u00f5es, para o<br>desenvolvimento cultural, socioecon\u00f4mico, inclusivo e sustent\u00e1vel.<\/p>\n<\/div>\n<\/div>\n<\/div>\n\n\n\n<div data-wp-context=\"{ &quot;autoclose&quot;: false, &quot;accordionItems&quot;: [] }\" data-wp-interactive=\"core\/accordion\" role=\"group\" class=\"wp-block-accordion is-layout-flow wp-block-accordion-is-layout-flow\">\n<div data-wp-class--is-open=\"state.isOpen\" data-wp-context=\"{ &quot;id&quot;: &quot;accordion-item-2&quot;, &quot;openByDefault&quot;: false }\" data-wp-init=\"callbacks.initAccordionItems\" data-wp-on-window--hashchange=\"callbacks.hashChange\" class=\"wp-block-accordion-item is-layout-flow wp-block-accordion-item-is-layout-flow\">\n<h3 class=\"wp-block-accordion-heading has-text-color has-link-color has-large-font-size wp-elements-7ada6e8338451b20cc32721c8b2d22ca\" style=\"color:#26a737\"><button aria-expanded=\"false\" aria-controls=\"accordion-item-2-panel\" data-wp-bind--aria-expanded=\"state.isOpen\" data-wp-on--click=\"actions.toggle\" data-wp-on--keydown=\"actions.handleKeyDown\" id=\"accordion-item-2\" class=\"wp-block-accordion-heading__toggle\"><span class=\"wp-block-accordion-heading__toggle-title\">Valores<\/span><span class=\"wp-block-accordion-heading__toggle-icon\" aria-hidden=\"true\">+<\/span><\/button><\/h3>\n\n\n\n<div inert aria-labelledby=\"accordion-item-2\" data-wp-bind--inert=\"!state.isOpen\" id=\"accordion-item-2-panel\" role=\"region\" class=\"wp-block-accordion-panel is-layout-flow wp-block-accordion-panel-is-layout-flow\">\n<ul class=\"wp-block-list\">\n<li>\u00c9tica<\/li>\n\n\n\n<li>Empatia<\/li>\n\n\n\n<li>Comunica\u00e7\u00e3o<\/li>\n\n\n\n<li>Coopera\u00e7\u00e3o<\/li>\n\n\n\n<li>Comprometimento<\/li>\n\n\n\n<li>Sustentabilidade<\/li>\n\n\n\n<li>Efetividade<\/li>\n\n\n\n<li>Respeito \u00e0s Diversidades Culturais<\/li>\n\n\n\n<li>Inova\u00e7\u00e3o<\/li>\n\n\n\n<li>Flexibilidade<\/li>\n<\/ul>\n<\/div>\n<\/div>\n<\/div>\n\n\n\n<div data-wp-context=\"{ &quot;autoclose&quot;: false, &quot;accordionItems&quot;: [] }\" data-wp-interactive=\"core\/accordion\" role=\"group\" class=\"wp-block-accordion is-layout-flow wp-block-accordion-is-layout-flow\">\n<div data-wp-class--is-open=\"state.isOpen\" data-wp-context=\"{ &quot;id&quot;: &quot;accordion-item-3&quot;, &quot;openByDefault&quot;: false }\" data-wp-init=\"callbacks.initAccordionItems\" data-wp-on-window--hashchange=\"callbacks.hashChange\" class=\"wp-block-accordion-item is-layout-flow wp-block-accordion-item-is-layout-flow\">\n<h3 class=\"wp-block-accordion-heading has-text-color has-link-color has-large-font-size wp-elements-3b6d13a218e9f8d32dfbf314f1d16b2d\" style=\"color:#26a737\"><button aria-expanded=\"false\" aria-controls=\"accordion-item-3-panel\" data-wp-bind--aria-expanded=\"state.isOpen\" data-wp-on--click=\"actions.toggle\" data-wp-on--keydown=\"actions.handleKeyDown\" id=\"accordion-item-3\" class=\"wp-block-accordion-heading__toggle\"><span class=\"wp-block-accordion-heading__toggle-title\">Vis\u00e3o<\/span><span class=\"wp-block-accordion-heading__toggle-icon\" aria-hidden=\"true\">+<\/span><\/button><\/h3>\n\n\n\n<div inert aria-labelledby=\"accordion-item-3\" data-wp-bind--inert=\"!state.isOpen\" id=\"accordion-item-3-panel\" role=\"region\" class=\"wp-block-accordion-panel is-layout-flow wp-block-accordion-panel-is-layout-flow\">\n<p>Ser refer\u00eancia no desenvolvimento de a\u00e7\u00f5es estrat\u00e9gicas para fortalecer as rela\u00e7\u00f5es internacionais e ampliar<br>a inser\u00e7\u00e3o do estado do Cear\u00e1 no contexto global at\u00e9 2026.<\/p>\n<\/div>\n<\/div>\n<\/div>\n\n\n\n<p><\/p>\n","protected":false},"excerpt":{"rendered":"","protected":false},"author":86,"featured_media":0,"parent":52,"menu_order":0,"comment_status":"closed","ping_status":"closed","template":"","meta":{"_acf_changed":false,"inline_featured_image":false,"footnotes":""},"class_list":["post-391","page","type-page","status-publish","hentry"],"acf":[],"yoast_head":"<!-- This site is optimized with the Yoast SEO plugin v26.9 - https:\/\/yoast.com\/product\/yoast-seo-wordpress\/ -->\n<title>Sobre - Secretaria de Rela\u00e7\u00f5es Internacional<\/title>\n<meta name=\"robots\" content=\"noindex, follow, max-snippet:-1, max-image-preview:large, max-video-preview:-1\" \/>\n<meta property=\"og:locale\" content=\"pt_BR\" \/>\n<meta property=\"og:type\" content=\"article\" \/>\n<meta property=\"og:title\" content=\"Sobre - Secretaria de Rela\u00e7\u00f5es Internacional\" \/>\n<meta property=\"og:url\" content=\"https:\/\/ww16.ce.gov.br\/internacional\/institucional\/sobre\/\" \/>\n<meta property=\"og:site_name\" content=\"Secretaria de Rela\u00e7\u00f5es Internacional\" \/>\n<meta property=\"article:modified_time\" content=\"2026-02-27T17:11:12+00:00\" \/>\n<meta name=\"twitter:card\" content=\"summary_large_image\" \/>\n<meta name=\"twitter:label1\" content=\"Est. reading time\" \/>\n\t<meta name=\"twitter:data1\" content=\"1 minuto\" \/>\n<script type=\"application\/ld+json\" class=\"yoast-schema-graph\">{\"@context\":\"https:\/\/schema.org\",\"@graph\":[{\"@type\":\"WebPage\",\"@id\":\"https:\/\/ww16.ce.gov.br\/internacional\/institucional\/sobre\/\",\"url\":\"https:\/\/ww16.ce.gov.br\/internacional\/institucional\/sobre\/\",\"name\":\"Sobre - Secretaria de Rela\u00e7\u00f5es Internacional\",\"isPartOf\":{\"@id\":\"https:\/\/ww16.ce.gov.br\/internacional\/#website\"},\"datePublished\":\"2026-02-27T17:06:28+00:00\",\"dateModified\":\"2026-02-27T17:11:12+00:00\",\"breadcrumb\":{\"@id\":\"https:\/\/ww16.ce.gov.br\/internacional\/institucional\/sobre\/#breadcrumb\"},\"inLanguage\":\"pt-BR\",\"potentialAction\":[{\"@type\":\"ReadAction\",\"target\":[\"https:\/\/ww16.ce.gov.br\/internacional\/institucional\/sobre\/\"]}]},{\"@type\":\"BreadcrumbList\",\"@id\":\"https:\/\/ww16.ce.gov.br\/internacional\/institucional\/sobre\/#breadcrumb\",\"itemListElement\":[{\"@type\":\"ListItem\",\"position\":1,\"name\":\"In\u00edcio\",\"item\":\"https:\/\/ww16.ce.gov.br\/internacional\/\"},{\"@type\":\"ListItem\",\"position\":2,\"name\":\"Institucional\",\"item\":\"https:\/\/ww16.ce.gov.br\/internacional\/institucional\/\"},{\"@type\":\"ListItem\",\"position\":3,\"name\":\"Sobre\"}]},{\"@type\":\"WebSite\",\"@id\":\"https:\/\/ww16.ce.gov.br\/internacional\/#website\",\"url\":\"https:\/\/ww16.ce.gov.br\/internacional\/\",\"name\":\"Secretaria de Rela\u00e7\u00f5es Internacional\",\"description\":\"Modelo Padr\u00e3o do Estado\",\"potentialAction\":[{\"@type\":\"SearchAction\",\"target\":{\"@type\":\"EntryPoint\",\"urlTemplate\":\"https:\/\/ww16.ce.gov.br\/internacional\/?s={search_term_string}\"},\"query-input\":{\"@type\":\"PropertyValueSpecification\",\"valueRequired\":true,\"valueName\":\"search_term_string\"}}],\"inLanguage\":\"pt-BR\"}]}<\/script>\n<!-- \/ Yoast SEO plugin. -->","yoast_head_json":{"title":"Sobre - Secretaria de Rela\u00e7\u00f5es Internacional","robots":{"index":"noindex","follow":"follow","max-snippet":"max-snippet:-1","max-image-preview":"max-image-preview:large","max-video-preview":"max-video-preview:-1"},"og_locale":"pt_BR","og_type":"article","og_title":"Sobre - Secretaria de Rela\u00e7\u00f5es Internacional","og_url":"https:\/\/ww16.ce.gov.br\/internacional\/institucional\/sobre\/","og_site_name":"Secretaria de Rela\u00e7\u00f5es Internacional","article_modified_time":"2026-02-27T17:11:12+00:00","twitter_card":"summary_large_image","twitter_misc":{"Est. reading time":"1 minuto"},"schema":{"@context":"https:\/\/schema.org","@graph":[{"@type":"WebPage","@id":"https:\/\/ww16.ce.gov.br\/internacional\/institucional\/sobre\/","url":"https:\/\/ww16.ce.gov.br\/internacional\/institucional\/sobre\/","name":"Sobre - Secretaria de Rela\u00e7\u00f5es Internacional","isPartOf":{"@id":"https:\/\/ww16.ce.gov.br\/internacional\/#website"},"datePublished":"2026-02-27T17:06:28+00:00","dateModified":"2026-02-27T17:11:12+00:00","breadcrumb":{"@id":"https:\/\/ww16.ce.gov.br\/internacional\/institucional\/sobre\/#breadcrumb"},"inLanguage":"pt-BR","potentialAction":[{"@type":"ReadAction","target":["https:\/\/ww16.ce.gov.br\/internacional\/institucional\/sobre\/"]}]},{"@type":"BreadcrumbList","@id":"https:\/\/ww16.ce.gov.br\/internacional\/institucional\/sobre\/#breadcrumb","itemListElement":[{"@type":"ListItem","position":1,"name":"In\u00edcio","item":"https:\/\/ww16.ce.gov.br\/internacional\/"},{"@type":"ListItem","position":2,"name":"Institucional","item":"https:\/\/ww16.ce.gov.br\/internacional\/institucional\/"},{"@type":"ListItem","position":3,"name":"Sobre"}]},{"@type":"WebSite","@id":"https:\/\/ww16.ce.gov.br\/internacional\/#website","url":"https:\/\/ww16.ce.gov.br\/internacional\/","name":"Secretaria de Rela\u00e7\u00f5es Internacional","description":"Modelo Padr\u00e3o do Estado","potentialAction":[{"@type":"SearchAction","target":{"@type":"EntryPoint","urlTemplate":"https:\/\/ww16.ce.gov.br\/internacional\/?s={search_term_string}"},"query-input":{"@type":"PropertyValueSpecification","valueRequired":true,"valueName":"search_term_string"}}],"inLanguage":"pt-BR"}]}},"_links":{"self":[{"href":"https:\/\/ww16.ce.gov.br\/internacional\/wp-json\/wp\/v2\/pages\/391","targetHints":{"allow":["GET"]}}],"collection":[{"href":"https:\/\/ww16.ce.gov.br\/internacional\/wp-json\/wp\/v2\/pages"}],"about":[{"href":"https:\/\/ww16.ce.gov.br\/internacional\/wp-json\/wp\/v2\/types\/page"}],"author":[{"embeddable":true,"href":"https:\/\/ww16.ce.gov.br\/internacional\/wp-json\/wp\/v2\/users\/86"}],"replies":[{"embeddable":true,"href":"https:\/\/ww16.ce.gov.br\/internacional\/wp-json\/wp\/v2\/comments?post=391"}],"version-history":[{"count":2,"href":"https:\/\/ww16.ce.gov.br\/internacional\/wp-json\/wp\/v2\/pages\/391\/revisions"}],"predecessor-version":[{"id":411,"href":"https:\/\/ww16.ce.gov.br\/internacional\/wp-json\/wp\/v2\/pages\/391\/revisions\/411"}],"up":[{"embeddable":true,"href":"https:\/\/ww16.ce.gov.br\/internacional\/wp-json\/wp\/v2\/pages\/52"}],"wp:attachment":[{"href":"https:\/\/ww16.ce.gov.br\/internacional\/wp-json\/wp\/v2\/media?parent=391"}],"curies":[{"name":"wp","href":"https:\/\/api.w.org\/{rel}","templated":true}]}}