{"id":357,"date":"2026-02-27T13:06:49","date_gmt":"2026-02-27T16:06:49","guid":{"rendered":"http:\/\/ww16.ce.gov.br\/internacional\/?page_id=357"},"modified":"2026-02-27T13:06:56","modified_gmt":"2026-02-27T16:06:56","slug":"relacao-de-informacoes-sigilosas","status":"publish","type":"page","link":"https:\/\/ww16.ce.gov.br\/internacional\/acesso-a-informacao\/relacao-de-informacoes-sigilosas\/","title":{"rendered":"Rela\u00e7\u00e3o de Informa\u00e7\u00f5es Sigilosas"},"content":{"rendered":"","protected":false},"excerpt":{"rendered":"","protected":false},"author":86,"featured_media":0,"parent":354,"menu_order":0,"comment_status":"closed","ping_status":"closed","template":"page-relacao-de-informacao-sigilosa.php","meta":{"_acf_changed":false,"inline_featured_image":false,"footnotes":""},"class_list":["post-357","page","type-page","status-publish","hentry"],"acf":[],"yoast_head":"<!-- This site is optimized with the Yoast SEO plugin v26.9 - https:\/\/yoast.com\/product\/yoast-seo-wordpress\/ -->\n<title>Rela\u00e7\u00e3o de Informa\u00e7\u00f5es Sigilosas - Secretaria de Rela\u00e7\u00f5es Internacional<\/title>\n<meta name=\"robots\" content=\"noindex, follow, max-snippet:-1, max-image-preview:large, max-video-preview:-1\" \/>\n<meta property=\"og:locale\" content=\"pt_BR\" \/>\n<meta property=\"og:type\" content=\"article\" \/>\n<meta property=\"og:title\" content=\"Rela\u00e7\u00e3o de Informa\u00e7\u00f5es Sigilosas - Secretaria de Rela\u00e7\u00f5es Internacional\" \/>\n<meta property=\"og:url\" content=\"https:\/\/ww16.ce.gov.br\/internacional\/acesso-a-informacao\/relacao-de-informacoes-sigilosas\/\" \/>\n<meta property=\"og:site_name\" content=\"Secretaria de Rela\u00e7\u00f5es Internacional\" \/>\n<meta property=\"article:modified_time\" content=\"2026-02-27T16:06:56+00:00\" \/>\n<meta name=\"twitter:card\" content=\"summary_large_image\" \/>\n<script type=\"application\/ld+json\" class=\"yoast-schema-graph\">{\"@context\":\"https:\/\/schema.org\",\"@graph\":[{\"@type\":\"WebPage\",\"@id\":\"https:\/\/ww16.ce.gov.br\/internacional\/acesso-a-informacao\/relacao-de-informacoes-sigilosas\/\",\"url\":\"https:\/\/ww16.ce.gov.br\/internacional\/acesso-a-informacao\/relacao-de-informacoes-sigilosas\/\",\"name\":\"Rela\u00e7\u00e3o de Informa\u00e7\u00f5es Sigilosas - Secretaria de Rela\u00e7\u00f5es Internacional\",\"isPartOf\":{\"@id\":\"https:\/\/ww16.ce.gov.br\/internacional\/#website\"},\"datePublished\":\"2026-02-27T16:06:49+00:00\",\"dateModified\":\"2026-02-27T16:06:56+00:00\",\"breadcrumb\":{\"@id\":\"https:\/\/ww16.ce.gov.br\/internacional\/acesso-a-informacao\/relacao-de-informacoes-sigilosas\/#breadcrumb\"},\"inLanguage\":\"pt-BR\",\"potentialAction\":[{\"@type\":\"ReadAction\",\"target\":[\"https:\/\/ww16.ce.gov.br\/internacional\/acesso-a-informacao\/relacao-de-informacoes-sigilosas\/\"]}]},{\"@type\":\"BreadcrumbList\",\"@id\":\"https:\/\/ww16.ce.gov.br\/internacional\/acesso-a-informacao\/relacao-de-informacoes-sigilosas\/#breadcrumb\",\"itemListElement\":[{\"@type\":\"ListItem\",\"position\":1,\"name\":\"In\u00edcio\",\"item\":\"https:\/\/ww16.ce.gov.br\/internacional\/\"},{\"@type\":\"ListItem\",\"position\":2,\"name\":\"Acesso \u00e0 Informa\u00e7\u00e3o\",\"item\":\"https:\/\/ww16.ce.gov.br\/internacional\/acesso-a-informacao\/\"},{\"@type\":\"ListItem\",\"position\":3,\"name\":\"Rela\u00e7\u00e3o de Informa\u00e7\u00f5es Sigilosas\"}]},{\"@type\":\"WebSite\",\"@id\":\"https:\/\/ww16.ce.gov.br\/internacional\/#website\",\"url\":\"https:\/\/ww16.ce.gov.br\/internacional\/\",\"name\":\"Secretaria de Rela\u00e7\u00f5es Internacional\",\"description\":\"Modelo Padr\u00e3o do Estado\",\"potentialAction\":[{\"@type\":\"SearchAction\",\"target\":{\"@type\":\"EntryPoint\",\"urlTemplate\":\"https:\/\/ww16.ce.gov.br\/internacional\/?s={search_term_string}\"},\"query-input\":{\"@type\":\"PropertyValueSpecification\",\"valueRequired\":true,\"valueName\":\"search_term_string\"}}],\"inLanguage\":\"pt-BR\"}]}<\/script>\n<!-- \/ Yoast SEO plugin. -->","yoast_head_json":{"title":"Rela\u00e7\u00e3o de Informa\u00e7\u00f5es Sigilosas - Secretaria de Rela\u00e7\u00f5es Internacional","robots":{"index":"noindex","follow":"follow","max-snippet":"max-snippet:-1","max-image-preview":"max-image-preview:large","max-video-preview":"max-video-preview:-1"},"og_locale":"pt_BR","og_type":"article","og_title":"Rela\u00e7\u00e3o de Informa\u00e7\u00f5es Sigilosas - Secretaria de Rela\u00e7\u00f5es Internacional","og_url":"https:\/\/ww16.ce.gov.br\/internacional\/acesso-a-informacao\/relacao-de-informacoes-sigilosas\/","og_site_name":"Secretaria de Rela\u00e7\u00f5es Internacional","article_modified_time":"2026-02-27T16:06:56+00:00","twitter_card":"summary_large_image","schema":{"@context":"https:\/\/schema.org","@graph":[{"@type":"WebPage","@id":"https:\/\/ww16.ce.gov.br\/internacional\/acesso-a-informacao\/relacao-de-informacoes-sigilosas\/","url":"https:\/\/ww16.ce.gov.br\/internacional\/acesso-a-informacao\/relacao-de-informacoes-sigilosas\/","name":"Rela\u00e7\u00e3o de Informa\u00e7\u00f5es Sigilosas - Secretaria de Rela\u00e7\u00f5es Internacional","isPartOf":{"@id":"https:\/\/ww16.ce.gov.br\/internacional\/#website"},"datePublished":"2026-02-27T16:06:49+00:00","dateModified":"2026-02-27T16:06:56+00:00","breadcrumb":{"@id":"https:\/\/ww16.ce.gov.br\/internacional\/acesso-a-informacao\/relacao-de-informacoes-sigilosas\/#breadcrumb"},"inLanguage":"pt-BR","potentialAction":[{"@type":"ReadAction","target":["https:\/\/ww16.ce.gov.br\/internacional\/acesso-a-informacao\/relacao-de-informacoes-sigilosas\/"]}]},{"@type":"BreadcrumbList","@id":"https:\/\/ww16.ce.gov.br\/internacional\/acesso-a-informacao\/relacao-de-informacoes-sigilosas\/#breadcrumb","itemListElement":[{"@type":"ListItem","position":1,"name":"In\u00edcio","item":"https:\/\/ww16.ce.gov.br\/internacional\/"},{"@type":"ListItem","position":2,"name":"Acesso \u00e0 Informa\u00e7\u00e3o","item":"https:\/\/ww16.ce.gov.br\/internacional\/acesso-a-informacao\/"},{"@type":"ListItem","position":3,"name":"Rela\u00e7\u00e3o de Informa\u00e7\u00f5es Sigilosas"}]},{"@type":"WebSite","@id":"https:\/\/ww16.ce.gov.br\/internacional\/#website","url":"https:\/\/ww16.ce.gov.br\/internacional\/","name":"Secretaria de Rela\u00e7\u00f5es Internacional","description":"Modelo Padr\u00e3o do Estado","potentialAction":[{"@type":"SearchAction","target":{"@type":"EntryPoint","urlTemplate":"https:\/\/ww16.ce.gov.br\/internacional\/?s={search_term_string}"},"query-input":{"@type":"PropertyValueSpecification","valueRequired":true,"valueName":"search_term_string"}}],"inLanguage":"pt-BR"}]}},"_links":{"self":[{"href":"https:\/\/ww16.ce.gov.br\/internacional\/wp-json\/wp\/v2\/pages\/357","targetHints":{"allow":["GET"]}}],"collection":[{"href":"https:\/\/ww16.ce.gov.br\/internacional\/wp-json\/wp\/v2\/pages"}],"about":[{"href":"https:\/\/ww16.ce.gov.br\/internacional\/wp-json\/wp\/v2\/types\/page"}],"author":[{"embeddable":true,"href":"https:\/\/ww16.ce.gov.br\/internacional\/wp-json\/wp\/v2\/users\/86"}],"replies":[{"embeddable":true,"href":"https:\/\/ww16.ce.gov.br\/internacional\/wp-json\/wp\/v2\/comments?post=357"}],"version-history":[{"count":1,"href":"https:\/\/ww16.ce.gov.br\/internacional\/wp-json\/wp\/v2\/pages\/357\/revisions"}],"predecessor-version":[{"id":362,"href":"https:\/\/ww16.ce.gov.br\/internacional\/wp-json\/wp\/v2\/pages\/357\/revisions\/362"}],"up":[{"embeddable":true,"href":"https:\/\/ww16.ce.gov.br\/internacional\/wp-json\/wp\/v2\/pages\/354"}],"wp:attachment":[{"href":"https:\/\/ww16.ce.gov.br\/internacional\/wp-json\/wp\/v2\/media?parent=357"}],"curies":[{"name":"wp","href":"https:\/\/api.w.org\/{rel}","templated":true}]}}