{"id":121,"date":"2017-11-21T16:04:38","date_gmt":"2017-11-21T18:04:38","guid":{"rendered":"https:\/\/www.ceasa-ce.com.br\/?page_id=121"},"modified":"2026-02-27T09:29:37","modified_gmt":"2026-02-27T12:29:37","slug":"imprensa","status":"publish","type":"page","link":"https:\/\/ww16.ce.gov.br\/internacional\/","title":{"rendered":"Home"},"content":{"rendered":"","protected":false},"excerpt":{"rendered":"","protected":false},"author":38,"featured_media":0,"parent":0,"menu_order":0,"comment_status":"closed","ping_status":"closed","template":"","meta":{"_acf_changed":false,"inline_featured_image":false,"footnotes":""},"class_list":["post-121","page","type-page","status-publish","hentry"],"acf":[],"yoast_head":"<!-- This site is optimized with the Yoast SEO plugin v26.9 - https:\/\/yoast.com\/product\/yoast-seo-wordpress\/ -->\n<title>Home - Secretaria de Rela\u00e7\u00f5es Internacional<\/title>\n<meta name=\"robots\" content=\"noindex, follow, max-snippet:-1, max-image-preview:large, max-video-preview:-1\" \/>\n<meta property=\"og:locale\" content=\"pt_BR\" \/>\n<meta property=\"og:type\" content=\"article\" \/>\n<meta property=\"og:title\" content=\"Home - Secretaria de Rela\u00e7\u00f5es Internacional\" \/>\n<meta property=\"og:url\" content=\"https:\/\/ww16.ce.gov.br\/internacional\/\" \/>\n<meta property=\"og:site_name\" content=\"Secretaria de Rela\u00e7\u00f5es Internacional\" \/>\n<meta property=\"article:modified_time\" content=\"2026-02-27T12:29:37+00:00\" \/>\n<meta name=\"twitter:card\" content=\"summary_large_image\" \/>\n<script type=\"application\/ld+json\" class=\"yoast-schema-graph\">{\"@context\":\"https:\/\/schema.org\",\"@graph\":[{\"@type\":\"WebPage\",\"@id\":\"https:\/\/ww16.ce.gov.br\/internacional\/\",\"url\":\"https:\/\/ww16.ce.gov.br\/internacional\/\",\"name\":\"Home - Secretaria de Rela\u00e7\u00f5es Internacional\",\"isPartOf\":{\"@id\":\"https:\/\/ww16.ce.gov.br\/internacional\/#website\"},\"datePublished\":\"2017-11-21T18:04:38+00:00\",\"dateModified\":\"2026-02-27T12:29:37+00:00\",\"breadcrumb\":{\"@id\":\"https:\/\/ww16.ce.gov.br\/internacional\/#breadcrumb\"},\"inLanguage\":\"pt-BR\",\"potentialAction\":[{\"@type\":\"ReadAction\",\"target\":[\"https:\/\/ww16.ce.gov.br\/internacional\/\"]}]},{\"@type\":\"BreadcrumbList\",\"@id\":\"https:\/\/ww16.ce.gov.br\/internacional\/#breadcrumb\",\"itemListElement\":[{\"@type\":\"ListItem\",\"position\":1,\"name\":\"In\u00edcio\",\"item\":\"https:\/\/ww16.ce.gov.br\/internacional\/\"},{\"@type\":\"ListItem\",\"position\":2,\"name\":\"Home\"}]},{\"@type\":\"WebSite\",\"@id\":\"https:\/\/ww16.ce.gov.br\/internacional\/#website\",\"url\":\"https:\/\/ww16.ce.gov.br\/internacional\/\",\"name\":\"Secretaria de Rela\u00e7\u00f5es Internacional\",\"description\":\"Modelo Padr\u00e3o do Estado\",\"potentialAction\":[{\"@type\":\"SearchAction\",\"target\":{\"@type\":\"EntryPoint\",\"urlTemplate\":\"https:\/\/ww16.ce.gov.br\/internacional\/?s={search_term_string}\"},\"query-input\":{\"@type\":\"PropertyValueSpecification\",\"valueRequired\":true,\"valueName\":\"search_term_string\"}}],\"inLanguage\":\"pt-BR\"}]}<\/script>\n<!-- \/ Yoast SEO plugin. -->","yoast_head_json":{"title":"Home - Secretaria de Rela\u00e7\u00f5es Internacional","robots":{"index":"noindex","follow":"follow","max-snippet":"max-snippet:-1","max-image-preview":"max-image-preview:large","max-video-preview":"max-video-preview:-1"},"og_locale":"pt_BR","og_type":"article","og_title":"Home - Secretaria de Rela\u00e7\u00f5es Internacional","og_url":"https:\/\/ww16.ce.gov.br\/internacional\/","og_site_name":"Secretaria de Rela\u00e7\u00f5es Internacional","article_modified_time":"2026-02-27T12:29:37+00:00","twitter_card":"summary_large_image","schema":{"@context":"https:\/\/schema.org","@graph":[{"@type":"WebPage","@id":"https:\/\/ww16.ce.gov.br\/internacional\/","url":"https:\/\/ww16.ce.gov.br\/internacional\/","name":"Home - Secretaria de Rela\u00e7\u00f5es Internacional","isPartOf":{"@id":"https:\/\/ww16.ce.gov.br\/internacional\/#website"},"datePublished":"2017-11-21T18:04:38+00:00","dateModified":"2026-02-27T12:29:37+00:00","breadcrumb":{"@id":"https:\/\/ww16.ce.gov.br\/internacional\/#breadcrumb"},"inLanguage":"pt-BR","potentialAction":[{"@type":"ReadAction","target":["https:\/\/ww16.ce.gov.br\/internacional\/"]}]},{"@type":"BreadcrumbList","@id":"https:\/\/ww16.ce.gov.br\/internacional\/#breadcrumb","itemListElement":[{"@type":"ListItem","position":1,"name":"In\u00edcio","item":"https:\/\/ww16.ce.gov.br\/internacional\/"},{"@type":"ListItem","position":2,"name":"Home"}]},{"@type":"WebSite","@id":"https:\/\/ww16.ce.gov.br\/internacional\/#website","url":"https:\/\/ww16.ce.gov.br\/internacional\/","name":"Secretaria de Rela\u00e7\u00f5es Internacional","description":"Modelo Padr\u00e3o do Estado","potentialAction":[{"@type":"SearchAction","target":{"@type":"EntryPoint","urlTemplate":"https:\/\/ww16.ce.gov.br\/internacional\/?s={search_term_string}"},"query-input":{"@type":"PropertyValueSpecification","valueRequired":true,"valueName":"search_term_string"}}],"inLanguage":"pt-BR"}]}},"_links":{"self":[{"href":"https:\/\/ww16.ce.gov.br\/internacional\/wp-json\/wp\/v2\/pages\/121","targetHints":{"allow":["GET"]}}],"collection":[{"href":"https:\/\/ww16.ce.gov.br\/internacional\/wp-json\/wp\/v2\/pages"}],"about":[{"href":"https:\/\/ww16.ce.gov.br\/internacional\/wp-json\/wp\/v2\/types\/page"}],"author":[{"embeddable":true,"href":"https:\/\/ww16.ce.gov.br\/internacional\/wp-json\/wp\/v2\/users\/38"}],"replies":[{"embeddable":true,"href":"https:\/\/ww16.ce.gov.br\/internacional\/wp-json\/wp\/v2\/comments?post=121"}],"version-history":[{"count":5,"href":"https:\/\/ww16.ce.gov.br\/internacional\/wp-json\/wp\/v2\/pages\/121\/revisions"}],"predecessor-version":[{"id":328,"href":"https:\/\/ww16.ce.gov.br\/internacional\/wp-json\/wp\/v2\/pages\/121\/revisions\/328"}],"wp:attachment":[{"href":"https:\/\/ww16.ce.gov.br\/internacional\/wp-json\/wp\/v2\/media?parent=121"}],"curies":[{"name":"wp","href":"https:\/\/api.w.org\/{rel}","templated":true}]}}