{"id":3247,"date":"2026-02-27T11:24:22","date_gmt":"2026-02-27T14:24:22","guid":{"rendered":"http:\/\/ww16.ce.gov.br\/hsm\/?page_id=3247"},"modified":"2026-02-27T13:43:01","modified_gmt":"2026-02-27T16:43:01","slug":"comite-setorial-de-acesso-a-informacao","status":"publish","type":"page","link":"https:\/\/ww16.ce.gov.br\/hsm\/acesso-a-informacao\/comite-setorial-de-acesso-a-informacao\/","title":{"rendered":"Comit\u00ea Setorial de Acesso \u00e0 Informa\u00e7\u00e3o"},"content":{"rendered":"\n<p><strong>Thales Veras Martins<\/strong><\/p>\n\n\n\n<p><em>Coordenadoria de Desenvolvimento Institucional e Planejamento<\/em><\/p>\n\n\n\n<p><strong>Contato:<\/strong>&nbsp;(85) 2018.2340<\/p>\n\n\n\n<p><strong>E-mail:<\/strong>&nbsp;thales.martins@saude.ce.gov.br<\/p>\n\n\n\n<p><strong>M\u00e1rcia M\u00e1rcia Moror\u00f3 Monteiro Muniz<\/strong><\/p>\n\n\n\n<p><em>Ouvidora Setorial<\/em><\/p>\n\n\n\n<p><strong>Contato:<\/strong>&nbsp;(85) 2018.3555<\/p>\n\n\n\n<p><strong>E-mail:&nbsp;<\/strong>marcia.monteiro@saude.ce.gov.br<\/p>\n\n\n\n<p><strong>Valniza Ara\u00fajo da Silva<\/strong><\/p>\n\n\n\n<p><em>Respons\u00e1vel pelo Servi\u00e7o de Informa\u00e7\u00e3o ao Cidad\u00e3o \u2013 SIC<\/em><\/p>\n\n\n\n<p><strong>Contato:&nbsp;<\/strong>(85) 2018.7542<\/p>\n\n\n\n<p><strong>E-mail:&nbsp;<\/strong>valniza.silva@saude.ce.gov.br<\/p>\n\n\n\n<p><strong>K\u00e9lvia Maria Oliveira Borges<\/strong><\/p>\n\n\n\n<p><em>Assessora da Secretaria Executiva de Vigil\u00e2ncia em Sa\u00fade<\/em><\/p>\n\n\n\n<p><strong>Contato:&nbsp;<\/strong>(85) 2018.4199<\/p>\n\n\n\n<p><strong>E-mail:&nbsp;<\/strong>kelvia.oliveira@saude.ce.gov.br<\/p>\n","protected":false},"excerpt":{"rendered":"<p>Thales Veras Martins Coordenadoria de Desenvolvimento Institucional e Planejamento Contato:&nbsp;(85) 2018.2340 E-mail:&nbsp;thales.martins@saude.ce.gov.br M\u00e1rcia M\u00e1rcia Moror\u00f3 Monteiro Muniz Ouvidora Setorial Contato:&nbsp;(85) 2018.3555 E-mail:&nbsp;marcia.monteiro@saude.ce.gov.br Valniza Ara\u00fajo da Silva Respons\u00e1vel pelo Servi\u00e7o de Informa\u00e7\u00e3o ao Cidad\u00e3o \u2013 SIC Contato:&nbsp;(85) 2018.7542 E-mail:&nbsp;valniza.silva@saude.ce.gov.br K\u00e9lvia Maria Oliveira Borges Assessora da Secretaria Executiva de Vigil\u00e2ncia em Sa\u00fade Contato:&nbsp;(85) 2018.4199 E-mail:&nbsp;kelvia.oliveira@saude.ce.gov.br<\/p>\n","protected":false},"author":44,"featured_media":0,"parent":3248,"menu_order":0,"comment_status":"closed","ping_status":"closed","template":"page-comite-setorial.php","meta":{"_acf_changed":false,"inline_featured_image":false,"footnotes":""},"class_list":["post-3247","page","type-page","status-publish","hentry"],"acf":[],"yoast_head":"<!-- This site is optimized with the Yoast SEO plugin v26.9 - https:\/\/yoast.com\/product\/yoast-seo-wordpress\/ -->\n<title>Comit\u00ea Setorial de Acesso \u00e0 Informa\u00e7\u00e3o - HSM<\/title>\n<meta name=\"robots\" content=\"index, follow, max-snippet:-1, max-image-preview:large, max-video-preview:-1\" \/>\n<link rel=\"canonical\" href=\"https:\/\/ww16.ce.gov.br\/hsm\/acesso-a-informacao\/comite-setorial-de-acesso-a-informacao\/\" \/>\n<meta property=\"og:locale\" content=\"pt_BR\" \/>\n<meta property=\"og:type\" content=\"article\" \/>\n<meta property=\"og:title\" content=\"Comit\u00ea Setorial de Acesso \u00e0 Informa\u00e7\u00e3o - HSM\" \/>\n<meta property=\"og:description\" content=\"Thales Veras Martins Coordenadoria de Desenvolvimento Institucional e Planejamento Contato:&nbsp;(85) 2018.2340 E-mail:&nbsp;thales.martins@saude.ce.gov.br M\u00e1rcia M\u00e1rcia Moror\u00f3 Monteiro Muniz Ouvidora Setorial Contato:&nbsp;(85) 2018.3555 E-mail:&nbsp;marcia.monteiro@saude.ce.gov.br Valniza Ara\u00fajo da Silva Respons\u00e1vel pelo Servi\u00e7o de Informa\u00e7\u00e3o ao Cidad\u00e3o \u2013 SIC Contato:&nbsp;(85) 2018.7542 E-mail:&nbsp;valniza.silva@saude.ce.gov.br K\u00e9lvia Maria Oliveira Borges Assessora da Secretaria Executiva de Vigil\u00e2ncia em Sa\u00fade Contato:&nbsp;(85) 2018.4199 E-mail:&nbsp;kelvia.oliveira@saude.ce.gov.br\" \/>\n<meta property=\"og:url\" content=\"https:\/\/ww16.ce.gov.br\/hsm\/acesso-a-informacao\/comite-setorial-de-acesso-a-informacao\/\" \/>\n<meta property=\"og:site_name\" content=\"HSM\" \/>\n<meta property=\"article:modified_time\" content=\"2026-02-27T16:43:01+00:00\" \/>\n<meta name=\"twitter:card\" content=\"summary_large_image\" \/>\n<meta name=\"twitter:label1\" content=\"Est. reading time\" \/>\n\t<meta name=\"twitter:data1\" content=\"1 minuto\" \/>\n<script type=\"application\/ld+json\" class=\"yoast-schema-graph\">{\"@context\":\"https:\/\/schema.org\",\"@graph\":[{\"@type\":\"WebPage\",\"@id\":\"https:\/\/ww16.ce.gov.br\/hsm\/acesso-a-informacao\/comite-setorial-de-acesso-a-informacao\/\",\"url\":\"https:\/\/ww16.ce.gov.br\/hsm\/acesso-a-informacao\/comite-setorial-de-acesso-a-informacao\/\",\"name\":\"Comit\u00ea Setorial de Acesso \u00e0 Informa\u00e7\u00e3o - HSM\",\"isPartOf\":{\"@id\":\"https:\/\/ww16.ce.gov.br\/hsm\/#website\"},\"datePublished\":\"2026-02-27T14:24:22+00:00\",\"dateModified\":\"2026-02-27T16:43:01+00:00\",\"breadcrumb\":{\"@id\":\"https:\/\/ww16.ce.gov.br\/hsm\/acesso-a-informacao\/comite-setorial-de-acesso-a-informacao\/#breadcrumb\"},\"inLanguage\":\"pt-BR\",\"potentialAction\":[{\"@type\":\"ReadAction\",\"target\":[\"https:\/\/ww16.ce.gov.br\/hsm\/acesso-a-informacao\/comite-setorial-de-acesso-a-informacao\/\"]}]},{\"@type\":\"BreadcrumbList\",\"@id\":\"https:\/\/ww16.ce.gov.br\/hsm\/acesso-a-informacao\/comite-setorial-de-acesso-a-informacao\/#breadcrumb\",\"itemListElement\":[{\"@type\":\"ListItem\",\"position\":1,\"name\":\"In\u00edcio\",\"item\":\"https:\/\/ww16.ce.gov.br\/hsm\/\"},{\"@type\":\"ListItem\",\"position\":2,\"name\":\"Acesso \u00e0 Informa\u00e7\u00e3o\",\"item\":\"https:\/\/ww16.ce.gov.br\/hsm\/acesso-a-informacao\/\"},{\"@type\":\"ListItem\",\"position\":3,\"name\":\"Comit\u00ea Setorial de Acesso \u00e0 Informa\u00e7\u00e3o\"}]},{\"@type\":\"WebSite\",\"@id\":\"https:\/\/ww16.ce.gov.br\/hsm\/#website\",\"url\":\"https:\/\/ww16.ce.gov.br\/hsm\/\",\"name\":\"HSM\",\"description\":\"Portal HSM\",\"potentialAction\":[{\"@type\":\"SearchAction\",\"target\":{\"@type\":\"EntryPoint\",\"urlTemplate\":\"https:\/\/ww16.ce.gov.br\/hsm\/?s={search_term_string}\"},\"query-input\":{\"@type\":\"PropertyValueSpecification\",\"valueRequired\":true,\"valueName\":\"search_term_string\"}}],\"inLanguage\":\"pt-BR\"}]}<\/script>\n<!-- \/ Yoast SEO plugin. -->","yoast_head_json":{"title":"Comit\u00ea Setorial de Acesso \u00e0 Informa\u00e7\u00e3o - HSM","robots":{"index":"index","follow":"follow","max-snippet":"max-snippet:-1","max-image-preview":"max-image-preview:large","max-video-preview":"max-video-preview:-1"},"canonical":"https:\/\/ww16.ce.gov.br\/hsm\/acesso-a-informacao\/comite-setorial-de-acesso-a-informacao\/","og_locale":"pt_BR","og_type":"article","og_title":"Comit\u00ea Setorial de Acesso \u00e0 Informa\u00e7\u00e3o - HSM","og_description":"Thales Veras Martins Coordenadoria de Desenvolvimento Institucional e Planejamento Contato:&nbsp;(85) 2018.2340 E-mail:&nbsp;thales.martins@saude.ce.gov.br M\u00e1rcia M\u00e1rcia Moror\u00f3 Monteiro Muniz Ouvidora Setorial Contato:&nbsp;(85) 2018.3555 E-mail:&nbsp;marcia.monteiro@saude.ce.gov.br Valniza Ara\u00fajo da Silva Respons\u00e1vel pelo Servi\u00e7o de Informa\u00e7\u00e3o ao Cidad\u00e3o \u2013 SIC Contato:&nbsp;(85) 2018.7542 E-mail:&nbsp;valniza.silva@saude.ce.gov.br K\u00e9lvia Maria Oliveira Borges Assessora da Secretaria Executiva de Vigil\u00e2ncia em Sa\u00fade Contato:&nbsp;(85) 2018.4199 E-mail:&nbsp;kelvia.oliveira@saude.ce.gov.br","og_url":"https:\/\/ww16.ce.gov.br\/hsm\/acesso-a-informacao\/comite-setorial-de-acesso-a-informacao\/","og_site_name":"HSM","article_modified_time":"2026-02-27T16:43:01+00:00","twitter_card":"summary_large_image","twitter_misc":{"Est. reading time":"1 minuto"},"schema":{"@context":"https:\/\/schema.org","@graph":[{"@type":"WebPage","@id":"https:\/\/ww16.ce.gov.br\/hsm\/acesso-a-informacao\/comite-setorial-de-acesso-a-informacao\/","url":"https:\/\/ww16.ce.gov.br\/hsm\/acesso-a-informacao\/comite-setorial-de-acesso-a-informacao\/","name":"Comit\u00ea Setorial de Acesso \u00e0 Informa\u00e7\u00e3o - HSM","isPartOf":{"@id":"https:\/\/ww16.ce.gov.br\/hsm\/#website"},"datePublished":"2026-02-27T14:24:22+00:00","dateModified":"2026-02-27T16:43:01+00:00","breadcrumb":{"@id":"https:\/\/ww16.ce.gov.br\/hsm\/acesso-a-informacao\/comite-setorial-de-acesso-a-informacao\/#breadcrumb"},"inLanguage":"pt-BR","potentialAction":[{"@type":"ReadAction","target":["https:\/\/ww16.ce.gov.br\/hsm\/acesso-a-informacao\/comite-setorial-de-acesso-a-informacao\/"]}]},{"@type":"BreadcrumbList","@id":"https:\/\/ww16.ce.gov.br\/hsm\/acesso-a-informacao\/comite-setorial-de-acesso-a-informacao\/#breadcrumb","itemListElement":[{"@type":"ListItem","position":1,"name":"In\u00edcio","item":"https:\/\/ww16.ce.gov.br\/hsm\/"},{"@type":"ListItem","position":2,"name":"Acesso \u00e0 Informa\u00e7\u00e3o","item":"https:\/\/ww16.ce.gov.br\/hsm\/acesso-a-informacao\/"},{"@type":"ListItem","position":3,"name":"Comit\u00ea Setorial de Acesso \u00e0 Informa\u00e7\u00e3o"}]},{"@type":"WebSite","@id":"https:\/\/ww16.ce.gov.br\/hsm\/#website","url":"https:\/\/ww16.ce.gov.br\/hsm\/","name":"HSM","description":"Portal HSM","potentialAction":[{"@type":"SearchAction","target":{"@type":"EntryPoint","urlTemplate":"https:\/\/ww16.ce.gov.br\/hsm\/?s={search_term_string}"},"query-input":{"@type":"PropertyValueSpecification","valueRequired":true,"valueName":"search_term_string"}}],"inLanguage":"pt-BR"}]}},"_links":{"self":[{"href":"https:\/\/ww16.ce.gov.br\/hsm\/wp-json\/wp\/v2\/pages\/3247","targetHints":{"allow":["GET"]}}],"collection":[{"href":"https:\/\/ww16.ce.gov.br\/hsm\/wp-json\/wp\/v2\/pages"}],"about":[{"href":"https:\/\/ww16.ce.gov.br\/hsm\/wp-json\/wp\/v2\/types\/page"}],"author":[{"embeddable":true,"href":"https:\/\/ww16.ce.gov.br\/hsm\/wp-json\/wp\/v2\/users\/44"}],"replies":[{"embeddable":true,"href":"https:\/\/ww16.ce.gov.br\/hsm\/wp-json\/wp\/v2\/comments?post=3247"}],"version-history":[{"count":1,"href":"https:\/\/ww16.ce.gov.br\/hsm\/wp-json\/wp\/v2\/pages\/3247\/revisions"}],"predecessor-version":[{"id":3252,"href":"https:\/\/ww16.ce.gov.br\/hsm\/wp-json\/wp\/v2\/pages\/3247\/revisions\/3252"}],"up":[{"embeddable":true,"href":"https:\/\/ww16.ce.gov.br\/hsm\/wp-json\/wp\/v2\/pages\/3248"}],"wp:attachment":[{"href":"https:\/\/ww16.ce.gov.br\/hsm\/wp-json\/wp\/v2\/media?parent=3247"}],"curies":[{"name":"wp","href":"https:\/\/api.w.org\/{rel}","templated":true}]}}