{"id":3245,"date":"2026-02-27T11:22:41","date_gmt":"2026-02-27T14:22:41","guid":{"rendered":"http:\/\/ww16.ce.gov.br\/hsm\/?page_id=3245"},"modified":"2026-02-27T11:22:43","modified_gmt":"2026-02-27T14:22:43","slug":"perguntas-frequentes","status":"publish","type":"page","link":"https:\/\/ww16.ce.gov.br\/hsm\/perguntas-frequentes\/","title":{"rendered":"Perguntas Frequentes"},"content":{"rendered":"\n<h2 class=\"wp-block-heading\">O que devo fazer para ter acesso a informa\u00e7\u00f5es relacionadas aos servi\u00e7os de sa\u00fade do Estado?<\/h2>\n\n\n\n<p>Acesse a plataforma&nbsp;<a href=\"https:\/\/www.cearatransparente.ce.gov.br\/\">Cear\u00e1 Transparente<\/a>&nbsp;ou o site institucional desta Secretaria. Caso a informa\u00e7\u00e3o que voc\u00ea procura n\u00e3o esteja dispon\u00edvel nos sites, fa\u00e7a o pedido de informa\u00e7\u00f5es por meio do Acesso \u00e0 Informa\u00e7\u00e3o, pelo site do&nbsp;<a href=\"https:\/\/www.cearatransparente.ce.gov.br\/\">Cear\u00e1 Transparente<\/a>, telefone gratuito 155, telefone 0800.275.1520, e-mail: ouvidoriasesa@saude.ce.gov.br ou na sede desta secretaria e demais unidades de sa\u00fade.<\/p>\n\n\n\n<h3 class=\"wp-block-heading\">Em quanto tempo terei uma resposta ou acesso \u00e0s informa\u00e7\u00f5es?<\/h3>\n\n\n\n<p>Voc\u00ea tem direito de receber resposta ou acesso \u00e0 informa\u00e7\u00e3o imediatamente, sempre que poss\u00edvel. Caso contr\u00e1rio, voc\u00ea deve receber uma resposta em at\u00e9 20 dias, podendo ser prorrogado por mais 10 dias, mediante justificativa.<\/p>\n\n\n\n<h3 class=\"wp-block-heading\">Como fazer para solicitar dados para pesquisa cient\u00edfica no \u00e2mbito da sa\u00fade do Estado?<\/h3>\n\n\n\n<p>Para melhor apoiar as pesquisas que s\u00e3o realizadas em diversos setores e equipamentos, a Secretaria de Sa\u00fade do Cear\u00e1 (Sesa) criou o Portal Governan\u00e7a em Pesquisa, atrav\u00e9s de parceria entre a Escola de Sa\u00fade P\u00fablica (ESP) e o Programa Cientista-Chefe da Funda\u00e7\u00e3o Cearense de Apoio ao Desenvolvimento Cient\u00edfico e Tecnol\u00f3gico (FUNCAP).<\/p>\n\n\n\n<p>Os objetivos do Portal Governan\u00e7a em Pesquisa s\u00e3o: 1- Melhorar o suporte da Sesa \u00e0s atividades de pesquisa relevantes para a Sa\u00fade do Cear\u00e1, mediante conhecimento detalhado dos projetos em est\u00e1gio de planejamento e em atividade ap\u00f3s aprova\u00e7\u00e3o; 2- Fornecer a anu\u00eancia e a certifica\u00e7\u00e3o da Sesa para que os projetos aprovados segundo os crit\u00e9rios do m\u00e9rito, exequibilidade e adequa\u00e7\u00e3o aos padr\u00f5es e c\u00f3digos institucionais possam ser, efetivamente, submetidos \u00e0s ag\u00eancias de fomento de pesquisa.<\/p>\n\n\n\n<p>Os projetos encaminhados \u00e0 ESP e Programa Cientista-Chefe da Funcap ser\u00e3o analisados de acordo com dois crit\u00e9rios: 1- A adequa\u00e7\u00e3o dos documentos comprobat\u00f3rios que demonstram conhecimento e aprova\u00e7\u00e3o da(s) institui\u00e7\u00f5es de origem para a pesquisa proposta; 2- An\u00e1lise de m\u00e9rito, qualidade, exequibilidade e adequa\u00e7\u00e3o aos padr\u00f5es e c\u00f3digos institucionais da Sesa, obedecendo \u00e0 sistem\u00e1tica da an\u00e1lise pelos pares.<\/p>\n\n\n\n<p>Nos itens a seguir descrevemos como o processo \u00e9 conduzido pela ESP\/Programa Cientista-Chefe Funcap:<\/p>\n\n\n\n<p>1- O Portal Governan\u00e7a em Pesquisa s\u00f3 recebe projetos previamente aprovados da institui\u00e7\u00e3o de origem pelo devido representante legal e anteriormente aprovados por comit\u00ea de \u00e9tica legalmente institu\u00eddo e apropriado \u00e0 \u00e1rea de atua\u00e7\u00e3o.<\/p>\n\n\n\n<p>2- Para auxiliar a atua\u00e7\u00e3o dos comit\u00eas de \u00e9tica, o Portal Governan\u00e7a em Pesquisa est\u00e1 preparado para produzir, mediante preenchimento de cadastro apropriado, certificado provisional destinado \u00fanica e exclusivamente a certificar o projeto para sua submiss\u00e3o aos comit\u00eas de \u00e9tica.<\/p>\n\n\n\n<p>3- A emiss\u00e3o da certifica\u00e7\u00e3o provisional pelo Portal Governan\u00e7a em Pesquisa tem o objetivo \u00fanico de autorizar em nome da Sesa o prosseguimento do fluxo de an\u00e1lise para o projeto espec\u00edfico, e n\u00e3o pode ser compreendido como anu\u00eancia oficial da Sesa para a sua execu\u00e7\u00e3o sob qualquer hip\u00f3tese.<\/p>\n\n\n\n<p>4- O preenchimento do cadastro inicial do projeto para fins de emiss\u00e3o de certificado de apoio da Sesa \u00e0 submiss\u00e3o para os conselhos de \u00e9tica \u00e9 parte integral do processo de avalia\u00e7\u00e3o pelo Portal de Governan\u00e7a. As informa\u00e7\u00f5es ali depositadas n\u00e3o ser\u00e3o mais solicitadas pelo Portal de Governan\u00e7a para evitar desperd\u00edcio de tempo e recursos.<\/p>\n\n\n\n<p>5- A plataforma permite a apresenta\u00e7\u00e3o de documentos em meio digital, propiciando sigilo e seguran\u00e7a de acesso.<\/p>\n\n\n\n<p>Acesse a&nbsp;<a href=\"https:\/\/digital.saude.ce.gov.br\/projeto-pesquisa\/#\/projeto-pesquisa\/inicio\"><strong>Plataforma Sa\u00fade Digital<\/strong>.<\/a><\/p>\n","protected":false},"excerpt":{"rendered":"<p>O que devo fazer para ter acesso a informa\u00e7\u00f5es relacionadas aos servi\u00e7os de sa\u00fade do Estado? Acesse a plataforma&nbsp;Cear\u00e1 Transparente&nbsp;ou o site institucional desta Secretaria. Caso a informa\u00e7\u00e3o que voc\u00ea procura n\u00e3o esteja dispon\u00edvel nos sites, fa\u00e7a o pedido de informa\u00e7\u00f5es por meio do Acesso \u00e0 Informa\u00e7\u00e3o, pelo site do&nbsp;Cear\u00e1 Transparente, telefone gratuito 155, telefone [&hellip;]<\/p>\n","protected":false},"author":44,"featured_media":0,"parent":0,"menu_order":0,"comment_status":"closed","ping_status":"closed","template":"page-perguntas-frequentes.php","meta":{"_acf_changed":false,"inline_featured_image":false,"footnotes":""},"class_list":["post-3245","page","type-page","status-publish","hentry"],"acf":[],"yoast_head":"<!-- This site is optimized with the Yoast SEO plugin v26.9 - https:\/\/yoast.com\/product\/yoast-seo-wordpress\/ -->\n<title>Perguntas Frequentes - HSM<\/title>\n<meta name=\"robots\" content=\"index, follow, max-snippet:-1, max-image-preview:large, max-video-preview:-1\" \/>\n<link rel=\"canonical\" href=\"https:\/\/ww16.ce.gov.br\/hsm\/perguntas-frequentes\/\" \/>\n<meta property=\"og:locale\" content=\"pt_BR\" \/>\n<meta property=\"og:type\" content=\"article\" \/>\n<meta property=\"og:title\" content=\"Perguntas Frequentes - HSM\" \/>\n<meta property=\"og:description\" content=\"O que devo fazer para ter acesso a informa\u00e7\u00f5es relacionadas aos servi\u00e7os de sa\u00fade do Estado? Acesse a plataforma&nbsp;Cear\u00e1 Transparente&nbsp;ou o site institucional desta Secretaria. Caso a informa\u00e7\u00e3o que voc\u00ea procura n\u00e3o esteja dispon\u00edvel nos sites, fa\u00e7a o pedido de informa\u00e7\u00f5es por meio do Acesso \u00e0 Informa\u00e7\u00e3o, pelo site do&nbsp;Cear\u00e1 Transparente, telefone gratuito 155, telefone [&hellip;]\" \/>\n<meta property=\"og:url\" content=\"https:\/\/ww16.ce.gov.br\/hsm\/perguntas-frequentes\/\" \/>\n<meta property=\"og:site_name\" content=\"HSM\" \/>\n<meta property=\"article:modified_time\" content=\"2026-02-27T14:22:43+00:00\" \/>\n<meta name=\"twitter:card\" content=\"summary_large_image\" \/>\n<meta name=\"twitter:label1\" content=\"Est. reading time\" \/>\n\t<meta name=\"twitter:data1\" content=\"3 minutos\" \/>\n<script type=\"application\/ld+json\" class=\"yoast-schema-graph\">{\"@context\":\"https:\/\/schema.org\",\"@graph\":[{\"@type\":\"WebPage\",\"@id\":\"https:\/\/ww16.ce.gov.br\/hsm\/perguntas-frequentes\/\",\"url\":\"https:\/\/ww16.ce.gov.br\/hsm\/perguntas-frequentes\/\",\"name\":\"Perguntas Frequentes - HSM\",\"isPartOf\":{\"@id\":\"https:\/\/ww16.ce.gov.br\/hsm\/#website\"},\"datePublished\":\"2026-02-27T14:22:41+00:00\",\"dateModified\":\"2026-02-27T14:22:43+00:00\",\"breadcrumb\":{\"@id\":\"https:\/\/ww16.ce.gov.br\/hsm\/perguntas-frequentes\/#breadcrumb\"},\"inLanguage\":\"pt-BR\",\"potentialAction\":[{\"@type\":\"ReadAction\",\"target\":[\"https:\/\/ww16.ce.gov.br\/hsm\/perguntas-frequentes\/\"]}]},{\"@type\":\"BreadcrumbList\",\"@id\":\"https:\/\/ww16.ce.gov.br\/hsm\/perguntas-frequentes\/#breadcrumb\",\"itemListElement\":[{\"@type\":\"ListItem\",\"position\":1,\"name\":\"In\u00edcio\",\"item\":\"https:\/\/ww16.ce.gov.br\/hsm\/\"},{\"@type\":\"ListItem\",\"position\":2,\"name\":\"Perguntas Frequentes\"}]},{\"@type\":\"WebSite\",\"@id\":\"https:\/\/ww16.ce.gov.br\/hsm\/#website\",\"url\":\"https:\/\/ww16.ce.gov.br\/hsm\/\",\"name\":\"HSM\",\"description\":\"Portal HSM\",\"potentialAction\":[{\"@type\":\"SearchAction\",\"target\":{\"@type\":\"EntryPoint\",\"urlTemplate\":\"https:\/\/ww16.ce.gov.br\/hsm\/?s={search_term_string}\"},\"query-input\":{\"@type\":\"PropertyValueSpecification\",\"valueRequired\":true,\"valueName\":\"search_term_string\"}}],\"inLanguage\":\"pt-BR\"}]}<\/script>\n<!-- \/ Yoast SEO plugin. -->","yoast_head_json":{"title":"Perguntas Frequentes - HSM","robots":{"index":"index","follow":"follow","max-snippet":"max-snippet:-1","max-image-preview":"max-image-preview:large","max-video-preview":"max-video-preview:-1"},"canonical":"https:\/\/ww16.ce.gov.br\/hsm\/perguntas-frequentes\/","og_locale":"pt_BR","og_type":"article","og_title":"Perguntas Frequentes - HSM","og_description":"O que devo fazer para ter acesso a informa\u00e7\u00f5es relacionadas aos servi\u00e7os de sa\u00fade do Estado? Acesse a plataforma&nbsp;Cear\u00e1 Transparente&nbsp;ou o site institucional desta Secretaria. Caso a informa\u00e7\u00e3o que voc\u00ea procura n\u00e3o esteja dispon\u00edvel nos sites, fa\u00e7a o pedido de informa\u00e7\u00f5es por meio do Acesso \u00e0 Informa\u00e7\u00e3o, pelo site do&nbsp;Cear\u00e1 Transparente, telefone gratuito 155, telefone [&hellip;]","og_url":"https:\/\/ww16.ce.gov.br\/hsm\/perguntas-frequentes\/","og_site_name":"HSM","article_modified_time":"2026-02-27T14:22:43+00:00","twitter_card":"summary_large_image","twitter_misc":{"Est. reading time":"3 minutos"},"schema":{"@context":"https:\/\/schema.org","@graph":[{"@type":"WebPage","@id":"https:\/\/ww16.ce.gov.br\/hsm\/perguntas-frequentes\/","url":"https:\/\/ww16.ce.gov.br\/hsm\/perguntas-frequentes\/","name":"Perguntas Frequentes - HSM","isPartOf":{"@id":"https:\/\/ww16.ce.gov.br\/hsm\/#website"},"datePublished":"2026-02-27T14:22:41+00:00","dateModified":"2026-02-27T14:22:43+00:00","breadcrumb":{"@id":"https:\/\/ww16.ce.gov.br\/hsm\/perguntas-frequentes\/#breadcrumb"},"inLanguage":"pt-BR","potentialAction":[{"@type":"ReadAction","target":["https:\/\/ww16.ce.gov.br\/hsm\/perguntas-frequentes\/"]}]},{"@type":"BreadcrumbList","@id":"https:\/\/ww16.ce.gov.br\/hsm\/perguntas-frequentes\/#breadcrumb","itemListElement":[{"@type":"ListItem","position":1,"name":"In\u00edcio","item":"https:\/\/ww16.ce.gov.br\/hsm\/"},{"@type":"ListItem","position":2,"name":"Perguntas Frequentes"}]},{"@type":"WebSite","@id":"https:\/\/ww16.ce.gov.br\/hsm\/#website","url":"https:\/\/ww16.ce.gov.br\/hsm\/","name":"HSM","description":"Portal HSM","potentialAction":[{"@type":"SearchAction","target":{"@type":"EntryPoint","urlTemplate":"https:\/\/ww16.ce.gov.br\/hsm\/?s={search_term_string}"},"query-input":{"@type":"PropertyValueSpecification","valueRequired":true,"valueName":"search_term_string"}}],"inLanguage":"pt-BR"}]}},"_links":{"self":[{"href":"https:\/\/ww16.ce.gov.br\/hsm\/wp-json\/wp\/v2\/pages\/3245","targetHints":{"allow":["GET"]}}],"collection":[{"href":"https:\/\/ww16.ce.gov.br\/hsm\/wp-json\/wp\/v2\/pages"}],"about":[{"href":"https:\/\/ww16.ce.gov.br\/hsm\/wp-json\/wp\/v2\/types\/page"}],"author":[{"embeddable":true,"href":"https:\/\/ww16.ce.gov.br\/hsm\/wp-json\/wp\/v2\/users\/44"}],"replies":[{"embeddable":true,"href":"https:\/\/ww16.ce.gov.br\/hsm\/wp-json\/wp\/v2\/comments?post=3245"}],"version-history":[{"count":1,"href":"https:\/\/ww16.ce.gov.br\/hsm\/wp-json\/wp\/v2\/pages\/3245\/revisions"}],"predecessor-version":[{"id":3250,"href":"https:\/\/ww16.ce.gov.br\/hsm\/wp-json\/wp\/v2\/pages\/3245\/revisions\/3250"}],"wp:attachment":[{"href":"https:\/\/ww16.ce.gov.br\/hsm\/wp-json\/wp\/v2\/media?parent=3245"}],"curies":[{"name":"wp","href":"https:\/\/api.w.org\/{rel}","templated":true}]}}