{"id":3133,"date":"2026-02-25T16:08:09","date_gmt":"2026-02-25T19:08:09","guid":{"rendered":"http:\/\/ww16.ce.gov.br\/hsm\/?page_id=3133"},"modified":"2026-02-25T16:11:23","modified_gmt":"2026-02-25T19:11:23","slug":"3133-2","status":"publish","type":"page","link":"https:\/\/ww16.ce.gov.br\/hsm\/3133-2\/","title":{"rendered":"N\u00facleo de Comunica\u00e7\u00e3o"},"content":{"rendered":"    <div class=\"nucleo-comunicacao-grid\">\n                                <div class=\"nucleo-item\">\n                <div class=\"nucleo-orgao-header\">\n                                            <h3>N\u00facleo de Comunica\u00e7\u00e3o<\/h3>\n                                                        <\/div>\n                \n                <div class=\"nucleo-pessoa-info\">\n                                            <p>Assessora de Comunica\u00e7\u00e3o<\/p>\n                                        <p><strong>Comunica\u00e7\u00e3o<\/strong><\/p>\n                <\/div>\n\n                <a href=\"#\" class=\"nucleo-contact-info\" \n                   data-orgao=\"N\u00facleo de Comunica\u00e7\u00e3o\"\n                   data-orgao-desc=\"\"\n                   data-cargo=\"Assessora de Comunica\u00e7\u00e3o\"\n                   data-nome=\"Comunica\u00e7\u00e3o\"\n                   data-tel=\"(85) 3125-9898\"\n                   data-email=\"milena.fernandes@hsm.saude.ce.gov.br\">\n                   Informa\u00e7\u00f5es de contato\n                <\/a>\n            <\/div>\n            <\/div>\n\n<div id=\"nucleo-modal-overlay\" class=\"nucleo-modal-overlay\"><\/div>\n<div id=\"nucleo-modal\" class=\"nucleo-modal\">\n    <div class=\"nucleo-modal-header\">\n        <div>\n            <h3 id=\"nucleo-modal-title\"><\/h3>\n            <p id=\"nucleo-modal-orgao-desc\" class=\"nucleo-modal-orgao-desc\"><\/p>\n        <\/div>\n        <button id=\"nucleo-modal-close-x\" class=\"nucleo-modal-close-x\">&times;<\/button>\n    <\/div>\n    <div class=\"nucleo-modal-body\">\n        <div class=\"modal-section modal-pessoa-info\">\n            <p id=\"nucleo-modal-cargo\"><\/p>\n            <p id=\"nucleo-modal-nome\"><\/p>\n        <\/div>\n        <div class=\"modal-section modal-contato-info\">\n            <div class=\"contato-item\">\n                <h4>Email<\/h4>\n                <p id=\"nucleo-modal-email\"><\/p>\n            <\/div>\n            <div class=\"contato-item\">\n                <h4>Telefone<\/h4>\n                <p id=\"nucleo-modal-tel\"><\/p>\n            <\/div>\n        <\/div>\n    <\/div>\n\n<\/div>\n","protected":false},"excerpt":{"rendered":"","protected":false},"author":44,"featured_media":0,"parent":0,"menu_order":0,"comment_status":"closed","ping_status":"closed","template":"","meta":{"_acf_changed":false,"inline_featured_image":false,"footnotes":""},"class_list":["post-3133","page","type-page","status-publish","hentry"],"acf":[],"yoast_head":"<!-- This site is optimized with the Yoast SEO plugin v26.9 - https:\/\/yoast.com\/product\/yoast-seo-wordpress\/ -->\n<title>N\u00facleo de Comunica\u00e7\u00e3o - HSM<\/title>\n<meta name=\"robots\" content=\"index, follow, max-snippet:-1, max-image-preview:large, max-video-preview:-1\" \/>\n<link rel=\"canonical\" href=\"https:\/\/ww16.ce.gov.br\/hsm\/3133-2\/\" \/>\n<meta property=\"og:locale\" content=\"pt_BR\" \/>\n<meta property=\"og:type\" content=\"article\" \/>\n<meta property=\"og:title\" content=\"N\u00facleo de Comunica\u00e7\u00e3o - HSM\" \/>\n<meta property=\"og:url\" content=\"https:\/\/ww16.ce.gov.br\/hsm\/3133-2\/\" \/>\n<meta property=\"og:site_name\" content=\"HSM\" \/>\n<meta property=\"article:modified_time\" content=\"2026-02-25T19:11:23+00:00\" \/>\n<meta name=\"twitter:card\" content=\"summary_large_image\" \/>\n<script type=\"application\/ld+json\" class=\"yoast-schema-graph\">{\"@context\":\"https:\/\/schema.org\",\"@graph\":[{\"@type\":\"WebPage\",\"@id\":\"https:\/\/ww16.ce.gov.br\/hsm\/3133-2\/\",\"url\":\"https:\/\/ww16.ce.gov.br\/hsm\/3133-2\/\",\"name\":\"N\u00facleo de Comunica\u00e7\u00e3o - HSM\",\"isPartOf\":{\"@id\":\"https:\/\/ww16.ce.gov.br\/hsm\/#website\"},\"datePublished\":\"2026-02-25T19:08:09+00:00\",\"dateModified\":\"2026-02-25T19:11:23+00:00\",\"breadcrumb\":{\"@id\":\"https:\/\/ww16.ce.gov.br\/hsm\/3133-2\/#breadcrumb\"},\"inLanguage\":\"pt-BR\",\"potentialAction\":[{\"@type\":\"ReadAction\",\"target\":[\"https:\/\/ww16.ce.gov.br\/hsm\/3133-2\/\"]}]},{\"@type\":\"BreadcrumbList\",\"@id\":\"https:\/\/ww16.ce.gov.br\/hsm\/3133-2\/#breadcrumb\",\"itemListElement\":[{\"@type\":\"ListItem\",\"position\":1,\"name\":\"In\u00edcio\",\"item\":\"https:\/\/ww16.ce.gov.br\/hsm\/\"},{\"@type\":\"ListItem\",\"position\":2,\"name\":\"N\u00facleo de Comunica\u00e7\u00e3o\"}]},{\"@type\":\"WebSite\",\"@id\":\"https:\/\/ww16.ce.gov.br\/hsm\/#website\",\"url\":\"https:\/\/ww16.ce.gov.br\/hsm\/\",\"name\":\"HSM\",\"description\":\"Portal HSM\",\"potentialAction\":[{\"@type\":\"SearchAction\",\"target\":{\"@type\":\"EntryPoint\",\"urlTemplate\":\"https:\/\/ww16.ce.gov.br\/hsm\/?s={search_term_string}\"},\"query-input\":{\"@type\":\"PropertyValueSpecification\",\"valueRequired\":true,\"valueName\":\"search_term_string\"}}],\"inLanguage\":\"pt-BR\"}]}<\/script>\n<!-- \/ Yoast SEO plugin. -->","yoast_head_json":{"title":"N\u00facleo de Comunica\u00e7\u00e3o - HSM","robots":{"index":"index","follow":"follow","max-snippet":"max-snippet:-1","max-image-preview":"max-image-preview:large","max-video-preview":"max-video-preview:-1"},"canonical":"https:\/\/ww16.ce.gov.br\/hsm\/3133-2\/","og_locale":"pt_BR","og_type":"article","og_title":"N\u00facleo de Comunica\u00e7\u00e3o - HSM","og_url":"https:\/\/ww16.ce.gov.br\/hsm\/3133-2\/","og_site_name":"HSM","article_modified_time":"2026-02-25T19:11:23+00:00","twitter_card":"summary_large_image","schema":{"@context":"https:\/\/schema.org","@graph":[{"@type":"WebPage","@id":"https:\/\/ww16.ce.gov.br\/hsm\/3133-2\/","url":"https:\/\/ww16.ce.gov.br\/hsm\/3133-2\/","name":"N\u00facleo de Comunica\u00e7\u00e3o - HSM","isPartOf":{"@id":"https:\/\/ww16.ce.gov.br\/hsm\/#website"},"datePublished":"2026-02-25T19:08:09+00:00","dateModified":"2026-02-25T19:11:23+00:00","breadcrumb":{"@id":"https:\/\/ww16.ce.gov.br\/hsm\/3133-2\/#breadcrumb"},"inLanguage":"pt-BR","potentialAction":[{"@type":"ReadAction","target":["https:\/\/ww16.ce.gov.br\/hsm\/3133-2\/"]}]},{"@type":"BreadcrumbList","@id":"https:\/\/ww16.ce.gov.br\/hsm\/3133-2\/#breadcrumb","itemListElement":[{"@type":"ListItem","position":1,"name":"In\u00edcio","item":"https:\/\/ww16.ce.gov.br\/hsm\/"},{"@type":"ListItem","position":2,"name":"N\u00facleo de Comunica\u00e7\u00e3o"}]},{"@type":"WebSite","@id":"https:\/\/ww16.ce.gov.br\/hsm\/#website","url":"https:\/\/ww16.ce.gov.br\/hsm\/","name":"HSM","description":"Portal HSM","potentialAction":[{"@type":"SearchAction","target":{"@type":"EntryPoint","urlTemplate":"https:\/\/ww16.ce.gov.br\/hsm\/?s={search_term_string}"},"query-input":{"@type":"PropertyValueSpecification","valueRequired":true,"valueName":"search_term_string"}}],"inLanguage":"pt-BR"}]}},"_links":{"self":[{"href":"https:\/\/ww16.ce.gov.br\/hsm\/wp-json\/wp\/v2\/pages\/3133","targetHints":{"allow":["GET"]}}],"collection":[{"href":"https:\/\/ww16.ce.gov.br\/hsm\/wp-json\/wp\/v2\/pages"}],"about":[{"href":"https:\/\/ww16.ce.gov.br\/hsm\/wp-json\/wp\/v2\/types\/page"}],"author":[{"embeddable":true,"href":"https:\/\/ww16.ce.gov.br\/hsm\/wp-json\/wp\/v2\/users\/44"}],"replies":[{"embeddable":true,"href":"https:\/\/ww16.ce.gov.br\/hsm\/wp-json\/wp\/v2\/comments?post=3133"}],"version-history":[{"count":2,"href":"https:\/\/ww16.ce.gov.br\/hsm\/wp-json\/wp\/v2\/pages\/3133\/revisions"}],"predecessor-version":[{"id":3135,"href":"https:\/\/ww16.ce.gov.br\/hsm\/wp-json\/wp\/v2\/pages\/3133\/revisions\/3135"}],"wp:attachment":[{"href":"https:\/\/ww16.ce.gov.br\/hsm\/wp-json\/wp\/v2\/media?parent=3133"}],"curies":[{"name":"wp","href":"https:\/\/api.w.org\/{rel}","templated":true}]}}