{"id":2697,"date":"2025-04-10T13:43:16","date_gmt":"2025-04-10T16:43:16","guid":{"rendered":"http:\/\/ww16.ce.gov.br\/hsm\/?page_id=2697"},"modified":"2026-05-11T11:32:01","modified_gmt":"2026-05-11T14:32:01","slug":"projeto-de-pesquisa","status":"publish","type":"page","link":"https:\/\/ww16.ce.gov.br\/hsm\/ensino-e-pesquisa\/projeto-de-pesquisa\/","title":{"rendered":"Pesquisa"},"content":{"rendered":"<p><strong>Submiss\u00e3o de Projeto de Pesquisa<\/strong><br \/>\nlink: <a href=\"https:\/\/forms.gle\/DhWS3YrAgEQiU6tSA\">https:\/\/forms.gle\/DhWS3YrAgEQiU6tSA<\/a><\/p>\n<p>Prezado(a) Pesquisador(a),<\/p>\n<p>Esperamos que esta mensagem o encontre bem. Nessa aba voc\u00ea encontrar\u00e1 o formul\u00e1rio de submiss\u00e3o de projeto de pesquisa, que cont\u00e9m todas as instru\u00e7\u00f5es necess\u00e1rias para o correto preenchimento. Pedimos que a leitura seja feita com aten\u00e7\u00e3o e que o preenchimento siga rigorosamente as orienta\u00e7\u00f5es indicadas.Em caso de d\u00favidas quanto ao fluxo de tramita\u00e7\u00e3o ou aos prazos para retorno da avalia\u00e7\u00e3o, orientamos a consulta ao documento \u201cFluxo de Submiss\u00e3o de Projeto de Pesquisa\u201d, dispon\u00edvel para acesso na mesma aba Em caso de d\u00favidas, ficamos \u00e0 disposi\u00e7\u00e3o para eventuais esclarecimentos pelo e-mail oficial: ceap@hsm.ce.gov.br<\/p>\n<p>Fluxo da Submiss\u00e3o de Projeto de Pesquisa: (anexar o modelo enviado em anexo)<\/p>\n<p>Modelo de Documentos<\/p>\n<p>Modelo TCLE: (anexar o modelo enviado em anexo)<\/p>\n<p>Este \u00e9 um modelo de TCLE padr\u00e3o. Caso haja alguma interven\u00e7\u00e3o mais invasiva, esta deve ser considerada e explicados os riscos e benef\u00edcios no termo.<\/p>\n<p>Modelo Projeto de Pesquisa: (anexar o modelo enviado em anexo)<\/p>\n","protected":false},"excerpt":{"rendered":"<p>Submiss\u00e3o de Projeto de Pesquisa link: https:\/\/forms.gle\/DhWS3YrAgEQiU6tSA Prezado(a) Pesquisador(a), Esperamos que esta mensagem o encontre bem. Nessa aba voc\u00ea encontrar\u00e1 o formul\u00e1rio de submiss\u00e3o de projeto de pesquisa, que cont\u00e9m todas as instru\u00e7\u00f5es necess\u00e1rias para o correto preenchimento. Pedimos que a leitura seja feita com aten\u00e7\u00e3o e que o preenchimento siga rigorosamente as orienta\u00e7\u00f5es indicadas.Em [&hellip;]<\/p>\n","protected":false},"author":596,"featured_media":0,"parent":1114,"menu_order":0,"comment_status":"closed","ping_status":"closed","template":"","meta":{"_acf_changed":false,"inline_featured_image":false,"footnotes":""},"class_list":["post-2697","page","type-page","status-publish","hentry"],"acf":[],"yoast_head":"<!-- This site is optimized with the Yoast SEO plugin v26.9 - https:\/\/yoast.com\/product\/yoast-seo-wordpress\/ -->\n<title>Pesquisa - HSM<\/title>\n<meta name=\"robots\" content=\"index, follow, max-snippet:-1, max-image-preview:large, max-video-preview:-1\" \/>\n<link rel=\"canonical\" href=\"https:\/\/ww16.ce.gov.br\/hsm\/ensino-e-pesquisa\/projeto-de-pesquisa\/\" \/>\n<meta property=\"og:locale\" content=\"pt_BR\" \/>\n<meta property=\"og:type\" content=\"article\" \/>\n<meta property=\"og:title\" content=\"Pesquisa - HSM\" \/>\n<meta property=\"og:description\" content=\"Submiss\u00e3o de Projeto de Pesquisa link: https:\/\/forms.gle\/DhWS3YrAgEQiU6tSA Prezado(a) Pesquisador(a), Esperamos que esta mensagem o encontre bem. Nessa aba voc\u00ea encontrar\u00e1 o formul\u00e1rio de submiss\u00e3o de projeto de pesquisa, que cont\u00e9m todas as instru\u00e7\u00f5es necess\u00e1rias para o correto preenchimento. Pedimos que a leitura seja feita com aten\u00e7\u00e3o e que o preenchimento siga rigorosamente as orienta\u00e7\u00f5es indicadas.Em [&hellip;]\" \/>\n<meta property=\"og:url\" content=\"https:\/\/ww16.ce.gov.br\/hsm\/ensino-e-pesquisa\/projeto-de-pesquisa\/\" \/>\n<meta property=\"og:site_name\" content=\"HSM\" \/>\n<meta property=\"article:modified_time\" content=\"2026-05-11T14:32:01+00:00\" \/>\n<meta name=\"twitter:card\" content=\"summary_large_image\" \/>\n<meta name=\"twitter:label1\" content=\"Est. reading time\" \/>\n\t<meta name=\"twitter:data1\" content=\"1 minuto\" \/>\n<script type=\"application\/ld+json\" class=\"yoast-schema-graph\">{\"@context\":\"https:\/\/schema.org\",\"@graph\":[{\"@type\":\"WebPage\",\"@id\":\"https:\/\/ww16.ce.gov.br\/hsm\/ensino-e-pesquisa\/projeto-de-pesquisa\/\",\"url\":\"https:\/\/ww16.ce.gov.br\/hsm\/ensino-e-pesquisa\/projeto-de-pesquisa\/\",\"name\":\"Pesquisa - HSM\",\"isPartOf\":{\"@id\":\"https:\/\/ww16.ce.gov.br\/hsm\/#website\"},\"datePublished\":\"2025-04-10T16:43:16+00:00\",\"dateModified\":\"2026-05-11T14:32:01+00:00\",\"breadcrumb\":{\"@id\":\"https:\/\/ww16.ce.gov.br\/hsm\/ensino-e-pesquisa\/projeto-de-pesquisa\/#breadcrumb\"},\"inLanguage\":\"pt-BR\",\"potentialAction\":[{\"@type\":\"ReadAction\",\"target\":[\"https:\/\/ww16.ce.gov.br\/hsm\/ensino-e-pesquisa\/projeto-de-pesquisa\/\"]}]},{\"@type\":\"BreadcrumbList\",\"@id\":\"https:\/\/ww16.ce.gov.br\/hsm\/ensino-e-pesquisa\/projeto-de-pesquisa\/#breadcrumb\",\"itemListElement\":[{\"@type\":\"ListItem\",\"position\":1,\"name\":\"In\u00edcio\",\"item\":\"https:\/\/ww16.ce.gov.br\/hsm\/\"},{\"@type\":\"ListItem\",\"position\":2,\"name\":\"ENSINO E PESQUISA\",\"item\":\"https:\/\/ww16.ce.gov.br\/hsm\/ensino-e-pesquisa\/\"},{\"@type\":\"ListItem\",\"position\":3,\"name\":\"Pesquisa\"}]},{\"@type\":\"WebSite\",\"@id\":\"https:\/\/ww16.ce.gov.br\/hsm\/#website\",\"url\":\"https:\/\/ww16.ce.gov.br\/hsm\/\",\"name\":\"HSM\",\"description\":\"Portal HSM\",\"potentialAction\":[{\"@type\":\"SearchAction\",\"target\":{\"@type\":\"EntryPoint\",\"urlTemplate\":\"https:\/\/ww16.ce.gov.br\/hsm\/?s={search_term_string}\"},\"query-input\":{\"@type\":\"PropertyValueSpecification\",\"valueRequired\":true,\"valueName\":\"search_term_string\"}}],\"inLanguage\":\"pt-BR\"}]}<\/script>\n<!-- \/ Yoast SEO plugin. -->","yoast_head_json":{"title":"Pesquisa - HSM","robots":{"index":"index","follow":"follow","max-snippet":"max-snippet:-1","max-image-preview":"max-image-preview:large","max-video-preview":"max-video-preview:-1"},"canonical":"https:\/\/ww16.ce.gov.br\/hsm\/ensino-e-pesquisa\/projeto-de-pesquisa\/","og_locale":"pt_BR","og_type":"article","og_title":"Pesquisa - HSM","og_description":"Submiss\u00e3o de Projeto de Pesquisa link: https:\/\/forms.gle\/DhWS3YrAgEQiU6tSA Prezado(a) Pesquisador(a), Esperamos que esta mensagem o encontre bem. Nessa aba voc\u00ea encontrar\u00e1 o formul\u00e1rio de submiss\u00e3o de projeto de pesquisa, que cont\u00e9m todas as instru\u00e7\u00f5es necess\u00e1rias para o correto preenchimento. Pedimos que a leitura seja feita com aten\u00e7\u00e3o e que o preenchimento siga rigorosamente as orienta\u00e7\u00f5es indicadas.Em [&hellip;]","og_url":"https:\/\/ww16.ce.gov.br\/hsm\/ensino-e-pesquisa\/projeto-de-pesquisa\/","og_site_name":"HSM","article_modified_time":"2026-05-11T14:32:01+00:00","twitter_card":"summary_large_image","twitter_misc":{"Est. reading time":"1 minuto"},"schema":{"@context":"https:\/\/schema.org","@graph":[{"@type":"WebPage","@id":"https:\/\/ww16.ce.gov.br\/hsm\/ensino-e-pesquisa\/projeto-de-pesquisa\/","url":"https:\/\/ww16.ce.gov.br\/hsm\/ensino-e-pesquisa\/projeto-de-pesquisa\/","name":"Pesquisa - HSM","isPartOf":{"@id":"https:\/\/ww16.ce.gov.br\/hsm\/#website"},"datePublished":"2025-04-10T16:43:16+00:00","dateModified":"2026-05-11T14:32:01+00:00","breadcrumb":{"@id":"https:\/\/ww16.ce.gov.br\/hsm\/ensino-e-pesquisa\/projeto-de-pesquisa\/#breadcrumb"},"inLanguage":"pt-BR","potentialAction":[{"@type":"ReadAction","target":["https:\/\/ww16.ce.gov.br\/hsm\/ensino-e-pesquisa\/projeto-de-pesquisa\/"]}]},{"@type":"BreadcrumbList","@id":"https:\/\/ww16.ce.gov.br\/hsm\/ensino-e-pesquisa\/projeto-de-pesquisa\/#breadcrumb","itemListElement":[{"@type":"ListItem","position":1,"name":"In\u00edcio","item":"https:\/\/ww16.ce.gov.br\/hsm\/"},{"@type":"ListItem","position":2,"name":"ENSINO E PESQUISA","item":"https:\/\/ww16.ce.gov.br\/hsm\/ensino-e-pesquisa\/"},{"@type":"ListItem","position":3,"name":"Pesquisa"}]},{"@type":"WebSite","@id":"https:\/\/ww16.ce.gov.br\/hsm\/#website","url":"https:\/\/ww16.ce.gov.br\/hsm\/","name":"HSM","description":"Portal HSM","potentialAction":[{"@type":"SearchAction","target":{"@type":"EntryPoint","urlTemplate":"https:\/\/ww16.ce.gov.br\/hsm\/?s={search_term_string}"},"query-input":{"@type":"PropertyValueSpecification","valueRequired":true,"valueName":"search_term_string"}}],"inLanguage":"pt-BR"}]}},"_links":{"self":[{"href":"https:\/\/ww16.ce.gov.br\/hsm\/wp-json\/wp\/v2\/pages\/2697","targetHints":{"allow":["GET"]}}],"collection":[{"href":"https:\/\/ww16.ce.gov.br\/hsm\/wp-json\/wp\/v2\/pages"}],"about":[{"href":"https:\/\/ww16.ce.gov.br\/hsm\/wp-json\/wp\/v2\/types\/page"}],"author":[{"embeddable":true,"href":"https:\/\/ww16.ce.gov.br\/hsm\/wp-json\/wp\/v2\/users\/596"}],"replies":[{"embeddable":true,"href":"https:\/\/ww16.ce.gov.br\/hsm\/wp-json\/wp\/v2\/comments?post=2697"}],"version-history":[{"count":8,"href":"https:\/\/ww16.ce.gov.br\/hsm\/wp-json\/wp\/v2\/pages\/2697\/revisions"}],"predecessor-version":[{"id":3380,"href":"https:\/\/ww16.ce.gov.br\/hsm\/wp-json\/wp\/v2\/pages\/2697\/revisions\/3380"}],"up":[{"embeddable":true,"href":"https:\/\/ww16.ce.gov.br\/hsm\/wp-json\/wp\/v2\/pages\/1114"}],"wp:attachment":[{"href":"https:\/\/ww16.ce.gov.br\/hsm\/wp-json\/wp\/v2\/media?parent=2697"}],"curies":[{"name":"wp","href":"https:\/\/api.w.org\/{rel}","templated":true}]}}