{"id":2132,"date":"2023-08-22T07:52:01","date_gmt":"2023-08-22T10:52:01","guid":{"rendered":"http:\/\/ww16.ce.gov.br\/hsm\/?page_id=2132"},"modified":"2026-05-11T14:08:11","modified_gmt":"2026-05-11T17:08:11","slug":"anais-de-eventos-hsm","status":"publish","type":"page","link":"https:\/\/ww16.ce.gov.br\/hsm\/ensino-e-pesquisa\/anais-de-eventos-hsm\/","title":{"rendered":"Publica\u00e7\u00f5es"},"content":{"rendered":"\n<p><strong>8\u00aa Jornada Cient\u00edfica HSM (2023)<\/strong><\/p>\n\n\n\n<p><a href=\"https:\/\/www.even3.com.br\/anais\/viii-jc-hsm\/\">https:\/\/www.even3.com.br\/anais\/viii-jc-hsm\/<\/a><\/p>\n\n\n\n<p><strong>\u00a0\u00a09\u00aa Jornada Cient\u00edfica do HSM (2025)<\/strong><br><a href=\"https:\/\/www.even3.com.br\/anais\/9-jornada-cientifica-do-hsm-re-evolucao-digital-desafios-e-possibilidades-na-saude-mental-690867\">https:\/\/www.even3.com.br\/anais\/9-jornada-cientifica-do-hsm-re-evolucao-digital-desafios-e-possibilidades-na-saude-mental-690867<\/a><\/p>\n\n\n\n<p><strong>Livro Pr\u00e1ticas em Sa\u00fade Mental em Pauta<\/strong><br><a href=\"https:\/\/ampllaeditora.com.br\/books\/2022\/05\/PraticasdeSaudeMentalemPauta.pdf\">https:\/\/ampllaeditora.com.br\/books\/2022\/05\/PraticasdeSaudeMentalemPauta.pdf<\/a><\/p>\n\n\n\n<p><strong>Livro Sa\u00fade Mental: Um Olhar Multidisciplinar do Cuidado<\/strong><br><a href=\"https:\/\/ampllaeditora.com.br\/books\/2024\/01\/SaudeMentalCuidado.pdf\">https:\/\/ampllaeditora.com.br\/books\/2024\/01\/SaudeMentalCuidado.pdf<\/a><\/p>\n\n\n\n<p><strong>Livro Desafios e Perspectivas na Sa\u00fade Mental (2024)<\/strong><br><a href=\"https:\/\/www.saude.ce.gov.br\/wp-content\/uploads\/sites\/9\/2025\/01\/Desafios-e-Perspectivas-na-Saude-Mental-HSM.pdf\">https:\/\/www.saude.ce.gov.br\/wp-content\/uploads\/sites\/9\/2025\/01\/Desafios-e-Perspectivas-na-Saude-Mental-HSM.pdf<\/a><\/p>\n\n\n\n<p><strong>Revista Di\u00e1logos Interdisciplinares em Psiquiatria e Sa\u00fade Mental &#8211; Viv\u00eancias, Pr\u00e1ticas e Pesquisas sobre o Cuidado em Sa\u00fade Mental no Hospital de Sa\u00fade Mental Professor Frota Pinto<\/strong><br><a href=\"https:\/\/revistas.uece.br\/index.php\/dipsm\">https:\/\/revistas.uece.br\/index.php\/dipsm<\/a><\/p>\n\n\n\n<p><\/p>\n","protected":false},"excerpt":{"rendered":"<p>8\u00aa Jornada Cient\u00edfica HSM (2023) https:\/\/www.even3.com.br\/anais\/viii-jc-hsm\/ \u00a0\u00a09\u00aa Jornada Cient\u00edfica do HSM (2025)https:\/\/www.even3.com.br\/anais\/9-jornada-cientifica-do-hsm-re-evolucao-digital-desafios-e-possibilidades-na-saude-mental-690867 Livro Pr\u00e1ticas em Sa\u00fade Mental em Pautahttps:\/\/ampllaeditora.com.br\/books\/2022\/05\/PraticasdeSaudeMentalemPauta.pdf Livro Sa\u00fade Mental: Um Olhar Multidisciplinar do Cuidadohttps:\/\/ampllaeditora.com.br\/books\/2024\/01\/SaudeMentalCuidado.pdf Livro Desafios e Perspectivas na Sa\u00fade Mental (2024)https:\/\/www.saude.ce.gov.br\/wp-content\/uploads\/sites\/9\/2025\/01\/Desafios-e-Perspectivas-na-Saude-Mental-HSM.pdf Revista Di\u00e1logos Interdisciplinares em Psiquiatria e Sa\u00fade Mental &#8211; Viv\u00eancias, Pr\u00e1ticas e Pesquisas sobre o Cuidado em Sa\u00fade Mental no [&hellip;]<\/p>\n","protected":false},"author":596,"featured_media":0,"parent":1114,"menu_order":0,"comment_status":"closed","ping_status":"closed","template":"","meta":{"_acf_changed":false,"inline_featured_image":false,"footnotes":""},"class_list":["post-2132","page","type-page","status-publish","hentry"],"acf":[],"yoast_head":"<!-- This site is optimized with the Yoast SEO plugin v26.9 - https:\/\/yoast.com\/product\/yoast-seo-wordpress\/ -->\n<title>Publica\u00e7\u00f5es - HSM<\/title>\n<meta name=\"robots\" content=\"index, follow, max-snippet:-1, max-image-preview:large, max-video-preview:-1\" \/>\n<link rel=\"canonical\" href=\"https:\/\/ww16.ce.gov.br\/hsm\/ensino-e-pesquisa\/anais-de-eventos-hsm\/\" \/>\n<meta property=\"og:locale\" content=\"pt_BR\" \/>\n<meta property=\"og:type\" content=\"article\" \/>\n<meta property=\"og:title\" content=\"Publica\u00e7\u00f5es - HSM\" \/>\n<meta property=\"og:description\" content=\"8\u00aa Jornada Cient\u00edfica HSM (2023) https:\/\/www.even3.com.br\/anais\/viii-jc-hsm\/ \u00a0\u00a09\u00aa Jornada Cient\u00edfica do HSM (2025)https:\/\/www.even3.com.br\/anais\/9-jornada-cientifica-do-hsm-re-evolucao-digital-desafios-e-possibilidades-na-saude-mental-690867 Livro Pr\u00e1ticas em Sa\u00fade Mental em Pautahttps:\/\/ampllaeditora.com.br\/books\/2022\/05\/PraticasdeSaudeMentalemPauta.pdf Livro Sa\u00fade Mental: Um Olhar Multidisciplinar do Cuidadohttps:\/\/ampllaeditora.com.br\/books\/2024\/01\/SaudeMentalCuidado.pdf Livro Desafios e Perspectivas na Sa\u00fade Mental (2024)https:\/\/www.saude.ce.gov.br\/wp-content\/uploads\/sites\/9\/2025\/01\/Desafios-e-Perspectivas-na-Saude-Mental-HSM.pdf Revista Di\u00e1logos Interdisciplinares em Psiquiatria e Sa\u00fade Mental &#8211; Viv\u00eancias, Pr\u00e1ticas e Pesquisas sobre o Cuidado em Sa\u00fade Mental no [&hellip;]\" \/>\n<meta property=\"og:url\" content=\"https:\/\/ww16.ce.gov.br\/hsm\/ensino-e-pesquisa\/anais-de-eventos-hsm\/\" \/>\n<meta property=\"og:site_name\" content=\"HSM\" \/>\n<meta property=\"article:modified_time\" content=\"2026-05-11T17:08:11+00:00\" \/>\n<meta name=\"twitter:card\" content=\"summary_large_image\" \/>\n<meta name=\"twitter:label1\" content=\"Est. reading time\" \/>\n\t<meta name=\"twitter:data1\" content=\"1 minuto\" \/>\n<script type=\"application\/ld+json\" class=\"yoast-schema-graph\">{\"@context\":\"https:\/\/schema.org\",\"@graph\":[{\"@type\":\"WebPage\",\"@id\":\"https:\/\/ww16.ce.gov.br\/hsm\/ensino-e-pesquisa\/anais-de-eventos-hsm\/\",\"url\":\"https:\/\/ww16.ce.gov.br\/hsm\/ensino-e-pesquisa\/anais-de-eventos-hsm\/\",\"name\":\"Publica\u00e7\u00f5es - HSM\",\"isPartOf\":{\"@id\":\"https:\/\/ww16.ce.gov.br\/hsm\/#website\"},\"datePublished\":\"2023-08-22T10:52:01+00:00\",\"dateModified\":\"2026-05-11T17:08:11+00:00\",\"breadcrumb\":{\"@id\":\"https:\/\/ww16.ce.gov.br\/hsm\/ensino-e-pesquisa\/anais-de-eventos-hsm\/#breadcrumb\"},\"inLanguage\":\"pt-BR\",\"potentialAction\":[{\"@type\":\"ReadAction\",\"target\":[\"https:\/\/ww16.ce.gov.br\/hsm\/ensino-e-pesquisa\/anais-de-eventos-hsm\/\"]}]},{\"@type\":\"BreadcrumbList\",\"@id\":\"https:\/\/ww16.ce.gov.br\/hsm\/ensino-e-pesquisa\/anais-de-eventos-hsm\/#breadcrumb\",\"itemListElement\":[{\"@type\":\"ListItem\",\"position\":1,\"name\":\"In\u00edcio\",\"item\":\"https:\/\/ww16.ce.gov.br\/hsm\/\"},{\"@type\":\"ListItem\",\"position\":2,\"name\":\"ENSINO E PESQUISA\",\"item\":\"https:\/\/ww16.ce.gov.br\/hsm\/ensino-e-pesquisa\/\"},{\"@type\":\"ListItem\",\"position\":3,\"name\":\"Publica\u00e7\u00f5es\"}]},{\"@type\":\"WebSite\",\"@id\":\"https:\/\/ww16.ce.gov.br\/hsm\/#website\",\"url\":\"https:\/\/ww16.ce.gov.br\/hsm\/\",\"name\":\"HSM\",\"description\":\"Portal HSM\",\"potentialAction\":[{\"@type\":\"SearchAction\",\"target\":{\"@type\":\"EntryPoint\",\"urlTemplate\":\"https:\/\/ww16.ce.gov.br\/hsm\/?s={search_term_string}\"},\"query-input\":{\"@type\":\"PropertyValueSpecification\",\"valueRequired\":true,\"valueName\":\"search_term_string\"}}],\"inLanguage\":\"pt-BR\"}]}<\/script>\n<!-- \/ Yoast SEO plugin. -->","yoast_head_json":{"title":"Publica\u00e7\u00f5es - HSM","robots":{"index":"index","follow":"follow","max-snippet":"max-snippet:-1","max-image-preview":"max-image-preview:large","max-video-preview":"max-video-preview:-1"},"canonical":"https:\/\/ww16.ce.gov.br\/hsm\/ensino-e-pesquisa\/anais-de-eventos-hsm\/","og_locale":"pt_BR","og_type":"article","og_title":"Publica\u00e7\u00f5es - HSM","og_description":"8\u00aa Jornada Cient\u00edfica HSM (2023) https:\/\/www.even3.com.br\/anais\/viii-jc-hsm\/ \u00a0\u00a09\u00aa Jornada Cient\u00edfica do HSM (2025)https:\/\/www.even3.com.br\/anais\/9-jornada-cientifica-do-hsm-re-evolucao-digital-desafios-e-possibilidades-na-saude-mental-690867 Livro Pr\u00e1ticas em Sa\u00fade Mental em Pautahttps:\/\/ampllaeditora.com.br\/books\/2022\/05\/PraticasdeSaudeMentalemPauta.pdf Livro Sa\u00fade Mental: Um Olhar Multidisciplinar do Cuidadohttps:\/\/ampllaeditora.com.br\/books\/2024\/01\/SaudeMentalCuidado.pdf Livro Desafios e Perspectivas na Sa\u00fade Mental (2024)https:\/\/www.saude.ce.gov.br\/wp-content\/uploads\/sites\/9\/2025\/01\/Desafios-e-Perspectivas-na-Saude-Mental-HSM.pdf Revista Di\u00e1logos Interdisciplinares em Psiquiatria e Sa\u00fade Mental &#8211; Viv\u00eancias, Pr\u00e1ticas e Pesquisas sobre o Cuidado em Sa\u00fade Mental no [&hellip;]","og_url":"https:\/\/ww16.ce.gov.br\/hsm\/ensino-e-pesquisa\/anais-de-eventos-hsm\/","og_site_name":"HSM","article_modified_time":"2026-05-11T17:08:11+00:00","twitter_card":"summary_large_image","twitter_misc":{"Est. reading time":"1 minuto"},"schema":{"@context":"https:\/\/schema.org","@graph":[{"@type":"WebPage","@id":"https:\/\/ww16.ce.gov.br\/hsm\/ensino-e-pesquisa\/anais-de-eventos-hsm\/","url":"https:\/\/ww16.ce.gov.br\/hsm\/ensino-e-pesquisa\/anais-de-eventos-hsm\/","name":"Publica\u00e7\u00f5es - HSM","isPartOf":{"@id":"https:\/\/ww16.ce.gov.br\/hsm\/#website"},"datePublished":"2023-08-22T10:52:01+00:00","dateModified":"2026-05-11T17:08:11+00:00","breadcrumb":{"@id":"https:\/\/ww16.ce.gov.br\/hsm\/ensino-e-pesquisa\/anais-de-eventos-hsm\/#breadcrumb"},"inLanguage":"pt-BR","potentialAction":[{"@type":"ReadAction","target":["https:\/\/ww16.ce.gov.br\/hsm\/ensino-e-pesquisa\/anais-de-eventos-hsm\/"]}]},{"@type":"BreadcrumbList","@id":"https:\/\/ww16.ce.gov.br\/hsm\/ensino-e-pesquisa\/anais-de-eventos-hsm\/#breadcrumb","itemListElement":[{"@type":"ListItem","position":1,"name":"In\u00edcio","item":"https:\/\/ww16.ce.gov.br\/hsm\/"},{"@type":"ListItem","position":2,"name":"ENSINO E PESQUISA","item":"https:\/\/ww16.ce.gov.br\/hsm\/ensino-e-pesquisa\/"},{"@type":"ListItem","position":3,"name":"Publica\u00e7\u00f5es"}]},{"@type":"WebSite","@id":"https:\/\/ww16.ce.gov.br\/hsm\/#website","url":"https:\/\/ww16.ce.gov.br\/hsm\/","name":"HSM","description":"Portal HSM","potentialAction":[{"@type":"SearchAction","target":{"@type":"EntryPoint","urlTemplate":"https:\/\/ww16.ce.gov.br\/hsm\/?s={search_term_string}"},"query-input":{"@type":"PropertyValueSpecification","valueRequired":true,"valueName":"search_term_string"}}],"inLanguage":"pt-BR"}]}},"_links":{"self":[{"href":"https:\/\/ww16.ce.gov.br\/hsm\/wp-json\/wp\/v2\/pages\/2132","targetHints":{"allow":["GET"]}}],"collection":[{"href":"https:\/\/ww16.ce.gov.br\/hsm\/wp-json\/wp\/v2\/pages"}],"about":[{"href":"https:\/\/ww16.ce.gov.br\/hsm\/wp-json\/wp\/v2\/types\/page"}],"author":[{"embeddable":true,"href":"https:\/\/ww16.ce.gov.br\/hsm\/wp-json\/wp\/v2\/users\/596"}],"replies":[{"embeddable":true,"href":"https:\/\/ww16.ce.gov.br\/hsm\/wp-json\/wp\/v2\/comments?post=2132"}],"version-history":[{"count":10,"href":"https:\/\/ww16.ce.gov.br\/hsm\/wp-json\/wp\/v2\/pages\/2132\/revisions"}],"predecessor-version":[{"id":3379,"href":"https:\/\/ww16.ce.gov.br\/hsm\/wp-json\/wp\/v2\/pages\/2132\/revisions\/3379"}],"up":[{"embeddable":true,"href":"https:\/\/ww16.ce.gov.br\/hsm\/wp-json\/wp\/v2\/pages\/1114"}],"wp:attachment":[{"href":"https:\/\/ww16.ce.gov.br\/hsm\/wp-json\/wp\/v2\/media?parent=2132"}],"curies":[{"name":"wp","href":"https:\/\/api.w.org\/{rel}","templated":true}]}}