{"id":1183,"date":"2021-10-05T08:50:43","date_gmt":"2021-10-05T11:50:43","guid":{"rendered":"http:\/\/www.hsmm.ce.gov.br\/?page_id=1183"},"modified":"2021-10-22T14:03:41","modified_gmt":"2021-10-22T17:03:41","slug":"residencia-medica","status":"publish","type":"page","link":"https:\/\/ww16.ce.gov.br\/hsm\/residencia-medica\/","title":{"rendered":"Programa de Resid\u00eancia M\u00e9dica em Psiquiatria"},"content":{"rendered":"<p>&nbsp;<\/p>\n<p>O Programa de Resid\u00eancia M\u00e9dica em Psiquiatria do Hospital de Sa\u00fade Mental Professor Frota Pinto \u00e9 atualmente refer\u00eancia no norte e nordeste na forma\u00e7\u00e3o de m\u00e9dicos psiquiatras de excel\u00eancia, cumprindo todos os preceitos definidos pela Comiss\u00e3o Nacional de Resid\u00eancia M\u00e9dica (CNRM\/MEC) e a Comiss\u00e3o Estadual de Resid\u00eancias.<\/p>\n<p>&nbsp;<\/p>\n<p>A institui\u00e7\u00e3o tem como objetivo por meio desse programa, capacitar m\u00e9dicos a todas as compet\u00eancias necess\u00e1rias para o tratamento e acompanhamento dos mais diversos transtornos psiqui\u00e1tricos presentes, permitindo ao m\u00e9dico se tornar um especialista capaz de atuar no cuidado ao paciente, sempre respeitando os preceitos b\u00e1sicos de sa\u00fade e da institui\u00e7\u00e3o.<\/p>\n<p>&nbsp;<\/p>\n<p>S\u00e3o 32 vagas disponibilizadas anualmente pelo programa, assim distribu\u00eddas: 10 vagas para R1, 10 vagas para R2, 10 vagas para R3 e 2 vagas para R4 (estas \u00faltimas para a atua\u00e7\u00e3o em Psiquiatria da Inf\u00e2ncia e Adolesc\u00eancia). Atualmente, a Escola de Sa\u00fade P\u00fablica do Cear\u00e1 \u2013 ESP-CE \u00e9 respons\u00e1vel pelo exame de sele\u00e7\u00e3o dos candidatos, estabelecendo os crit\u00e9rios de preenchimento das vagas por meio de Edital publicado no Di\u00e1rio Oficial do Estado do Cear\u00e1 (DOE).<\/p>\n","protected":false},"excerpt":{"rendered":"<p>&nbsp; O Programa de Resid\u00eancia M\u00e9dica em Psiquiatria do Hospital de Sa\u00fade Mental Professor Frota Pinto \u00e9 atualmente refer\u00eancia no norte e nordeste na forma\u00e7\u00e3o de m\u00e9dicos psiquiatras de excel\u00eancia, cumprindo todos os preceitos definidos pela Comiss\u00e3o Nacional de Resid\u00eancia M\u00e9dica (CNRM\/MEC) e a Comiss\u00e3o Estadual de Resid\u00eancias. &nbsp; A institui\u00e7\u00e3o tem como objetivo por [&hellip;]<\/p>\n","protected":false},"author":498,"featured_media":0,"parent":0,"menu_order":0,"comment_status":"closed","ping_status":"closed","template":"","meta":{"_acf_changed":false,"inline_featured_image":false,"footnotes":""},"class_list":["post-1183","page","type-page","status-publish","hentry"],"acf":[],"yoast_head":"<!-- This site is optimized with the Yoast SEO plugin v26.9 - https:\/\/yoast.com\/product\/yoast-seo-wordpress\/ -->\n<title>Programa de Resid\u00eancia M\u00e9dica em Psiquiatria - HSM<\/title>\n<meta name=\"robots\" content=\"index, follow, max-snippet:-1, max-image-preview:large, max-video-preview:-1\" \/>\n<link rel=\"canonical\" href=\"https:\/\/ww16.ce.gov.br\/hsm\/residencia-medica\/\" \/>\n<meta property=\"og:locale\" content=\"pt_BR\" \/>\n<meta property=\"og:type\" content=\"article\" \/>\n<meta property=\"og:title\" content=\"Programa de Resid\u00eancia M\u00e9dica em Psiquiatria - HSM\" \/>\n<meta property=\"og:description\" content=\"&nbsp; O Programa de Resid\u00eancia M\u00e9dica em Psiquiatria do Hospital de Sa\u00fade Mental Professor Frota Pinto \u00e9 atualmente refer\u00eancia no norte e nordeste na forma\u00e7\u00e3o de m\u00e9dicos psiquiatras de excel\u00eancia, cumprindo todos os preceitos definidos pela Comiss\u00e3o Nacional de Resid\u00eancia M\u00e9dica (CNRM\/MEC) e a Comiss\u00e3o Estadual de Resid\u00eancias. &nbsp; A institui\u00e7\u00e3o tem como objetivo por [&hellip;]\" \/>\n<meta property=\"og:url\" content=\"https:\/\/ww16.ce.gov.br\/hsm\/residencia-medica\/\" \/>\n<meta property=\"og:site_name\" content=\"HSM\" \/>\n<meta property=\"article:modified_time\" content=\"2021-10-22T17:03:41+00:00\" \/>\n<meta name=\"twitter:card\" content=\"summary_large_image\" \/>\n<meta name=\"twitter:label1\" content=\"Est. reading time\" \/>\n\t<meta name=\"twitter:data1\" content=\"1 minuto\" \/>\n<script type=\"application\/ld+json\" class=\"yoast-schema-graph\">{\"@context\":\"https:\/\/schema.org\",\"@graph\":[{\"@type\":\"WebPage\",\"@id\":\"https:\/\/ww16.ce.gov.br\/hsm\/residencia-medica\/\",\"url\":\"https:\/\/ww16.ce.gov.br\/hsm\/residencia-medica\/\",\"name\":\"Programa de Resid\u00eancia M\u00e9dica em Psiquiatria - HSM\",\"isPartOf\":{\"@id\":\"https:\/\/ww16.ce.gov.br\/hsm\/#website\"},\"datePublished\":\"2021-10-05T11:50:43+00:00\",\"dateModified\":\"2021-10-22T17:03:41+00:00\",\"breadcrumb\":{\"@id\":\"https:\/\/ww16.ce.gov.br\/hsm\/residencia-medica\/#breadcrumb\"},\"inLanguage\":\"pt-BR\",\"potentialAction\":[{\"@type\":\"ReadAction\",\"target\":[\"https:\/\/ww16.ce.gov.br\/hsm\/residencia-medica\/\"]}]},{\"@type\":\"BreadcrumbList\",\"@id\":\"https:\/\/ww16.ce.gov.br\/hsm\/residencia-medica\/#breadcrumb\",\"itemListElement\":[{\"@type\":\"ListItem\",\"position\":1,\"name\":\"In\u00edcio\",\"item\":\"https:\/\/ww16.ce.gov.br\/hsm\/\"},{\"@type\":\"ListItem\",\"position\":2,\"name\":\"Programa de Resid\u00eancia M\u00e9dica em Psiquiatria\"}]},{\"@type\":\"WebSite\",\"@id\":\"https:\/\/ww16.ce.gov.br\/hsm\/#website\",\"url\":\"https:\/\/ww16.ce.gov.br\/hsm\/\",\"name\":\"HSM\",\"description\":\"Portal HSM\",\"potentialAction\":[{\"@type\":\"SearchAction\",\"target\":{\"@type\":\"EntryPoint\",\"urlTemplate\":\"https:\/\/ww16.ce.gov.br\/hsm\/?s={search_term_string}\"},\"query-input\":{\"@type\":\"PropertyValueSpecification\",\"valueRequired\":true,\"valueName\":\"search_term_string\"}}],\"inLanguage\":\"pt-BR\"}]}<\/script>\n<!-- \/ Yoast SEO plugin. -->","yoast_head_json":{"title":"Programa de Resid\u00eancia M\u00e9dica em Psiquiatria - HSM","robots":{"index":"index","follow":"follow","max-snippet":"max-snippet:-1","max-image-preview":"max-image-preview:large","max-video-preview":"max-video-preview:-1"},"canonical":"https:\/\/ww16.ce.gov.br\/hsm\/residencia-medica\/","og_locale":"pt_BR","og_type":"article","og_title":"Programa de Resid\u00eancia M\u00e9dica em Psiquiatria - HSM","og_description":"&nbsp; O Programa de Resid\u00eancia M\u00e9dica em Psiquiatria do Hospital de Sa\u00fade Mental Professor Frota Pinto \u00e9 atualmente refer\u00eancia no norte e nordeste na forma\u00e7\u00e3o de m\u00e9dicos psiquiatras de excel\u00eancia, cumprindo todos os preceitos definidos pela Comiss\u00e3o Nacional de Resid\u00eancia M\u00e9dica (CNRM\/MEC) e a Comiss\u00e3o Estadual de Resid\u00eancias. &nbsp; A institui\u00e7\u00e3o tem como objetivo por [&hellip;]","og_url":"https:\/\/ww16.ce.gov.br\/hsm\/residencia-medica\/","og_site_name":"HSM","article_modified_time":"2021-10-22T17:03:41+00:00","twitter_card":"summary_large_image","twitter_misc":{"Est. reading time":"1 minuto"},"schema":{"@context":"https:\/\/schema.org","@graph":[{"@type":"WebPage","@id":"https:\/\/ww16.ce.gov.br\/hsm\/residencia-medica\/","url":"https:\/\/ww16.ce.gov.br\/hsm\/residencia-medica\/","name":"Programa de Resid\u00eancia M\u00e9dica em Psiquiatria - HSM","isPartOf":{"@id":"https:\/\/ww16.ce.gov.br\/hsm\/#website"},"datePublished":"2021-10-05T11:50:43+00:00","dateModified":"2021-10-22T17:03:41+00:00","breadcrumb":{"@id":"https:\/\/ww16.ce.gov.br\/hsm\/residencia-medica\/#breadcrumb"},"inLanguage":"pt-BR","potentialAction":[{"@type":"ReadAction","target":["https:\/\/ww16.ce.gov.br\/hsm\/residencia-medica\/"]}]},{"@type":"BreadcrumbList","@id":"https:\/\/ww16.ce.gov.br\/hsm\/residencia-medica\/#breadcrumb","itemListElement":[{"@type":"ListItem","position":1,"name":"In\u00edcio","item":"https:\/\/ww16.ce.gov.br\/hsm\/"},{"@type":"ListItem","position":2,"name":"Programa de Resid\u00eancia M\u00e9dica em Psiquiatria"}]},{"@type":"WebSite","@id":"https:\/\/ww16.ce.gov.br\/hsm\/#website","url":"https:\/\/ww16.ce.gov.br\/hsm\/","name":"HSM","description":"Portal HSM","potentialAction":[{"@type":"SearchAction","target":{"@type":"EntryPoint","urlTemplate":"https:\/\/ww16.ce.gov.br\/hsm\/?s={search_term_string}"},"query-input":{"@type":"PropertyValueSpecification","valueRequired":true,"valueName":"search_term_string"}}],"inLanguage":"pt-BR"}]}},"_links":{"self":[{"href":"https:\/\/ww16.ce.gov.br\/hsm\/wp-json\/wp\/v2\/pages\/1183","targetHints":{"allow":["GET"]}}],"collection":[{"href":"https:\/\/ww16.ce.gov.br\/hsm\/wp-json\/wp\/v2\/pages"}],"about":[{"href":"https:\/\/ww16.ce.gov.br\/hsm\/wp-json\/wp\/v2\/types\/page"}],"author":[{"embeddable":true,"href":"https:\/\/ww16.ce.gov.br\/hsm\/wp-json\/wp\/v2\/users\/498"}],"replies":[{"embeddable":true,"href":"https:\/\/ww16.ce.gov.br\/hsm\/wp-json\/wp\/v2\/comments?post=1183"}],"version-history":[{"count":4,"href":"https:\/\/ww16.ce.gov.br\/hsm\/wp-json\/wp\/v2\/pages\/1183\/revisions"}],"predecessor-version":[{"id":1307,"href":"https:\/\/ww16.ce.gov.br\/hsm\/wp-json\/wp\/v2\/pages\/1183\/revisions\/1307"}],"wp:attachment":[{"href":"https:\/\/ww16.ce.gov.br\/hsm\/wp-json\/wp\/v2\/media?parent=1183"}],"curies":[{"name":"wp","href":"https:\/\/api.w.org\/{rel}","templated":true}]}}