{"id":1114,"date":"2021-09-28T09:41:50","date_gmt":"2021-09-28T12:41:50","guid":{"rendered":"http:\/\/www.hsmm.ce.gov.br\/?page_id=1114"},"modified":"2026-02-25T10:14:43","modified_gmt":"2026-02-25T13:14:43","slug":"ensino-e-pesquisa","status":"publish","type":"page","link":"https:\/\/ww16.ce.gov.br\/hsm\/ensino-e-pesquisa\/","title":{"rendered":"ENSINO E PESQUISA"},"content":{"rendered":"\n<p class=\"has-vivid-cyan-blue-color has-text-color has-link-color wp-elements-05632029db11419b895fe2527d27a9af\"><\/p>\n\n\n\n<h2 class=\"wp-block-heading\">Pesquisa<\/h2>\n\n\n\n<p>Prezado(a) Pesquisador(a), <br>Esperamos que esta mensagem o encontre bem. Nessa aba voc\u00ea encontrar\u00e1 o formul\u00e1rio de submiss\u00e3o de projeto de pesquisa, que cont\u00e9m todas as instru\u00e7\u00f5es necess\u00e1rias para o correto preenchimento. Pedimos que a leitura seja feita com aten\u00e7\u00e3o e que o preenchimento siga rigorosamente as orienta\u00e7\u00f5es indicadas. Em caso de d\u00favidas quanto ao fluxo de tramita\u00e7\u00e3o ou aos prazos para retorno da avalia\u00e7\u00e3o, orientamos a consulta ao documento <strong>\u201cFluxo de Submiss\u00e3o de Projeto de Pesquisa\u201d<\/strong>, dispon\u00edvel para acesso na mesma aba. <\/p>\n\n\n\n<p>Em caso de d\u00favidas, ficamos \u00e0 disposi\u00e7\u00e3o para eventuais esclarecimentos pelo e-mail oficial: <strong>ceap@hsm.ce.gov.br<\/strong><\/p>\n\n\n\n<p><strong>Formul\u00e1rio: <\/strong>https:\/\/docs.google.com\/forms\/d\/e\/1FAIpQLSeqru7Lpf0hBJhTSMINtyhjTsWPk_vMXtKsfzsZhPw3ErkVMQ\/viewform<\/p>\n\n\n\n<p><strong>Anexo do fluxo de pesquisa<\/strong><\/p>\n\n\n\n<p>Modelos de documentos, com a seguinte observa\u00e7\u00e3o: \u201cEste \u00e9 um modelo de TCLE padr\u00e3o. Caso haja alguma interven\u00e7\u00e3o mais invasiva, esta deve ser considerada e explicados os riscos e benef\u00edcios no termo.<\/p>\n\n\n\n<p><strong>Modelos de projeto de pesquisa<\/strong><\/p>\n\n\n\n<p><strong>Submiss\u00e3o<\/strong>: <strong>Cadastro de Pesquisa 2026<\/strong><\/p>\n\n\n\n<p><strong>Formul\u00e1rio:<\/strong><br>https:\/\/docs.google.com\/forms\/d\/e\/1FAIpQLSfYJ_zvUaRxKFOhifGzI0lfYEQFQGLnepeqXfa7BYWkPB-6Yg\/viewform<\/p>\n\n\n\n<p>\u201cPrezado colaborador do Hospital de Sa\u00fade Mental Professor Frota Pinto, por favor, preencha o formul\u00e1rio com as informa\u00e7\u00f5es dos seus trabalhos que foram publicados durante o ano de 2026.<br>Obs.: dever\u00e1 ser enviado um formul\u00e1rio para cada obra publicada.<br>Desde j\u00e1 agradecemos sua contribui\u00e7\u00e3o.\u201d<\/p>\n\n\n\n<p><\/p>\n\n\n\n<p><strong>Comit\u00ea de \u00c9tica em Pesquisa<\/strong><\/p>\n","protected":false},"excerpt":{"rendered":"<p>Pesquisa Prezado(a) Pesquisador(a), Esperamos que esta mensagem o encontre bem. Nessa aba voc\u00ea encontrar\u00e1 o formul\u00e1rio de submiss\u00e3o de projeto de pesquisa, que cont\u00e9m todas as instru\u00e7\u00f5es necess\u00e1rias para o correto preenchimento. Pedimos que a leitura seja feita com aten\u00e7\u00e3o e que o preenchimento siga rigorosamente as orienta\u00e7\u00f5es indicadas. Em caso de d\u00favidas quanto ao [&hellip;]<\/p>\n","protected":false},"author":498,"featured_media":0,"parent":0,"menu_order":0,"comment_status":"closed","ping_status":"closed","template":"","meta":{"_acf_changed":false,"inline_featured_image":false,"footnotes":""},"class_list":["post-1114","page","type-page","status-publish","hentry"],"acf":[],"yoast_head":"<!-- This site is optimized with the Yoast SEO plugin v26.9 - https:\/\/yoast.com\/product\/yoast-seo-wordpress\/ -->\n<title>ENSINO E PESQUISA - HSM<\/title>\n<meta name=\"robots\" content=\"index, follow, max-snippet:-1, max-image-preview:large, max-video-preview:-1\" \/>\n<link rel=\"canonical\" href=\"https:\/\/ww16.ce.gov.br\/hsm\/ensino-e-pesquisa\/\" \/>\n<meta property=\"og:locale\" content=\"pt_BR\" \/>\n<meta property=\"og:type\" content=\"article\" \/>\n<meta property=\"og:title\" content=\"ENSINO E PESQUISA - HSM\" \/>\n<meta property=\"og:description\" content=\"Pesquisa Prezado(a) Pesquisador(a), Esperamos que esta mensagem o encontre bem. Nessa aba voc\u00ea encontrar\u00e1 o formul\u00e1rio de submiss\u00e3o de projeto de pesquisa, que cont\u00e9m todas as instru\u00e7\u00f5es necess\u00e1rias para o correto preenchimento. Pedimos que a leitura seja feita com aten\u00e7\u00e3o e que o preenchimento siga rigorosamente as orienta\u00e7\u00f5es indicadas. Em caso de d\u00favidas quanto ao [&hellip;]\" \/>\n<meta property=\"og:url\" content=\"https:\/\/ww16.ce.gov.br\/hsm\/ensino-e-pesquisa\/\" \/>\n<meta property=\"og:site_name\" content=\"HSM\" \/>\n<meta property=\"article:modified_time\" content=\"2026-02-25T13:14:43+00:00\" \/>\n<meta name=\"twitter:card\" content=\"summary_large_image\" \/>\n<meta name=\"twitter:label1\" content=\"Est. reading time\" \/>\n\t<meta name=\"twitter:data1\" content=\"2 minutos\" \/>\n<script type=\"application\/ld+json\" class=\"yoast-schema-graph\">{\"@context\":\"https:\/\/schema.org\",\"@graph\":[{\"@type\":\"WebPage\",\"@id\":\"https:\/\/ww16.ce.gov.br\/hsm\/ensino-e-pesquisa\/\",\"url\":\"https:\/\/ww16.ce.gov.br\/hsm\/ensino-e-pesquisa\/\",\"name\":\"ENSINO E PESQUISA - HSM\",\"isPartOf\":{\"@id\":\"https:\/\/ww16.ce.gov.br\/hsm\/#website\"},\"datePublished\":\"2021-09-28T12:41:50+00:00\",\"dateModified\":\"2026-02-25T13:14:43+00:00\",\"breadcrumb\":{\"@id\":\"https:\/\/ww16.ce.gov.br\/hsm\/ensino-e-pesquisa\/#breadcrumb\"},\"inLanguage\":\"pt-BR\",\"potentialAction\":[{\"@type\":\"ReadAction\",\"target\":[\"https:\/\/ww16.ce.gov.br\/hsm\/ensino-e-pesquisa\/\"]}]},{\"@type\":\"BreadcrumbList\",\"@id\":\"https:\/\/ww16.ce.gov.br\/hsm\/ensino-e-pesquisa\/#breadcrumb\",\"itemListElement\":[{\"@type\":\"ListItem\",\"position\":1,\"name\":\"In\u00edcio\",\"item\":\"https:\/\/ww16.ce.gov.br\/hsm\/\"},{\"@type\":\"ListItem\",\"position\":2,\"name\":\"ENSINO E PESQUISA\"}]},{\"@type\":\"WebSite\",\"@id\":\"https:\/\/ww16.ce.gov.br\/hsm\/#website\",\"url\":\"https:\/\/ww16.ce.gov.br\/hsm\/\",\"name\":\"HSM\",\"description\":\"Portal HSM\",\"potentialAction\":[{\"@type\":\"SearchAction\",\"target\":{\"@type\":\"EntryPoint\",\"urlTemplate\":\"https:\/\/ww16.ce.gov.br\/hsm\/?s={search_term_string}\"},\"query-input\":{\"@type\":\"PropertyValueSpecification\",\"valueRequired\":true,\"valueName\":\"search_term_string\"}}],\"inLanguage\":\"pt-BR\"}]}<\/script>\n<!-- \/ Yoast SEO plugin. -->","yoast_head_json":{"title":"ENSINO E PESQUISA - HSM","robots":{"index":"index","follow":"follow","max-snippet":"max-snippet:-1","max-image-preview":"max-image-preview:large","max-video-preview":"max-video-preview:-1"},"canonical":"https:\/\/ww16.ce.gov.br\/hsm\/ensino-e-pesquisa\/","og_locale":"pt_BR","og_type":"article","og_title":"ENSINO E PESQUISA - HSM","og_description":"Pesquisa Prezado(a) Pesquisador(a), Esperamos que esta mensagem o encontre bem. Nessa aba voc\u00ea encontrar\u00e1 o formul\u00e1rio de submiss\u00e3o de projeto de pesquisa, que cont\u00e9m todas as instru\u00e7\u00f5es necess\u00e1rias para o correto preenchimento. Pedimos que a leitura seja feita com aten\u00e7\u00e3o e que o preenchimento siga rigorosamente as orienta\u00e7\u00f5es indicadas. Em caso de d\u00favidas quanto ao [&hellip;]","og_url":"https:\/\/ww16.ce.gov.br\/hsm\/ensino-e-pesquisa\/","og_site_name":"HSM","article_modified_time":"2026-02-25T13:14:43+00:00","twitter_card":"summary_large_image","twitter_misc":{"Est. reading time":"2 minutos"},"schema":{"@context":"https:\/\/schema.org","@graph":[{"@type":"WebPage","@id":"https:\/\/ww16.ce.gov.br\/hsm\/ensino-e-pesquisa\/","url":"https:\/\/ww16.ce.gov.br\/hsm\/ensino-e-pesquisa\/","name":"ENSINO E PESQUISA - HSM","isPartOf":{"@id":"https:\/\/ww16.ce.gov.br\/hsm\/#website"},"datePublished":"2021-09-28T12:41:50+00:00","dateModified":"2026-02-25T13:14:43+00:00","breadcrumb":{"@id":"https:\/\/ww16.ce.gov.br\/hsm\/ensino-e-pesquisa\/#breadcrumb"},"inLanguage":"pt-BR","potentialAction":[{"@type":"ReadAction","target":["https:\/\/ww16.ce.gov.br\/hsm\/ensino-e-pesquisa\/"]}]},{"@type":"BreadcrumbList","@id":"https:\/\/ww16.ce.gov.br\/hsm\/ensino-e-pesquisa\/#breadcrumb","itemListElement":[{"@type":"ListItem","position":1,"name":"In\u00edcio","item":"https:\/\/ww16.ce.gov.br\/hsm\/"},{"@type":"ListItem","position":2,"name":"ENSINO E PESQUISA"}]},{"@type":"WebSite","@id":"https:\/\/ww16.ce.gov.br\/hsm\/#website","url":"https:\/\/ww16.ce.gov.br\/hsm\/","name":"HSM","description":"Portal HSM","potentialAction":[{"@type":"SearchAction","target":{"@type":"EntryPoint","urlTemplate":"https:\/\/ww16.ce.gov.br\/hsm\/?s={search_term_string}"},"query-input":{"@type":"PropertyValueSpecification","valueRequired":true,"valueName":"search_term_string"}}],"inLanguage":"pt-BR"}]}},"_links":{"self":[{"href":"https:\/\/ww16.ce.gov.br\/hsm\/wp-json\/wp\/v2\/pages\/1114","targetHints":{"allow":["GET"]}}],"collection":[{"href":"https:\/\/ww16.ce.gov.br\/hsm\/wp-json\/wp\/v2\/pages"}],"about":[{"href":"https:\/\/ww16.ce.gov.br\/hsm\/wp-json\/wp\/v2\/types\/page"}],"author":[{"embeddable":true,"href":"https:\/\/ww16.ce.gov.br\/hsm\/wp-json\/wp\/v2\/users\/498"}],"replies":[{"embeddable":true,"href":"https:\/\/ww16.ce.gov.br\/hsm\/wp-json\/wp\/v2\/comments?post=1114"}],"version-history":[{"count":2,"href":"https:\/\/ww16.ce.gov.br\/hsm\/wp-json\/wp\/v2\/pages\/1114\/revisions"}],"predecessor-version":[{"id":3093,"href":"https:\/\/ww16.ce.gov.br\/hsm\/wp-json\/wp\/v2\/pages\/1114\/revisions\/3093"}],"wp:attachment":[{"href":"https:\/\/ww16.ce.gov.br\/hsm\/wp-json\/wp\/v2\/media?parent=1114"}],"curies":[{"name":"wp","href":"https:\/\/api.w.org\/{rel}","templated":true}]}}