{"id":1107,"date":"2021-09-28T09:22:07","date_gmt":"2021-09-28T12:22:07","guid":{"rendered":"http:\/\/www.hsmm.ce.gov.br\/?page_id=1107"},"modified":"2026-02-27T13:46:30","modified_gmt":"2026-02-27T16:46:30","slug":"comissao-de-controle-de-infeccao-hospitalar-ccih","status":"publish","type":"page","link":"https:\/\/ww16.ce.gov.br\/hsm\/gestao-da-qualidade\/comissao-de-controle-de-infeccao-hospitalar-ccih\/","title":{"rendered":"Comiss\u00e3o de Controle de Infec\u00e7\u00e3o Hospitalar \u2013 CCIH"},"content":{"rendered":"<p style=\"text-align: justify\">A Comiss\u00e3o de Controle de Infec\u00e7\u00e3o Hospitalar (CCIH) do Hospital de Sa\u00fade Mental Professor Frota Pinto (HSM) \u00e9 de natureza t\u00e9cnico-permanente, nos termos da Lei de n\u00b0 9431, de 06 de fevereiro de 1997 (Portaria n\u00b0 2616\/GM de 12 de maio de 1998, que disp\u00f5e sobre a obrigatoriedade da manuten\u00e7\u00e3o do Programa de Controle de Infec\u00e7\u00e3o Hospitalar no pa\u00eds).<\/p>\n<p style=\"text-align: justify\">A CCIH do HSM\u00a0 tem como proposta manter o cont\u00ednuo aprimoramento estrat\u00e9gicos e t\u00e9cnicos que promovam o bem-estar e seguran\u00e7a de seus pacientes e dos profissionais.A CCIH do HSM funciona como \u00f3rg\u00e3o de assessoria junto a dire\u00e7\u00e3o geral e de execu\u00e7\u00e3o das a\u00e7\u00f5es de controle de infec\u00e7\u00e3o hospitalar, estando assegurada sua autonomia funcional aos setores estrat\u00e9gicos para o controle das infec\u00e7\u00f5es hospitalares.<\/p>\n<p style=\"text-align: justify\">A CCIH do HSM \u00e9 composta de membros consultores e membros executores, no entanto para o Servi\u00e7o de Controle de Infec\u00e7\u00e3o Hospitalar (SCIH) temos 6 representantes como membros efetivos.<\/p>\n<p style=\"text-align: justify\">Obedecendo os crit\u00e9rios do Programa de Controle de Infec\u00e7\u00e3o Hospitalar pela portaria de n\u00b0 2616, de 12 de maio de 1998, o HSM compete as seguintes a\u00e7\u00f5es a cumprir:<\/p>\n<p style=\"text-align: justify\">1- Elaborar um Programa de Controle de Infec\u00e7\u00f5es Hospitalares;<\/p>\n<p style=\"text-align: justify\">2- Realizar a atividade de vigil\u00e2ncia, atrav\u00e9s da busca ativa;<\/p>\n<p style=\"text-align: justify\">3- Controle de uso racional de antimicrobianos;<\/p>\n<p style=\"text-align: justify\">4- Atividade de treinamentos e capacita\u00e7\u00e3o junto aos CEAP para educa\u00e7\u00e3o continuada;<\/p>\n<p style=\"text-align: justify\">5- Realizar investiga\u00e7\u00e3o epidemiol\u00f3gica de surtos, sempre que indicado;<\/p>\n<p style=\"text-align: justify\">6- Realizar as taxas de infec\u00e7\u00e3o hospitalar mensalmente;<\/p>\n<p style=\"text-align: justify\">7- Densidade de incid\u00eancia de infec\u00e7\u00e3o hospitalar;<\/p>\n<p style=\"text-align: justify\">8- Promover medidas de isolamento de surtos infecciosos que venham ocorrer no hospital (Unidades de internamentos ou no ato de avalia\u00e7\u00e3o no setor de acolhimento);<\/p>\n<p style=\"text-align: justify\">9-\u00a0 Realizar inspe\u00e7\u00e3o interna (visita t\u00e9cnica nos setores);<\/p>\n<p style=\"text-align: justify\">10- Controle da \u00e1gua, a cada 6 meses, atrav\u00e9s da limpeza das caixas d\u2019\u00e1gua e cisternas, assim como, tratamento dos po\u00e7os. Ap\u00f3s o tratamento e limpezas, amostras de \u00e1gua dever\u00e3o ser submetidas ao LACEN para an\u00e1lise microbiol\u00f3gica e f\u00edsico-qu\u00edmica.<\/p>\n<p style=\"text-align: justify\">\n","protected":false},"excerpt":{"rendered":"<p>A Comiss\u00e3o de Controle de Infec\u00e7\u00e3o Hospitalar (CCIH) do Hospital de Sa\u00fade Mental Professor Frota Pinto (HSM) \u00e9 de natureza t\u00e9cnico-permanente, nos termos da Lei de n\u00b0 9431, de 06 de fevereiro de 1997 (Portaria n\u00b0 2616\/GM de 12 de maio de 1998, que disp\u00f5e sobre a obrigatoriedade da manuten\u00e7\u00e3o do Programa de Controle de [&hellip;]<\/p>\n","protected":false},"author":498,"featured_media":0,"parent":1103,"menu_order":0,"comment_status":"closed","ping_status":"closed","template":"","meta":{"_acf_changed":false,"inline_featured_image":false,"footnotes":""},"class_list":["post-1107","page","type-page","status-publish","hentry"],"acf":[],"yoast_head":"<!-- This site is optimized with the Yoast SEO plugin v26.9 - https:\/\/yoast.com\/product\/yoast-seo-wordpress\/ -->\n<title>Comiss\u00e3o de Controle de Infec\u00e7\u00e3o Hospitalar \u2013 CCIH - HSM<\/title>\n<meta name=\"robots\" content=\"index, follow, max-snippet:-1, max-image-preview:large, max-video-preview:-1\" \/>\n<link rel=\"canonical\" href=\"https:\/\/ww16.ce.gov.br\/hsm\/gestao-da-qualidade\/comissao-de-controle-de-infeccao-hospitalar-ccih\/\" \/>\n<meta property=\"og:locale\" content=\"pt_BR\" \/>\n<meta property=\"og:type\" content=\"article\" \/>\n<meta property=\"og:title\" content=\"Comiss\u00e3o de Controle de Infec\u00e7\u00e3o Hospitalar \u2013 CCIH - HSM\" \/>\n<meta property=\"og:description\" content=\"A Comiss\u00e3o de Controle de Infec\u00e7\u00e3o Hospitalar (CCIH) do Hospital de Sa\u00fade Mental Professor Frota Pinto (HSM) \u00e9 de natureza t\u00e9cnico-permanente, nos termos da Lei de n\u00b0 9431, de 06 de fevereiro de 1997 (Portaria n\u00b0 2616\/GM de 12 de maio de 1998, que disp\u00f5e sobre a obrigatoriedade da manuten\u00e7\u00e3o do Programa de Controle de [&hellip;]\" \/>\n<meta property=\"og:url\" content=\"https:\/\/ww16.ce.gov.br\/hsm\/gestao-da-qualidade\/comissao-de-controle-de-infeccao-hospitalar-ccih\/\" \/>\n<meta property=\"og:site_name\" content=\"HSM\" \/>\n<meta property=\"article:modified_time\" content=\"2026-02-27T16:46:30+00:00\" \/>\n<meta name=\"twitter:card\" content=\"summary_large_image\" \/>\n<meta name=\"twitter:label1\" content=\"Est. reading time\" \/>\n\t<meta name=\"twitter:data1\" content=\"2 minutos\" \/>\n<script type=\"application\/ld+json\" class=\"yoast-schema-graph\">{\"@context\":\"https:\/\/schema.org\",\"@graph\":[{\"@type\":\"WebPage\",\"@id\":\"https:\/\/ww16.ce.gov.br\/hsm\/gestao-da-qualidade\/comissao-de-controle-de-infeccao-hospitalar-ccih\/\",\"url\":\"https:\/\/ww16.ce.gov.br\/hsm\/gestao-da-qualidade\/comissao-de-controle-de-infeccao-hospitalar-ccih\/\",\"name\":\"Comiss\u00e3o de Controle de Infec\u00e7\u00e3o Hospitalar \u2013 CCIH - HSM\",\"isPartOf\":{\"@id\":\"https:\/\/ww16.ce.gov.br\/hsm\/#website\"},\"datePublished\":\"2021-09-28T12:22:07+00:00\",\"dateModified\":\"2026-02-27T16:46:30+00:00\",\"breadcrumb\":{\"@id\":\"https:\/\/ww16.ce.gov.br\/hsm\/gestao-da-qualidade\/comissao-de-controle-de-infeccao-hospitalar-ccih\/#breadcrumb\"},\"inLanguage\":\"pt-BR\",\"potentialAction\":[{\"@type\":\"ReadAction\",\"target\":[\"https:\/\/ww16.ce.gov.br\/hsm\/gestao-da-qualidade\/comissao-de-controle-de-infeccao-hospitalar-ccih\/\"]}]},{\"@type\":\"BreadcrumbList\",\"@id\":\"https:\/\/ww16.ce.gov.br\/hsm\/gestao-da-qualidade\/comissao-de-controle-de-infeccao-hospitalar-ccih\/#breadcrumb\",\"itemListElement\":[{\"@type\":\"ListItem\",\"position\":1,\"name\":\"In\u00edcio\",\"item\":\"https:\/\/ww16.ce.gov.br\/hsm\/\"},{\"@type\":\"ListItem\",\"position\":2,\"name\":\"GEST\u00c3O DA QUALIDADE\",\"item\":\"https:\/\/ww16.ce.gov.br\/hsm\/gestao-da-qualidade\/\"},{\"@type\":\"ListItem\",\"position\":3,\"name\":\"Comiss\u00e3o de Controle de Infec\u00e7\u00e3o Hospitalar \u2013 CCIH\"}]},{\"@type\":\"WebSite\",\"@id\":\"https:\/\/ww16.ce.gov.br\/hsm\/#website\",\"url\":\"https:\/\/ww16.ce.gov.br\/hsm\/\",\"name\":\"HSM\",\"description\":\"Portal HSM\",\"potentialAction\":[{\"@type\":\"SearchAction\",\"target\":{\"@type\":\"EntryPoint\",\"urlTemplate\":\"https:\/\/ww16.ce.gov.br\/hsm\/?s={search_term_string}\"},\"query-input\":{\"@type\":\"PropertyValueSpecification\",\"valueRequired\":true,\"valueName\":\"search_term_string\"}}],\"inLanguage\":\"pt-BR\"}]}<\/script>\n<!-- \/ Yoast SEO plugin. -->","yoast_head_json":{"title":"Comiss\u00e3o de Controle de Infec\u00e7\u00e3o Hospitalar \u2013 CCIH - HSM","robots":{"index":"index","follow":"follow","max-snippet":"max-snippet:-1","max-image-preview":"max-image-preview:large","max-video-preview":"max-video-preview:-1"},"canonical":"https:\/\/ww16.ce.gov.br\/hsm\/gestao-da-qualidade\/comissao-de-controle-de-infeccao-hospitalar-ccih\/","og_locale":"pt_BR","og_type":"article","og_title":"Comiss\u00e3o de Controle de Infec\u00e7\u00e3o Hospitalar \u2013 CCIH - HSM","og_description":"A Comiss\u00e3o de Controle de Infec\u00e7\u00e3o Hospitalar (CCIH) do Hospital de Sa\u00fade Mental Professor Frota Pinto (HSM) \u00e9 de natureza t\u00e9cnico-permanente, nos termos da Lei de n\u00b0 9431, de 06 de fevereiro de 1997 (Portaria n\u00b0 2616\/GM de 12 de maio de 1998, que disp\u00f5e sobre a obrigatoriedade da manuten\u00e7\u00e3o do Programa de Controle de [&hellip;]","og_url":"https:\/\/ww16.ce.gov.br\/hsm\/gestao-da-qualidade\/comissao-de-controle-de-infeccao-hospitalar-ccih\/","og_site_name":"HSM","article_modified_time":"2026-02-27T16:46:30+00:00","twitter_card":"summary_large_image","twitter_misc":{"Est. reading time":"2 minutos"},"schema":{"@context":"https:\/\/schema.org","@graph":[{"@type":"WebPage","@id":"https:\/\/ww16.ce.gov.br\/hsm\/gestao-da-qualidade\/comissao-de-controle-de-infeccao-hospitalar-ccih\/","url":"https:\/\/ww16.ce.gov.br\/hsm\/gestao-da-qualidade\/comissao-de-controle-de-infeccao-hospitalar-ccih\/","name":"Comiss\u00e3o de Controle de Infec\u00e7\u00e3o Hospitalar \u2013 CCIH - HSM","isPartOf":{"@id":"https:\/\/ww16.ce.gov.br\/hsm\/#website"},"datePublished":"2021-09-28T12:22:07+00:00","dateModified":"2026-02-27T16:46:30+00:00","breadcrumb":{"@id":"https:\/\/ww16.ce.gov.br\/hsm\/gestao-da-qualidade\/comissao-de-controle-de-infeccao-hospitalar-ccih\/#breadcrumb"},"inLanguage":"pt-BR","potentialAction":[{"@type":"ReadAction","target":["https:\/\/ww16.ce.gov.br\/hsm\/gestao-da-qualidade\/comissao-de-controle-de-infeccao-hospitalar-ccih\/"]}]},{"@type":"BreadcrumbList","@id":"https:\/\/ww16.ce.gov.br\/hsm\/gestao-da-qualidade\/comissao-de-controle-de-infeccao-hospitalar-ccih\/#breadcrumb","itemListElement":[{"@type":"ListItem","position":1,"name":"In\u00edcio","item":"https:\/\/ww16.ce.gov.br\/hsm\/"},{"@type":"ListItem","position":2,"name":"GEST\u00c3O DA QUALIDADE","item":"https:\/\/ww16.ce.gov.br\/hsm\/gestao-da-qualidade\/"},{"@type":"ListItem","position":3,"name":"Comiss\u00e3o de Controle de Infec\u00e7\u00e3o Hospitalar \u2013 CCIH"}]},{"@type":"WebSite","@id":"https:\/\/ww16.ce.gov.br\/hsm\/#website","url":"https:\/\/ww16.ce.gov.br\/hsm\/","name":"HSM","description":"Portal HSM","potentialAction":[{"@type":"SearchAction","target":{"@type":"EntryPoint","urlTemplate":"https:\/\/ww16.ce.gov.br\/hsm\/?s={search_term_string}"},"query-input":{"@type":"PropertyValueSpecification","valueRequired":true,"valueName":"search_term_string"}}],"inLanguage":"pt-BR"}]}},"_links":{"self":[{"href":"https:\/\/ww16.ce.gov.br\/hsm\/wp-json\/wp\/v2\/pages\/1107","targetHints":{"allow":["GET"]}}],"collection":[{"href":"https:\/\/ww16.ce.gov.br\/hsm\/wp-json\/wp\/v2\/pages"}],"about":[{"href":"https:\/\/ww16.ce.gov.br\/hsm\/wp-json\/wp\/v2\/types\/page"}],"author":[{"embeddable":true,"href":"https:\/\/ww16.ce.gov.br\/hsm\/wp-json\/wp\/v2\/users\/498"}],"replies":[{"embeddable":true,"href":"https:\/\/ww16.ce.gov.br\/hsm\/wp-json\/wp\/v2\/comments?post=1107"}],"version-history":[{"count":12,"href":"https:\/\/ww16.ce.gov.br\/hsm\/wp-json\/wp\/v2\/pages\/1107\/revisions"}],"predecessor-version":[{"id":3033,"href":"https:\/\/ww16.ce.gov.br\/hsm\/wp-json\/wp\/v2\/pages\/1107\/revisions\/3033"}],"up":[{"embeddable":true,"href":"https:\/\/ww16.ce.gov.br\/hsm\/wp-json\/wp\/v2\/pages\/1103"}],"wp:attachment":[{"href":"https:\/\/ww16.ce.gov.br\/hsm\/wp-json\/wp\/v2\/media?parent=1107"}],"curies":[{"name":"wp","href":"https:\/\/api.w.org\/{rel}","templated":true}]}}