{"id":1078,"date":"2021-09-22T15:03:40","date_gmt":"2021-09-22T18:03:40","guid":{"rendered":"http:\/\/www.hsmm.ce.gov.br\/?page_id=1078"},"modified":"2026-02-27T14:53:51","modified_gmt":"2026-02-27T17:53:51","slug":"quem-e-quem","status":"publish","type":"page","link":"https:\/\/ww16.ce.gov.br\/hsm\/institucional\/quem-e-quem\/","title":{"rendered":"Dire\u00e7\u00e3o"},"content":{"rendered":"\n<p>&nbsp;<\/p>\n\n\n\n<p>&nbsp;<\/p>\n\n\n<div class=\"secretarios-container\"><div class=\"destaque-governo\" style=\"margin-bottom: 1.25rem;\"><div class=\"perfil-redes-sociais\"><img decoding=\"async\" src=\"https:\/\/ww16.ce.gov.br\/hsm\/wp-content\/uploads\/sites\/24\/2026\/02\/DIRECAO-patricia-600x849-1.png\" alt=\"Ana Patr\u00edcia Oliveira Moura Lima\" class=\"governo-foto\"><div class=\"governo-redes-sociais\"><div class=\"social-icon-container\"><a href=\"mailto:&#112;&#97;&#116;&#114;ici&#97;.o&#108;&#105;ve&#105;&#114;&#97;&#64;&#104;&#115;&#109;.ce&#46;g&#111;v.br&#62;\" title=\"Enviar email\"><svg class=\"social-email-icon\" xmlns=\"https:\/\/www.w3.org\/2000\/svg\" viewBox=\"0 0 24 24\" fill=\"none\" stroke=\"#1B7727\" stroke-width=\"2\" stroke-linecap=\"round\" stroke-linejoin=\"round\"><rect x=\"2\" y=\"4\" width=\"20\" height=\"16\" rx=\"2\"><\/rect><path d=\"m22 7-8.97 5.7a1.94 1.94 0 0 1-2.06 0L2 7\"><\/path><\/svg><\/a><\/div><\/div><\/div><div class=\"governo-bio\"><div class=\"governo-orgao\">Diretora-Geral<\/div><h3 class=\"governo-nome\">Ana Patr\u00edcia Oliveira Moura Lima<\/h3><div class=\"governo-bio-texto\"><p>Graduada em Nutri\u00e7\u00e3o pela UECE (2005), Mestre em Sa\u00fade P\u00fablica pela UECE (2010) e Doutora em Ci\u00eancias Morfofuncionais pela UFC (2019). Atualmente p\u00f3s-doutoranda do Laborat\u00f3rio de Neuropsicofarmacologia \u2013 UFC. Especialista em Gest\u00e3o de Servi\u00e7os e Sistemas de Sa\u00fade pela Escola de Sa\u00fade P\u00fablica do Cear\u00e1, em Gest\u00e3o P\u00fablica pelo Programa Nacional de Administra\u00e7\u00e3o P\u00fablica \u2013 UECE, e em Auditoria pela UFC. Docente do curso de Nutri\u00e7\u00e3o da Universidade de Fortaleza. Atua no HSM desde 2006, onde j\u00e1 exerceu cargos de Coordenadora do Servi\u00e7o de Nutri\u00e7\u00e3o, Coordenadora do Escrit\u00f3rio de Qualidade e Presidente do Centro de Estudos e Pesquisas.<\/p>\n<\/div><\/div><\/div><div class=\"destaque-governo layout-alternating\" style=\"margin-bottom: 1.25rem;\"><div class=\"perfil-redes-sociais\"><img decoding=\"async\" src=\"https:\/\/ww16.ce.gov.br\/hsm\/wp-content\/uploads\/sites\/24\/2017\/11\/DIRECAO-magaly-600x849-1.png\" alt=\"Magaly Ferreira Mendes\" class=\"governo-foto\"><div class=\"governo-redes-sociais\"><div class=\"social-icon-container\"><a href=\"mailto:m&#97;&#103;a&#108;&#121;&#46;fer&#114;&#101;&#105;&#114;a&#64;&#104;&#115;m&#46;ce&#46;&#103;ov.br&#62;\" title=\"Enviar email\"><svg class=\"social-email-icon\" xmlns=\"https:\/\/www.w3.org\/2000\/svg\" viewBox=\"0 0 24 24\" fill=\"none\" stroke=\"#1B7727\" stroke-width=\"2\" stroke-linecap=\"round\" stroke-linejoin=\"round\"><rect x=\"2\" y=\"4\" width=\"20\" height=\"16\" rx=\"2\"><\/rect><path d=\"m22 7-8.97 5.7a1.94 1.94 0 0 1-2.06 0L2 7\"><\/path><\/svg><\/a><\/div><\/div><\/div><div class=\"governo-bio\"><div class=\"governo-orgao\">Diretora T\u00e9cnica<\/div><h3 class=\"governo-nome\">Magaly Ferreira Mendes<\/h3><div class=\"governo-bio-texto\"><p>M\u00e9dica formada pela Faculdade de Medicina da Universidade Federal do Cear\u00e1 com Resid\u00eancia M\u00e9dica em Psiquiatria no curso de Resid\u00eancia M\u00e9dica do Hospital de Sa\u00fade Mental Professor Frota Pinto. Mestre em Psicologia pela Universidade Federal do Cear\u00e1 e Psicanalista. Atuou como M\u00e9dica Psiquiatra no Hospital de Sa\u00fade Mental Professor Frota Pinto, Hospital S\u00e3o Vicente de Paula e Casa de Repouso Nosso Lar. Foi Diretora T\u00e9cnica do Hospital de Sa\u00fade Mental Professor Frota Pinto e Diretora-Geral de 2016 a 2019.<\/p>\n<\/div><\/div><\/div><div class=\"destaque-governo\" style=\"margin-bottom: 1.25rem;\"><div class=\"perfil-redes-sociais\"><img decoding=\"async\" src=\"https:\/\/ww16.ce.gov.br\/hsm\/wp-content\/uploads\/sites\/24\/2026\/02\/DR-CLAUDIO-01-1-600x800-1.png\" alt=\"Cl\u00e1udio Manuel Gon\u00e7alves da Silva Leite\" class=\"governo-foto\"><div class=\"governo-redes-sociais\"><div class=\"social-icon-container\"><a href=\"mailto:&#99;lau&#100;io&#46;l&#101;ite&#64;&#104;sm&#46;ce.&#103;o&#118;.&#98;&#114;\" title=\"Enviar email\"><svg class=\"social-email-icon\" xmlns=\"https:\/\/www.w3.org\/2000\/svg\" viewBox=\"0 0 24 24\" fill=\"none\" stroke=\"#1B7727\" stroke-width=\"2\" stroke-linecap=\"round\" stroke-linejoin=\"round\"><rect x=\"2\" y=\"4\" width=\"20\" height=\"16\" rx=\"2\"><\/rect><path d=\"m22 7-8.97 5.7a1.94 1.94 0 0 1-2.06 0L2 7\"><\/path><\/svg><\/a><\/div><\/div><\/div><div class=\"governo-bio\"><div class=\"governo-orgao\">Diretor Cl\u00ednico<\/div><h3 class=\"governo-nome\">Cl\u00e1udio Manuel Gon\u00e7alves da Silva Leite<\/h3><div class=\"governo-bio-texto\"><p><strong>Gradua\u00e7\u00e3o em Medicina na Unichristus, Resid\u00eancia m\u00e9dica em Psiquiatria no Hospital Universit\u00e1rio Walter Cant\u00eddio da Universidade Federal do Cear\u00e1, Diploma de Forma\u00e7\u00e3o M\u00e9dica Especializada em Psiquiatria na Universidade Paris Sud, Mestrado em Farmacologia na Universidade Federal do Cear\u00e1, M\u00e9dico Perito Legista Oficial da Per\u00edcia Forense do Cear\u00e1.<\/strong><\/p>\n<\/div><\/div><\/div><div class=\"destaque-governo layout-alternating\" style=\"margin-bottom: 1.25rem;\"><div class=\"perfil-redes-sociais\"><img decoding=\"async\" src=\"https:\/\/ww16.ce.gov.br\/hsm\/wp-content\/uploads\/sites\/24\/2026\/02\/DIRECAO-2-600x849-1.png\" alt=\"Graziela de Oliveira Nunes Salaroli\" class=\"governo-foto\"><div class=\"governo-redes-sociais\"><div class=\"social-icon-container\"><a href=\"mailto:&#103;r&#97;&#122;iel&#97;.nun&#101;s&#64;hsm.&#99;e.&#103;&#111;&#118;&#46;br>&#8221; title=&#8221;Enviar email&#8221;><svg class=\"social-email-icon\" xmlns=\"https:\/\/www.w3.org\/2000\/svg\" viewBox=\"0 0 24 24\" fill=\"none\" stroke=\"#1B7727\" stroke-width=\"2\" stroke-linecap=\"round\" stroke-linejoin=\"round\"><rect x=\"2\" y=\"4\" width=\"20\" height=\"16\" rx=\"2\"><\/rect><path d=\"m22 7-8.97 5.7a1.94 1.94 0 0 1-2.06 0L2 7\"><\/path><\/svg><\/a><\/div><\/div><\/div><div class=\"governo-bio\"><div class=\"governo-orgao\">Diretora Administrativa Financeira<\/div><h3 class=\"governo-nome\">Graziela de Oliveira Nunes Salaroli<\/h3><div class=\"governo-bio-texto\"><p><strong>Graduada em Administra\u00e7\u00e3o de Empresas com \u00eanfase em An\u00e1lise de Sistemas pelo Centro Universit\u00e1rio do Esp\u00edrito Santo (2004), P\u00f3s graduada em Gest\u00e3o de Projetos pela Universidade Cat\u00f3lica Dom Bosco (2018), P\u00f3s-Graduanda em Gest\u00e3o em Sa\u00fade pela PUC-MG (2025). Atuou como Diretora Administrativa e Geral no Hospital Infantil Nossa Senhora da Gl\u00f3ria \u2013 SESA\/ES, e Presidente da Comiss\u00e3o de Resid\u00eancia M\u00e9dica (2021\/2022) e como Presidente da Comiss\u00e3o de Humaniza\u00e7\u00e3o.<\/strong><\/p>\n<\/div><\/div><\/div><div class=\"div-listagem-cards-secretarios\"><div class=\"div-lista-cards secretarios-grid\"><\/div><\/div><\/div>","protected":false},"excerpt":{"rendered":"<p>&nbsp; &nbsp;<\/p>\n","protected":false},"author":498,"featured_media":0,"parent":3256,"menu_order":0,"comment_status":"closed","ping_status":"closed","template":"page-secretarios.php","meta":{"_acf_changed":false,"inline_featured_image":false,"footnotes":""},"class_list":["post-1078","page","type-page","status-publish","hentry"],"acf":[],"yoast_head":"<!-- This site is optimized with the Yoast SEO plugin v26.9 - https:\/\/yoast.com\/product\/yoast-seo-wordpress\/ -->\n<title>Dire\u00e7\u00e3o - HSM<\/title>\n<meta name=\"robots\" content=\"index, follow, max-snippet:-1, max-image-preview:large, max-video-preview:-1\" \/>\n<link rel=\"canonical\" href=\"https:\/\/ww16.ce.gov.br\/hsm\/institucional\/quem-e-quem\/\" \/>\n<meta property=\"og:locale\" content=\"pt_BR\" \/>\n<meta property=\"og:type\" content=\"article\" \/>\n<meta property=\"og:title\" content=\"Dire\u00e7\u00e3o - HSM\" \/>\n<meta property=\"og:description\" content=\"&nbsp; &nbsp;\" \/>\n<meta property=\"og:url\" content=\"https:\/\/ww16.ce.gov.br\/hsm\/institucional\/quem-e-quem\/\" \/>\n<meta property=\"og:site_name\" content=\"HSM\" \/>\n<meta property=\"article:modified_time\" content=\"2026-02-27T17:53:51+00:00\" \/>\n<meta name=\"twitter:card\" content=\"summary_large_image\" \/>\n<script type=\"application\/ld+json\" class=\"yoast-schema-graph\">{\"@context\":\"https:\/\/schema.org\",\"@graph\":[{\"@type\":\"WebPage\",\"@id\":\"https:\/\/ww16.ce.gov.br\/hsm\/institucional\/quem-e-quem\/\",\"url\":\"https:\/\/ww16.ce.gov.br\/hsm\/institucional\/quem-e-quem\/\",\"name\":\"Dire\u00e7\u00e3o - HSM\",\"isPartOf\":{\"@id\":\"https:\/\/ww16.ce.gov.br\/hsm\/#website\"},\"datePublished\":\"2021-09-22T18:03:40+00:00\",\"dateModified\":\"2026-02-27T17:53:51+00:00\",\"breadcrumb\":{\"@id\":\"https:\/\/ww16.ce.gov.br\/hsm\/institucional\/quem-e-quem\/#breadcrumb\"},\"inLanguage\":\"pt-BR\",\"potentialAction\":[{\"@type\":\"ReadAction\",\"target\":[\"https:\/\/ww16.ce.gov.br\/hsm\/institucional\/quem-e-quem\/\"]}]},{\"@type\":\"BreadcrumbList\",\"@id\":\"https:\/\/ww16.ce.gov.br\/hsm\/institucional\/quem-e-quem\/#breadcrumb\",\"itemListElement\":[{\"@type\":\"ListItem\",\"position\":1,\"name\":\"In\u00edcio\",\"item\":\"https:\/\/ww16.ce.gov.br\/hsm\/\"},{\"@type\":\"ListItem\",\"position\":2,\"name\":\"Institucional\",\"item\":\"https:\/\/ww16.ce.gov.br\/hsm\/institucional\/\"},{\"@type\":\"ListItem\",\"position\":3,\"name\":\"Dire\u00e7\u00e3o\"}]},{\"@type\":\"WebSite\",\"@id\":\"https:\/\/ww16.ce.gov.br\/hsm\/#website\",\"url\":\"https:\/\/ww16.ce.gov.br\/hsm\/\",\"name\":\"HSM\",\"description\":\"Portal HSM\",\"potentialAction\":[{\"@type\":\"SearchAction\",\"target\":{\"@type\":\"EntryPoint\",\"urlTemplate\":\"https:\/\/ww16.ce.gov.br\/hsm\/?s={search_term_string}\"},\"query-input\":{\"@type\":\"PropertyValueSpecification\",\"valueRequired\":true,\"valueName\":\"search_term_string\"}}],\"inLanguage\":\"pt-BR\"}]}<\/script>\n<!-- \/ Yoast SEO plugin. -->","yoast_head_json":{"title":"Dire\u00e7\u00e3o - HSM","robots":{"index":"index","follow":"follow","max-snippet":"max-snippet:-1","max-image-preview":"max-image-preview:large","max-video-preview":"max-video-preview:-1"},"canonical":"https:\/\/ww16.ce.gov.br\/hsm\/institucional\/quem-e-quem\/","og_locale":"pt_BR","og_type":"article","og_title":"Dire\u00e7\u00e3o - HSM","og_description":"&nbsp; &nbsp;","og_url":"https:\/\/ww16.ce.gov.br\/hsm\/institucional\/quem-e-quem\/","og_site_name":"HSM","article_modified_time":"2026-02-27T17:53:51+00:00","twitter_card":"summary_large_image","schema":{"@context":"https:\/\/schema.org","@graph":[{"@type":"WebPage","@id":"https:\/\/ww16.ce.gov.br\/hsm\/institucional\/quem-e-quem\/","url":"https:\/\/ww16.ce.gov.br\/hsm\/institucional\/quem-e-quem\/","name":"Dire\u00e7\u00e3o - HSM","isPartOf":{"@id":"https:\/\/ww16.ce.gov.br\/hsm\/#website"},"datePublished":"2021-09-22T18:03:40+00:00","dateModified":"2026-02-27T17:53:51+00:00","breadcrumb":{"@id":"https:\/\/ww16.ce.gov.br\/hsm\/institucional\/quem-e-quem\/#breadcrumb"},"inLanguage":"pt-BR","potentialAction":[{"@type":"ReadAction","target":["https:\/\/ww16.ce.gov.br\/hsm\/institucional\/quem-e-quem\/"]}]},{"@type":"BreadcrumbList","@id":"https:\/\/ww16.ce.gov.br\/hsm\/institucional\/quem-e-quem\/#breadcrumb","itemListElement":[{"@type":"ListItem","position":1,"name":"In\u00edcio","item":"https:\/\/ww16.ce.gov.br\/hsm\/"},{"@type":"ListItem","position":2,"name":"Institucional","item":"https:\/\/ww16.ce.gov.br\/hsm\/institucional\/"},{"@type":"ListItem","position":3,"name":"Dire\u00e7\u00e3o"}]},{"@type":"WebSite","@id":"https:\/\/ww16.ce.gov.br\/hsm\/#website","url":"https:\/\/ww16.ce.gov.br\/hsm\/","name":"HSM","description":"Portal HSM","potentialAction":[{"@type":"SearchAction","target":{"@type":"EntryPoint","urlTemplate":"https:\/\/ww16.ce.gov.br\/hsm\/?s={search_term_string}"},"query-input":{"@type":"PropertyValueSpecification","valueRequired":true,"valueName":"search_term_string"}}],"inLanguage":"pt-BR"}]}},"_links":{"self":[{"href":"https:\/\/ww16.ce.gov.br\/hsm\/wp-json\/wp\/v2\/pages\/1078","targetHints":{"allow":["GET"]}}],"collection":[{"href":"https:\/\/ww16.ce.gov.br\/hsm\/wp-json\/wp\/v2\/pages"}],"about":[{"href":"https:\/\/ww16.ce.gov.br\/hsm\/wp-json\/wp\/v2\/types\/page"}],"author":[{"embeddable":true,"href":"https:\/\/ww16.ce.gov.br\/hsm\/wp-json\/wp\/v2\/users\/498"}],"replies":[{"embeddable":true,"href":"https:\/\/ww16.ce.gov.br\/hsm\/wp-json\/wp\/v2\/comments?post=1078"}],"version-history":[{"count":76,"href":"https:\/\/ww16.ce.gov.br\/hsm\/wp-json\/wp\/v2\/pages\/1078\/revisions"}],"predecessor-version":[{"id":3169,"href":"https:\/\/ww16.ce.gov.br\/hsm\/wp-json\/wp\/v2\/pages\/1078\/revisions\/3169"}],"up":[{"embeddable":true,"href":"https:\/\/ww16.ce.gov.br\/hsm\/wp-json\/wp\/v2\/pages\/3256"}],"wp:attachment":[{"href":"https:\/\/ww16.ce.gov.br\/hsm\/wp-json\/wp\/v2\/media?parent=1078"}],"curies":[{"name":"wp","href":"https:\/\/api.w.org\/{rel}","templated":true}]}}