{"id":1070,"date":"2021-09-22T14:12:00","date_gmt":"2021-09-22T17:12:00","guid":{"rendered":"http:\/\/www.hsmm.ce.gov.br\/?page_id=1070"},"modified":"2026-02-27T14:54:52","modified_gmt":"2026-02-27T17:54:52","slug":"o-hospital","status":"publish","type":"page","link":"https:\/\/ww16.ce.gov.br\/hsm\/institucional\/o-hospital\/","title":{"rendered":"O Hospital"},"content":{"rendered":"<h3><\/h3>\n<p style=\"text-align: center\">O Hospital de Sa\u00fade Mental de Messejana, inaugurado no dia 23 de mar\u00e7o de 1963, \u00e9 unidade assistencial da Secretaria da Sa\u00fade do Estado,<br \/>\nespecializado em psiquiatria. O fundador foi o psiquiatra Suliano Filho.<\/p>\n<p>O Hospital de Sa\u00fade Mental Professor Frota Pinto (HSM), unidade da Secretaria da Sa\u00fade do Cear\u00e1 e integrante da rede hospitalar do Sistema \u00danico de Sa\u00fade (SUS), \u00e9 refer\u00eancia no atendimento em Psiquiatria no Estado. O HSM disp\u00f5e de uma emerg\u00eancia 24h para pacientes com transtornos mentais graves e que estejam em crise. Para os pacientes que precisam de internamento, o hospital conta com 180 leitos de interna\u00e7\u00e3o, sendo 160 para tratamento de pacientes com transtornos mentais gerais e 20 leitos para dependentes qu\u00edmicos.<\/p>\n<p>Para os pacientes que n\u00e3o precisam de interna\u00e7\u00e3o, mas necessitam de acompanhamento especializado, o HSM oferece atendimento ambulatorial psiqui\u00e1trico, coordenado pela Resid\u00eancia em Psiquiatria do Hospital, atendendo crian\u00e7as, jovens, adultos e idosos. A unidade disp\u00f5e, ainda, de dois Hospitais-dia: Elo de Vida, que atende pacientes com depend\u00eancia qu\u00edmica, e Lugar de Vida, voltado para o atendimento aos pacientes com transtornos mentais que apresentam quadro de sa\u00fade est\u00e1vel.<\/p>\n<p>O HSM tamb\u00e9m se destaca no campo de estudo, pesquisa e forma\u00e7\u00e3o para profissionais da \u00e1rea de sa\u00fade mental.<\/p>\n<h3 class=\"-laranja\"><strong>Miss\u00e3o<\/strong><\/h3>\n<p>Realizar o cuidado integral em sa\u00fade mental, por meio do atendimento humanizado e qualificado, contribuindo para o ensino, pesquisa e fortalecimento da rede de aten\u00e7\u00e3o biopsicossocial, conforme preconiza\u00e7\u00e3o do SUS.<\/p>\n<h3 class=\"-laranja\"><strong>Vis\u00e3o (at\u00e9 2027)<\/strong><\/h3>\n<p>Ser uma refer\u00eancia nacional no cuidado, inova\u00e7\u00e3o e efetividade em sa\u00fade mental.<\/p>\n<h3 class=\"-laranja\"><strong>Valores<\/strong><\/h3>\n<p>&#8211; Efici\u00eancia e Sustentabilidade;<\/p>\n<p>&#8211; Valoriza\u00e7\u00e3o das pessoas;<\/p>\n<p>&#8211; Comprometimento com o SUS;<\/p>\n<p>&#8211; Transpar\u00eancia;<\/p>\n<p>&#8211; Inova\u00e7\u00e3o e Conhecimento;<\/p>\n<p>&#8211; Humaniza\u00e7\u00e3o;<\/p>\n<p>&#8211; Inclus\u00e3o e diversidade;<\/p>\n<p>&#8211;\u00a0 \u00c9tica<\/p>\n","protected":false},"excerpt":{"rendered":"<p>O Hospital de Sa\u00fade Mental de Messejana, inaugurado no dia 23 de mar\u00e7o de 1963, \u00e9 unidade assistencial da Secretaria da Sa\u00fade do Estado, especializado em psiquiatria. O fundador foi o psiquiatra Suliano Filho. O Hospital de Sa\u00fade Mental Professor Frota Pinto (HSM), unidade da Secretaria da Sa\u00fade do Cear\u00e1 e integrante da rede hospitalar [&hellip;]<\/p>\n","protected":false},"author":498,"featured_media":3028,"parent":3256,"menu_order":0,"comment_status":"closed","ping_status":"closed","template":"","meta":{"_acf_changed":false,"inline_featured_image":false,"footnotes":""},"class_list":["post-1070","page","type-page","status-publish","has-post-thumbnail","hentry"],"acf":[],"yoast_head":"<!-- This site is optimized with the Yoast SEO plugin v26.9 - https:\/\/yoast.com\/product\/yoast-seo-wordpress\/ -->\n<title>O Hospital - HSM<\/title>\n<meta name=\"robots\" content=\"index, follow, max-snippet:-1, max-image-preview:large, max-video-preview:-1\" \/>\n<link rel=\"canonical\" href=\"https:\/\/ww16.ce.gov.br\/hsm\/institucional\/o-hospital\/\" \/>\n<meta property=\"og:locale\" content=\"pt_BR\" \/>\n<meta property=\"og:type\" content=\"article\" \/>\n<meta property=\"og:title\" content=\"O Hospital - HSM\" \/>\n<meta property=\"og:description\" content=\"O Hospital de Sa\u00fade Mental de Messejana, inaugurado no dia 23 de mar\u00e7o de 1963, \u00e9 unidade assistencial da Secretaria da Sa\u00fade do Estado, especializado em psiquiatria. O fundador foi o psiquiatra Suliano Filho. O Hospital de Sa\u00fade Mental Professor Frota Pinto (HSM), unidade da Secretaria da Sa\u00fade do Cear\u00e1 e integrante da rede hospitalar [&hellip;]\" \/>\n<meta property=\"og:url\" content=\"https:\/\/ww16.ce.gov.br\/hsm\/institucional\/o-hospital\/\" \/>\n<meta property=\"og:site_name\" content=\"HSM\" \/>\n<meta property=\"article:modified_time\" content=\"2026-02-27T17:54:52+00:00\" \/>\n<meta property=\"og:image\" content=\"https:\/\/ww16.ce.gov.br\/hsm\/wp-content\/uploads\/sites\/24\/2026\/02\/banner_hsm1-600x375-600x375-1.png\" \/>\n\t<meta property=\"og:image:width\" content=\"600\" \/>\n\t<meta property=\"og:image:height\" content=\"375\" \/>\n\t<meta property=\"og:image:type\" content=\"image\/png\" \/>\n<meta name=\"twitter:card\" content=\"summary_large_image\" \/>\n<meta name=\"twitter:label1\" content=\"Est. reading time\" \/>\n\t<meta name=\"twitter:data1\" content=\"2 minutos\" \/>\n<script type=\"application\/ld+json\" class=\"yoast-schema-graph\">{\"@context\":\"https:\/\/schema.org\",\"@graph\":[{\"@type\":\"WebPage\",\"@id\":\"https:\/\/ww16.ce.gov.br\/hsm\/institucional\/o-hospital\/\",\"url\":\"https:\/\/ww16.ce.gov.br\/hsm\/institucional\/o-hospital\/\",\"name\":\"O Hospital - HSM\",\"isPartOf\":{\"@id\":\"https:\/\/ww16.ce.gov.br\/hsm\/#website\"},\"primaryImageOfPage\":{\"@id\":\"https:\/\/ww16.ce.gov.br\/hsm\/institucional\/o-hospital\/#primaryimage\"},\"image\":{\"@id\":\"https:\/\/ww16.ce.gov.br\/hsm\/institucional\/o-hospital\/#primaryimage\"},\"thumbnailUrl\":\"https:\/\/ww16.ce.gov.br\/hsm\/wp-content\/uploads\/sites\/24\/2026\/02\/banner_hsm1-600x375-600x375-1.png\",\"datePublished\":\"2021-09-22T17:12:00+00:00\",\"dateModified\":\"2026-02-27T17:54:52+00:00\",\"breadcrumb\":{\"@id\":\"https:\/\/ww16.ce.gov.br\/hsm\/institucional\/o-hospital\/#breadcrumb\"},\"inLanguage\":\"pt-BR\",\"potentialAction\":[{\"@type\":\"ReadAction\",\"target\":[\"https:\/\/ww16.ce.gov.br\/hsm\/institucional\/o-hospital\/\"]}]},{\"@type\":\"ImageObject\",\"inLanguage\":\"pt-BR\",\"@id\":\"https:\/\/ww16.ce.gov.br\/hsm\/institucional\/o-hospital\/#primaryimage\",\"url\":\"https:\/\/ww16.ce.gov.br\/hsm\/wp-content\/uploads\/sites\/24\/2026\/02\/banner_hsm1-600x375-600x375-1.png\",\"contentUrl\":\"https:\/\/ww16.ce.gov.br\/hsm\/wp-content\/uploads\/sites\/24\/2026\/02\/banner_hsm1-600x375-600x375-1.png\",\"width\":600,\"height\":375},{\"@type\":\"BreadcrumbList\",\"@id\":\"https:\/\/ww16.ce.gov.br\/hsm\/institucional\/o-hospital\/#breadcrumb\",\"itemListElement\":[{\"@type\":\"ListItem\",\"position\":1,\"name\":\"In\u00edcio\",\"item\":\"https:\/\/ww16.ce.gov.br\/hsm\/\"},{\"@type\":\"ListItem\",\"position\":2,\"name\":\"Institucional\",\"item\":\"https:\/\/ww16.ce.gov.br\/hsm\/institucional\/\"},{\"@type\":\"ListItem\",\"position\":3,\"name\":\"O Hospital\"}]},{\"@type\":\"WebSite\",\"@id\":\"https:\/\/ww16.ce.gov.br\/hsm\/#website\",\"url\":\"https:\/\/ww16.ce.gov.br\/hsm\/\",\"name\":\"HSM\",\"description\":\"Portal HSM\",\"potentialAction\":[{\"@type\":\"SearchAction\",\"target\":{\"@type\":\"EntryPoint\",\"urlTemplate\":\"https:\/\/ww16.ce.gov.br\/hsm\/?s={search_term_string}\"},\"query-input\":{\"@type\":\"PropertyValueSpecification\",\"valueRequired\":true,\"valueName\":\"search_term_string\"}}],\"inLanguage\":\"pt-BR\"}]}<\/script>\n<!-- \/ Yoast SEO plugin. -->","yoast_head_json":{"title":"O Hospital - HSM","robots":{"index":"index","follow":"follow","max-snippet":"max-snippet:-1","max-image-preview":"max-image-preview:large","max-video-preview":"max-video-preview:-1"},"canonical":"https:\/\/ww16.ce.gov.br\/hsm\/institucional\/o-hospital\/","og_locale":"pt_BR","og_type":"article","og_title":"O Hospital - HSM","og_description":"O Hospital de Sa\u00fade Mental de Messejana, inaugurado no dia 23 de mar\u00e7o de 1963, \u00e9 unidade assistencial da Secretaria da Sa\u00fade do Estado, especializado em psiquiatria. O fundador foi o psiquiatra Suliano Filho. O Hospital de Sa\u00fade Mental Professor Frota Pinto (HSM), unidade da Secretaria da Sa\u00fade do Cear\u00e1 e integrante da rede hospitalar [&hellip;]","og_url":"https:\/\/ww16.ce.gov.br\/hsm\/institucional\/o-hospital\/","og_site_name":"HSM","article_modified_time":"2026-02-27T17:54:52+00:00","og_image":[{"width":600,"height":375,"url":"https:\/\/ww16.ce.gov.br\/hsm\/wp-content\/uploads\/sites\/24\/2026\/02\/banner_hsm1-600x375-600x375-1.png","type":"image\/png"}],"twitter_card":"summary_large_image","twitter_misc":{"Est. reading time":"2 minutos"},"schema":{"@context":"https:\/\/schema.org","@graph":[{"@type":"WebPage","@id":"https:\/\/ww16.ce.gov.br\/hsm\/institucional\/o-hospital\/","url":"https:\/\/ww16.ce.gov.br\/hsm\/institucional\/o-hospital\/","name":"O Hospital - HSM","isPartOf":{"@id":"https:\/\/ww16.ce.gov.br\/hsm\/#website"},"primaryImageOfPage":{"@id":"https:\/\/ww16.ce.gov.br\/hsm\/institucional\/o-hospital\/#primaryimage"},"image":{"@id":"https:\/\/ww16.ce.gov.br\/hsm\/institucional\/o-hospital\/#primaryimage"},"thumbnailUrl":"https:\/\/ww16.ce.gov.br\/hsm\/wp-content\/uploads\/sites\/24\/2026\/02\/banner_hsm1-600x375-600x375-1.png","datePublished":"2021-09-22T17:12:00+00:00","dateModified":"2026-02-27T17:54:52+00:00","breadcrumb":{"@id":"https:\/\/ww16.ce.gov.br\/hsm\/institucional\/o-hospital\/#breadcrumb"},"inLanguage":"pt-BR","potentialAction":[{"@type":"ReadAction","target":["https:\/\/ww16.ce.gov.br\/hsm\/institucional\/o-hospital\/"]}]},{"@type":"ImageObject","inLanguage":"pt-BR","@id":"https:\/\/ww16.ce.gov.br\/hsm\/institucional\/o-hospital\/#primaryimage","url":"https:\/\/ww16.ce.gov.br\/hsm\/wp-content\/uploads\/sites\/24\/2026\/02\/banner_hsm1-600x375-600x375-1.png","contentUrl":"https:\/\/ww16.ce.gov.br\/hsm\/wp-content\/uploads\/sites\/24\/2026\/02\/banner_hsm1-600x375-600x375-1.png","width":600,"height":375},{"@type":"BreadcrumbList","@id":"https:\/\/ww16.ce.gov.br\/hsm\/institucional\/o-hospital\/#breadcrumb","itemListElement":[{"@type":"ListItem","position":1,"name":"In\u00edcio","item":"https:\/\/ww16.ce.gov.br\/hsm\/"},{"@type":"ListItem","position":2,"name":"Institucional","item":"https:\/\/ww16.ce.gov.br\/hsm\/institucional\/"},{"@type":"ListItem","position":3,"name":"O Hospital"}]},{"@type":"WebSite","@id":"https:\/\/ww16.ce.gov.br\/hsm\/#website","url":"https:\/\/ww16.ce.gov.br\/hsm\/","name":"HSM","description":"Portal HSM","potentialAction":[{"@type":"SearchAction","target":{"@type":"EntryPoint","urlTemplate":"https:\/\/ww16.ce.gov.br\/hsm\/?s={search_term_string}"},"query-input":{"@type":"PropertyValueSpecification","valueRequired":true,"valueName":"search_term_string"}}],"inLanguage":"pt-BR"}]}},"_links":{"self":[{"href":"https:\/\/ww16.ce.gov.br\/hsm\/wp-json\/wp\/v2\/pages\/1070","targetHints":{"allow":["GET"]}}],"collection":[{"href":"https:\/\/ww16.ce.gov.br\/hsm\/wp-json\/wp\/v2\/pages"}],"about":[{"href":"https:\/\/ww16.ce.gov.br\/hsm\/wp-json\/wp\/v2\/types\/page"}],"author":[{"embeddable":true,"href":"https:\/\/ww16.ce.gov.br\/hsm\/wp-json\/wp\/v2\/users\/498"}],"replies":[{"embeddable":true,"href":"https:\/\/ww16.ce.gov.br\/hsm\/wp-json\/wp\/v2\/comments?post=1070"}],"version-history":[{"count":15,"href":"https:\/\/ww16.ce.gov.br\/hsm\/wp-json\/wp\/v2\/pages\/1070\/revisions"}],"predecessor-version":[{"id":3029,"href":"https:\/\/ww16.ce.gov.br\/hsm\/wp-json\/wp\/v2\/pages\/1070\/revisions\/3029"}],"up":[{"embeddable":true,"href":"https:\/\/ww16.ce.gov.br\/hsm\/wp-json\/wp\/v2\/pages\/3256"}],"wp:featuredmedia":[{"embeddable":true,"href":"https:\/\/ww16.ce.gov.br\/hsm\/wp-json\/wp\/v2\/media\/3028"}],"wp:attachment":[{"href":"https:\/\/ww16.ce.gov.br\/hsm\/wp-json\/wp\/v2\/media?parent=1070"}],"curies":[{"name":"wp","href":"https:\/\/api.w.org\/{rel}","templated":true}]}}