{"id":89,"date":"2017-11-21T11:28:36","date_gmt":"2017-11-21T13:28:36","guid":{"rendered":"http:\/\/www.ceara.gov.br\/hm\/?page_id=89"},"modified":"2022-08-29T10:33:15","modified_gmt":"2022-08-29T13:33:15","slug":"informacoes-uteis","status":"publish","type":"page","link":"https:\/\/ww16.ce.gov.br\/hm\/informacoes-uteis\/","title":{"rendered":"Informa\u00e7\u00f5es \u00dateis"},"content":{"rendered":"<hr>\n<span id=\"informacoes-uteis\" class=\"ancora-vazia\"><\/span>\n<p class=\"-laranja\" style=\"margin-top: 100px\"><strong>INFORMA\u00c7\u00d5ES \u00daTEIS<\/strong><\/p>\n<div class=\"Card Informativo BgBranco dt-6\">\n<p class=\"-laranja\"><strong>Endere\u00e7o<\/strong><\/p>\n<p>Pal\u00e1cio da Aboli\u00e7\u00e3o &#8211; Av. Bar\u00e3o de Studart, 505<br \/>\nMeireles, Fortaleza &#8211; Ce &#8211; CEP: 60.120-000<\/p>\n<p>&nbsp;<\/p>\n<p class=\"-laranja\"><strong>Telefone<\/strong><\/p>\n<p>(85) 3466.4000<\/p>\n<\/div>\n","protected":false},"excerpt":{"rendered":"<p>INFORMA\u00c7\u00d5ES \u00daTEIS Endere\u00e7o Pal\u00e1cio da Aboli\u00e7\u00e3o &#8211; Av. Bar\u00e3o de Studart, 505 Meireles, Fortaleza &#8211; Ce &#8211; CEP: 60.120-000 &nbsp; Telefone (85) 3466.4000<\/p>\n","protected":false},"author":38,"featured_media":0,"parent":0,"menu_order":20,"comment_status":"closed","ping_status":"closed","template":"","meta":{"_acf_changed":false,"inline_featured_image":false,"footnotes":""},"class_list":["post-89","page","type-page","status-publish","hentry"],"acf":[],"yoast_head":"<!-- This site is optimized with the Yoast SEO plugin v26.9 - https:\/\/yoast.com\/product\/yoast-seo-wordpress\/ -->\n<title>Informa\u00e7\u00f5es \u00dateis - Hospital de Messejana<\/title>\n<meta name=\"robots\" content=\"index, follow, max-snippet:-1, max-image-preview:large, max-video-preview:-1\" \/>\n<link rel=\"canonical\" href=\"https:\/\/ww16.ce.gov.br\/hm\/informacoes-uteis\/\" \/>\n<meta property=\"og:locale\" content=\"pt_BR\" \/>\n<meta property=\"og:type\" content=\"article\" \/>\n<meta property=\"og:title\" content=\"Informa\u00e7\u00f5es \u00dateis - Hospital de Messejana\" \/>\n<meta property=\"og:description\" content=\"INFORMA\u00c7\u00d5ES \u00daTEIS Endere\u00e7o Pal\u00e1cio da Aboli\u00e7\u00e3o &#8211; Av. Bar\u00e3o de Studart, 505 Meireles, Fortaleza &#8211; Ce &#8211; CEP: 60.120-000 &nbsp; Telefone (85) 3466.4000\" \/>\n<meta property=\"og:url\" content=\"https:\/\/ww16.ce.gov.br\/hm\/informacoes-uteis\/\" \/>\n<meta property=\"og:site_name\" content=\"Hospital de Messejana\" \/>\n<meta property=\"article:modified_time\" content=\"2022-08-29T13:33:15+00:00\" \/>\n<meta name=\"twitter:card\" content=\"summary_large_image\" \/>\n<script type=\"application\/ld+json\" class=\"yoast-schema-graph\">{\"@context\":\"https:\/\/schema.org\",\"@graph\":[{\"@type\":\"WebPage\",\"@id\":\"https:\/\/ww16.ce.gov.br\/hm\/informacoes-uteis\/\",\"url\":\"https:\/\/ww16.ce.gov.br\/hm\/informacoes-uteis\/\",\"name\":\"Informa\u00e7\u00f5es \u00dateis - Hospital de Messejana\",\"isPartOf\":{\"@id\":\"https:\/\/ww16.ce.gov.br\/hm\/#website\"},\"datePublished\":\"2017-11-21T13:28:36+00:00\",\"dateModified\":\"2022-08-29T13:33:15+00:00\",\"breadcrumb\":{\"@id\":\"https:\/\/ww16.ce.gov.br\/hm\/informacoes-uteis\/#breadcrumb\"},\"inLanguage\":\"pt-BR\",\"potentialAction\":[{\"@type\":\"ReadAction\",\"target\":[\"https:\/\/ww16.ce.gov.br\/hm\/informacoes-uteis\/\"]}]},{\"@type\":\"BreadcrumbList\",\"@id\":\"https:\/\/ww16.ce.gov.br\/hm\/informacoes-uteis\/#breadcrumb\",\"itemListElement\":[{\"@type\":\"ListItem\",\"position\":1,\"name\":\"In\u00edcio\",\"item\":\"https:\/\/ww16.ce.gov.br\/hm\/\"},{\"@type\":\"ListItem\",\"position\":2,\"name\":\"Informa\u00e7\u00f5es \u00dateis\"}]},{\"@type\":\"WebSite\",\"@id\":\"https:\/\/ww16.ce.gov.br\/hm\/#website\",\"url\":\"https:\/\/ww16.ce.gov.br\/hm\/\",\"name\":\"Hospital de Messejana\",\"description\":\"Modelo Padr\u00e3o do Estado\",\"potentialAction\":[{\"@type\":\"SearchAction\",\"target\":{\"@type\":\"EntryPoint\",\"urlTemplate\":\"https:\/\/ww16.ce.gov.br\/hm\/?s={search_term_string}\"},\"query-input\":{\"@type\":\"PropertyValueSpecification\",\"valueRequired\":true,\"valueName\":\"search_term_string\"}}],\"inLanguage\":\"pt-BR\"}]}<\/script>\n<!-- \/ Yoast SEO plugin. -->","yoast_head_json":{"title":"Informa\u00e7\u00f5es \u00dateis - Hospital de Messejana","robots":{"index":"index","follow":"follow","max-snippet":"max-snippet:-1","max-image-preview":"max-image-preview:large","max-video-preview":"max-video-preview:-1"},"canonical":"https:\/\/ww16.ce.gov.br\/hm\/informacoes-uteis\/","og_locale":"pt_BR","og_type":"article","og_title":"Informa\u00e7\u00f5es \u00dateis - Hospital de Messejana","og_description":"INFORMA\u00c7\u00d5ES \u00daTEIS Endere\u00e7o Pal\u00e1cio da Aboli\u00e7\u00e3o &#8211; Av. Bar\u00e3o de Studart, 505 Meireles, Fortaleza &#8211; Ce &#8211; CEP: 60.120-000 &nbsp; Telefone (85) 3466.4000","og_url":"https:\/\/ww16.ce.gov.br\/hm\/informacoes-uteis\/","og_site_name":"Hospital de Messejana","article_modified_time":"2022-08-29T13:33:15+00:00","twitter_card":"summary_large_image","schema":{"@context":"https:\/\/schema.org","@graph":[{"@type":"WebPage","@id":"https:\/\/ww16.ce.gov.br\/hm\/informacoes-uteis\/","url":"https:\/\/ww16.ce.gov.br\/hm\/informacoes-uteis\/","name":"Informa\u00e7\u00f5es \u00dateis - Hospital de Messejana","isPartOf":{"@id":"https:\/\/ww16.ce.gov.br\/hm\/#website"},"datePublished":"2017-11-21T13:28:36+00:00","dateModified":"2022-08-29T13:33:15+00:00","breadcrumb":{"@id":"https:\/\/ww16.ce.gov.br\/hm\/informacoes-uteis\/#breadcrumb"},"inLanguage":"pt-BR","potentialAction":[{"@type":"ReadAction","target":["https:\/\/ww16.ce.gov.br\/hm\/informacoes-uteis\/"]}]},{"@type":"BreadcrumbList","@id":"https:\/\/ww16.ce.gov.br\/hm\/informacoes-uteis\/#breadcrumb","itemListElement":[{"@type":"ListItem","position":1,"name":"In\u00edcio","item":"https:\/\/ww16.ce.gov.br\/hm\/"},{"@type":"ListItem","position":2,"name":"Informa\u00e7\u00f5es \u00dateis"}]},{"@type":"WebSite","@id":"https:\/\/ww16.ce.gov.br\/hm\/#website","url":"https:\/\/ww16.ce.gov.br\/hm\/","name":"Hospital de Messejana","description":"Modelo Padr\u00e3o do Estado","potentialAction":[{"@type":"SearchAction","target":{"@type":"EntryPoint","urlTemplate":"https:\/\/ww16.ce.gov.br\/hm\/?s={search_term_string}"},"query-input":{"@type":"PropertyValueSpecification","valueRequired":true,"valueName":"search_term_string"}}],"inLanguage":"pt-BR"}]}},"_links":{"self":[{"href":"https:\/\/ww16.ce.gov.br\/hm\/wp-json\/wp\/v2\/pages\/89","targetHints":{"allow":["GET"]}}],"collection":[{"href":"https:\/\/ww16.ce.gov.br\/hm\/wp-json\/wp\/v2\/pages"}],"about":[{"href":"https:\/\/ww16.ce.gov.br\/hm\/wp-json\/wp\/v2\/types\/page"}],"author":[{"embeddable":true,"href":"https:\/\/ww16.ce.gov.br\/hm\/wp-json\/wp\/v2\/users\/38"}],"replies":[{"embeddable":true,"href":"https:\/\/ww16.ce.gov.br\/hm\/wp-json\/wp\/v2\/comments?post=89"}],"version-history":[{"count":19,"href":"https:\/\/ww16.ce.gov.br\/hm\/wp-json\/wp\/v2\/pages\/89\/revisions"}],"predecessor-version":[{"id":2469,"href":"https:\/\/ww16.ce.gov.br\/hm\/wp-json\/wp\/v2\/pages\/89\/revisions\/2469"}],"wp:attachment":[{"href":"https:\/\/ww16.ce.gov.br\/hm\/wp-json\/wp\/v2\/media?parent=89"}],"curies":[{"name":"wp","href":"https:\/\/api.w.org\/{rel}","templated":true}]}}