{"id":71,"date":"2017-11-21T10:11:14","date_gmt":"2017-11-21T12:11:14","guid":{"rendered":"http:\/\/www.ceara.gov.br\/hm\/?page_id=71"},"modified":"2026-02-04T14:32:28","modified_gmt":"2026-02-04T17:32:28","slug":"quem-e-quem","status":"publish","type":"page","link":"https:\/\/ww16.ce.gov.br\/hm\/quem-e-quem\/","title":{"rendered":"Quem \u00e9 quem"},"content":{"rendered":"<div class=\"secretarios-container\"><div class=\"destaque-governo\" style=\"margin-bottom: 1.25rem;\"><div class=\"perfil-redes-sociais\"><img decoding=\"async\" src=\"https:\/\/ww16.ce.gov.br\/hm\/wp-content\/uploads\/sites\/25\/2025\/05\/Dr.-Adriano.png\" alt=\"Adriano Veras Oliveira\" class=\"governo-foto\"><div class=\"governo-redes-sociais\"><\/div><\/div><div class=\"governo-bio\"><h3 class=\"governo-nome\">Adriano Veras Oliveira<\/h3><div class=\"governo-bio-texto\"><p data-start=\"69\" data-end=\"343\">Possui gradua\u00e7\u00e3o em Medicina pela Universidade Federal do Cear\u00e1 (UFC). \u00c9 especialista em Mastologia e em Oncologia Cir\u00fargica pelo Instituto Nacional de C\u00e2ncer (INCA). Possui tamb\u00e9m gradua\u00e7\u00e3o em Direito pela Universidade de Fortaleza (Unifor) e mestrado em Gest\u00e3o da Sa\u00fade.<\/p>\n<p data-start=\"350\" data-end=\"521\">Na Secretaria da Sa\u00fade do Estado do Cear\u00e1 (Sesa), foi diretor-geral do Hospital Geral Dr. C\u00e9sar Cals (HGCC) e do Hospital e Maternidade Jos\u00e9 Martiniano de Alencar (HMJMA).<\/p>\n<\/div><\/div><\/div><div class=\"destaque-governo layout-alternating\" style=\"margin-bottom: 1.25rem;\"><div class=\"perfil-redes-sociais\"><img decoding=\"async\" src=\"https:\/\/ww16.ce.gov.br\/hm\/wp-content\/uploads\/sites\/25\/2023\/07\/Foto-Dra.-Isabel.png\" alt=\"Isabel Cristina Leite Maia\" class=\"governo-foto\"><div class=\"governo-redes-sociais\"><\/div><\/div><div class=\"governo-bio\"><div class=\"governo-orgao\">Diretora M\u00e9dica-Assistencial<\/div><h3 class=\"governo-nome\">Isabel Cristina Leite Maia<\/h3><div class=\"governo-bio-texto\"><p>Possui gradua\u00e7\u00e3o em Medicina pela Universidade Federal da Para\u00edba (UFPB), resid\u00eancia m\u00e9dica em Pediatria no Hospital Universit\u00e1rio Walter Cant\u00eddio e em Cardiologia Pedi\u00e1trica pelo Hospital de Messejana.<\/p>\n<p>Al\u00e9m de sua forma\u00e7\u00e3o cl\u00ednica, Isabel Cristina \u00e9 mestre em Transplantes pela Universidade Estadual do Cear\u00e1 (UECE) e est\u00e1 concluindo MBA em Gest\u00e3o em Sa\u00fade pela Pontif\u00edcia Universidade Cat\u00f3lica do Rio Grande do Sul (PUC-RS). Com uma carreira de 21 anos dedicada ao Servi\u00e7o de Cardiologia Pedi\u00e1trica do Hospital de Messejana, ela tem contribu\u00eddo significativamente para o cuidado e tratamento de crian\u00e7as com doen\u00e7as card\u00edacas.<\/p>\n<\/div><\/div><\/div><div class=\"destaque-governo\" style=\"margin-bottom: 1.25rem;\"><div class=\"perfil-redes-sociais\"><img decoding=\"async\" src=\"https:\/\/ww16.ce.gov.br\/hm\/wp-content\/uploads\/sites\/25\/2017\/11\/Foto-Dra.-agenla-2.png\" alt=\"\u00c2ngela Rocha Mapurunga\" class=\"governo-foto\"><div class=\"governo-redes-sociais\"><\/div><\/div><div class=\"governo-bio\"><div class=\"governo-orgao\">Diretora T\u00e9cnica<\/div><h3 class=\"governo-nome\">\u00c2ngela Rocha Mapurunga<\/h3><div class=\"governo-bio-texto\"><p align=\"justify\">M\u00e9dica graduada pela Universidade Federal do Cear\u00e1 (UFC), com resid\u00eancia em Pediatria no Hospital Infantil Albert Sabin (HIAS), pela Escola de Sa\u00fade P\u00fablica do Cear\u00e1 (ESP\/CE). Possui p\u00f3s-gradua\u00e7\u00e3o em Auditoria M\u00e9dica, MBA em Gest\u00e3o de Servi\u00e7os de Sa\u00fade pela Universidade de Fortaleza (UNIFOR) e Mestrado em Gest\u00e3o em Sa\u00fade pela Universidade Estadual do Cear\u00e1 (UECE).<\/p>\n<p>Na Secretaria da Sa\u00fade do Estado do Cear\u00e1 (Sesa), atuou como protagonista na implanta\u00e7\u00e3o da primeira Parceria P\u00fablico-Privada (PPP) em sa\u00fade no estado. Foi gestora dos contratos com o Instituto de Sa\u00fade e Gest\u00e3o Hospitalar (ISGH) e coordenou a reestrutura\u00e7\u00e3o do N\u00facleo de Avalia\u00e7\u00e3o de Tecnologias em Sa\u00fade (NATS).<\/p>\n<p>Atualmente, \u00e9 neonatologista no Hospital e Maternidade Jos\u00e9 Martiniano de Alencar (HMJMA), onde tamb\u00e9m atua como preceptora de alunos do internato da Faculdade de Medicina da Unichristus. Exerceu a fun\u00e7\u00e3o de diretora t\u00e9cnica do HMJMA entre 2022 e 2025.<\/p>\n<\/div><\/div><\/div><div class=\"destaque-governo layout-alternating\" style=\"margin-bottom: 1.25rem;\"><div class=\"perfil-redes-sociais\"><img decoding=\"async\" src=\"https:\/\/ww16.ce.gov.br\/hm\/wp-content\/uploads\/sites\/25\/2017\/11\/Joel-Miranda_-e1698345399685.jpeg\" alt=\"Joel Dantas Miranda\" class=\"governo-foto\"><div class=\"governo-redes-sociais\"><\/div><\/div><div class=\"governo-bio\"><h3 class=\"governo-nome\">Joel Dantas Miranda<\/h3><div class=\"governo-bio-texto\"><p>Possui gradua\u00e7\u00e3o em administra\u00e7\u00e3o de empresas e especializa\u00e7\u00e3o em administra\u00e7\u00e3o hospitalar pela Universidade Paulista. \u00c9 especialista em mercados financeiros e de capitais pela Funda\u00e7\u00e3o Get\u00falio Vargas. Atuou como diretor Administrativo-Financeiro do Hospital C\u00e9sar Cals, da Secretaria de Sa\u00fade do Cear\u00e1. Tem experi\u00eancia como diretor-geral de outros grandes hospitais, como a Casa de Sa\u00fade e Maternidade, em Teresina, e no Hospital S\u00e3o Raimundo, na cidade de Crato.<\/p>\n<\/div><\/div><\/div><div class=\"div-listagem-cards-secretarios\"><div class=\"div-lista-cards secretarios-grid\"><\/div><\/div><\/div>\n\n    <div class=\"wp-block-cegovbr-ramais\">\n                <form class=\"form-pesquisa-ramal ramais-search mb-4\" id=\"form-pesquisa-ramal\" role=\"search\" aria-label=\"Pesquisar ramais\">\n            <div class=\"ramais-search-row\">\n                <div class=\"ramais-search-input\">\n                    <label for=\"funcionario\" class=\"form-label visually-hidden\">Buscar ramal<\/label>\n                    <div class=\"ramais-input-wrapper\">\n                        <span class=\"material-symbols-outlined ramais-input-icon\" aria-hidden=\"true\">search<\/span>\n                        <input type=\"search\" class=\"form-control ramais-input\" name=\"funcionario\" id=\"funcionario\" placeholder=\"Busque ramal\" autocomplete=\"off\">\n                    <\/div>\n                <\/div>\n                <div class=\"ramais-search-button\">\n                    <button type=\"submit\" class=\"btn btn-ramal-buscar d-flex align-items-center justify-content-center\" title=\"Pesquisar ramal\">\n                        <span class=\"material-symbols-outlined ramais-btn-icon\" aria-hidden=\"true\">search<\/span>\n                        <span class=\"btn-ramal-text\" style=\"font-family: 'Kanit', sans-serif; font-weight: 400; font-style: normal; font-size: 1.25rem; line-height: 100%; letter-spacing: 0;\">Buscar<\/span>\n                    <\/button>\n                <\/div>\n            <\/div>\n        <\/form>\n                <div class=\"pgramais-header\">\n            <span>Setor<\/span>\n            <span>Ramal<\/span>\n            <span>Coordenador<\/span>\n            <span>Outros ramais<\/span>\n        <\/div>\n        <div class=\"ramais-cards-wrapper\">\n                            <div class=\"ramal-card\">\n                    <div class=\"ramal-card-row\">\n                        <div class=\"ramal-setor\">Assessoria de Comunica\u00e7\u00e3o e Imprensa<\/div>\n                        <div class=\"ramal-numero\">(85) 3125-9625<\/div>\n                        <div class=\"ramal-coordenador\">Jessica Fortes<\/div>\n                        <div class=\"ramal-mais\" data-outros-ramais=\"\">\n                                                        <button type=\"button\" class=\"ramal-ver-mais\" data-ramal-id=\"manual-0\" data-outros-ramais=\"\">Mais informa\u00e7\u00f5es<\/button>\n                                                    <\/div>\n                    <\/div>\n                <\/div>\n                            <div class=\"ramal-card\">\n                    <div class=\"ramal-card-row\">\n                        <div class=\"ramal-setor\">Centro de Estudos (CEAP)<\/div>\n                        <div class=\"ramal-numero\">(85) 3106-4276<\/div>\n                        <div class=\"ramal-coordenador\">Filadelfo Rodrigues<\/div>\n                        <div class=\"ramal-mais\" data-outros-ramais=\"\">\n                                                        <button type=\"button\" class=\"ramal-ver-mais\" data-ramal-id=\"manual-1\" data-outros-ramais=\"\">Mais informa\u00e7\u00f5es<\/button>\n                                                    <\/div>\n                    <\/div>\n                <\/div>\n                            <div class=\"ramal-card\">\n                    <div class=\"ramal-card-row\">\n                        <div class=\"ramal-setor\">Dire\u00e7\u00e3o Administrativa<\/div>\n                        <div class=\"ramal-numero\">(85) 3125-9726<\/div>\n                        <div class=\"ramal-coordenador\">Joel Dantas Miranda<\/div>\n                        <div class=\"ramal-mais\" data-outros-ramais=\"(85) 3125-9725\">\n                                                        <button type=\"button\" class=\"ramal-ver-mais\" data-ramal-id=\"manual-2\" data-outros-ramais=\"(85) 3125-9725\">Mais informa\u00e7\u00f5es<\/button>\n                                                    <\/div>\n                    <\/div>\n                <\/div>\n                            <div class=\"ramal-card\">\n                    <div class=\"ramal-card-row\">\n                        <div class=\"ramal-setor\">Dire\u00e7\u00e3o Geral<\/div>\n                        <div class=\"ramal-numero\">(85) 3125-9722<\/div>\n                        <div class=\"ramal-coordenador\">Adriano Veras Oliveira<\/div>\n                        <div class=\"ramal-mais\" data-outros-ramais=\"\">\n                                                        <button type=\"button\" class=\"ramal-ver-mais\" data-ramal-id=\"manual-3\" data-outros-ramais=\"\">Mais informa\u00e7\u00f5es<\/button>\n                                                    <\/div>\n                    <\/div>\n                <\/div>\n                            <div class=\"ramal-card\">\n                    <div class=\"ramal-card-row\">\n                        <div class=\"ramal-setor\">Dire\u00e7\u00e3o M\u00e9dica<\/div>\n                        <div class=\"ramal-numero\">(85) 3125-9723<\/div>\n                        <div class=\"ramal-coordenador\">Isabel Cristina Leite Maia<\/div>\n                        <div class=\"ramal-mais\" data-outros-ramais=\"\">\n                                                        <button type=\"button\" class=\"ramal-ver-mais\" data-ramal-id=\"manual-4\" data-outros-ramais=\"\">Mais informa\u00e7\u00f5es<\/button>\n                                                    <\/div>\n                    <\/div>\n                <\/div>\n                            <div class=\"ramal-card\">\n                    <div class=\"ramal-card-row\">\n                        <div class=\"ramal-setor\">Dire\u00e7\u00e3o T\u00e9cnica<\/div>\n                        <div class=\"ramal-numero\">(85) 3125-9724<\/div>\n                        <div class=\"ramal-coordenador\">\u00c2ngela Rocha Mapurunga<\/div>\n                        <div class=\"ramal-mais\" data-outros-ramais=\"\">\n                                                        <button type=\"button\" class=\"ramal-ver-mais\" data-ramal-id=\"manual-5\" data-outros-ramais=\"\">Mais informa\u00e7\u00f5es<\/button>\n                                                    <\/div>\n                    <\/div>\n                <\/div>\n                            <div class=\"ramal-card\">\n                    <div class=\"ramal-card-row\">\n                        <div class=\"ramal-setor\">N\u00facleo de Atendimento ao Cliente (NAC)<\/div>\n                        <div class=\"ramal-numero\">(85) 3125-9674<\/div>\n                        <div class=\"ramal-coordenador\">F\u00e1tima Cavalcante<\/div>\n                        <div class=\"ramal-mais\" data-outros-ramais=\"(85) 3106-4352\n(85) 3125-9676\n(85) 3125-9675\">\n                                                        <button type=\"button\" class=\"ramal-ver-mais\" data-ramal-id=\"manual-6\" data-outros-ramais=\"(85) 3106-4352\n(85) 3125-9676\n(85) 3125-9675\">Mais informa\u00e7\u00f5es<\/button>\n                                                    <\/div>\n                    <\/div>\n                <\/div>\n                            <div class=\"ramal-card\">\n                    <div class=\"ramal-card-row\">\n                        <div class=\"ramal-setor\">N\u00facleo Interno de Regula\u00e7\u00e3o (NIR)<\/div>\n                        <div class=\"ramal-numero\">(85) 3106-4396<\/div>\n                        <div class=\"ramal-coordenador\">Daniel Cavalcante<\/div>\n                        <div class=\"ramal-mais\" data-outros-ramais=\"(85) 3106-4397\">\n                                                        <button type=\"button\" class=\"ramal-ver-mais\" data-ramal-id=\"manual-7\" data-outros-ramais=\"(85) 3106-4397\">Mais informa\u00e7\u00f5es<\/button>\n                                                    <\/div>\n                    <\/div>\n                <\/div>\n                            <div class=\"ramal-card\">\n                    <div class=\"ramal-card-row\">\n                        <div class=\"ramal-setor\">N\u00facleo de Pessoas<\/div>\n                        <div class=\"ramal-numero\">(85) 3125-9620<\/div>\n                        <div class=\"ramal-coordenador\">Roberto<\/div>\n                        <div class=\"ramal-mais\" data-outros-ramais=\"\">\n                                                        <button type=\"button\" class=\"ramal-ver-mais\" data-ramal-id=\"manual-8\" data-outros-ramais=\"\">Mais informa\u00e7\u00f5es<\/button>\n                                                    <\/div>\n                    <\/div>\n                <\/div>\n                            <div class=\"ramal-card\">\n                    <div class=\"ramal-card-row\">\n                        <div class=\"ramal-setor\">N\u00facleo de Tecnologia da Informa\u00e7\u00e3o<\/div>\n                        <div class=\"ramal-numero\">(85) 3106-4270<\/div>\n                        <div class=\"ramal-coordenador\">Willer Dantas<\/div>\n                        <div class=\"ramal-mais\" data-outros-ramais=\"\">\n                                                        <button type=\"button\" class=\"ramal-ver-mais\" data-ramal-id=\"manual-9\" data-outros-ramais=\"\">Mais informa\u00e7\u00f5es<\/button>\n                                                    <\/div>\n                    <\/div>\n                <\/div>\n                    <\/div>\n    <\/div>\n    ","protected":false},"excerpt":{"rendered":"","protected":false},"author":38,"featured_media":0,"parent":0,"menu_order":0,"comment_status":"closed","ping_status":"closed","template":"page-secretarios.php","meta":{"_acf_changed":false,"inline_featured_image":false,"footnotes":""},"class_list":["post-71","page","type-page","status-publish","hentry"],"acf":[],"yoast_head":"<!-- This site is optimized with the Yoast SEO plugin v26.9 - https:\/\/yoast.com\/product\/yoast-seo-wordpress\/ -->\n<title>Quem \u00e9 quem - Hospital de Messejana<\/title>\n<meta name=\"robots\" content=\"index, follow, max-snippet:-1, max-image-preview:large, max-video-preview:-1\" \/>\n<link rel=\"canonical\" href=\"https:\/\/ww16.ce.gov.br\/hm\/quem-e-quem\/\" \/>\n<meta property=\"og:locale\" content=\"pt_BR\" \/>\n<meta property=\"og:type\" content=\"article\" \/>\n<meta property=\"og:title\" content=\"Quem \u00e9 quem - Hospital de Messejana\" \/>\n<meta property=\"og:url\" content=\"https:\/\/ww16.ce.gov.br\/hm\/quem-e-quem\/\" \/>\n<meta property=\"og:site_name\" content=\"Hospital de Messejana\" \/>\n<meta property=\"article:modified_time\" content=\"2026-02-04T17:32:28+00:00\" \/>\n<meta name=\"twitter:card\" content=\"summary_large_image\" \/>\n<script type=\"application\/ld+json\" class=\"yoast-schema-graph\">{\"@context\":\"https:\/\/schema.org\",\"@graph\":[{\"@type\":\"WebPage\",\"@id\":\"https:\/\/ww16.ce.gov.br\/hm\/quem-e-quem\/\",\"url\":\"https:\/\/ww16.ce.gov.br\/hm\/quem-e-quem\/\",\"name\":\"Quem \u00e9 quem - Hospital de Messejana\",\"isPartOf\":{\"@id\":\"https:\/\/ww16.ce.gov.br\/hm\/#website\"},\"datePublished\":\"2017-11-21T12:11:14+00:00\",\"dateModified\":\"2026-02-04T17:32:28+00:00\",\"breadcrumb\":{\"@id\":\"https:\/\/ww16.ce.gov.br\/hm\/quem-e-quem\/#breadcrumb\"},\"inLanguage\":\"pt-BR\",\"potentialAction\":[{\"@type\":\"ReadAction\",\"target\":[\"https:\/\/ww16.ce.gov.br\/hm\/quem-e-quem\/\"]}]},{\"@type\":\"BreadcrumbList\",\"@id\":\"https:\/\/ww16.ce.gov.br\/hm\/quem-e-quem\/#breadcrumb\",\"itemListElement\":[{\"@type\":\"ListItem\",\"position\":1,\"name\":\"In\u00edcio\",\"item\":\"https:\/\/ww16.ce.gov.br\/hm\/\"},{\"@type\":\"ListItem\",\"position\":2,\"name\":\"Quem \u00e9 quem\"}]},{\"@type\":\"WebSite\",\"@id\":\"https:\/\/ww16.ce.gov.br\/hm\/#website\",\"url\":\"https:\/\/ww16.ce.gov.br\/hm\/\",\"name\":\"Hospital de Messejana\",\"description\":\"Modelo Padr\u00e3o do Estado\",\"potentialAction\":[{\"@type\":\"SearchAction\",\"target\":{\"@type\":\"EntryPoint\",\"urlTemplate\":\"https:\/\/ww16.ce.gov.br\/hm\/?s={search_term_string}\"},\"query-input\":{\"@type\":\"PropertyValueSpecification\",\"valueRequired\":true,\"valueName\":\"search_term_string\"}}],\"inLanguage\":\"pt-BR\"}]}<\/script>\n<!-- \/ Yoast SEO plugin. -->","yoast_head_json":{"title":"Quem \u00e9 quem - Hospital de Messejana","robots":{"index":"index","follow":"follow","max-snippet":"max-snippet:-1","max-image-preview":"max-image-preview:large","max-video-preview":"max-video-preview:-1"},"canonical":"https:\/\/ww16.ce.gov.br\/hm\/quem-e-quem\/","og_locale":"pt_BR","og_type":"article","og_title":"Quem \u00e9 quem - Hospital de Messejana","og_url":"https:\/\/ww16.ce.gov.br\/hm\/quem-e-quem\/","og_site_name":"Hospital de Messejana","article_modified_time":"2026-02-04T17:32:28+00:00","twitter_card":"summary_large_image","schema":{"@context":"https:\/\/schema.org","@graph":[{"@type":"WebPage","@id":"https:\/\/ww16.ce.gov.br\/hm\/quem-e-quem\/","url":"https:\/\/ww16.ce.gov.br\/hm\/quem-e-quem\/","name":"Quem \u00e9 quem - Hospital de Messejana","isPartOf":{"@id":"https:\/\/ww16.ce.gov.br\/hm\/#website"},"datePublished":"2017-11-21T12:11:14+00:00","dateModified":"2026-02-04T17:32:28+00:00","breadcrumb":{"@id":"https:\/\/ww16.ce.gov.br\/hm\/quem-e-quem\/#breadcrumb"},"inLanguage":"pt-BR","potentialAction":[{"@type":"ReadAction","target":["https:\/\/ww16.ce.gov.br\/hm\/quem-e-quem\/"]}]},{"@type":"BreadcrumbList","@id":"https:\/\/ww16.ce.gov.br\/hm\/quem-e-quem\/#breadcrumb","itemListElement":[{"@type":"ListItem","position":1,"name":"In\u00edcio","item":"https:\/\/ww16.ce.gov.br\/hm\/"},{"@type":"ListItem","position":2,"name":"Quem \u00e9 quem"}]},{"@type":"WebSite","@id":"https:\/\/ww16.ce.gov.br\/hm\/#website","url":"https:\/\/ww16.ce.gov.br\/hm\/","name":"Hospital de Messejana","description":"Modelo Padr\u00e3o do Estado","potentialAction":[{"@type":"SearchAction","target":{"@type":"EntryPoint","urlTemplate":"https:\/\/ww16.ce.gov.br\/hm\/?s={search_term_string}"},"query-input":{"@type":"PropertyValueSpecification","valueRequired":true,"valueName":"search_term_string"}}],"inLanguage":"pt-BR"}]}},"_links":{"self":[{"href":"https:\/\/ww16.ce.gov.br\/hm\/wp-json\/wp\/v2\/pages\/71","targetHints":{"allow":["GET"]}}],"collection":[{"href":"https:\/\/ww16.ce.gov.br\/hm\/wp-json\/wp\/v2\/pages"}],"about":[{"href":"https:\/\/ww16.ce.gov.br\/hm\/wp-json\/wp\/v2\/types\/page"}],"author":[{"embeddable":true,"href":"https:\/\/ww16.ce.gov.br\/hm\/wp-json\/wp\/v2\/users\/38"}],"replies":[{"embeddable":true,"href":"https:\/\/ww16.ce.gov.br\/hm\/wp-json\/wp\/v2\/comments?post=71"}],"version-history":[{"count":39,"href":"https:\/\/ww16.ce.gov.br\/hm\/wp-json\/wp\/v2\/pages\/71\/revisions"}],"predecessor-version":[{"id":4554,"href":"https:\/\/ww16.ce.gov.br\/hm\/wp-json\/wp\/v2\/pages\/71\/revisions\/4554"}],"wp:attachment":[{"href":"https:\/\/ww16.ce.gov.br\/hm\/wp-json\/wp\/v2\/media?parent=71"}],"curies":[{"name":"wp","href":"https:\/\/api.w.org\/{rel}","templated":true}]}}