{"id":4826,"date":"2026-02-06T14:49:04","date_gmt":"2026-02-06T17:49:04","guid":{"rendered":"http:\/\/ww16.ce.gov.br\/hm\/?page_id=4826"},"modified":"2026-02-06T14:53:32","modified_gmt":"2026-02-06T17:53:32","slug":"o-hospital","status":"publish","type":"page","link":"https:\/\/ww16.ce.gov.br\/hm\/o-hospital\/","title":{"rendered":"O Hospital"},"content":{"rendered":"\n<figure class=\"wp-block-image size-large\"><img loading=\"lazy\" decoding=\"async\" width=\"1200\" height=\"799\" src=\"https:\/\/ww16.ce.gov.br\/hm\/wp-content\/uploads\/sites\/25\/2026\/02\/transplante_Hospital-de-Messejana-1536x1023-1-1200x799.jpeg\" alt=\"\" class=\"wp-image-4828\" srcset=\"https:\/\/ww16.ce.gov.br\/hm\/wp-content\/uploads\/sites\/25\/2026\/02\/transplante_Hospital-de-Messejana-1536x1023-1-1200x799.jpeg 1200w, https:\/\/ww16.ce.gov.br\/hm\/wp-content\/uploads\/sites\/25\/2026\/02\/transplante_Hospital-de-Messejana-1536x1023-1-600x400.jpeg 600w, https:\/\/ww16.ce.gov.br\/hm\/wp-content\/uploads\/sites\/25\/2026\/02\/transplante_Hospital-de-Messejana-1536x1023-1-768x512.jpeg 768w, https:\/\/ww16.ce.gov.br\/hm\/wp-content\/uploads\/sites\/25\/2026\/02\/transplante_Hospital-de-Messejana-1536x1023-1.jpeg 1536w\" sizes=\"auto, (max-width: 1200px) 100vw, 1200px\" \/><\/figure>\n\n\n\n<div style=\"height:20px\" aria-hidden=\"true\" class=\"wp-block-spacer\"><\/div>\n\n\n\n<p>O Hospital de Messejana Dr. Carlos Alberto Studart Gomes (HM) \u00e9 um equipamento p\u00fablico terci\u00e1rio, especializado no diagn\u00f3stico e no tratamento de doen\u00e7as card\u00edacas e pulmonares. Atualmente, a institui\u00e7\u00e3o conta com 491 leitos de interna\u00e7\u00e3o, sendo 70 deles de Unidade de Terapia Intensiva (UTI). Fundado em 1933, o HM \u00e9 refer\u00eancia em procedimentos de alta complexidade, como transplantes card\u00edacos adultos e pedi\u00e1tricos. Em junho de 2011, tornou-se o primeiro hospital do Norte e Nordeste a realizar transplante pulmonar.<\/p>\n\n\n\n<p>Gerenciado pela Secretaria da Sa\u00fade do Cear\u00e1 (Sesa), o HM acolhe demandas dos 184 munic\u00edpios do Estado e de outras regi\u00f5es do Brasil, tanto na Emerg\u00eancia quanto nos 25 ambulat\u00f3rios do Servi\u00e7o de Pacientes Externos.<\/p>\n\n\n\n<p>Outro setor de grande relev\u00e2ncia \u00e9 a Hemodin\u00e2mica, que realiza procedimentos diagn\u00f3sticos e terap\u00eauticos na \u00e1rea cardiovascular, 24h por dia, todos os dias da semana. Por m\u00eas, s\u00e3o realizadas cerca de 750 interven\u00e7\u00f5es m\u00e9dicas, entre angioplastia, cateterismo card\u00edaco, tratamento de doen\u00e7as estruturais cong\u00eanitas, avalia\u00e7\u00f5es para transplantes card\u00edacos, bi\u00f3psia do mioc\u00e1rdio, coloca\u00e7\u00e3o de marca-passos, diagn\u00f3stico e procedimentos terap\u00eauticos em crian\u00e7as portadoras de cardiopatia cong\u00eanita, estudo eletrofisiol\u00f3gico e terap\u00eautica das arritmias card\u00edacas, al\u00e9m de procedimentos diagn\u00f3sticos e terap\u00eauticos na \u00e1rea endovascular.<\/p>\n\n\n\n<p>O Hospital de Messejana tamb\u00e9m se destaca pelos servi\u00e7os de Reabilita\u00e7\u00e3o Card\u00edaca e Pulmonar, que funcionam como esp\u00e9cie de academia monitorada e t\u00eam, como componentes principais, o treinamento f\u00edsico e a reabilita\u00e7\u00e3o de pacientes transplantados, com doen\u00e7as pulmonares cr\u00f4nicas e insufici\u00eancia card\u00edaca.<\/p>\n\n\n\n<p>Na \u00e1rea do ensino e da pesquisa, o HM \u00e9 destaque nas resid\u00eancias m\u00e9dicas em Cardiologia Cl\u00ednica, Cardiologia Pedi\u00e1trica, Pneumologia Cl\u00ednica, Cirurgia Cardiovascular, Cirurgia Tor\u00e1cica, Ecocardiografia, Hemodin\u00e2mica e Cardiologia Intervencionista, Terapia Intensiva e Medicina de Emerg\u00eancia, al\u00e9m de resid\u00eancias multiprofissionais em Odontologia, Nutri\u00e7\u00e3o, Psicologia, Servi\u00e7o Social, Farm\u00e1cia, Terapia Ocupacional, Fonoaudiologia e Fisioterapia.<\/p>\n\n\n\n<p class=\"has-medium-font-size\"><strong>Prop\u00f3sito<\/strong><\/p>\n\n\n\n<p>Contribuir para o bem-estar e felicidade das pessoas<\/p>\n\n\n\n<p class=\"has-medium-font-size\"><strong>Miss\u00e3o<\/strong><\/p>\n\n\n\n<p>Prover assist\u00eancia de alta complexidade, ensino, pesquisa e inova\u00e7\u00e3o com foco nas \u00e1reas cardiovascular e respirat\u00f3ria, de forma integrada \u00e0 rede de aten\u00e7\u00e3o \u00e0 sa\u00fade.<\/p>\n\n\n\n<p class=\"has-medium-font-size\"><strong>Vis\u00e3o<\/strong><\/p>\n\n\n\n<p>Ser refer\u00eancia nacional como centro de excel\u00eancia em assist\u00eancia especializada, ensino, pesquisa e inova\u00e7\u00e3o com foco nas \u00e1reas cardiovascular e respirat\u00f3ria.<\/p>\n\n\n\n<p class=\"has-medium-font-size\"><strong>Valores organizacionais<\/strong><\/p>\n\n\n\n<p>1. Resultado centrado no cidad\u00e3o;<\/p>\n\n\n\n<p>2. Humaniza\u00e7\u00e3o do atendimento;<\/p>\n\n\n\n<p>3. Valoriza\u00e7\u00e3o das pessoas;<\/p>\n\n\n\n<p>4. Transpar\u00eancia;<\/p>\n\n\n\n<p>5. Conhecimento e inova\u00e7\u00e3o.<\/p>\n","protected":false},"excerpt":{"rendered":"<p>O Hospital de Messejana Dr. Carlos Alberto Studart Gomes (HM) \u00e9 um equipamento p\u00fablico terci\u00e1rio, especializado no diagn\u00f3stico e no tratamento de doen\u00e7as card\u00edacas e pulmonares. Atualmente, a institui\u00e7\u00e3o conta com 491 leitos de interna\u00e7\u00e3o, sendo 70 deles de Unidade de Terapia Intensiva (UTI). Fundado em 1933, o HM \u00e9 refer\u00eancia em procedimentos de alta [&hellip;]<\/p>\n","protected":false},"author":38,"featured_media":0,"parent":0,"menu_order":0,"comment_status":"closed","ping_status":"closed","template":"","meta":{"_acf_changed":false,"inline_featured_image":false,"footnotes":""},"class_list":["post-4826","page","type-page","status-publish","hentry"],"acf":[],"yoast_head":"<!-- This site is optimized with the Yoast SEO plugin v26.9 - https:\/\/yoast.com\/product\/yoast-seo-wordpress\/ -->\n<title>O Hospital - Hospital de Messejana<\/title>\n<meta name=\"robots\" content=\"index, follow, max-snippet:-1, max-image-preview:large, max-video-preview:-1\" \/>\n<link rel=\"canonical\" href=\"https:\/\/ww16.ce.gov.br\/hm\/o-hospital\/\" \/>\n<meta property=\"og:locale\" content=\"pt_BR\" \/>\n<meta property=\"og:type\" content=\"article\" \/>\n<meta property=\"og:title\" content=\"O Hospital - Hospital de Messejana\" \/>\n<meta property=\"og:description\" content=\"O Hospital de Messejana Dr. Carlos Alberto Studart Gomes (HM) \u00e9 um equipamento p\u00fablico terci\u00e1rio, especializado no diagn\u00f3stico e no tratamento de doen\u00e7as card\u00edacas e pulmonares. Atualmente, a institui\u00e7\u00e3o conta com 491 leitos de interna\u00e7\u00e3o, sendo 70 deles de Unidade de Terapia Intensiva (UTI). Fundado em 1933, o HM \u00e9 refer\u00eancia em procedimentos de alta [&hellip;]\" \/>\n<meta property=\"og:url\" content=\"https:\/\/ww16.ce.gov.br\/hm\/o-hospital\/\" \/>\n<meta property=\"og:site_name\" content=\"Hospital de Messejana\" \/>\n<meta property=\"article:modified_time\" content=\"2026-02-06T17:53:32+00:00\" \/>\n<meta property=\"og:image\" content=\"http:\/\/ww16.ce.gov.br\/hm\/wp-content\/uploads\/sites\/25\/2026\/02\/transplante_Hospital-de-Messejana-1536x1023-1-1200x799.jpeg\" \/>\n<meta name=\"twitter:card\" content=\"summary_large_image\" \/>\n<meta name=\"twitter:label1\" content=\"Est. reading time\" \/>\n\t<meta name=\"twitter:data1\" content=\"3 minutos\" \/>\n<script type=\"application\/ld+json\" class=\"yoast-schema-graph\">{\"@context\":\"https:\/\/schema.org\",\"@graph\":[{\"@type\":\"WebPage\",\"@id\":\"https:\/\/ww16.ce.gov.br\/hm\/o-hospital\/\",\"url\":\"https:\/\/ww16.ce.gov.br\/hm\/o-hospital\/\",\"name\":\"O Hospital - Hospital de Messejana\",\"isPartOf\":{\"@id\":\"https:\/\/ww16.ce.gov.br\/hm\/#website\"},\"primaryImageOfPage\":{\"@id\":\"https:\/\/ww16.ce.gov.br\/hm\/o-hospital\/#primaryimage\"},\"image\":{\"@id\":\"https:\/\/ww16.ce.gov.br\/hm\/o-hospital\/#primaryimage\"},\"thumbnailUrl\":\"http:\/\/ww16.ce.gov.br\/hm\/wp-content\/uploads\/sites\/25\/2026\/02\/transplante_Hospital-de-Messejana-1536x1023-1-1200x799.jpeg\",\"datePublished\":\"2026-02-06T17:49:04+00:00\",\"dateModified\":\"2026-02-06T17:53:32+00:00\",\"breadcrumb\":{\"@id\":\"https:\/\/ww16.ce.gov.br\/hm\/o-hospital\/#breadcrumb\"},\"inLanguage\":\"pt-BR\",\"potentialAction\":[{\"@type\":\"ReadAction\",\"target\":[\"https:\/\/ww16.ce.gov.br\/hm\/o-hospital\/\"]}]},{\"@type\":\"ImageObject\",\"inLanguage\":\"pt-BR\",\"@id\":\"https:\/\/ww16.ce.gov.br\/hm\/o-hospital\/#primaryimage\",\"url\":\"https:\/\/ww16.ce.gov.br\/hm\/wp-content\/uploads\/sites\/25\/2026\/02\/transplante_Hospital-de-Messejana-1536x1023-1.jpeg\",\"contentUrl\":\"https:\/\/ww16.ce.gov.br\/hm\/wp-content\/uploads\/sites\/25\/2026\/02\/transplante_Hospital-de-Messejana-1536x1023-1.jpeg\",\"width\":1536,\"height\":1023},{\"@type\":\"BreadcrumbList\",\"@id\":\"https:\/\/ww16.ce.gov.br\/hm\/o-hospital\/#breadcrumb\",\"itemListElement\":[{\"@type\":\"ListItem\",\"position\":1,\"name\":\"In\u00edcio\",\"item\":\"https:\/\/ww16.ce.gov.br\/hm\/\"},{\"@type\":\"ListItem\",\"position\":2,\"name\":\"O Hospital\"}]},{\"@type\":\"WebSite\",\"@id\":\"https:\/\/ww16.ce.gov.br\/hm\/#website\",\"url\":\"https:\/\/ww16.ce.gov.br\/hm\/\",\"name\":\"Hospital de Messejana\",\"description\":\"Modelo Padr\u00e3o do Estado\",\"potentialAction\":[{\"@type\":\"SearchAction\",\"target\":{\"@type\":\"EntryPoint\",\"urlTemplate\":\"https:\/\/ww16.ce.gov.br\/hm\/?s={search_term_string}\"},\"query-input\":{\"@type\":\"PropertyValueSpecification\",\"valueRequired\":true,\"valueName\":\"search_term_string\"}}],\"inLanguage\":\"pt-BR\"}]}<\/script>\n<!-- \/ Yoast SEO plugin. -->","yoast_head_json":{"title":"O Hospital - Hospital de Messejana","robots":{"index":"index","follow":"follow","max-snippet":"max-snippet:-1","max-image-preview":"max-image-preview:large","max-video-preview":"max-video-preview:-1"},"canonical":"https:\/\/ww16.ce.gov.br\/hm\/o-hospital\/","og_locale":"pt_BR","og_type":"article","og_title":"O Hospital - Hospital de Messejana","og_description":"O Hospital de Messejana Dr. Carlos Alberto Studart Gomes (HM) \u00e9 um equipamento p\u00fablico terci\u00e1rio, especializado no diagn\u00f3stico e no tratamento de doen\u00e7as card\u00edacas e pulmonares. Atualmente, a institui\u00e7\u00e3o conta com 491 leitos de interna\u00e7\u00e3o, sendo 70 deles de Unidade de Terapia Intensiva (UTI). Fundado em 1933, o HM \u00e9 refer\u00eancia em procedimentos de alta [&hellip;]","og_url":"https:\/\/ww16.ce.gov.br\/hm\/o-hospital\/","og_site_name":"Hospital de Messejana","article_modified_time":"2026-02-06T17:53:32+00:00","og_image":[{"url":"http:\/\/ww16.ce.gov.br\/hm\/wp-content\/uploads\/sites\/25\/2026\/02\/transplante_Hospital-de-Messejana-1536x1023-1-1200x799.jpeg","type":"","width":"","height":""}],"twitter_card":"summary_large_image","twitter_misc":{"Est. reading time":"3 minutos"},"schema":{"@context":"https:\/\/schema.org","@graph":[{"@type":"WebPage","@id":"https:\/\/ww16.ce.gov.br\/hm\/o-hospital\/","url":"https:\/\/ww16.ce.gov.br\/hm\/o-hospital\/","name":"O Hospital - Hospital de Messejana","isPartOf":{"@id":"https:\/\/ww16.ce.gov.br\/hm\/#website"},"primaryImageOfPage":{"@id":"https:\/\/ww16.ce.gov.br\/hm\/o-hospital\/#primaryimage"},"image":{"@id":"https:\/\/ww16.ce.gov.br\/hm\/o-hospital\/#primaryimage"},"thumbnailUrl":"http:\/\/ww16.ce.gov.br\/hm\/wp-content\/uploads\/sites\/25\/2026\/02\/transplante_Hospital-de-Messejana-1536x1023-1-1200x799.jpeg","datePublished":"2026-02-06T17:49:04+00:00","dateModified":"2026-02-06T17:53:32+00:00","breadcrumb":{"@id":"https:\/\/ww16.ce.gov.br\/hm\/o-hospital\/#breadcrumb"},"inLanguage":"pt-BR","potentialAction":[{"@type":"ReadAction","target":["https:\/\/ww16.ce.gov.br\/hm\/o-hospital\/"]}]},{"@type":"ImageObject","inLanguage":"pt-BR","@id":"https:\/\/ww16.ce.gov.br\/hm\/o-hospital\/#primaryimage","url":"https:\/\/ww16.ce.gov.br\/hm\/wp-content\/uploads\/sites\/25\/2026\/02\/transplante_Hospital-de-Messejana-1536x1023-1.jpeg","contentUrl":"https:\/\/ww16.ce.gov.br\/hm\/wp-content\/uploads\/sites\/25\/2026\/02\/transplante_Hospital-de-Messejana-1536x1023-1.jpeg","width":1536,"height":1023},{"@type":"BreadcrumbList","@id":"https:\/\/ww16.ce.gov.br\/hm\/o-hospital\/#breadcrumb","itemListElement":[{"@type":"ListItem","position":1,"name":"In\u00edcio","item":"https:\/\/ww16.ce.gov.br\/hm\/"},{"@type":"ListItem","position":2,"name":"O Hospital"}]},{"@type":"WebSite","@id":"https:\/\/ww16.ce.gov.br\/hm\/#website","url":"https:\/\/ww16.ce.gov.br\/hm\/","name":"Hospital de Messejana","description":"Modelo Padr\u00e3o do Estado","potentialAction":[{"@type":"SearchAction","target":{"@type":"EntryPoint","urlTemplate":"https:\/\/ww16.ce.gov.br\/hm\/?s={search_term_string}"},"query-input":{"@type":"PropertyValueSpecification","valueRequired":true,"valueName":"search_term_string"}}],"inLanguage":"pt-BR"}]}},"_links":{"self":[{"href":"https:\/\/ww16.ce.gov.br\/hm\/wp-json\/wp\/v2\/pages\/4826","targetHints":{"allow":["GET"]}}],"collection":[{"href":"https:\/\/ww16.ce.gov.br\/hm\/wp-json\/wp\/v2\/pages"}],"about":[{"href":"https:\/\/ww16.ce.gov.br\/hm\/wp-json\/wp\/v2\/types\/page"}],"author":[{"embeddable":true,"href":"https:\/\/ww16.ce.gov.br\/hm\/wp-json\/wp\/v2\/users\/38"}],"replies":[{"embeddable":true,"href":"https:\/\/ww16.ce.gov.br\/hm\/wp-json\/wp\/v2\/comments?post=4826"}],"version-history":[{"count":4,"href":"https:\/\/ww16.ce.gov.br\/hm\/wp-json\/wp\/v2\/pages\/4826\/revisions"}],"predecessor-version":[{"id":4841,"href":"https:\/\/ww16.ce.gov.br\/hm\/wp-json\/wp\/v2\/pages\/4826\/revisions\/4841"}],"wp:attachment":[{"href":"https:\/\/ww16.ce.gov.br\/hm\/wp-json\/wp\/v2\/media?parent=4826"}],"curies":[{"name":"wp","href":"https:\/\/api.w.org\/{rel}","templated":true}]}}