{"id":4791,"date":"2026-02-06T13:43:27","date_gmt":"2026-02-06T16:43:27","guid":{"rendered":"http:\/\/ww16.ce.gov.br\/hm\/?page_id=4791"},"modified":"2026-02-06T14:34:03","modified_gmt":"2026-02-06T17:34:03","slug":"historico","status":"publish","type":"page","link":"https:\/\/ww16.ce.gov.br\/hm\/historico\/","title":{"rendered":"Hist\u00f3rico"},"content":{"rendered":"\n<figure class=\"wp-block-image aligncenter size-full is-resized is-style-default\"><img loading=\"lazy\" decoding=\"async\" width=\"400\" height=\"250\" src=\"https:\/\/ww16.ce.gov.br\/hm\/wp-content\/uploads\/sites\/25\/2026\/02\/Fachada-antiga-1-1.jpg\" alt=\"\" class=\"wp-image-4793\" style=\"width:840px;height:auto\" \/><\/figure>\n\n\n\n<div style=\"height:37px\" aria-hidden=\"true\" class=\"wp-block-spacer\"><\/div>\n\n\n\n<p>Fundado em&nbsp;<strong>1\u00ba de maio de 1933<\/strong>, o Hospital de Messejana Dr. Carlos Alberto Studart Gomes \u2014 \u00e0 \u00e9poca denominado Sanat\u00f3rio de Messejana \u2014 nasceu do idealismo de tr\u00eas m\u00e9dicos:&nbsp;<strong>Jo\u00e3o Ot\u00e1vio Lobo, Lineu de Queiroz Juc\u00e1 e Pedro Augusto de Sampaio.<\/strong>&nbsp;Inicialmente, funcionava como institui\u00e7\u00e3o privada dedicada ao&nbsp;<strong>diagn\u00f3stico e ao tratamento da tuberculose<\/strong>, doen\u00e7a marcada por forte estigma social. Seu espa\u00e7o f\u00edsico contava com 20 leitos e um corpo cl\u00ednico composto por seis m\u00e9dicos, sendo cinco tisiologistas e um patologista cl\u00ednico.<\/p>\n\n\n\n<p>Em 1940, o Instituto de Previd\u00eancia do Estado do Cear\u00e1 (IPEC), ent\u00e3o presidido pelo m\u00e9dico Pl\u00e1cido Aderaldo Castelo, adquiriu o im\u00f3vel e seus principais equipamentos, transformando-o em sanat\u00f3rio p\u00fablico. Quatro anos depois, em 1944, o tisiologista Carlos Alberto Studart Gomes assumiu a dire\u00e7\u00e3o da unidade, conduzindo o Sanat\u00f3rio de Messejana do IPEC a um hospital de refer\u00eancia no Instituto Nacional de Assist\u00eancia M\u00e9dica da Previd\u00eancia Social (INAMPS).<\/p>\n\n\n\n<p>A partir de 1968, duas unidades de tisiologia foram desativadas para dar lugar a setores de interna\u00e7\u00e3o voltados ao atendimento de pacientes card\u00edacos. Em 1970, j\u00e1 estava estruturado o servi\u00e7o de cardiologia do Hospital de Messejana. Apesar das amplia\u00e7\u00f5es ao longo das d\u00e9cadas, o pr\u00e9dio preserva caracter\u00edsticas arquitet\u00f4nicas originais dos anos 1930.&nbsp;<strong>Desde 1990, integra a rede de hospitais pr\u00f3prios da Secretaria da Sa\u00fade do Estado do Cear\u00e1 (Sesa), sendo chamado de Hospital de Messejana Dr. Carlos Alberto Studart Gomes.<\/strong><\/p>\n\n\n\n<p>Entre 1944 e 1983, o hospital foi dirigido pelo m\u00e9dico tisiologista Carlos Alberto Studart Gomes, cuja gest\u00e3o \u2014 marcada pela dedica\u00e7\u00e3o e pelo compromisso com a sa\u00fade p\u00fablica \u2014 se estendeu por 39 anos e deixou legado fundamental para a hist\u00f3ria da institui\u00e7\u00e3o.<\/p>\n\n\n\n<div style=\"height:21px\" aria-hidden=\"true\" class=\"wp-block-spacer\"><\/div>\n\n\n\n<figure class=\"wp-block-image size-full\"><img loading=\"lazy\" decoding=\"async\" width=\"1200\" height=\"675\" src=\"https:\/\/ww16.ce.gov.br\/hm\/wp-content\/uploads\/sites\/25\/2026\/02\/nbsp-p-classdestacadostrongPrograma-de-Reabilitacao-PulmonarCaminhada-no-Bosquestrongp-nbsp-1200x675-1.png\" alt=\"\" class=\"wp-image-4796\" srcset=\"https:\/\/ww16.ce.gov.br\/hm\/wp-content\/uploads\/sites\/25\/2026\/02\/nbsp-p-classdestacadostrongPrograma-de-Reabilitacao-PulmonarCaminhada-no-Bosquestrongp-nbsp-1200x675-1.png 1200w, https:\/\/ww16.ce.gov.br\/hm\/wp-content\/uploads\/sites\/25\/2026\/02\/nbsp-p-classdestacadostrongPrograma-de-Reabilitacao-PulmonarCaminhada-no-Bosquestrongp-nbsp-1200x675-1-600x338.png 600w, https:\/\/ww16.ce.gov.br\/hm\/wp-content\/uploads\/sites\/25\/2026\/02\/nbsp-p-classdestacadostrongPrograma-de-Reabilitacao-PulmonarCaminhada-no-Bosquestrongp-nbsp-1200x675-1-768x432.png 768w\" sizes=\"auto, (max-width: 1200px) 100vw, 1200px\" \/><\/figure>\n\n\n\n<div class=\"wp-block-group is-layout-grid wp-container-core-group-is-layout-6be84c55 wp-block-group-is-layout-grid\">\n<div class=\"wp-block-media-text is-stacked-on-mobile\"><figure class=\"wp-block-media-text__media\"><img loading=\"lazy\" decoding=\"async\" width=\"177\" height=\"250\" src=\"https:\/\/ww16.ce.gov.br\/hm\/wp-content\/uploads\/sites\/25\/2026\/02\/Joao-Otavio-Lobo.png\" alt=\"\" class=\"wp-image-4821 size-full\" \/><\/figure><div class=\"wp-block-media-text__content\">\n<p class=\"has-small-font-size\"><strong>Jo\u00e3o Ot\u00e1vio Lobo<\/strong><br><em>Per\u00edodo<\/em><\/p>\n<\/div><\/div>\n\n\n\n<div class=\"wp-block-media-text is-stacked-on-mobile\"><figure class=\"wp-block-media-text__media\"><img loading=\"lazy\" decoding=\"async\" width=\"179\" height=\"253\" src=\"https:\/\/ww16.ce.gov.br\/hm\/wp-content\/uploads\/sites\/25\/2026\/02\/Lineu-Juca.png\" alt=\"\" class=\"wp-image-4820 size-full\" \/><\/figure><div class=\"wp-block-media-text__content\">\n<p class=\"has-small-font-size\"><strong>Lineu de Queiroz Juc\u00e1<\/strong><br><em>Per\u00edodo<\/em><\/p>\n<\/div><\/div>\n\n\n\n<div class=\"wp-block-media-text is-stacked-on-mobile\"><figure class=\"wp-block-media-text__media\"><img loading=\"lazy\" decoding=\"async\" width=\"179\" height=\"251\" src=\"https:\/\/ww16.ce.gov.br\/hm\/wp-content\/uploads\/sites\/25\/2026\/02\/Pedro-Augusto.png\" alt=\"\" class=\"wp-image-4819 size-full\" \/><\/figure><div class=\"wp-block-media-text__content\">\n<p class=\"has-small-font-size\"><strong>Pedro Augusto de Sampaio<\/strong><br><em>Per\u00edodo<\/em><\/p>\n<\/div><\/div>\n<\/div>\n\n\n\n<p><\/p>\n","protected":false},"excerpt":{"rendered":"<p>Fundado em&nbsp;1\u00ba de maio de 1933, o Hospital de Messejana Dr. Carlos Alberto Studart Gomes \u2014 \u00e0 \u00e9poca denominado Sanat\u00f3rio de Messejana \u2014 nasceu do idealismo de tr\u00eas m\u00e9dicos:&nbsp;Jo\u00e3o Ot\u00e1vio Lobo, Lineu de Queiroz Juc\u00e1 e Pedro Augusto de Sampaio.&nbsp;Inicialmente, funcionava como institui\u00e7\u00e3o privada dedicada ao&nbsp;diagn\u00f3stico e ao tratamento da tuberculose, doen\u00e7a marcada por forte [&hellip;]<\/p>\n","protected":false},"author":38,"featured_media":0,"parent":0,"menu_order":0,"comment_status":"closed","ping_status":"closed","template":"","meta":{"_acf_changed":false,"inline_featured_image":false,"footnotes":""},"class_list":["post-4791","page","type-page","status-publish","hentry"],"acf":[],"yoast_head":"<!-- This site is optimized with the Yoast SEO plugin v26.9 - https:\/\/yoast.com\/product\/yoast-seo-wordpress\/ -->\n<title>Hist\u00f3rico - Hospital de Messejana<\/title>\n<meta name=\"robots\" content=\"index, follow, max-snippet:-1, max-image-preview:large, max-video-preview:-1\" \/>\n<link rel=\"canonical\" href=\"https:\/\/ww16.ce.gov.br\/hm\/historico\/\" \/>\n<meta property=\"og:locale\" content=\"pt_BR\" \/>\n<meta property=\"og:type\" content=\"article\" \/>\n<meta property=\"og:title\" content=\"Hist\u00f3rico - Hospital de Messejana\" \/>\n<meta property=\"og:description\" content=\"Fundado em&nbsp;1\u00ba de maio de 1933, o Hospital de Messejana Dr. Carlos Alberto Studart Gomes \u2014 \u00e0 \u00e9poca denominado Sanat\u00f3rio de Messejana \u2014 nasceu do idealismo de tr\u00eas m\u00e9dicos:&nbsp;Jo\u00e3o Ot\u00e1vio Lobo, Lineu de Queiroz Juc\u00e1 e Pedro Augusto de Sampaio.&nbsp;Inicialmente, funcionava como institui\u00e7\u00e3o privada dedicada ao&nbsp;diagn\u00f3stico e ao tratamento da tuberculose, doen\u00e7a marcada por forte [&hellip;]\" \/>\n<meta property=\"og:url\" content=\"https:\/\/ww16.ce.gov.br\/hm\/historico\/\" \/>\n<meta property=\"og:site_name\" content=\"Hospital de Messejana\" \/>\n<meta property=\"article:modified_time\" content=\"2026-02-06T17:34:03+00:00\" \/>\n<meta property=\"og:image\" content=\"http:\/\/ww16.ce.gov.br\/hm\/wp-content\/uploads\/sites\/25\/2026\/02\/Fachada-antiga-1-1.jpg\" \/>\n<meta name=\"twitter:card\" content=\"summary_large_image\" \/>\n<meta name=\"twitter:label1\" content=\"Est. reading time\" \/>\n\t<meta name=\"twitter:data1\" content=\"3 minutos\" \/>\n<script type=\"application\/ld+json\" class=\"yoast-schema-graph\">{\"@context\":\"https:\/\/schema.org\",\"@graph\":[{\"@type\":\"WebPage\",\"@id\":\"https:\/\/ww16.ce.gov.br\/hm\/historico\/\",\"url\":\"https:\/\/ww16.ce.gov.br\/hm\/historico\/\",\"name\":\"Hist\u00f3rico - Hospital de Messejana\",\"isPartOf\":{\"@id\":\"https:\/\/ww16.ce.gov.br\/hm\/#website\"},\"primaryImageOfPage\":{\"@id\":\"https:\/\/ww16.ce.gov.br\/hm\/historico\/#primaryimage\"},\"image\":{\"@id\":\"https:\/\/ww16.ce.gov.br\/hm\/historico\/#primaryimage\"},\"thumbnailUrl\":\"http:\/\/ww16.ce.gov.br\/hm\/wp-content\/uploads\/sites\/25\/2026\/02\/Fachada-antiga-1-1.jpg\",\"datePublished\":\"2026-02-06T16:43:27+00:00\",\"dateModified\":\"2026-02-06T17:34:03+00:00\",\"breadcrumb\":{\"@id\":\"https:\/\/ww16.ce.gov.br\/hm\/historico\/#breadcrumb\"},\"inLanguage\":\"pt-BR\",\"potentialAction\":[{\"@type\":\"ReadAction\",\"target\":[\"https:\/\/ww16.ce.gov.br\/hm\/historico\/\"]}]},{\"@type\":\"ImageObject\",\"inLanguage\":\"pt-BR\",\"@id\":\"https:\/\/ww16.ce.gov.br\/hm\/historico\/#primaryimage\",\"url\":\"https:\/\/ww16.ce.gov.br\/hm\/wp-content\/uploads\/sites\/25\/2026\/02\/Fachada-antiga-1-1.jpg\",\"contentUrl\":\"https:\/\/ww16.ce.gov.br\/hm\/wp-content\/uploads\/sites\/25\/2026\/02\/Fachada-antiga-1-1.jpg\",\"width\":400,\"height\":250},{\"@type\":\"BreadcrumbList\",\"@id\":\"https:\/\/ww16.ce.gov.br\/hm\/historico\/#breadcrumb\",\"itemListElement\":[{\"@type\":\"ListItem\",\"position\":1,\"name\":\"In\u00edcio\",\"item\":\"https:\/\/ww16.ce.gov.br\/hm\/\"},{\"@type\":\"ListItem\",\"position\":2,\"name\":\"Hist\u00f3rico\"}]},{\"@type\":\"WebSite\",\"@id\":\"https:\/\/ww16.ce.gov.br\/hm\/#website\",\"url\":\"https:\/\/ww16.ce.gov.br\/hm\/\",\"name\":\"Hospital de Messejana\",\"description\":\"Modelo Padr\u00e3o do Estado\",\"potentialAction\":[{\"@type\":\"SearchAction\",\"target\":{\"@type\":\"EntryPoint\",\"urlTemplate\":\"https:\/\/ww16.ce.gov.br\/hm\/?s={search_term_string}\"},\"query-input\":{\"@type\":\"PropertyValueSpecification\",\"valueRequired\":true,\"valueName\":\"search_term_string\"}}],\"inLanguage\":\"pt-BR\"}]}<\/script>\n<!-- \/ Yoast SEO plugin. -->","yoast_head_json":{"title":"Hist\u00f3rico - Hospital de Messejana","robots":{"index":"index","follow":"follow","max-snippet":"max-snippet:-1","max-image-preview":"max-image-preview:large","max-video-preview":"max-video-preview:-1"},"canonical":"https:\/\/ww16.ce.gov.br\/hm\/historico\/","og_locale":"pt_BR","og_type":"article","og_title":"Hist\u00f3rico - Hospital de Messejana","og_description":"Fundado em&nbsp;1\u00ba de maio de 1933, o Hospital de Messejana Dr. Carlos Alberto Studart Gomes \u2014 \u00e0 \u00e9poca denominado Sanat\u00f3rio de Messejana \u2014 nasceu do idealismo de tr\u00eas m\u00e9dicos:&nbsp;Jo\u00e3o Ot\u00e1vio Lobo, Lineu de Queiroz Juc\u00e1 e Pedro Augusto de Sampaio.&nbsp;Inicialmente, funcionava como institui\u00e7\u00e3o privada dedicada ao&nbsp;diagn\u00f3stico e ao tratamento da tuberculose, doen\u00e7a marcada por forte [&hellip;]","og_url":"https:\/\/ww16.ce.gov.br\/hm\/historico\/","og_site_name":"Hospital de Messejana","article_modified_time":"2026-02-06T17:34:03+00:00","og_image":[{"url":"http:\/\/ww16.ce.gov.br\/hm\/wp-content\/uploads\/sites\/25\/2026\/02\/Fachada-antiga-1-1.jpg","type":"","width":"","height":""}],"twitter_card":"summary_large_image","twitter_misc":{"Est. reading time":"3 minutos"},"schema":{"@context":"https:\/\/schema.org","@graph":[{"@type":"WebPage","@id":"https:\/\/ww16.ce.gov.br\/hm\/historico\/","url":"https:\/\/ww16.ce.gov.br\/hm\/historico\/","name":"Hist\u00f3rico - Hospital de Messejana","isPartOf":{"@id":"https:\/\/ww16.ce.gov.br\/hm\/#website"},"primaryImageOfPage":{"@id":"https:\/\/ww16.ce.gov.br\/hm\/historico\/#primaryimage"},"image":{"@id":"https:\/\/ww16.ce.gov.br\/hm\/historico\/#primaryimage"},"thumbnailUrl":"http:\/\/ww16.ce.gov.br\/hm\/wp-content\/uploads\/sites\/25\/2026\/02\/Fachada-antiga-1-1.jpg","datePublished":"2026-02-06T16:43:27+00:00","dateModified":"2026-02-06T17:34:03+00:00","breadcrumb":{"@id":"https:\/\/ww16.ce.gov.br\/hm\/historico\/#breadcrumb"},"inLanguage":"pt-BR","potentialAction":[{"@type":"ReadAction","target":["https:\/\/ww16.ce.gov.br\/hm\/historico\/"]}]},{"@type":"ImageObject","inLanguage":"pt-BR","@id":"https:\/\/ww16.ce.gov.br\/hm\/historico\/#primaryimage","url":"https:\/\/ww16.ce.gov.br\/hm\/wp-content\/uploads\/sites\/25\/2026\/02\/Fachada-antiga-1-1.jpg","contentUrl":"https:\/\/ww16.ce.gov.br\/hm\/wp-content\/uploads\/sites\/25\/2026\/02\/Fachada-antiga-1-1.jpg","width":400,"height":250},{"@type":"BreadcrumbList","@id":"https:\/\/ww16.ce.gov.br\/hm\/historico\/#breadcrumb","itemListElement":[{"@type":"ListItem","position":1,"name":"In\u00edcio","item":"https:\/\/ww16.ce.gov.br\/hm\/"},{"@type":"ListItem","position":2,"name":"Hist\u00f3rico"}]},{"@type":"WebSite","@id":"https:\/\/ww16.ce.gov.br\/hm\/#website","url":"https:\/\/ww16.ce.gov.br\/hm\/","name":"Hospital de Messejana","description":"Modelo Padr\u00e3o do Estado","potentialAction":[{"@type":"SearchAction","target":{"@type":"EntryPoint","urlTemplate":"https:\/\/ww16.ce.gov.br\/hm\/?s={search_term_string}"},"query-input":{"@type":"PropertyValueSpecification","valueRequired":true,"valueName":"search_term_string"}}],"inLanguage":"pt-BR"}]}},"_links":{"self":[{"href":"https:\/\/ww16.ce.gov.br\/hm\/wp-json\/wp\/v2\/pages\/4791","targetHints":{"allow":["GET"]}}],"collection":[{"href":"https:\/\/ww16.ce.gov.br\/hm\/wp-json\/wp\/v2\/pages"}],"about":[{"href":"https:\/\/ww16.ce.gov.br\/hm\/wp-json\/wp\/v2\/types\/page"}],"author":[{"embeddable":true,"href":"https:\/\/ww16.ce.gov.br\/hm\/wp-json\/wp\/v2\/users\/38"}],"replies":[{"embeddable":true,"href":"https:\/\/ww16.ce.gov.br\/hm\/wp-json\/wp\/v2\/comments?post=4791"}],"version-history":[{"count":15,"href":"https:\/\/ww16.ce.gov.br\/hm\/wp-json\/wp\/v2\/pages\/4791\/revisions"}],"predecessor-version":[{"id":4825,"href":"https:\/\/ww16.ce.gov.br\/hm\/wp-json\/wp\/v2\/pages\/4791\/revisions\/4825"}],"wp:attachment":[{"href":"https:\/\/ww16.ce.gov.br\/hm\/wp-json\/wp\/v2\/media?parent=4791"}],"curies":[{"name":"wp","href":"https:\/\/api.w.org\/{rel}","templated":true}]}}